{"id":145325,"date":"2026-01-08T14:28:43","date_gmt":"2026-01-08T11:28:43","guid":{"rendered":"https:\/\/astrologelvan.com\/magaza\/?post_type=product&#038;p=145325"},"modified":"2026-03-16T16:29:37","modified_gmt":"2026-03-16T13:29:37","slug":"kehribar-bileklik","status":"publish","type":"product","link":"https:\/\/astrologelvan.com\/magaza\/urun\/kehribar-bileklik\/","title":{"rendered":"ERKEK KEHR\u0130BAR B\u0130LEKL\u0130K"},"content":{"rendered":"","protected":false},"excerpt":{"rendered":"<p>Kehribar bileklik, do\u011fan\u0131n zamans\u0131z enerjisini g\u00fcnl\u00fck ya\u015fama ta\u015f\u0131yan g\u00fc\u00e7l\u00fc ve do\u011fal bir aksesuard\u0131r. Yumu\u015fak ve s\u0131cak dokusuyla bilinen kehribar, bedeni ve zihni sakinle\u015ftirmeye niyet edilen ta\u015flar aras\u0131nda yer al\u0131r.<br \/>\nGeleneksel inan\u0131\u015flarda kehribar\u0131n, enerji alan\u0131n\u0131 dengelemeye ve d\u0131\u015f etkenlerden gelen negatif y\u00fckleri hafifletmeye yard\u0131mc\u0131 oldu\u011funa inan\u0131l\u0131r. G\u00fcn boyu bilekte ta\u015f\u0131nd\u0131\u011f\u0131nda huzur, denge ve korunma hissini destekleyen bir enerji alan\u0131 olu\u015fturdu\u011fu d\u00fc\u015f\u00fcn\u00fcl\u00fcr.<br \/>\nDo\u011fal yap\u0131s\u0131 ve hafifli\u011fi sayesinde konforlu bir kullan\u0131m sunan kehribar bileklik; sade, zamans\u0131z ve her stile uyum sa\u011flayan formuyla hem g\u00fcnl\u00fck kombinlerde hem de \u00f6zel anlarda rahatl\u0131kla tercih edilebilir.<br \/>\n\u2728 Do\u011fan\u0131n s\u0131cak enerjisiyle dengede kal.<\/p>\n","protected":false},"featured_media":145326,"comment_status":"open","ping_status":"closed","template":"","meta":[],"product_brand":[596],"product_cat":[349,48],"product_tag":[],"class_list":{"0":"post-145325","1":"product","2":"type-product","3":"status-publish","4":"has-post-thumbnail","6":"product_brand-astrolog-elvan","7":"product_cat-kehribar-taslari","8":"product_cat-kolyeler","10":"first","11":"outofstock","12":"taxable","13":"shipping-taxable","14":"purchasable","15":"product-type-simple"},"yoast_head":"<!-- This site is optimized with the Yoast SEO plugin v27.3 - https:\/\/yoast.com\/product\/yoast-seo-wordpress\/ -->\n<title>ERKEK KEHR\u0130BAR B\u0130LEKL\u0130K - Astrolog Elvan<\/title>\n<meta name=\"robots\" content=\"index, follow, max-snippet:-1, max-image-preview:large, max-video-preview:-1\" \/>\n<link rel=\"canonical\" href=\"https:\/\/astrologelvan.com\/magaza\/urun\/kehribar-bileklik\/\" \/>\n<meta property=\"og:locale\" content=\"tr_TR\" \/>\n<meta property=\"og:type\" content=\"article\" \/>\n<meta property=\"og:title\" content=\"ERKEK KEHR\u0130BAR B\u0130LEKL\u0130K - Astrolog Elvan\" \/>\n<meta property=\"og:description\" content=\"Kehribar bileklik, do\u011fan\u0131n zamans\u0131z enerjisini g\u00fcnl\u00fck ya\u015fama ta\u015f\u0131yan g\u00fc\u00e7l\u00fc ve do\u011fal bir aksesuard\u0131r. Yumu\u015fak ve s\u0131cak dokusuyla bilinen kehribar, bedeni ve zihni sakinle\u015ftirmeye niyet edilen ta\u015flar aras\u0131nda yer al\u0131r. Geleneksel inan\u0131\u015flarda kehribar\u0131n, enerji alan\u0131n\u0131 dengelemeye ve d\u0131\u015f etkenlerden gelen negatif y\u00fckleri hafifletmeye yard\u0131mc\u0131 oldu\u011funa inan\u0131l\u0131r. G\u00fcn boyu bilekte ta\u015f\u0131nd\u0131\u011f\u0131nda huzur, denge ve korunma hissini destekleyen bir enerji alan\u0131 olu\u015fturdu\u011fu d\u00fc\u015f\u00fcn\u00fcl\u00fcr. Do\u011fal yap\u0131s\u0131 ve hafifli\u011fi sayesinde konforlu bir kullan\u0131m sunan kehribar bileklik; sade, zamans\u0131z ve her stile uyum sa\u011flayan formuyla hem g\u00fcnl\u00fck kombinlerde hem de \u00f6zel anlarda rahatl\u0131kla tercih edilebilir. \u2728 Do\u011fan\u0131n s\u0131cak enerjisiyle dengede kal.\" \/>\n<meta property=\"og:url\" content=\"https:\/\/astrologelvan.com\/magaza\/urun\/kehribar-bileklik\/\" \/>\n<meta property=\"og:site_name\" content=\"Astrolog Elvan\" \/>\n<meta property=\"article:modified_time\" content=\"2026-03-16T13:29:37+00:00\" \/>\n<meta property=\"og:image\" content=\"https:\/\/astrologelvan.com\/magaza\/wp-content\/uploads\/2026\/01\/A7F8B0D5-DE0C-48C4-9CBF-61443AC64EEF.webp\" \/>\n\t<meta property=\"og:image:width\" content=\"1024\" \/>\n\t<meta property=\"og:image:height\" content=\"1536\" \/>\n\t<meta property=\"og:image:type\" content=\"image\/webp\" \/>\n<meta name=\"twitter:card\" content=\"summary_large_image\" \/>\n<script type=\"application\/ld+json\" class=\"yoast-schema-graph\">{\"@context\":\"https:\\\/\\\/schema.org\",\"@graph\":[{\"@type\":[\"WebPage\",\"ItemPage\"],\"@id\":\"https:\\\/\\\/astrologelvan.com\\\/magaza\\\/urun\\\/kehribar-bileklik\\\/\",\"url\":\"https:\\\/\\\/astrologelvan.com\\\/magaza\\\/urun\\\/kehribar-bileklik\\\/\",\"name\":\"ERKEK KEHR\u0130BAR B\u0130LEKL\u0130K - Astrolog Elvan\",\"isPartOf\":{\"@id\":\"https:\\\/\\\/astrologelvan.com\\\/magaza\\\/#website\"},\"primaryImageOfPage\":{\"@id\":\"https:\\\/\\\/astrologelvan.com\\\/magaza\\\/urun\\\/kehribar-bileklik\\\/#primaryimage\"},\"image\":{\"@id\":\"https:\\\/\\\/astrologelvan.com\\\/magaza\\\/urun\\\/kehribar-bileklik\\\/#primaryimage\"},\"thumbnailUrl\":\"https:\\\/\\\/astrologelvan.com\\\/magaza\\\/wp-content\\\/uploads\\\/2026\\\/01\\\/A7F8B0D5-DE0C-48C4-9CBF-61443AC64EEF.webp\",\"datePublished\":\"2026-01-08T11:28:43+00:00\",\"dateModified\":\"2026-03-16T13:29:37+00:00\",\"breadcrumb\":{\"@id\":\"https:\\\/\\\/astrologelvan.com\\\/magaza\\\/urun\\\/kehribar-bileklik\\\/#breadcrumb\"},\"inLanguage\":\"tr\",\"potentialAction\":[{\"@type\":\"ReadAction\",\"target\":[\"https:\\\/\\\/astrologelvan.com\\\/magaza\\\/urun\\\/kehribar-bileklik\\\/\"]}]},{\"@type\":\"ImageObject\",\"inLanguage\":\"tr\",\"@id\":\"https:\\\/\\\/astrologelvan.com\\\/magaza\\\/urun\\\/kehribar-bileklik\\\/#primaryimage\",\"url\":\"https:\\\/\\\/astrologelvan.com\\\/magaza\\\/wp-content\\\/uploads\\\/2026\\\/01\\\/A7F8B0D5-DE0C-48C4-9CBF-61443AC64EEF.webp\",\"contentUrl\":\"https:\\\/\\\/astrologelvan.com\\\/magaza\\\/wp-content\\\/uploads\\\/2026\\\/01\\\/A7F8B0D5-DE0C-48C4-9CBF-61443AC64EEF.webp\",\"width\":1024,\"height\":1536},{\"@type\":\"BreadcrumbList\",\"@id\":\"https:\\\/\\\/astrologelvan.com\\\/magaza\\\/urun\\\/kehribar-bileklik\\\/#breadcrumb\",\"itemListElement\":[{\"@type\":\"ListItem\",\"position\":1,\"name\":\"Anasayfa\",\"item\":\"https:\\\/\\\/astrologelvan.com\\\/magaza\\\/\"},{\"@type\":\"ListItem\",\"position\":2,\"name\":\"Ma\u011faza\",\"item\":\"https:\\\/\\\/astrologelvan.com\\\/magaza\\\/magaza\\\/\"},{\"@type\":\"ListItem\",\"position\":3,\"name\":\"ERKEK KEHR\u0130BAR B\u0130LEKL\u0130K\"}]},{\"@type\":\"WebSite\",\"@id\":\"https:\\\/\\\/astrologelvan.com\\\/magaza\\\/#website\",\"url\":\"https:\\\/\\\/astrologelvan.com\\\/magaza\\\/\",\"name\":\"Astrolog Elvan\",\"description\":\"\",\"potentialAction\":[{\"@type\":\"SearchAction\",\"target\":{\"@type\":\"EntryPoint\",\"urlTemplate\":\"https:\\\/\\\/astrologelvan.com\\\/magaza\\\/?s={search_term_string}\"},\"query-input\":{\"@type\":\"PropertyValueSpecification\",\"valueRequired\":true,\"valueName\":\"search_term_string\"}}],\"inLanguage\":\"tr\"}]}<\/script>\n<!-- \/ Yoast SEO plugin. -->","yoast_head_json":{"title":"ERKEK KEHR\u0130BAR B\u0130LEKL\u0130K - Astrolog Elvan","robots":{"index":"index","follow":"follow","max-snippet":"max-snippet:-1","max-image-preview":"max-image-preview:large","max-video-preview":"max-video-preview:-1"},"canonical":"https:\/\/astrologelvan.com\/magaza\/urun\/kehribar-bileklik\/","og_locale":"tr_TR","og_type":"article","og_title":"ERKEK KEHR\u0130BAR B\u0130LEKL\u0130K - Astrolog Elvan","og_description":"Kehribar bileklik, do\u011fan\u0131n zamans\u0131z enerjisini g\u00fcnl\u00fck ya\u015fama ta\u015f\u0131yan g\u00fc\u00e7l\u00fc ve do\u011fal bir aksesuard\u0131r. Yumu\u015fak ve s\u0131cak dokusuyla bilinen kehribar, bedeni ve zihni sakinle\u015ftirmeye niyet edilen ta\u015flar aras\u0131nda yer al\u0131r. Geleneksel inan\u0131\u015flarda kehribar\u0131n, enerji alan\u0131n\u0131 dengelemeye ve d\u0131\u015f etkenlerden gelen negatif y\u00fckleri hafifletmeye yard\u0131mc\u0131 oldu\u011funa inan\u0131l\u0131r. G\u00fcn boyu bilekte ta\u015f\u0131nd\u0131\u011f\u0131nda huzur, denge ve korunma hissini destekleyen bir enerji alan\u0131 olu\u015fturdu\u011fu d\u00fc\u015f\u00fcn\u00fcl\u00fcr. Do\u011fal yap\u0131s\u0131 ve hafifli\u011fi sayesinde konforlu bir kullan\u0131m sunan kehribar bileklik; sade, zamans\u0131z ve her stile uyum sa\u011flayan formuyla hem g\u00fcnl\u00fck kombinlerde hem de \u00f6zel anlarda rahatl\u0131kla tercih edilebilir. \u2728 Do\u011fan\u0131n s\u0131cak enerjisiyle dengede kal.","og_url":"https:\/\/astrologelvan.com\/magaza\/urun\/kehribar-bileklik\/","og_site_name":"Astrolog Elvan","article_modified_time":"2026-03-16T13:29:37+00:00","og_image":[{"width":1024,"height":1536,"url":"https:\/\/astrologelvan.com\/magaza\/wp-content\/uploads\/2026\/01\/A7F8B0D5-DE0C-48C4-9CBF-61443AC64EEF.webp","type":"image\/webp"}],"twitter_card":"summary_large_image","schema":{"@context":"https:\/\/schema.org","@graph":[{"@type":["WebPage","ItemPage"],"@id":"https:\/\/astrologelvan.com\/magaza\/urun\/kehribar-bileklik\/","url":"https:\/\/astrologelvan.com\/magaza\/urun\/kehribar-bileklik\/","name":"ERKEK KEHR\u0130BAR B\u0130LEKL\u0130K - Astrolog Elvan","isPartOf":{"@id":"https:\/\/astrologelvan.com\/magaza\/#website"},"primaryImageOfPage":{"@id":"https:\/\/astrologelvan.com\/magaza\/urun\/kehribar-bileklik\/#primaryimage"},"image":{"@id":"https:\/\/astrologelvan.com\/magaza\/urun\/kehribar-bileklik\/#primaryimage"},"thumbnailUrl":"https:\/\/astrologelvan.com\/magaza\/wp-content\/uploads\/2026\/01\/A7F8B0D5-DE0C-48C4-9CBF-61443AC64EEF.webp","datePublished":"2026-01-08T11:28:43+00:00","dateModified":"2026-03-16T13:29:37+00:00","breadcrumb":{"@id":"https:\/\/astrologelvan.com\/magaza\/urun\/kehribar-bileklik\/#breadcrumb"},"inLanguage":"tr","potentialAction":[{"@type":"ReadAction","target":["https:\/\/astrologelvan.com\/magaza\/urun\/kehribar-bileklik\/"]}]},{"@type":"ImageObject","inLanguage":"tr","@id":"https:\/\/astrologelvan.com\/magaza\/urun\/kehribar-bileklik\/#primaryimage","url":"https:\/\/astrologelvan.com\/magaza\/wp-content\/uploads\/2026\/01\/A7F8B0D5-DE0C-48C4-9CBF-61443AC64EEF.webp","contentUrl":"https:\/\/astrologelvan.com\/magaza\/wp-content\/uploads\/2026\/01\/A7F8B0D5-DE0C-48C4-9CBF-61443AC64EEF.webp","width":1024,"height":1536},{"@type":"BreadcrumbList","@id":"https:\/\/astrologelvan.com\/magaza\/urun\/kehribar-bileklik\/#breadcrumb","itemListElement":[{"@type":"ListItem","position":1,"name":"Anasayfa","item":"https:\/\/astrologelvan.com\/magaza\/"},{"@type":"ListItem","position":2,"name":"Ma\u011faza","item":"https:\/\/astrologelvan.com\/magaza\/magaza\/"},{"@type":"ListItem","position":3,"name":"ERKEK KEHR\u0130BAR B\u0130LEKL\u0130K"}]},{"@type":"WebSite","@id":"https:\/\/astrologelvan.com\/magaza\/#website","url":"https:\/\/astrologelvan.com\/magaza\/","name":"Astrolog Elvan","description":"","potentialAction":[{"@type":"SearchAction","target":{"@type":"EntryPoint","urlTemplate":"https:\/\/astrologelvan.com\/magaza\/?s={search_term_string}"},"query-input":{"@type":"PropertyValueSpecification","valueRequired":true,"valueName":"search_term_string"}}],"inLanguage":"tr"}]}},"_links":{"self":[{"href":"https:\/\/astrologelvan.com\/magaza\/wp-json\/wp\/v2\/product\/145325","targetHints":{"allow":["GET"]}}],"collection":[{"href":"https:\/\/astrologelvan.com\/magaza\/wp-json\/wp\/v2\/product"}],"about":[{"href":"https:\/\/astrologelvan.com\/magaza\/wp-json\/wp\/v2\/types\/product"}],"replies":[{"embeddable":true,"href":"https:\/\/astrologelvan.com\/magaza\/wp-json\/wp\/v2\/comments?post=145325"}],"wp:featuredmedia":[{"embeddable":true,"href":"https:\/\/astrologelvan.com\/magaza\/wp-json\/wp\/v2\/media\/145326"}],"wp:attachment":[{"href":"https:\/\/astrologelvan.com\/magaza\/wp-json\/wp\/v2\/media?parent=145325"}],"wp:term":[{"taxonomy":"product_brand","embeddable":true,"href":"https:\/\/astrologelvan.com\/magaza\/wp-json\/wp\/v2\/product_brand?post=145325"},{"taxonomy":"product_cat","embeddable":true,"href":"https:\/\/astrologelvan.com\/magaza\/wp-json\/wp\/v2\/product_cat?post=145325"},{"taxonomy":"product_tag","embeddable":true,"href":"https:\/\/astrologelvan.com\/magaza\/wp-json\/wp\/v2\/product_tag?post=145325"}],"curies":[{"name":"wp","href":"https:\/\/api.w.org\/{rel}","templated":true}]}}