{"id":145318,"date":"2026-01-08T14:19:24","date_gmt":"2026-01-08T11:19:24","guid":{"rendered":"https:\/\/astrologelvan.com\/magaza\/?post_type=product&#038;p=145318"},"modified":"2026-04-06T12:27:22","modified_gmt":"2026-04-06T09:27:22","slug":"artemis-kolye-925-ayar-gumus-uzeri-altin-kaplama","status":"publish","type":"product","link":"https:\/\/astrologelvan.com\/magaza\/urun\/artemis-kolye-925-ayar-gumus-uzeri-altin-kaplama\/","title":{"rendered":"Artemis Kolye | 925 AYAR G\u00dcM\u00dc\u015e \u00dcZER\u0130 ALTIN KAPLAMA"},"content":{"rendered":"","protected":false},"excerpt":{"rendered":"<div>Artemis, Ay\u2019\u0131n kadim enerjisini temsil eder.<\/div>\n<div>Bu kolye; di\u015filik, do\u011furganl\u0131k, \u00fcretim ve verimlilik hislerini ta\u015f\u0131yan \u00f6zel bir frekansa sahiptir.<\/div>\n<div><\/div>\n<div>Ay enerjisiyle uyumlanan Artemis Kolye, \u00f6zellikle dolunay d\u00f6nemlerinde tak\u0131ld\u0131\u011f\u0131nda duygudurumun dengelenmesine yard\u0131mc\u0131 olur. Ay d\u00f6ng\u00fcleriyle birlikte \u00e7al\u0131\u015fan bu \u00f6zel sembol, i\u00e7sel ritmini hat\u0131rlamana destek olur.<\/div>\n<div><\/div>\n<div>Kad\u0131nlar\u0131n sa\u011fl\u0131k ve hormonal periyotlar\u0131nda, daha sakin, dengeli ve fark\u0131nda bir ruh hali sa\u011flamay\u0131 ama\u00e7lar.<\/div>\n<div>Duygular\u0131n y\u00fckseldi\u011fi zamanlarda merkezde kalmana, sezgilerinle daha g\u00fc\u00e7l\u00fc ba\u011f kurmana e\u015flik eder.<\/div>\n<div><\/div>\n<div><strong>\u00dcr\u00fcn \u00d6zellikleri<\/strong><\/div>\n<div>925 Ayar G\u00fcm\u00fc\u015f \u00dczeri Alt\u0131n Kaplama<\/div>\n<div>Zincir Uzunlu\u011fu :40 cm<\/div>\n<div>\u00dcr\u00fcn A\u011f\u0131rl\u0131\u011f\u0131 :1.97gr<\/div>\n<div><\/div>\n<div><span style=\"color: #ed1c24\">Bu \u00fcr\u00fcn el yap\u0131m\u0131d\u0131r ve \u00f6n sat\u0131\u015f kapsam\u0131ndad\u0131r. At\u00f6lye s\u00fcreci yakla\u015f\u0131k 10\u201315 i\u015f g\u00fcn\u00fcd\u00fcr.<\/span><\/div>\n","protected":false},"featured_media":145319,"comment_status":"open","ping_status":"closed","template":"","meta":[],"product_brand":[596],"product_cat":[48],"product_tag":[],"class_list":{"0":"post-145318","1":"product","2":"type-product","3":"status-publish","4":"has-post-thumbnail","6":"product_brand-astrolog-elvan","7":"product_cat-kolyeler","9":"first","10":"instock","11":"purchasable","12":"product-type-simple"},"yoast_head":"<!-- This site is optimized with the Yoast SEO plugin v27.3 - https:\/\/yoast.com\/product\/yoast-seo-wordpress\/ -->\n<title>Artemis Kolye | 925 AYAR G\u00dcM\u00dc\u015e \u00dcZER\u0130 ALTIN KAPLAMA - Astrolog Elvan<\/title>\n<meta name=\"robots\" content=\"index, follow, max-snippet:-1, max-image-preview:large, max-video-preview:-1\" \/>\n<link rel=\"canonical\" href=\"https:\/\/astrologelvan.com\/magaza\/urun\/artemis-kolye-925-ayar-gumus-uzeri-altin-kaplama\/\" \/>\n<meta property=\"og:locale\" content=\"tr_TR\" \/>\n<meta property=\"og:type\" content=\"article\" \/>\n<meta property=\"og:title\" content=\"Artemis Kolye | 925 AYAR G\u00dcM\u00dc\u015e \u00dcZER\u0130 ALTIN KAPLAMA - Astrolog Elvan\" \/>\n<meta property=\"og:description\" content=\"Artemis, Ay\u2019\u0131n kadim enerjisini temsil eder. Bu kolye; di\u015filik, do\u011furganl\u0131k, \u00fcretim ve verimlilik hislerini ta\u015f\u0131yan \u00f6zel bir frekansa sahiptir.  Ay enerjisiyle uyumlanan Artemis Kolye, \u00f6zellikle dolunay d\u00f6nemlerinde tak\u0131ld\u0131\u011f\u0131nda duygudurumun dengelenmesine yard\u0131mc\u0131 olur. Ay d\u00f6ng\u00fcleriyle birlikte \u00e7al\u0131\u015fan bu \u00f6zel sembol, i\u00e7sel ritmini hat\u0131rlamana destek olur.  Kad\u0131nlar\u0131n sa\u011fl\u0131k ve hormonal periyotlar\u0131nda, daha sakin, dengeli ve fark\u0131nda bir ruh hali sa\u011flamay\u0131 ama\u00e7lar. Duygular\u0131n y\u00fckseldi\u011fi zamanlarda merkezde kalmana, sezgilerinle daha g\u00fc\u00e7l\u00fc ba\u011f kurmana e\u015flik eder.  \u00dcr\u00fcn \u00d6zellikleri 925 Ayar G\u00fcm\u00fc\u015f \u00dczeri Alt\u0131n Kaplama Zincir Uzunlu\u011fu :40 cm \u00dcr\u00fcn A\u011f\u0131rl\u0131\u011f\u0131 :1.97gr  Bu \u00fcr\u00fcn el yap\u0131m\u0131d\u0131r ve \u00f6n sat\u0131\u015f kapsam\u0131ndad\u0131r. At\u00f6lye s\u00fcreci yakla\u015f\u0131k 10\u201315 i\u015f g\u00fcn\u00fcd\u00fcr.\" \/>\n<meta property=\"og:url\" content=\"https:\/\/astrologelvan.com\/magaza\/urun\/artemis-kolye-925-ayar-gumus-uzeri-altin-kaplama\/\" \/>\n<meta property=\"og:site_name\" content=\"Astrolog Elvan\" \/>\n<meta property=\"article:modified_time\" content=\"2026-04-06T09:27:22+00:00\" \/>\n<meta property=\"og:image\" content=\"https:\/\/astrologelvan.com\/magaza\/wp-content\/uploads\/2026\/01\/F4E01D1F-87D3-4FC8-840D-2F50CB458E0E.webp\" \/>\n\t<meta property=\"og:image:width\" content=\"1024\" \/>\n\t<meta property=\"og:image:height\" content=\"1536\" \/>\n\t<meta property=\"og:image:type\" content=\"image\/webp\" \/>\n<meta name=\"twitter:card\" content=\"summary_large_image\" \/>\n<meta name=\"twitter:label1\" content=\"Tahmini okuma s\u00fcresi\" \/>\n\t<meta name=\"twitter:data1\" content=\"1 dakika\" \/>\n<script type=\"application\/ld+json\" class=\"yoast-schema-graph\">{\"@context\":\"https:\\\/\\\/schema.org\",\"@graph\":[{\"@type\":[\"WebPage\",\"ItemPage\"],\"@id\":\"https:\\\/\\\/astrologelvan.com\\\/magaza\\\/urun\\\/artemis-kolye-925-ayar-gumus-uzeri-altin-kaplama\\\/\",\"url\":\"https:\\\/\\\/astrologelvan.com\\\/magaza\\\/urun\\\/artemis-kolye-925-ayar-gumus-uzeri-altin-kaplama\\\/\",\"name\":\"Artemis Kolye | 925 AYAR G\u00dcM\u00dc\u015e \u00dcZER\u0130 ALTIN KAPLAMA - Astrolog Elvan\",\"isPartOf\":{\"@id\":\"https:\\\/\\\/astrologelvan.com\\\/magaza\\\/#website\"},\"primaryImageOfPage\":{\"@id\":\"https:\\\/\\\/astrologelvan.com\\\/magaza\\\/urun\\\/artemis-kolye-925-ayar-gumus-uzeri-altin-kaplama\\\/#primaryimage\"},\"image\":{\"@id\":\"https:\\\/\\\/astrologelvan.com\\\/magaza\\\/urun\\\/artemis-kolye-925-ayar-gumus-uzeri-altin-kaplama\\\/#primaryimage\"},\"thumbnailUrl\":\"https:\\\/\\\/astrologelvan.com\\\/magaza\\\/wp-content\\\/uploads\\\/2026\\\/01\\\/F4E01D1F-87D3-4FC8-840D-2F50CB458E0E.webp\",\"datePublished\":\"2026-01-08T11:19:24+00:00\",\"dateModified\":\"2026-04-06T09:27:22+00:00\",\"breadcrumb\":{\"@id\":\"https:\\\/\\\/astrologelvan.com\\\/magaza\\\/urun\\\/artemis-kolye-925-ayar-gumus-uzeri-altin-kaplama\\\/#breadcrumb\"},\"inLanguage\":\"tr\",\"potentialAction\":[{\"@type\":\"ReadAction\",\"target\":[\"https:\\\/\\\/astrologelvan.com\\\/magaza\\\/urun\\\/artemis-kolye-925-ayar-gumus-uzeri-altin-kaplama\\\/\"]}]},{\"@type\":\"ImageObject\",\"inLanguage\":\"tr\",\"@id\":\"https:\\\/\\\/astrologelvan.com\\\/magaza\\\/urun\\\/artemis-kolye-925-ayar-gumus-uzeri-altin-kaplama\\\/#primaryimage\",\"url\":\"https:\\\/\\\/astrologelvan.com\\\/magaza\\\/wp-content\\\/uploads\\\/2026\\\/01\\\/F4E01D1F-87D3-4FC8-840D-2F50CB458E0E.webp\",\"contentUrl\":\"https:\\\/\\\/astrologelvan.com\\\/magaza\\\/wp-content\\\/uploads\\\/2026\\\/01\\\/F4E01D1F-87D3-4FC8-840D-2F50CB458E0E.webp\",\"width\":1024,\"height\":1536},{\"@type\":\"BreadcrumbList\",\"@id\":\"https:\\\/\\\/astrologelvan.com\\\/magaza\\\/urun\\\/artemis-kolye-925-ayar-gumus-uzeri-altin-kaplama\\\/#breadcrumb\",\"itemListElement\":[{\"@type\":\"ListItem\",\"position\":1,\"name\":\"Anasayfa\",\"item\":\"https:\\\/\\\/astrologelvan.com\\\/magaza\\\/\"},{\"@type\":\"ListItem\",\"position\":2,\"name\":\"Ma\u011faza\",\"item\":\"https:\\\/\\\/astrologelvan.com\\\/magaza\\\/magaza\\\/\"},{\"@type\":\"ListItem\",\"position\":3,\"name\":\"Artemis Kolye | 925 AYAR G\u00dcM\u00dc\u015e \u00dcZER\u0130 ALTIN KAPLAMA\"}]},{\"@type\":\"WebSite\",\"@id\":\"https:\\\/\\\/astrologelvan.com\\\/magaza\\\/#website\",\"url\":\"https:\\\/\\\/astrologelvan.com\\\/magaza\\\/\",\"name\":\"Astrolog Elvan\",\"description\":\"\",\"potentialAction\":[{\"@type\":\"SearchAction\",\"target\":{\"@type\":\"EntryPoint\",\"urlTemplate\":\"https:\\\/\\\/astrologelvan.com\\\/magaza\\\/?s={search_term_string}\"},\"query-input\":{\"@type\":\"PropertyValueSpecification\",\"valueRequired\":true,\"valueName\":\"search_term_string\"}}],\"inLanguage\":\"tr\"}]}<\/script>\n<!-- \/ Yoast SEO plugin. -->","yoast_head_json":{"title":"Artemis Kolye | 925 AYAR G\u00dcM\u00dc\u015e \u00dcZER\u0130 ALTIN KAPLAMA - Astrolog Elvan","robots":{"index":"index","follow":"follow","max-snippet":"max-snippet:-1","max-image-preview":"max-image-preview:large","max-video-preview":"max-video-preview:-1"},"canonical":"https:\/\/astrologelvan.com\/magaza\/urun\/artemis-kolye-925-ayar-gumus-uzeri-altin-kaplama\/","og_locale":"tr_TR","og_type":"article","og_title":"Artemis Kolye | 925 AYAR G\u00dcM\u00dc\u015e \u00dcZER\u0130 ALTIN KAPLAMA - Astrolog Elvan","og_description":"Artemis, Ay\u2019\u0131n kadim enerjisini temsil eder. Bu kolye; di\u015filik, do\u011furganl\u0131k, \u00fcretim ve verimlilik hislerini ta\u015f\u0131yan \u00f6zel bir frekansa sahiptir.  Ay enerjisiyle uyumlanan Artemis Kolye, \u00f6zellikle dolunay d\u00f6nemlerinde tak\u0131ld\u0131\u011f\u0131nda duygudurumun dengelenmesine yard\u0131mc\u0131 olur. Ay d\u00f6ng\u00fcleriyle birlikte \u00e7al\u0131\u015fan bu \u00f6zel sembol, i\u00e7sel ritmini hat\u0131rlamana destek olur.  Kad\u0131nlar\u0131n sa\u011fl\u0131k ve hormonal periyotlar\u0131nda, daha sakin, dengeli ve fark\u0131nda bir ruh hali sa\u011flamay\u0131 ama\u00e7lar. Duygular\u0131n y\u00fckseldi\u011fi zamanlarda merkezde kalmana, sezgilerinle daha g\u00fc\u00e7l\u00fc ba\u011f kurmana e\u015flik eder.  \u00dcr\u00fcn \u00d6zellikleri 925 Ayar G\u00fcm\u00fc\u015f \u00dczeri Alt\u0131n Kaplama Zincir Uzunlu\u011fu :40 cm \u00dcr\u00fcn A\u011f\u0131rl\u0131\u011f\u0131 :1.97gr  Bu \u00fcr\u00fcn el yap\u0131m\u0131d\u0131r ve \u00f6n sat\u0131\u015f kapsam\u0131ndad\u0131r. At\u00f6lye s\u00fcreci yakla\u015f\u0131k 10\u201315 i\u015f g\u00fcn\u00fcd\u00fcr.","og_url":"https:\/\/astrologelvan.com\/magaza\/urun\/artemis-kolye-925-ayar-gumus-uzeri-altin-kaplama\/","og_site_name":"Astrolog Elvan","article_modified_time":"2026-04-06T09:27:22+00:00","og_image":[{"width":1024,"height":1536,"url":"https:\/\/astrologelvan.com\/magaza\/wp-content\/uploads\/2026\/01\/F4E01D1F-87D3-4FC8-840D-2F50CB458E0E.webp","type":"image\/webp"}],"twitter_card":"summary_large_image","twitter_misc":{"Tahmini okuma s\u00fcresi":"1 dakika"},"schema":{"@context":"https:\/\/schema.org","@graph":[{"@type":["WebPage","ItemPage"],"@id":"https:\/\/astrologelvan.com\/magaza\/urun\/artemis-kolye-925-ayar-gumus-uzeri-altin-kaplama\/","url":"https:\/\/astrologelvan.com\/magaza\/urun\/artemis-kolye-925-ayar-gumus-uzeri-altin-kaplama\/","name":"Artemis Kolye | 925 AYAR G\u00dcM\u00dc\u015e \u00dcZER\u0130 ALTIN KAPLAMA - Astrolog Elvan","isPartOf":{"@id":"https:\/\/astrologelvan.com\/magaza\/#website"},"primaryImageOfPage":{"@id":"https:\/\/astrologelvan.com\/magaza\/urun\/artemis-kolye-925-ayar-gumus-uzeri-altin-kaplama\/#primaryimage"},"image":{"@id":"https:\/\/astrologelvan.com\/magaza\/urun\/artemis-kolye-925-ayar-gumus-uzeri-altin-kaplama\/#primaryimage"},"thumbnailUrl":"https:\/\/astrologelvan.com\/magaza\/wp-content\/uploads\/2026\/01\/F4E01D1F-87D3-4FC8-840D-2F50CB458E0E.webp","datePublished":"2026-01-08T11:19:24+00:00","dateModified":"2026-04-06T09:27:22+00:00","breadcrumb":{"@id":"https:\/\/astrologelvan.com\/magaza\/urun\/artemis-kolye-925-ayar-gumus-uzeri-altin-kaplama\/#breadcrumb"},"inLanguage":"tr","potentialAction":[{"@type":"ReadAction","target":["https:\/\/astrologelvan.com\/magaza\/urun\/artemis-kolye-925-ayar-gumus-uzeri-altin-kaplama\/"]}]},{"@type":"ImageObject","inLanguage":"tr","@id":"https:\/\/astrologelvan.com\/magaza\/urun\/artemis-kolye-925-ayar-gumus-uzeri-altin-kaplama\/#primaryimage","url":"https:\/\/astrologelvan.com\/magaza\/wp-content\/uploads\/2026\/01\/F4E01D1F-87D3-4FC8-840D-2F50CB458E0E.webp","contentUrl":"https:\/\/astrologelvan.com\/magaza\/wp-content\/uploads\/2026\/01\/F4E01D1F-87D3-4FC8-840D-2F50CB458E0E.webp","width":1024,"height":1536},{"@type":"BreadcrumbList","@id":"https:\/\/astrologelvan.com\/magaza\/urun\/artemis-kolye-925-ayar-gumus-uzeri-altin-kaplama\/#breadcrumb","itemListElement":[{"@type":"ListItem","position":1,"name":"Anasayfa","item":"https:\/\/astrologelvan.com\/magaza\/"},{"@type":"ListItem","position":2,"name":"Ma\u011faza","item":"https:\/\/astrologelvan.com\/magaza\/magaza\/"},{"@type":"ListItem","position":3,"name":"Artemis Kolye | 925 AYAR G\u00dcM\u00dc\u015e \u00dcZER\u0130 ALTIN KAPLAMA"}]},{"@type":"WebSite","@id":"https:\/\/astrologelvan.com\/magaza\/#website","url":"https:\/\/astrologelvan.com\/magaza\/","name":"Astrolog Elvan","description":"","potentialAction":[{"@type":"SearchAction","target":{"@type":"EntryPoint","urlTemplate":"https:\/\/astrologelvan.com\/magaza\/?s={search_term_string}"},"query-input":{"@type":"PropertyValueSpecification","valueRequired":true,"valueName":"search_term_string"}}],"inLanguage":"tr"}]}},"_links":{"self":[{"href":"https:\/\/astrologelvan.com\/magaza\/wp-json\/wp\/v2\/product\/145318","targetHints":{"allow":["GET"]}}],"collection":[{"href":"https:\/\/astrologelvan.com\/magaza\/wp-json\/wp\/v2\/product"}],"about":[{"href":"https:\/\/astrologelvan.com\/magaza\/wp-json\/wp\/v2\/types\/product"}],"replies":[{"embeddable":true,"href":"https:\/\/astrologelvan.com\/magaza\/wp-json\/wp\/v2\/comments?post=145318"}],"wp:featuredmedia":[{"embeddable":true,"href":"https:\/\/astrologelvan.com\/magaza\/wp-json\/wp\/v2\/media\/145319"}],"wp:attachment":[{"href":"https:\/\/astrologelvan.com\/magaza\/wp-json\/wp\/v2\/media?parent=145318"}],"wp:term":[{"taxonomy":"product_brand","embeddable":true,"href":"https:\/\/astrologelvan.com\/magaza\/wp-json\/wp\/v2\/product_brand?post=145318"},{"taxonomy":"product_cat","embeddable":true,"href":"https:\/\/astrologelvan.com\/magaza\/wp-json\/wp\/v2\/product_cat?post=145318"},{"taxonomy":"product_tag","embeddable":true,"href":"https:\/\/astrologelvan.com\/magaza\/wp-json\/wp\/v2\/product_tag?post=145318"}],"curies":[{"name":"wp","href":"https:\/\/api.w.org\/{rel}","templated":true}]}}