{"id":145316,"date":"2026-01-08T14:17:11","date_gmt":"2026-01-08T11:17:11","guid":{"rendered":"https:\/\/astrologelvan.com\/magaza\/?post_type=product&#038;p=145316"},"modified":"2026-03-19T23:41:27","modified_gmt":"2026-03-19T20:41:27","slug":"baby-nefertiti-kolye-925-ayar-gumus-uzeri-altin-kaplama","status":"publish","type":"product","link":"https:\/\/astrologelvan.com\/magaza\/urun\/baby-nefertiti-kolye-925-ayar-gumus-uzeri-altin-kaplama\/","title":{"rendered":"BABY NEFERT\u0130T\u0130 KOLYE | 925 AYAR G\u00dcM\u00dc\u015e \u00dcZER\u0130 ALTIN KAPLAMA"},"content":{"rendered":"","protected":false},"excerpt":{"rendered":"<div>En \u00e7ok satanlar aras\u0131ndaki Nefertiti Kolye yeni, minimal versiyonu art\u0131k sizlerle.<\/div>\n<div>G\u00fczelli\u011fiyle krali\u00e7eleri bile b\u00fcy\u00fcleyen Nefertiti; ayn\u0131 zamanda cesur, zeki ve vizyoner bir liderdi. M\u0131s\u0131r tarihinin en reformcu krali\u00e7esi olarak an\u0131l\u0131r ve d\u00f6neminde firavunla e\u015fit g\u00fcce sahip oldu\u011funa inan\u0131l\u0131r. Antik M\u0131s\u0131r\u2019da bir kad\u0131n\u0131n ula\u015ft\u0131\u011f\u0131 bu g\u00fc\u00e7, benzeri g\u00f6r\u00fclmemi\u015fti.<\/div>\n<div>G\u00f6rd\u00fc\u011f\u00fcn bu kolye, Berlin Neues M\u00fczesi\u2019nde sergilenen ikonik Nefertiti b\u00fcst\u00fcnden birebir ilham al\u0131narak tasarland\u0131.<\/div>\n<div>Bu tasar\u0131m; Nefertiti\u2019nin zarafetini, g\u00fcc\u00fcn\u00fc ve di\u015fil liderli\u011fini \u00fczerinde ta\u015f\u0131mak isteyen g\u00fczel, cesur ve zeki kad\u0131nlara adanm\u0131\u015ft\u0131r.<\/div>\n<div><\/div>\n<div><strong>\u00dcr\u00fcn \u00d6zellikleri<\/strong><\/div>\n<div>Materyal: 925 Ayar G\u00fcm\u00fc\u015f Alt\u0131n Kaplama<\/div>\n<div>Zincir Uzunlu\u011fu :45 cm<\/div>\n<div>\u00dcr\u00fcn A\u011f\u0131rl\u0131\u011f\u0131 :3.77 gr<\/div>\n<div><\/div>\n<div><span style=\"color: #ed1c24;\">Bu \u00fcr\u00fcn el yap\u0131m\u0131d\u0131r ve \u00f6n sat\u0131\u015f kapsam\u0131ndad\u0131r. At\u00f6lye s\u00fcreci yakla\u015f\u0131k 10\u201315 i\u015f g\u00fcn\u00fcd\u00fcr.<\/span><\/div>\n","protected":false},"featured_media":145317,"comment_status":"open","ping_status":"closed","template":"","meta":[],"product_brand":[596],"product_cat":[48,559],"product_tag":[],"class_list":{"0":"post-145316","1":"product","2":"type-product","3":"status-publish","4":"has-post-thumbnail","6":"product_brand-astrolog-elvan","7":"product_cat-kolyeler","8":"product_cat-nefertiti-serisi","10":"first","11":"instock","12":"purchasable","13":"product-type-simple"},"yoast_head":"<!-- This site is optimized with the Yoast SEO plugin v27.3 - https:\/\/yoast.com\/product\/yoast-seo-wordpress\/ -->\n<title>BABY NEFERT\u0130T\u0130 KOLYE | 925 AYAR G\u00dcM\u00dc\u015e \u00dcZER\u0130 ALTIN KAPLAMA - Astrolog Elvan<\/title>\n<meta name=\"robots\" content=\"index, follow, max-snippet:-1, max-image-preview:large, max-video-preview:-1\" \/>\n<link rel=\"canonical\" href=\"https:\/\/astrologelvan.com\/magaza\/urun\/baby-nefertiti-kolye-925-ayar-gumus-uzeri-altin-kaplama\/\" \/>\n<meta property=\"og:locale\" content=\"tr_TR\" \/>\n<meta property=\"og:type\" content=\"article\" \/>\n<meta property=\"og:title\" content=\"BABY NEFERT\u0130T\u0130 KOLYE | 925 AYAR G\u00dcM\u00dc\u015e \u00dcZER\u0130 ALTIN KAPLAMA - Astrolog Elvan\" \/>\n<meta property=\"og:description\" content=\"En \u00e7ok satanlar aras\u0131ndaki Nefertiti Kolye yeni, minimal versiyonu art\u0131k sizlerle. G\u00fczelli\u011fiyle krali\u00e7eleri bile b\u00fcy\u00fcleyen Nefertiti; ayn\u0131 zamanda cesur, zeki ve vizyoner bir liderdi. M\u0131s\u0131r tarihinin en reformcu krali\u00e7esi olarak an\u0131l\u0131r ve d\u00f6neminde firavunla e\u015fit g\u00fcce sahip oldu\u011funa inan\u0131l\u0131r. Antik M\u0131s\u0131r\u2019da bir kad\u0131n\u0131n ula\u015ft\u0131\u011f\u0131 bu g\u00fc\u00e7, benzeri g\u00f6r\u00fclmemi\u015fti. G\u00f6rd\u00fc\u011f\u00fcn bu kolye, Berlin Neues M\u00fczesi\u2019nde sergilenen ikonik Nefertiti b\u00fcst\u00fcnden birebir ilham al\u0131narak tasarland\u0131. Bu tasar\u0131m; Nefertiti\u2019nin zarafetini, g\u00fcc\u00fcn\u00fc ve di\u015fil liderli\u011fini \u00fczerinde ta\u015f\u0131mak isteyen g\u00fczel, cesur ve zeki kad\u0131nlara adanm\u0131\u015ft\u0131r.  \u00dcr\u00fcn \u00d6zellikleri Materyal: 925 Ayar G\u00fcm\u00fc\u015f Alt\u0131n Kaplama Zincir Uzunlu\u011fu :45 cm \u00dcr\u00fcn A\u011f\u0131rl\u0131\u011f\u0131 :3.77 gr  Bu \u00fcr\u00fcn el yap\u0131m\u0131d\u0131r ve \u00f6n sat\u0131\u015f kapsam\u0131ndad\u0131r. At\u00f6lye s\u00fcreci yakla\u015f\u0131k 10\u201315 i\u015f g\u00fcn\u00fcd\u00fcr.\" \/>\n<meta property=\"og:url\" content=\"https:\/\/astrologelvan.com\/magaza\/urun\/baby-nefertiti-kolye-925-ayar-gumus-uzeri-altin-kaplama\/\" \/>\n<meta property=\"og:site_name\" content=\"Astrolog Elvan\" \/>\n<meta property=\"article:modified_time\" content=\"2026-03-19T20:41:27+00:00\" \/>\n<meta property=\"og:image\" content=\"https:\/\/astrologelvan.com\/magaza\/wp-content\/uploads\/2026\/01\/7628455E-7AB9-4E50-B902-95731CB812D7.webp\" \/>\n\t<meta property=\"og:image:width\" content=\"1024\" \/>\n\t<meta property=\"og:image:height\" content=\"1536\" \/>\n\t<meta property=\"og:image:type\" content=\"image\/webp\" \/>\n<meta name=\"twitter:card\" content=\"summary_large_image\" \/>\n<meta name=\"twitter:label1\" content=\"Tahmini okuma s\u00fcresi\" \/>\n\t<meta name=\"twitter:data1\" content=\"1 dakika\" \/>\n<script type=\"application\/ld+json\" class=\"yoast-schema-graph\">{\"@context\":\"https:\\\/\\\/schema.org\",\"@graph\":[{\"@type\":[\"WebPage\",\"ItemPage\"],\"@id\":\"https:\\\/\\\/astrologelvan.com\\\/magaza\\\/urun\\\/baby-nefertiti-kolye-925-ayar-gumus-uzeri-altin-kaplama\\\/\",\"url\":\"https:\\\/\\\/astrologelvan.com\\\/magaza\\\/urun\\\/baby-nefertiti-kolye-925-ayar-gumus-uzeri-altin-kaplama\\\/\",\"name\":\"BABY NEFERT\u0130T\u0130 KOLYE | 925 AYAR G\u00dcM\u00dc\u015e \u00dcZER\u0130 ALTIN KAPLAMA - Astrolog Elvan\",\"isPartOf\":{\"@id\":\"https:\\\/\\\/astrologelvan.com\\\/magaza\\\/#website\"},\"primaryImageOfPage\":{\"@id\":\"https:\\\/\\\/astrologelvan.com\\\/magaza\\\/urun\\\/baby-nefertiti-kolye-925-ayar-gumus-uzeri-altin-kaplama\\\/#primaryimage\"},\"image\":{\"@id\":\"https:\\\/\\\/astrologelvan.com\\\/magaza\\\/urun\\\/baby-nefertiti-kolye-925-ayar-gumus-uzeri-altin-kaplama\\\/#primaryimage\"},\"thumbnailUrl\":\"https:\\\/\\\/astrologelvan.com\\\/magaza\\\/wp-content\\\/uploads\\\/2026\\\/01\\\/7628455E-7AB9-4E50-B902-95731CB812D7.webp\",\"datePublished\":\"2026-01-08T11:17:11+00:00\",\"dateModified\":\"2026-03-19T20:41:27+00:00\",\"breadcrumb\":{\"@id\":\"https:\\\/\\\/astrologelvan.com\\\/magaza\\\/urun\\\/baby-nefertiti-kolye-925-ayar-gumus-uzeri-altin-kaplama\\\/#breadcrumb\"},\"inLanguage\":\"tr\",\"potentialAction\":[{\"@type\":\"ReadAction\",\"target\":[\"https:\\\/\\\/astrologelvan.com\\\/magaza\\\/urun\\\/baby-nefertiti-kolye-925-ayar-gumus-uzeri-altin-kaplama\\\/\"]}]},{\"@type\":\"ImageObject\",\"inLanguage\":\"tr\",\"@id\":\"https:\\\/\\\/astrologelvan.com\\\/magaza\\\/urun\\\/baby-nefertiti-kolye-925-ayar-gumus-uzeri-altin-kaplama\\\/#primaryimage\",\"url\":\"https:\\\/\\\/astrologelvan.com\\\/magaza\\\/wp-content\\\/uploads\\\/2026\\\/01\\\/7628455E-7AB9-4E50-B902-95731CB812D7.webp\",\"contentUrl\":\"https:\\\/\\\/astrologelvan.com\\\/magaza\\\/wp-content\\\/uploads\\\/2026\\\/01\\\/7628455E-7AB9-4E50-B902-95731CB812D7.webp\",\"width\":1024,\"height\":1536},{\"@type\":\"BreadcrumbList\",\"@id\":\"https:\\\/\\\/astrologelvan.com\\\/magaza\\\/urun\\\/baby-nefertiti-kolye-925-ayar-gumus-uzeri-altin-kaplama\\\/#breadcrumb\",\"itemListElement\":[{\"@type\":\"ListItem\",\"position\":1,\"name\":\"Anasayfa\",\"item\":\"https:\\\/\\\/astrologelvan.com\\\/magaza\\\/\"},{\"@type\":\"ListItem\",\"position\":2,\"name\":\"Ma\u011faza\",\"item\":\"https:\\\/\\\/astrologelvan.com\\\/magaza\\\/magaza\\\/\"},{\"@type\":\"ListItem\",\"position\":3,\"name\":\"BABY NEFERT\u0130T\u0130 KOLYE | 925 AYAR G\u00dcM\u00dc\u015e \u00dcZER\u0130 ALTIN KAPLAMA\"}]},{\"@type\":\"WebSite\",\"@id\":\"https:\\\/\\\/astrologelvan.com\\\/magaza\\\/#website\",\"url\":\"https:\\\/\\\/astrologelvan.com\\\/magaza\\\/\",\"name\":\"Astrolog Elvan\",\"description\":\"\",\"potentialAction\":[{\"@type\":\"SearchAction\",\"target\":{\"@type\":\"EntryPoint\",\"urlTemplate\":\"https:\\\/\\\/astrologelvan.com\\\/magaza\\\/?s={search_term_string}\"},\"query-input\":{\"@type\":\"PropertyValueSpecification\",\"valueRequired\":true,\"valueName\":\"search_term_string\"}}],\"inLanguage\":\"tr\"}]}<\/script>\n<!-- \/ Yoast SEO plugin. -->","yoast_head_json":{"title":"BABY NEFERT\u0130T\u0130 KOLYE | 925 AYAR G\u00dcM\u00dc\u015e \u00dcZER\u0130 ALTIN KAPLAMA - Astrolog Elvan","robots":{"index":"index","follow":"follow","max-snippet":"max-snippet:-1","max-image-preview":"max-image-preview:large","max-video-preview":"max-video-preview:-1"},"canonical":"https:\/\/astrologelvan.com\/magaza\/urun\/baby-nefertiti-kolye-925-ayar-gumus-uzeri-altin-kaplama\/","og_locale":"tr_TR","og_type":"article","og_title":"BABY NEFERT\u0130T\u0130 KOLYE | 925 AYAR G\u00dcM\u00dc\u015e \u00dcZER\u0130 ALTIN KAPLAMA - Astrolog Elvan","og_description":"En \u00e7ok satanlar aras\u0131ndaki Nefertiti Kolye yeni, minimal versiyonu art\u0131k sizlerle. G\u00fczelli\u011fiyle krali\u00e7eleri bile b\u00fcy\u00fcleyen Nefertiti; ayn\u0131 zamanda cesur, zeki ve vizyoner bir liderdi. M\u0131s\u0131r tarihinin en reformcu krali\u00e7esi olarak an\u0131l\u0131r ve d\u00f6neminde firavunla e\u015fit g\u00fcce sahip oldu\u011funa inan\u0131l\u0131r. Antik M\u0131s\u0131r\u2019da bir kad\u0131n\u0131n ula\u015ft\u0131\u011f\u0131 bu g\u00fc\u00e7, benzeri g\u00f6r\u00fclmemi\u015fti. G\u00f6rd\u00fc\u011f\u00fcn bu kolye, Berlin Neues M\u00fczesi\u2019nde sergilenen ikonik Nefertiti b\u00fcst\u00fcnden birebir ilham al\u0131narak tasarland\u0131. Bu tasar\u0131m; Nefertiti\u2019nin zarafetini, g\u00fcc\u00fcn\u00fc ve di\u015fil liderli\u011fini \u00fczerinde ta\u015f\u0131mak isteyen g\u00fczel, cesur ve zeki kad\u0131nlara adanm\u0131\u015ft\u0131r.  \u00dcr\u00fcn \u00d6zellikleri Materyal: 925 Ayar G\u00fcm\u00fc\u015f Alt\u0131n Kaplama Zincir Uzunlu\u011fu :45 cm \u00dcr\u00fcn A\u011f\u0131rl\u0131\u011f\u0131 :3.77 gr  Bu \u00fcr\u00fcn el yap\u0131m\u0131d\u0131r ve \u00f6n sat\u0131\u015f kapsam\u0131ndad\u0131r. At\u00f6lye s\u00fcreci yakla\u015f\u0131k 10\u201315 i\u015f g\u00fcn\u00fcd\u00fcr.","og_url":"https:\/\/astrologelvan.com\/magaza\/urun\/baby-nefertiti-kolye-925-ayar-gumus-uzeri-altin-kaplama\/","og_site_name":"Astrolog Elvan","article_modified_time":"2026-03-19T20:41:27+00:00","og_image":[{"width":1024,"height":1536,"url":"https:\/\/astrologelvan.com\/magaza\/wp-content\/uploads\/2026\/01\/7628455E-7AB9-4E50-B902-95731CB812D7.webp","type":"image\/webp"}],"twitter_card":"summary_large_image","twitter_misc":{"Tahmini okuma s\u00fcresi":"1 dakika"},"schema":{"@context":"https:\/\/schema.org","@graph":[{"@type":["WebPage","ItemPage"],"@id":"https:\/\/astrologelvan.com\/magaza\/urun\/baby-nefertiti-kolye-925-ayar-gumus-uzeri-altin-kaplama\/","url":"https:\/\/astrologelvan.com\/magaza\/urun\/baby-nefertiti-kolye-925-ayar-gumus-uzeri-altin-kaplama\/","name":"BABY NEFERT\u0130T\u0130 KOLYE | 925 AYAR G\u00dcM\u00dc\u015e \u00dcZER\u0130 ALTIN KAPLAMA - Astrolog Elvan","isPartOf":{"@id":"https:\/\/astrologelvan.com\/magaza\/#website"},"primaryImageOfPage":{"@id":"https:\/\/astrologelvan.com\/magaza\/urun\/baby-nefertiti-kolye-925-ayar-gumus-uzeri-altin-kaplama\/#primaryimage"},"image":{"@id":"https:\/\/astrologelvan.com\/magaza\/urun\/baby-nefertiti-kolye-925-ayar-gumus-uzeri-altin-kaplama\/#primaryimage"},"thumbnailUrl":"https:\/\/astrologelvan.com\/magaza\/wp-content\/uploads\/2026\/01\/7628455E-7AB9-4E50-B902-95731CB812D7.webp","datePublished":"2026-01-08T11:17:11+00:00","dateModified":"2026-03-19T20:41:27+00:00","breadcrumb":{"@id":"https:\/\/astrologelvan.com\/magaza\/urun\/baby-nefertiti-kolye-925-ayar-gumus-uzeri-altin-kaplama\/#breadcrumb"},"inLanguage":"tr","potentialAction":[{"@type":"ReadAction","target":["https:\/\/astrologelvan.com\/magaza\/urun\/baby-nefertiti-kolye-925-ayar-gumus-uzeri-altin-kaplama\/"]}]},{"@type":"ImageObject","inLanguage":"tr","@id":"https:\/\/astrologelvan.com\/magaza\/urun\/baby-nefertiti-kolye-925-ayar-gumus-uzeri-altin-kaplama\/#primaryimage","url":"https:\/\/astrologelvan.com\/magaza\/wp-content\/uploads\/2026\/01\/7628455E-7AB9-4E50-B902-95731CB812D7.webp","contentUrl":"https:\/\/astrologelvan.com\/magaza\/wp-content\/uploads\/2026\/01\/7628455E-7AB9-4E50-B902-95731CB812D7.webp","width":1024,"height":1536},{"@type":"BreadcrumbList","@id":"https:\/\/astrologelvan.com\/magaza\/urun\/baby-nefertiti-kolye-925-ayar-gumus-uzeri-altin-kaplama\/#breadcrumb","itemListElement":[{"@type":"ListItem","position":1,"name":"Anasayfa","item":"https:\/\/astrologelvan.com\/magaza\/"},{"@type":"ListItem","position":2,"name":"Ma\u011faza","item":"https:\/\/astrologelvan.com\/magaza\/magaza\/"},{"@type":"ListItem","position":3,"name":"BABY NEFERT\u0130T\u0130 KOLYE | 925 AYAR G\u00dcM\u00dc\u015e \u00dcZER\u0130 ALTIN KAPLAMA"}]},{"@type":"WebSite","@id":"https:\/\/astrologelvan.com\/magaza\/#website","url":"https:\/\/astrologelvan.com\/magaza\/","name":"Astrolog Elvan","description":"","potentialAction":[{"@type":"SearchAction","target":{"@type":"EntryPoint","urlTemplate":"https:\/\/astrologelvan.com\/magaza\/?s={search_term_string}"},"query-input":{"@type":"PropertyValueSpecification","valueRequired":true,"valueName":"search_term_string"}}],"inLanguage":"tr"}]}},"_links":{"self":[{"href":"https:\/\/astrologelvan.com\/magaza\/wp-json\/wp\/v2\/product\/145316","targetHints":{"allow":["GET"]}}],"collection":[{"href":"https:\/\/astrologelvan.com\/magaza\/wp-json\/wp\/v2\/product"}],"about":[{"href":"https:\/\/astrologelvan.com\/magaza\/wp-json\/wp\/v2\/types\/product"}],"replies":[{"embeddable":true,"href":"https:\/\/astrologelvan.com\/magaza\/wp-json\/wp\/v2\/comments?post=145316"}],"wp:featuredmedia":[{"embeddable":true,"href":"https:\/\/astrologelvan.com\/magaza\/wp-json\/wp\/v2\/media\/145317"}],"wp:attachment":[{"href":"https:\/\/astrologelvan.com\/magaza\/wp-json\/wp\/v2\/media?parent=145316"}],"wp:term":[{"taxonomy":"product_brand","embeddable":true,"href":"https:\/\/astrologelvan.com\/magaza\/wp-json\/wp\/v2\/product_brand?post=145316"},{"taxonomy":"product_cat","embeddable":true,"href":"https:\/\/astrologelvan.com\/magaza\/wp-json\/wp\/v2\/product_cat?post=145316"},{"taxonomy":"product_tag","embeddable":true,"href":"https:\/\/astrologelvan.com\/magaza\/wp-json\/wp\/v2\/product_tag?post=145316"}],"curies":[{"name":"wp","href":"https:\/\/api.w.org\/{rel}","templated":true}]}}