{"id":145309,"date":"2026-01-08T14:15:00","date_gmt":"2026-01-08T11:15:00","guid":{"rendered":"https:\/\/astrologelvan.com\/magaza\/?post_type=product&#038;p=145309"},"modified":"2026-04-02T10:31:13","modified_gmt":"2026-04-02T07:31:13","slug":"baby-kubera-para-mantra-kolyesi-925-ayar-gumus-uzeri-altin-kaplama","status":"publish","type":"product","link":"https:\/\/astrologelvan.com\/magaza\/urun\/baby-kubera-para-mantra-kolyesi-925-ayar-gumus-uzeri-altin-kaplama\/","title":{"rendered":"BABY KUBERA PARA MANTRA KOLYES\u0130 | 925 AYAR G\u00dcM\u00dc\u015e \u00dcZER\u0130 ALTIN KAPLAMA"},"content":{"rendered":"","protected":false},"excerpt":{"rendered":"<div>En \u00e7ok satanlar aras\u0131ndaki Kubera Para Mantras\u0131&#8217;n\u0131n yeni, minimal versiyonu art\u0131k sizlerle. 72 g\u00fcn tak ve hayat\u0131na bollu\u011fu, zenginli\u011fi, refah\u0131 kendine \u00e7ek!<\/div>\n<div><\/div>\n<div><em><strong>72 Say\u0131s\u0131n\u0131n Gizemi<\/strong><\/em><\/div>\n<div>Kubera Mantras\u0131 \u00fczerindeki say\u0131lar, a\u015fa\u011f\u0131dan yukar\u0131 ve sa\u011fdan sola topland\u0131\u011f\u0131nda her zaman 72 sonucunu verir. Karma Astrolojisinde 72, son derece \u00f6zel bir frekans\u0131 temsil eder. Bu say\u0131;<\/div>\n<div>\u2022\u2060\u00a0 \u2060Ge\u00e7mi\u015f ya\u015famdan getirilen yetenekleri<\/div>\n<div>\u2022\u2060\u00a0 \u2060Ruhsal hediyeleri<\/div>\n<div>\u2022\u2060\u00a0 \u2060Hak edilmi\u015f bolluk ve f\u0131rsatlar\u0131<\/div>\n<div>sembolize eder.<\/div>\n<div><\/div>\n<div><strong>\u00dcr\u00fcn \u00d6zellikleri<\/strong><\/div>\n<div>925 Ayar G\u00fcm\u00fc\u015f \u00dczeri Alt\u0131n Kaplama<\/div>\n<div>Zincir Uzunlu\u011fu :45 cm<\/div>\n<div>\u00dcr\u00fcn A\u011f\u0131rl\u0131\u011f\u0131 :3.30 gr<\/div>\n<div><\/div>\n<div><span style=\"color: #ed1c24\">Bu \u00fcr\u00fcn el yap\u0131m\u0131d\u0131r ve \u00f6n sat\u0131\u015f kapsam\u0131ndad\u0131r. At\u00f6lye s\u00fcreci yakla\u015f\u0131k 10\u201315 i\u015f g\u00fcn\u00fcd\u00fcr.<\/span><\/div>\n","protected":false},"featured_media":145314,"comment_status":"open","ping_status":"closed","template":"","meta":[],"product_brand":[596],"product_cat":[503],"product_tag":[],"class_list":{"0":"post-145309","1":"product","2":"type-product","3":"status-publish","4":"has-post-thumbnail","6":"product_brand-astrolog-elvan","7":"product_cat-kubera","9":"first","10":"instock","11":"purchasable","12":"product-type-simple"},"yoast_head":"<!-- This site is optimized with the Yoast SEO plugin v27.2 - https:\/\/yoast.com\/product\/yoast-seo-wordpress\/ -->\n<title>BABY KUBERA PARA MANTRA KOLYES\u0130 | 925 AYAR G\u00dcM\u00dc\u015e \u00dcZER\u0130 ALTIN KAPLAMA - Astrolog Elvan<\/title>\n<meta name=\"robots\" content=\"index, follow, max-snippet:-1, max-image-preview:large, max-video-preview:-1\" \/>\n<link rel=\"canonical\" href=\"https:\/\/astrologelvan.com\/magaza\/urun\/baby-kubera-para-mantra-kolyesi-925-ayar-gumus-uzeri-altin-kaplama\/\" \/>\n<meta property=\"og:locale\" content=\"tr_TR\" \/>\n<meta property=\"og:type\" content=\"article\" \/>\n<meta property=\"og:title\" content=\"BABY KUBERA PARA MANTRA KOLYES\u0130 | 925 AYAR G\u00dcM\u00dc\u015e \u00dcZER\u0130 ALTIN KAPLAMA - Astrolog Elvan\" \/>\n<meta property=\"og:description\" content=\"En \u00e7ok satanlar aras\u0131ndaki Kubera Para Mantras\u0131&#039;n\u0131n yeni, minimal versiyonu art\u0131k sizlerle. 72 g\u00fcn tak ve hayat\u0131na bollu\u011fu, zenginli\u011fi, refah\u0131 kendine \u00e7ek!  72 Say\u0131s\u0131n\u0131n Gizemi Kubera Mantras\u0131 \u00fczerindeki say\u0131lar, a\u015fa\u011f\u0131dan yukar\u0131 ve sa\u011fdan sola topland\u0131\u011f\u0131nda her zaman 72 sonucunu verir. Karma Astrolojisinde 72, son derece \u00f6zel bir frekans\u0131 temsil eder. Bu say\u0131; \u2022\u2060\u00a0 \u2060Ge\u00e7mi\u015f ya\u015famdan getirilen yetenekleri \u2022\u2060\u00a0 \u2060Ruhsal hediyeleri \u2022\u2060\u00a0 \u2060Hak edilmi\u015f bolluk ve f\u0131rsatlar\u0131 sembolize eder.  \u00dcr\u00fcn \u00d6zellikleri 925 Ayar G\u00fcm\u00fc\u015f \u00dczeri Alt\u0131n Kaplama Zincir Uzunlu\u011fu :45 cm \u00dcr\u00fcn A\u011f\u0131rl\u0131\u011f\u0131 :3.30 gr  Bu \u00fcr\u00fcn el yap\u0131m\u0131d\u0131r ve \u00f6n sat\u0131\u015f kapsam\u0131ndad\u0131r. At\u00f6lye s\u00fcreci yakla\u015f\u0131k 10\u201315 i\u015f g\u00fcn\u00fcd\u00fcr.\" \/>\n<meta property=\"og:url\" content=\"https:\/\/astrologelvan.com\/magaza\/urun\/baby-kubera-para-mantra-kolyesi-925-ayar-gumus-uzeri-altin-kaplama\/\" \/>\n<meta property=\"og:site_name\" content=\"Astrolog Elvan\" \/>\n<meta property=\"article:modified_time\" content=\"2026-04-02T07:31:13+00:00\" \/>\n<meta property=\"og:image\" content=\"https:\/\/astrologelvan.com\/magaza\/wp-content\/uploads\/2026\/01\/790E80CC-D2DD-4AA1-A8B1-957CB56B2468.webp\" \/>\n\t<meta property=\"og:image:width\" content=\"1024\" \/>\n\t<meta property=\"og:image:height\" content=\"1536\" \/>\n\t<meta property=\"og:image:type\" content=\"image\/webp\" \/>\n<meta name=\"twitter:card\" content=\"summary_large_image\" \/>\n<meta name=\"twitter:label1\" content=\"Tahmini okuma s\u00fcresi\" \/>\n\t<meta name=\"twitter:data1\" content=\"1 dakika\" \/>\n<script type=\"application\/ld+json\" class=\"yoast-schema-graph\">{\"@context\":\"https:\/\/schema.org\",\"@graph\":[{\"@type\":[\"WebPage\",\"ItemPage\"],\"@id\":\"https:\/\/astrologelvan.com\/magaza\/urun\/baby-kubera-para-mantra-kolyesi-925-ayar-gumus-uzeri-altin-kaplama\/\",\"url\":\"https:\/\/astrologelvan.com\/magaza\/urun\/baby-kubera-para-mantra-kolyesi-925-ayar-gumus-uzeri-altin-kaplama\/\",\"name\":\"BABY KUBERA PARA MANTRA KOLYES\u0130 | 925 AYAR G\u00dcM\u00dc\u015e \u00dcZER\u0130 ALTIN KAPLAMA - Astrolog Elvan\",\"isPartOf\":{\"@id\":\"https:\/\/astrologelvan.com\/magaza\/#website\"},\"primaryImageOfPage\":{\"@id\":\"https:\/\/astrologelvan.com\/magaza\/urun\/baby-kubera-para-mantra-kolyesi-925-ayar-gumus-uzeri-altin-kaplama\/#primaryimage\"},\"image\":{\"@id\":\"https:\/\/astrologelvan.com\/magaza\/urun\/baby-kubera-para-mantra-kolyesi-925-ayar-gumus-uzeri-altin-kaplama\/#primaryimage\"},\"thumbnailUrl\":\"https:\/\/astrologelvan.com\/magaza\/wp-content\/uploads\/2026\/01\/790E80CC-D2DD-4AA1-A8B1-957CB56B2468.webp\",\"datePublished\":\"2026-01-08T11:15:00+00:00\",\"dateModified\":\"2026-04-02T07:31:13+00:00\",\"breadcrumb\":{\"@id\":\"https:\/\/astrologelvan.com\/magaza\/urun\/baby-kubera-para-mantra-kolyesi-925-ayar-gumus-uzeri-altin-kaplama\/#breadcrumb\"},\"inLanguage\":\"tr\",\"potentialAction\":[{\"@type\":\"ReadAction\",\"target\":[\"https:\/\/astrologelvan.com\/magaza\/urun\/baby-kubera-para-mantra-kolyesi-925-ayar-gumus-uzeri-altin-kaplama\/\"]}]},{\"@type\":\"ImageObject\",\"inLanguage\":\"tr\",\"@id\":\"https:\/\/astrologelvan.com\/magaza\/urun\/baby-kubera-para-mantra-kolyesi-925-ayar-gumus-uzeri-altin-kaplama\/#primaryimage\",\"url\":\"https:\/\/astrologelvan.com\/magaza\/wp-content\/uploads\/2026\/01\/790E80CC-D2DD-4AA1-A8B1-957CB56B2468.webp\",\"contentUrl\":\"https:\/\/astrologelvan.com\/magaza\/wp-content\/uploads\/2026\/01\/790E80CC-D2DD-4AA1-A8B1-957CB56B2468.webp\",\"width\":1024,\"height\":1536},{\"@type\":\"BreadcrumbList\",\"@id\":\"https:\/\/astrologelvan.com\/magaza\/urun\/baby-kubera-para-mantra-kolyesi-925-ayar-gumus-uzeri-altin-kaplama\/#breadcrumb\",\"itemListElement\":[{\"@type\":\"ListItem\",\"position\":1,\"name\":\"Anasayfa\",\"item\":\"https:\/\/astrologelvan.com\/magaza\/\"},{\"@type\":\"ListItem\",\"position\":2,\"name\":\"Ma\u011faza\",\"item\":\"https:\/\/astrologelvan.com\/magaza\/magaza\/\"},{\"@type\":\"ListItem\",\"position\":3,\"name\":\"BABY KUBERA PARA MANTRA KOLYES\u0130 | 925 AYAR G\u00dcM\u00dc\u015e \u00dcZER\u0130 ALTIN KAPLAMA\"}]},{\"@type\":\"WebSite\",\"@id\":\"https:\/\/astrologelvan.com\/magaza\/#website\",\"url\":\"https:\/\/astrologelvan.com\/magaza\/\",\"name\":\"Astrolog Elvan\",\"description\":\"\",\"potentialAction\":[{\"@type\":\"SearchAction\",\"target\":{\"@type\":\"EntryPoint\",\"urlTemplate\":\"https:\/\/astrologelvan.com\/magaza\/?s={search_term_string}\"},\"query-input\":{\"@type\":\"PropertyValueSpecification\",\"valueRequired\":true,\"valueName\":\"search_term_string\"}}],\"inLanguage\":\"tr\"}]}<\/script>\n<!-- \/ Yoast SEO plugin. -->","yoast_head_json":{"title":"BABY KUBERA PARA MANTRA KOLYES\u0130 | 925 AYAR G\u00dcM\u00dc\u015e \u00dcZER\u0130 ALTIN KAPLAMA - Astrolog Elvan","robots":{"index":"index","follow":"follow","max-snippet":"max-snippet:-1","max-image-preview":"max-image-preview:large","max-video-preview":"max-video-preview:-1"},"canonical":"https:\/\/astrologelvan.com\/magaza\/urun\/baby-kubera-para-mantra-kolyesi-925-ayar-gumus-uzeri-altin-kaplama\/","og_locale":"tr_TR","og_type":"article","og_title":"BABY KUBERA PARA MANTRA KOLYES\u0130 | 925 AYAR G\u00dcM\u00dc\u015e \u00dcZER\u0130 ALTIN KAPLAMA - Astrolog Elvan","og_description":"En \u00e7ok satanlar aras\u0131ndaki Kubera Para Mantras\u0131'n\u0131n yeni, minimal versiyonu art\u0131k sizlerle. 72 g\u00fcn tak ve hayat\u0131na bollu\u011fu, zenginli\u011fi, refah\u0131 kendine \u00e7ek!  72 Say\u0131s\u0131n\u0131n Gizemi Kubera Mantras\u0131 \u00fczerindeki say\u0131lar, a\u015fa\u011f\u0131dan yukar\u0131 ve sa\u011fdan sola topland\u0131\u011f\u0131nda her zaman 72 sonucunu verir. Karma Astrolojisinde 72, son derece \u00f6zel bir frekans\u0131 temsil eder. Bu say\u0131; \u2022\u2060\u00a0 \u2060Ge\u00e7mi\u015f ya\u015famdan getirilen yetenekleri \u2022\u2060\u00a0 \u2060Ruhsal hediyeleri \u2022\u2060\u00a0 \u2060Hak edilmi\u015f bolluk ve f\u0131rsatlar\u0131 sembolize eder.  \u00dcr\u00fcn \u00d6zellikleri 925 Ayar G\u00fcm\u00fc\u015f \u00dczeri Alt\u0131n Kaplama Zincir Uzunlu\u011fu :45 cm \u00dcr\u00fcn A\u011f\u0131rl\u0131\u011f\u0131 :3.30 gr  Bu \u00fcr\u00fcn el yap\u0131m\u0131d\u0131r ve \u00f6n sat\u0131\u015f kapsam\u0131ndad\u0131r. At\u00f6lye s\u00fcreci yakla\u015f\u0131k 10\u201315 i\u015f g\u00fcn\u00fcd\u00fcr.","og_url":"https:\/\/astrologelvan.com\/magaza\/urun\/baby-kubera-para-mantra-kolyesi-925-ayar-gumus-uzeri-altin-kaplama\/","og_site_name":"Astrolog Elvan","article_modified_time":"2026-04-02T07:31:13+00:00","og_image":[{"width":1024,"height":1536,"url":"https:\/\/astrologelvan.com\/magaza\/wp-content\/uploads\/2026\/01\/790E80CC-D2DD-4AA1-A8B1-957CB56B2468.webp","type":"image\/webp"}],"twitter_card":"summary_large_image","twitter_misc":{"Tahmini okuma s\u00fcresi":"1 dakika"},"schema":{"@context":"https:\/\/schema.org","@graph":[{"@type":["WebPage","ItemPage"],"@id":"https:\/\/astrologelvan.com\/magaza\/urun\/baby-kubera-para-mantra-kolyesi-925-ayar-gumus-uzeri-altin-kaplama\/","url":"https:\/\/astrologelvan.com\/magaza\/urun\/baby-kubera-para-mantra-kolyesi-925-ayar-gumus-uzeri-altin-kaplama\/","name":"BABY KUBERA PARA MANTRA KOLYES\u0130 | 925 AYAR G\u00dcM\u00dc\u015e \u00dcZER\u0130 ALTIN KAPLAMA - Astrolog Elvan","isPartOf":{"@id":"https:\/\/astrologelvan.com\/magaza\/#website"},"primaryImageOfPage":{"@id":"https:\/\/astrologelvan.com\/magaza\/urun\/baby-kubera-para-mantra-kolyesi-925-ayar-gumus-uzeri-altin-kaplama\/#primaryimage"},"image":{"@id":"https:\/\/astrologelvan.com\/magaza\/urun\/baby-kubera-para-mantra-kolyesi-925-ayar-gumus-uzeri-altin-kaplama\/#primaryimage"},"thumbnailUrl":"https:\/\/astrologelvan.com\/magaza\/wp-content\/uploads\/2026\/01\/790E80CC-D2DD-4AA1-A8B1-957CB56B2468.webp","datePublished":"2026-01-08T11:15:00+00:00","dateModified":"2026-04-02T07:31:13+00:00","breadcrumb":{"@id":"https:\/\/astrologelvan.com\/magaza\/urun\/baby-kubera-para-mantra-kolyesi-925-ayar-gumus-uzeri-altin-kaplama\/#breadcrumb"},"inLanguage":"tr","potentialAction":[{"@type":"ReadAction","target":["https:\/\/astrologelvan.com\/magaza\/urun\/baby-kubera-para-mantra-kolyesi-925-ayar-gumus-uzeri-altin-kaplama\/"]}]},{"@type":"ImageObject","inLanguage":"tr","@id":"https:\/\/astrologelvan.com\/magaza\/urun\/baby-kubera-para-mantra-kolyesi-925-ayar-gumus-uzeri-altin-kaplama\/#primaryimage","url":"https:\/\/astrologelvan.com\/magaza\/wp-content\/uploads\/2026\/01\/790E80CC-D2DD-4AA1-A8B1-957CB56B2468.webp","contentUrl":"https:\/\/astrologelvan.com\/magaza\/wp-content\/uploads\/2026\/01\/790E80CC-D2DD-4AA1-A8B1-957CB56B2468.webp","width":1024,"height":1536},{"@type":"BreadcrumbList","@id":"https:\/\/astrologelvan.com\/magaza\/urun\/baby-kubera-para-mantra-kolyesi-925-ayar-gumus-uzeri-altin-kaplama\/#breadcrumb","itemListElement":[{"@type":"ListItem","position":1,"name":"Anasayfa","item":"https:\/\/astrologelvan.com\/magaza\/"},{"@type":"ListItem","position":2,"name":"Ma\u011faza","item":"https:\/\/astrologelvan.com\/magaza\/magaza\/"},{"@type":"ListItem","position":3,"name":"BABY KUBERA PARA MANTRA KOLYES\u0130 | 925 AYAR G\u00dcM\u00dc\u015e \u00dcZER\u0130 ALTIN KAPLAMA"}]},{"@type":"WebSite","@id":"https:\/\/astrologelvan.com\/magaza\/#website","url":"https:\/\/astrologelvan.com\/magaza\/","name":"Astrolog Elvan","description":"","potentialAction":[{"@type":"SearchAction","target":{"@type":"EntryPoint","urlTemplate":"https:\/\/astrologelvan.com\/magaza\/?s={search_term_string}"},"query-input":{"@type":"PropertyValueSpecification","valueRequired":true,"valueName":"search_term_string"}}],"inLanguage":"tr"}]}},"_links":{"self":[{"href":"https:\/\/astrologelvan.com\/magaza\/wp-json\/wp\/v2\/product\/145309","targetHints":{"allow":["GET"]}}],"collection":[{"href":"https:\/\/astrologelvan.com\/magaza\/wp-json\/wp\/v2\/product"}],"about":[{"href":"https:\/\/astrologelvan.com\/magaza\/wp-json\/wp\/v2\/types\/product"}],"replies":[{"embeddable":true,"href":"https:\/\/astrologelvan.com\/magaza\/wp-json\/wp\/v2\/comments?post=145309"}],"wp:featuredmedia":[{"embeddable":true,"href":"https:\/\/astrologelvan.com\/magaza\/wp-json\/wp\/v2\/media\/145314"}],"wp:attachment":[{"href":"https:\/\/astrologelvan.com\/magaza\/wp-json\/wp\/v2\/media?parent=145309"}],"wp:term":[{"taxonomy":"product_brand","embeddable":true,"href":"https:\/\/astrologelvan.com\/magaza\/wp-json\/wp\/v2\/product_brand?post=145309"},{"taxonomy":"product_cat","embeddable":true,"href":"https:\/\/astrologelvan.com\/magaza\/wp-json\/wp\/v2\/product_cat?post=145309"},{"taxonomy":"product_tag","embeddable":true,"href":"https:\/\/astrologelvan.com\/magaza\/wp-json\/wp\/v2\/product_tag?post=145309"}],"curies":[{"name":"wp","href":"https:\/\/api.w.org\/{rel}","templated":true}]}}