{"id":145200,"date":"2026-01-07T22:42:52","date_gmt":"2026-01-07T19:42:52","guid":{"rendered":"https:\/\/astrologelvan.com\/magaza\/?post_type=product&#038;p=145200"},"modified":"2026-01-07T22:43:22","modified_gmt":"2026-01-07T19:43:22","slug":"koruyucu-goz-piercing-925-ayar-gumus-uzeri-altin-kaplama","status":"publish","type":"product","link":"https:\/\/astrologelvan.com\/magaza\/urun\/koruyucu-goz-piercing-925-ayar-gumus-uzeri-altin-kaplama\/","title":{"rendered":"Koruyucu G\u00f6z Piercing | 925 Ayar G\u00fcm\u00fc\u015f \u00dczeri Alt\u0131n Kaplama"},"content":{"rendered":"","protected":false},"excerpt":{"rendered":"<p>925 ayar g\u00fcm\u00fc\u015f \u00fczerine alt\u0131n kaplama olarak \u00fcretilen Koruyucu G\u00f6z Piercing, \u0131\u015f\u0131lt\u0131l\u0131 zirkon ta\u015f detaylar\u0131yla hem zarif hem de anlam y\u00fckl\u00fc bir stil sunar. G\u00fcnl\u00fck kullan\u0131mda minimal bir \u015f\u0131kl\u0131k sa\u011flarken, ta\u015f\u0131d\u0131\u011f\u0131 sembolizmle enerjini dengelemeye yard\u0131mc\u0131 olur.<br \/>\nKendin i\u00e7in bir koruma niyetiyle ya da sevdiklerine anlaml\u0131 bir hediye olarak tercih edebilece\u011fin \u00f6zel bir par\u00e7a.<br \/>\n\u00dcr\u00fcn \u00f6zellikleri<br \/>\n<strong>Materyal:<\/strong> 925 Ayar G\u00fcm\u00fc\u015f , Zirkon Ta\u015f<br \/>\n<strong>Kullan\u0131m:<\/strong> Piercing (kulak \/ k\u0131k\u0131rdak uyumlu)<br \/>\n<strong>Kapan\u0131\u015f Tipi:<\/strong> Vidal\u0131 (g\u00fcvenli kullan\u0131m)<br \/>\n<strong>Bak\u0131m: Uzun s\u00fcreli parlakl\u0131k i\u00e7in su ve kimyasallarla temastan ka\u00e7\u0131n\u0131lmas\u0131 \u00f6nerilir<\/strong><\/p>\n","protected":false},"featured_media":145201,"comment_status":"open","ping_status":"closed","template":"","meta":[],"product_brand":[596],"product_cat":[9558],"product_tag":[],"class_list":{"0":"post-145200","1":"product","2":"type-product","3":"status-publish","4":"has-post-thumbnail","6":"product_brand-astrolog-elvan","7":"product_cat-piercing","9":"first","10":"instock","11":"purchasable","12":"product-type-simple"},"yoast_head":"<!-- This site is optimized with the Yoast SEO plugin v27.3 - https:\/\/yoast.com\/product\/yoast-seo-wordpress\/ -->\n<title>Koruyucu G\u00f6z Piercing | 925 Ayar G\u00fcm\u00fc\u015f \u00dczeri Alt\u0131n Kaplama - Astrolog Elvan<\/title>\n<meta name=\"robots\" content=\"index, follow, max-snippet:-1, max-image-preview:large, max-video-preview:-1\" \/>\n<link rel=\"canonical\" href=\"https:\/\/astrologelvan.com\/magaza\/urun\/koruyucu-goz-piercing-925-ayar-gumus-uzeri-altin-kaplama\/\" \/>\n<meta property=\"og:locale\" content=\"tr_TR\" \/>\n<meta property=\"og:type\" content=\"article\" \/>\n<meta property=\"og:title\" content=\"Koruyucu G\u00f6z Piercing | 925 Ayar G\u00fcm\u00fc\u015f \u00dczeri Alt\u0131n Kaplama - Astrolog Elvan\" \/>\n<meta property=\"og:description\" content=\"925 ayar g\u00fcm\u00fc\u015f \u00fczerine alt\u0131n kaplama olarak \u00fcretilen Koruyucu G\u00f6z Piercing, \u0131\u015f\u0131lt\u0131l\u0131 zirkon ta\u015f detaylar\u0131yla hem zarif hem de anlam y\u00fckl\u00fc bir stil sunar. G\u00fcnl\u00fck kullan\u0131mda minimal bir \u015f\u0131kl\u0131k sa\u011flarken, ta\u015f\u0131d\u0131\u011f\u0131 sembolizmle enerjini dengelemeye yard\u0131mc\u0131 olur. Kendin i\u00e7in bir koruma niyetiyle ya da sevdiklerine anlaml\u0131 bir hediye olarak tercih edebilece\u011fin \u00f6zel bir par\u00e7a. \u00dcr\u00fcn \u00f6zellikleri Materyal: 925 Ayar G\u00fcm\u00fc\u015f , Zirkon Ta\u015f Kullan\u0131m: Piercing (kulak \/ k\u0131k\u0131rdak uyumlu) Kapan\u0131\u015f Tipi: Vidal\u0131 (g\u00fcvenli kullan\u0131m) Bak\u0131m: Uzun s\u00fcreli parlakl\u0131k i\u00e7in su ve kimyasallarla temastan ka\u00e7\u0131n\u0131lmas\u0131 \u00f6nerilir\" \/>\n<meta property=\"og:url\" content=\"https:\/\/astrologelvan.com\/magaza\/urun\/koruyucu-goz-piercing-925-ayar-gumus-uzeri-altin-kaplama\/\" \/>\n<meta property=\"og:site_name\" content=\"Astrolog Elvan\" \/>\n<meta property=\"article:modified_time\" content=\"2026-01-07T19:43:22+00:00\" \/>\n<meta property=\"og:image\" content=\"https:\/\/astrologelvan.com\/magaza\/wp-content\/uploads\/2026\/01\/FA61737F-145A-43D9-B2B4-426A24EFC389.webp\" \/>\n\t<meta property=\"og:image:width\" content=\"1024\" \/>\n\t<meta property=\"og:image:height\" content=\"1536\" \/>\n\t<meta property=\"og:image:type\" content=\"image\/webp\" \/>\n<meta name=\"twitter:card\" content=\"summary_large_image\" \/>\n<script type=\"application\/ld+json\" class=\"yoast-schema-graph\">{\"@context\":\"https:\\\/\\\/schema.org\",\"@graph\":[{\"@type\":[\"WebPage\",\"ItemPage\"],\"@id\":\"https:\\\/\\\/astrologelvan.com\\\/magaza\\\/urun\\\/koruyucu-goz-piercing-925-ayar-gumus-uzeri-altin-kaplama\\\/\",\"url\":\"https:\\\/\\\/astrologelvan.com\\\/magaza\\\/urun\\\/koruyucu-goz-piercing-925-ayar-gumus-uzeri-altin-kaplama\\\/\",\"name\":\"Koruyucu G\u00f6z Piercing | 925 Ayar G\u00fcm\u00fc\u015f \u00dczeri Alt\u0131n Kaplama - Astrolog Elvan\",\"isPartOf\":{\"@id\":\"https:\\\/\\\/astrologelvan.com\\\/magaza\\\/#website\"},\"primaryImageOfPage\":{\"@id\":\"https:\\\/\\\/astrologelvan.com\\\/magaza\\\/urun\\\/koruyucu-goz-piercing-925-ayar-gumus-uzeri-altin-kaplama\\\/#primaryimage\"},\"image\":{\"@id\":\"https:\\\/\\\/astrologelvan.com\\\/magaza\\\/urun\\\/koruyucu-goz-piercing-925-ayar-gumus-uzeri-altin-kaplama\\\/#primaryimage\"},\"thumbnailUrl\":\"https:\\\/\\\/astrologelvan.com\\\/magaza\\\/wp-content\\\/uploads\\\/2026\\\/01\\\/FA61737F-145A-43D9-B2B4-426A24EFC389.webp\",\"datePublished\":\"2026-01-07T19:42:52+00:00\",\"dateModified\":\"2026-01-07T19:43:22+00:00\",\"breadcrumb\":{\"@id\":\"https:\\\/\\\/astrologelvan.com\\\/magaza\\\/urun\\\/koruyucu-goz-piercing-925-ayar-gumus-uzeri-altin-kaplama\\\/#breadcrumb\"},\"inLanguage\":\"tr\",\"potentialAction\":[{\"@type\":\"ReadAction\",\"target\":[\"https:\\\/\\\/astrologelvan.com\\\/magaza\\\/urun\\\/koruyucu-goz-piercing-925-ayar-gumus-uzeri-altin-kaplama\\\/\"]}]},{\"@type\":\"ImageObject\",\"inLanguage\":\"tr\",\"@id\":\"https:\\\/\\\/astrologelvan.com\\\/magaza\\\/urun\\\/koruyucu-goz-piercing-925-ayar-gumus-uzeri-altin-kaplama\\\/#primaryimage\",\"url\":\"https:\\\/\\\/astrologelvan.com\\\/magaza\\\/wp-content\\\/uploads\\\/2026\\\/01\\\/FA61737F-145A-43D9-B2B4-426A24EFC389.webp\",\"contentUrl\":\"https:\\\/\\\/astrologelvan.com\\\/magaza\\\/wp-content\\\/uploads\\\/2026\\\/01\\\/FA61737F-145A-43D9-B2B4-426A24EFC389.webp\",\"width\":1024,\"height\":1536},{\"@type\":\"BreadcrumbList\",\"@id\":\"https:\\\/\\\/astrologelvan.com\\\/magaza\\\/urun\\\/koruyucu-goz-piercing-925-ayar-gumus-uzeri-altin-kaplama\\\/#breadcrumb\",\"itemListElement\":[{\"@type\":\"ListItem\",\"position\":1,\"name\":\"Anasayfa\",\"item\":\"https:\\\/\\\/astrologelvan.com\\\/magaza\\\/\"},{\"@type\":\"ListItem\",\"position\":2,\"name\":\"Ma\u011faza\",\"item\":\"https:\\\/\\\/astrologelvan.com\\\/magaza\\\/magaza\\\/\"},{\"@type\":\"ListItem\",\"position\":3,\"name\":\"Koruyucu G\u00f6z Piercing | 925 Ayar G\u00fcm\u00fc\u015f \u00dczeri Alt\u0131n Kaplama\"}]},{\"@type\":\"WebSite\",\"@id\":\"https:\\\/\\\/astrologelvan.com\\\/magaza\\\/#website\",\"url\":\"https:\\\/\\\/astrologelvan.com\\\/magaza\\\/\",\"name\":\"Astrolog Elvan\",\"description\":\"\",\"potentialAction\":[{\"@type\":\"SearchAction\",\"target\":{\"@type\":\"EntryPoint\",\"urlTemplate\":\"https:\\\/\\\/astrologelvan.com\\\/magaza\\\/?s={search_term_string}\"},\"query-input\":{\"@type\":\"PropertyValueSpecification\",\"valueRequired\":true,\"valueName\":\"search_term_string\"}}],\"inLanguage\":\"tr\"}]}<\/script>\n<!-- \/ Yoast SEO plugin. -->","yoast_head_json":{"title":"Koruyucu G\u00f6z Piercing | 925 Ayar G\u00fcm\u00fc\u015f \u00dczeri Alt\u0131n Kaplama - Astrolog Elvan","robots":{"index":"index","follow":"follow","max-snippet":"max-snippet:-1","max-image-preview":"max-image-preview:large","max-video-preview":"max-video-preview:-1"},"canonical":"https:\/\/astrologelvan.com\/magaza\/urun\/koruyucu-goz-piercing-925-ayar-gumus-uzeri-altin-kaplama\/","og_locale":"tr_TR","og_type":"article","og_title":"Koruyucu G\u00f6z Piercing | 925 Ayar G\u00fcm\u00fc\u015f \u00dczeri Alt\u0131n Kaplama - Astrolog Elvan","og_description":"925 ayar g\u00fcm\u00fc\u015f \u00fczerine alt\u0131n kaplama olarak \u00fcretilen Koruyucu G\u00f6z Piercing, \u0131\u015f\u0131lt\u0131l\u0131 zirkon ta\u015f detaylar\u0131yla hem zarif hem de anlam y\u00fckl\u00fc bir stil sunar. G\u00fcnl\u00fck kullan\u0131mda minimal bir \u015f\u0131kl\u0131k sa\u011flarken, ta\u015f\u0131d\u0131\u011f\u0131 sembolizmle enerjini dengelemeye yard\u0131mc\u0131 olur. Kendin i\u00e7in bir koruma niyetiyle ya da sevdiklerine anlaml\u0131 bir hediye olarak tercih edebilece\u011fin \u00f6zel bir par\u00e7a. \u00dcr\u00fcn \u00f6zellikleri Materyal: 925 Ayar G\u00fcm\u00fc\u015f , Zirkon Ta\u015f Kullan\u0131m: Piercing (kulak \/ k\u0131k\u0131rdak uyumlu) Kapan\u0131\u015f Tipi: Vidal\u0131 (g\u00fcvenli kullan\u0131m) Bak\u0131m: Uzun s\u00fcreli parlakl\u0131k i\u00e7in su ve kimyasallarla temastan ka\u00e7\u0131n\u0131lmas\u0131 \u00f6nerilir","og_url":"https:\/\/astrologelvan.com\/magaza\/urun\/koruyucu-goz-piercing-925-ayar-gumus-uzeri-altin-kaplama\/","og_site_name":"Astrolog Elvan","article_modified_time":"2026-01-07T19:43:22+00:00","og_image":[{"width":1024,"height":1536,"url":"https:\/\/astrologelvan.com\/magaza\/wp-content\/uploads\/2026\/01\/FA61737F-145A-43D9-B2B4-426A24EFC389.webp","type":"image\/webp"}],"twitter_card":"summary_large_image","schema":{"@context":"https:\/\/schema.org","@graph":[{"@type":["WebPage","ItemPage"],"@id":"https:\/\/astrologelvan.com\/magaza\/urun\/koruyucu-goz-piercing-925-ayar-gumus-uzeri-altin-kaplama\/","url":"https:\/\/astrologelvan.com\/magaza\/urun\/koruyucu-goz-piercing-925-ayar-gumus-uzeri-altin-kaplama\/","name":"Koruyucu G\u00f6z Piercing | 925 Ayar G\u00fcm\u00fc\u015f \u00dczeri Alt\u0131n Kaplama - Astrolog Elvan","isPartOf":{"@id":"https:\/\/astrologelvan.com\/magaza\/#website"},"primaryImageOfPage":{"@id":"https:\/\/astrologelvan.com\/magaza\/urun\/koruyucu-goz-piercing-925-ayar-gumus-uzeri-altin-kaplama\/#primaryimage"},"image":{"@id":"https:\/\/astrologelvan.com\/magaza\/urun\/koruyucu-goz-piercing-925-ayar-gumus-uzeri-altin-kaplama\/#primaryimage"},"thumbnailUrl":"https:\/\/astrologelvan.com\/magaza\/wp-content\/uploads\/2026\/01\/FA61737F-145A-43D9-B2B4-426A24EFC389.webp","datePublished":"2026-01-07T19:42:52+00:00","dateModified":"2026-01-07T19:43:22+00:00","breadcrumb":{"@id":"https:\/\/astrologelvan.com\/magaza\/urun\/koruyucu-goz-piercing-925-ayar-gumus-uzeri-altin-kaplama\/#breadcrumb"},"inLanguage":"tr","potentialAction":[{"@type":"ReadAction","target":["https:\/\/astrologelvan.com\/magaza\/urun\/koruyucu-goz-piercing-925-ayar-gumus-uzeri-altin-kaplama\/"]}]},{"@type":"ImageObject","inLanguage":"tr","@id":"https:\/\/astrologelvan.com\/magaza\/urun\/koruyucu-goz-piercing-925-ayar-gumus-uzeri-altin-kaplama\/#primaryimage","url":"https:\/\/astrologelvan.com\/magaza\/wp-content\/uploads\/2026\/01\/FA61737F-145A-43D9-B2B4-426A24EFC389.webp","contentUrl":"https:\/\/astrologelvan.com\/magaza\/wp-content\/uploads\/2026\/01\/FA61737F-145A-43D9-B2B4-426A24EFC389.webp","width":1024,"height":1536},{"@type":"BreadcrumbList","@id":"https:\/\/astrologelvan.com\/magaza\/urun\/koruyucu-goz-piercing-925-ayar-gumus-uzeri-altin-kaplama\/#breadcrumb","itemListElement":[{"@type":"ListItem","position":1,"name":"Anasayfa","item":"https:\/\/astrologelvan.com\/magaza\/"},{"@type":"ListItem","position":2,"name":"Ma\u011faza","item":"https:\/\/astrologelvan.com\/magaza\/magaza\/"},{"@type":"ListItem","position":3,"name":"Koruyucu G\u00f6z Piercing | 925 Ayar G\u00fcm\u00fc\u015f \u00dczeri Alt\u0131n Kaplama"}]},{"@type":"WebSite","@id":"https:\/\/astrologelvan.com\/magaza\/#website","url":"https:\/\/astrologelvan.com\/magaza\/","name":"Astrolog Elvan","description":"","potentialAction":[{"@type":"SearchAction","target":{"@type":"EntryPoint","urlTemplate":"https:\/\/astrologelvan.com\/magaza\/?s={search_term_string}"},"query-input":{"@type":"PropertyValueSpecification","valueRequired":true,"valueName":"search_term_string"}}],"inLanguage":"tr"}]}},"_links":{"self":[{"href":"https:\/\/astrologelvan.com\/magaza\/wp-json\/wp\/v2\/product\/145200","targetHints":{"allow":["GET"]}}],"collection":[{"href":"https:\/\/astrologelvan.com\/magaza\/wp-json\/wp\/v2\/product"}],"about":[{"href":"https:\/\/astrologelvan.com\/magaza\/wp-json\/wp\/v2\/types\/product"}],"replies":[{"embeddable":true,"href":"https:\/\/astrologelvan.com\/magaza\/wp-json\/wp\/v2\/comments?post=145200"}],"wp:featuredmedia":[{"embeddable":true,"href":"https:\/\/astrologelvan.com\/magaza\/wp-json\/wp\/v2\/media\/145201"}],"wp:attachment":[{"href":"https:\/\/astrologelvan.com\/magaza\/wp-json\/wp\/v2\/media?parent=145200"}],"wp:term":[{"taxonomy":"product_brand","embeddable":true,"href":"https:\/\/astrologelvan.com\/magaza\/wp-json\/wp\/v2\/product_brand?post=145200"},{"taxonomy":"product_cat","embeddable":true,"href":"https:\/\/astrologelvan.com\/magaza\/wp-json\/wp\/v2\/product_cat?post=145200"},{"taxonomy":"product_tag","embeddable":true,"href":"https:\/\/astrologelvan.com\/magaza\/wp-json\/wp\/v2\/product_tag?post=145200"}],"curies":[{"name":"wp","href":"https:\/\/api.w.org\/{rel}","templated":true}]}}