{"id":145196,"date":"2026-01-07T22:40:33","date_gmt":"2026-01-07T19:40:33","guid":{"rendered":"https:\/\/astrologelvan.com\/magaza\/?post_type=product&#038;p=145196"},"modified":"2026-01-12T19:24:08","modified_gmt":"2026-01-12T16:24:08","slug":"pembe-tasli-piercing-925-ayar-gumus","status":"publish","type":"product","link":"https:\/\/astrologelvan.com\/magaza\/urun\/pembe-tasli-piercing-925-ayar-gumus\/","title":{"rendered":"Pembe Ta\u015fl\u0131 Piercing | 925 Ayar G\u00fcm\u00fc\u015f"},"content":{"rendered":"","protected":false},"excerpt":{"rendered":"<p>Zarif formu ve pembe ta\u015f detay\u0131yla \u00f6ne \u00e7\u0131kan bu ta\u015fl\u0131 minimal piercing, sade ama etkileyici bir stil arayanlar i\u00e7in tasarland\u0131.<br \/>\n925 ayar g\u00fcm\u00fc\u015f \u00fczerine alt\u0131n kaplama olarak \u00fcretilen bu \u00f6zel par\u00e7a, kulak ve k\u0131k\u0131rdak kullan\u0131m\u0131na uygundur.<br \/>\n\u00dcr\u00fcn \u00f6zellikleri<br \/>\n<strong>Materyal:<\/strong> 925 Ayar G\u00fcm\u00fc\u015f \u00fczeri Alt\u0131n Kaplama<br \/>\n<strong>Kullan\u0131m:<\/strong> Piercing (kulak \/ k\u0131k\u0131rdak uyumlu)<br \/>\n<strong>Kapan\u0131\u015f Tipi:<\/strong> Vidal\u0131 (g\u00fcvenli kullan\u0131m)<br \/>\n<strong>Bak\u0131m: Uzun s\u00fcreli parlakl\u0131k i\u00e7in su ve kimyasallarla temastan ka\u00e7\u0131n\u0131lmas\u0131 \u00f6nerilir<\/strong><\/p>\n","protected":false},"featured_media":145198,"comment_status":"open","ping_status":"closed","template":"","meta":[],"product_brand":[596],"product_cat":[9558],"product_tag":[],"class_list":{"0":"post-145196","1":"product","2":"type-product","3":"status-publish","4":"has-post-thumbnail","6":"product_brand-astrolog-elvan","7":"product_cat-piercing","9":"first","10":"instock","11":"purchasable","12":"product-type-simple"},"yoast_head":"<!-- This site is optimized with the Yoast SEO plugin v27.3 - https:\/\/yoast.com\/product\/yoast-seo-wordpress\/ -->\n<title>Pembe Ta\u015fl\u0131 Piercing | 925 Ayar G\u00fcm\u00fc\u015f - Astrolog Elvan<\/title>\n<meta name=\"robots\" content=\"index, follow, max-snippet:-1, max-image-preview:large, max-video-preview:-1\" \/>\n<link rel=\"canonical\" href=\"https:\/\/astrologelvan.com\/magaza\/urun\/pembe-tasli-piercing-925-ayar-gumus\/\" \/>\n<meta property=\"og:locale\" content=\"tr_TR\" \/>\n<meta property=\"og:type\" content=\"article\" \/>\n<meta property=\"og:title\" content=\"Pembe Ta\u015fl\u0131 Piercing | 925 Ayar G\u00fcm\u00fc\u015f - Astrolog Elvan\" \/>\n<meta property=\"og:description\" content=\"Zarif formu ve pembe ta\u015f detay\u0131yla \u00f6ne \u00e7\u0131kan bu ta\u015fl\u0131 minimal piercing, sade ama etkileyici bir stil arayanlar i\u00e7in tasarland\u0131. 925 ayar g\u00fcm\u00fc\u015f \u00fczerine alt\u0131n kaplama olarak \u00fcretilen bu \u00f6zel par\u00e7a, kulak ve k\u0131k\u0131rdak kullan\u0131m\u0131na uygundur. \u00dcr\u00fcn \u00f6zellikleri Materyal: 925 Ayar G\u00fcm\u00fc\u015f \u00fczeri Alt\u0131n Kaplama Kullan\u0131m: Piercing (kulak \/ k\u0131k\u0131rdak uyumlu) Kapan\u0131\u015f Tipi: Vidal\u0131 (g\u00fcvenli kullan\u0131m) Bak\u0131m: Uzun s\u00fcreli parlakl\u0131k i\u00e7in su ve kimyasallarla temastan ka\u00e7\u0131n\u0131lmas\u0131 \u00f6nerilir\" \/>\n<meta property=\"og:url\" content=\"https:\/\/astrologelvan.com\/magaza\/urun\/pembe-tasli-piercing-925-ayar-gumus\/\" \/>\n<meta property=\"og:site_name\" content=\"Astrolog Elvan\" \/>\n<meta property=\"article:modified_time\" content=\"2026-01-12T16:24:08+00:00\" \/>\n<meta property=\"og:image\" content=\"https:\/\/astrologelvan.com\/magaza\/wp-content\/uploads\/2026\/01\/A1321114-63CC-4301-AFC6-BC47E72CB4A9.webp\" \/>\n\t<meta property=\"og:image:width\" content=\"1024\" \/>\n\t<meta property=\"og:image:height\" content=\"1536\" \/>\n\t<meta property=\"og:image:type\" content=\"image\/webp\" \/>\n<meta name=\"twitter:card\" content=\"summary_large_image\" \/>\n<script type=\"application\/ld+json\" class=\"yoast-schema-graph\">{\"@context\":\"https:\\\/\\\/schema.org\",\"@graph\":[{\"@type\":[\"WebPage\",\"ItemPage\"],\"@id\":\"https:\\\/\\\/astrologelvan.com\\\/magaza\\\/urun\\\/pembe-tasli-piercing-925-ayar-gumus\\\/\",\"url\":\"https:\\\/\\\/astrologelvan.com\\\/magaza\\\/urun\\\/pembe-tasli-piercing-925-ayar-gumus\\\/\",\"name\":\"Pembe Ta\u015fl\u0131 Piercing | 925 Ayar G\u00fcm\u00fc\u015f - Astrolog Elvan\",\"isPartOf\":{\"@id\":\"https:\\\/\\\/astrologelvan.com\\\/magaza\\\/#website\"},\"primaryImageOfPage\":{\"@id\":\"https:\\\/\\\/astrologelvan.com\\\/magaza\\\/urun\\\/pembe-tasli-piercing-925-ayar-gumus\\\/#primaryimage\"},\"image\":{\"@id\":\"https:\\\/\\\/astrologelvan.com\\\/magaza\\\/urun\\\/pembe-tasli-piercing-925-ayar-gumus\\\/#primaryimage\"},\"thumbnailUrl\":\"https:\\\/\\\/astrologelvan.com\\\/magaza\\\/wp-content\\\/uploads\\\/2026\\\/01\\\/A1321114-63CC-4301-AFC6-BC47E72CB4A9.webp\",\"datePublished\":\"2026-01-07T19:40:33+00:00\",\"dateModified\":\"2026-01-12T16:24:08+00:00\",\"breadcrumb\":{\"@id\":\"https:\\\/\\\/astrologelvan.com\\\/magaza\\\/urun\\\/pembe-tasli-piercing-925-ayar-gumus\\\/#breadcrumb\"},\"inLanguage\":\"tr\",\"potentialAction\":[{\"@type\":\"ReadAction\",\"target\":[\"https:\\\/\\\/astrologelvan.com\\\/magaza\\\/urun\\\/pembe-tasli-piercing-925-ayar-gumus\\\/\"]}]},{\"@type\":\"ImageObject\",\"inLanguage\":\"tr\",\"@id\":\"https:\\\/\\\/astrologelvan.com\\\/magaza\\\/urun\\\/pembe-tasli-piercing-925-ayar-gumus\\\/#primaryimage\",\"url\":\"https:\\\/\\\/astrologelvan.com\\\/magaza\\\/wp-content\\\/uploads\\\/2026\\\/01\\\/A1321114-63CC-4301-AFC6-BC47E72CB4A9.webp\",\"contentUrl\":\"https:\\\/\\\/astrologelvan.com\\\/magaza\\\/wp-content\\\/uploads\\\/2026\\\/01\\\/A1321114-63CC-4301-AFC6-BC47E72CB4A9.webp\",\"width\":1024,\"height\":1536},{\"@type\":\"BreadcrumbList\",\"@id\":\"https:\\\/\\\/astrologelvan.com\\\/magaza\\\/urun\\\/pembe-tasli-piercing-925-ayar-gumus\\\/#breadcrumb\",\"itemListElement\":[{\"@type\":\"ListItem\",\"position\":1,\"name\":\"Anasayfa\",\"item\":\"https:\\\/\\\/astrologelvan.com\\\/magaza\\\/\"},{\"@type\":\"ListItem\",\"position\":2,\"name\":\"Ma\u011faza\",\"item\":\"https:\\\/\\\/astrologelvan.com\\\/magaza\\\/magaza\\\/\"},{\"@type\":\"ListItem\",\"position\":3,\"name\":\"Pembe Ta\u015fl\u0131 Piercing | 925 Ayar G\u00fcm\u00fc\u015f\"}]},{\"@type\":\"WebSite\",\"@id\":\"https:\\\/\\\/astrologelvan.com\\\/magaza\\\/#website\",\"url\":\"https:\\\/\\\/astrologelvan.com\\\/magaza\\\/\",\"name\":\"Astrolog Elvan\",\"description\":\"\",\"potentialAction\":[{\"@type\":\"SearchAction\",\"target\":{\"@type\":\"EntryPoint\",\"urlTemplate\":\"https:\\\/\\\/astrologelvan.com\\\/magaza\\\/?s={search_term_string}\"},\"query-input\":{\"@type\":\"PropertyValueSpecification\",\"valueRequired\":true,\"valueName\":\"search_term_string\"}}],\"inLanguage\":\"tr\"}]}<\/script>\n<!-- \/ Yoast SEO plugin. -->","yoast_head_json":{"title":"Pembe Ta\u015fl\u0131 Piercing | 925 Ayar G\u00fcm\u00fc\u015f - Astrolog Elvan","robots":{"index":"index","follow":"follow","max-snippet":"max-snippet:-1","max-image-preview":"max-image-preview:large","max-video-preview":"max-video-preview:-1"},"canonical":"https:\/\/astrologelvan.com\/magaza\/urun\/pembe-tasli-piercing-925-ayar-gumus\/","og_locale":"tr_TR","og_type":"article","og_title":"Pembe Ta\u015fl\u0131 Piercing | 925 Ayar G\u00fcm\u00fc\u015f - Astrolog Elvan","og_description":"Zarif formu ve pembe ta\u015f detay\u0131yla \u00f6ne \u00e7\u0131kan bu ta\u015fl\u0131 minimal piercing, sade ama etkileyici bir stil arayanlar i\u00e7in tasarland\u0131. 925 ayar g\u00fcm\u00fc\u015f \u00fczerine alt\u0131n kaplama olarak \u00fcretilen bu \u00f6zel par\u00e7a, kulak ve k\u0131k\u0131rdak kullan\u0131m\u0131na uygundur. \u00dcr\u00fcn \u00f6zellikleri Materyal: 925 Ayar G\u00fcm\u00fc\u015f \u00fczeri Alt\u0131n Kaplama Kullan\u0131m: Piercing (kulak \/ k\u0131k\u0131rdak uyumlu) Kapan\u0131\u015f Tipi: Vidal\u0131 (g\u00fcvenli kullan\u0131m) Bak\u0131m: Uzun s\u00fcreli parlakl\u0131k i\u00e7in su ve kimyasallarla temastan ka\u00e7\u0131n\u0131lmas\u0131 \u00f6nerilir","og_url":"https:\/\/astrologelvan.com\/magaza\/urun\/pembe-tasli-piercing-925-ayar-gumus\/","og_site_name":"Astrolog Elvan","article_modified_time":"2026-01-12T16:24:08+00:00","og_image":[{"width":1024,"height":1536,"url":"https:\/\/astrologelvan.com\/magaza\/wp-content\/uploads\/2026\/01\/A1321114-63CC-4301-AFC6-BC47E72CB4A9.webp","type":"image\/webp"}],"twitter_card":"summary_large_image","schema":{"@context":"https:\/\/schema.org","@graph":[{"@type":["WebPage","ItemPage"],"@id":"https:\/\/astrologelvan.com\/magaza\/urun\/pembe-tasli-piercing-925-ayar-gumus\/","url":"https:\/\/astrologelvan.com\/magaza\/urun\/pembe-tasli-piercing-925-ayar-gumus\/","name":"Pembe Ta\u015fl\u0131 Piercing | 925 Ayar G\u00fcm\u00fc\u015f - Astrolog Elvan","isPartOf":{"@id":"https:\/\/astrologelvan.com\/magaza\/#website"},"primaryImageOfPage":{"@id":"https:\/\/astrologelvan.com\/magaza\/urun\/pembe-tasli-piercing-925-ayar-gumus\/#primaryimage"},"image":{"@id":"https:\/\/astrologelvan.com\/magaza\/urun\/pembe-tasli-piercing-925-ayar-gumus\/#primaryimage"},"thumbnailUrl":"https:\/\/astrologelvan.com\/magaza\/wp-content\/uploads\/2026\/01\/A1321114-63CC-4301-AFC6-BC47E72CB4A9.webp","datePublished":"2026-01-07T19:40:33+00:00","dateModified":"2026-01-12T16:24:08+00:00","breadcrumb":{"@id":"https:\/\/astrologelvan.com\/magaza\/urun\/pembe-tasli-piercing-925-ayar-gumus\/#breadcrumb"},"inLanguage":"tr","potentialAction":[{"@type":"ReadAction","target":["https:\/\/astrologelvan.com\/magaza\/urun\/pembe-tasli-piercing-925-ayar-gumus\/"]}]},{"@type":"ImageObject","inLanguage":"tr","@id":"https:\/\/astrologelvan.com\/magaza\/urun\/pembe-tasli-piercing-925-ayar-gumus\/#primaryimage","url":"https:\/\/astrologelvan.com\/magaza\/wp-content\/uploads\/2026\/01\/A1321114-63CC-4301-AFC6-BC47E72CB4A9.webp","contentUrl":"https:\/\/astrologelvan.com\/magaza\/wp-content\/uploads\/2026\/01\/A1321114-63CC-4301-AFC6-BC47E72CB4A9.webp","width":1024,"height":1536},{"@type":"BreadcrumbList","@id":"https:\/\/astrologelvan.com\/magaza\/urun\/pembe-tasli-piercing-925-ayar-gumus\/#breadcrumb","itemListElement":[{"@type":"ListItem","position":1,"name":"Anasayfa","item":"https:\/\/astrologelvan.com\/magaza\/"},{"@type":"ListItem","position":2,"name":"Ma\u011faza","item":"https:\/\/astrologelvan.com\/magaza\/magaza\/"},{"@type":"ListItem","position":3,"name":"Pembe Ta\u015fl\u0131 Piercing | 925 Ayar G\u00fcm\u00fc\u015f"}]},{"@type":"WebSite","@id":"https:\/\/astrologelvan.com\/magaza\/#website","url":"https:\/\/astrologelvan.com\/magaza\/","name":"Astrolog Elvan","description":"","potentialAction":[{"@type":"SearchAction","target":{"@type":"EntryPoint","urlTemplate":"https:\/\/astrologelvan.com\/magaza\/?s={search_term_string}"},"query-input":{"@type":"PropertyValueSpecification","valueRequired":true,"valueName":"search_term_string"}}],"inLanguage":"tr"}]}},"_links":{"self":[{"href":"https:\/\/astrologelvan.com\/magaza\/wp-json\/wp\/v2\/product\/145196","targetHints":{"allow":["GET"]}}],"collection":[{"href":"https:\/\/astrologelvan.com\/magaza\/wp-json\/wp\/v2\/product"}],"about":[{"href":"https:\/\/astrologelvan.com\/magaza\/wp-json\/wp\/v2\/types\/product"}],"replies":[{"embeddable":true,"href":"https:\/\/astrologelvan.com\/magaza\/wp-json\/wp\/v2\/comments?post=145196"}],"wp:featuredmedia":[{"embeddable":true,"href":"https:\/\/astrologelvan.com\/magaza\/wp-json\/wp\/v2\/media\/145198"}],"wp:attachment":[{"href":"https:\/\/astrologelvan.com\/magaza\/wp-json\/wp\/v2\/media?parent=145196"}],"wp:term":[{"taxonomy":"product_brand","embeddable":true,"href":"https:\/\/astrologelvan.com\/magaza\/wp-json\/wp\/v2\/product_brand?post=145196"},{"taxonomy":"product_cat","embeddable":true,"href":"https:\/\/astrologelvan.com\/magaza\/wp-json\/wp\/v2\/product_cat?post=145196"},{"taxonomy":"product_tag","embeddable":true,"href":"https:\/\/astrologelvan.com\/magaza\/wp-json\/wp\/v2\/product_tag?post=145196"}],"curies":[{"name":"wp","href":"https:\/\/api.w.org\/{rel}","templated":true}]}}