{"id":145193,"date":"2026-01-07T22:37:22","date_gmt":"2026-01-07T19:37:22","guid":{"rendered":"https:\/\/astrologelvan.com\/magaza\/?post_type=product&#038;p=145193"},"modified":"2026-01-12T19:24:08","modified_gmt":"2026-01-12T16:24:08","slug":"queen-piercing-925-ayar-gumus","status":"publish","type":"product","link":"https:\/\/astrologelvan.com\/magaza\/urun\/queen-piercing-925-ayar-gumus\/","title":{"rendered":"Queen Piercing | 925 Ayar G\u00fcm\u00fc\u015f"},"content":{"rendered":"","protected":false},"excerpt":{"rendered":"<p>Ta\u00e7 sembol\u00fcyle zarafeti ve g\u00fcc\u00fc bir araya getirir.<br \/>\n925 ayar g\u00fcm\u00fc\u015ften \u00fcretilen, zirkon ta\u015f detayl\u0131 bu \u00f6zel tasar\u0131m kulak ve k\u0131k\u0131rdak kullan\u0131m\u0131na uygundur. G\u00fcnl\u00fck kombinlere \u0131\u015f\u0131lt\u0131l\u0131 ve asil bir dokunu\u015f katar.<\/p>\n<p><strong>Materyal:<\/strong> 925 Ayar G\u00fcm\u00fc\u015f<br \/>\n<strong>Kullan\u0131m:<\/strong> Piercing (kulak \/ k\u0131k\u0131rdak uyumlu)<br \/>\n<strong>Kapan\u0131\u015f Tipi:<\/strong> Vidal\u0131 (g\u00fcvenli kullan\u0131m)<br \/>\n<strong>Bak\u0131m:<\/strong> Uzun s\u00fcreli parlakl\u0131k i\u00e7in su ve kimyasallarla temastan ka\u00e7\u0131n\u0131lmas\u0131 \u00f6nerilir<\/p>\n","protected":false},"featured_media":145194,"comment_status":"open","ping_status":"closed","template":"","meta":[],"product_brand":[596],"product_cat":[9558],"product_tag":[],"class_list":{"0":"post-145193","1":"product","2":"type-product","3":"status-publish","4":"has-post-thumbnail","6":"product_brand-astrolog-elvan","7":"product_cat-piercing","9":"first","10":"instock","11":"purchasable","12":"product-type-simple"},"yoast_head":"<!-- This site is optimized with the Yoast SEO plugin v27.3 - https:\/\/yoast.com\/product\/yoast-seo-wordpress\/ -->\n<title>Queen Piercing | 925 Ayar G\u00fcm\u00fc\u015f - Astrolog Elvan<\/title>\n<meta name=\"robots\" content=\"index, follow, max-snippet:-1, max-image-preview:large, max-video-preview:-1\" \/>\n<link rel=\"canonical\" href=\"https:\/\/astrologelvan.com\/magaza\/urun\/queen-piercing-925-ayar-gumus\/\" \/>\n<meta property=\"og:locale\" content=\"tr_TR\" \/>\n<meta property=\"og:type\" content=\"article\" \/>\n<meta property=\"og:title\" content=\"Queen Piercing | 925 Ayar G\u00fcm\u00fc\u015f - Astrolog Elvan\" \/>\n<meta property=\"og:description\" content=\"Ta\u00e7 sembol\u00fcyle zarafeti ve g\u00fcc\u00fc bir araya getirir. 925 ayar g\u00fcm\u00fc\u015ften \u00fcretilen, zirkon ta\u015f detayl\u0131 bu \u00f6zel tasar\u0131m kulak ve k\u0131k\u0131rdak kullan\u0131m\u0131na uygundur. G\u00fcnl\u00fck kombinlere \u0131\u015f\u0131lt\u0131l\u0131 ve asil bir dokunu\u015f katar.  Materyal: 925 Ayar G\u00fcm\u00fc\u015f Kullan\u0131m: Piercing (kulak \/ k\u0131k\u0131rdak uyumlu) Kapan\u0131\u015f Tipi: Vidal\u0131 (g\u00fcvenli kullan\u0131m) Bak\u0131m: Uzun s\u00fcreli parlakl\u0131k i\u00e7in su ve kimyasallarla temastan ka\u00e7\u0131n\u0131lmas\u0131 \u00f6nerilir\" \/>\n<meta property=\"og:url\" content=\"https:\/\/astrologelvan.com\/magaza\/urun\/queen-piercing-925-ayar-gumus\/\" \/>\n<meta property=\"og:site_name\" content=\"Astrolog Elvan\" \/>\n<meta property=\"article:modified_time\" content=\"2026-01-12T16:24:08+00:00\" \/>\n<meta property=\"og:image\" content=\"https:\/\/astrologelvan.com\/magaza\/wp-content\/uploads\/2026\/01\/2C0F9F56-C318-4C29-857A-CB700A1187A0-1.png\" \/>\n\t<meta property=\"og:image:width\" content=\"1536\" \/>\n\t<meta property=\"og:image:height\" content=\"1024\" \/>\n\t<meta property=\"og:image:type\" content=\"image\/png\" \/>\n<meta name=\"twitter:card\" content=\"summary_large_image\" \/>\n<script type=\"application\/ld+json\" class=\"yoast-schema-graph\">{\"@context\":\"https:\\\/\\\/schema.org\",\"@graph\":[{\"@type\":[\"WebPage\",\"ItemPage\"],\"@id\":\"https:\\\/\\\/astrologelvan.com\\\/magaza\\\/urun\\\/queen-piercing-925-ayar-gumus\\\/\",\"url\":\"https:\\\/\\\/astrologelvan.com\\\/magaza\\\/urun\\\/queen-piercing-925-ayar-gumus\\\/\",\"name\":\"Queen Piercing | 925 Ayar G\u00fcm\u00fc\u015f - Astrolog Elvan\",\"isPartOf\":{\"@id\":\"https:\\\/\\\/astrologelvan.com\\\/magaza\\\/#website\"},\"primaryImageOfPage\":{\"@id\":\"https:\\\/\\\/astrologelvan.com\\\/magaza\\\/urun\\\/queen-piercing-925-ayar-gumus\\\/#primaryimage\"},\"image\":{\"@id\":\"https:\\\/\\\/astrologelvan.com\\\/magaza\\\/urun\\\/queen-piercing-925-ayar-gumus\\\/#primaryimage\"},\"thumbnailUrl\":\"https:\\\/\\\/astrologelvan.com\\\/magaza\\\/wp-content\\\/uploads\\\/2026\\\/01\\\/2C0F9F56-C318-4C29-857A-CB700A1187A0-1.png\",\"datePublished\":\"2026-01-07T19:37:22+00:00\",\"dateModified\":\"2026-01-12T16:24:08+00:00\",\"breadcrumb\":{\"@id\":\"https:\\\/\\\/astrologelvan.com\\\/magaza\\\/urun\\\/queen-piercing-925-ayar-gumus\\\/#breadcrumb\"},\"inLanguage\":\"tr\",\"potentialAction\":[{\"@type\":\"ReadAction\",\"target\":[\"https:\\\/\\\/astrologelvan.com\\\/magaza\\\/urun\\\/queen-piercing-925-ayar-gumus\\\/\"]}]},{\"@type\":\"ImageObject\",\"inLanguage\":\"tr\",\"@id\":\"https:\\\/\\\/astrologelvan.com\\\/magaza\\\/urun\\\/queen-piercing-925-ayar-gumus\\\/#primaryimage\",\"url\":\"https:\\\/\\\/astrologelvan.com\\\/magaza\\\/wp-content\\\/uploads\\\/2026\\\/01\\\/2C0F9F56-C318-4C29-857A-CB700A1187A0-1.png\",\"contentUrl\":\"https:\\\/\\\/astrologelvan.com\\\/magaza\\\/wp-content\\\/uploads\\\/2026\\\/01\\\/2C0F9F56-C318-4C29-857A-CB700A1187A0-1.png\",\"width\":1536,\"height\":1024},{\"@type\":\"BreadcrumbList\",\"@id\":\"https:\\\/\\\/astrologelvan.com\\\/magaza\\\/urun\\\/queen-piercing-925-ayar-gumus\\\/#breadcrumb\",\"itemListElement\":[{\"@type\":\"ListItem\",\"position\":1,\"name\":\"Anasayfa\",\"item\":\"https:\\\/\\\/astrologelvan.com\\\/magaza\\\/\"},{\"@type\":\"ListItem\",\"position\":2,\"name\":\"Ma\u011faza\",\"item\":\"https:\\\/\\\/astrologelvan.com\\\/magaza\\\/magaza\\\/\"},{\"@type\":\"ListItem\",\"position\":3,\"name\":\"Queen Piercing | 925 Ayar G\u00fcm\u00fc\u015f\"}]},{\"@type\":\"WebSite\",\"@id\":\"https:\\\/\\\/astrologelvan.com\\\/magaza\\\/#website\",\"url\":\"https:\\\/\\\/astrologelvan.com\\\/magaza\\\/\",\"name\":\"Astrolog Elvan\",\"description\":\"\",\"potentialAction\":[{\"@type\":\"SearchAction\",\"target\":{\"@type\":\"EntryPoint\",\"urlTemplate\":\"https:\\\/\\\/astrologelvan.com\\\/magaza\\\/?s={search_term_string}\"},\"query-input\":{\"@type\":\"PropertyValueSpecification\",\"valueRequired\":true,\"valueName\":\"search_term_string\"}}],\"inLanguage\":\"tr\"}]}<\/script>\n<!-- \/ Yoast SEO plugin. -->","yoast_head_json":{"title":"Queen Piercing | 925 Ayar G\u00fcm\u00fc\u015f - Astrolog Elvan","robots":{"index":"index","follow":"follow","max-snippet":"max-snippet:-1","max-image-preview":"max-image-preview:large","max-video-preview":"max-video-preview:-1"},"canonical":"https:\/\/astrologelvan.com\/magaza\/urun\/queen-piercing-925-ayar-gumus\/","og_locale":"tr_TR","og_type":"article","og_title":"Queen Piercing | 925 Ayar G\u00fcm\u00fc\u015f - Astrolog Elvan","og_description":"Ta\u00e7 sembol\u00fcyle zarafeti ve g\u00fcc\u00fc bir araya getirir. 925 ayar g\u00fcm\u00fc\u015ften \u00fcretilen, zirkon ta\u015f detayl\u0131 bu \u00f6zel tasar\u0131m kulak ve k\u0131k\u0131rdak kullan\u0131m\u0131na uygundur. G\u00fcnl\u00fck kombinlere \u0131\u015f\u0131lt\u0131l\u0131 ve asil bir dokunu\u015f katar.  Materyal: 925 Ayar G\u00fcm\u00fc\u015f Kullan\u0131m: Piercing (kulak \/ k\u0131k\u0131rdak uyumlu) Kapan\u0131\u015f Tipi: Vidal\u0131 (g\u00fcvenli kullan\u0131m) Bak\u0131m: Uzun s\u00fcreli parlakl\u0131k i\u00e7in su ve kimyasallarla temastan ka\u00e7\u0131n\u0131lmas\u0131 \u00f6nerilir","og_url":"https:\/\/astrologelvan.com\/magaza\/urun\/queen-piercing-925-ayar-gumus\/","og_site_name":"Astrolog Elvan","article_modified_time":"2026-01-12T16:24:08+00:00","og_image":[{"width":1536,"height":1024,"url":"https:\/\/astrologelvan.com\/magaza\/wp-content\/uploads\/2026\/01\/2C0F9F56-C318-4C29-857A-CB700A1187A0-1.png","type":"image\/png"}],"twitter_card":"summary_large_image","schema":{"@context":"https:\/\/schema.org","@graph":[{"@type":["WebPage","ItemPage"],"@id":"https:\/\/astrologelvan.com\/magaza\/urun\/queen-piercing-925-ayar-gumus\/","url":"https:\/\/astrologelvan.com\/magaza\/urun\/queen-piercing-925-ayar-gumus\/","name":"Queen Piercing | 925 Ayar G\u00fcm\u00fc\u015f - Astrolog Elvan","isPartOf":{"@id":"https:\/\/astrologelvan.com\/magaza\/#website"},"primaryImageOfPage":{"@id":"https:\/\/astrologelvan.com\/magaza\/urun\/queen-piercing-925-ayar-gumus\/#primaryimage"},"image":{"@id":"https:\/\/astrologelvan.com\/magaza\/urun\/queen-piercing-925-ayar-gumus\/#primaryimage"},"thumbnailUrl":"https:\/\/astrologelvan.com\/magaza\/wp-content\/uploads\/2026\/01\/2C0F9F56-C318-4C29-857A-CB700A1187A0-1.png","datePublished":"2026-01-07T19:37:22+00:00","dateModified":"2026-01-12T16:24:08+00:00","breadcrumb":{"@id":"https:\/\/astrologelvan.com\/magaza\/urun\/queen-piercing-925-ayar-gumus\/#breadcrumb"},"inLanguage":"tr","potentialAction":[{"@type":"ReadAction","target":["https:\/\/astrologelvan.com\/magaza\/urun\/queen-piercing-925-ayar-gumus\/"]}]},{"@type":"ImageObject","inLanguage":"tr","@id":"https:\/\/astrologelvan.com\/magaza\/urun\/queen-piercing-925-ayar-gumus\/#primaryimage","url":"https:\/\/astrologelvan.com\/magaza\/wp-content\/uploads\/2026\/01\/2C0F9F56-C318-4C29-857A-CB700A1187A0-1.png","contentUrl":"https:\/\/astrologelvan.com\/magaza\/wp-content\/uploads\/2026\/01\/2C0F9F56-C318-4C29-857A-CB700A1187A0-1.png","width":1536,"height":1024},{"@type":"BreadcrumbList","@id":"https:\/\/astrologelvan.com\/magaza\/urun\/queen-piercing-925-ayar-gumus\/#breadcrumb","itemListElement":[{"@type":"ListItem","position":1,"name":"Anasayfa","item":"https:\/\/astrologelvan.com\/magaza\/"},{"@type":"ListItem","position":2,"name":"Ma\u011faza","item":"https:\/\/astrologelvan.com\/magaza\/magaza\/"},{"@type":"ListItem","position":3,"name":"Queen Piercing | 925 Ayar G\u00fcm\u00fc\u015f"}]},{"@type":"WebSite","@id":"https:\/\/astrologelvan.com\/magaza\/#website","url":"https:\/\/astrologelvan.com\/magaza\/","name":"Astrolog Elvan","description":"","potentialAction":[{"@type":"SearchAction","target":{"@type":"EntryPoint","urlTemplate":"https:\/\/astrologelvan.com\/magaza\/?s={search_term_string}"},"query-input":{"@type":"PropertyValueSpecification","valueRequired":true,"valueName":"search_term_string"}}],"inLanguage":"tr"}]}},"_links":{"self":[{"href":"https:\/\/astrologelvan.com\/magaza\/wp-json\/wp\/v2\/product\/145193","targetHints":{"allow":["GET"]}}],"collection":[{"href":"https:\/\/astrologelvan.com\/magaza\/wp-json\/wp\/v2\/product"}],"about":[{"href":"https:\/\/astrologelvan.com\/magaza\/wp-json\/wp\/v2\/types\/product"}],"replies":[{"embeddable":true,"href":"https:\/\/astrologelvan.com\/magaza\/wp-json\/wp\/v2\/comments?post=145193"}],"wp:featuredmedia":[{"embeddable":true,"href":"https:\/\/astrologelvan.com\/magaza\/wp-json\/wp\/v2\/media\/145194"}],"wp:attachment":[{"href":"https:\/\/astrologelvan.com\/magaza\/wp-json\/wp\/v2\/media?parent=145193"}],"wp:term":[{"taxonomy":"product_brand","embeddable":true,"href":"https:\/\/astrologelvan.com\/magaza\/wp-json\/wp\/v2\/product_brand?post=145193"},{"taxonomy":"product_cat","embeddable":true,"href":"https:\/\/astrologelvan.com\/magaza\/wp-json\/wp\/v2\/product_cat?post=145193"},{"taxonomy":"product_tag","embeddable":true,"href":"https:\/\/astrologelvan.com\/magaza\/wp-json\/wp\/v2\/product_tag?post=145193"}],"curies":[{"name":"wp","href":"https:\/\/api.w.org\/{rel}","templated":true}]}}