{"id":145191,"date":"2026-01-07T22:35:03","date_gmt":"2026-01-07T19:35:03","guid":{"rendered":"https:\/\/astrologelvan.com\/magaza\/?post_type=product&#038;p=145191"},"modified":"2026-01-15T00:35:55","modified_gmt":"2026-01-14T21:35:55","slug":"snake-piercing-925-ayar-gumus-uzeri-altin-kaplama","status":"publish","type":"product","link":"https:\/\/astrologelvan.com\/magaza\/urun\/snake-piercing-925-ayar-gumus-uzeri-altin-kaplama\/","title":{"rendered":"Snake Piercing |\u00a0925 Ayar G\u00fcm\u00fc\u015f \u00dczeri Alt\u0131n Kaplama"},"content":{"rendered":"","protected":false},"excerpt":{"rendered":"<p>G\u00fcc\u00fcn, d\u00f6n\u00fc\u015f\u00fcm\u00fcn ve yeniden do\u011fu\u015fun sembol\u00fc olan y\u0131lan deseni, bu \u00f6zel piercing tasar\u0131m\u0131nda zarif bir yorumla bulu\u015fuyor.<br \/>\n925 ayar g\u00fcm\u00fc\u015f \u00fczerine alt\u0131n kaplama olarak \u00fcretilen bu \u015f\u0131k par\u00e7a, u\u00e7 k\u0131sm\u0131ndaki \u0131\u015f\u0131lt\u0131l\u0131 ta\u015f detay\u0131yla modern ve dikkat \u00e7ekici bir g\u00f6r\u00fcn\u00fcm sunar.<br \/>\n\u00dcr\u00fcn \u00f6zellikleri<br \/>\n<strong>Materyal:<\/strong> 925 Ayar G\u00fcm\u00fc\u015f \u00fczeri Alt\u0131n Kaplama Zirkon Ta\u015f<br \/>\n<strong>Kullan\u0131m:<\/strong> Piercing (kulak \/ k\u0131k\u0131rdak uyumlu)<br \/>\n<strong>Kapan\u0131\u015f Tipi:<\/strong> Vidal\u0131 (g\u00fcvenli kullan\u0131m)<br \/>\n<strong>Bak\u0131m:<\/strong> Uzun s\u00fcreli parlakl\u0131k i\u00e7in su ve kimyasallarla temastan ka\u00e7\u0131n\u0131lmas\u0131 \u00f6nerilir<\/p>\n","protected":false},"featured_media":145192,"comment_status":"open","ping_status":"closed","template":"","meta":[],"product_brand":[596],"product_cat":[9558],"product_tag":[],"class_list":{"0":"post-145191","1":"product","2":"type-product","3":"status-publish","4":"has-post-thumbnail","6":"product_brand-astrolog-elvan","7":"product_cat-piercing","9":"first","10":"instock","11":"purchasable","12":"product-type-simple"},"yoast_head":"<!-- This site is optimized with the Yoast SEO plugin v27.3 - https:\/\/yoast.com\/product\/yoast-seo-wordpress\/ -->\n<title>Snake Piercing |\u00a0925 Ayar G\u00fcm\u00fc\u015f \u00dczeri Alt\u0131n Kaplama - Astrolog Elvan<\/title>\n<meta name=\"robots\" content=\"index, follow, max-snippet:-1, max-image-preview:large, max-video-preview:-1\" \/>\n<link rel=\"canonical\" href=\"https:\/\/astrologelvan.com\/magaza\/urun\/snake-piercing-925-ayar-gumus-uzeri-altin-kaplama\/\" \/>\n<meta property=\"og:locale\" content=\"tr_TR\" \/>\n<meta property=\"og:type\" content=\"article\" \/>\n<meta property=\"og:title\" content=\"Snake Piercing |\u00a0925 Ayar G\u00fcm\u00fc\u015f \u00dczeri Alt\u0131n Kaplama - Astrolog Elvan\" \/>\n<meta property=\"og:description\" content=\"G\u00fcc\u00fcn, d\u00f6n\u00fc\u015f\u00fcm\u00fcn ve yeniden do\u011fu\u015fun sembol\u00fc olan y\u0131lan deseni, bu \u00f6zel piercing tasar\u0131m\u0131nda zarif bir yorumla bulu\u015fuyor. 925 ayar g\u00fcm\u00fc\u015f \u00fczerine alt\u0131n kaplama olarak \u00fcretilen bu \u015f\u0131k par\u00e7a, u\u00e7 k\u0131sm\u0131ndaki \u0131\u015f\u0131lt\u0131l\u0131 ta\u015f detay\u0131yla modern ve dikkat \u00e7ekici bir g\u00f6r\u00fcn\u00fcm sunar. \u00dcr\u00fcn \u00f6zellikleri Materyal: 925 Ayar G\u00fcm\u00fc\u015f \u00fczeri Alt\u0131n Kaplama Zirkon Ta\u015f Kullan\u0131m: Piercing (kulak \/ k\u0131k\u0131rdak uyumlu) Kapan\u0131\u015f Tipi: Vidal\u0131 (g\u00fcvenli kullan\u0131m) Bak\u0131m: Uzun s\u00fcreli parlakl\u0131k i\u00e7in su ve kimyasallarla temastan ka\u00e7\u0131n\u0131lmas\u0131 \u00f6nerilir\" \/>\n<meta property=\"og:url\" content=\"https:\/\/astrologelvan.com\/magaza\/urun\/snake-piercing-925-ayar-gumus-uzeri-altin-kaplama\/\" \/>\n<meta property=\"og:site_name\" content=\"Astrolog Elvan\" \/>\n<meta property=\"article:modified_time\" content=\"2026-01-14T21:35:55+00:00\" \/>\n<meta property=\"og:image\" content=\"https:\/\/astrologelvan.com\/magaza\/wp-content\/uploads\/2026\/01\/37C4BE25-BEDF-40C3-901F-AE11E2846EB4-2-1.png\" \/>\n\t<meta property=\"og:image:width\" content=\"1024\" \/>\n\t<meta property=\"og:image:height\" content=\"1536\" \/>\n\t<meta property=\"og:image:type\" content=\"image\/png\" \/>\n<meta name=\"twitter:card\" content=\"summary_large_image\" \/>\n<script type=\"application\/ld+json\" class=\"yoast-schema-graph\">{\"@context\":\"https:\\\/\\\/schema.org\",\"@graph\":[{\"@type\":[\"WebPage\",\"ItemPage\"],\"@id\":\"https:\\\/\\\/astrologelvan.com\\\/magaza\\\/urun\\\/snake-piercing-925-ayar-gumus-uzeri-altin-kaplama\\\/\",\"url\":\"https:\\\/\\\/astrologelvan.com\\\/magaza\\\/urun\\\/snake-piercing-925-ayar-gumus-uzeri-altin-kaplama\\\/\",\"name\":\"Snake Piercing |\u00a0925 Ayar G\u00fcm\u00fc\u015f \u00dczeri Alt\u0131n Kaplama - Astrolog Elvan\",\"isPartOf\":{\"@id\":\"https:\\\/\\\/astrologelvan.com\\\/magaza\\\/#website\"},\"primaryImageOfPage\":{\"@id\":\"https:\\\/\\\/astrologelvan.com\\\/magaza\\\/urun\\\/snake-piercing-925-ayar-gumus-uzeri-altin-kaplama\\\/#primaryimage\"},\"image\":{\"@id\":\"https:\\\/\\\/astrologelvan.com\\\/magaza\\\/urun\\\/snake-piercing-925-ayar-gumus-uzeri-altin-kaplama\\\/#primaryimage\"},\"thumbnailUrl\":\"https:\\\/\\\/astrologelvan.com\\\/magaza\\\/wp-content\\\/uploads\\\/2026\\\/01\\\/37C4BE25-BEDF-40C3-901F-AE11E2846EB4-2-1.png\",\"datePublished\":\"2026-01-07T19:35:03+00:00\",\"dateModified\":\"2026-01-14T21:35:55+00:00\",\"breadcrumb\":{\"@id\":\"https:\\\/\\\/astrologelvan.com\\\/magaza\\\/urun\\\/snake-piercing-925-ayar-gumus-uzeri-altin-kaplama\\\/#breadcrumb\"},\"inLanguage\":\"tr\",\"potentialAction\":[{\"@type\":\"ReadAction\",\"target\":[\"https:\\\/\\\/astrologelvan.com\\\/magaza\\\/urun\\\/snake-piercing-925-ayar-gumus-uzeri-altin-kaplama\\\/\"]}]},{\"@type\":\"ImageObject\",\"inLanguage\":\"tr\",\"@id\":\"https:\\\/\\\/astrologelvan.com\\\/magaza\\\/urun\\\/snake-piercing-925-ayar-gumus-uzeri-altin-kaplama\\\/#primaryimage\",\"url\":\"https:\\\/\\\/astrologelvan.com\\\/magaza\\\/wp-content\\\/uploads\\\/2026\\\/01\\\/37C4BE25-BEDF-40C3-901F-AE11E2846EB4-2-1.png\",\"contentUrl\":\"https:\\\/\\\/astrologelvan.com\\\/magaza\\\/wp-content\\\/uploads\\\/2026\\\/01\\\/37C4BE25-BEDF-40C3-901F-AE11E2846EB4-2-1.png\",\"width\":1024,\"height\":1536},{\"@type\":\"BreadcrumbList\",\"@id\":\"https:\\\/\\\/astrologelvan.com\\\/magaza\\\/urun\\\/snake-piercing-925-ayar-gumus-uzeri-altin-kaplama\\\/#breadcrumb\",\"itemListElement\":[{\"@type\":\"ListItem\",\"position\":1,\"name\":\"Anasayfa\",\"item\":\"https:\\\/\\\/astrologelvan.com\\\/magaza\\\/\"},{\"@type\":\"ListItem\",\"position\":2,\"name\":\"Ma\u011faza\",\"item\":\"https:\\\/\\\/astrologelvan.com\\\/magaza\\\/magaza\\\/\"},{\"@type\":\"ListItem\",\"position\":3,\"name\":\"Snake Piercing |\u00a0925 Ayar G\u00fcm\u00fc\u015f \u00dczeri Alt\u0131n Kaplama\"}]},{\"@type\":\"WebSite\",\"@id\":\"https:\\\/\\\/astrologelvan.com\\\/magaza\\\/#website\",\"url\":\"https:\\\/\\\/astrologelvan.com\\\/magaza\\\/\",\"name\":\"Astrolog Elvan\",\"description\":\"\",\"potentialAction\":[{\"@type\":\"SearchAction\",\"target\":{\"@type\":\"EntryPoint\",\"urlTemplate\":\"https:\\\/\\\/astrologelvan.com\\\/magaza\\\/?s={search_term_string}\"},\"query-input\":{\"@type\":\"PropertyValueSpecification\",\"valueRequired\":true,\"valueName\":\"search_term_string\"}}],\"inLanguage\":\"tr\"}]}<\/script>\n<!-- \/ Yoast SEO plugin. -->","yoast_head_json":{"title":"Snake Piercing |\u00a0925 Ayar G\u00fcm\u00fc\u015f \u00dczeri Alt\u0131n Kaplama - Astrolog Elvan","robots":{"index":"index","follow":"follow","max-snippet":"max-snippet:-1","max-image-preview":"max-image-preview:large","max-video-preview":"max-video-preview:-1"},"canonical":"https:\/\/astrologelvan.com\/magaza\/urun\/snake-piercing-925-ayar-gumus-uzeri-altin-kaplama\/","og_locale":"tr_TR","og_type":"article","og_title":"Snake Piercing |\u00a0925 Ayar G\u00fcm\u00fc\u015f \u00dczeri Alt\u0131n Kaplama - Astrolog Elvan","og_description":"G\u00fcc\u00fcn, d\u00f6n\u00fc\u015f\u00fcm\u00fcn ve yeniden do\u011fu\u015fun sembol\u00fc olan y\u0131lan deseni, bu \u00f6zel piercing tasar\u0131m\u0131nda zarif bir yorumla bulu\u015fuyor. 925 ayar g\u00fcm\u00fc\u015f \u00fczerine alt\u0131n kaplama olarak \u00fcretilen bu \u015f\u0131k par\u00e7a, u\u00e7 k\u0131sm\u0131ndaki \u0131\u015f\u0131lt\u0131l\u0131 ta\u015f detay\u0131yla modern ve dikkat \u00e7ekici bir g\u00f6r\u00fcn\u00fcm sunar. \u00dcr\u00fcn \u00f6zellikleri Materyal: 925 Ayar G\u00fcm\u00fc\u015f \u00fczeri Alt\u0131n Kaplama Zirkon Ta\u015f Kullan\u0131m: Piercing (kulak \/ k\u0131k\u0131rdak uyumlu) Kapan\u0131\u015f Tipi: Vidal\u0131 (g\u00fcvenli kullan\u0131m) Bak\u0131m: Uzun s\u00fcreli parlakl\u0131k i\u00e7in su ve kimyasallarla temastan ka\u00e7\u0131n\u0131lmas\u0131 \u00f6nerilir","og_url":"https:\/\/astrologelvan.com\/magaza\/urun\/snake-piercing-925-ayar-gumus-uzeri-altin-kaplama\/","og_site_name":"Astrolog Elvan","article_modified_time":"2026-01-14T21:35:55+00:00","og_image":[{"width":1024,"height":1536,"url":"https:\/\/astrologelvan.com\/magaza\/wp-content\/uploads\/2026\/01\/37C4BE25-BEDF-40C3-901F-AE11E2846EB4-2-1.png","type":"image\/png"}],"twitter_card":"summary_large_image","schema":{"@context":"https:\/\/schema.org","@graph":[{"@type":["WebPage","ItemPage"],"@id":"https:\/\/astrologelvan.com\/magaza\/urun\/snake-piercing-925-ayar-gumus-uzeri-altin-kaplama\/","url":"https:\/\/astrologelvan.com\/magaza\/urun\/snake-piercing-925-ayar-gumus-uzeri-altin-kaplama\/","name":"Snake Piercing |\u00a0925 Ayar G\u00fcm\u00fc\u015f \u00dczeri Alt\u0131n Kaplama - Astrolog Elvan","isPartOf":{"@id":"https:\/\/astrologelvan.com\/magaza\/#website"},"primaryImageOfPage":{"@id":"https:\/\/astrologelvan.com\/magaza\/urun\/snake-piercing-925-ayar-gumus-uzeri-altin-kaplama\/#primaryimage"},"image":{"@id":"https:\/\/astrologelvan.com\/magaza\/urun\/snake-piercing-925-ayar-gumus-uzeri-altin-kaplama\/#primaryimage"},"thumbnailUrl":"https:\/\/astrologelvan.com\/magaza\/wp-content\/uploads\/2026\/01\/37C4BE25-BEDF-40C3-901F-AE11E2846EB4-2-1.png","datePublished":"2026-01-07T19:35:03+00:00","dateModified":"2026-01-14T21:35:55+00:00","breadcrumb":{"@id":"https:\/\/astrologelvan.com\/magaza\/urun\/snake-piercing-925-ayar-gumus-uzeri-altin-kaplama\/#breadcrumb"},"inLanguage":"tr","potentialAction":[{"@type":"ReadAction","target":["https:\/\/astrologelvan.com\/magaza\/urun\/snake-piercing-925-ayar-gumus-uzeri-altin-kaplama\/"]}]},{"@type":"ImageObject","inLanguage":"tr","@id":"https:\/\/astrologelvan.com\/magaza\/urun\/snake-piercing-925-ayar-gumus-uzeri-altin-kaplama\/#primaryimage","url":"https:\/\/astrologelvan.com\/magaza\/wp-content\/uploads\/2026\/01\/37C4BE25-BEDF-40C3-901F-AE11E2846EB4-2-1.png","contentUrl":"https:\/\/astrologelvan.com\/magaza\/wp-content\/uploads\/2026\/01\/37C4BE25-BEDF-40C3-901F-AE11E2846EB4-2-1.png","width":1024,"height":1536},{"@type":"BreadcrumbList","@id":"https:\/\/astrologelvan.com\/magaza\/urun\/snake-piercing-925-ayar-gumus-uzeri-altin-kaplama\/#breadcrumb","itemListElement":[{"@type":"ListItem","position":1,"name":"Anasayfa","item":"https:\/\/astrologelvan.com\/magaza\/"},{"@type":"ListItem","position":2,"name":"Ma\u011faza","item":"https:\/\/astrologelvan.com\/magaza\/magaza\/"},{"@type":"ListItem","position":3,"name":"Snake Piercing |\u00a0925 Ayar G\u00fcm\u00fc\u015f \u00dczeri Alt\u0131n Kaplama"}]},{"@type":"WebSite","@id":"https:\/\/astrologelvan.com\/magaza\/#website","url":"https:\/\/astrologelvan.com\/magaza\/","name":"Astrolog Elvan","description":"","potentialAction":[{"@type":"SearchAction","target":{"@type":"EntryPoint","urlTemplate":"https:\/\/astrologelvan.com\/magaza\/?s={search_term_string}"},"query-input":{"@type":"PropertyValueSpecification","valueRequired":true,"valueName":"search_term_string"}}],"inLanguage":"tr"}]}},"_links":{"self":[{"href":"https:\/\/astrologelvan.com\/magaza\/wp-json\/wp\/v2\/product\/145191","targetHints":{"allow":["GET"]}}],"collection":[{"href":"https:\/\/astrologelvan.com\/magaza\/wp-json\/wp\/v2\/product"}],"about":[{"href":"https:\/\/astrologelvan.com\/magaza\/wp-json\/wp\/v2\/types\/product"}],"replies":[{"embeddable":true,"href":"https:\/\/astrologelvan.com\/magaza\/wp-json\/wp\/v2\/comments?post=145191"}],"wp:featuredmedia":[{"embeddable":true,"href":"https:\/\/astrologelvan.com\/magaza\/wp-json\/wp\/v2\/media\/145192"}],"wp:attachment":[{"href":"https:\/\/astrologelvan.com\/magaza\/wp-json\/wp\/v2\/media?parent=145191"}],"wp:term":[{"taxonomy":"product_brand","embeddable":true,"href":"https:\/\/astrologelvan.com\/magaza\/wp-json\/wp\/v2\/product_brand?post=145191"},{"taxonomy":"product_cat","embeddable":true,"href":"https:\/\/astrologelvan.com\/magaza\/wp-json\/wp\/v2\/product_cat?post=145191"},{"taxonomy":"product_tag","embeddable":true,"href":"https:\/\/astrologelvan.com\/magaza\/wp-json\/wp\/v2\/product_tag?post=145191"}],"curies":[{"name":"wp","href":"https:\/\/api.w.org\/{rel}","templated":true}]}}