{"id":145185,"date":"2026-01-07T22:30:43","date_gmt":"2026-01-07T19:30:43","guid":{"rendered":"https:\/\/astrologelvan.com\/magaza\/?post_type=product&#038;p=145185"},"modified":"2026-01-07T22:30:44","modified_gmt":"2026-01-07T19:30:44","slug":"inci-detayli-halka-piercing-925-ayar-gumus-uzeri-altin-kaplama","status":"publish","type":"product","link":"https:\/\/astrologelvan.com\/magaza\/urun\/inci-detayli-halka-piercing-925-ayar-gumus-uzeri-altin-kaplama\/","title":{"rendered":"\u0130nci Detayl\u0131 Halka Piercing | 925 Ayar G\u00fcm\u00fc\u015f \u00dczeri Alt\u0131n Kaplama"},"content":{"rendered":"","protected":false},"excerpt":{"rendered":"<p>925 ayar g\u00fcm\u00fc\u015f \u00fczerine alt\u0131n kaplama olarak \u00fcretilmi\u015ftir. Zarif inci detaylar\u0131yla kulak ve k\u0131k\u0131rdak kullan\u0131m\u0131na uygundur. G\u00fcnl\u00fck ve \u015f\u0131k kombinler i\u00e7in ideal bir tamamlay\u0131c\u0131d\u0131r.<br \/>\n\u00dcr\u00fcn \u00d6zellikleri<br \/>\n<strong>Materyal:<\/strong> 925 Ayar G\u00fcm\u00fc\u015f Alt\u0131n Kaplama<br \/>\n<strong>Kullan\u0131m Alan\u0131:<\/strong> Kulak \/ K\u0131k\u0131rdak\u2060<br \/>\n<strong>\u2060Alerji Durumu:<\/strong> Nikel i\u00e7ermez<br \/>\n<strong>\u2060Bak\u0131m:<\/strong> Su, parf\u00fcm ve kimyasal \u00fcr\u00fcnlerle temas\u0131ndan ka\u00e7\u0131n\u0131lmas\u0131 \u00f6nerilir<\/p>\n","protected":false},"featured_media":145186,"comment_status":"open","ping_status":"closed","template":"","meta":[],"product_brand":[596],"product_cat":[9558],"product_tag":[],"class_list":{"0":"post-145185","1":"product","2":"type-product","3":"status-publish","4":"has-post-thumbnail","6":"product_brand-astrolog-elvan","7":"product_cat-piercing","9":"first","10":"instock","11":"purchasable","12":"product-type-simple"},"yoast_head":"<!-- This site is optimized with the Yoast SEO plugin v27.3 - https:\/\/yoast.com\/product\/yoast-seo-wordpress\/ -->\n<title>\u0130nci Detayl\u0131 Halka Piercing | 925 Ayar G\u00fcm\u00fc\u015f \u00dczeri Alt\u0131n Kaplama - Astrolog Elvan<\/title>\n<meta name=\"robots\" content=\"index, follow, max-snippet:-1, max-image-preview:large, max-video-preview:-1\" \/>\n<link rel=\"canonical\" href=\"https:\/\/astrologelvan.com\/magaza\/urun\/inci-detayli-halka-piercing-925-ayar-gumus-uzeri-altin-kaplama\/\" \/>\n<meta property=\"og:locale\" content=\"tr_TR\" \/>\n<meta property=\"og:type\" content=\"article\" \/>\n<meta property=\"og:title\" content=\"\u0130nci Detayl\u0131 Halka Piercing | 925 Ayar G\u00fcm\u00fc\u015f \u00dczeri Alt\u0131n Kaplama - Astrolog Elvan\" \/>\n<meta property=\"og:description\" content=\"925 ayar g\u00fcm\u00fc\u015f \u00fczerine alt\u0131n kaplama olarak \u00fcretilmi\u015ftir. Zarif inci detaylar\u0131yla kulak ve k\u0131k\u0131rdak kullan\u0131m\u0131na uygundur. G\u00fcnl\u00fck ve \u015f\u0131k kombinler i\u00e7in ideal bir tamamlay\u0131c\u0131d\u0131r. \u00dcr\u00fcn \u00d6zellikleri Materyal: 925 Ayar G\u00fcm\u00fc\u015f Alt\u0131n Kaplama Kullan\u0131m Alan\u0131: Kulak \/ K\u0131k\u0131rdak\u2060 \u2060Alerji Durumu: Nikel i\u00e7ermez \u2060Bak\u0131m: Su, parf\u00fcm ve kimyasal \u00fcr\u00fcnlerle temas\u0131ndan ka\u00e7\u0131n\u0131lmas\u0131 \u00f6nerilir\" \/>\n<meta property=\"og:url\" content=\"https:\/\/astrologelvan.com\/magaza\/urun\/inci-detayli-halka-piercing-925-ayar-gumus-uzeri-altin-kaplama\/\" \/>\n<meta property=\"og:site_name\" content=\"Astrolog Elvan\" \/>\n<meta property=\"article:modified_time\" content=\"2026-01-07T19:30:44+00:00\" \/>\n<meta property=\"og:image\" content=\"https:\/\/astrologelvan.com\/magaza\/wp-content\/uploads\/2026\/01\/E6F80232-D837-418D-B66A-0EEC3ED776D0.webp\" \/>\n\t<meta property=\"og:image:width\" content=\"1024\" \/>\n\t<meta property=\"og:image:height\" content=\"1536\" \/>\n\t<meta property=\"og:image:type\" content=\"image\/webp\" \/>\n<meta name=\"twitter:card\" content=\"summary_large_image\" \/>\n<script type=\"application\/ld+json\" class=\"yoast-schema-graph\">{\"@context\":\"https:\\\/\\\/schema.org\",\"@graph\":[{\"@type\":[\"WebPage\",\"ItemPage\"],\"@id\":\"https:\\\/\\\/astrologelvan.com\\\/magaza\\\/urun\\\/inci-detayli-halka-piercing-925-ayar-gumus-uzeri-altin-kaplama\\\/\",\"url\":\"https:\\\/\\\/astrologelvan.com\\\/magaza\\\/urun\\\/inci-detayli-halka-piercing-925-ayar-gumus-uzeri-altin-kaplama\\\/\",\"name\":\"\u0130nci Detayl\u0131 Halka Piercing | 925 Ayar G\u00fcm\u00fc\u015f \u00dczeri Alt\u0131n Kaplama - Astrolog Elvan\",\"isPartOf\":{\"@id\":\"https:\\\/\\\/astrologelvan.com\\\/magaza\\\/#website\"},\"primaryImageOfPage\":{\"@id\":\"https:\\\/\\\/astrologelvan.com\\\/magaza\\\/urun\\\/inci-detayli-halka-piercing-925-ayar-gumus-uzeri-altin-kaplama\\\/#primaryimage\"},\"image\":{\"@id\":\"https:\\\/\\\/astrologelvan.com\\\/magaza\\\/urun\\\/inci-detayli-halka-piercing-925-ayar-gumus-uzeri-altin-kaplama\\\/#primaryimage\"},\"thumbnailUrl\":\"https:\\\/\\\/astrologelvan.com\\\/magaza\\\/wp-content\\\/uploads\\\/2026\\\/01\\\/E6F80232-D837-418D-B66A-0EEC3ED776D0.webp\",\"datePublished\":\"2026-01-07T19:30:43+00:00\",\"dateModified\":\"2026-01-07T19:30:44+00:00\",\"breadcrumb\":{\"@id\":\"https:\\\/\\\/astrologelvan.com\\\/magaza\\\/urun\\\/inci-detayli-halka-piercing-925-ayar-gumus-uzeri-altin-kaplama\\\/#breadcrumb\"},\"inLanguage\":\"tr\",\"potentialAction\":[{\"@type\":\"ReadAction\",\"target\":[\"https:\\\/\\\/astrologelvan.com\\\/magaza\\\/urun\\\/inci-detayli-halka-piercing-925-ayar-gumus-uzeri-altin-kaplama\\\/\"]}]},{\"@type\":\"ImageObject\",\"inLanguage\":\"tr\",\"@id\":\"https:\\\/\\\/astrologelvan.com\\\/magaza\\\/urun\\\/inci-detayli-halka-piercing-925-ayar-gumus-uzeri-altin-kaplama\\\/#primaryimage\",\"url\":\"https:\\\/\\\/astrologelvan.com\\\/magaza\\\/wp-content\\\/uploads\\\/2026\\\/01\\\/E6F80232-D837-418D-B66A-0EEC3ED776D0.webp\",\"contentUrl\":\"https:\\\/\\\/astrologelvan.com\\\/magaza\\\/wp-content\\\/uploads\\\/2026\\\/01\\\/E6F80232-D837-418D-B66A-0EEC3ED776D0.webp\",\"width\":1024,\"height\":1536},{\"@type\":\"BreadcrumbList\",\"@id\":\"https:\\\/\\\/astrologelvan.com\\\/magaza\\\/urun\\\/inci-detayli-halka-piercing-925-ayar-gumus-uzeri-altin-kaplama\\\/#breadcrumb\",\"itemListElement\":[{\"@type\":\"ListItem\",\"position\":1,\"name\":\"Anasayfa\",\"item\":\"https:\\\/\\\/astrologelvan.com\\\/magaza\\\/\"},{\"@type\":\"ListItem\",\"position\":2,\"name\":\"Ma\u011faza\",\"item\":\"https:\\\/\\\/astrologelvan.com\\\/magaza\\\/magaza\\\/\"},{\"@type\":\"ListItem\",\"position\":3,\"name\":\"\u0130nci Detayl\u0131 Halka Piercing | 925 Ayar G\u00fcm\u00fc\u015f \u00dczeri Alt\u0131n Kaplama\"}]},{\"@type\":\"WebSite\",\"@id\":\"https:\\\/\\\/astrologelvan.com\\\/magaza\\\/#website\",\"url\":\"https:\\\/\\\/astrologelvan.com\\\/magaza\\\/\",\"name\":\"Astrolog Elvan\",\"description\":\"\",\"potentialAction\":[{\"@type\":\"SearchAction\",\"target\":{\"@type\":\"EntryPoint\",\"urlTemplate\":\"https:\\\/\\\/astrologelvan.com\\\/magaza\\\/?s={search_term_string}\"},\"query-input\":{\"@type\":\"PropertyValueSpecification\",\"valueRequired\":true,\"valueName\":\"search_term_string\"}}],\"inLanguage\":\"tr\"}]}<\/script>\n<!-- \/ Yoast SEO plugin. -->","yoast_head_json":{"title":"\u0130nci Detayl\u0131 Halka Piercing | 925 Ayar G\u00fcm\u00fc\u015f \u00dczeri Alt\u0131n Kaplama - Astrolog Elvan","robots":{"index":"index","follow":"follow","max-snippet":"max-snippet:-1","max-image-preview":"max-image-preview:large","max-video-preview":"max-video-preview:-1"},"canonical":"https:\/\/astrologelvan.com\/magaza\/urun\/inci-detayli-halka-piercing-925-ayar-gumus-uzeri-altin-kaplama\/","og_locale":"tr_TR","og_type":"article","og_title":"\u0130nci Detayl\u0131 Halka Piercing | 925 Ayar G\u00fcm\u00fc\u015f \u00dczeri Alt\u0131n Kaplama - Astrolog Elvan","og_description":"925 ayar g\u00fcm\u00fc\u015f \u00fczerine alt\u0131n kaplama olarak \u00fcretilmi\u015ftir. Zarif inci detaylar\u0131yla kulak ve k\u0131k\u0131rdak kullan\u0131m\u0131na uygundur. G\u00fcnl\u00fck ve \u015f\u0131k kombinler i\u00e7in ideal bir tamamlay\u0131c\u0131d\u0131r. \u00dcr\u00fcn \u00d6zellikleri Materyal: 925 Ayar G\u00fcm\u00fc\u015f Alt\u0131n Kaplama Kullan\u0131m Alan\u0131: Kulak \/ K\u0131k\u0131rdak\u2060 \u2060Alerji Durumu: Nikel i\u00e7ermez \u2060Bak\u0131m: Su, parf\u00fcm ve kimyasal \u00fcr\u00fcnlerle temas\u0131ndan ka\u00e7\u0131n\u0131lmas\u0131 \u00f6nerilir","og_url":"https:\/\/astrologelvan.com\/magaza\/urun\/inci-detayli-halka-piercing-925-ayar-gumus-uzeri-altin-kaplama\/","og_site_name":"Astrolog Elvan","article_modified_time":"2026-01-07T19:30:44+00:00","og_image":[{"width":1024,"height":1536,"url":"https:\/\/astrologelvan.com\/magaza\/wp-content\/uploads\/2026\/01\/E6F80232-D837-418D-B66A-0EEC3ED776D0.webp","type":"image\/webp"}],"twitter_card":"summary_large_image","schema":{"@context":"https:\/\/schema.org","@graph":[{"@type":["WebPage","ItemPage"],"@id":"https:\/\/astrologelvan.com\/magaza\/urun\/inci-detayli-halka-piercing-925-ayar-gumus-uzeri-altin-kaplama\/","url":"https:\/\/astrologelvan.com\/magaza\/urun\/inci-detayli-halka-piercing-925-ayar-gumus-uzeri-altin-kaplama\/","name":"\u0130nci Detayl\u0131 Halka Piercing | 925 Ayar G\u00fcm\u00fc\u015f \u00dczeri Alt\u0131n Kaplama - Astrolog Elvan","isPartOf":{"@id":"https:\/\/astrologelvan.com\/magaza\/#website"},"primaryImageOfPage":{"@id":"https:\/\/astrologelvan.com\/magaza\/urun\/inci-detayli-halka-piercing-925-ayar-gumus-uzeri-altin-kaplama\/#primaryimage"},"image":{"@id":"https:\/\/astrologelvan.com\/magaza\/urun\/inci-detayli-halka-piercing-925-ayar-gumus-uzeri-altin-kaplama\/#primaryimage"},"thumbnailUrl":"https:\/\/astrologelvan.com\/magaza\/wp-content\/uploads\/2026\/01\/E6F80232-D837-418D-B66A-0EEC3ED776D0.webp","datePublished":"2026-01-07T19:30:43+00:00","dateModified":"2026-01-07T19:30:44+00:00","breadcrumb":{"@id":"https:\/\/astrologelvan.com\/magaza\/urun\/inci-detayli-halka-piercing-925-ayar-gumus-uzeri-altin-kaplama\/#breadcrumb"},"inLanguage":"tr","potentialAction":[{"@type":"ReadAction","target":["https:\/\/astrologelvan.com\/magaza\/urun\/inci-detayli-halka-piercing-925-ayar-gumus-uzeri-altin-kaplama\/"]}]},{"@type":"ImageObject","inLanguage":"tr","@id":"https:\/\/astrologelvan.com\/magaza\/urun\/inci-detayli-halka-piercing-925-ayar-gumus-uzeri-altin-kaplama\/#primaryimage","url":"https:\/\/astrologelvan.com\/magaza\/wp-content\/uploads\/2026\/01\/E6F80232-D837-418D-B66A-0EEC3ED776D0.webp","contentUrl":"https:\/\/astrologelvan.com\/magaza\/wp-content\/uploads\/2026\/01\/E6F80232-D837-418D-B66A-0EEC3ED776D0.webp","width":1024,"height":1536},{"@type":"BreadcrumbList","@id":"https:\/\/astrologelvan.com\/magaza\/urun\/inci-detayli-halka-piercing-925-ayar-gumus-uzeri-altin-kaplama\/#breadcrumb","itemListElement":[{"@type":"ListItem","position":1,"name":"Anasayfa","item":"https:\/\/astrologelvan.com\/magaza\/"},{"@type":"ListItem","position":2,"name":"Ma\u011faza","item":"https:\/\/astrologelvan.com\/magaza\/magaza\/"},{"@type":"ListItem","position":3,"name":"\u0130nci Detayl\u0131 Halka Piercing | 925 Ayar G\u00fcm\u00fc\u015f \u00dczeri Alt\u0131n Kaplama"}]},{"@type":"WebSite","@id":"https:\/\/astrologelvan.com\/magaza\/#website","url":"https:\/\/astrologelvan.com\/magaza\/","name":"Astrolog Elvan","description":"","potentialAction":[{"@type":"SearchAction","target":{"@type":"EntryPoint","urlTemplate":"https:\/\/astrologelvan.com\/magaza\/?s={search_term_string}"},"query-input":{"@type":"PropertyValueSpecification","valueRequired":true,"valueName":"search_term_string"}}],"inLanguage":"tr"}]}},"_links":{"self":[{"href":"https:\/\/astrologelvan.com\/magaza\/wp-json\/wp\/v2\/product\/145185","targetHints":{"allow":["GET"]}}],"collection":[{"href":"https:\/\/astrologelvan.com\/magaza\/wp-json\/wp\/v2\/product"}],"about":[{"href":"https:\/\/astrologelvan.com\/magaza\/wp-json\/wp\/v2\/types\/product"}],"replies":[{"embeddable":true,"href":"https:\/\/astrologelvan.com\/magaza\/wp-json\/wp\/v2\/comments?post=145185"}],"wp:featuredmedia":[{"embeddable":true,"href":"https:\/\/astrologelvan.com\/magaza\/wp-json\/wp\/v2\/media\/145186"}],"wp:attachment":[{"href":"https:\/\/astrologelvan.com\/magaza\/wp-json\/wp\/v2\/media?parent=145185"}],"wp:term":[{"taxonomy":"product_brand","embeddable":true,"href":"https:\/\/astrologelvan.com\/magaza\/wp-json\/wp\/v2\/product_brand?post=145185"},{"taxonomy":"product_cat","embeddable":true,"href":"https:\/\/astrologelvan.com\/magaza\/wp-json\/wp\/v2\/product_cat?post=145185"},{"taxonomy":"product_tag","embeddable":true,"href":"https:\/\/astrologelvan.com\/magaza\/wp-json\/wp\/v2\/product_tag?post=145185"}],"curies":[{"name":"wp","href":"https:\/\/api.w.org\/{rel}","templated":true}]}}