{"id":14214,"date":"2024-07-25T14:06:09","date_gmt":"2024-07-25T11:06:09","guid":{"rendered":"https:\/\/astrologelvan.com\/magaza\/?post_type=product&#038;p=14214"},"modified":"2025-10-06T08:15:18","modified_gmt":"2025-10-06T05:15:18","slug":"yesil-lepidolit-bileklik","status":"publish","type":"product","link":"https:\/\/astrologelvan.com\/magaza\/urun\/yesil-lepidolit-bileklik\/","title":{"rendered":"YE\u015e\u0130L LEP\u0130DOL\u0130T B\u0130LEKL\u0130K"},"content":{"rendered":"","protected":false},"excerpt":{"rendered":"<p><strong>3&#8217;l\u00fc Ye\u015fil Lepidolit Set Bileklik<\/strong><\/p>\n<p>Lepidolit Ta\u015f\u0131, insan\u0131n ba\u011f\u0131ml\u0131l\u0131k ve tiryakilik hissiyat\u0131ndan kurtulmas\u0131na yard\u0131mc\u0131 olur. Genellikle bipolar, \u015fizofreni, depresyon gibi psikolojik rahats\u0131zl\u0131klarda ki\u015finin rahatlamas\u0131 i\u00e7in destekleyici olarak kullan\u0131labilir. Sinir sistemi \u00fczerinde olumlu etkisi vard\u0131r. Depresyon tedavisinde yard\u0131mc\u0131 olur.<\/p>\n","protected":false},"featured_media":14215,"comment_status":"open","ping_status":"closed","template":"","meta":[],"product_brand":[],"product_cat":[26],"product_tag":[],"class_list":{"0":"post-14214","1":"product","2":"type-product","3":"status-publish","4":"has-post-thumbnail","6":"product_cat-genel","8":"first","9":"instock","10":"taxable","11":"shipping-taxable","12":"purchasable","13":"product-type-simple"},"yoast_head":"<!-- This site is optimized with the Yoast SEO plugin v27.3 - https:\/\/yoast.com\/product\/yoast-seo-wordpress\/ -->\n<title>YE\u015e\u0130L LEP\u0130DOL\u0130T B\u0130LEKL\u0130K - Astrolog Elvan<\/title>\n<meta name=\"robots\" content=\"index, follow, max-snippet:-1, max-image-preview:large, max-video-preview:-1\" \/>\n<link rel=\"canonical\" href=\"https:\/\/astrologelvan.com\/magaza\/urun\/yesil-lepidolit-bileklik\/\" \/>\n<meta property=\"og:locale\" content=\"tr_TR\" \/>\n<meta property=\"og:type\" content=\"article\" \/>\n<meta property=\"og:title\" content=\"YE\u015e\u0130L LEP\u0130DOL\u0130T B\u0130LEKL\u0130K - Astrolog Elvan\" \/>\n<meta property=\"og:description\" content=\"3&#039;l\u00fc Ye\u015fil Lepidolit Set Bileklik  Lepidolit Ta\u015f\u0131, insan\u0131n ba\u011f\u0131ml\u0131l\u0131k ve tiryakilik hissiyat\u0131ndan kurtulmas\u0131na yard\u0131mc\u0131 olur. Genellikle bipolar, \u015fizofreni, depresyon gibi psikolojik rahats\u0131zl\u0131klarda ki\u015finin rahatlamas\u0131 i\u00e7in destekleyici olarak kullan\u0131labilir. Sinir sistemi \u00fczerinde olumlu etkisi vard\u0131r. Depresyon tedavisinde yard\u0131mc\u0131 olur.\" \/>\n<meta property=\"og:url\" content=\"https:\/\/astrologelvan.com\/magaza\/urun\/yesil-lepidolit-bileklik\/\" \/>\n<meta property=\"og:site_name\" content=\"Astrolog Elvan\" \/>\n<meta property=\"article:modified_time\" content=\"2025-10-06T05:15:18+00:00\" \/>\n<meta property=\"og:image\" content=\"https:\/\/astrologelvan.com\/magaza\/wp-content\/uploads\/2024\/07\/1-26.jpg\" \/>\n\t<meta property=\"og:image:width\" content=\"1600\" \/>\n\t<meta property=\"og:image:height\" content=\"1600\" \/>\n\t<meta property=\"og:image:type\" content=\"image\/jpeg\" \/>\n<meta name=\"twitter:card\" content=\"summary_large_image\" \/>\n<meta name=\"twitter:label1\" content=\"Tahmini okuma s\u00fcresi\" \/>\n\t<meta name=\"twitter:data1\" content=\"1 dakika\" \/>\n<script type=\"application\/ld+json\" class=\"yoast-schema-graph\">{\"@context\":\"https:\\\/\\\/schema.org\",\"@graph\":[{\"@type\":[\"WebPage\",\"ItemPage\"],\"@id\":\"https:\\\/\\\/astrologelvan.com\\\/magaza\\\/urun\\\/yesil-lepidolit-bileklik\\\/\",\"url\":\"https:\\\/\\\/astrologelvan.com\\\/magaza\\\/urun\\\/yesil-lepidolit-bileklik\\\/\",\"name\":\"YE\u015e\u0130L LEP\u0130DOL\u0130T B\u0130LEKL\u0130K - Astrolog Elvan\",\"isPartOf\":{\"@id\":\"https:\\\/\\\/astrologelvan.com\\\/magaza\\\/#website\"},\"primaryImageOfPage\":{\"@id\":\"https:\\\/\\\/astrologelvan.com\\\/magaza\\\/urun\\\/yesil-lepidolit-bileklik\\\/#primaryimage\"},\"image\":{\"@id\":\"https:\\\/\\\/astrologelvan.com\\\/magaza\\\/urun\\\/yesil-lepidolit-bileklik\\\/#primaryimage\"},\"thumbnailUrl\":\"https:\\\/\\\/astrologelvan.com\\\/magaza\\\/wp-content\\\/uploads\\\/2024\\\/07\\\/1-26.jpg\",\"datePublished\":\"2024-07-25T11:06:09+00:00\",\"dateModified\":\"2025-10-06T05:15:18+00:00\",\"breadcrumb\":{\"@id\":\"https:\\\/\\\/astrologelvan.com\\\/magaza\\\/urun\\\/yesil-lepidolit-bileklik\\\/#breadcrumb\"},\"inLanguage\":\"tr\",\"potentialAction\":[{\"@type\":\"ReadAction\",\"target\":[\"https:\\\/\\\/astrologelvan.com\\\/magaza\\\/urun\\\/yesil-lepidolit-bileklik\\\/\"]}]},{\"@type\":\"ImageObject\",\"inLanguage\":\"tr\",\"@id\":\"https:\\\/\\\/astrologelvan.com\\\/magaza\\\/urun\\\/yesil-lepidolit-bileklik\\\/#primaryimage\",\"url\":\"https:\\\/\\\/astrologelvan.com\\\/magaza\\\/wp-content\\\/uploads\\\/2024\\\/07\\\/1-26.jpg\",\"contentUrl\":\"https:\\\/\\\/astrologelvan.com\\\/magaza\\\/wp-content\\\/uploads\\\/2024\\\/07\\\/1-26.jpg\",\"width\":1600,\"height\":1600},{\"@type\":\"BreadcrumbList\",\"@id\":\"https:\\\/\\\/astrologelvan.com\\\/magaza\\\/urun\\\/yesil-lepidolit-bileklik\\\/#breadcrumb\",\"itemListElement\":[{\"@type\":\"ListItem\",\"position\":1,\"name\":\"Anasayfa\",\"item\":\"https:\\\/\\\/astrologelvan.com\\\/magaza\\\/\"},{\"@type\":\"ListItem\",\"position\":2,\"name\":\"Ma\u011faza\",\"item\":\"https:\\\/\\\/astrologelvan.com\\\/magaza\\\/magaza\\\/\"},{\"@type\":\"ListItem\",\"position\":3,\"name\":\"YE\u015e\u0130L LEP\u0130DOL\u0130T B\u0130LEKL\u0130K\"}]},{\"@type\":\"WebSite\",\"@id\":\"https:\\\/\\\/astrologelvan.com\\\/magaza\\\/#website\",\"url\":\"https:\\\/\\\/astrologelvan.com\\\/magaza\\\/\",\"name\":\"Astrolog Elvan\",\"description\":\"\",\"potentialAction\":[{\"@type\":\"SearchAction\",\"target\":{\"@type\":\"EntryPoint\",\"urlTemplate\":\"https:\\\/\\\/astrologelvan.com\\\/magaza\\\/?s={search_term_string}\"},\"query-input\":{\"@type\":\"PropertyValueSpecification\",\"valueRequired\":true,\"valueName\":\"search_term_string\"}}],\"inLanguage\":\"tr\"}]}<\/script>\n<!-- \/ Yoast SEO plugin. -->","yoast_head_json":{"title":"YE\u015e\u0130L LEP\u0130DOL\u0130T B\u0130LEKL\u0130K - Astrolog Elvan","robots":{"index":"index","follow":"follow","max-snippet":"max-snippet:-1","max-image-preview":"max-image-preview:large","max-video-preview":"max-video-preview:-1"},"canonical":"https:\/\/astrologelvan.com\/magaza\/urun\/yesil-lepidolit-bileklik\/","og_locale":"tr_TR","og_type":"article","og_title":"YE\u015e\u0130L LEP\u0130DOL\u0130T B\u0130LEKL\u0130K - Astrolog Elvan","og_description":"3'l\u00fc Ye\u015fil Lepidolit Set Bileklik  Lepidolit Ta\u015f\u0131, insan\u0131n ba\u011f\u0131ml\u0131l\u0131k ve tiryakilik hissiyat\u0131ndan kurtulmas\u0131na yard\u0131mc\u0131 olur. Genellikle bipolar, \u015fizofreni, depresyon gibi psikolojik rahats\u0131zl\u0131klarda ki\u015finin rahatlamas\u0131 i\u00e7in destekleyici olarak kullan\u0131labilir. Sinir sistemi \u00fczerinde olumlu etkisi vard\u0131r. Depresyon tedavisinde yard\u0131mc\u0131 olur.","og_url":"https:\/\/astrologelvan.com\/magaza\/urun\/yesil-lepidolit-bileklik\/","og_site_name":"Astrolog Elvan","article_modified_time":"2025-10-06T05:15:18+00:00","og_image":[{"width":1600,"height":1600,"url":"https:\/\/astrologelvan.com\/magaza\/wp-content\/uploads\/2024\/07\/1-26.jpg","type":"image\/jpeg"}],"twitter_card":"summary_large_image","twitter_misc":{"Tahmini okuma s\u00fcresi":"1 dakika"},"schema":{"@context":"https:\/\/schema.org","@graph":[{"@type":["WebPage","ItemPage"],"@id":"https:\/\/astrologelvan.com\/magaza\/urun\/yesil-lepidolit-bileklik\/","url":"https:\/\/astrologelvan.com\/magaza\/urun\/yesil-lepidolit-bileklik\/","name":"YE\u015e\u0130L LEP\u0130DOL\u0130T B\u0130LEKL\u0130K - Astrolog Elvan","isPartOf":{"@id":"https:\/\/astrologelvan.com\/magaza\/#website"},"primaryImageOfPage":{"@id":"https:\/\/astrologelvan.com\/magaza\/urun\/yesil-lepidolit-bileklik\/#primaryimage"},"image":{"@id":"https:\/\/astrologelvan.com\/magaza\/urun\/yesil-lepidolit-bileklik\/#primaryimage"},"thumbnailUrl":"https:\/\/astrologelvan.com\/magaza\/wp-content\/uploads\/2024\/07\/1-26.jpg","datePublished":"2024-07-25T11:06:09+00:00","dateModified":"2025-10-06T05:15:18+00:00","breadcrumb":{"@id":"https:\/\/astrologelvan.com\/magaza\/urun\/yesil-lepidolit-bileklik\/#breadcrumb"},"inLanguage":"tr","potentialAction":[{"@type":"ReadAction","target":["https:\/\/astrologelvan.com\/magaza\/urun\/yesil-lepidolit-bileklik\/"]}]},{"@type":"ImageObject","inLanguage":"tr","@id":"https:\/\/astrologelvan.com\/magaza\/urun\/yesil-lepidolit-bileklik\/#primaryimage","url":"https:\/\/astrologelvan.com\/magaza\/wp-content\/uploads\/2024\/07\/1-26.jpg","contentUrl":"https:\/\/astrologelvan.com\/magaza\/wp-content\/uploads\/2024\/07\/1-26.jpg","width":1600,"height":1600},{"@type":"BreadcrumbList","@id":"https:\/\/astrologelvan.com\/magaza\/urun\/yesil-lepidolit-bileklik\/#breadcrumb","itemListElement":[{"@type":"ListItem","position":1,"name":"Anasayfa","item":"https:\/\/astrologelvan.com\/magaza\/"},{"@type":"ListItem","position":2,"name":"Ma\u011faza","item":"https:\/\/astrologelvan.com\/magaza\/magaza\/"},{"@type":"ListItem","position":3,"name":"YE\u015e\u0130L LEP\u0130DOL\u0130T B\u0130LEKL\u0130K"}]},{"@type":"WebSite","@id":"https:\/\/astrologelvan.com\/magaza\/#website","url":"https:\/\/astrologelvan.com\/magaza\/","name":"Astrolog Elvan","description":"","potentialAction":[{"@type":"SearchAction","target":{"@type":"EntryPoint","urlTemplate":"https:\/\/astrologelvan.com\/magaza\/?s={search_term_string}"},"query-input":{"@type":"PropertyValueSpecification","valueRequired":true,"valueName":"search_term_string"}}],"inLanguage":"tr"}]}},"_links":{"self":[{"href":"https:\/\/astrologelvan.com\/magaza\/wp-json\/wp\/v2\/product\/14214","targetHints":{"allow":["GET"]}}],"collection":[{"href":"https:\/\/astrologelvan.com\/magaza\/wp-json\/wp\/v2\/product"}],"about":[{"href":"https:\/\/astrologelvan.com\/magaza\/wp-json\/wp\/v2\/types\/product"}],"replies":[{"embeddable":true,"href":"https:\/\/astrologelvan.com\/magaza\/wp-json\/wp\/v2\/comments?post=14214"}],"wp:featuredmedia":[{"embeddable":true,"href":"https:\/\/astrologelvan.com\/magaza\/wp-json\/wp\/v2\/media\/14215"}],"wp:attachment":[{"href":"https:\/\/astrologelvan.com\/magaza\/wp-json\/wp\/v2\/media?parent=14214"}],"wp:term":[{"taxonomy":"product_brand","embeddable":true,"href":"https:\/\/astrologelvan.com\/magaza\/wp-json\/wp\/v2\/product_brand?post=14214"},{"taxonomy":"product_cat","embeddable":true,"href":"https:\/\/astrologelvan.com\/magaza\/wp-json\/wp\/v2\/product_cat?post=14214"},{"taxonomy":"product_tag","embeddable":true,"href":"https:\/\/astrologelvan.com\/magaza\/wp-json\/wp\/v2\/product_tag?post=14214"}],"curies":[{"name":"wp","href":"https:\/\/api.w.org\/{rel}","templated":true}]}}