{"id":14206,"date":"2024-07-25T11:19:22","date_gmt":"2024-07-25T08:19:22","guid":{"rendered":"https:\/\/astrologelvan.com\/magaza\/?post_type=product&#038;p=14206"},"modified":"2025-10-06T08:15:18","modified_gmt":"2025-10-06T05:15:18","slug":"gunes-kehribari-bebek-kolye","status":"publish","type":"product","link":"https:\/\/astrologelvan.com\/magaza\/urun\/gunes-kehribari-bebek-kolye\/","title":{"rendered":"G\u00dcNE\u015e KEHR\u0130BARI BEBEK KOLYE"},"content":{"rendered":"<p><strong>\u00dcr\u00fcn \u00d6zellikleri:<\/strong><\/p>\n<p class=\"p1\">Kolye Uzunlu\u011fu: 35 CM<\/p>\n<p class=\"p1\">Kolye A\u011f\u0131rl\u0131\u011f\u0131: 4,8 Gram<\/p>\n","protected":false},"excerpt":{"rendered":"<ul>\n<li>Bebeklerin di\u015f \u00e7\u0131karma d\u00f6nemi itibariyle kullan\u0131lmas\u0131 \u00f6nerilmektedir.<\/li>\n<li>Y\u00fczy\u0131llard\u0131r geleneksel olarak kullan\u0131lan kehribar\u0131n sanc\u0131 azaltma, salya \u00f6nleme, sakinle\u015ftirici ve ate\u015f d\u00fc\u015f\u00fcr\u00fcc\u00fc olarak kullan\u0131ld\u0131\u011f\u0131 bilinmektedir.<\/li>\n<li>\u00d6zellikle de bebeklerin huysuz olduklar\u0131 d\u00f6nemlerde kehribar ta\u015f\u0131n\u0131n kullan\u0131lmas\u0131 tavsiye edilir.<\/li>\n<\/ul>\n<p>Kehribar, do\u011fada kendi kendine olu\u015fan bir ta\u015ft\u0131r. 50 milyon y\u0131l \u00f6nce; Pinus succinifera a\u011fa\u00e7lar\u0131n\u0131n salg\u0131lad\u0131\u011f\u0131 re\u00e7ineler zamanla kehribara d\u00f6n\u00fc\u015fm\u00fc\u015ft\u00fcr. \u0130\u00e7erisinde fosiller bulundu\u011fu i\u00e7in ve \u00e7ok uzun y\u0131llarda olu\u015ftu\u011fu i\u00e7in \u00e7ok k\u0131ymetlidir.<\/p>\n<p>A\u011fr\u0131lara iyi geldi\u011fi s\u00f6ylenir. Sinir sistemi \u00fczerine g\u00fc\u00e7lendirici etkisi oldu\u011fu s\u00f6ylenir.<\/p>\n<p>Eski zamanlarda insanlar bu ta\u015f\u0131 koruma muskas\u0131 olarak kullanm\u0131\u015flard\u0131r. K\u00f6t\u00fc ruhlardan ve enerjiden korudu\u011funa, yolculuklar\u0131nda yol g\u00f6sterici oldu\u011funa inan\u0131lm\u0131\u015ft\u0131r.<\/p>\n<p>Yeni do\u011fan bebeklerin be\u015fi\u011fine kehribar ta\u015f\u0131 konulmas\u0131n\u0131n bebe\u011fi k\u00f6t\u00fc ruhlardan koruyarak, h\u0131zl\u0131 b\u00fcy\u00fcmesine yard\u0131mc\u0131 oldu\u011fu s\u00f6ylenir<\/p>\n<p>&nbsp;<\/p>\n<p><strong>Kehribarlar\u0131m\u0131z orijinal olup sertifikas\u0131 ile g\u00f6nderilecektir.<\/strong><\/p>\n","protected":false},"featured_media":14207,"comment_status":"open","ping_status":"closed","template":"","meta":[],"product_brand":[],"product_cat":[26,349],"product_tag":[],"class_list":{"0":"post-14206","1":"product","2":"type-product","3":"status-publish","4":"has-post-thumbnail","6":"product_cat-genel","7":"product_cat-kehribar-taslari","9":"first","10":"outofstock","11":"taxable","12":"shipping-taxable","13":"purchasable","14":"product-type-simple"},"yoast_head":"<!-- This site is optimized with the Yoast SEO plugin v27.3 - https:\/\/yoast.com\/product\/yoast-seo-wordpress\/ -->\n<title>G\u00dcNE\u015e KEHR\u0130BARI BEBEK KOLYE - Astrolog Elvan<\/title>\n<meta name=\"robots\" content=\"index, follow, max-snippet:-1, max-image-preview:large, max-video-preview:-1\" \/>\n<link rel=\"canonical\" href=\"https:\/\/astrologelvan.com\/magaza\/urun\/gunes-kehribari-bebek-kolye\/\" \/>\n<meta property=\"og:locale\" content=\"tr_TR\" \/>\n<meta property=\"og:type\" content=\"article\" \/>\n<meta property=\"og:title\" content=\"G\u00dcNE\u015e KEHR\u0130BARI BEBEK KOLYE - Astrolog Elvan\" \/>\n<meta property=\"og:description\" content=\"Bebeklerin di\u015f \u00e7\u0131karma d\u00f6nemi itibariyle kullan\u0131lmas\u0131 \u00f6nerilmektedir.  Y\u00fczy\u0131llard\u0131r geleneksel olarak kullan\u0131lan kehribar\u0131n sanc\u0131 azaltma, salya \u00f6nleme, sakinle\u015ftirici ve ate\u015f d\u00fc\u015f\u00fcr\u00fcc\u00fc olarak kullan\u0131ld\u0131\u011f\u0131 bilinmektedir.  \u00d6zellikle de bebeklerin huysuz olduklar\u0131 d\u00f6nemlerde kehribar ta\u015f\u0131n\u0131n kullan\u0131lmas\u0131 tavsiye edilir.  Kehribar, do\u011fada kendi kendine olu\u015fan bir ta\u015ft\u0131r. 50 milyon y\u0131l \u00f6nce; Pinus succinifera a\u011fa\u00e7lar\u0131n\u0131n salg\u0131lad\u0131\u011f\u0131 re\u00e7ineler zamanla kehribara d\u00f6n\u00fc\u015fm\u00fc\u015ft\u00fcr. \u0130\u00e7erisinde fosiller bulundu\u011fu i\u00e7in ve \u00e7ok uzun y\u0131llarda olu\u015ftu\u011fu i\u00e7in \u00e7ok k\u0131ymetlidir.  A\u011fr\u0131lara iyi geldi\u011fi s\u00f6ylenir. Sinir sistemi \u00fczerine g\u00fc\u00e7lendirici etkisi oldu\u011fu s\u00f6ylenir.  Eski zamanlarda insanlar bu ta\u015f\u0131 koruma muskas\u0131 olarak kullanm\u0131\u015flard\u0131r. K\u00f6t\u00fc ruhlardan ve enerjiden korudu\u011funa, yolculuklar\u0131nda yol g\u00f6sterici oldu\u011funa inan\u0131lm\u0131\u015ft\u0131r.  Yeni do\u011fan bebeklerin be\u015fi\u011fine kehribar ta\u015f\u0131 konulmas\u0131n\u0131n bebe\u011fi k\u00f6t\u00fc ruhlardan koruyarak, h\u0131zl\u0131 b\u00fcy\u00fcmesine yard\u0131mc\u0131 oldu\u011fu s\u00f6ylenir  &nbsp;  Kehribarlar\u0131m\u0131z orijinal olup sertifikas\u0131 ile g\u00f6nderilecektir.\" \/>\n<meta property=\"og:url\" content=\"https:\/\/astrologelvan.com\/magaza\/urun\/gunes-kehribari-bebek-kolye\/\" \/>\n<meta property=\"og:site_name\" content=\"Astrolog Elvan\" \/>\n<meta property=\"article:modified_time\" content=\"2025-10-06T05:15:18+00:00\" \/>\n<meta property=\"og:image\" content=\"https:\/\/astrologelvan.com\/magaza\/wp-content\/uploads\/2024\/07\/1-25.jpg\" \/>\n\t<meta property=\"og:image:width\" content=\"1600\" \/>\n\t<meta property=\"og:image:height\" content=\"1600\" \/>\n\t<meta property=\"og:image:type\" content=\"image\/jpeg\" \/>\n<meta name=\"twitter:card\" content=\"summary_large_image\" \/>\n<meta name=\"twitter:label1\" content=\"Tahmini okuma s\u00fcresi\" \/>\n\t<meta name=\"twitter:data1\" content=\"1 dakika\" \/>\n<script type=\"application\/ld+json\" class=\"yoast-schema-graph\">{\"@context\":\"https:\\\/\\\/schema.org\",\"@graph\":[{\"@type\":[\"WebPage\",\"ItemPage\"],\"@id\":\"https:\\\/\\\/astrologelvan.com\\\/magaza\\\/urun\\\/gunes-kehribari-bebek-kolye\\\/\",\"url\":\"https:\\\/\\\/astrologelvan.com\\\/magaza\\\/urun\\\/gunes-kehribari-bebek-kolye\\\/\",\"name\":\"G\u00dcNE\u015e KEHR\u0130BARI BEBEK KOLYE - Astrolog Elvan\",\"isPartOf\":{\"@id\":\"https:\\\/\\\/astrologelvan.com\\\/magaza\\\/#website\"},\"primaryImageOfPage\":{\"@id\":\"https:\\\/\\\/astrologelvan.com\\\/magaza\\\/urun\\\/gunes-kehribari-bebek-kolye\\\/#primaryimage\"},\"image\":{\"@id\":\"https:\\\/\\\/astrologelvan.com\\\/magaza\\\/urun\\\/gunes-kehribari-bebek-kolye\\\/#primaryimage\"},\"thumbnailUrl\":\"https:\\\/\\\/astrologelvan.com\\\/magaza\\\/wp-content\\\/uploads\\\/2024\\\/07\\\/1-25.jpg\",\"datePublished\":\"2024-07-25T08:19:22+00:00\",\"dateModified\":\"2025-10-06T05:15:18+00:00\",\"breadcrumb\":{\"@id\":\"https:\\\/\\\/astrologelvan.com\\\/magaza\\\/urun\\\/gunes-kehribari-bebek-kolye\\\/#breadcrumb\"},\"inLanguage\":\"tr\",\"potentialAction\":[{\"@type\":\"ReadAction\",\"target\":[\"https:\\\/\\\/astrologelvan.com\\\/magaza\\\/urun\\\/gunes-kehribari-bebek-kolye\\\/\"]}]},{\"@type\":\"ImageObject\",\"inLanguage\":\"tr\",\"@id\":\"https:\\\/\\\/astrologelvan.com\\\/magaza\\\/urun\\\/gunes-kehribari-bebek-kolye\\\/#primaryimage\",\"url\":\"https:\\\/\\\/astrologelvan.com\\\/magaza\\\/wp-content\\\/uploads\\\/2024\\\/07\\\/1-25.jpg\",\"contentUrl\":\"https:\\\/\\\/astrologelvan.com\\\/magaza\\\/wp-content\\\/uploads\\\/2024\\\/07\\\/1-25.jpg\",\"width\":1600,\"height\":1600},{\"@type\":\"BreadcrumbList\",\"@id\":\"https:\\\/\\\/astrologelvan.com\\\/magaza\\\/urun\\\/gunes-kehribari-bebek-kolye\\\/#breadcrumb\",\"itemListElement\":[{\"@type\":\"ListItem\",\"position\":1,\"name\":\"Anasayfa\",\"item\":\"https:\\\/\\\/astrologelvan.com\\\/magaza\\\/\"},{\"@type\":\"ListItem\",\"position\":2,\"name\":\"Ma\u011faza\",\"item\":\"https:\\\/\\\/astrologelvan.com\\\/magaza\\\/magaza\\\/\"},{\"@type\":\"ListItem\",\"position\":3,\"name\":\"G\u00dcNE\u015e KEHR\u0130BARI BEBEK KOLYE\"}]},{\"@type\":\"WebSite\",\"@id\":\"https:\\\/\\\/astrologelvan.com\\\/magaza\\\/#website\",\"url\":\"https:\\\/\\\/astrologelvan.com\\\/magaza\\\/\",\"name\":\"Astrolog Elvan\",\"description\":\"\",\"potentialAction\":[{\"@type\":\"SearchAction\",\"target\":{\"@type\":\"EntryPoint\",\"urlTemplate\":\"https:\\\/\\\/astrologelvan.com\\\/magaza\\\/?s={search_term_string}\"},\"query-input\":{\"@type\":\"PropertyValueSpecification\",\"valueRequired\":true,\"valueName\":\"search_term_string\"}}],\"inLanguage\":\"tr\"}]}<\/script>\n<!-- \/ Yoast SEO plugin. -->","yoast_head_json":{"title":"G\u00dcNE\u015e KEHR\u0130BARI BEBEK KOLYE - Astrolog Elvan","robots":{"index":"index","follow":"follow","max-snippet":"max-snippet:-1","max-image-preview":"max-image-preview:large","max-video-preview":"max-video-preview:-1"},"canonical":"https:\/\/astrologelvan.com\/magaza\/urun\/gunes-kehribari-bebek-kolye\/","og_locale":"tr_TR","og_type":"article","og_title":"G\u00dcNE\u015e KEHR\u0130BARI BEBEK KOLYE - Astrolog Elvan","og_description":"Bebeklerin di\u015f \u00e7\u0131karma d\u00f6nemi itibariyle kullan\u0131lmas\u0131 \u00f6nerilmektedir.  Y\u00fczy\u0131llard\u0131r geleneksel olarak kullan\u0131lan kehribar\u0131n sanc\u0131 azaltma, salya \u00f6nleme, sakinle\u015ftirici ve ate\u015f d\u00fc\u015f\u00fcr\u00fcc\u00fc olarak kullan\u0131ld\u0131\u011f\u0131 bilinmektedir.  \u00d6zellikle de bebeklerin huysuz olduklar\u0131 d\u00f6nemlerde kehribar ta\u015f\u0131n\u0131n kullan\u0131lmas\u0131 tavsiye edilir.  Kehribar, do\u011fada kendi kendine olu\u015fan bir ta\u015ft\u0131r. 50 milyon y\u0131l \u00f6nce; Pinus succinifera a\u011fa\u00e7lar\u0131n\u0131n salg\u0131lad\u0131\u011f\u0131 re\u00e7ineler zamanla kehribara d\u00f6n\u00fc\u015fm\u00fc\u015ft\u00fcr. \u0130\u00e7erisinde fosiller bulundu\u011fu i\u00e7in ve \u00e7ok uzun y\u0131llarda olu\u015ftu\u011fu i\u00e7in \u00e7ok k\u0131ymetlidir.  A\u011fr\u0131lara iyi geldi\u011fi s\u00f6ylenir. Sinir sistemi \u00fczerine g\u00fc\u00e7lendirici etkisi oldu\u011fu s\u00f6ylenir.  Eski zamanlarda insanlar bu ta\u015f\u0131 koruma muskas\u0131 olarak kullanm\u0131\u015flard\u0131r. K\u00f6t\u00fc ruhlardan ve enerjiden korudu\u011funa, yolculuklar\u0131nda yol g\u00f6sterici oldu\u011funa inan\u0131lm\u0131\u015ft\u0131r.  Yeni do\u011fan bebeklerin be\u015fi\u011fine kehribar ta\u015f\u0131 konulmas\u0131n\u0131n bebe\u011fi k\u00f6t\u00fc ruhlardan koruyarak, h\u0131zl\u0131 b\u00fcy\u00fcmesine yard\u0131mc\u0131 oldu\u011fu s\u00f6ylenir  &nbsp;  Kehribarlar\u0131m\u0131z orijinal olup sertifikas\u0131 ile g\u00f6nderilecektir.","og_url":"https:\/\/astrologelvan.com\/magaza\/urun\/gunes-kehribari-bebek-kolye\/","og_site_name":"Astrolog Elvan","article_modified_time":"2025-10-06T05:15:18+00:00","og_image":[{"width":1600,"height":1600,"url":"https:\/\/astrologelvan.com\/magaza\/wp-content\/uploads\/2024\/07\/1-25.jpg","type":"image\/jpeg"}],"twitter_card":"summary_large_image","twitter_misc":{"Tahmini okuma s\u00fcresi":"1 dakika"},"schema":{"@context":"https:\/\/schema.org","@graph":[{"@type":["WebPage","ItemPage"],"@id":"https:\/\/astrologelvan.com\/magaza\/urun\/gunes-kehribari-bebek-kolye\/","url":"https:\/\/astrologelvan.com\/magaza\/urun\/gunes-kehribari-bebek-kolye\/","name":"G\u00dcNE\u015e KEHR\u0130BARI BEBEK KOLYE - Astrolog Elvan","isPartOf":{"@id":"https:\/\/astrologelvan.com\/magaza\/#website"},"primaryImageOfPage":{"@id":"https:\/\/astrologelvan.com\/magaza\/urun\/gunes-kehribari-bebek-kolye\/#primaryimage"},"image":{"@id":"https:\/\/astrologelvan.com\/magaza\/urun\/gunes-kehribari-bebek-kolye\/#primaryimage"},"thumbnailUrl":"https:\/\/astrologelvan.com\/magaza\/wp-content\/uploads\/2024\/07\/1-25.jpg","datePublished":"2024-07-25T08:19:22+00:00","dateModified":"2025-10-06T05:15:18+00:00","breadcrumb":{"@id":"https:\/\/astrologelvan.com\/magaza\/urun\/gunes-kehribari-bebek-kolye\/#breadcrumb"},"inLanguage":"tr","potentialAction":[{"@type":"ReadAction","target":["https:\/\/astrologelvan.com\/magaza\/urun\/gunes-kehribari-bebek-kolye\/"]}]},{"@type":"ImageObject","inLanguage":"tr","@id":"https:\/\/astrologelvan.com\/magaza\/urun\/gunes-kehribari-bebek-kolye\/#primaryimage","url":"https:\/\/astrologelvan.com\/magaza\/wp-content\/uploads\/2024\/07\/1-25.jpg","contentUrl":"https:\/\/astrologelvan.com\/magaza\/wp-content\/uploads\/2024\/07\/1-25.jpg","width":1600,"height":1600},{"@type":"BreadcrumbList","@id":"https:\/\/astrologelvan.com\/magaza\/urun\/gunes-kehribari-bebek-kolye\/#breadcrumb","itemListElement":[{"@type":"ListItem","position":1,"name":"Anasayfa","item":"https:\/\/astrologelvan.com\/magaza\/"},{"@type":"ListItem","position":2,"name":"Ma\u011faza","item":"https:\/\/astrologelvan.com\/magaza\/magaza\/"},{"@type":"ListItem","position":3,"name":"G\u00dcNE\u015e KEHR\u0130BARI BEBEK KOLYE"}]},{"@type":"WebSite","@id":"https:\/\/astrologelvan.com\/magaza\/#website","url":"https:\/\/astrologelvan.com\/magaza\/","name":"Astrolog Elvan","description":"","potentialAction":[{"@type":"SearchAction","target":{"@type":"EntryPoint","urlTemplate":"https:\/\/astrologelvan.com\/magaza\/?s={search_term_string}"},"query-input":{"@type":"PropertyValueSpecification","valueRequired":true,"valueName":"search_term_string"}}],"inLanguage":"tr"}]}},"_links":{"self":[{"href":"https:\/\/astrologelvan.com\/magaza\/wp-json\/wp\/v2\/product\/14206","targetHints":{"allow":["GET"]}}],"collection":[{"href":"https:\/\/astrologelvan.com\/magaza\/wp-json\/wp\/v2\/product"}],"about":[{"href":"https:\/\/astrologelvan.com\/magaza\/wp-json\/wp\/v2\/types\/product"}],"replies":[{"embeddable":true,"href":"https:\/\/astrologelvan.com\/magaza\/wp-json\/wp\/v2\/comments?post=14206"}],"wp:featuredmedia":[{"embeddable":true,"href":"https:\/\/astrologelvan.com\/magaza\/wp-json\/wp\/v2\/media\/14207"}],"wp:attachment":[{"href":"https:\/\/astrologelvan.com\/magaza\/wp-json\/wp\/v2\/media?parent=14206"}],"wp:term":[{"taxonomy":"product_brand","embeddable":true,"href":"https:\/\/astrologelvan.com\/magaza\/wp-json\/wp\/v2\/product_brand?post=14206"},{"taxonomy":"product_cat","embeddable":true,"href":"https:\/\/astrologelvan.com\/magaza\/wp-json\/wp\/v2\/product_cat?post=14206"},{"taxonomy":"product_tag","embeddable":true,"href":"https:\/\/astrologelvan.com\/magaza\/wp-json\/wp\/v2\/product_tag?post=14206"}],"curies":[{"name":"wp","href":"https:\/\/api.w.org\/{rel}","templated":true}]}}