{"id":14202,"date":"2024-07-25T10:34:42","date_gmt":"2024-07-25T07:34:42","guid":{"rendered":"https:\/\/astrologelvan.com\/magaza\/?post_type=product&#038;p=14202"},"modified":"2025-10-06T08:15:18","modified_gmt":"2025-10-06T05:15:18","slug":"krizoplas-kolye-ucu","status":"publish","type":"product","link":"https:\/\/astrologelvan.com\/magaza\/urun\/krizoplas-kolye-ucu\/","title":{"rendered":"KR\u0130ZOPRAS KOLYE UCU"},"content":{"rendered":"<p>Kolye Ucu A\u011f\u0131rl\u0131\u011f\u0131: 10,8 Gram<\/p>\n<p>925 Ayar G\u00fcm\u00fc\u015f \u00dczeri Alt\u0131n Kaplama Kolye Ucu<\/p>\n","protected":false},"excerpt":{"rendered":"<p><strong>Krizopras &amp; Serafinit &amp; Peridot Zebercet 3 Ta\u015f Tasar\u0131m\u0131 Kolye Ucu<\/strong><\/p>\n<p>Antik Roma \u00f6ncesi d\u00f6nemlerden beri kameler veya m\u00fch\u00fcrta\u015flar\u0131 halinde y\u00fcz\u00fck ve tak\u0131larda kullan\u0131lm\u0131\u015f olan krizopras, ho\u015f ye\u015fil rengi ve di\u011fer kuvarslara oranla daha nadir olu\u015fu ile tarih boyunca en de\u011ferli kuvars \u00e7e\u015fitlerinden biri olmu\u015ftur.<\/p>\n<ul>\n<li>Krizopras, negatif enerjiye kar\u015f\u0131 sizi g\u00f6r\u00fcnmez k\u0131lar.<\/li>\n<li>Nazar ve k\u00f6t\u00fc enerjiden sizi koruyan en k\u0131ymetli ta\u015ft\u0131r.<\/li>\n<li>Ada\u00e7ay\u0131 ile t\u00fcts\u00fcleyip ne zaman ihtiya\u00e7 duyarsan\u0131z takabilirsiniz.<\/li>\n<\/ul>\n","protected":false},"featured_media":14203,"comment_status":"open","ping_status":"closed","template":"","meta":[],"product_brand":[],"product_cat":[26,75],"product_tag":[],"class_list":{"0":"post-14202","1":"product","2":"type-product","3":"status-publish","4":"has-post-thumbnail","6":"product_cat-genel","7":"product_cat-krizopras-tasi","9":"first","10":"outofstock","11":"purchasable","12":"product-type-simple"},"yoast_head":"<!-- This site is optimized with the Yoast SEO plugin v27.3 - https:\/\/yoast.com\/product\/yoast-seo-wordpress\/ -->\n<title>KR\u0130ZOPRAS KOLYE UCU - Astrolog Elvan<\/title>\n<meta name=\"robots\" content=\"index, follow, max-snippet:-1, max-image-preview:large, max-video-preview:-1\" \/>\n<link rel=\"canonical\" href=\"https:\/\/astrologelvan.com\/magaza\/urun\/krizoplas-kolye-ucu\/\" \/>\n<meta property=\"og:locale\" content=\"tr_TR\" \/>\n<meta property=\"og:type\" content=\"article\" \/>\n<meta property=\"og:title\" content=\"KR\u0130ZOPRAS KOLYE UCU - Astrolog Elvan\" \/>\n<meta property=\"og:description\" content=\"Krizopras &amp; Serafinit &amp; Peridot Zebercet 3 Ta\u015f Tasar\u0131m\u0131 Kolye Ucu  Antik Roma \u00f6ncesi d\u00f6nemlerden beri kameler veya m\u00fch\u00fcrta\u015flar\u0131 halinde y\u00fcz\u00fck ve tak\u0131larda kullan\u0131lm\u0131\u015f olan krizopras, ho\u015f ye\u015fil rengi ve di\u011fer kuvarslara oranla daha nadir olu\u015fu ile tarih boyunca en de\u011ferli kuvars \u00e7e\u015fitlerinden biri olmu\u015ftur.   Krizopras, negatif enerjiye kar\u015f\u0131 sizi g\u00f6r\u00fcnmez k\u0131lar.  Nazar ve k\u00f6t\u00fc enerjiden sizi koruyan en k\u0131ymetli ta\u015ft\u0131r.  Ada\u00e7ay\u0131 ile t\u00fcts\u00fcleyip ne zaman ihtiya\u00e7 duyarsan\u0131z takabilirsiniz.\" \/>\n<meta property=\"og:url\" content=\"https:\/\/astrologelvan.com\/magaza\/urun\/krizoplas-kolye-ucu\/\" \/>\n<meta property=\"og:site_name\" content=\"Astrolog Elvan\" \/>\n<meta property=\"article:modified_time\" content=\"2025-10-06T05:15:18+00:00\" \/>\n<meta property=\"og:image\" content=\"https:\/\/astrologelvan.com\/magaza\/wp-content\/uploads\/2024\/07\/2-26-scaled.jpg\" \/>\n\t<meta property=\"og:image:width\" content=\"2560\" \/>\n\t<meta property=\"og:image:height\" content=\"2560\" \/>\n\t<meta property=\"og:image:type\" content=\"image\/jpeg\" \/>\n<meta name=\"twitter:card\" content=\"summary_large_image\" \/>\n<meta name=\"twitter:label1\" content=\"Tahmini okuma s\u00fcresi\" \/>\n\t<meta name=\"twitter:data1\" content=\"1 dakika\" \/>\n<script type=\"application\/ld+json\" class=\"yoast-schema-graph\">{\"@context\":\"https:\\\/\\\/schema.org\",\"@graph\":[{\"@type\":[\"WebPage\",\"ItemPage\"],\"@id\":\"https:\\\/\\\/astrologelvan.com\\\/magaza\\\/urun\\\/krizoplas-kolye-ucu\\\/\",\"url\":\"https:\\\/\\\/astrologelvan.com\\\/magaza\\\/urun\\\/krizoplas-kolye-ucu\\\/\",\"name\":\"KR\u0130ZOPRAS KOLYE UCU - Astrolog Elvan\",\"isPartOf\":{\"@id\":\"https:\\\/\\\/astrologelvan.com\\\/magaza\\\/#website\"},\"primaryImageOfPage\":{\"@id\":\"https:\\\/\\\/astrologelvan.com\\\/magaza\\\/urun\\\/krizoplas-kolye-ucu\\\/#primaryimage\"},\"image\":{\"@id\":\"https:\\\/\\\/astrologelvan.com\\\/magaza\\\/urun\\\/krizoplas-kolye-ucu\\\/#primaryimage\"},\"thumbnailUrl\":\"https:\\\/\\\/astrologelvan.com\\\/magaza\\\/wp-content\\\/uploads\\\/2024\\\/07\\\/2-26-scaled.jpg\",\"datePublished\":\"2024-07-25T07:34:42+00:00\",\"dateModified\":\"2025-10-06T05:15:18+00:00\",\"breadcrumb\":{\"@id\":\"https:\\\/\\\/astrologelvan.com\\\/magaza\\\/urun\\\/krizoplas-kolye-ucu\\\/#breadcrumb\"},\"inLanguage\":\"tr\",\"potentialAction\":[{\"@type\":\"ReadAction\",\"target\":[\"https:\\\/\\\/astrologelvan.com\\\/magaza\\\/urun\\\/krizoplas-kolye-ucu\\\/\"]}]},{\"@type\":\"ImageObject\",\"inLanguage\":\"tr\",\"@id\":\"https:\\\/\\\/astrologelvan.com\\\/magaza\\\/urun\\\/krizoplas-kolye-ucu\\\/#primaryimage\",\"url\":\"https:\\\/\\\/astrologelvan.com\\\/magaza\\\/wp-content\\\/uploads\\\/2024\\\/07\\\/2-26-scaled.jpg\",\"contentUrl\":\"https:\\\/\\\/astrologelvan.com\\\/magaza\\\/wp-content\\\/uploads\\\/2024\\\/07\\\/2-26-scaled.jpg\",\"width\":2560,\"height\":2560},{\"@type\":\"BreadcrumbList\",\"@id\":\"https:\\\/\\\/astrologelvan.com\\\/magaza\\\/urun\\\/krizoplas-kolye-ucu\\\/#breadcrumb\",\"itemListElement\":[{\"@type\":\"ListItem\",\"position\":1,\"name\":\"Anasayfa\",\"item\":\"https:\\\/\\\/astrologelvan.com\\\/magaza\\\/\"},{\"@type\":\"ListItem\",\"position\":2,\"name\":\"Ma\u011faza\",\"item\":\"https:\\\/\\\/astrologelvan.com\\\/magaza\\\/magaza\\\/\"},{\"@type\":\"ListItem\",\"position\":3,\"name\":\"KR\u0130ZOPRAS KOLYE UCU\"}]},{\"@type\":\"WebSite\",\"@id\":\"https:\\\/\\\/astrologelvan.com\\\/magaza\\\/#website\",\"url\":\"https:\\\/\\\/astrologelvan.com\\\/magaza\\\/\",\"name\":\"Astrolog Elvan\",\"description\":\"\",\"potentialAction\":[{\"@type\":\"SearchAction\",\"target\":{\"@type\":\"EntryPoint\",\"urlTemplate\":\"https:\\\/\\\/astrologelvan.com\\\/magaza\\\/?s={search_term_string}\"},\"query-input\":{\"@type\":\"PropertyValueSpecification\",\"valueRequired\":true,\"valueName\":\"search_term_string\"}}],\"inLanguage\":\"tr\"}]}<\/script>\n<!-- \/ Yoast SEO plugin. -->","yoast_head_json":{"title":"KR\u0130ZOPRAS KOLYE UCU - Astrolog Elvan","robots":{"index":"index","follow":"follow","max-snippet":"max-snippet:-1","max-image-preview":"max-image-preview:large","max-video-preview":"max-video-preview:-1"},"canonical":"https:\/\/astrologelvan.com\/magaza\/urun\/krizoplas-kolye-ucu\/","og_locale":"tr_TR","og_type":"article","og_title":"KR\u0130ZOPRAS KOLYE UCU - Astrolog Elvan","og_description":"Krizopras &amp; Serafinit &amp; Peridot Zebercet 3 Ta\u015f Tasar\u0131m\u0131 Kolye Ucu  Antik Roma \u00f6ncesi d\u00f6nemlerden beri kameler veya m\u00fch\u00fcrta\u015flar\u0131 halinde y\u00fcz\u00fck ve tak\u0131larda kullan\u0131lm\u0131\u015f olan krizopras, ho\u015f ye\u015fil rengi ve di\u011fer kuvarslara oranla daha nadir olu\u015fu ile tarih boyunca en de\u011ferli kuvars \u00e7e\u015fitlerinden biri olmu\u015ftur.   Krizopras, negatif enerjiye kar\u015f\u0131 sizi g\u00f6r\u00fcnmez k\u0131lar.  Nazar ve k\u00f6t\u00fc enerjiden sizi koruyan en k\u0131ymetli ta\u015ft\u0131r.  Ada\u00e7ay\u0131 ile t\u00fcts\u00fcleyip ne zaman ihtiya\u00e7 duyarsan\u0131z takabilirsiniz.","og_url":"https:\/\/astrologelvan.com\/magaza\/urun\/krizoplas-kolye-ucu\/","og_site_name":"Astrolog Elvan","article_modified_time":"2025-10-06T05:15:18+00:00","og_image":[{"width":2560,"height":2560,"url":"https:\/\/astrologelvan.com\/magaza\/wp-content\/uploads\/2024\/07\/2-26-scaled.jpg","type":"image\/jpeg"}],"twitter_card":"summary_large_image","twitter_misc":{"Tahmini okuma s\u00fcresi":"1 dakika"},"schema":{"@context":"https:\/\/schema.org","@graph":[{"@type":["WebPage","ItemPage"],"@id":"https:\/\/astrologelvan.com\/magaza\/urun\/krizoplas-kolye-ucu\/","url":"https:\/\/astrologelvan.com\/magaza\/urun\/krizoplas-kolye-ucu\/","name":"KR\u0130ZOPRAS KOLYE UCU - Astrolog Elvan","isPartOf":{"@id":"https:\/\/astrologelvan.com\/magaza\/#website"},"primaryImageOfPage":{"@id":"https:\/\/astrologelvan.com\/magaza\/urun\/krizoplas-kolye-ucu\/#primaryimage"},"image":{"@id":"https:\/\/astrologelvan.com\/magaza\/urun\/krizoplas-kolye-ucu\/#primaryimage"},"thumbnailUrl":"https:\/\/astrologelvan.com\/magaza\/wp-content\/uploads\/2024\/07\/2-26-scaled.jpg","datePublished":"2024-07-25T07:34:42+00:00","dateModified":"2025-10-06T05:15:18+00:00","breadcrumb":{"@id":"https:\/\/astrologelvan.com\/magaza\/urun\/krizoplas-kolye-ucu\/#breadcrumb"},"inLanguage":"tr","potentialAction":[{"@type":"ReadAction","target":["https:\/\/astrologelvan.com\/magaza\/urun\/krizoplas-kolye-ucu\/"]}]},{"@type":"ImageObject","inLanguage":"tr","@id":"https:\/\/astrologelvan.com\/magaza\/urun\/krizoplas-kolye-ucu\/#primaryimage","url":"https:\/\/astrologelvan.com\/magaza\/wp-content\/uploads\/2024\/07\/2-26-scaled.jpg","contentUrl":"https:\/\/astrologelvan.com\/magaza\/wp-content\/uploads\/2024\/07\/2-26-scaled.jpg","width":2560,"height":2560},{"@type":"BreadcrumbList","@id":"https:\/\/astrologelvan.com\/magaza\/urun\/krizoplas-kolye-ucu\/#breadcrumb","itemListElement":[{"@type":"ListItem","position":1,"name":"Anasayfa","item":"https:\/\/astrologelvan.com\/magaza\/"},{"@type":"ListItem","position":2,"name":"Ma\u011faza","item":"https:\/\/astrologelvan.com\/magaza\/magaza\/"},{"@type":"ListItem","position":3,"name":"KR\u0130ZOPRAS KOLYE UCU"}]},{"@type":"WebSite","@id":"https:\/\/astrologelvan.com\/magaza\/#website","url":"https:\/\/astrologelvan.com\/magaza\/","name":"Astrolog Elvan","description":"","potentialAction":[{"@type":"SearchAction","target":{"@type":"EntryPoint","urlTemplate":"https:\/\/astrologelvan.com\/magaza\/?s={search_term_string}"},"query-input":{"@type":"PropertyValueSpecification","valueRequired":true,"valueName":"search_term_string"}}],"inLanguage":"tr"}]}},"_links":{"self":[{"href":"https:\/\/astrologelvan.com\/magaza\/wp-json\/wp\/v2\/product\/14202","targetHints":{"allow":["GET"]}}],"collection":[{"href":"https:\/\/astrologelvan.com\/magaza\/wp-json\/wp\/v2\/product"}],"about":[{"href":"https:\/\/astrologelvan.com\/magaza\/wp-json\/wp\/v2\/types\/product"}],"replies":[{"embeddable":true,"href":"https:\/\/astrologelvan.com\/magaza\/wp-json\/wp\/v2\/comments?post=14202"}],"wp:featuredmedia":[{"embeddable":true,"href":"https:\/\/astrologelvan.com\/magaza\/wp-json\/wp\/v2\/media\/14203"}],"wp:attachment":[{"href":"https:\/\/astrologelvan.com\/magaza\/wp-json\/wp\/v2\/media?parent=14202"}],"wp:term":[{"taxonomy":"product_brand","embeddable":true,"href":"https:\/\/astrologelvan.com\/magaza\/wp-json\/wp\/v2\/product_brand?post=14202"},{"taxonomy":"product_cat","embeddable":true,"href":"https:\/\/astrologelvan.com\/magaza\/wp-json\/wp\/v2\/product_cat?post=14202"},{"taxonomy":"product_tag","embeddable":true,"href":"https:\/\/astrologelvan.com\/magaza\/wp-json\/wp\/v2\/product_tag?post=14202"}],"curies":[{"name":"wp","href":"https:\/\/api.w.org\/{rel}","templated":true}]}}