{"id":14163,"date":"2024-07-24T12:31:54","date_gmt":"2024-07-24T09:31:54","guid":{"rendered":"https:\/\/astrologelvan.com\/magaza\/?post_type=product&#038;p=14163"},"modified":"2025-10-06T08:15:18","modified_gmt":"2025-10-06T05:15:18","slug":"serafinit-kolye-ucu-2","status":"publish","type":"product","link":"https:\/\/astrologelvan.com\/magaza\/urun\/serafinit-kolye-ucu-2\/","title":{"rendered":"SERAF\u0130N\u0130T KOLYE UCU"},"content":{"rendered":"<p><strong>\u00dcr\u00fcn \u00d6zellikleri:<\/strong><\/p>\n<p>Kolye Ucu A\u011f\u0131rl\u0131\u011f\u0131: 10,9 Gram<\/p>\n<p>925 Ayar G\u00fcm\u00fc\u015f \u00dczeri Alt\u0131n Kaplama Kolye Ucu<\/p>\n","protected":false},"excerpt":{"rendered":"<p>Derler ki; Serafinit ta\u015f\u0131 Serafim Meleklerinin kanad\u0131ndan d\u00fcnyaya d\u00fc\u015fm\u00fc\u015ft\u00fcr. Bu melekler, t\u00fcm tek tanr\u0131l\u0131 dinlerde ge\u00e7er. Yaradan\u2019\u0131n taht\u0131n\u0131 \u00e7evreleyen ve s\u00fcrekli Allah\u2019\u0131n ad\u0131n\u0131 zikreden meleklerdir. Bu ta\u015f, \u00fczerindeki peridot ta\u015f\u0131yla birlikte \u00e7ok ama \u00e7ok k\u0131ymetlidir.<\/p>\n<p>6 kanatl\u0131 melekler olan Serafim melekleri, Ayasofya ana kubbesinin alt\u0131nda da resmedilmi\u015ftir. Cennet kap\u0131s\u0131n\u0131 bekleyen melekler olarak ge\u00e7er.<\/p>\n<p>Bu ta\u015ftan takanlar; kendi g\u00f6lgeleriyle y\u00fczle\u015fip korkular\u0131n\u0131 \u015fifaland\u0131rabilir. Yaradan\u2019\u0131n her daim korumas\u0131 alt\u0131nda olduklar\u0131n\u0131 hissederler ve onlar i\u00e7in en iyi olacak insanlarla yollar\u0131 kesi\u015fir.<\/p>\n<p>Do\u011fruyu, ger\u00e7e\u011fi g\u00f6r\u00fcr, ya\u015fam ama\u00e7lar\u0131n\u0131 netle\u015ftirirler.<\/p>\n","protected":false},"featured_media":14168,"comment_status":"open","ping_status":"closed","template":"","meta":[],"product_brand":[],"product_cat":[26],"product_tag":[],"class_list":{"0":"post-14163","1":"product","2":"type-product","3":"status-publish","4":"has-post-thumbnail","6":"product_cat-genel","8":"first","9":"outofstock","10":"purchasable","11":"product-type-simple"},"yoast_head":"<!-- This site is optimized with the Yoast SEO plugin v27.3 - https:\/\/yoast.com\/product\/yoast-seo-wordpress\/ -->\n<title>SERAF\u0130N\u0130T KOLYE UCU - Astrolog Elvan<\/title>\n<meta name=\"robots\" content=\"index, follow, max-snippet:-1, max-image-preview:large, max-video-preview:-1\" \/>\n<link rel=\"canonical\" href=\"https:\/\/astrologelvan.com\/magaza\/urun\/serafinit-kolye-ucu-2\/\" \/>\n<meta property=\"og:locale\" content=\"tr_TR\" \/>\n<meta property=\"og:type\" content=\"article\" \/>\n<meta property=\"og:title\" content=\"SERAF\u0130N\u0130T KOLYE UCU - Astrolog Elvan\" \/>\n<meta property=\"og:description\" content=\"Derler ki; Serafinit ta\u015f\u0131 Serafim Meleklerinin kanad\u0131ndan d\u00fcnyaya d\u00fc\u015fm\u00fc\u015ft\u00fcr. Bu melekler, t\u00fcm tek tanr\u0131l\u0131 dinlerde ge\u00e7er. Yaradan\u2019\u0131n taht\u0131n\u0131 \u00e7evreleyen ve s\u00fcrekli Allah\u2019\u0131n ad\u0131n\u0131 zikreden meleklerdir. Bu ta\u015f, \u00fczerindeki peridot ta\u015f\u0131yla birlikte \u00e7ok ama \u00e7ok k\u0131ymetlidir.  6 kanatl\u0131 melekler olan Serafim melekleri, Ayasofya ana kubbesinin alt\u0131nda da resmedilmi\u015ftir. Cennet kap\u0131s\u0131n\u0131 bekleyen melekler olarak ge\u00e7er.  Bu ta\u015ftan takanlar; kendi g\u00f6lgeleriyle y\u00fczle\u015fip korkular\u0131n\u0131 \u015fifaland\u0131rabilir. Yaradan\u2019\u0131n her daim korumas\u0131 alt\u0131nda olduklar\u0131n\u0131 hissederler ve onlar i\u00e7in en iyi olacak insanlarla yollar\u0131 kesi\u015fir.  Do\u011fruyu, ger\u00e7e\u011fi g\u00f6r\u00fcr, ya\u015fam ama\u00e7lar\u0131n\u0131 netle\u015ftirirler.\" \/>\n<meta property=\"og:url\" content=\"https:\/\/astrologelvan.com\/magaza\/urun\/serafinit-kolye-ucu-2\/\" \/>\n<meta property=\"og:site_name\" content=\"Astrolog Elvan\" \/>\n<meta property=\"article:modified_time\" content=\"2025-10-06T05:15:18+00:00\" \/>\n<meta property=\"og:image\" content=\"https:\/\/astrologelvan.com\/magaza\/wp-content\/uploads\/2024\/07\/3-25-scaled.jpg\" \/>\n\t<meta property=\"og:image:width\" content=\"2560\" \/>\n\t<meta property=\"og:image:height\" content=\"2560\" \/>\n\t<meta property=\"og:image:type\" content=\"image\/jpeg\" \/>\n<meta name=\"twitter:card\" content=\"summary_large_image\" \/>\n<meta name=\"twitter:label1\" content=\"Tahmini okuma s\u00fcresi\" \/>\n\t<meta name=\"twitter:data1\" content=\"1 dakika\" \/>\n<script type=\"application\/ld+json\" class=\"yoast-schema-graph\">{\"@context\":\"https:\\\/\\\/schema.org\",\"@graph\":[{\"@type\":[\"WebPage\",\"ItemPage\"],\"@id\":\"https:\\\/\\\/astrologelvan.com\\\/magaza\\\/urun\\\/serafinit-kolye-ucu-2\\\/\",\"url\":\"https:\\\/\\\/astrologelvan.com\\\/magaza\\\/urun\\\/serafinit-kolye-ucu-2\\\/\",\"name\":\"SERAF\u0130N\u0130T KOLYE UCU - Astrolog Elvan\",\"isPartOf\":{\"@id\":\"https:\\\/\\\/astrologelvan.com\\\/magaza\\\/#website\"},\"primaryImageOfPage\":{\"@id\":\"https:\\\/\\\/astrologelvan.com\\\/magaza\\\/urun\\\/serafinit-kolye-ucu-2\\\/#primaryimage\"},\"image\":{\"@id\":\"https:\\\/\\\/astrologelvan.com\\\/magaza\\\/urun\\\/serafinit-kolye-ucu-2\\\/#primaryimage\"},\"thumbnailUrl\":\"https:\\\/\\\/astrologelvan.com\\\/magaza\\\/wp-content\\\/uploads\\\/2024\\\/07\\\/3-25-scaled.jpg\",\"datePublished\":\"2024-07-24T09:31:54+00:00\",\"dateModified\":\"2025-10-06T05:15:18+00:00\",\"breadcrumb\":{\"@id\":\"https:\\\/\\\/astrologelvan.com\\\/magaza\\\/urun\\\/serafinit-kolye-ucu-2\\\/#breadcrumb\"},\"inLanguage\":\"tr\",\"potentialAction\":[{\"@type\":\"ReadAction\",\"target\":[\"https:\\\/\\\/astrologelvan.com\\\/magaza\\\/urun\\\/serafinit-kolye-ucu-2\\\/\"]}]},{\"@type\":\"ImageObject\",\"inLanguage\":\"tr\",\"@id\":\"https:\\\/\\\/astrologelvan.com\\\/magaza\\\/urun\\\/serafinit-kolye-ucu-2\\\/#primaryimage\",\"url\":\"https:\\\/\\\/astrologelvan.com\\\/magaza\\\/wp-content\\\/uploads\\\/2024\\\/07\\\/3-25-scaled.jpg\",\"contentUrl\":\"https:\\\/\\\/astrologelvan.com\\\/magaza\\\/wp-content\\\/uploads\\\/2024\\\/07\\\/3-25-scaled.jpg\",\"width\":2560,\"height\":2560},{\"@type\":\"BreadcrumbList\",\"@id\":\"https:\\\/\\\/astrologelvan.com\\\/magaza\\\/urun\\\/serafinit-kolye-ucu-2\\\/#breadcrumb\",\"itemListElement\":[{\"@type\":\"ListItem\",\"position\":1,\"name\":\"Anasayfa\",\"item\":\"https:\\\/\\\/astrologelvan.com\\\/magaza\\\/\"},{\"@type\":\"ListItem\",\"position\":2,\"name\":\"Ma\u011faza\",\"item\":\"https:\\\/\\\/astrologelvan.com\\\/magaza\\\/magaza\\\/\"},{\"@type\":\"ListItem\",\"position\":3,\"name\":\"SERAF\u0130N\u0130T KOLYE UCU\"}]},{\"@type\":\"WebSite\",\"@id\":\"https:\\\/\\\/astrologelvan.com\\\/magaza\\\/#website\",\"url\":\"https:\\\/\\\/astrologelvan.com\\\/magaza\\\/\",\"name\":\"Astrolog Elvan\",\"description\":\"\",\"potentialAction\":[{\"@type\":\"SearchAction\",\"target\":{\"@type\":\"EntryPoint\",\"urlTemplate\":\"https:\\\/\\\/astrologelvan.com\\\/magaza\\\/?s={search_term_string}\"},\"query-input\":{\"@type\":\"PropertyValueSpecification\",\"valueRequired\":true,\"valueName\":\"search_term_string\"}}],\"inLanguage\":\"tr\"}]}<\/script>\n<!-- \/ Yoast SEO plugin. -->","yoast_head_json":{"title":"SERAF\u0130N\u0130T KOLYE UCU - Astrolog Elvan","robots":{"index":"index","follow":"follow","max-snippet":"max-snippet:-1","max-image-preview":"max-image-preview:large","max-video-preview":"max-video-preview:-1"},"canonical":"https:\/\/astrologelvan.com\/magaza\/urun\/serafinit-kolye-ucu-2\/","og_locale":"tr_TR","og_type":"article","og_title":"SERAF\u0130N\u0130T KOLYE UCU - Astrolog Elvan","og_description":"Derler ki; Serafinit ta\u015f\u0131 Serafim Meleklerinin kanad\u0131ndan d\u00fcnyaya d\u00fc\u015fm\u00fc\u015ft\u00fcr. Bu melekler, t\u00fcm tek tanr\u0131l\u0131 dinlerde ge\u00e7er. Yaradan\u2019\u0131n taht\u0131n\u0131 \u00e7evreleyen ve s\u00fcrekli Allah\u2019\u0131n ad\u0131n\u0131 zikreden meleklerdir. Bu ta\u015f, \u00fczerindeki peridot ta\u015f\u0131yla birlikte \u00e7ok ama \u00e7ok k\u0131ymetlidir.  6 kanatl\u0131 melekler olan Serafim melekleri, Ayasofya ana kubbesinin alt\u0131nda da resmedilmi\u015ftir. Cennet kap\u0131s\u0131n\u0131 bekleyen melekler olarak ge\u00e7er.  Bu ta\u015ftan takanlar; kendi g\u00f6lgeleriyle y\u00fczle\u015fip korkular\u0131n\u0131 \u015fifaland\u0131rabilir. Yaradan\u2019\u0131n her daim korumas\u0131 alt\u0131nda olduklar\u0131n\u0131 hissederler ve onlar i\u00e7in en iyi olacak insanlarla yollar\u0131 kesi\u015fir.  Do\u011fruyu, ger\u00e7e\u011fi g\u00f6r\u00fcr, ya\u015fam ama\u00e7lar\u0131n\u0131 netle\u015ftirirler.","og_url":"https:\/\/astrologelvan.com\/magaza\/urun\/serafinit-kolye-ucu-2\/","og_site_name":"Astrolog Elvan","article_modified_time":"2025-10-06T05:15:18+00:00","og_image":[{"width":2560,"height":2560,"url":"https:\/\/astrologelvan.com\/magaza\/wp-content\/uploads\/2024\/07\/3-25-scaled.jpg","type":"image\/jpeg"}],"twitter_card":"summary_large_image","twitter_misc":{"Tahmini okuma s\u00fcresi":"1 dakika"},"schema":{"@context":"https:\/\/schema.org","@graph":[{"@type":["WebPage","ItemPage"],"@id":"https:\/\/astrologelvan.com\/magaza\/urun\/serafinit-kolye-ucu-2\/","url":"https:\/\/astrologelvan.com\/magaza\/urun\/serafinit-kolye-ucu-2\/","name":"SERAF\u0130N\u0130T KOLYE UCU - Astrolog Elvan","isPartOf":{"@id":"https:\/\/astrologelvan.com\/magaza\/#website"},"primaryImageOfPage":{"@id":"https:\/\/astrologelvan.com\/magaza\/urun\/serafinit-kolye-ucu-2\/#primaryimage"},"image":{"@id":"https:\/\/astrologelvan.com\/magaza\/urun\/serafinit-kolye-ucu-2\/#primaryimage"},"thumbnailUrl":"https:\/\/astrologelvan.com\/magaza\/wp-content\/uploads\/2024\/07\/3-25-scaled.jpg","datePublished":"2024-07-24T09:31:54+00:00","dateModified":"2025-10-06T05:15:18+00:00","breadcrumb":{"@id":"https:\/\/astrologelvan.com\/magaza\/urun\/serafinit-kolye-ucu-2\/#breadcrumb"},"inLanguage":"tr","potentialAction":[{"@type":"ReadAction","target":["https:\/\/astrologelvan.com\/magaza\/urun\/serafinit-kolye-ucu-2\/"]}]},{"@type":"ImageObject","inLanguage":"tr","@id":"https:\/\/astrologelvan.com\/magaza\/urun\/serafinit-kolye-ucu-2\/#primaryimage","url":"https:\/\/astrologelvan.com\/magaza\/wp-content\/uploads\/2024\/07\/3-25-scaled.jpg","contentUrl":"https:\/\/astrologelvan.com\/magaza\/wp-content\/uploads\/2024\/07\/3-25-scaled.jpg","width":2560,"height":2560},{"@type":"BreadcrumbList","@id":"https:\/\/astrologelvan.com\/magaza\/urun\/serafinit-kolye-ucu-2\/#breadcrumb","itemListElement":[{"@type":"ListItem","position":1,"name":"Anasayfa","item":"https:\/\/astrologelvan.com\/magaza\/"},{"@type":"ListItem","position":2,"name":"Ma\u011faza","item":"https:\/\/astrologelvan.com\/magaza\/magaza\/"},{"@type":"ListItem","position":3,"name":"SERAF\u0130N\u0130T KOLYE UCU"}]},{"@type":"WebSite","@id":"https:\/\/astrologelvan.com\/magaza\/#website","url":"https:\/\/astrologelvan.com\/magaza\/","name":"Astrolog Elvan","description":"","potentialAction":[{"@type":"SearchAction","target":{"@type":"EntryPoint","urlTemplate":"https:\/\/astrologelvan.com\/magaza\/?s={search_term_string}"},"query-input":{"@type":"PropertyValueSpecification","valueRequired":true,"valueName":"search_term_string"}}],"inLanguage":"tr"}]}},"_links":{"self":[{"href":"https:\/\/astrologelvan.com\/magaza\/wp-json\/wp\/v2\/product\/14163","targetHints":{"allow":["GET"]}}],"collection":[{"href":"https:\/\/astrologelvan.com\/magaza\/wp-json\/wp\/v2\/product"}],"about":[{"href":"https:\/\/astrologelvan.com\/magaza\/wp-json\/wp\/v2\/types\/product"}],"replies":[{"embeddable":true,"href":"https:\/\/astrologelvan.com\/magaza\/wp-json\/wp\/v2\/comments?post=14163"}],"wp:featuredmedia":[{"embeddable":true,"href":"https:\/\/astrologelvan.com\/magaza\/wp-json\/wp\/v2\/media\/14168"}],"wp:attachment":[{"href":"https:\/\/astrologelvan.com\/magaza\/wp-json\/wp\/v2\/media?parent=14163"}],"wp:term":[{"taxonomy":"product_brand","embeddable":true,"href":"https:\/\/astrologelvan.com\/magaza\/wp-json\/wp\/v2\/product_brand?post=14163"},{"taxonomy":"product_cat","embeddable":true,"href":"https:\/\/astrologelvan.com\/magaza\/wp-json\/wp\/v2\/product_cat?post=14163"},{"taxonomy":"product_tag","embeddable":true,"href":"https:\/\/astrologelvan.com\/magaza\/wp-json\/wp\/v2\/product_tag?post=14163"}],"curies":[{"name":"wp","href":"https:\/\/api.w.org\/{rel}","templated":true}]}}