{"id":14158,"date":"2024-07-24T11:58:45","date_gmt":"2024-07-24T08:58:45","guid":{"rendered":"https:\/\/astrologelvan.com\/magaza\/?post_type=product&#038;p=14158"},"modified":"2025-10-06T08:15:18","modified_gmt":"2025-10-06T05:15:18","slug":"pembe-topaz-kolye-pink-topaz-limited-edition-2","status":"publish","type":"product","link":"https:\/\/astrologelvan.com\/magaza\/urun\/pembe-topaz-kolye-pink-topaz-limited-edition-2\/","title":{"rendered":"PEMBE TOPAZ KOLYE (PINK TOPAZ) &#8211; LIMITED EDITION"},"content":{"rendered":"<p><strong>\u00dcr\u00fcn \u00d6zellikleri:<\/strong><\/p>\n<p>Kolye A\u011f\u0131rl\u0131\u011f\u0131: 11 Gram<\/p>\n<p>Kolye Uzunlu\u011fu: 55 CM<\/p>\n<p>Ta\u015f: 4 Karat Pembe Topaz<\/p>\n<p>925 Ayar G\u00fcm\u00fc\u015f \u00dczeri Alt\u0131n Kaplama Kolye<\/p>\n<p>&nbsp;<\/p>\n","protected":false},"excerpt":{"rendered":"<p class=\"p1\">Pembe ta\u015flar m\u00fccevher olarak kullan\u0131lan ta\u015flar\u0131n en k\u0131ymetlilerindendir. \u00d6zellikle renginden kaynakl\u0131 di\u011fer topazlardan daha de\u011ferlidir.<\/p>\n<p>G\u00fcne\u015f\u2019in enerjisini i\u00e7inde bar\u0131nd\u0131r\u0131r. Pembe Topaz takan ki\u015fi ya\u015fam enerjisini y\u00fckseltebilir, hayal g\u00fcc\u00fcn\u00fc ger\u00e7ekle\u015ftirmeye \u00e7ok daha yak\u0131n olur. Sanatsal yetene\u011fini a\u00e7\u0131\u011fa \u00e7\u0131karmak ve kullanmak isteyenler i\u00e7in \u00f6zellikle \u00f6nerilir.<\/p>\n<p>\u00c7ok eski zamanlardan beri Pembe Topaz\u0131n onu \u00fczerinde ta\u015f\u0131yan ki\u015fiyi kaza ve belalardan korudu\u011funa inan\u0131l\u0131r. Bu m\u00fccevherin tarihi M\u00d6\u2019ye, Eski Roma ve Eski Yunan\u2019a dayan\u0131r.<\/p>\n<p>Potansiyel enerjimizi d\u0131\u015far\u0131dan gelecek t\u00fcm negatif g\u00fc\u00e7lere kar\u015f\u0131 korudu\u011fu d\u00fc\u015f\u00fcn\u00fcl\u00fcr.<\/p>\n<p>Ayr\u0131ca ger\u00e7ek sevgiyi, bizim sevgimize de\u011fer verecek bir partneri yani k\u0131saca Mr. and Mrs. Right\u2019\u0131 bir araya getirmeye yarad\u0131\u011f\u0131 s\u00f6ylenir.<\/p>\n","protected":false},"featured_media":14159,"comment_status":"open","ping_status":"closed","template":"","meta":[],"product_brand":[],"product_cat":[26,48,114,115],"product_tag":[],"class_list":{"0":"post-14158","1":"product","2":"type-product","3":"status-publish","4":"has-post-thumbnail","6":"product_cat-genel","7":"product_cat-kolyeler","8":"product_cat-limited-edition","9":"product_cat-topaz","11":"first","12":"outofstock","13":"purchasable","14":"product-type-simple"},"yoast_head":"<!-- This site is optimized with the Yoast SEO plugin v27.3 - https:\/\/yoast.com\/product\/yoast-seo-wordpress\/ -->\n<title>PEMBE TOPAZ KOLYE (PINK TOPAZ) - LIMITED EDITION - Astrolog Elvan<\/title>\n<meta name=\"robots\" content=\"index, follow, max-snippet:-1, max-image-preview:large, max-video-preview:-1\" \/>\n<link rel=\"canonical\" href=\"https:\/\/astrologelvan.com\/magaza\/urun\/pembe-topaz-kolye-pink-topaz-limited-edition-2\/\" \/>\n<meta property=\"og:locale\" content=\"tr_TR\" \/>\n<meta property=\"og:type\" content=\"article\" \/>\n<meta property=\"og:title\" content=\"PEMBE TOPAZ KOLYE (PINK TOPAZ) - LIMITED EDITION - Astrolog Elvan\" \/>\n<meta property=\"og:description\" content=\"Pembe ta\u015flar m\u00fccevher olarak kullan\u0131lan ta\u015flar\u0131n en k\u0131ymetlilerindendir. \u00d6zellikle renginden kaynakl\u0131 di\u011fer topazlardan daha de\u011ferlidir. G\u00fcne\u015f\u2019in enerjisini i\u00e7inde bar\u0131nd\u0131r\u0131r. Pembe Topaz takan ki\u015fi ya\u015fam enerjisini y\u00fckseltebilir, hayal g\u00fcc\u00fcn\u00fc ger\u00e7ekle\u015ftirmeye \u00e7ok daha yak\u0131n olur. Sanatsal yetene\u011fini a\u00e7\u0131\u011fa \u00e7\u0131karmak ve kullanmak isteyenler i\u00e7in \u00f6zellikle \u00f6nerilir.  \u00c7ok eski zamanlardan beri Pembe Topaz\u0131n onu \u00fczerinde ta\u015f\u0131yan ki\u015fiyi kaza ve belalardan korudu\u011funa inan\u0131l\u0131r. Bu m\u00fccevherin tarihi M\u00d6\u2019ye, Eski Roma ve Eski Yunan\u2019a dayan\u0131r.  Potansiyel enerjimizi d\u0131\u015far\u0131dan gelecek t\u00fcm negatif g\u00fc\u00e7lere kar\u015f\u0131 korudu\u011fu d\u00fc\u015f\u00fcn\u00fcl\u00fcr.  Ayr\u0131ca ger\u00e7ek sevgiyi, bizim sevgimize de\u011fer verecek bir partneri yani k\u0131saca Mr. and Mrs. Right\u2019\u0131 bir araya getirmeye yarad\u0131\u011f\u0131 s\u00f6ylenir.\" \/>\n<meta property=\"og:url\" content=\"https:\/\/astrologelvan.com\/magaza\/urun\/pembe-topaz-kolye-pink-topaz-limited-edition-2\/\" \/>\n<meta property=\"og:site_name\" content=\"Astrolog Elvan\" \/>\n<meta property=\"article:modified_time\" content=\"2025-10-06T05:15:18+00:00\" \/>\n<meta property=\"og:image\" content=\"https:\/\/astrologelvan.com\/magaza\/wp-content\/uploads\/2024\/07\/1-23.jpg\" \/>\n\t<meta property=\"og:image:width\" content=\"1600\" \/>\n\t<meta property=\"og:image:height\" content=\"1600\" \/>\n\t<meta property=\"og:image:type\" content=\"image\/jpeg\" \/>\n<meta name=\"twitter:card\" content=\"summary_large_image\" \/>\n<meta name=\"twitter:label1\" content=\"Tahmini okuma s\u00fcresi\" \/>\n\t<meta name=\"twitter:data1\" content=\"1 dakika\" \/>\n<script type=\"application\/ld+json\" class=\"yoast-schema-graph\">{\"@context\":\"https:\\\/\\\/schema.org\",\"@graph\":[{\"@type\":[\"WebPage\",\"ItemPage\"],\"@id\":\"https:\\\/\\\/astrologelvan.com\\\/magaza\\\/urun\\\/pembe-topaz-kolye-pink-topaz-limited-edition-2\\\/\",\"url\":\"https:\\\/\\\/astrologelvan.com\\\/magaza\\\/urun\\\/pembe-topaz-kolye-pink-topaz-limited-edition-2\\\/\",\"name\":\"PEMBE TOPAZ KOLYE (PINK TOPAZ) - LIMITED EDITION - Astrolog Elvan\",\"isPartOf\":{\"@id\":\"https:\\\/\\\/astrologelvan.com\\\/magaza\\\/#website\"},\"primaryImageOfPage\":{\"@id\":\"https:\\\/\\\/astrologelvan.com\\\/magaza\\\/urun\\\/pembe-topaz-kolye-pink-topaz-limited-edition-2\\\/#primaryimage\"},\"image\":{\"@id\":\"https:\\\/\\\/astrologelvan.com\\\/magaza\\\/urun\\\/pembe-topaz-kolye-pink-topaz-limited-edition-2\\\/#primaryimage\"},\"thumbnailUrl\":\"https:\\\/\\\/astrologelvan.com\\\/magaza\\\/wp-content\\\/uploads\\\/2024\\\/07\\\/1-23.jpg\",\"datePublished\":\"2024-07-24T08:58:45+00:00\",\"dateModified\":\"2025-10-06T05:15:18+00:00\",\"breadcrumb\":{\"@id\":\"https:\\\/\\\/astrologelvan.com\\\/magaza\\\/urun\\\/pembe-topaz-kolye-pink-topaz-limited-edition-2\\\/#breadcrumb\"},\"inLanguage\":\"tr\",\"potentialAction\":[{\"@type\":\"ReadAction\",\"target\":[\"https:\\\/\\\/astrologelvan.com\\\/magaza\\\/urun\\\/pembe-topaz-kolye-pink-topaz-limited-edition-2\\\/\"]}]},{\"@type\":\"ImageObject\",\"inLanguage\":\"tr\",\"@id\":\"https:\\\/\\\/astrologelvan.com\\\/magaza\\\/urun\\\/pembe-topaz-kolye-pink-topaz-limited-edition-2\\\/#primaryimage\",\"url\":\"https:\\\/\\\/astrologelvan.com\\\/magaza\\\/wp-content\\\/uploads\\\/2024\\\/07\\\/1-23.jpg\",\"contentUrl\":\"https:\\\/\\\/astrologelvan.com\\\/magaza\\\/wp-content\\\/uploads\\\/2024\\\/07\\\/1-23.jpg\",\"width\":1600,\"height\":1600},{\"@type\":\"BreadcrumbList\",\"@id\":\"https:\\\/\\\/astrologelvan.com\\\/magaza\\\/urun\\\/pembe-topaz-kolye-pink-topaz-limited-edition-2\\\/#breadcrumb\",\"itemListElement\":[{\"@type\":\"ListItem\",\"position\":1,\"name\":\"Anasayfa\",\"item\":\"https:\\\/\\\/astrologelvan.com\\\/magaza\\\/\"},{\"@type\":\"ListItem\",\"position\":2,\"name\":\"Ma\u011faza\",\"item\":\"https:\\\/\\\/astrologelvan.com\\\/magaza\\\/magaza\\\/\"},{\"@type\":\"ListItem\",\"position\":3,\"name\":\"PEMBE TOPAZ KOLYE (PINK TOPAZ) &#8211; LIMITED EDITION\"}]},{\"@type\":\"WebSite\",\"@id\":\"https:\\\/\\\/astrologelvan.com\\\/magaza\\\/#website\",\"url\":\"https:\\\/\\\/astrologelvan.com\\\/magaza\\\/\",\"name\":\"Astrolog Elvan\",\"description\":\"\",\"potentialAction\":[{\"@type\":\"SearchAction\",\"target\":{\"@type\":\"EntryPoint\",\"urlTemplate\":\"https:\\\/\\\/astrologelvan.com\\\/magaza\\\/?s={search_term_string}\"},\"query-input\":{\"@type\":\"PropertyValueSpecification\",\"valueRequired\":true,\"valueName\":\"search_term_string\"}}],\"inLanguage\":\"tr\"}]}<\/script>\n<!-- \/ Yoast SEO plugin. -->","yoast_head_json":{"title":"PEMBE TOPAZ KOLYE (PINK TOPAZ) - LIMITED EDITION - Astrolog Elvan","robots":{"index":"index","follow":"follow","max-snippet":"max-snippet:-1","max-image-preview":"max-image-preview:large","max-video-preview":"max-video-preview:-1"},"canonical":"https:\/\/astrologelvan.com\/magaza\/urun\/pembe-topaz-kolye-pink-topaz-limited-edition-2\/","og_locale":"tr_TR","og_type":"article","og_title":"PEMBE TOPAZ KOLYE (PINK TOPAZ) - LIMITED EDITION - Astrolog Elvan","og_description":"Pembe ta\u015flar m\u00fccevher olarak kullan\u0131lan ta\u015flar\u0131n en k\u0131ymetlilerindendir. \u00d6zellikle renginden kaynakl\u0131 di\u011fer topazlardan daha de\u011ferlidir. G\u00fcne\u015f\u2019in enerjisini i\u00e7inde bar\u0131nd\u0131r\u0131r. Pembe Topaz takan ki\u015fi ya\u015fam enerjisini y\u00fckseltebilir, hayal g\u00fcc\u00fcn\u00fc ger\u00e7ekle\u015ftirmeye \u00e7ok daha yak\u0131n olur. Sanatsal yetene\u011fini a\u00e7\u0131\u011fa \u00e7\u0131karmak ve kullanmak isteyenler i\u00e7in \u00f6zellikle \u00f6nerilir.  \u00c7ok eski zamanlardan beri Pembe Topaz\u0131n onu \u00fczerinde ta\u015f\u0131yan ki\u015fiyi kaza ve belalardan korudu\u011funa inan\u0131l\u0131r. Bu m\u00fccevherin tarihi M\u00d6\u2019ye, Eski Roma ve Eski Yunan\u2019a dayan\u0131r.  Potansiyel enerjimizi d\u0131\u015far\u0131dan gelecek t\u00fcm negatif g\u00fc\u00e7lere kar\u015f\u0131 korudu\u011fu d\u00fc\u015f\u00fcn\u00fcl\u00fcr.  Ayr\u0131ca ger\u00e7ek sevgiyi, bizim sevgimize de\u011fer verecek bir partneri yani k\u0131saca Mr. and Mrs. Right\u2019\u0131 bir araya getirmeye yarad\u0131\u011f\u0131 s\u00f6ylenir.","og_url":"https:\/\/astrologelvan.com\/magaza\/urun\/pembe-topaz-kolye-pink-topaz-limited-edition-2\/","og_site_name":"Astrolog Elvan","article_modified_time":"2025-10-06T05:15:18+00:00","og_image":[{"width":1600,"height":1600,"url":"https:\/\/astrologelvan.com\/magaza\/wp-content\/uploads\/2024\/07\/1-23.jpg","type":"image\/jpeg"}],"twitter_card":"summary_large_image","twitter_misc":{"Tahmini okuma s\u00fcresi":"1 dakika"},"schema":{"@context":"https:\/\/schema.org","@graph":[{"@type":["WebPage","ItemPage"],"@id":"https:\/\/astrologelvan.com\/magaza\/urun\/pembe-topaz-kolye-pink-topaz-limited-edition-2\/","url":"https:\/\/astrologelvan.com\/magaza\/urun\/pembe-topaz-kolye-pink-topaz-limited-edition-2\/","name":"PEMBE TOPAZ KOLYE (PINK TOPAZ) - LIMITED EDITION - Astrolog Elvan","isPartOf":{"@id":"https:\/\/astrologelvan.com\/magaza\/#website"},"primaryImageOfPage":{"@id":"https:\/\/astrologelvan.com\/magaza\/urun\/pembe-topaz-kolye-pink-topaz-limited-edition-2\/#primaryimage"},"image":{"@id":"https:\/\/astrologelvan.com\/magaza\/urun\/pembe-topaz-kolye-pink-topaz-limited-edition-2\/#primaryimage"},"thumbnailUrl":"https:\/\/astrologelvan.com\/magaza\/wp-content\/uploads\/2024\/07\/1-23.jpg","datePublished":"2024-07-24T08:58:45+00:00","dateModified":"2025-10-06T05:15:18+00:00","breadcrumb":{"@id":"https:\/\/astrologelvan.com\/magaza\/urun\/pembe-topaz-kolye-pink-topaz-limited-edition-2\/#breadcrumb"},"inLanguage":"tr","potentialAction":[{"@type":"ReadAction","target":["https:\/\/astrologelvan.com\/magaza\/urun\/pembe-topaz-kolye-pink-topaz-limited-edition-2\/"]}]},{"@type":"ImageObject","inLanguage":"tr","@id":"https:\/\/astrologelvan.com\/magaza\/urun\/pembe-topaz-kolye-pink-topaz-limited-edition-2\/#primaryimage","url":"https:\/\/astrologelvan.com\/magaza\/wp-content\/uploads\/2024\/07\/1-23.jpg","contentUrl":"https:\/\/astrologelvan.com\/magaza\/wp-content\/uploads\/2024\/07\/1-23.jpg","width":1600,"height":1600},{"@type":"BreadcrumbList","@id":"https:\/\/astrologelvan.com\/magaza\/urun\/pembe-topaz-kolye-pink-topaz-limited-edition-2\/#breadcrumb","itemListElement":[{"@type":"ListItem","position":1,"name":"Anasayfa","item":"https:\/\/astrologelvan.com\/magaza\/"},{"@type":"ListItem","position":2,"name":"Ma\u011faza","item":"https:\/\/astrologelvan.com\/magaza\/magaza\/"},{"@type":"ListItem","position":3,"name":"PEMBE TOPAZ KOLYE (PINK TOPAZ) &#8211; LIMITED EDITION"}]},{"@type":"WebSite","@id":"https:\/\/astrologelvan.com\/magaza\/#website","url":"https:\/\/astrologelvan.com\/magaza\/","name":"Astrolog Elvan","description":"","potentialAction":[{"@type":"SearchAction","target":{"@type":"EntryPoint","urlTemplate":"https:\/\/astrologelvan.com\/magaza\/?s={search_term_string}"},"query-input":{"@type":"PropertyValueSpecification","valueRequired":true,"valueName":"search_term_string"}}],"inLanguage":"tr"}]}},"_links":{"self":[{"href":"https:\/\/astrologelvan.com\/magaza\/wp-json\/wp\/v2\/product\/14158","targetHints":{"allow":["GET"]}}],"collection":[{"href":"https:\/\/astrologelvan.com\/magaza\/wp-json\/wp\/v2\/product"}],"about":[{"href":"https:\/\/astrologelvan.com\/magaza\/wp-json\/wp\/v2\/types\/product"}],"replies":[{"embeddable":true,"href":"https:\/\/astrologelvan.com\/magaza\/wp-json\/wp\/v2\/comments?post=14158"}],"wp:featuredmedia":[{"embeddable":true,"href":"https:\/\/astrologelvan.com\/magaza\/wp-json\/wp\/v2\/media\/14159"}],"wp:attachment":[{"href":"https:\/\/astrologelvan.com\/magaza\/wp-json\/wp\/v2\/media?parent=14158"}],"wp:term":[{"taxonomy":"product_brand","embeddable":true,"href":"https:\/\/astrologelvan.com\/magaza\/wp-json\/wp\/v2\/product_brand?post=14158"},{"taxonomy":"product_cat","embeddable":true,"href":"https:\/\/astrologelvan.com\/magaza\/wp-json\/wp\/v2\/product_cat?post=14158"},{"taxonomy":"product_tag","embeddable":true,"href":"https:\/\/astrologelvan.com\/magaza\/wp-json\/wp\/v2\/product_tag?post=14158"}],"curies":[{"name":"wp","href":"https:\/\/api.w.org\/{rel}","templated":true}]}}