{"id":14118,"date":"2024-07-23T12:35:37","date_gmt":"2024-07-23T09:35:37","guid":{"rendered":"https:\/\/astrologelvan.com\/magaza\/?post_type=product&#038;p=14118"},"modified":"2026-03-27T13:11:38","modified_gmt":"2026-03-27T10:11:38","slug":"sitrin-kadin-bileklik","status":"publish","type":"product","link":"https:\/\/astrologelvan.com\/magaza\/urun\/sitrin-kadin-bileklik\/","title":{"rendered":"S\u0130TR\u0130N FASET KES\u0130M KADIN B\u0130LEKL\u0130K"},"content":{"rendered":"<p><strong>\u00dcr\u00fcn \u00d6zellikleri:<\/strong><\/p>\n<p>Bilekli\u011fin A\u011f\u0131rl\u0131\u011f\u0131: 8,5 Gram<\/p>\n<p class=\"s7\"><span class=\"s3\"><span class=\"bumpedFont15\">Ta\u015flar\u0131n yakla\u015f\u0131k \u00f6l\u00e7\u00fcs\u00fc: 6<\/span><\/span><span class=\"s3\"><span class=\"bumpedFont15\">\u00a0<\/span><\/span><span class=\"s3\"><span class=\"bumpedFont15\">mm<\/span><\/span><\/p>\n","protected":false},"excerpt":{"rendered":"<p class=\"trt0xe\">Hayat\u0131n\u0131za bolluk, bereket ve \u015fans\u0131 \u00e7ekin<\/p>\n<p class=\"trt0xe\">\u00d6zg\u00fcven problemi ya\u015fayanlar i\u00e7in ki\u015fiye ilham ve motivasyon verir.<\/p>\n<p class=\"trt0xe\">G\u00fcne\u015fle ili\u015fkilendirilmesinden dolay\u0131, ya\u015fam enerjisi ve mutlulu\u011fun ta\u015f\u0131d\u0131r.<\/p>\n<p class=\"trt0xe\">Etraf\u0131na pozitif enerji yayar.<\/p>\n<p class=\"trt0xe\">Ba\u015far\u0131n\u0131n ta\u015f\u0131d\u0131r.<\/p>\n<p class=\"trt0xe\">Zihni ar\u0131nd\u0131rarak, hedefe odaklanmay\u0131 sa\u011flar.<\/p>\n","protected":false},"featured_media":14120,"comment_status":"open","ping_status":"closed","template":"","meta":[],"product_brand":[],"product_cat":[258,259,26,65],"product_tag":[],"class_list":{"0":"post-14118","1":"product","2":"type-product","3":"status-publish","4":"has-post-thumbnail","6":"product_cat-bileklik","7":"product_cat-bileklikler","8":"product_cat-genel","9":"product_cat-sitrin-dogal-tas","11":"first","12":"instock","13":"taxable","14":"shipping-taxable","15":"purchasable","16":"product-type-simple"},"yoast_head":"<!-- This site is optimized with the Yoast SEO plugin v27.3 - https:\/\/yoast.com\/product\/yoast-seo-wordpress\/ -->\n<title>S\u0130TR\u0130N FASET KES\u0130M KADIN B\u0130LEKL\u0130K - Astrolog Elvan<\/title>\n<meta name=\"robots\" content=\"index, follow, max-snippet:-1, max-image-preview:large, max-video-preview:-1\" \/>\n<link rel=\"canonical\" href=\"https:\/\/astrologelvan.com\/magaza\/urun\/sitrin-kadin-bileklik\/\" \/>\n<meta property=\"og:locale\" content=\"tr_TR\" \/>\n<meta property=\"og:type\" content=\"article\" \/>\n<meta property=\"og:title\" content=\"S\u0130TR\u0130N FASET KES\u0130M KADIN B\u0130LEKL\u0130K - Astrolog Elvan\" \/>\n<meta property=\"og:description\" content=\"Hayat\u0131n\u0131za bolluk, bereket ve \u015fans\u0131 \u00e7ekin \u00d6zg\u00fcven problemi ya\u015fayanlar i\u00e7in ki\u015fiye ilham ve motivasyon verir. G\u00fcne\u015fle ili\u015fkilendirilmesinden dolay\u0131, ya\u015fam enerjisi ve mutlulu\u011fun ta\u015f\u0131d\u0131r. Etraf\u0131na pozitif enerji yayar. Ba\u015far\u0131n\u0131n ta\u015f\u0131d\u0131r. Zihni ar\u0131nd\u0131rarak, hedefe odaklanmay\u0131 sa\u011flar.\" \/>\n<meta property=\"og:url\" content=\"https:\/\/astrologelvan.com\/magaza\/urun\/sitrin-kadin-bileklik\/\" \/>\n<meta property=\"og:site_name\" content=\"Astrolog Elvan\" \/>\n<meta property=\"article:modified_time\" content=\"2026-03-27T10:11:38+00:00\" \/>\n<meta property=\"og:image\" content=\"https:\/\/astrologelvan.com\/magaza\/wp-content\/uploads\/2024\/07\/2-22.jpg\" \/>\n\t<meta property=\"og:image:width\" content=\"1600\" \/>\n\t<meta property=\"og:image:height\" content=\"1600\" \/>\n\t<meta property=\"og:image:type\" content=\"image\/jpeg\" \/>\n<meta name=\"twitter:card\" content=\"summary_large_image\" \/>\n<meta name=\"twitter:label1\" content=\"Tahmini okuma s\u00fcresi\" \/>\n\t<meta name=\"twitter:data1\" content=\"1 dakika\" \/>\n<script type=\"application\/ld+json\" class=\"yoast-schema-graph\">{\"@context\":\"https:\\\/\\\/schema.org\",\"@graph\":[{\"@type\":[\"WebPage\",\"ItemPage\"],\"@id\":\"https:\\\/\\\/astrologelvan.com\\\/magaza\\\/urun\\\/sitrin-kadin-bileklik\\\/\",\"url\":\"https:\\\/\\\/astrologelvan.com\\\/magaza\\\/urun\\\/sitrin-kadin-bileklik\\\/\",\"name\":\"S\u0130TR\u0130N FASET KES\u0130M KADIN B\u0130LEKL\u0130K - Astrolog Elvan\",\"isPartOf\":{\"@id\":\"https:\\\/\\\/astrologelvan.com\\\/magaza\\\/#website\"},\"primaryImageOfPage\":{\"@id\":\"https:\\\/\\\/astrologelvan.com\\\/magaza\\\/urun\\\/sitrin-kadin-bileklik\\\/#primaryimage\"},\"image\":{\"@id\":\"https:\\\/\\\/astrologelvan.com\\\/magaza\\\/urun\\\/sitrin-kadin-bileklik\\\/#primaryimage\"},\"thumbnailUrl\":\"https:\\\/\\\/astrologelvan.com\\\/magaza\\\/wp-content\\\/uploads\\\/2024\\\/07\\\/2-22.jpg\",\"datePublished\":\"2024-07-23T09:35:37+00:00\",\"dateModified\":\"2026-03-27T10:11:38+00:00\",\"breadcrumb\":{\"@id\":\"https:\\\/\\\/astrologelvan.com\\\/magaza\\\/urun\\\/sitrin-kadin-bileklik\\\/#breadcrumb\"},\"inLanguage\":\"tr\",\"potentialAction\":[{\"@type\":\"ReadAction\",\"target\":[\"https:\\\/\\\/astrologelvan.com\\\/magaza\\\/urun\\\/sitrin-kadin-bileklik\\\/\"]}]},{\"@type\":\"ImageObject\",\"inLanguage\":\"tr\",\"@id\":\"https:\\\/\\\/astrologelvan.com\\\/magaza\\\/urun\\\/sitrin-kadin-bileklik\\\/#primaryimage\",\"url\":\"https:\\\/\\\/astrologelvan.com\\\/magaza\\\/wp-content\\\/uploads\\\/2024\\\/07\\\/2-22.jpg\",\"contentUrl\":\"https:\\\/\\\/astrologelvan.com\\\/magaza\\\/wp-content\\\/uploads\\\/2024\\\/07\\\/2-22.jpg\",\"width\":1600,\"height\":1600},{\"@type\":\"BreadcrumbList\",\"@id\":\"https:\\\/\\\/astrologelvan.com\\\/magaza\\\/urun\\\/sitrin-kadin-bileklik\\\/#breadcrumb\",\"itemListElement\":[{\"@type\":\"ListItem\",\"position\":1,\"name\":\"Anasayfa\",\"item\":\"https:\\\/\\\/astrologelvan.com\\\/magaza\\\/\"},{\"@type\":\"ListItem\",\"position\":2,\"name\":\"Ma\u011faza\",\"item\":\"https:\\\/\\\/astrologelvan.com\\\/magaza\\\/magaza\\\/\"},{\"@type\":\"ListItem\",\"position\":3,\"name\":\"S\u0130TR\u0130N FASET KES\u0130M KADIN B\u0130LEKL\u0130K\"}]},{\"@type\":\"WebSite\",\"@id\":\"https:\\\/\\\/astrologelvan.com\\\/magaza\\\/#website\",\"url\":\"https:\\\/\\\/astrologelvan.com\\\/magaza\\\/\",\"name\":\"Astrolog Elvan\",\"description\":\"\",\"potentialAction\":[{\"@type\":\"SearchAction\",\"target\":{\"@type\":\"EntryPoint\",\"urlTemplate\":\"https:\\\/\\\/astrologelvan.com\\\/magaza\\\/?s={search_term_string}\"},\"query-input\":{\"@type\":\"PropertyValueSpecification\",\"valueRequired\":true,\"valueName\":\"search_term_string\"}}],\"inLanguage\":\"tr\"}]}<\/script>\n<!-- \/ Yoast SEO plugin. -->","yoast_head_json":{"title":"S\u0130TR\u0130N FASET KES\u0130M KADIN B\u0130LEKL\u0130K - Astrolog Elvan","robots":{"index":"index","follow":"follow","max-snippet":"max-snippet:-1","max-image-preview":"max-image-preview:large","max-video-preview":"max-video-preview:-1"},"canonical":"https:\/\/astrologelvan.com\/magaza\/urun\/sitrin-kadin-bileklik\/","og_locale":"tr_TR","og_type":"article","og_title":"S\u0130TR\u0130N FASET KES\u0130M KADIN B\u0130LEKL\u0130K - Astrolog Elvan","og_description":"Hayat\u0131n\u0131za bolluk, bereket ve \u015fans\u0131 \u00e7ekin \u00d6zg\u00fcven problemi ya\u015fayanlar i\u00e7in ki\u015fiye ilham ve motivasyon verir. G\u00fcne\u015fle ili\u015fkilendirilmesinden dolay\u0131, ya\u015fam enerjisi ve mutlulu\u011fun ta\u015f\u0131d\u0131r. Etraf\u0131na pozitif enerji yayar. Ba\u015far\u0131n\u0131n ta\u015f\u0131d\u0131r. Zihni ar\u0131nd\u0131rarak, hedefe odaklanmay\u0131 sa\u011flar.","og_url":"https:\/\/astrologelvan.com\/magaza\/urun\/sitrin-kadin-bileklik\/","og_site_name":"Astrolog Elvan","article_modified_time":"2026-03-27T10:11:38+00:00","og_image":[{"width":1600,"height":1600,"url":"https:\/\/astrologelvan.com\/magaza\/wp-content\/uploads\/2024\/07\/2-22.jpg","type":"image\/jpeg"}],"twitter_card":"summary_large_image","twitter_misc":{"Tahmini okuma s\u00fcresi":"1 dakika"},"schema":{"@context":"https:\/\/schema.org","@graph":[{"@type":["WebPage","ItemPage"],"@id":"https:\/\/astrologelvan.com\/magaza\/urun\/sitrin-kadin-bileklik\/","url":"https:\/\/astrologelvan.com\/magaza\/urun\/sitrin-kadin-bileklik\/","name":"S\u0130TR\u0130N FASET KES\u0130M KADIN B\u0130LEKL\u0130K - Astrolog Elvan","isPartOf":{"@id":"https:\/\/astrologelvan.com\/magaza\/#website"},"primaryImageOfPage":{"@id":"https:\/\/astrologelvan.com\/magaza\/urun\/sitrin-kadin-bileklik\/#primaryimage"},"image":{"@id":"https:\/\/astrologelvan.com\/magaza\/urun\/sitrin-kadin-bileklik\/#primaryimage"},"thumbnailUrl":"https:\/\/astrologelvan.com\/magaza\/wp-content\/uploads\/2024\/07\/2-22.jpg","datePublished":"2024-07-23T09:35:37+00:00","dateModified":"2026-03-27T10:11:38+00:00","breadcrumb":{"@id":"https:\/\/astrologelvan.com\/magaza\/urun\/sitrin-kadin-bileklik\/#breadcrumb"},"inLanguage":"tr","potentialAction":[{"@type":"ReadAction","target":["https:\/\/astrologelvan.com\/magaza\/urun\/sitrin-kadin-bileklik\/"]}]},{"@type":"ImageObject","inLanguage":"tr","@id":"https:\/\/astrologelvan.com\/magaza\/urun\/sitrin-kadin-bileklik\/#primaryimage","url":"https:\/\/astrologelvan.com\/magaza\/wp-content\/uploads\/2024\/07\/2-22.jpg","contentUrl":"https:\/\/astrologelvan.com\/magaza\/wp-content\/uploads\/2024\/07\/2-22.jpg","width":1600,"height":1600},{"@type":"BreadcrumbList","@id":"https:\/\/astrologelvan.com\/magaza\/urun\/sitrin-kadin-bileklik\/#breadcrumb","itemListElement":[{"@type":"ListItem","position":1,"name":"Anasayfa","item":"https:\/\/astrologelvan.com\/magaza\/"},{"@type":"ListItem","position":2,"name":"Ma\u011faza","item":"https:\/\/astrologelvan.com\/magaza\/magaza\/"},{"@type":"ListItem","position":3,"name":"S\u0130TR\u0130N FASET KES\u0130M KADIN B\u0130LEKL\u0130K"}]},{"@type":"WebSite","@id":"https:\/\/astrologelvan.com\/magaza\/#website","url":"https:\/\/astrologelvan.com\/magaza\/","name":"Astrolog Elvan","description":"","potentialAction":[{"@type":"SearchAction","target":{"@type":"EntryPoint","urlTemplate":"https:\/\/astrologelvan.com\/magaza\/?s={search_term_string}"},"query-input":{"@type":"PropertyValueSpecification","valueRequired":true,"valueName":"search_term_string"}}],"inLanguage":"tr"}]}},"_links":{"self":[{"href":"https:\/\/astrologelvan.com\/magaza\/wp-json\/wp\/v2\/product\/14118","targetHints":{"allow":["GET"]}}],"collection":[{"href":"https:\/\/astrologelvan.com\/magaza\/wp-json\/wp\/v2\/product"}],"about":[{"href":"https:\/\/astrologelvan.com\/magaza\/wp-json\/wp\/v2\/types\/product"}],"replies":[{"embeddable":true,"href":"https:\/\/astrologelvan.com\/magaza\/wp-json\/wp\/v2\/comments?post=14118"}],"wp:featuredmedia":[{"embeddable":true,"href":"https:\/\/astrologelvan.com\/magaza\/wp-json\/wp\/v2\/media\/14120"}],"wp:attachment":[{"href":"https:\/\/astrologelvan.com\/magaza\/wp-json\/wp\/v2\/media?parent=14118"}],"wp:term":[{"taxonomy":"product_brand","embeddable":true,"href":"https:\/\/astrologelvan.com\/magaza\/wp-json\/wp\/v2\/product_brand?post=14118"},{"taxonomy":"product_cat","embeddable":true,"href":"https:\/\/astrologelvan.com\/magaza\/wp-json\/wp\/v2\/product_cat?post=14118"},{"taxonomy":"product_tag","embeddable":true,"href":"https:\/\/astrologelvan.com\/magaza\/wp-json\/wp\/v2\/product_tag?post=14118"}],"curies":[{"name":"wp","href":"https:\/\/api.w.org\/{rel}","templated":true}]}}