{"id":141149,"date":"2025-12-24T16:46:22","date_gmt":"2025-12-24T13:46:22","guid":{"rendered":"https:\/\/astrologelvan.com\/magaza\/?post_type=product&#038;p=141149"},"modified":"2026-04-01T16:09:14","modified_gmt":"2026-04-01T13:09:14","slug":"silindir-form-omega-ametist-kolye","status":"publish","type":"product","link":"https:\/\/astrologelvan.com\/magaza\/urun\/silindir-form-omega-ametist-kolye\/","title":{"rendered":"Silindir Form Omega Ametist Kolye"},"content":{"rendered":"","protected":false},"excerpt":{"rendered":"<p>Radyasyondan ve negatif enerjiden korudu\u011fu bilinmektedir.<br \/>\nG\u00f6z sa\u011fl\u0131\u011f\u0131 i\u00e7in iyi geldi\u011fi bilinmektedir.<br \/>\n\u00d6fke, kin ve korkuyu yat\u0131\u015ft\u0131r\u0131r stresi giderir ve pozitif enerji verir.<br \/>\nKalp rahats\u0131zl\u0131klar\u0131na faydal\u0131d\u0131r.<br \/>\nDo\u011fal bir sakinle\u015ftiricidir.<br \/>\nNegatif elektrik y\u00fck\u00fc ta\u015f\u0131d\u0131\u011f\u0131ndan dolay\u0131: bedendeki fazla elektrik y\u00fck\u00fcn\u00fc topraklayarak beyin g\u00fcc\u00fcn\u00fc y\u00fckseltti\u011fi d\u00fc\u015f\u00fcn\u00fclmektedir.<br \/>\nBir meditasyon ta\u015f\u0131 oldu\u011fu d\u00fc\u015f\u00fcn\u00fclmektedir.<br \/>\nOdaklanmay\u0131 kuvvetlendirir.<br \/>\n<strong>En etkili oldu\u011fu faydalar\u0131 aras\u0131nda negatif enerjiyi pozitif enerjiye \u00e7evirmesi olarak d\u00fc\u015f\u00fcn\u00fclmektedir.<\/strong><\/p>\n","protected":false},"featured_media":141150,"comment_status":"open","ping_status":"closed","template":"","meta":[],"product_brand":[596],"product_cat":[47,48],"product_tag":[],"class_list":{"0":"post-141149","1":"product","2":"type-product","3":"status-publish","4":"has-post-thumbnail","6":"product_brand-astrolog-elvan","7":"product_cat-ametist-serisi","8":"product_cat-kolyeler","10":"first","11":"instock","12":"taxable","13":"shipping-taxable","14":"purchasable","15":"product-type-simple"},"yoast_head":"<!-- This site is optimized with the Yoast SEO plugin v27.3 - https:\/\/yoast.com\/product\/yoast-seo-wordpress\/ -->\n<title>Silindir Form Omega Ametist Kolye - Astrolog Elvan<\/title>\n<meta name=\"robots\" content=\"index, follow, max-snippet:-1, max-image-preview:large, max-video-preview:-1\" \/>\n<link rel=\"canonical\" href=\"https:\/\/astrologelvan.com\/magaza\/urun\/silindir-form-omega-ametist-kolye\/\" \/>\n<meta property=\"og:locale\" content=\"tr_TR\" \/>\n<meta property=\"og:type\" content=\"article\" \/>\n<meta property=\"og:title\" content=\"Silindir Form Omega Ametist Kolye - Astrolog Elvan\" \/>\n<meta property=\"og:description\" content=\"Radyasyondan ve negatif enerjiden korudu\u011fu bilinmektedir. G\u00f6z sa\u011fl\u0131\u011f\u0131 i\u00e7in iyi geldi\u011fi bilinmektedir. \u00d6fke, kin ve korkuyu yat\u0131\u015ft\u0131r\u0131r stresi giderir ve pozitif enerji verir. Kalp rahats\u0131zl\u0131klar\u0131na faydal\u0131d\u0131r. Do\u011fal bir sakinle\u015ftiricidir. Negatif elektrik y\u00fck\u00fc ta\u015f\u0131d\u0131\u011f\u0131ndan dolay\u0131: bedendeki fazla elektrik y\u00fck\u00fcn\u00fc topraklayarak beyin g\u00fcc\u00fcn\u00fc y\u00fckseltti\u011fi d\u00fc\u015f\u00fcn\u00fclmektedir. Bir meditasyon ta\u015f\u0131 oldu\u011fu d\u00fc\u015f\u00fcn\u00fclmektedir. Odaklanmay\u0131 kuvvetlendirir. En etkili oldu\u011fu faydalar\u0131 aras\u0131nda negatif enerjiyi pozitif enerjiye \u00e7evirmesi olarak d\u00fc\u015f\u00fcn\u00fclmektedir.\" \/>\n<meta property=\"og:url\" content=\"https:\/\/astrologelvan.com\/magaza\/urun\/silindir-form-omega-ametist-kolye\/\" \/>\n<meta property=\"og:site_name\" content=\"Astrolog Elvan\" \/>\n<meta property=\"article:modified_time\" content=\"2026-04-01T13:09:14+00:00\" \/>\n<meta property=\"og:image\" content=\"https:\/\/astrologelvan.com\/magaza\/wp-content\/uploads\/2025\/12\/FullSizeRender-14-scaled.webp\" \/>\n\t<meta property=\"og:image:width\" content=\"1440\" \/>\n\t<meta property=\"og:image:height\" content=\"2560\" \/>\n\t<meta property=\"og:image:type\" content=\"image\/webp\" \/>\n<meta name=\"twitter:card\" content=\"summary_large_image\" \/>\n<meta name=\"twitter:label1\" content=\"Tahmini okuma s\u00fcresi\" \/>\n\t<meta name=\"twitter:data1\" content=\"1 dakika\" \/>\n<script type=\"application\/ld+json\" class=\"yoast-schema-graph\">{\"@context\":\"https:\\\/\\\/schema.org\",\"@graph\":[{\"@type\":[\"WebPage\",\"ItemPage\"],\"@id\":\"https:\\\/\\\/astrologelvan.com\\\/magaza\\\/urun\\\/silindir-form-omega-ametist-kolye\\\/\",\"url\":\"https:\\\/\\\/astrologelvan.com\\\/magaza\\\/urun\\\/silindir-form-omega-ametist-kolye\\\/\",\"name\":\"Silindir Form Omega Ametist Kolye - Astrolog Elvan\",\"isPartOf\":{\"@id\":\"https:\\\/\\\/astrologelvan.com\\\/magaza\\\/#website\"},\"primaryImageOfPage\":{\"@id\":\"https:\\\/\\\/astrologelvan.com\\\/magaza\\\/urun\\\/silindir-form-omega-ametist-kolye\\\/#primaryimage\"},\"image\":{\"@id\":\"https:\\\/\\\/astrologelvan.com\\\/magaza\\\/urun\\\/silindir-form-omega-ametist-kolye\\\/#primaryimage\"},\"thumbnailUrl\":\"https:\\\/\\\/astrologelvan.com\\\/magaza\\\/wp-content\\\/uploads\\\/2025\\\/12\\\/FullSizeRender-14-scaled.webp\",\"datePublished\":\"2025-12-24T13:46:22+00:00\",\"dateModified\":\"2026-04-01T13:09:14+00:00\",\"breadcrumb\":{\"@id\":\"https:\\\/\\\/astrologelvan.com\\\/magaza\\\/urun\\\/silindir-form-omega-ametist-kolye\\\/#breadcrumb\"},\"inLanguage\":\"tr\",\"potentialAction\":[{\"@type\":\"ReadAction\",\"target\":[\"https:\\\/\\\/astrologelvan.com\\\/magaza\\\/urun\\\/silindir-form-omega-ametist-kolye\\\/\"]}]},{\"@type\":\"ImageObject\",\"inLanguage\":\"tr\",\"@id\":\"https:\\\/\\\/astrologelvan.com\\\/magaza\\\/urun\\\/silindir-form-omega-ametist-kolye\\\/#primaryimage\",\"url\":\"https:\\\/\\\/astrologelvan.com\\\/magaza\\\/wp-content\\\/uploads\\\/2025\\\/12\\\/FullSizeRender-14-scaled.webp\",\"contentUrl\":\"https:\\\/\\\/astrologelvan.com\\\/magaza\\\/wp-content\\\/uploads\\\/2025\\\/12\\\/FullSizeRender-14-scaled.webp\",\"width\":1440,\"height\":2560},{\"@type\":\"BreadcrumbList\",\"@id\":\"https:\\\/\\\/astrologelvan.com\\\/magaza\\\/urun\\\/silindir-form-omega-ametist-kolye\\\/#breadcrumb\",\"itemListElement\":[{\"@type\":\"ListItem\",\"position\":1,\"name\":\"Anasayfa\",\"item\":\"https:\\\/\\\/astrologelvan.com\\\/magaza\\\/\"},{\"@type\":\"ListItem\",\"position\":2,\"name\":\"Ma\u011faza\",\"item\":\"https:\\\/\\\/astrologelvan.com\\\/magaza\\\/magaza\\\/\"},{\"@type\":\"ListItem\",\"position\":3,\"name\":\"Silindir Form Omega Ametist Kolye\"}]},{\"@type\":\"WebSite\",\"@id\":\"https:\\\/\\\/astrologelvan.com\\\/magaza\\\/#website\",\"url\":\"https:\\\/\\\/astrologelvan.com\\\/magaza\\\/\",\"name\":\"Astrolog Elvan\",\"description\":\"\",\"potentialAction\":[{\"@type\":\"SearchAction\",\"target\":{\"@type\":\"EntryPoint\",\"urlTemplate\":\"https:\\\/\\\/astrologelvan.com\\\/magaza\\\/?s={search_term_string}\"},\"query-input\":{\"@type\":\"PropertyValueSpecification\",\"valueRequired\":true,\"valueName\":\"search_term_string\"}}],\"inLanguage\":\"tr\"}]}<\/script>\n<!-- \/ Yoast SEO plugin. -->","yoast_head_json":{"title":"Silindir Form Omega Ametist Kolye - Astrolog Elvan","robots":{"index":"index","follow":"follow","max-snippet":"max-snippet:-1","max-image-preview":"max-image-preview:large","max-video-preview":"max-video-preview:-1"},"canonical":"https:\/\/astrologelvan.com\/magaza\/urun\/silindir-form-omega-ametist-kolye\/","og_locale":"tr_TR","og_type":"article","og_title":"Silindir Form Omega Ametist Kolye - Astrolog Elvan","og_description":"Radyasyondan ve negatif enerjiden korudu\u011fu bilinmektedir. G\u00f6z sa\u011fl\u0131\u011f\u0131 i\u00e7in iyi geldi\u011fi bilinmektedir. \u00d6fke, kin ve korkuyu yat\u0131\u015ft\u0131r\u0131r stresi giderir ve pozitif enerji verir. Kalp rahats\u0131zl\u0131klar\u0131na faydal\u0131d\u0131r. Do\u011fal bir sakinle\u015ftiricidir. Negatif elektrik y\u00fck\u00fc ta\u015f\u0131d\u0131\u011f\u0131ndan dolay\u0131: bedendeki fazla elektrik y\u00fck\u00fcn\u00fc topraklayarak beyin g\u00fcc\u00fcn\u00fc y\u00fckseltti\u011fi d\u00fc\u015f\u00fcn\u00fclmektedir. Bir meditasyon ta\u015f\u0131 oldu\u011fu d\u00fc\u015f\u00fcn\u00fclmektedir. Odaklanmay\u0131 kuvvetlendirir. En etkili oldu\u011fu faydalar\u0131 aras\u0131nda negatif enerjiyi pozitif enerjiye \u00e7evirmesi olarak d\u00fc\u015f\u00fcn\u00fclmektedir.","og_url":"https:\/\/astrologelvan.com\/magaza\/urun\/silindir-form-omega-ametist-kolye\/","og_site_name":"Astrolog Elvan","article_modified_time":"2026-04-01T13:09:14+00:00","og_image":[{"width":1440,"height":2560,"url":"https:\/\/astrologelvan.com\/magaza\/wp-content\/uploads\/2025\/12\/FullSizeRender-14-scaled.webp","type":"image\/webp"}],"twitter_card":"summary_large_image","twitter_misc":{"Tahmini okuma s\u00fcresi":"1 dakika"},"schema":{"@context":"https:\/\/schema.org","@graph":[{"@type":["WebPage","ItemPage"],"@id":"https:\/\/astrologelvan.com\/magaza\/urun\/silindir-form-omega-ametist-kolye\/","url":"https:\/\/astrologelvan.com\/magaza\/urun\/silindir-form-omega-ametist-kolye\/","name":"Silindir Form Omega Ametist Kolye - Astrolog Elvan","isPartOf":{"@id":"https:\/\/astrologelvan.com\/magaza\/#website"},"primaryImageOfPage":{"@id":"https:\/\/astrologelvan.com\/magaza\/urun\/silindir-form-omega-ametist-kolye\/#primaryimage"},"image":{"@id":"https:\/\/astrologelvan.com\/magaza\/urun\/silindir-form-omega-ametist-kolye\/#primaryimage"},"thumbnailUrl":"https:\/\/astrologelvan.com\/magaza\/wp-content\/uploads\/2025\/12\/FullSizeRender-14-scaled.webp","datePublished":"2025-12-24T13:46:22+00:00","dateModified":"2026-04-01T13:09:14+00:00","breadcrumb":{"@id":"https:\/\/astrologelvan.com\/magaza\/urun\/silindir-form-omega-ametist-kolye\/#breadcrumb"},"inLanguage":"tr","potentialAction":[{"@type":"ReadAction","target":["https:\/\/astrologelvan.com\/magaza\/urun\/silindir-form-omega-ametist-kolye\/"]}]},{"@type":"ImageObject","inLanguage":"tr","@id":"https:\/\/astrologelvan.com\/magaza\/urun\/silindir-form-omega-ametist-kolye\/#primaryimage","url":"https:\/\/astrologelvan.com\/magaza\/wp-content\/uploads\/2025\/12\/FullSizeRender-14-scaled.webp","contentUrl":"https:\/\/astrologelvan.com\/magaza\/wp-content\/uploads\/2025\/12\/FullSizeRender-14-scaled.webp","width":1440,"height":2560},{"@type":"BreadcrumbList","@id":"https:\/\/astrologelvan.com\/magaza\/urun\/silindir-form-omega-ametist-kolye\/#breadcrumb","itemListElement":[{"@type":"ListItem","position":1,"name":"Anasayfa","item":"https:\/\/astrologelvan.com\/magaza\/"},{"@type":"ListItem","position":2,"name":"Ma\u011faza","item":"https:\/\/astrologelvan.com\/magaza\/magaza\/"},{"@type":"ListItem","position":3,"name":"Silindir Form Omega Ametist Kolye"}]},{"@type":"WebSite","@id":"https:\/\/astrologelvan.com\/magaza\/#website","url":"https:\/\/astrologelvan.com\/magaza\/","name":"Astrolog Elvan","description":"","potentialAction":[{"@type":"SearchAction","target":{"@type":"EntryPoint","urlTemplate":"https:\/\/astrologelvan.com\/magaza\/?s={search_term_string}"},"query-input":{"@type":"PropertyValueSpecification","valueRequired":true,"valueName":"search_term_string"}}],"inLanguage":"tr"}]}},"_links":{"self":[{"href":"https:\/\/astrologelvan.com\/magaza\/wp-json\/wp\/v2\/product\/141149","targetHints":{"allow":["GET"]}}],"collection":[{"href":"https:\/\/astrologelvan.com\/magaza\/wp-json\/wp\/v2\/product"}],"about":[{"href":"https:\/\/astrologelvan.com\/magaza\/wp-json\/wp\/v2\/types\/product"}],"replies":[{"embeddable":true,"href":"https:\/\/astrologelvan.com\/magaza\/wp-json\/wp\/v2\/comments?post=141149"}],"wp:featuredmedia":[{"embeddable":true,"href":"https:\/\/astrologelvan.com\/magaza\/wp-json\/wp\/v2\/media\/141150"}],"wp:attachment":[{"href":"https:\/\/astrologelvan.com\/magaza\/wp-json\/wp\/v2\/media?parent=141149"}],"wp:term":[{"taxonomy":"product_brand","embeddable":true,"href":"https:\/\/astrologelvan.com\/magaza\/wp-json\/wp\/v2\/product_brand?post=141149"},{"taxonomy":"product_cat","embeddable":true,"href":"https:\/\/astrologelvan.com\/magaza\/wp-json\/wp\/v2\/product_cat?post=141149"},{"taxonomy":"product_tag","embeddable":true,"href":"https:\/\/astrologelvan.com\/magaza\/wp-json\/wp\/v2\/product_tag?post=141149"}],"curies":[{"name":"wp","href":"https:\/\/api.w.org\/{rel}","templated":true}]}}