{"id":141141,"date":"2025-12-24T16:43:45","date_gmt":"2025-12-24T13:43:45","guid":{"rendered":"https:\/\/astrologelvan.com\/magaza\/?post_type=product&#038;p=141141"},"modified":"2026-04-01T11:55:38","modified_gmt":"2026-04-01T08:55:38","slug":"silindir-form-kaplan-gozu-kolye","status":"publish","type":"product","link":"https:\/\/astrologelvan.com\/magaza\/urun\/silindir-form-kaplan-gozu-kolye\/","title":{"rendered":"Silindir Form Kaplan G\u00f6z\u00fc Kolye"},"content":{"rendered":"","protected":false},"excerpt":{"rendered":"<p>G\u00fcney Afrika\u2019da s\u0131k\u00e7a bulunan Kaplang\u00f6z\u00fc ta\u015f\u0131, alt\u0131n-kahverengi kar\u0131\u015f\u0131m\u0131yla ortaya \u00e7\u0131kan parlakl\u0131\u011f\u0131 sayesinde bir kaplan\u0131n g\u00f6z\u00fcne benzetilmektedir.<br \/>\nRefah getirmeye yard\u0131mc\u0131 olmakla birlikte bloke olan enerjilerinizin a\u00e7\u0131lmas\u0131n\u0131 sa\u011flarken tehlikelere kar\u015f\u0131 sizi korumaya yard\u0131mc\u0131 olur.<br \/>\n<strong>Kaplan g\u00f6z\u00fc, zor durumda kald\u0131\u011f\u0131n\u0131zda cesur olmay\u0131 size hat\u0131rlat\u0131r. <\/strong><br \/>\nGizemli g\u00f6r\u00fcn\u00fcm\u00fc sayesinde Efsane Ta\u015f\u0131 olarak bilinmektedir.<\/p>\n","protected":false},"featured_media":141143,"comment_status":"open","ping_status":"closed","template":"","meta":[],"product_brand":[596],"product_cat":[375,48],"product_tag":[],"class_list":{"0":"post-141141","1":"product","2":"type-product","3":"status-publish","4":"has-post-thumbnail","6":"product_brand-astrolog-elvan","7":"product_cat-kaplangozu-tasi","8":"product_cat-kolyeler","10":"first","11":"instock","12":"taxable","13":"shipping-taxable","14":"purchasable","15":"product-type-simple"},"yoast_head":"<!-- This site is optimized with the Yoast SEO plugin v27.3 - https:\/\/yoast.com\/product\/yoast-seo-wordpress\/ -->\n<title>Silindir Form Kaplan G\u00f6z\u00fc Kolye - Astrolog Elvan<\/title>\n<meta name=\"robots\" content=\"index, follow, max-snippet:-1, max-image-preview:large, max-video-preview:-1\" \/>\n<link rel=\"canonical\" href=\"https:\/\/astrologelvan.com\/magaza\/urun\/silindir-form-kaplan-gozu-kolye\/\" \/>\n<meta property=\"og:locale\" content=\"tr_TR\" \/>\n<meta property=\"og:type\" content=\"article\" \/>\n<meta property=\"og:title\" content=\"Silindir Form Kaplan G\u00f6z\u00fc Kolye - Astrolog Elvan\" \/>\n<meta property=\"og:description\" content=\"G\u00fcney Afrika\u2019da s\u0131k\u00e7a bulunan Kaplang\u00f6z\u00fc ta\u015f\u0131, alt\u0131n-kahverengi kar\u0131\u015f\u0131m\u0131yla ortaya \u00e7\u0131kan parlakl\u0131\u011f\u0131 sayesinde bir kaplan\u0131n g\u00f6z\u00fcne benzetilmektedir. Refah getirmeye yard\u0131mc\u0131 olmakla birlikte bloke olan enerjilerinizin a\u00e7\u0131lmas\u0131n\u0131 sa\u011flarken tehlikelere kar\u015f\u0131 sizi korumaya yard\u0131mc\u0131 olur. Kaplan g\u00f6z\u00fc, zor durumda kald\u0131\u011f\u0131n\u0131zda cesur olmay\u0131 size hat\u0131rlat\u0131r.  Gizemli g\u00f6r\u00fcn\u00fcm\u00fc sayesinde Efsane Ta\u015f\u0131 olarak bilinmektedir.\" \/>\n<meta property=\"og:url\" content=\"https:\/\/astrologelvan.com\/magaza\/urun\/silindir-form-kaplan-gozu-kolye\/\" \/>\n<meta property=\"og:site_name\" content=\"Astrolog Elvan\" \/>\n<meta property=\"article:modified_time\" content=\"2026-04-01T08:55:38+00:00\" \/>\n<meta property=\"og:image\" content=\"https:\/\/astrologelvan.com\/magaza\/wp-content\/uploads\/2025\/12\/IMG_8938.jpg\" \/>\n\t<meta property=\"og:image:width\" content=\"1249\" \/>\n\t<meta property=\"og:image:height\" content=\"1873\" \/>\n\t<meta property=\"og:image:type\" content=\"image\/jpeg\" \/>\n<meta name=\"twitter:card\" content=\"summary_large_image\" \/>\n<meta name=\"twitter:label1\" content=\"Tahmini okuma s\u00fcresi\" \/>\n\t<meta name=\"twitter:data1\" content=\"1 dakika\" \/>\n<script type=\"application\/ld+json\" class=\"yoast-schema-graph\">{\"@context\":\"https:\\\/\\\/schema.org\",\"@graph\":[{\"@type\":[\"WebPage\",\"ItemPage\"],\"@id\":\"https:\\\/\\\/astrologelvan.com\\\/magaza\\\/urun\\\/silindir-form-kaplan-gozu-kolye\\\/\",\"url\":\"https:\\\/\\\/astrologelvan.com\\\/magaza\\\/urun\\\/silindir-form-kaplan-gozu-kolye\\\/\",\"name\":\"Silindir Form Kaplan G\u00f6z\u00fc Kolye - Astrolog Elvan\",\"isPartOf\":{\"@id\":\"https:\\\/\\\/astrologelvan.com\\\/magaza\\\/#website\"},\"primaryImageOfPage\":{\"@id\":\"https:\\\/\\\/astrologelvan.com\\\/magaza\\\/urun\\\/silindir-form-kaplan-gozu-kolye\\\/#primaryimage\"},\"image\":{\"@id\":\"https:\\\/\\\/astrologelvan.com\\\/magaza\\\/urun\\\/silindir-form-kaplan-gozu-kolye\\\/#primaryimage\"},\"thumbnailUrl\":\"https:\\\/\\\/astrologelvan.com\\\/magaza\\\/wp-content\\\/uploads\\\/2025\\\/12\\\/IMG_8938.jpg\",\"datePublished\":\"2025-12-24T13:43:45+00:00\",\"dateModified\":\"2026-04-01T08:55:38+00:00\",\"breadcrumb\":{\"@id\":\"https:\\\/\\\/astrologelvan.com\\\/magaza\\\/urun\\\/silindir-form-kaplan-gozu-kolye\\\/#breadcrumb\"},\"inLanguage\":\"tr\",\"potentialAction\":[{\"@type\":\"ReadAction\",\"target\":[\"https:\\\/\\\/astrologelvan.com\\\/magaza\\\/urun\\\/silindir-form-kaplan-gozu-kolye\\\/\"]}]},{\"@type\":\"ImageObject\",\"inLanguage\":\"tr\",\"@id\":\"https:\\\/\\\/astrologelvan.com\\\/magaza\\\/urun\\\/silindir-form-kaplan-gozu-kolye\\\/#primaryimage\",\"url\":\"https:\\\/\\\/astrologelvan.com\\\/magaza\\\/wp-content\\\/uploads\\\/2025\\\/12\\\/IMG_8938.jpg\",\"contentUrl\":\"https:\\\/\\\/astrologelvan.com\\\/magaza\\\/wp-content\\\/uploads\\\/2025\\\/12\\\/IMG_8938.jpg\",\"width\":1249,\"height\":1873},{\"@type\":\"BreadcrumbList\",\"@id\":\"https:\\\/\\\/astrologelvan.com\\\/magaza\\\/urun\\\/silindir-form-kaplan-gozu-kolye\\\/#breadcrumb\",\"itemListElement\":[{\"@type\":\"ListItem\",\"position\":1,\"name\":\"Anasayfa\",\"item\":\"https:\\\/\\\/astrologelvan.com\\\/magaza\\\/\"},{\"@type\":\"ListItem\",\"position\":2,\"name\":\"Ma\u011faza\",\"item\":\"https:\\\/\\\/astrologelvan.com\\\/magaza\\\/magaza\\\/\"},{\"@type\":\"ListItem\",\"position\":3,\"name\":\"Silindir Form Kaplan G\u00f6z\u00fc Kolye\"}]},{\"@type\":\"WebSite\",\"@id\":\"https:\\\/\\\/astrologelvan.com\\\/magaza\\\/#website\",\"url\":\"https:\\\/\\\/astrologelvan.com\\\/magaza\\\/\",\"name\":\"Astrolog Elvan\",\"description\":\"\",\"potentialAction\":[{\"@type\":\"SearchAction\",\"target\":{\"@type\":\"EntryPoint\",\"urlTemplate\":\"https:\\\/\\\/astrologelvan.com\\\/magaza\\\/?s={search_term_string}\"},\"query-input\":{\"@type\":\"PropertyValueSpecification\",\"valueRequired\":true,\"valueName\":\"search_term_string\"}}],\"inLanguage\":\"tr\"}]}<\/script>\n<!-- \/ Yoast SEO plugin. -->","yoast_head_json":{"title":"Silindir Form Kaplan G\u00f6z\u00fc Kolye - Astrolog Elvan","robots":{"index":"index","follow":"follow","max-snippet":"max-snippet:-1","max-image-preview":"max-image-preview:large","max-video-preview":"max-video-preview:-1"},"canonical":"https:\/\/astrologelvan.com\/magaza\/urun\/silindir-form-kaplan-gozu-kolye\/","og_locale":"tr_TR","og_type":"article","og_title":"Silindir Form Kaplan G\u00f6z\u00fc Kolye - Astrolog Elvan","og_description":"G\u00fcney Afrika\u2019da s\u0131k\u00e7a bulunan Kaplang\u00f6z\u00fc ta\u015f\u0131, alt\u0131n-kahverengi kar\u0131\u015f\u0131m\u0131yla ortaya \u00e7\u0131kan parlakl\u0131\u011f\u0131 sayesinde bir kaplan\u0131n g\u00f6z\u00fcne benzetilmektedir. Refah getirmeye yard\u0131mc\u0131 olmakla birlikte bloke olan enerjilerinizin a\u00e7\u0131lmas\u0131n\u0131 sa\u011flarken tehlikelere kar\u015f\u0131 sizi korumaya yard\u0131mc\u0131 olur. Kaplan g\u00f6z\u00fc, zor durumda kald\u0131\u011f\u0131n\u0131zda cesur olmay\u0131 size hat\u0131rlat\u0131r.  Gizemli g\u00f6r\u00fcn\u00fcm\u00fc sayesinde Efsane Ta\u015f\u0131 olarak bilinmektedir.","og_url":"https:\/\/astrologelvan.com\/magaza\/urun\/silindir-form-kaplan-gozu-kolye\/","og_site_name":"Astrolog Elvan","article_modified_time":"2026-04-01T08:55:38+00:00","og_image":[{"width":1249,"height":1873,"url":"https:\/\/astrologelvan.com\/magaza\/wp-content\/uploads\/2025\/12\/IMG_8938.jpg","type":"image\/jpeg"}],"twitter_card":"summary_large_image","twitter_misc":{"Tahmini okuma s\u00fcresi":"1 dakika"},"schema":{"@context":"https:\/\/schema.org","@graph":[{"@type":["WebPage","ItemPage"],"@id":"https:\/\/astrologelvan.com\/magaza\/urun\/silindir-form-kaplan-gozu-kolye\/","url":"https:\/\/astrologelvan.com\/magaza\/urun\/silindir-form-kaplan-gozu-kolye\/","name":"Silindir Form Kaplan G\u00f6z\u00fc Kolye - Astrolog Elvan","isPartOf":{"@id":"https:\/\/astrologelvan.com\/magaza\/#website"},"primaryImageOfPage":{"@id":"https:\/\/astrologelvan.com\/magaza\/urun\/silindir-form-kaplan-gozu-kolye\/#primaryimage"},"image":{"@id":"https:\/\/astrologelvan.com\/magaza\/urun\/silindir-form-kaplan-gozu-kolye\/#primaryimage"},"thumbnailUrl":"https:\/\/astrologelvan.com\/magaza\/wp-content\/uploads\/2025\/12\/IMG_8938.jpg","datePublished":"2025-12-24T13:43:45+00:00","dateModified":"2026-04-01T08:55:38+00:00","breadcrumb":{"@id":"https:\/\/astrologelvan.com\/magaza\/urun\/silindir-form-kaplan-gozu-kolye\/#breadcrumb"},"inLanguage":"tr","potentialAction":[{"@type":"ReadAction","target":["https:\/\/astrologelvan.com\/magaza\/urun\/silindir-form-kaplan-gozu-kolye\/"]}]},{"@type":"ImageObject","inLanguage":"tr","@id":"https:\/\/astrologelvan.com\/magaza\/urun\/silindir-form-kaplan-gozu-kolye\/#primaryimage","url":"https:\/\/astrologelvan.com\/magaza\/wp-content\/uploads\/2025\/12\/IMG_8938.jpg","contentUrl":"https:\/\/astrologelvan.com\/magaza\/wp-content\/uploads\/2025\/12\/IMG_8938.jpg","width":1249,"height":1873},{"@type":"BreadcrumbList","@id":"https:\/\/astrologelvan.com\/magaza\/urun\/silindir-form-kaplan-gozu-kolye\/#breadcrumb","itemListElement":[{"@type":"ListItem","position":1,"name":"Anasayfa","item":"https:\/\/astrologelvan.com\/magaza\/"},{"@type":"ListItem","position":2,"name":"Ma\u011faza","item":"https:\/\/astrologelvan.com\/magaza\/magaza\/"},{"@type":"ListItem","position":3,"name":"Silindir Form Kaplan G\u00f6z\u00fc Kolye"}]},{"@type":"WebSite","@id":"https:\/\/astrologelvan.com\/magaza\/#website","url":"https:\/\/astrologelvan.com\/magaza\/","name":"Astrolog Elvan","description":"","potentialAction":[{"@type":"SearchAction","target":{"@type":"EntryPoint","urlTemplate":"https:\/\/astrologelvan.com\/magaza\/?s={search_term_string}"},"query-input":{"@type":"PropertyValueSpecification","valueRequired":true,"valueName":"search_term_string"}}],"inLanguage":"tr"}]}},"_links":{"self":[{"href":"https:\/\/astrologelvan.com\/magaza\/wp-json\/wp\/v2\/product\/141141","targetHints":{"allow":["GET"]}}],"collection":[{"href":"https:\/\/astrologelvan.com\/magaza\/wp-json\/wp\/v2\/product"}],"about":[{"href":"https:\/\/astrologelvan.com\/magaza\/wp-json\/wp\/v2\/types\/product"}],"replies":[{"embeddable":true,"href":"https:\/\/astrologelvan.com\/magaza\/wp-json\/wp\/v2\/comments?post=141141"}],"wp:featuredmedia":[{"embeddable":true,"href":"https:\/\/astrologelvan.com\/magaza\/wp-json\/wp\/v2\/media\/141143"}],"wp:attachment":[{"href":"https:\/\/astrologelvan.com\/magaza\/wp-json\/wp\/v2\/media?parent=141141"}],"wp:term":[{"taxonomy":"product_brand","embeddable":true,"href":"https:\/\/astrologelvan.com\/magaza\/wp-json\/wp\/v2\/product_brand?post=141141"},{"taxonomy":"product_cat","embeddable":true,"href":"https:\/\/astrologelvan.com\/magaza\/wp-json\/wp\/v2\/product_cat?post=141141"},{"taxonomy":"product_tag","embeddable":true,"href":"https:\/\/astrologelvan.com\/magaza\/wp-json\/wp\/v2\/product_tag?post=141141"}],"curies":[{"name":"wp","href":"https:\/\/api.w.org\/{rel}","templated":true}]}}