{"id":140590,"date":"2025-12-23T13:24:33","date_gmt":"2025-12-23T10:24:33","guid":{"rendered":"https:\/\/astrologelvan.com\/magaza\/?post_type=product&#038;p=140590"},"modified":"2026-04-01T11:53:30","modified_gmt":"2026-04-01T08:53:30","slug":"yilbasi-sans-anahtarligi","status":"publish","type":"product","link":"https:\/\/astrologelvan.com\/magaza\/urun\/yilbasi-sans-anahtarligi\/","title":{"rendered":"YILBA\u015eI \u015eANS ANAHTARLI\u011eI"},"content":{"rendered":"","protected":false},"excerpt":{"rendered":"<p>Yeni y\u0131l\u0131n taze enerjisini, g\u00fc\u00e7l\u00fc sembolleri ve y\u00fcksek frekansl\u0131 Kristal Kuvars ta\u015f\u0131n\u0131 bir araya getirdik.<\/p>\n<p><strong>Bu \u00f6zel anahtarl\u0131k;<\/strong> \u015fans\u0131 \u00e7o\u011faltmak, negatif enerjiden korunmak ve yeni y\u0131lda niyetlerinizi g\u00fc\u00e7lendirmek i\u00e7in tasarland\u0131.<\/p>\n<p>\ud83d\udd2e Kristal Kuvars Ucu \u2013 Ar\u0131nma, Berrakl\u0131k &amp; Niyet G\u00fcc\u00fc<\/p>\n<p><strong>\u201cUsta \u015eifac\u0131\u201d<\/strong> olarak bilinen Kristal Kuvars; enerjiyi y\u00fckseltir, niyetleri b\u00fcy\u00fct\u00fcr ve negatif titre\u015fimleri temizler.<\/p>\n<p>2026\u2019dan dile\u011finizi dilerken kristal kuvars\u0131 avucunuzun i\u00e7ine al\u0131n ve dileklerinizi g\u00f6z\u00fcn\u00fcz\u00fcn \u00f6n\u00fcne getirin.<\/p>\n<p><strong>At Nal\u0131:<\/strong> 2026 boyunca \u015fans ve bereket ak\u0131\u015f\u0131 sa\u011flar.<\/p>\n<p><strong>Kalp Formunda Nazarl\u0131k:<\/strong> Hem nazara hem k\u00f6t\u00fc niyete kar\u015f\u0131 sevgi frekansl\u0131 koruma.<\/p>\n<p><strong>Cornicello (k\u0131rm\u0131z\u0131 biber sembol\u00fc):<\/strong> \u0130talya\u2019da k\u00f6t\u00fc enerji ve nazardan korudu\u011funa inan\u0131l\u0131r ve bu sembol\u00fc ta\u015f\u0131yan\u0131n hayat\u0131nda g\u00fczel \u015feyler olaca\u011f\u0131 d\u00fc\u015f\u00fcn\u00fcl\u00fcr.<\/p>\n<p><strong>Fil:<\/strong> Bolluk, g\u00fc\u00e7 ve sa\u011flaml\u0131k.<\/p>\n<p><strong>\u00c7am A\u011fac\u0131:<\/strong> Dayan\u0131kl\u0131l\u0131\u011f\u0131, bollu\u011fu, korunmay\u0131 ve hayat boyu s\u00fcren g\u00fcc\u00fc temsil eder.<\/p>\n","protected":false},"featured_media":140592,"comment_status":"open","ping_status":"closed","template":"","meta":[],"product_brand":[596],"product_cat":[568],"product_tag":[],"class_list":{"0":"post-140590","1":"product","2":"type-product","3":"status-publish","4":"has-post-thumbnail","6":"product_brand-astrolog-elvan","7":"product_cat-anahtarliklar","9":"first","10":"instock","11":"taxable","12":"shipping-taxable","13":"purchasable","14":"product-type-simple"},"yoast_head":"<!-- This site is optimized with the Yoast SEO plugin v27.3 - https:\/\/yoast.com\/product\/yoast-seo-wordpress\/ -->\n<title>YILBA\u015eI \u015eANS ANAHTARLI\u011eI - Astrolog Elvan<\/title>\n<meta name=\"robots\" content=\"index, follow, max-snippet:-1, max-image-preview:large, max-video-preview:-1\" \/>\n<link rel=\"canonical\" href=\"https:\/\/astrologelvan.com\/magaza\/urun\/yilbasi-sans-anahtarligi\/\" \/>\n<meta property=\"og:locale\" content=\"tr_TR\" \/>\n<meta property=\"og:type\" content=\"article\" \/>\n<meta property=\"og:title\" content=\"YILBA\u015eI \u015eANS ANAHTARLI\u011eI - Astrolog Elvan\" \/>\n<meta property=\"og:description\" content=\"Yeni y\u0131l\u0131n taze enerjisini, g\u00fc\u00e7l\u00fc sembolleri ve y\u00fcksek frekansl\u0131 Kristal Kuvars ta\u015f\u0131n\u0131 bir araya getirdik.  Bu \u00f6zel anahtarl\u0131k; \u015fans\u0131 \u00e7o\u011faltmak, negatif enerjiden korunmak ve yeni y\u0131lda niyetlerinizi g\u00fc\u00e7lendirmek i\u00e7in tasarland\u0131.  \ud83d\udd2e Kristal Kuvars Ucu \u2013 Ar\u0131nma, Berrakl\u0131k &amp; Niyet G\u00fcc\u00fc  \u201cUsta \u015eifac\u0131\u201d olarak bilinen Kristal Kuvars; enerjiyi y\u00fckseltir, niyetleri b\u00fcy\u00fct\u00fcr ve negatif titre\u015fimleri temizler.  2026\u2019dan dile\u011finizi dilerken kristal kuvars\u0131 avucunuzun i\u00e7ine al\u0131n ve dileklerinizi g\u00f6z\u00fcn\u00fcz\u00fcn \u00f6n\u00fcne getirin.  At Nal\u0131: 2026 boyunca \u015fans ve bereket ak\u0131\u015f\u0131 sa\u011flar.  Kalp Formunda Nazarl\u0131k: Hem nazara hem k\u00f6t\u00fc niyete kar\u015f\u0131 sevgi frekansl\u0131 koruma.  Cornicello (k\u0131rm\u0131z\u0131 biber sembol\u00fc): \u0130talya\u2019da k\u00f6t\u00fc enerji ve nazardan korudu\u011funa inan\u0131l\u0131r ve bu sembol\u00fc ta\u015f\u0131yan\u0131n hayat\u0131nda g\u00fczel \u015feyler olaca\u011f\u0131 d\u00fc\u015f\u00fcn\u00fcl\u00fcr.  Fil: Bolluk, g\u00fc\u00e7 ve sa\u011flaml\u0131k.  \u00c7am A\u011fac\u0131: Dayan\u0131kl\u0131l\u0131\u011f\u0131, bollu\u011fu, korunmay\u0131 ve hayat boyu s\u00fcren g\u00fcc\u00fc temsil eder.\" \/>\n<meta property=\"og:url\" content=\"https:\/\/astrologelvan.com\/magaza\/urun\/yilbasi-sans-anahtarligi\/\" \/>\n<meta property=\"og:site_name\" content=\"Astrolog Elvan\" \/>\n<meta property=\"article:modified_time\" content=\"2026-04-01T08:53:30+00:00\" \/>\n<meta property=\"og:image\" content=\"https:\/\/astrologelvan.com\/magaza\/wp-content\/uploads\/2025\/12\/DSCF7496.webp\" \/>\n\t<meta property=\"og:image:width\" content=\"1000\" \/>\n\t<meta property=\"og:image:height\" content=\"1500\" \/>\n\t<meta property=\"og:image:type\" content=\"image\/webp\" \/>\n<meta name=\"twitter:card\" content=\"summary_large_image\" \/>\n<meta name=\"twitter:label1\" content=\"Tahmini okuma s\u00fcresi\" \/>\n\t<meta name=\"twitter:data1\" content=\"1 dakika\" \/>\n<script type=\"application\/ld+json\" class=\"yoast-schema-graph\">{\"@context\":\"https:\\\/\\\/schema.org\",\"@graph\":[{\"@type\":[\"WebPage\",\"ItemPage\"],\"@id\":\"https:\\\/\\\/astrologelvan.com\\\/magaza\\\/urun\\\/yilbasi-sans-anahtarligi\\\/\",\"url\":\"https:\\\/\\\/astrologelvan.com\\\/magaza\\\/urun\\\/yilbasi-sans-anahtarligi\\\/\",\"name\":\"YILBA\u015eI \u015eANS ANAHTARLI\u011eI - Astrolog Elvan\",\"isPartOf\":{\"@id\":\"https:\\\/\\\/astrologelvan.com\\\/magaza\\\/#website\"},\"primaryImageOfPage\":{\"@id\":\"https:\\\/\\\/astrologelvan.com\\\/magaza\\\/urun\\\/yilbasi-sans-anahtarligi\\\/#primaryimage\"},\"image\":{\"@id\":\"https:\\\/\\\/astrologelvan.com\\\/magaza\\\/urun\\\/yilbasi-sans-anahtarligi\\\/#primaryimage\"},\"thumbnailUrl\":\"https:\\\/\\\/astrologelvan.com\\\/magaza\\\/wp-content\\\/uploads\\\/2025\\\/12\\\/DSCF7496.webp\",\"datePublished\":\"2025-12-23T10:24:33+00:00\",\"dateModified\":\"2026-04-01T08:53:30+00:00\",\"breadcrumb\":{\"@id\":\"https:\\\/\\\/astrologelvan.com\\\/magaza\\\/urun\\\/yilbasi-sans-anahtarligi\\\/#breadcrumb\"},\"inLanguage\":\"tr\",\"potentialAction\":[{\"@type\":\"ReadAction\",\"target\":[\"https:\\\/\\\/astrologelvan.com\\\/magaza\\\/urun\\\/yilbasi-sans-anahtarligi\\\/\"]}]},{\"@type\":\"ImageObject\",\"inLanguage\":\"tr\",\"@id\":\"https:\\\/\\\/astrologelvan.com\\\/magaza\\\/urun\\\/yilbasi-sans-anahtarligi\\\/#primaryimage\",\"url\":\"https:\\\/\\\/astrologelvan.com\\\/magaza\\\/wp-content\\\/uploads\\\/2025\\\/12\\\/DSCF7496.webp\",\"contentUrl\":\"https:\\\/\\\/astrologelvan.com\\\/magaza\\\/wp-content\\\/uploads\\\/2025\\\/12\\\/DSCF7496.webp\",\"width\":1000,\"height\":1500},{\"@type\":\"BreadcrumbList\",\"@id\":\"https:\\\/\\\/astrologelvan.com\\\/magaza\\\/urun\\\/yilbasi-sans-anahtarligi\\\/#breadcrumb\",\"itemListElement\":[{\"@type\":\"ListItem\",\"position\":1,\"name\":\"Anasayfa\",\"item\":\"https:\\\/\\\/astrologelvan.com\\\/magaza\\\/\"},{\"@type\":\"ListItem\",\"position\":2,\"name\":\"Ma\u011faza\",\"item\":\"https:\\\/\\\/astrologelvan.com\\\/magaza\\\/magaza\\\/\"},{\"@type\":\"ListItem\",\"position\":3,\"name\":\"YILBA\u015eI \u015eANS ANAHTARLI\u011eI\"}]},{\"@type\":\"WebSite\",\"@id\":\"https:\\\/\\\/astrologelvan.com\\\/magaza\\\/#website\",\"url\":\"https:\\\/\\\/astrologelvan.com\\\/magaza\\\/\",\"name\":\"Astrolog Elvan\",\"description\":\"\",\"potentialAction\":[{\"@type\":\"SearchAction\",\"target\":{\"@type\":\"EntryPoint\",\"urlTemplate\":\"https:\\\/\\\/astrologelvan.com\\\/magaza\\\/?s={search_term_string}\"},\"query-input\":{\"@type\":\"PropertyValueSpecification\",\"valueRequired\":true,\"valueName\":\"search_term_string\"}}],\"inLanguage\":\"tr\"}]}<\/script>\n<!-- \/ Yoast SEO plugin. -->","yoast_head_json":{"title":"YILBA\u015eI \u015eANS ANAHTARLI\u011eI - Astrolog Elvan","robots":{"index":"index","follow":"follow","max-snippet":"max-snippet:-1","max-image-preview":"max-image-preview:large","max-video-preview":"max-video-preview:-1"},"canonical":"https:\/\/astrologelvan.com\/magaza\/urun\/yilbasi-sans-anahtarligi\/","og_locale":"tr_TR","og_type":"article","og_title":"YILBA\u015eI \u015eANS ANAHTARLI\u011eI - Astrolog Elvan","og_description":"Yeni y\u0131l\u0131n taze enerjisini, g\u00fc\u00e7l\u00fc sembolleri ve y\u00fcksek frekansl\u0131 Kristal Kuvars ta\u015f\u0131n\u0131 bir araya getirdik.  Bu \u00f6zel anahtarl\u0131k; \u015fans\u0131 \u00e7o\u011faltmak, negatif enerjiden korunmak ve yeni y\u0131lda niyetlerinizi g\u00fc\u00e7lendirmek i\u00e7in tasarland\u0131.  \ud83d\udd2e Kristal Kuvars Ucu \u2013 Ar\u0131nma, Berrakl\u0131k &amp; Niyet G\u00fcc\u00fc  \u201cUsta \u015eifac\u0131\u201d olarak bilinen Kristal Kuvars; enerjiyi y\u00fckseltir, niyetleri b\u00fcy\u00fct\u00fcr ve negatif titre\u015fimleri temizler.  2026\u2019dan dile\u011finizi dilerken kristal kuvars\u0131 avucunuzun i\u00e7ine al\u0131n ve dileklerinizi g\u00f6z\u00fcn\u00fcz\u00fcn \u00f6n\u00fcne getirin.  At Nal\u0131: 2026 boyunca \u015fans ve bereket ak\u0131\u015f\u0131 sa\u011flar.  Kalp Formunda Nazarl\u0131k: Hem nazara hem k\u00f6t\u00fc niyete kar\u015f\u0131 sevgi frekansl\u0131 koruma.  Cornicello (k\u0131rm\u0131z\u0131 biber sembol\u00fc): \u0130talya\u2019da k\u00f6t\u00fc enerji ve nazardan korudu\u011funa inan\u0131l\u0131r ve bu sembol\u00fc ta\u015f\u0131yan\u0131n hayat\u0131nda g\u00fczel \u015feyler olaca\u011f\u0131 d\u00fc\u015f\u00fcn\u00fcl\u00fcr.  Fil: Bolluk, g\u00fc\u00e7 ve sa\u011flaml\u0131k.  \u00c7am A\u011fac\u0131: Dayan\u0131kl\u0131l\u0131\u011f\u0131, bollu\u011fu, korunmay\u0131 ve hayat boyu s\u00fcren g\u00fcc\u00fc temsil eder.","og_url":"https:\/\/astrologelvan.com\/magaza\/urun\/yilbasi-sans-anahtarligi\/","og_site_name":"Astrolog Elvan","article_modified_time":"2026-04-01T08:53:30+00:00","og_image":[{"width":1000,"height":1500,"url":"https:\/\/astrologelvan.com\/magaza\/wp-content\/uploads\/2025\/12\/DSCF7496.webp","type":"image\/webp"}],"twitter_card":"summary_large_image","twitter_misc":{"Tahmini okuma s\u00fcresi":"1 dakika"},"schema":{"@context":"https:\/\/schema.org","@graph":[{"@type":["WebPage","ItemPage"],"@id":"https:\/\/astrologelvan.com\/magaza\/urun\/yilbasi-sans-anahtarligi\/","url":"https:\/\/astrologelvan.com\/magaza\/urun\/yilbasi-sans-anahtarligi\/","name":"YILBA\u015eI \u015eANS ANAHTARLI\u011eI - Astrolog Elvan","isPartOf":{"@id":"https:\/\/astrologelvan.com\/magaza\/#website"},"primaryImageOfPage":{"@id":"https:\/\/astrologelvan.com\/magaza\/urun\/yilbasi-sans-anahtarligi\/#primaryimage"},"image":{"@id":"https:\/\/astrologelvan.com\/magaza\/urun\/yilbasi-sans-anahtarligi\/#primaryimage"},"thumbnailUrl":"https:\/\/astrologelvan.com\/magaza\/wp-content\/uploads\/2025\/12\/DSCF7496.webp","datePublished":"2025-12-23T10:24:33+00:00","dateModified":"2026-04-01T08:53:30+00:00","breadcrumb":{"@id":"https:\/\/astrologelvan.com\/magaza\/urun\/yilbasi-sans-anahtarligi\/#breadcrumb"},"inLanguage":"tr","potentialAction":[{"@type":"ReadAction","target":["https:\/\/astrologelvan.com\/magaza\/urun\/yilbasi-sans-anahtarligi\/"]}]},{"@type":"ImageObject","inLanguage":"tr","@id":"https:\/\/astrologelvan.com\/magaza\/urun\/yilbasi-sans-anahtarligi\/#primaryimage","url":"https:\/\/astrologelvan.com\/magaza\/wp-content\/uploads\/2025\/12\/DSCF7496.webp","contentUrl":"https:\/\/astrologelvan.com\/magaza\/wp-content\/uploads\/2025\/12\/DSCF7496.webp","width":1000,"height":1500},{"@type":"BreadcrumbList","@id":"https:\/\/astrologelvan.com\/magaza\/urun\/yilbasi-sans-anahtarligi\/#breadcrumb","itemListElement":[{"@type":"ListItem","position":1,"name":"Anasayfa","item":"https:\/\/astrologelvan.com\/magaza\/"},{"@type":"ListItem","position":2,"name":"Ma\u011faza","item":"https:\/\/astrologelvan.com\/magaza\/magaza\/"},{"@type":"ListItem","position":3,"name":"YILBA\u015eI \u015eANS ANAHTARLI\u011eI"}]},{"@type":"WebSite","@id":"https:\/\/astrologelvan.com\/magaza\/#website","url":"https:\/\/astrologelvan.com\/magaza\/","name":"Astrolog Elvan","description":"","potentialAction":[{"@type":"SearchAction","target":{"@type":"EntryPoint","urlTemplate":"https:\/\/astrologelvan.com\/magaza\/?s={search_term_string}"},"query-input":{"@type":"PropertyValueSpecification","valueRequired":true,"valueName":"search_term_string"}}],"inLanguage":"tr"}]}},"_links":{"self":[{"href":"https:\/\/astrologelvan.com\/magaza\/wp-json\/wp\/v2\/product\/140590","targetHints":{"allow":["GET"]}}],"collection":[{"href":"https:\/\/astrologelvan.com\/magaza\/wp-json\/wp\/v2\/product"}],"about":[{"href":"https:\/\/astrologelvan.com\/magaza\/wp-json\/wp\/v2\/types\/product"}],"replies":[{"embeddable":true,"href":"https:\/\/astrologelvan.com\/magaza\/wp-json\/wp\/v2\/comments?post=140590"}],"wp:featuredmedia":[{"embeddable":true,"href":"https:\/\/astrologelvan.com\/magaza\/wp-json\/wp\/v2\/media\/140592"}],"wp:attachment":[{"href":"https:\/\/astrologelvan.com\/magaza\/wp-json\/wp\/v2\/media?parent=140590"}],"wp:term":[{"taxonomy":"product_brand","embeddable":true,"href":"https:\/\/astrologelvan.com\/magaza\/wp-json\/wp\/v2\/product_brand?post=140590"},{"taxonomy":"product_cat","embeddable":true,"href":"https:\/\/astrologelvan.com\/magaza\/wp-json\/wp\/v2\/product_cat?post=140590"},{"taxonomy":"product_tag","embeddable":true,"href":"https:\/\/astrologelvan.com\/magaza\/wp-json\/wp\/v2\/product_tag?post=140590"}],"curies":[{"name":"wp","href":"https:\/\/api.w.org\/{rel}","templated":true}]}}