{"id":140122,"date":"2025-12-19T16:10:12","date_gmt":"2025-12-19T13:10:12","guid":{"rendered":"https:\/\/astrologelvan.com\/magaza\/?post_type=product&#038;p=140122"},"modified":"2026-02-27T00:53:28","modified_gmt":"2026-02-26T21:53:28","slug":"opal-kolye","status":"publish","type":"product","link":"https:\/\/astrologelvan.com\/magaza\/urun\/opal-kolye\/","title":{"rendered":"OPAL KOLYE"},"content":{"rendered":"","protected":false},"excerpt":{"rendered":"<p>A\u015fk, tutku, kozmik fark\u0131ndal\u0131k ta\u015f\u0131d\u0131r. Negatifi emer ve gelen tarafa geri yans\u0131t\u0131r.<br \/>\nGe\u00e7mi\u015f ya\u015famlardaki duygusal durumunuza takt\u0131\u011f\u0131n\u0131z anda gidebilirsiniz. Opal kolyeyi takt\u0131\u011f\u0131n\u0131z g\u00fcn\u00fc iyi analiz edin.<br \/>\nGe\u00e7mi\u015f ya\u015famlar\u0131n\u0131za dair ipu\u00e7lar\u0131 bulacaks\u0131n\u0131z. Sadakat ve ba\u011fl\u0131l\u0131k getirir.<\/p>\n","protected":false},"featured_media":140126,"comment_status":"open","ping_status":"closed","template":"","meta":[],"product_brand":[596],"product_cat":[48,471],"product_tag":[],"class_list":{"0":"post-140122","1":"product","2":"type-product","3":"status-publish","4":"has-post-thumbnail","6":"product_brand-astrolog-elvan","7":"product_cat-kolyeler","8":"product_cat-opal-tasi","10":"first","11":"instock","12":"taxable","13":"shipping-taxable","14":"purchasable","15":"product-type-simple"},"yoast_head":"<!-- This site is optimized with the Yoast SEO plugin v27.3 - https:\/\/yoast.com\/product\/yoast-seo-wordpress\/ -->\n<title>OPAL KOLYE - Astrolog Elvan<\/title>\n<meta name=\"robots\" content=\"index, follow, max-snippet:-1, max-image-preview:large, max-video-preview:-1\" \/>\n<link rel=\"canonical\" href=\"https:\/\/astrologelvan.com\/magaza\/urun\/opal-kolye\/\" \/>\n<meta property=\"og:locale\" content=\"tr_TR\" \/>\n<meta property=\"og:type\" content=\"article\" \/>\n<meta property=\"og:title\" content=\"OPAL KOLYE - Astrolog Elvan\" \/>\n<meta property=\"og:description\" content=\"A\u015fk, tutku, kozmik fark\u0131ndal\u0131k ta\u015f\u0131d\u0131r. Negatifi emer ve gelen tarafa geri yans\u0131t\u0131r. Ge\u00e7mi\u015f ya\u015famlardaki duygusal durumunuza takt\u0131\u011f\u0131n\u0131z anda gidebilirsiniz. Opal kolyeyi takt\u0131\u011f\u0131n\u0131z g\u00fcn\u00fc iyi analiz edin. Ge\u00e7mi\u015f ya\u015famlar\u0131n\u0131za dair ipu\u00e7lar\u0131 bulacaks\u0131n\u0131z. Sadakat ve ba\u011fl\u0131l\u0131k getirir.\" \/>\n<meta property=\"og:url\" content=\"https:\/\/astrologelvan.com\/magaza\/urun\/opal-kolye\/\" \/>\n<meta property=\"og:site_name\" content=\"Astrolog Elvan\" \/>\n<meta property=\"article:modified_time\" content=\"2026-02-26T21:53:28+00:00\" \/>\n<meta property=\"og:image\" content=\"https:\/\/astrologelvan.com\/magaza\/wp-content\/uploads\/2025\/12\/13-scaled.jpg\" \/>\n\t<meta property=\"og:image:width\" content=\"1707\" \/>\n\t<meta property=\"og:image:height\" content=\"2560\" \/>\n\t<meta property=\"og:image:type\" content=\"image\/jpeg\" \/>\n<meta name=\"twitter:card\" content=\"summary_large_image\" \/>\n<script type=\"application\/ld+json\" class=\"yoast-schema-graph\">{\"@context\":\"https:\\\/\\\/schema.org\",\"@graph\":[{\"@type\":[\"WebPage\",\"ItemPage\"],\"@id\":\"https:\\\/\\\/astrologelvan.com\\\/magaza\\\/urun\\\/opal-kolye\\\/\",\"url\":\"https:\\\/\\\/astrologelvan.com\\\/magaza\\\/urun\\\/opal-kolye\\\/\",\"name\":\"OPAL KOLYE - Astrolog Elvan\",\"isPartOf\":{\"@id\":\"https:\\\/\\\/astrologelvan.com\\\/magaza\\\/#website\"},\"primaryImageOfPage\":{\"@id\":\"https:\\\/\\\/astrologelvan.com\\\/magaza\\\/urun\\\/opal-kolye\\\/#primaryimage\"},\"image\":{\"@id\":\"https:\\\/\\\/astrologelvan.com\\\/magaza\\\/urun\\\/opal-kolye\\\/#primaryimage\"},\"thumbnailUrl\":\"https:\\\/\\\/astrologelvan.com\\\/magaza\\\/wp-content\\\/uploads\\\/2025\\\/12\\\/13-scaled.jpg\",\"datePublished\":\"2025-12-19T13:10:12+00:00\",\"dateModified\":\"2026-02-26T21:53:28+00:00\",\"breadcrumb\":{\"@id\":\"https:\\\/\\\/astrologelvan.com\\\/magaza\\\/urun\\\/opal-kolye\\\/#breadcrumb\"},\"inLanguage\":\"tr\",\"potentialAction\":[{\"@type\":\"ReadAction\",\"target\":[\"https:\\\/\\\/astrologelvan.com\\\/magaza\\\/urun\\\/opal-kolye\\\/\"]}]},{\"@type\":\"ImageObject\",\"inLanguage\":\"tr\",\"@id\":\"https:\\\/\\\/astrologelvan.com\\\/magaza\\\/urun\\\/opal-kolye\\\/#primaryimage\",\"url\":\"https:\\\/\\\/astrologelvan.com\\\/magaza\\\/wp-content\\\/uploads\\\/2025\\\/12\\\/13-scaled.jpg\",\"contentUrl\":\"https:\\\/\\\/astrologelvan.com\\\/magaza\\\/wp-content\\\/uploads\\\/2025\\\/12\\\/13-scaled.jpg\",\"width\":1707,\"height\":2560,\"caption\":\"Workflow: {}\"},{\"@type\":\"BreadcrumbList\",\"@id\":\"https:\\\/\\\/astrologelvan.com\\\/magaza\\\/urun\\\/opal-kolye\\\/#breadcrumb\",\"itemListElement\":[{\"@type\":\"ListItem\",\"position\":1,\"name\":\"Anasayfa\",\"item\":\"https:\\\/\\\/astrologelvan.com\\\/magaza\\\/\"},{\"@type\":\"ListItem\",\"position\":2,\"name\":\"Ma\u011faza\",\"item\":\"https:\\\/\\\/astrologelvan.com\\\/magaza\\\/magaza\\\/\"},{\"@type\":\"ListItem\",\"position\":3,\"name\":\"OPAL KOLYE\"}]},{\"@type\":\"WebSite\",\"@id\":\"https:\\\/\\\/astrologelvan.com\\\/magaza\\\/#website\",\"url\":\"https:\\\/\\\/astrologelvan.com\\\/magaza\\\/\",\"name\":\"Astrolog Elvan\",\"description\":\"\",\"potentialAction\":[{\"@type\":\"SearchAction\",\"target\":{\"@type\":\"EntryPoint\",\"urlTemplate\":\"https:\\\/\\\/astrologelvan.com\\\/magaza\\\/?s={search_term_string}\"},\"query-input\":{\"@type\":\"PropertyValueSpecification\",\"valueRequired\":true,\"valueName\":\"search_term_string\"}}],\"inLanguage\":\"tr\"}]}<\/script>\n<!-- \/ Yoast SEO plugin. -->","yoast_head_json":{"title":"OPAL KOLYE - Astrolog Elvan","robots":{"index":"index","follow":"follow","max-snippet":"max-snippet:-1","max-image-preview":"max-image-preview:large","max-video-preview":"max-video-preview:-1"},"canonical":"https:\/\/astrologelvan.com\/magaza\/urun\/opal-kolye\/","og_locale":"tr_TR","og_type":"article","og_title":"OPAL KOLYE - Astrolog Elvan","og_description":"A\u015fk, tutku, kozmik fark\u0131ndal\u0131k ta\u015f\u0131d\u0131r. Negatifi emer ve gelen tarafa geri yans\u0131t\u0131r. Ge\u00e7mi\u015f ya\u015famlardaki duygusal durumunuza takt\u0131\u011f\u0131n\u0131z anda gidebilirsiniz. Opal kolyeyi takt\u0131\u011f\u0131n\u0131z g\u00fcn\u00fc iyi analiz edin. Ge\u00e7mi\u015f ya\u015famlar\u0131n\u0131za dair ipu\u00e7lar\u0131 bulacaks\u0131n\u0131z. Sadakat ve ba\u011fl\u0131l\u0131k getirir.","og_url":"https:\/\/astrologelvan.com\/magaza\/urun\/opal-kolye\/","og_site_name":"Astrolog Elvan","article_modified_time":"2026-02-26T21:53:28+00:00","og_image":[{"width":1707,"height":2560,"url":"https:\/\/astrologelvan.com\/magaza\/wp-content\/uploads\/2025\/12\/13-scaled.jpg","type":"image\/jpeg"}],"twitter_card":"summary_large_image","schema":{"@context":"https:\/\/schema.org","@graph":[{"@type":["WebPage","ItemPage"],"@id":"https:\/\/astrologelvan.com\/magaza\/urun\/opal-kolye\/","url":"https:\/\/astrologelvan.com\/magaza\/urun\/opal-kolye\/","name":"OPAL KOLYE - Astrolog Elvan","isPartOf":{"@id":"https:\/\/astrologelvan.com\/magaza\/#website"},"primaryImageOfPage":{"@id":"https:\/\/astrologelvan.com\/magaza\/urun\/opal-kolye\/#primaryimage"},"image":{"@id":"https:\/\/astrologelvan.com\/magaza\/urun\/opal-kolye\/#primaryimage"},"thumbnailUrl":"https:\/\/astrologelvan.com\/magaza\/wp-content\/uploads\/2025\/12\/13-scaled.jpg","datePublished":"2025-12-19T13:10:12+00:00","dateModified":"2026-02-26T21:53:28+00:00","breadcrumb":{"@id":"https:\/\/astrologelvan.com\/magaza\/urun\/opal-kolye\/#breadcrumb"},"inLanguage":"tr","potentialAction":[{"@type":"ReadAction","target":["https:\/\/astrologelvan.com\/magaza\/urun\/opal-kolye\/"]}]},{"@type":"ImageObject","inLanguage":"tr","@id":"https:\/\/astrologelvan.com\/magaza\/urun\/opal-kolye\/#primaryimage","url":"https:\/\/astrologelvan.com\/magaza\/wp-content\/uploads\/2025\/12\/13-scaled.jpg","contentUrl":"https:\/\/astrologelvan.com\/magaza\/wp-content\/uploads\/2025\/12\/13-scaled.jpg","width":1707,"height":2560,"caption":"Workflow: {}"},{"@type":"BreadcrumbList","@id":"https:\/\/astrologelvan.com\/magaza\/urun\/opal-kolye\/#breadcrumb","itemListElement":[{"@type":"ListItem","position":1,"name":"Anasayfa","item":"https:\/\/astrologelvan.com\/magaza\/"},{"@type":"ListItem","position":2,"name":"Ma\u011faza","item":"https:\/\/astrologelvan.com\/magaza\/magaza\/"},{"@type":"ListItem","position":3,"name":"OPAL KOLYE"}]},{"@type":"WebSite","@id":"https:\/\/astrologelvan.com\/magaza\/#website","url":"https:\/\/astrologelvan.com\/magaza\/","name":"Astrolog Elvan","description":"","potentialAction":[{"@type":"SearchAction","target":{"@type":"EntryPoint","urlTemplate":"https:\/\/astrologelvan.com\/magaza\/?s={search_term_string}"},"query-input":{"@type":"PropertyValueSpecification","valueRequired":true,"valueName":"search_term_string"}}],"inLanguage":"tr"}]}},"_links":{"self":[{"href":"https:\/\/astrologelvan.com\/magaza\/wp-json\/wp\/v2\/product\/140122","targetHints":{"allow":["GET"]}}],"collection":[{"href":"https:\/\/astrologelvan.com\/magaza\/wp-json\/wp\/v2\/product"}],"about":[{"href":"https:\/\/astrologelvan.com\/magaza\/wp-json\/wp\/v2\/types\/product"}],"replies":[{"embeddable":true,"href":"https:\/\/astrologelvan.com\/magaza\/wp-json\/wp\/v2\/comments?post=140122"}],"wp:featuredmedia":[{"embeddable":true,"href":"https:\/\/astrologelvan.com\/magaza\/wp-json\/wp\/v2\/media\/140126"}],"wp:attachment":[{"href":"https:\/\/astrologelvan.com\/magaza\/wp-json\/wp\/v2\/media?parent=140122"}],"wp:term":[{"taxonomy":"product_brand","embeddable":true,"href":"https:\/\/astrologelvan.com\/magaza\/wp-json\/wp\/v2\/product_brand?post=140122"},{"taxonomy":"product_cat","embeddable":true,"href":"https:\/\/astrologelvan.com\/magaza\/wp-json\/wp\/v2\/product_cat?post=140122"},{"taxonomy":"product_tag","embeddable":true,"href":"https:\/\/astrologelvan.com\/magaza\/wp-json\/wp\/v2\/product_tag?post=140122"}],"curies":[{"name":"wp","href":"https:\/\/api.w.org\/{rel}","templated":true}]}}