{"id":13916,"date":"2024-07-18T17:08:57","date_gmt":"2024-07-18T14:08:57","guid":{"rendered":"https:\/\/astrologelvan.com\/magaza\/?post_type=product&#038;p=13916"},"modified":"2025-10-06T08:15:18","modified_gmt":"2025-10-06T05:15:18","slug":"rodonit-dogal-tas-yuzuk","status":"publish","type":"product","link":"https:\/\/astrologelvan.com\/magaza\/urun\/rodonit-dogal-tas-yuzuk\/","title":{"rendered":"RODON\u0130T DO\u011eAL TA\u015e Y\u00dcZ\u00dcK"},"content":{"rendered":"<p><strong>\u00dcr\u00fcn \u00d6zellikleri:<\/strong><\/p>\n<p>Y\u00fcz\u00fck A\u011f\u0131rl\u0131\u011f\u0131: 14,9 Gram<\/p>\n<p>925 Ayar G\u00fcm\u00fc\u015f \u00dczeri Alt\u0131n Kaplama<\/p>\n<p>Her parma\u011fa g\u00f6re ayarlanabilir<\/p>\n<p>Do\u011fal Ta\u015f Y\u00fcz\u00fck<\/p>\n<p>&nbsp;<\/p>\n","protected":false},"excerpt":{"rendered":"<p>Detoks ta\u015f\u0131 olarak bilinen Rodonit v\u00fccudun g\u00fc\u00e7lenmesini destekler.<br \/>\n\u0130li\u015fkilere bar\u0131\u015f getirmeye yard\u0131mc\u0131 olur.<br \/>\nPembenin \u00f6zg\u00fcn bir tonuna sahip olan\u00a0ta\u015f, siyah veya kahverengi damarlara sahip olarak bulunur.<br \/>\nKar\u015f\u0131l\u0131ks\u0131z sevgiyi temsil eden pembe ta\u015flardan biri olan Rodonit, enerji dengelemeye yard\u0131mc\u0131 alan\u0131nda etkili bir kristaldir.<br \/>\nKalp \u00e7akras\u0131 ile yak\u0131ndan ili\u015fkilidir.<br \/>\n\u015eifal\u0131 enerjisi y\u00fcksektir ve \u00e7akra\u00a0ta\u015f\u0131\u00a0olarak kullan\u0131labilir.<\/p>\n","protected":false},"featured_media":13917,"comment_status":"open","ping_status":"closed","template":"","meta":[],"product_brand":[],"product_cat":[26],"product_tag":[],"class_list":{"0":"post-13916","1":"product","2":"type-product","3":"status-publish","4":"has-post-thumbnail","6":"product_cat-genel","8":"first","9":"outofstock","10":"purchasable","11":"product-type-simple"},"yoast_head":"<!-- This site is optimized with the Yoast SEO plugin v27.3 - https:\/\/yoast.com\/product\/yoast-seo-wordpress\/ -->\n<title>RODON\u0130T DO\u011eAL TA\u015e Y\u00dcZ\u00dcK - Astrolog Elvan<\/title>\n<meta name=\"robots\" content=\"index, follow, max-snippet:-1, max-image-preview:large, max-video-preview:-1\" \/>\n<link rel=\"canonical\" href=\"https:\/\/astrologelvan.com\/magaza\/urun\/rodonit-dogal-tas-yuzuk\/\" \/>\n<meta property=\"og:locale\" content=\"tr_TR\" \/>\n<meta property=\"og:type\" content=\"article\" \/>\n<meta property=\"og:title\" content=\"RODON\u0130T DO\u011eAL TA\u015e Y\u00dcZ\u00dcK - Astrolog Elvan\" \/>\n<meta property=\"og:description\" content=\"Detoks ta\u015f\u0131 olarak bilinen Rodonit v\u00fccudun g\u00fc\u00e7lenmesini destekler. \u0130li\u015fkilere bar\u0131\u015f getirmeye yard\u0131mc\u0131 olur. Pembenin \u00f6zg\u00fcn bir tonuna sahip olan\u00a0ta\u015f, siyah veya kahverengi damarlara sahip olarak bulunur. Kar\u015f\u0131l\u0131ks\u0131z sevgiyi temsil eden pembe ta\u015flardan biri olan Rodonit, enerji dengelemeye yard\u0131mc\u0131 alan\u0131nda etkili bir kristaldir. Kalp \u00e7akras\u0131 ile yak\u0131ndan ili\u015fkilidir. \u015eifal\u0131 enerjisi y\u00fcksektir ve \u00e7akra\u00a0ta\u015f\u0131\u00a0olarak kullan\u0131labilir.\" \/>\n<meta property=\"og:url\" content=\"https:\/\/astrologelvan.com\/magaza\/urun\/rodonit-dogal-tas-yuzuk\/\" \/>\n<meta property=\"og:site_name\" content=\"Astrolog Elvan\" \/>\n<meta property=\"article:modified_time\" content=\"2025-10-06T05:15:18+00:00\" \/>\n<meta property=\"og:image\" content=\"https:\/\/astrologelvan.com\/magaza\/wp-content\/uploads\/2024\/07\/1-18-scaled.jpg\" \/>\n\t<meta property=\"og:image:width\" content=\"2560\" \/>\n\t<meta property=\"og:image:height\" content=\"2560\" \/>\n\t<meta property=\"og:image:type\" content=\"image\/jpeg\" \/>\n<meta name=\"twitter:card\" content=\"summary_large_image\" \/>\n<meta name=\"twitter:label1\" content=\"Tahmini okuma s\u00fcresi\" \/>\n\t<meta name=\"twitter:data1\" content=\"1 dakika\" \/>\n<script type=\"application\/ld+json\" class=\"yoast-schema-graph\">{\"@context\":\"https:\\\/\\\/schema.org\",\"@graph\":[{\"@type\":[\"WebPage\",\"ItemPage\"],\"@id\":\"https:\\\/\\\/astrologelvan.com\\\/magaza\\\/urun\\\/rodonit-dogal-tas-yuzuk\\\/\",\"url\":\"https:\\\/\\\/astrologelvan.com\\\/magaza\\\/urun\\\/rodonit-dogal-tas-yuzuk\\\/\",\"name\":\"RODON\u0130T DO\u011eAL TA\u015e Y\u00dcZ\u00dcK - Astrolog Elvan\",\"isPartOf\":{\"@id\":\"https:\\\/\\\/astrologelvan.com\\\/magaza\\\/#website\"},\"primaryImageOfPage\":{\"@id\":\"https:\\\/\\\/astrologelvan.com\\\/magaza\\\/urun\\\/rodonit-dogal-tas-yuzuk\\\/#primaryimage\"},\"image\":{\"@id\":\"https:\\\/\\\/astrologelvan.com\\\/magaza\\\/urun\\\/rodonit-dogal-tas-yuzuk\\\/#primaryimage\"},\"thumbnailUrl\":\"https:\\\/\\\/astrologelvan.com\\\/magaza\\\/wp-content\\\/uploads\\\/2024\\\/07\\\/1-18-scaled.jpg\",\"datePublished\":\"2024-07-18T14:08:57+00:00\",\"dateModified\":\"2025-10-06T05:15:18+00:00\",\"breadcrumb\":{\"@id\":\"https:\\\/\\\/astrologelvan.com\\\/magaza\\\/urun\\\/rodonit-dogal-tas-yuzuk\\\/#breadcrumb\"},\"inLanguage\":\"tr\",\"potentialAction\":[{\"@type\":\"ReadAction\",\"target\":[\"https:\\\/\\\/astrologelvan.com\\\/magaza\\\/urun\\\/rodonit-dogal-tas-yuzuk\\\/\"]}]},{\"@type\":\"ImageObject\",\"inLanguage\":\"tr\",\"@id\":\"https:\\\/\\\/astrologelvan.com\\\/magaza\\\/urun\\\/rodonit-dogal-tas-yuzuk\\\/#primaryimage\",\"url\":\"https:\\\/\\\/astrologelvan.com\\\/magaza\\\/wp-content\\\/uploads\\\/2024\\\/07\\\/1-18-scaled.jpg\",\"contentUrl\":\"https:\\\/\\\/astrologelvan.com\\\/magaza\\\/wp-content\\\/uploads\\\/2024\\\/07\\\/1-18-scaled.jpg\",\"width\":2560,\"height\":2560},{\"@type\":\"BreadcrumbList\",\"@id\":\"https:\\\/\\\/astrologelvan.com\\\/magaza\\\/urun\\\/rodonit-dogal-tas-yuzuk\\\/#breadcrumb\",\"itemListElement\":[{\"@type\":\"ListItem\",\"position\":1,\"name\":\"Anasayfa\",\"item\":\"https:\\\/\\\/astrologelvan.com\\\/magaza\\\/\"},{\"@type\":\"ListItem\",\"position\":2,\"name\":\"Ma\u011faza\",\"item\":\"https:\\\/\\\/astrologelvan.com\\\/magaza\\\/magaza\\\/\"},{\"@type\":\"ListItem\",\"position\":3,\"name\":\"RODON\u0130T DO\u011eAL TA\u015e Y\u00dcZ\u00dcK\"}]},{\"@type\":\"WebSite\",\"@id\":\"https:\\\/\\\/astrologelvan.com\\\/magaza\\\/#website\",\"url\":\"https:\\\/\\\/astrologelvan.com\\\/magaza\\\/\",\"name\":\"Astrolog Elvan\",\"description\":\"\",\"potentialAction\":[{\"@type\":\"SearchAction\",\"target\":{\"@type\":\"EntryPoint\",\"urlTemplate\":\"https:\\\/\\\/astrologelvan.com\\\/magaza\\\/?s={search_term_string}\"},\"query-input\":{\"@type\":\"PropertyValueSpecification\",\"valueRequired\":true,\"valueName\":\"search_term_string\"}}],\"inLanguage\":\"tr\"}]}<\/script>\n<!-- \/ Yoast SEO plugin. -->","yoast_head_json":{"title":"RODON\u0130T DO\u011eAL TA\u015e Y\u00dcZ\u00dcK - Astrolog Elvan","robots":{"index":"index","follow":"follow","max-snippet":"max-snippet:-1","max-image-preview":"max-image-preview:large","max-video-preview":"max-video-preview:-1"},"canonical":"https:\/\/astrologelvan.com\/magaza\/urun\/rodonit-dogal-tas-yuzuk\/","og_locale":"tr_TR","og_type":"article","og_title":"RODON\u0130T DO\u011eAL TA\u015e Y\u00dcZ\u00dcK - Astrolog Elvan","og_description":"Detoks ta\u015f\u0131 olarak bilinen Rodonit v\u00fccudun g\u00fc\u00e7lenmesini destekler. \u0130li\u015fkilere bar\u0131\u015f getirmeye yard\u0131mc\u0131 olur. Pembenin \u00f6zg\u00fcn bir tonuna sahip olan\u00a0ta\u015f, siyah veya kahverengi damarlara sahip olarak bulunur. Kar\u015f\u0131l\u0131ks\u0131z sevgiyi temsil eden pembe ta\u015flardan biri olan Rodonit, enerji dengelemeye yard\u0131mc\u0131 alan\u0131nda etkili bir kristaldir. Kalp \u00e7akras\u0131 ile yak\u0131ndan ili\u015fkilidir. \u015eifal\u0131 enerjisi y\u00fcksektir ve \u00e7akra\u00a0ta\u015f\u0131\u00a0olarak kullan\u0131labilir.","og_url":"https:\/\/astrologelvan.com\/magaza\/urun\/rodonit-dogal-tas-yuzuk\/","og_site_name":"Astrolog Elvan","article_modified_time":"2025-10-06T05:15:18+00:00","og_image":[{"width":2560,"height":2560,"url":"https:\/\/astrologelvan.com\/magaza\/wp-content\/uploads\/2024\/07\/1-18-scaled.jpg","type":"image\/jpeg"}],"twitter_card":"summary_large_image","twitter_misc":{"Tahmini okuma s\u00fcresi":"1 dakika"},"schema":{"@context":"https:\/\/schema.org","@graph":[{"@type":["WebPage","ItemPage"],"@id":"https:\/\/astrologelvan.com\/magaza\/urun\/rodonit-dogal-tas-yuzuk\/","url":"https:\/\/astrologelvan.com\/magaza\/urun\/rodonit-dogal-tas-yuzuk\/","name":"RODON\u0130T DO\u011eAL TA\u015e Y\u00dcZ\u00dcK - Astrolog Elvan","isPartOf":{"@id":"https:\/\/astrologelvan.com\/magaza\/#website"},"primaryImageOfPage":{"@id":"https:\/\/astrologelvan.com\/magaza\/urun\/rodonit-dogal-tas-yuzuk\/#primaryimage"},"image":{"@id":"https:\/\/astrologelvan.com\/magaza\/urun\/rodonit-dogal-tas-yuzuk\/#primaryimage"},"thumbnailUrl":"https:\/\/astrologelvan.com\/magaza\/wp-content\/uploads\/2024\/07\/1-18-scaled.jpg","datePublished":"2024-07-18T14:08:57+00:00","dateModified":"2025-10-06T05:15:18+00:00","breadcrumb":{"@id":"https:\/\/astrologelvan.com\/magaza\/urun\/rodonit-dogal-tas-yuzuk\/#breadcrumb"},"inLanguage":"tr","potentialAction":[{"@type":"ReadAction","target":["https:\/\/astrologelvan.com\/magaza\/urun\/rodonit-dogal-tas-yuzuk\/"]}]},{"@type":"ImageObject","inLanguage":"tr","@id":"https:\/\/astrologelvan.com\/magaza\/urun\/rodonit-dogal-tas-yuzuk\/#primaryimage","url":"https:\/\/astrologelvan.com\/magaza\/wp-content\/uploads\/2024\/07\/1-18-scaled.jpg","contentUrl":"https:\/\/astrologelvan.com\/magaza\/wp-content\/uploads\/2024\/07\/1-18-scaled.jpg","width":2560,"height":2560},{"@type":"BreadcrumbList","@id":"https:\/\/astrologelvan.com\/magaza\/urun\/rodonit-dogal-tas-yuzuk\/#breadcrumb","itemListElement":[{"@type":"ListItem","position":1,"name":"Anasayfa","item":"https:\/\/astrologelvan.com\/magaza\/"},{"@type":"ListItem","position":2,"name":"Ma\u011faza","item":"https:\/\/astrologelvan.com\/magaza\/magaza\/"},{"@type":"ListItem","position":3,"name":"RODON\u0130T DO\u011eAL TA\u015e Y\u00dcZ\u00dcK"}]},{"@type":"WebSite","@id":"https:\/\/astrologelvan.com\/magaza\/#website","url":"https:\/\/astrologelvan.com\/magaza\/","name":"Astrolog Elvan","description":"","potentialAction":[{"@type":"SearchAction","target":{"@type":"EntryPoint","urlTemplate":"https:\/\/astrologelvan.com\/magaza\/?s={search_term_string}"},"query-input":{"@type":"PropertyValueSpecification","valueRequired":true,"valueName":"search_term_string"}}],"inLanguage":"tr"}]}},"_links":{"self":[{"href":"https:\/\/astrologelvan.com\/magaza\/wp-json\/wp\/v2\/product\/13916","targetHints":{"allow":["GET"]}}],"collection":[{"href":"https:\/\/astrologelvan.com\/magaza\/wp-json\/wp\/v2\/product"}],"about":[{"href":"https:\/\/astrologelvan.com\/magaza\/wp-json\/wp\/v2\/types\/product"}],"replies":[{"embeddable":true,"href":"https:\/\/astrologelvan.com\/magaza\/wp-json\/wp\/v2\/comments?post=13916"}],"wp:featuredmedia":[{"embeddable":true,"href":"https:\/\/astrologelvan.com\/magaza\/wp-json\/wp\/v2\/media\/13917"}],"wp:attachment":[{"href":"https:\/\/astrologelvan.com\/magaza\/wp-json\/wp\/v2\/media?parent=13916"}],"wp:term":[{"taxonomy":"product_brand","embeddable":true,"href":"https:\/\/astrologelvan.com\/magaza\/wp-json\/wp\/v2\/product_brand?post=13916"},{"taxonomy":"product_cat","embeddable":true,"href":"https:\/\/astrologelvan.com\/magaza\/wp-json\/wp\/v2\/product_cat?post=13916"},{"taxonomy":"product_tag","embeddable":true,"href":"https:\/\/astrologelvan.com\/magaza\/wp-json\/wp\/v2\/product_tag?post=13916"}],"curies":[{"name":"wp","href":"https:\/\/api.w.org\/{rel}","templated":true}]}}