{"id":139,"date":"2024-02-28T02:05:03","date_gmt":"2024-02-27T23:05:03","guid":{"rendered":"https:\/\/astrologelvan.shop\/?post_type=product&#038;p=139"},"modified":"2026-03-27T15:37:59","modified_gmt":"2026-03-27T12:37:59","slug":"bag-koparma-ritueli-kiti","status":"publish","type":"product","link":"https:\/\/astrologelvan.com\/magaza\/urun\/bag-koparma-ritueli-kiti\/","title":{"rendered":"BA\u011e KOPARMA R\u0130T\u00dcEL\u0130 K\u0130T\u0130"},"content":{"rendered":"<p>&nbsp;<\/p>\n<p><iframe loading=\"lazy\" title=\"Bag\u0306 Koparma Ritu\u0308eli Kiti - Ba\u011f Koparma Rit\u00fceli Nedir? Nas\u0131l Yap\u0131l\u0131r?\" width=\"1020\" height=\"574\" src=\"https:\/\/www.youtube.com\/embed\/QLg_D7JZ1Qw?feature=oembed\" frameborder=\"0\" allow=\"accelerometer; autoplay; clipboard-write; encrypted-media; gyroscope; picture-in-picture; web-share\" referrerpolicy=\"strict-origin-when-cross-origin\" allowfullscreen><\/iframe><\/p>\n<p><span style=\"font-weight: 400\">Bu kiti dolunayda kullanmaya ba\u015flay\u0131n.<\/span><\/p>\n<p><span style=\"font-weight: 400\">\u00d6ncelikle Lapis Lazuli ta\u015fl\u0131 kolyeyi ada\u00e7ay\u0131 ile t\u00fcts\u00fcleyip takmaya ba\u015flay\u0131n.<\/span><\/p>\n<p><span style=\"font-weight: 400\">Antik M\u0131s\u0131r\u2019da yayg\u0131n olarak kullan\u0131lan bu ta\u015f, ruhunuzu korumaya yarar.\u00a0<\/span><\/p>\n<p><span style=\"font-weight: 400\">Her bir ba\u011f koparma kitini bir ki\u015fi i\u00e7in yapabilirsiniz.<\/span><\/p>\n<p><span style=\"font-weight: 400\">Dolunay gecesi, yar\u0131m saat kadar sakin kal\u0131n ve derin nefes al\u0131n.<\/span><\/p>\n<p><span style=\"font-weight: 400\">Rit\u00fcele ba\u015flarken \u00f6nce \u015fu s\u00f6zleri s\u00f6yleyin:<\/span><\/p>\n<p><span style=\"font-weight: 400\">\u201c Yaradan\u2019\u0131n izniyle ve y\u00fcksek benli\u011fimin kabul\u00fcyle\u2026\u201d<\/span><\/p>\n<p><span style=\"font-weight: 400\">Ba\u011f koparmak istedi\u011finiz ki\u015fiyle ya\u015fad\u0131klar\u0131n\u0131z\u0131 d\u00fc\u015f\u00fcn\u00fcn.\u00a0<\/span><\/p>\n<p><span style=\"font-weight: 400\">\u0130ster \u00f6fkelenin, ister a\u011flay\u0131n, ister k\u0131z\u0131n\u2026 Ya\u015fay\u0131n ve rahatlay\u0131n.<\/span><\/p>\n<p><span style=\"font-weight: 400\">S\u00f6z konusu ki\u015finin foto\u011fraf\u0131n\u0131 \u00f6n\u00fcn\u00fcze koyabilirsiniz.<\/span><\/p>\n<p><span style=\"font-weight: 400\">Ada\u00e7ay\u0131 t\u00fcts\u00fcs\u00fc yak\u0131n. T\u00fcts\u00fclemeyi, istiridye t\u00fcts\u00fcl\u00fck i\u00e7inde yapman\u0131z gerekir.<\/span><\/p>\n<p><span style=\"font-weight: 400\">Bir t\u00fcts\u00fcleme i\u015fleminin tam olarak ger\u00e7ekle\u015fmesi i\u00e7in 4 elementi de kullanmal\u0131s\u0131n\u0131z.<\/span><\/p>\n<p><span style=\"font-weight: 400\">Toprak (ada\u00e7ay\u0131), Su (istiridye kabu\u011fu), Ate\u015f (t\u00fcts\u00fcy\u00fc yak\u0131n) ve Hava (do\u011fada buldu\u011funuz bir ku\u015f t\u00fcy\u00fc ile t\u00fcts\u00fcn\u00fcn duman\u0131n\u0131 savurun)<\/span><\/p>\n<p><span style=\"font-weight: 400\">Ve sonra 3 adet balmumunu yak\u0131n\u2026<\/span><\/p>\n<p><span style=\"font-weight: 400\">\u00d6zellikle do\u011fal i\u00e7erikli mum tercih ettik. Etkisini daha h\u0131zl\u0131 g\u00f6receksiniz.<\/span><\/p>\n<p><span style=\"font-weight: 400\">Mumlar 10 dakika kadar yans\u0131n.<\/span><\/p>\n<p><span style=\"font-weight: 400\">Sessiz ve sakince bekleyin.<\/span><\/p>\n<p><span style=\"font-weight: 400\">Sonra da ilk mumu s\u00f6nd\u00fcr\u00fcrken \u015fu s\u00f6zleri s\u00f6yleyin:<\/span><\/p>\n<p><span style=\"font-weight: 400\">\u201cSevgili\u2026, t\u00fcm zaman ve boyutlarda bana \u00f6\u011fretti\u011fin her \u015fey i\u00e7in te\u015fekk\u00fcrler.<\/span><\/p>\n<p><span style=\"font-weight: 400\">Seninle ya\u015fad\u0131klar\u0131m\u0131z i\u00e7in art\u0131k k\u0131zg\u0131n de\u011filim ama art\u0131k bu y\u00fck\u00fc ta\u015f\u0131mak istemiyorum. \u0130li\u015fkide ruhumu ve bedenimi \u00f6zg\u00fcr b\u0131rak\u0131yorum.\u00a0<\/span><\/p>\n<p><span style=\"font-weight: 400\">Art\u0131k tam ve b\u00fct\u00fcn\u00fcm\u201d<\/span><\/p>\n<p><span style=\"font-weight: 400\">\u0130kinci mumu s\u00f6nd\u00fcr\u00fcrken \u015fu s\u00f6zleri s\u00f6yleyin:<\/span><\/p>\n<p><span style=\"font-weight: 400\">\u201cSevgili\u2026, t\u00fcm zaman ve boyutlarda bana \u00f6\u011fretti\u011fin her \u015fey i\u00e7in te\u015fekk\u00fcrler.<\/span><\/p>\n<p><span style=\"font-weight: 400\">Seninle ya\u015fad\u0131klar\u0131m\u0131z i\u00e7in art\u0131k k\u0131zg\u0131n de\u011filim ama art\u0131k bu y\u00fck\u00fc ta\u015f\u0131mak istemiyorum. Y\u00fcksek benli\u011finin izniyle, senin ruhunu ve bedenini \u00f6zg\u00fcr b\u0131rak\u0131yorum.\u00a0<\/span><\/p>\n<p><span style=\"font-weight: 400\">Art\u0131k tam ve b\u00fct\u00fcns\u00fcn.\u201d<\/span><\/p>\n<p><span style=\"font-weight: 400\">\u00dc\u00e7\u00fcnc\u00fc mumu s\u00f6nd\u00fcr\u00fcrken \u015fu s\u00f6zleri s\u00f6yleyin:<\/span><\/p>\n<p><span style=\"font-weight: 400\">\u201cSevgili\u2026, t\u00fcm zaman ve boyutlarda aram\u0131zdaki t\u00fcm olumsuz duygu ba\u011flar\u0131n\u0131 kesiyorum.\u201d Elinizde alt\u0131n bir makas oldu\u011funu hayal edin ve 7 \u00e7akra noktas\u0131ndan birbirinize ba\u011fl\u0131 oldu\u011funuzu hayal etti\u011finiz eterik ba\u011flar\u0131 tek tek kesin.<\/span><\/p>\n<p><span style=\"font-weight: 400\">Art\u0131k tam ve b\u00fct\u00fcn\u00fcm!\u201d<\/span><\/p>\n<p><span style=\"font-weight: 400\">Kesti\u011finiz yerleri, Yaradan\u2019\u0131n sevgisiyle ve beyaz bir \u0131\u015f\u0131kla doldurdu\u011funuzu imgeleyin. Veda etmeye haz\u0131rs\u0131n\u0131z! Ki\u015finin arkas\u0131n\u0131 d\u00f6n\u00fcp, uzakla\u015ft\u0131\u011f\u0131n\u0131 hayal edin. <\/span><b>Bu i\u015flemi 7 g\u00fcn boyunca yapmaya devam edin. <\/b><span style=\"font-weight: 400\">Mumlar\u0131 azar azar yak\u0131n ve 7. g\u00fcn bitirin. Rit\u00fcel sonras\u0131 o ki\u015fiyle aniden kar\u015f\u0131la\u015fabilirsiniz. Ama art\u0131k eskisi gibi ac\u0131 hissetmedi\u011finizi fark edeceksiniz. \u00c7\u00fcnk\u00fc ba\u011f\u0131n\u0131z\u0131 kopard\u0131n\u0131z ve art\u0131k bir ku\u015f kadar hafifsiniz!<\/span><\/p>\n<p>&nbsp;<\/p>\n<p><strong>Tak\u0131lar\u0131n\u0131z\u0131n uzun s\u00fcre kullanabilmesi i\u00e7in; Parf\u00fcm, su, s\u0131v\u0131, dezenfektan, krem v.b. gibi maddelerle temas etmemesi, du\u015f-banyo s\u0131ras\u0131nda \u00e7\u0131kart\u0131lmas\u0131 gerekmektedir. Ki\u015finin ter-ten yap\u0131s\u0131na g\u00f6re de etkilenmektedir. Tak\u0131lar\u0131n\u0131z\u0131 kullanmad\u0131\u011f\u0131n\u0131z zamanlarda kesesinde saklaman\u0131z\u0131 \u00f6neririz.<\/strong><\/p>\n<p><strong>Do\u011fal ta\u015flar\u0131n belirli titre\u015fimlere ve frekanslara sahip oldu\u011fu bilinmektedir. Bu nedenle v\u00fccudumuzda ve auram\u0131zda birtak\u0131m iyi etkileri oldu\u011fu s\u00f6ylenmektedir. Ta\u015flar\u0131n \u00f6zelliklerinin bilimsel kesinli\u011fi yoktur. Astrologelvan ma\u011fazas\u0131ndaki t\u00fcm ta\u015flar orijinal, ger\u00e7ek do\u011fal ta\u015flard\u0131r. T\u0131bbi konularda doktora dan\u0131\u015fman\u0131z\u0131 tavsiye ederiz. Ta\u015flar\u0131n tedavi edici \u00f6zelli\u011fi yoktur, sadece ki\u015fisel enerjimizi y\u00fckseltmekte ve astrolojik olarak da temsil etti\u011fi gezegenlerin etkilerini artt\u0131rmakta oldu\u011fu kabul edilir. \u00d6rne\u011fin; pembe kuvars ta\u015f\u0131 a\u015fk ve sevgi gezegeni Ven\u00fcs&#8217;\u00fcn ta\u015f\u0131d\u0131r ve bu sebeple \u00fczerinde ta\u015f\u0131yan ki\u015finin a\u015fk ve sevgi frekans\u0131n\u0131 y\u00fckseltti\u011fi bilinir.<\/strong><\/p>\n","protected":false},"excerpt":{"rendered":"<h3><strong>5 &#8211; 12\u00a0 Nisan Tarihleri aras\u0131nda yapabilirsiniz.<\/strong><\/h3>\n<p><strong>Bu malzemelerin nas\u0131l kullanaca\u011f\u0131n\u0131z\u0131n ayr\u0131nt\u0131lar\u0131, kutunuzdan \u00e7\u0131kan kartta detayl\u0131 olarak anlat\u0131lm\u0131\u015ft\u0131r.<\/strong><\/p>\n<p>&nbsp;<\/p>\n","protected":false},"featured_media":151876,"comment_status":"closed","ping_status":"closed","template":"","meta":[],"product_brand":[],"product_cat":[35],"product_tag":[39,72,40,41,42],"class_list":{"0":"post-139","1":"product","2":"type-product","3":"status-publish","4":"has-post-thumbnail","6":"product_cat-rituel-kitleri","7":"product_tag-astrolog-elvan","8":"product_tag-bag-koparma-ritueli","9":"product_tag-dogal-tas","10":"product_tag-rituel-kiti","11":"product_tag-tutsu","13":"first","14":"instock","15":"taxable","16":"shipping-taxable","17":"purchasable","18":"product-type-simple"},"yoast_head":"<!-- This site is optimized with the Yoast SEO plugin v27.3 - https:\/\/yoast.com\/product\/yoast-seo-wordpress\/ -->\n<title>BA\u011e KOPARMA R\u0130T\u00dcEL\u0130 K\u0130T\u0130 - Astrolog Elvan<\/title>\n<meta name=\"description\" content=\"Ba\u011f koparma rit\u00fceli ile ba\u011flar\u0131n\u0131z\u0131 kopartarak \u00f6zg\u00fcrle\u015fin. \u0130stemedi\u011finiz b\u00fct\u00fcn enerjilerden bu kit ile kurtulun...\" \/>\n<meta name=\"robots\" content=\"index, follow, max-snippet:-1, max-image-preview:large, max-video-preview:-1\" \/>\n<link rel=\"canonical\" href=\"https:\/\/astrologelvan.com\/magaza\/urun\/bag-koparma-ritueli-kiti\/\" \/>\n<meta property=\"og:locale\" content=\"tr_TR\" \/>\n<meta property=\"og:type\" content=\"article\" \/>\n<meta property=\"og:title\" content=\"BA\u011e KOPARMA R\u0130T\u00dcEL\u0130 K\u0130T\u0130 - Astrolog Elvan\" \/>\n<meta property=\"og:description\" content=\"Ba\u011f koparma rit\u00fceli ile ba\u011flar\u0131n\u0131z\u0131 kopartarak \u00f6zg\u00fcrle\u015fin. \u0130stemedi\u011finiz b\u00fct\u00fcn enerjilerden bu kit ile kurtulun...\" \/>\n<meta property=\"og:url\" content=\"https:\/\/astrologelvan.com\/magaza\/urun\/bag-koparma-ritueli-kiti\/\" \/>\n<meta property=\"og:site_name\" content=\"Astrolog Elvan\" \/>\n<meta property=\"article:modified_time\" content=\"2026-03-27T12:37:59+00:00\" \/>\n<meta property=\"og:image\" content=\"https:\/\/astrologelvan.com\/magaza\/wp-content\/uploads\/2024\/02\/ChatGPT-Image-30-Oca-2026-14_59_06-1.png\" \/>\n\t<meta property=\"og:image:width\" content=\"1024\" \/>\n\t<meta property=\"og:image:height\" content=\"1536\" \/>\n\t<meta property=\"og:image:type\" content=\"image\/png\" \/>\n<meta name=\"twitter:card\" content=\"summary_large_image\" \/>\n<meta name=\"twitter:label1\" content=\"Tahmini okuma s\u00fcresi\" \/>\n\t<meta name=\"twitter:data1\" content=\"3 dakika\" \/>\n<script type=\"application\/ld+json\" class=\"yoast-schema-graph\">{\"@context\":\"https:\\\/\\\/schema.org\",\"@graph\":[{\"@type\":[\"WebPage\",\"ItemPage\"],\"@id\":\"https:\\\/\\\/astrologelvan.com\\\/magaza\\\/urun\\\/bag-koparma-ritueli-kiti\\\/\",\"url\":\"https:\\\/\\\/astrologelvan.com\\\/magaza\\\/urun\\\/bag-koparma-ritueli-kiti\\\/\",\"name\":\"BA\u011e KOPARMA R\u0130T\u00dcEL\u0130 K\u0130T\u0130 - Astrolog Elvan\",\"isPartOf\":{\"@id\":\"https:\\\/\\\/astrologelvan.com\\\/magaza\\\/#website\"},\"primaryImageOfPage\":{\"@id\":\"https:\\\/\\\/astrologelvan.com\\\/magaza\\\/urun\\\/bag-koparma-ritueli-kiti\\\/#primaryimage\"},\"image\":{\"@id\":\"https:\\\/\\\/astrologelvan.com\\\/magaza\\\/urun\\\/bag-koparma-ritueli-kiti\\\/#primaryimage\"},\"thumbnailUrl\":\"https:\\\/\\\/astrologelvan.com\\\/magaza\\\/wp-content\\\/uploads\\\/2024\\\/02\\\/ChatGPT-Image-30-Oca-2026-14_59_06-1.png\",\"datePublished\":\"2024-02-27T23:05:03+00:00\",\"dateModified\":\"2026-03-27T12:37:59+00:00\",\"description\":\"Ba\u011f koparma rit\u00fceli ile ba\u011flar\u0131n\u0131z\u0131 kopartarak \u00f6zg\u00fcrle\u015fin. \u0130stemedi\u011finiz b\u00fct\u00fcn enerjilerden bu kit ile kurtulun...\",\"breadcrumb\":{\"@id\":\"https:\\\/\\\/astrologelvan.com\\\/magaza\\\/urun\\\/bag-koparma-ritueli-kiti\\\/#breadcrumb\"},\"inLanguage\":\"tr\",\"potentialAction\":[{\"@type\":\"ReadAction\",\"target\":[\"https:\\\/\\\/astrologelvan.com\\\/magaza\\\/urun\\\/bag-koparma-ritueli-kiti\\\/\"]}]},{\"@type\":\"ImageObject\",\"inLanguage\":\"tr\",\"@id\":\"https:\\\/\\\/astrologelvan.com\\\/magaza\\\/urun\\\/bag-koparma-ritueli-kiti\\\/#primaryimage\",\"url\":\"https:\\\/\\\/astrologelvan.com\\\/magaza\\\/wp-content\\\/uploads\\\/2024\\\/02\\\/ChatGPT-Image-30-Oca-2026-14_59_06-1.png\",\"contentUrl\":\"https:\\\/\\\/astrologelvan.com\\\/magaza\\\/wp-content\\\/uploads\\\/2024\\\/02\\\/ChatGPT-Image-30-Oca-2026-14_59_06-1.png\",\"width\":1024,\"height\":1536},{\"@type\":\"BreadcrumbList\",\"@id\":\"https:\\\/\\\/astrologelvan.com\\\/magaza\\\/urun\\\/bag-koparma-ritueli-kiti\\\/#breadcrumb\",\"itemListElement\":[{\"@type\":\"ListItem\",\"position\":1,\"name\":\"Anasayfa\",\"item\":\"https:\\\/\\\/astrologelvan.com\\\/magaza\\\/\"},{\"@type\":\"ListItem\",\"position\":2,\"name\":\"Ma\u011faza\",\"item\":\"https:\\\/\\\/astrologelvan.com\\\/magaza\\\/magaza\\\/\"},{\"@type\":\"ListItem\",\"position\":3,\"name\":\"BA\u011e KOPARMA R\u0130T\u00dcEL\u0130 K\u0130T\u0130\"}]},{\"@type\":\"WebSite\",\"@id\":\"https:\\\/\\\/astrologelvan.com\\\/magaza\\\/#website\",\"url\":\"https:\\\/\\\/astrologelvan.com\\\/magaza\\\/\",\"name\":\"Astrolog Elvan\",\"description\":\"\",\"potentialAction\":[{\"@type\":\"SearchAction\",\"target\":{\"@type\":\"EntryPoint\",\"urlTemplate\":\"https:\\\/\\\/astrologelvan.com\\\/magaza\\\/?s={search_term_string}\"},\"query-input\":{\"@type\":\"PropertyValueSpecification\",\"valueRequired\":true,\"valueName\":\"search_term_string\"}}],\"inLanguage\":\"tr\"}]}<\/script>\n<!-- \/ Yoast SEO plugin. -->","yoast_head_json":{"title":"BA\u011e KOPARMA R\u0130T\u00dcEL\u0130 K\u0130T\u0130 - Astrolog Elvan","description":"Ba\u011f koparma rit\u00fceli ile ba\u011flar\u0131n\u0131z\u0131 kopartarak \u00f6zg\u00fcrle\u015fin. \u0130stemedi\u011finiz b\u00fct\u00fcn enerjilerden bu kit ile kurtulun...","robots":{"index":"index","follow":"follow","max-snippet":"max-snippet:-1","max-image-preview":"max-image-preview:large","max-video-preview":"max-video-preview:-1"},"canonical":"https:\/\/astrologelvan.com\/magaza\/urun\/bag-koparma-ritueli-kiti\/","og_locale":"tr_TR","og_type":"article","og_title":"BA\u011e KOPARMA R\u0130T\u00dcEL\u0130 K\u0130T\u0130 - Astrolog Elvan","og_description":"Ba\u011f koparma rit\u00fceli ile ba\u011flar\u0131n\u0131z\u0131 kopartarak \u00f6zg\u00fcrle\u015fin. \u0130stemedi\u011finiz b\u00fct\u00fcn enerjilerden bu kit ile kurtulun...","og_url":"https:\/\/astrologelvan.com\/magaza\/urun\/bag-koparma-ritueli-kiti\/","og_site_name":"Astrolog Elvan","article_modified_time":"2026-03-27T12:37:59+00:00","og_image":[{"width":1024,"height":1536,"url":"https:\/\/astrologelvan.com\/magaza\/wp-content\/uploads\/2024\/02\/ChatGPT-Image-30-Oca-2026-14_59_06-1.png","type":"image\/png"}],"twitter_card":"summary_large_image","twitter_misc":{"Tahmini okuma s\u00fcresi":"3 dakika"},"schema":{"@context":"https:\/\/schema.org","@graph":[{"@type":["WebPage","ItemPage"],"@id":"https:\/\/astrologelvan.com\/magaza\/urun\/bag-koparma-ritueli-kiti\/","url":"https:\/\/astrologelvan.com\/magaza\/urun\/bag-koparma-ritueli-kiti\/","name":"BA\u011e KOPARMA R\u0130T\u00dcEL\u0130 K\u0130T\u0130 - Astrolog Elvan","isPartOf":{"@id":"https:\/\/astrologelvan.com\/magaza\/#website"},"primaryImageOfPage":{"@id":"https:\/\/astrologelvan.com\/magaza\/urun\/bag-koparma-ritueli-kiti\/#primaryimage"},"image":{"@id":"https:\/\/astrologelvan.com\/magaza\/urun\/bag-koparma-ritueli-kiti\/#primaryimage"},"thumbnailUrl":"https:\/\/astrologelvan.com\/magaza\/wp-content\/uploads\/2024\/02\/ChatGPT-Image-30-Oca-2026-14_59_06-1.png","datePublished":"2024-02-27T23:05:03+00:00","dateModified":"2026-03-27T12:37:59+00:00","description":"Ba\u011f koparma rit\u00fceli ile ba\u011flar\u0131n\u0131z\u0131 kopartarak \u00f6zg\u00fcrle\u015fin. \u0130stemedi\u011finiz b\u00fct\u00fcn enerjilerden bu kit ile kurtulun...","breadcrumb":{"@id":"https:\/\/astrologelvan.com\/magaza\/urun\/bag-koparma-ritueli-kiti\/#breadcrumb"},"inLanguage":"tr","potentialAction":[{"@type":"ReadAction","target":["https:\/\/astrologelvan.com\/magaza\/urun\/bag-koparma-ritueli-kiti\/"]}]},{"@type":"ImageObject","inLanguage":"tr","@id":"https:\/\/astrologelvan.com\/magaza\/urun\/bag-koparma-ritueli-kiti\/#primaryimage","url":"https:\/\/astrologelvan.com\/magaza\/wp-content\/uploads\/2024\/02\/ChatGPT-Image-30-Oca-2026-14_59_06-1.png","contentUrl":"https:\/\/astrologelvan.com\/magaza\/wp-content\/uploads\/2024\/02\/ChatGPT-Image-30-Oca-2026-14_59_06-1.png","width":1024,"height":1536},{"@type":"BreadcrumbList","@id":"https:\/\/astrologelvan.com\/magaza\/urun\/bag-koparma-ritueli-kiti\/#breadcrumb","itemListElement":[{"@type":"ListItem","position":1,"name":"Anasayfa","item":"https:\/\/astrologelvan.com\/magaza\/"},{"@type":"ListItem","position":2,"name":"Ma\u011faza","item":"https:\/\/astrologelvan.com\/magaza\/magaza\/"},{"@type":"ListItem","position":3,"name":"BA\u011e KOPARMA R\u0130T\u00dcEL\u0130 K\u0130T\u0130"}]},{"@type":"WebSite","@id":"https:\/\/astrologelvan.com\/magaza\/#website","url":"https:\/\/astrologelvan.com\/magaza\/","name":"Astrolog Elvan","description":"","potentialAction":[{"@type":"SearchAction","target":{"@type":"EntryPoint","urlTemplate":"https:\/\/astrologelvan.com\/magaza\/?s={search_term_string}"},"query-input":{"@type":"PropertyValueSpecification","valueRequired":true,"valueName":"search_term_string"}}],"inLanguage":"tr"}]}},"_links":{"self":[{"href":"https:\/\/astrologelvan.com\/magaza\/wp-json\/wp\/v2\/product\/139","targetHints":{"allow":["GET"]}}],"collection":[{"href":"https:\/\/astrologelvan.com\/magaza\/wp-json\/wp\/v2\/product"}],"about":[{"href":"https:\/\/astrologelvan.com\/magaza\/wp-json\/wp\/v2\/types\/product"}],"replies":[{"embeddable":true,"href":"https:\/\/astrologelvan.com\/magaza\/wp-json\/wp\/v2\/comments?post=139"}],"wp:featuredmedia":[{"embeddable":true,"href":"https:\/\/astrologelvan.com\/magaza\/wp-json\/wp\/v2\/media\/151876"}],"wp:attachment":[{"href":"https:\/\/astrologelvan.com\/magaza\/wp-json\/wp\/v2\/media?parent=139"}],"wp:term":[{"taxonomy":"product_brand","embeddable":true,"href":"https:\/\/astrologelvan.com\/magaza\/wp-json\/wp\/v2\/product_brand?post=139"},{"taxonomy":"product_cat","embeddable":true,"href":"https:\/\/astrologelvan.com\/magaza\/wp-json\/wp\/v2\/product_cat?post=139"},{"taxonomy":"product_tag","embeddable":true,"href":"https:\/\/astrologelvan.com\/magaza\/wp-json\/wp\/v2\/product_tag?post=139"}],"curies":[{"name":"wp","href":"https:\/\/api.w.org\/{rel}","templated":true}]}}