{"id":13897,"date":"2024-07-18T16:03:33","date_gmt":"2024-07-18T13:03:33","guid":{"rendered":"https:\/\/astrologelvan.com\/magaza\/?post_type=product&#038;p=13897"},"modified":"2025-10-06T08:15:18","modified_gmt":"2025-10-06T05:15:18","slug":"sah-maksut-gumus-rose-kaplama-kolye","status":"publish","type":"product","link":"https:\/\/astrologelvan.com\/magaza\/urun\/sah-maksut-gumus-rose-kaplama-kolye\/","title":{"rendered":"\u015eAH MAKSUT G\u00dcM\u00dc\u015e ROSE KAPLAMA KOLYE"},"content":{"rendered":"<p><strong>\u00dcr\u00fcn \u00d6zellikleri:<\/strong><\/p>\n<p class=\"p1\">Kolye Uzunlu\u011fu: 40+5 CM<\/p>\n<p class=\"p1\">Kolye A\u011f\u0131rl\u0131\u011f\u0131: 4,2 Gram<\/p>\n<p>925 Ayar G\u00fcm\u00fc\u015f<\/p>\n","protected":false},"excerpt":{"rendered":"<p>Afganistan\u2019\u0131n \u015eah Maksut b\u00f6lgesinden \u00e7\u0131kar\u0131lan bu ta\u015f iman ta\u015f\u0131 olarak da bilinir. Eskiden, dergahlarda tesbihleri bu ta\u015ftan yaparlarm\u0131\u015f. Ve kimin iman\u0131 daha y\u00fcksekse, bu ta\u015f gitgide parlamaya ba\u015flarm\u0131\u015f. Kulland\u0131k\u00e7a, takt\u0131k\u00e7a \u015fah maksutun parlad\u0131\u011f\u0131n\u0131 fark edeceksiniz. Dua ve dileklerinizi dilerken \u00f6zellikle takman\u0131z tavsiye edilir.<\/p>\n","protected":false},"featured_media":32945,"comment_status":"open","ping_status":"closed","template":"","meta":[],"product_brand":[],"product_cat":[26],"product_tag":[],"class_list":{"0":"post-13897","1":"product","2":"type-product","3":"status-publish","4":"has-post-thumbnail","6":"product_cat-genel","8":"first","9":"instock","10":"purchasable","11":"product-type-simple"},"yoast_head":"<!-- This site is optimized with the Yoast SEO plugin v27.3 - https:\/\/yoast.com\/product\/yoast-seo-wordpress\/ -->\n<title>\u015eAH MAKSUT G\u00dcM\u00dc\u015e ROSE KAPLAMA KOLYE - Astrolog Elvan<\/title>\n<meta name=\"robots\" content=\"index, follow, max-snippet:-1, max-image-preview:large, max-video-preview:-1\" \/>\n<link rel=\"canonical\" href=\"https:\/\/astrologelvan.com\/magaza\/urun\/sah-maksut-gumus-rose-kaplama-kolye\/\" \/>\n<meta property=\"og:locale\" content=\"tr_TR\" \/>\n<meta property=\"og:type\" content=\"article\" \/>\n<meta property=\"og:title\" content=\"\u015eAH MAKSUT G\u00dcM\u00dc\u015e ROSE KAPLAMA KOLYE - Astrolog Elvan\" \/>\n<meta property=\"og:description\" content=\"Afganistan\u2019\u0131n \u015eah Maksut b\u00f6lgesinden \u00e7\u0131kar\u0131lan bu ta\u015f iman ta\u015f\u0131 olarak da bilinir. Eskiden, dergahlarda tesbihleri bu ta\u015ftan yaparlarm\u0131\u015f. Ve kimin iman\u0131 daha y\u00fcksekse, bu ta\u015f gitgide parlamaya ba\u015flarm\u0131\u015f. Kulland\u0131k\u00e7a, takt\u0131k\u00e7a \u015fah maksutun parlad\u0131\u011f\u0131n\u0131 fark edeceksiniz. Dua ve dileklerinizi dilerken \u00f6zellikle takman\u0131z tavsiye edilir.\" \/>\n<meta property=\"og:url\" content=\"https:\/\/astrologelvan.com\/magaza\/urun\/sah-maksut-gumus-rose-kaplama-kolye\/\" \/>\n<meta property=\"og:site_name\" content=\"Astrolog Elvan\" \/>\n<meta property=\"article:modified_time\" content=\"2025-10-06T05:15:18+00:00\" \/>\n<meta property=\"og:image\" content=\"https:\/\/astrologelvan.com\/magaza\/wp-content\/uploads\/2024\/07\/1-17-kopya-2-1.webp\" \/>\n\t<meta property=\"og:image:width\" content=\"1600\" \/>\n\t<meta property=\"og:image:height\" content=\"1600\" \/>\n\t<meta property=\"og:image:type\" content=\"image\/webp\" \/>\n<meta name=\"twitter:card\" content=\"summary_large_image\" \/>\n<meta name=\"twitter:label1\" content=\"Tahmini okuma s\u00fcresi\" \/>\n\t<meta name=\"twitter:data1\" content=\"1 dakika\" \/>\n<script type=\"application\/ld+json\" class=\"yoast-schema-graph\">{\"@context\":\"https:\\\/\\\/schema.org\",\"@graph\":[{\"@type\":[\"WebPage\",\"ItemPage\"],\"@id\":\"https:\\\/\\\/astrologelvan.com\\\/magaza\\\/urun\\\/sah-maksut-gumus-rose-kaplama-kolye\\\/\",\"url\":\"https:\\\/\\\/astrologelvan.com\\\/magaza\\\/urun\\\/sah-maksut-gumus-rose-kaplama-kolye\\\/\",\"name\":\"\u015eAH MAKSUT G\u00dcM\u00dc\u015e ROSE KAPLAMA KOLYE - Astrolog Elvan\",\"isPartOf\":{\"@id\":\"https:\\\/\\\/astrologelvan.com\\\/magaza\\\/#website\"},\"primaryImageOfPage\":{\"@id\":\"https:\\\/\\\/astrologelvan.com\\\/magaza\\\/urun\\\/sah-maksut-gumus-rose-kaplama-kolye\\\/#primaryimage\"},\"image\":{\"@id\":\"https:\\\/\\\/astrologelvan.com\\\/magaza\\\/urun\\\/sah-maksut-gumus-rose-kaplama-kolye\\\/#primaryimage\"},\"thumbnailUrl\":\"https:\\\/\\\/astrologelvan.com\\\/magaza\\\/wp-content\\\/uploads\\\/2024\\\/07\\\/1-17-kopya-2-1.webp\",\"datePublished\":\"2024-07-18T13:03:33+00:00\",\"dateModified\":\"2025-10-06T05:15:18+00:00\",\"breadcrumb\":{\"@id\":\"https:\\\/\\\/astrologelvan.com\\\/magaza\\\/urun\\\/sah-maksut-gumus-rose-kaplama-kolye\\\/#breadcrumb\"},\"inLanguage\":\"tr\",\"potentialAction\":[{\"@type\":\"ReadAction\",\"target\":[\"https:\\\/\\\/astrologelvan.com\\\/magaza\\\/urun\\\/sah-maksut-gumus-rose-kaplama-kolye\\\/\"]}]},{\"@type\":\"ImageObject\",\"inLanguage\":\"tr\",\"@id\":\"https:\\\/\\\/astrologelvan.com\\\/magaza\\\/urun\\\/sah-maksut-gumus-rose-kaplama-kolye\\\/#primaryimage\",\"url\":\"https:\\\/\\\/astrologelvan.com\\\/magaza\\\/wp-content\\\/uploads\\\/2024\\\/07\\\/1-17-kopya-2-1.webp\",\"contentUrl\":\"https:\\\/\\\/astrologelvan.com\\\/magaza\\\/wp-content\\\/uploads\\\/2024\\\/07\\\/1-17-kopya-2-1.webp\",\"width\":1600,\"height\":1600},{\"@type\":\"BreadcrumbList\",\"@id\":\"https:\\\/\\\/astrologelvan.com\\\/magaza\\\/urun\\\/sah-maksut-gumus-rose-kaplama-kolye\\\/#breadcrumb\",\"itemListElement\":[{\"@type\":\"ListItem\",\"position\":1,\"name\":\"Anasayfa\",\"item\":\"https:\\\/\\\/astrologelvan.com\\\/magaza\\\/\"},{\"@type\":\"ListItem\",\"position\":2,\"name\":\"Ma\u011faza\",\"item\":\"https:\\\/\\\/astrologelvan.com\\\/magaza\\\/magaza\\\/\"},{\"@type\":\"ListItem\",\"position\":3,\"name\":\"\u015eAH MAKSUT G\u00dcM\u00dc\u015e ROSE KAPLAMA KOLYE\"}]},{\"@type\":\"WebSite\",\"@id\":\"https:\\\/\\\/astrologelvan.com\\\/magaza\\\/#website\",\"url\":\"https:\\\/\\\/astrologelvan.com\\\/magaza\\\/\",\"name\":\"Astrolog Elvan\",\"description\":\"\",\"potentialAction\":[{\"@type\":\"SearchAction\",\"target\":{\"@type\":\"EntryPoint\",\"urlTemplate\":\"https:\\\/\\\/astrologelvan.com\\\/magaza\\\/?s={search_term_string}\"},\"query-input\":{\"@type\":\"PropertyValueSpecification\",\"valueRequired\":true,\"valueName\":\"search_term_string\"}}],\"inLanguage\":\"tr\"}]}<\/script>\n<!-- \/ Yoast SEO plugin. -->","yoast_head_json":{"title":"\u015eAH MAKSUT G\u00dcM\u00dc\u015e ROSE KAPLAMA KOLYE - Astrolog Elvan","robots":{"index":"index","follow":"follow","max-snippet":"max-snippet:-1","max-image-preview":"max-image-preview:large","max-video-preview":"max-video-preview:-1"},"canonical":"https:\/\/astrologelvan.com\/magaza\/urun\/sah-maksut-gumus-rose-kaplama-kolye\/","og_locale":"tr_TR","og_type":"article","og_title":"\u015eAH MAKSUT G\u00dcM\u00dc\u015e ROSE KAPLAMA KOLYE - Astrolog Elvan","og_description":"Afganistan\u2019\u0131n \u015eah Maksut b\u00f6lgesinden \u00e7\u0131kar\u0131lan bu ta\u015f iman ta\u015f\u0131 olarak da bilinir. Eskiden, dergahlarda tesbihleri bu ta\u015ftan yaparlarm\u0131\u015f. Ve kimin iman\u0131 daha y\u00fcksekse, bu ta\u015f gitgide parlamaya ba\u015flarm\u0131\u015f. Kulland\u0131k\u00e7a, takt\u0131k\u00e7a \u015fah maksutun parlad\u0131\u011f\u0131n\u0131 fark edeceksiniz. Dua ve dileklerinizi dilerken \u00f6zellikle takman\u0131z tavsiye edilir.","og_url":"https:\/\/astrologelvan.com\/magaza\/urun\/sah-maksut-gumus-rose-kaplama-kolye\/","og_site_name":"Astrolog Elvan","article_modified_time":"2025-10-06T05:15:18+00:00","og_image":[{"width":1600,"height":1600,"url":"https:\/\/astrologelvan.com\/magaza\/wp-content\/uploads\/2024\/07\/1-17-kopya-2-1.webp","type":"image\/webp"}],"twitter_card":"summary_large_image","twitter_misc":{"Tahmini okuma s\u00fcresi":"1 dakika"},"schema":{"@context":"https:\/\/schema.org","@graph":[{"@type":["WebPage","ItemPage"],"@id":"https:\/\/astrologelvan.com\/magaza\/urun\/sah-maksut-gumus-rose-kaplama-kolye\/","url":"https:\/\/astrologelvan.com\/magaza\/urun\/sah-maksut-gumus-rose-kaplama-kolye\/","name":"\u015eAH MAKSUT G\u00dcM\u00dc\u015e ROSE KAPLAMA KOLYE - Astrolog Elvan","isPartOf":{"@id":"https:\/\/astrologelvan.com\/magaza\/#website"},"primaryImageOfPage":{"@id":"https:\/\/astrologelvan.com\/magaza\/urun\/sah-maksut-gumus-rose-kaplama-kolye\/#primaryimage"},"image":{"@id":"https:\/\/astrologelvan.com\/magaza\/urun\/sah-maksut-gumus-rose-kaplama-kolye\/#primaryimage"},"thumbnailUrl":"https:\/\/astrologelvan.com\/magaza\/wp-content\/uploads\/2024\/07\/1-17-kopya-2-1.webp","datePublished":"2024-07-18T13:03:33+00:00","dateModified":"2025-10-06T05:15:18+00:00","breadcrumb":{"@id":"https:\/\/astrologelvan.com\/magaza\/urun\/sah-maksut-gumus-rose-kaplama-kolye\/#breadcrumb"},"inLanguage":"tr","potentialAction":[{"@type":"ReadAction","target":["https:\/\/astrologelvan.com\/magaza\/urun\/sah-maksut-gumus-rose-kaplama-kolye\/"]}]},{"@type":"ImageObject","inLanguage":"tr","@id":"https:\/\/astrologelvan.com\/magaza\/urun\/sah-maksut-gumus-rose-kaplama-kolye\/#primaryimage","url":"https:\/\/astrologelvan.com\/magaza\/wp-content\/uploads\/2024\/07\/1-17-kopya-2-1.webp","contentUrl":"https:\/\/astrologelvan.com\/magaza\/wp-content\/uploads\/2024\/07\/1-17-kopya-2-1.webp","width":1600,"height":1600},{"@type":"BreadcrumbList","@id":"https:\/\/astrologelvan.com\/magaza\/urun\/sah-maksut-gumus-rose-kaplama-kolye\/#breadcrumb","itemListElement":[{"@type":"ListItem","position":1,"name":"Anasayfa","item":"https:\/\/astrologelvan.com\/magaza\/"},{"@type":"ListItem","position":2,"name":"Ma\u011faza","item":"https:\/\/astrologelvan.com\/magaza\/magaza\/"},{"@type":"ListItem","position":3,"name":"\u015eAH MAKSUT G\u00dcM\u00dc\u015e ROSE KAPLAMA KOLYE"}]},{"@type":"WebSite","@id":"https:\/\/astrologelvan.com\/magaza\/#website","url":"https:\/\/astrologelvan.com\/magaza\/","name":"Astrolog Elvan","description":"","potentialAction":[{"@type":"SearchAction","target":{"@type":"EntryPoint","urlTemplate":"https:\/\/astrologelvan.com\/magaza\/?s={search_term_string}"},"query-input":{"@type":"PropertyValueSpecification","valueRequired":true,"valueName":"search_term_string"}}],"inLanguage":"tr"}]}},"_links":{"self":[{"href":"https:\/\/astrologelvan.com\/magaza\/wp-json\/wp\/v2\/product\/13897","targetHints":{"allow":["GET"]}}],"collection":[{"href":"https:\/\/astrologelvan.com\/magaza\/wp-json\/wp\/v2\/product"}],"about":[{"href":"https:\/\/astrologelvan.com\/magaza\/wp-json\/wp\/v2\/types\/product"}],"replies":[{"embeddable":true,"href":"https:\/\/astrologelvan.com\/magaza\/wp-json\/wp\/v2\/comments?post=13897"}],"wp:featuredmedia":[{"embeddable":true,"href":"https:\/\/astrologelvan.com\/magaza\/wp-json\/wp\/v2\/media\/32945"}],"wp:attachment":[{"href":"https:\/\/astrologelvan.com\/magaza\/wp-json\/wp\/v2\/media?parent=13897"}],"wp:term":[{"taxonomy":"product_brand","embeddable":true,"href":"https:\/\/astrologelvan.com\/magaza\/wp-json\/wp\/v2\/product_brand?post=13897"},{"taxonomy":"product_cat","embeddable":true,"href":"https:\/\/astrologelvan.com\/magaza\/wp-json\/wp\/v2\/product_cat?post=13897"},{"taxonomy":"product_tag","embeddable":true,"href":"https:\/\/astrologelvan.com\/magaza\/wp-json\/wp\/v2\/product_tag?post=13897"}],"curies":[{"name":"wp","href":"https:\/\/api.w.org\/{rel}","templated":true}]}}