{"id":13887,"date":"2024-07-18T15:25:09","date_gmt":"2024-07-18T12:25:09","guid":{"rendered":"https:\/\/astrologelvan.com\/magaza\/?post_type=product&#038;p=13887"},"modified":"2025-10-06T08:15:18","modified_gmt":"2025-10-06T05:15:18","slug":"akik-kolye","status":"publish","type":"product","link":"https:\/\/astrologelvan.com\/magaza\/urun\/akik-kolye\/","title":{"rendered":"AK\u0130K KOLYE"},"content":{"rendered":"<p><strong>\u00dcr\u00fcn \u00d6zellikleri:<\/strong><\/p>\n<p class=\"p1\">Kolye Uzunlu\u011fu: 45 CM<\/p>\n<p class=\"p1\">Kolye A\u011f\u0131rl\u0131\u011f\u0131: 106,3 Gram<\/p>\n<p>925 Ayar G\u00fcm\u00fc\u015f<\/p>\n<p>Do\u011fal Ta\u015f Akik Kolye<\/p>\n","protected":false},"excerpt":{"rendered":"<p>Akik Ta\u015f\u0131, g\u00fczel konu\u015fmaya yard\u0131mc\u0131 olur. \u00c7ok k\u0131ymetli ve de\u011ferli bir ta\u015f; Akik. Hz. Muhammed (s.a.v.) \u2018in de m\u00fch\u00fcr olarak bir akik y\u00fcz\u00fck ta\u015f\u0131d\u0131\u011f\u0131 rivayet edilir.<\/p>\n<ul>\n<li>En bilinen faydas\u0131 ki\u015fiyi ruhsal a\u00e7\u0131dan korur. Negatif enerjiye kar\u015f\u0131 kalkan g\u00f6revini g\u00f6r\u00fcr.<\/li>\n<li>\u00c7ok g\u00fc\u00e7l\u00fc bir enerjisi vard\u0131r. Ayr\u0131ca yeni bir i\u015fe ba\u015flayacaklar, bereket i\u00e7in akik ta\u015f\u0131n\u0131 mutlaka bulundurmal\u0131d\u0131r.<\/li>\n<li>Metafiziksel olarak ideallerinizi ve hayallerinizi ger\u00e7ekle\u015ftirmede yard\u0131mc\u0131 olur.<\/li>\n<li>Strese kar\u015f\u0131 koruyucu etkisi vard\u0131r.<\/li>\n<\/ul>\n","protected":false},"featured_media":13888,"comment_status":"open","ping_status":"closed","template":"","meta":[],"product_brand":[],"product_cat":[26],"product_tag":[],"class_list":{"0":"post-13887","1":"product","2":"type-product","3":"status-publish","4":"has-post-thumbnail","6":"product_cat-genel","8":"first","9":"instock","10":"taxable","11":"shipping-taxable","12":"purchasable","13":"product-type-simple"},"yoast_head":"<!-- This site is optimized with the Yoast SEO plugin v27.3 - https:\/\/yoast.com\/product\/yoast-seo-wordpress\/ -->\n<title>AK\u0130K KOLYE - Astrolog Elvan<\/title>\n<meta name=\"robots\" content=\"index, follow, max-snippet:-1, max-image-preview:large, max-video-preview:-1\" \/>\n<link rel=\"canonical\" href=\"https:\/\/astrologelvan.com\/magaza\/urun\/akik-kolye\/\" \/>\n<meta property=\"og:locale\" content=\"tr_TR\" \/>\n<meta property=\"og:type\" content=\"article\" \/>\n<meta property=\"og:title\" content=\"AK\u0130K KOLYE - Astrolog Elvan\" \/>\n<meta property=\"og:description\" content=\"Akik Ta\u015f\u0131, g\u00fczel konu\u015fmaya yard\u0131mc\u0131 olur. \u00c7ok k\u0131ymetli ve de\u011ferli bir ta\u015f; Akik. Hz. Muhammed (s.a.v.) \u2018in de m\u00fch\u00fcr olarak bir akik y\u00fcz\u00fck ta\u015f\u0131d\u0131\u011f\u0131 rivayet edilir.   En bilinen faydas\u0131 ki\u015fiyi ruhsal a\u00e7\u0131dan korur. Negatif enerjiye kar\u015f\u0131 kalkan g\u00f6revini g\u00f6r\u00fcr.  \u00c7ok g\u00fc\u00e7l\u00fc bir enerjisi vard\u0131r. Ayr\u0131ca yeni bir i\u015fe ba\u015flayacaklar, bereket i\u00e7in akik ta\u015f\u0131n\u0131 mutlaka bulundurmal\u0131d\u0131r.  Metafiziksel olarak ideallerinizi ve hayallerinizi ger\u00e7ekle\u015ftirmede yard\u0131mc\u0131 olur.  Strese kar\u015f\u0131 koruyucu etkisi vard\u0131r.\" \/>\n<meta property=\"og:url\" content=\"https:\/\/astrologelvan.com\/magaza\/urun\/akik-kolye\/\" \/>\n<meta property=\"og:site_name\" content=\"Astrolog Elvan\" \/>\n<meta property=\"article:modified_time\" content=\"2025-10-06T05:15:18+00:00\" \/>\n<meta property=\"og:image\" content=\"https:\/\/astrologelvan.com\/magaza\/wp-content\/uploads\/2024\/07\/1-15.jpg\" \/>\n\t<meta property=\"og:image:width\" content=\"1600\" \/>\n\t<meta property=\"og:image:height\" content=\"1600\" \/>\n\t<meta property=\"og:image:type\" content=\"image\/jpeg\" \/>\n<meta name=\"twitter:card\" content=\"summary_large_image\" \/>\n<meta name=\"twitter:label1\" content=\"Tahmini okuma s\u00fcresi\" \/>\n\t<meta name=\"twitter:data1\" content=\"1 dakika\" \/>\n<script type=\"application\/ld+json\" class=\"yoast-schema-graph\">{\"@context\":\"https:\\\/\\\/schema.org\",\"@graph\":[{\"@type\":[\"WebPage\",\"ItemPage\"],\"@id\":\"https:\\\/\\\/astrologelvan.com\\\/magaza\\\/urun\\\/akik-kolye\\\/\",\"url\":\"https:\\\/\\\/astrologelvan.com\\\/magaza\\\/urun\\\/akik-kolye\\\/\",\"name\":\"AK\u0130K KOLYE - Astrolog Elvan\",\"isPartOf\":{\"@id\":\"https:\\\/\\\/astrologelvan.com\\\/magaza\\\/#website\"},\"primaryImageOfPage\":{\"@id\":\"https:\\\/\\\/astrologelvan.com\\\/magaza\\\/urun\\\/akik-kolye\\\/#primaryimage\"},\"image\":{\"@id\":\"https:\\\/\\\/astrologelvan.com\\\/magaza\\\/urun\\\/akik-kolye\\\/#primaryimage\"},\"thumbnailUrl\":\"https:\\\/\\\/astrologelvan.com\\\/magaza\\\/wp-content\\\/uploads\\\/2024\\\/07\\\/1-15.jpg\",\"datePublished\":\"2024-07-18T12:25:09+00:00\",\"dateModified\":\"2025-10-06T05:15:18+00:00\",\"breadcrumb\":{\"@id\":\"https:\\\/\\\/astrologelvan.com\\\/magaza\\\/urun\\\/akik-kolye\\\/#breadcrumb\"},\"inLanguage\":\"tr\",\"potentialAction\":[{\"@type\":\"ReadAction\",\"target\":[\"https:\\\/\\\/astrologelvan.com\\\/magaza\\\/urun\\\/akik-kolye\\\/\"]}]},{\"@type\":\"ImageObject\",\"inLanguage\":\"tr\",\"@id\":\"https:\\\/\\\/astrologelvan.com\\\/magaza\\\/urun\\\/akik-kolye\\\/#primaryimage\",\"url\":\"https:\\\/\\\/astrologelvan.com\\\/magaza\\\/wp-content\\\/uploads\\\/2024\\\/07\\\/1-15.jpg\",\"contentUrl\":\"https:\\\/\\\/astrologelvan.com\\\/magaza\\\/wp-content\\\/uploads\\\/2024\\\/07\\\/1-15.jpg\",\"width\":1600,\"height\":1600},{\"@type\":\"BreadcrumbList\",\"@id\":\"https:\\\/\\\/astrologelvan.com\\\/magaza\\\/urun\\\/akik-kolye\\\/#breadcrumb\",\"itemListElement\":[{\"@type\":\"ListItem\",\"position\":1,\"name\":\"Anasayfa\",\"item\":\"https:\\\/\\\/astrologelvan.com\\\/magaza\\\/\"},{\"@type\":\"ListItem\",\"position\":2,\"name\":\"Ma\u011faza\",\"item\":\"https:\\\/\\\/astrologelvan.com\\\/magaza\\\/magaza\\\/\"},{\"@type\":\"ListItem\",\"position\":3,\"name\":\"AK\u0130K KOLYE\"}]},{\"@type\":\"WebSite\",\"@id\":\"https:\\\/\\\/astrologelvan.com\\\/magaza\\\/#website\",\"url\":\"https:\\\/\\\/astrologelvan.com\\\/magaza\\\/\",\"name\":\"Astrolog Elvan\",\"description\":\"\",\"potentialAction\":[{\"@type\":\"SearchAction\",\"target\":{\"@type\":\"EntryPoint\",\"urlTemplate\":\"https:\\\/\\\/astrologelvan.com\\\/magaza\\\/?s={search_term_string}\"},\"query-input\":{\"@type\":\"PropertyValueSpecification\",\"valueRequired\":true,\"valueName\":\"search_term_string\"}}],\"inLanguage\":\"tr\"}]}<\/script>\n<!-- \/ Yoast SEO plugin. -->","yoast_head_json":{"title":"AK\u0130K KOLYE - Astrolog Elvan","robots":{"index":"index","follow":"follow","max-snippet":"max-snippet:-1","max-image-preview":"max-image-preview:large","max-video-preview":"max-video-preview:-1"},"canonical":"https:\/\/astrologelvan.com\/magaza\/urun\/akik-kolye\/","og_locale":"tr_TR","og_type":"article","og_title":"AK\u0130K KOLYE - Astrolog Elvan","og_description":"Akik Ta\u015f\u0131, g\u00fczel konu\u015fmaya yard\u0131mc\u0131 olur. \u00c7ok k\u0131ymetli ve de\u011ferli bir ta\u015f; Akik. Hz. Muhammed (s.a.v.) \u2018in de m\u00fch\u00fcr olarak bir akik y\u00fcz\u00fck ta\u015f\u0131d\u0131\u011f\u0131 rivayet edilir.   En bilinen faydas\u0131 ki\u015fiyi ruhsal a\u00e7\u0131dan korur. Negatif enerjiye kar\u015f\u0131 kalkan g\u00f6revini g\u00f6r\u00fcr.  \u00c7ok g\u00fc\u00e7l\u00fc bir enerjisi vard\u0131r. Ayr\u0131ca yeni bir i\u015fe ba\u015flayacaklar, bereket i\u00e7in akik ta\u015f\u0131n\u0131 mutlaka bulundurmal\u0131d\u0131r.  Metafiziksel olarak ideallerinizi ve hayallerinizi ger\u00e7ekle\u015ftirmede yard\u0131mc\u0131 olur.  Strese kar\u015f\u0131 koruyucu etkisi vard\u0131r.","og_url":"https:\/\/astrologelvan.com\/magaza\/urun\/akik-kolye\/","og_site_name":"Astrolog Elvan","article_modified_time":"2025-10-06T05:15:18+00:00","og_image":[{"width":1600,"height":1600,"url":"https:\/\/astrologelvan.com\/magaza\/wp-content\/uploads\/2024\/07\/1-15.jpg","type":"image\/jpeg"}],"twitter_card":"summary_large_image","twitter_misc":{"Tahmini okuma s\u00fcresi":"1 dakika"},"schema":{"@context":"https:\/\/schema.org","@graph":[{"@type":["WebPage","ItemPage"],"@id":"https:\/\/astrologelvan.com\/magaza\/urun\/akik-kolye\/","url":"https:\/\/astrologelvan.com\/magaza\/urun\/akik-kolye\/","name":"AK\u0130K KOLYE - Astrolog Elvan","isPartOf":{"@id":"https:\/\/astrologelvan.com\/magaza\/#website"},"primaryImageOfPage":{"@id":"https:\/\/astrologelvan.com\/magaza\/urun\/akik-kolye\/#primaryimage"},"image":{"@id":"https:\/\/astrologelvan.com\/magaza\/urun\/akik-kolye\/#primaryimage"},"thumbnailUrl":"https:\/\/astrologelvan.com\/magaza\/wp-content\/uploads\/2024\/07\/1-15.jpg","datePublished":"2024-07-18T12:25:09+00:00","dateModified":"2025-10-06T05:15:18+00:00","breadcrumb":{"@id":"https:\/\/astrologelvan.com\/magaza\/urun\/akik-kolye\/#breadcrumb"},"inLanguage":"tr","potentialAction":[{"@type":"ReadAction","target":["https:\/\/astrologelvan.com\/magaza\/urun\/akik-kolye\/"]}]},{"@type":"ImageObject","inLanguage":"tr","@id":"https:\/\/astrologelvan.com\/magaza\/urun\/akik-kolye\/#primaryimage","url":"https:\/\/astrologelvan.com\/magaza\/wp-content\/uploads\/2024\/07\/1-15.jpg","contentUrl":"https:\/\/astrologelvan.com\/magaza\/wp-content\/uploads\/2024\/07\/1-15.jpg","width":1600,"height":1600},{"@type":"BreadcrumbList","@id":"https:\/\/astrologelvan.com\/magaza\/urun\/akik-kolye\/#breadcrumb","itemListElement":[{"@type":"ListItem","position":1,"name":"Anasayfa","item":"https:\/\/astrologelvan.com\/magaza\/"},{"@type":"ListItem","position":2,"name":"Ma\u011faza","item":"https:\/\/astrologelvan.com\/magaza\/magaza\/"},{"@type":"ListItem","position":3,"name":"AK\u0130K KOLYE"}]},{"@type":"WebSite","@id":"https:\/\/astrologelvan.com\/magaza\/#website","url":"https:\/\/astrologelvan.com\/magaza\/","name":"Astrolog Elvan","description":"","potentialAction":[{"@type":"SearchAction","target":{"@type":"EntryPoint","urlTemplate":"https:\/\/astrologelvan.com\/magaza\/?s={search_term_string}"},"query-input":{"@type":"PropertyValueSpecification","valueRequired":true,"valueName":"search_term_string"}}],"inLanguage":"tr"}]}},"_links":{"self":[{"href":"https:\/\/astrologelvan.com\/magaza\/wp-json\/wp\/v2\/product\/13887","targetHints":{"allow":["GET"]}}],"collection":[{"href":"https:\/\/astrologelvan.com\/magaza\/wp-json\/wp\/v2\/product"}],"about":[{"href":"https:\/\/astrologelvan.com\/magaza\/wp-json\/wp\/v2\/types\/product"}],"replies":[{"embeddable":true,"href":"https:\/\/astrologelvan.com\/magaza\/wp-json\/wp\/v2\/comments?post=13887"}],"wp:featuredmedia":[{"embeddable":true,"href":"https:\/\/astrologelvan.com\/magaza\/wp-json\/wp\/v2\/media\/13888"}],"wp:attachment":[{"href":"https:\/\/astrologelvan.com\/magaza\/wp-json\/wp\/v2\/media?parent=13887"}],"wp:term":[{"taxonomy":"product_brand","embeddable":true,"href":"https:\/\/astrologelvan.com\/magaza\/wp-json\/wp\/v2\/product_brand?post=13887"},{"taxonomy":"product_cat","embeddable":true,"href":"https:\/\/astrologelvan.com\/magaza\/wp-json\/wp\/v2\/product_cat?post=13887"},{"taxonomy":"product_tag","embeddable":true,"href":"https:\/\/astrologelvan.com\/magaza\/wp-json\/wp\/v2\/product_tag?post=13887"}],"curies":[{"name":"wp","href":"https:\/\/api.w.org\/{rel}","templated":true}]}}