{"id":138854,"date":"2025-12-19T09:51:13","date_gmt":"2025-12-19T06:51:13","guid":{"rendered":"https:\/\/astrologelvan.com\/magaza\/?post_type=product&#038;p=138854"},"modified":"2026-01-19T23:56:24","modified_gmt":"2026-01-19T20:56:24","slug":"afrodit-inci-kolye","status":"publish","type":"product","link":"https:\/\/astrologelvan.com\/magaza\/urun\/afrodit-inci-kolye\/","title":{"rendered":"Afrodit \u0130nci Kolye"},"content":{"rendered":"","protected":false},"excerpt":{"rendered":"<div>Di\u015fillik, \u015fefkat ve dengeli ili\u015fkiler temas\u0131n\u0131 ta\u015f\u0131yan bu \u00f6zel tasar\u0131m\u0131n<\/div>\n<div>arka k\u0131sm\u0131 925 ayar g\u00fcm\u00fc\u015f \u00fczeri rose gold kaplama olarak haz\u0131rlanm\u0131\u015ft\u0131r.<\/div>\n<div><strong>Haritas\u0131nda Ay\u2019\u0131 g\u00fc\u00e7l\u00fc ya da zorlanan ki\u015filer i\u00e7in dengeleyicidir.<\/strong><\/div>\n<div><\/div>\n<div>Ven\u00fcs etkisiyle a\u015fk, \u015fefkat ve yumu\u015fak \u00e7ekim getirir.<\/div>\n<div>\u0130nci, ac\u0131dan do\u011fan g\u00fczelli\u011fi temsil eder.<\/div>\n<div>\u0130stiridyenin i\u00e7ine giren bir yaradan olu\u015fur.<\/div>\n<div><\/div>\n<div><strong>Bu y\u00fczden:<\/strong><\/div>\n<ul>\n<li>Duygusal yaralar\u0131 \u015fifaland\u0131r\u0131r<\/li>\n<li>Kalbi sakinle\u015ftirir<\/li>\n<li>G\u00fcvende hissetme ihtiyac\u0131n\u0131 g\u00fc\u00e7lendirir<\/li>\n<li>Aura \u00fczerinde koruyucu ve yumu\u015fat\u0131c\u0131 bir kalkan olu\u015fturur.<\/li>\n<\/ul>\n<div><\/div>\n<div><strong>\u00d6zellikler:<\/strong><\/div>\n<ul>\n<li>Hassas d\u00f6nemlerde<\/li>\n<li>\u0130li\u015fkisel travmalarda<\/li>\n<li>Kendini fazla a\u00e7\u0131k hissedenlerde \u00e7ok g\u00fc\u00e7l\u00fc \u00e7al\u0131\u015f\u0131r.<\/li>\n<\/ul>\n","protected":false},"featured_media":141351,"comment_status":"open","ping_status":"closed","template":"","meta":[],"product_brand":[596],"product_cat":[48],"product_tag":[],"class_list":{"0":"post-138854","1":"product","2":"type-product","3":"status-publish","4":"has-post-thumbnail","6":"product_brand-astrolog-elvan","7":"product_cat-kolyeler","9":"first","10":"instock","11":"purchasable","12":"product-type-simple"},"yoast_head":"<!-- This site is optimized with the Yoast SEO plugin v27.3 - https:\/\/yoast.com\/product\/yoast-seo-wordpress\/ -->\n<title>Afrodit \u0130nci Kolye - Astrolog Elvan<\/title>\n<meta name=\"robots\" content=\"index, follow, max-snippet:-1, max-image-preview:large, max-video-preview:-1\" \/>\n<link rel=\"canonical\" href=\"https:\/\/astrologelvan.com\/magaza\/urun\/afrodit-inci-kolye\/\" \/>\n<meta property=\"og:locale\" content=\"tr_TR\" \/>\n<meta property=\"og:type\" content=\"article\" \/>\n<meta property=\"og:title\" content=\"Afrodit \u0130nci Kolye - Astrolog Elvan\" \/>\n<meta property=\"og:description\" content=\"Di\u015fillik, \u015fefkat ve dengeli ili\u015fkiler temas\u0131n\u0131 ta\u015f\u0131yan bu \u00f6zel tasar\u0131m\u0131n arka k\u0131sm\u0131 925 ayar g\u00fcm\u00fc\u015f \u00fczeri rose gold kaplama olarak haz\u0131rlanm\u0131\u015ft\u0131r. Haritas\u0131nda Ay\u2019\u0131 g\u00fc\u00e7l\u00fc ya da zorlanan ki\u015filer i\u00e7in dengeleyicidir.  Ven\u00fcs etkisiyle a\u015fk, \u015fefkat ve yumu\u015fak \u00e7ekim getirir. \u0130nci, ac\u0131dan do\u011fan g\u00fczelli\u011fi temsil eder. \u0130stiridyenin i\u00e7ine giren bir yaradan olu\u015fur.  Bu y\u00fczden:   Duygusal yaralar\u0131 \u015fifaland\u0131r\u0131r  Kalbi sakinle\u015ftirir  G\u00fcvende hissetme ihtiyac\u0131n\u0131 g\u00fc\u00e7lendirir  Aura \u00fczerinde koruyucu ve yumu\u015fat\u0131c\u0131 bir kalkan olu\u015fturur.   \u00d6zellikler:   Hassas d\u00f6nemlerde  \u0130li\u015fkisel travmalarda  Kendini fazla a\u00e7\u0131k hissedenlerde \u00e7ok g\u00fc\u00e7l\u00fc \u00e7al\u0131\u015f\u0131r.\" \/>\n<meta property=\"og:url\" content=\"https:\/\/astrologelvan.com\/magaza\/urun\/afrodit-inci-kolye\/\" \/>\n<meta property=\"og:site_name\" content=\"Astrolog Elvan\" \/>\n<meta property=\"article:modified_time\" content=\"2026-01-19T20:56:24+00:00\" \/>\n<meta property=\"og:image\" content=\"https:\/\/astrologelvan.com\/magaza\/wp-content\/uploads\/2025\/12\/Buyuk-inci-1.png\" \/>\n\t<meta property=\"og:image:width\" content=\"1024\" \/>\n\t<meta property=\"og:image:height\" content=\"1536\" \/>\n\t<meta property=\"og:image:type\" content=\"image\/png\" \/>\n<meta name=\"twitter:card\" content=\"summary_large_image\" \/>\n<script type=\"application\/ld+json\" class=\"yoast-schema-graph\">{\"@context\":\"https:\\\/\\\/schema.org\",\"@graph\":[{\"@type\":[\"WebPage\",\"ItemPage\"],\"@id\":\"https:\\\/\\\/astrologelvan.com\\\/magaza\\\/urun\\\/afrodit-inci-kolye\\\/\",\"url\":\"https:\\\/\\\/astrologelvan.com\\\/magaza\\\/urun\\\/afrodit-inci-kolye\\\/\",\"name\":\"Afrodit \u0130nci Kolye - Astrolog Elvan\",\"isPartOf\":{\"@id\":\"https:\\\/\\\/astrologelvan.com\\\/magaza\\\/#website\"},\"primaryImageOfPage\":{\"@id\":\"https:\\\/\\\/astrologelvan.com\\\/magaza\\\/urun\\\/afrodit-inci-kolye\\\/#primaryimage\"},\"image\":{\"@id\":\"https:\\\/\\\/astrologelvan.com\\\/magaza\\\/urun\\\/afrodit-inci-kolye\\\/#primaryimage\"},\"thumbnailUrl\":\"https:\\\/\\\/astrologelvan.com\\\/magaza\\\/wp-content\\\/uploads\\\/2025\\\/12\\\/Buyuk-inci-1.png\",\"datePublished\":\"2025-12-19T06:51:13+00:00\",\"dateModified\":\"2026-01-19T20:56:24+00:00\",\"breadcrumb\":{\"@id\":\"https:\\\/\\\/astrologelvan.com\\\/magaza\\\/urun\\\/afrodit-inci-kolye\\\/#breadcrumb\"},\"inLanguage\":\"tr\",\"potentialAction\":[{\"@type\":\"ReadAction\",\"target\":[\"https:\\\/\\\/astrologelvan.com\\\/magaza\\\/urun\\\/afrodit-inci-kolye\\\/\"]}]},{\"@type\":\"ImageObject\",\"inLanguage\":\"tr\",\"@id\":\"https:\\\/\\\/astrologelvan.com\\\/magaza\\\/urun\\\/afrodit-inci-kolye\\\/#primaryimage\",\"url\":\"https:\\\/\\\/astrologelvan.com\\\/magaza\\\/wp-content\\\/uploads\\\/2025\\\/12\\\/Buyuk-inci-1.png\",\"contentUrl\":\"https:\\\/\\\/astrologelvan.com\\\/magaza\\\/wp-content\\\/uploads\\\/2025\\\/12\\\/Buyuk-inci-1.png\",\"width\":1024,\"height\":1536},{\"@type\":\"BreadcrumbList\",\"@id\":\"https:\\\/\\\/astrologelvan.com\\\/magaza\\\/urun\\\/afrodit-inci-kolye\\\/#breadcrumb\",\"itemListElement\":[{\"@type\":\"ListItem\",\"position\":1,\"name\":\"Anasayfa\",\"item\":\"https:\\\/\\\/astrologelvan.com\\\/magaza\\\/\"},{\"@type\":\"ListItem\",\"position\":2,\"name\":\"Ma\u011faza\",\"item\":\"https:\\\/\\\/astrologelvan.com\\\/magaza\\\/magaza\\\/\"},{\"@type\":\"ListItem\",\"position\":3,\"name\":\"Afrodit \u0130nci Kolye\"}]},{\"@type\":\"WebSite\",\"@id\":\"https:\\\/\\\/astrologelvan.com\\\/magaza\\\/#website\",\"url\":\"https:\\\/\\\/astrologelvan.com\\\/magaza\\\/\",\"name\":\"Astrolog Elvan\",\"description\":\"\",\"potentialAction\":[{\"@type\":\"SearchAction\",\"target\":{\"@type\":\"EntryPoint\",\"urlTemplate\":\"https:\\\/\\\/astrologelvan.com\\\/magaza\\\/?s={search_term_string}\"},\"query-input\":{\"@type\":\"PropertyValueSpecification\",\"valueRequired\":true,\"valueName\":\"search_term_string\"}}],\"inLanguage\":\"tr\"}]}<\/script>\n<!-- \/ Yoast SEO plugin. -->","yoast_head_json":{"title":"Afrodit \u0130nci Kolye - Astrolog Elvan","robots":{"index":"index","follow":"follow","max-snippet":"max-snippet:-1","max-image-preview":"max-image-preview:large","max-video-preview":"max-video-preview:-1"},"canonical":"https:\/\/astrologelvan.com\/magaza\/urun\/afrodit-inci-kolye\/","og_locale":"tr_TR","og_type":"article","og_title":"Afrodit \u0130nci Kolye - Astrolog Elvan","og_description":"Di\u015fillik, \u015fefkat ve dengeli ili\u015fkiler temas\u0131n\u0131 ta\u015f\u0131yan bu \u00f6zel tasar\u0131m\u0131n arka k\u0131sm\u0131 925 ayar g\u00fcm\u00fc\u015f \u00fczeri rose gold kaplama olarak haz\u0131rlanm\u0131\u015ft\u0131r. Haritas\u0131nda Ay\u2019\u0131 g\u00fc\u00e7l\u00fc ya da zorlanan ki\u015filer i\u00e7in dengeleyicidir.  Ven\u00fcs etkisiyle a\u015fk, \u015fefkat ve yumu\u015fak \u00e7ekim getirir. \u0130nci, ac\u0131dan do\u011fan g\u00fczelli\u011fi temsil eder. \u0130stiridyenin i\u00e7ine giren bir yaradan olu\u015fur.  Bu y\u00fczden:   Duygusal yaralar\u0131 \u015fifaland\u0131r\u0131r  Kalbi sakinle\u015ftirir  G\u00fcvende hissetme ihtiyac\u0131n\u0131 g\u00fc\u00e7lendirir  Aura \u00fczerinde koruyucu ve yumu\u015fat\u0131c\u0131 bir kalkan olu\u015fturur.   \u00d6zellikler:   Hassas d\u00f6nemlerde  \u0130li\u015fkisel travmalarda  Kendini fazla a\u00e7\u0131k hissedenlerde \u00e7ok g\u00fc\u00e7l\u00fc \u00e7al\u0131\u015f\u0131r.","og_url":"https:\/\/astrologelvan.com\/magaza\/urun\/afrodit-inci-kolye\/","og_site_name":"Astrolog Elvan","article_modified_time":"2026-01-19T20:56:24+00:00","og_image":[{"width":1024,"height":1536,"url":"https:\/\/astrologelvan.com\/magaza\/wp-content\/uploads\/2025\/12\/Buyuk-inci-1.png","type":"image\/png"}],"twitter_card":"summary_large_image","schema":{"@context":"https:\/\/schema.org","@graph":[{"@type":["WebPage","ItemPage"],"@id":"https:\/\/astrologelvan.com\/magaza\/urun\/afrodit-inci-kolye\/","url":"https:\/\/astrologelvan.com\/magaza\/urun\/afrodit-inci-kolye\/","name":"Afrodit \u0130nci Kolye - Astrolog Elvan","isPartOf":{"@id":"https:\/\/astrologelvan.com\/magaza\/#website"},"primaryImageOfPage":{"@id":"https:\/\/astrologelvan.com\/magaza\/urun\/afrodit-inci-kolye\/#primaryimage"},"image":{"@id":"https:\/\/astrologelvan.com\/magaza\/urun\/afrodit-inci-kolye\/#primaryimage"},"thumbnailUrl":"https:\/\/astrologelvan.com\/magaza\/wp-content\/uploads\/2025\/12\/Buyuk-inci-1.png","datePublished":"2025-12-19T06:51:13+00:00","dateModified":"2026-01-19T20:56:24+00:00","breadcrumb":{"@id":"https:\/\/astrologelvan.com\/magaza\/urun\/afrodit-inci-kolye\/#breadcrumb"},"inLanguage":"tr","potentialAction":[{"@type":"ReadAction","target":["https:\/\/astrologelvan.com\/magaza\/urun\/afrodit-inci-kolye\/"]}]},{"@type":"ImageObject","inLanguage":"tr","@id":"https:\/\/astrologelvan.com\/magaza\/urun\/afrodit-inci-kolye\/#primaryimage","url":"https:\/\/astrologelvan.com\/magaza\/wp-content\/uploads\/2025\/12\/Buyuk-inci-1.png","contentUrl":"https:\/\/astrologelvan.com\/magaza\/wp-content\/uploads\/2025\/12\/Buyuk-inci-1.png","width":1024,"height":1536},{"@type":"BreadcrumbList","@id":"https:\/\/astrologelvan.com\/magaza\/urun\/afrodit-inci-kolye\/#breadcrumb","itemListElement":[{"@type":"ListItem","position":1,"name":"Anasayfa","item":"https:\/\/astrologelvan.com\/magaza\/"},{"@type":"ListItem","position":2,"name":"Ma\u011faza","item":"https:\/\/astrologelvan.com\/magaza\/magaza\/"},{"@type":"ListItem","position":3,"name":"Afrodit \u0130nci Kolye"}]},{"@type":"WebSite","@id":"https:\/\/astrologelvan.com\/magaza\/#website","url":"https:\/\/astrologelvan.com\/magaza\/","name":"Astrolog Elvan","description":"","potentialAction":[{"@type":"SearchAction","target":{"@type":"EntryPoint","urlTemplate":"https:\/\/astrologelvan.com\/magaza\/?s={search_term_string}"},"query-input":{"@type":"PropertyValueSpecification","valueRequired":true,"valueName":"search_term_string"}}],"inLanguage":"tr"}]}},"_links":{"self":[{"href":"https:\/\/astrologelvan.com\/magaza\/wp-json\/wp\/v2\/product\/138854","targetHints":{"allow":["GET"]}}],"collection":[{"href":"https:\/\/astrologelvan.com\/magaza\/wp-json\/wp\/v2\/product"}],"about":[{"href":"https:\/\/astrologelvan.com\/magaza\/wp-json\/wp\/v2\/types\/product"}],"replies":[{"embeddable":true,"href":"https:\/\/astrologelvan.com\/magaza\/wp-json\/wp\/v2\/comments?post=138854"}],"wp:featuredmedia":[{"embeddable":true,"href":"https:\/\/astrologelvan.com\/magaza\/wp-json\/wp\/v2\/media\/141351"}],"wp:attachment":[{"href":"https:\/\/astrologelvan.com\/magaza\/wp-json\/wp\/v2\/media?parent=138854"}],"wp:term":[{"taxonomy":"product_brand","embeddable":true,"href":"https:\/\/astrologelvan.com\/magaza\/wp-json\/wp\/v2\/product_brand?post=138854"},{"taxonomy":"product_cat","embeddable":true,"href":"https:\/\/astrologelvan.com\/magaza\/wp-json\/wp\/v2\/product_cat?post=138854"},{"taxonomy":"product_tag","embeddable":true,"href":"https:\/\/astrologelvan.com\/magaza\/wp-json\/wp\/v2\/product_tag?post=138854"}],"curies":[{"name":"wp","href":"https:\/\/api.w.org\/{rel}","templated":true}]}}