{"id":138848,"date":"2025-12-19T09:43:01","date_gmt":"2025-12-19T06:43:01","guid":{"rendered":"https:\/\/astrologelvan.com\/magaza\/?post_type=product&#038;p=138848"},"modified":"2026-02-03T22:38:11","modified_gmt":"2026-02-03T19:38:11","slug":"2026-yilbasi-ozel-safir-kolye","status":"publish","type":"product","link":"https:\/\/astrologelvan.com\/magaza\/urun\/2026-yilbasi-ozel-safir-kolye\/","title":{"rendered":"2026 Y\u0131lba\u015f\u0131 \u00d6zel &#8211; Safir Kolye"},"content":{"rendered":"","protected":false},"excerpt":{"rendered":"<p>Safir ta\u015f\u0131n\u0131n asil duru\u015fu, alt\u0131n kaplama 925 ayar g\u00fcm\u00fc\u015fle birle\u015ferek minimal ama etkileyici bir \u015f\u0131kl\u0131k sunar.<br \/>\nHafif yap\u0131s\u0131 sayesinde g\u00fcn boyu konforlu kullan\u0131m sa\u011flar.<\/p>\n<p><strong>Safir ta\u015f\u0131;<\/strong> bollu\u011fu ve zenginli\u011fi ifade etmekle birlikte negatif enerjilerden korunmak, sezgileri g\u00fc\u00e7lendirmek ve ruhsal a\u00e7\u0131dan sakinle\u015fmek i\u00e7in kullan\u0131l\u0131r.<br \/>\n<strong>\u00dc\u00e7\u00fcnc\u00fc g\u00f6z \u00e7akras\u0131n\u0131 harekete ge\u00e7irerek duygu, d\u00fc\u015f\u00fcnce ve sorumluluklar\u0131n\u0131z\u0131n fark\u0131na varman\u0131zda yard\u0131mc\u0131 olur. <\/strong><br \/>\nZehirlenme veya doland\u0131r\u0131lmaya kar\u015f\u0131 da kullan\u0131lan Safir, gelece\u011fi tahmin etmeye y\u00f6nelik bir g\u00fcce sahip oldu\u011fu da bilinmektedir.<\/p>\n","protected":false},"featured_media":138849,"comment_status":"open","ping_status":"closed","template":"","meta":[],"product_brand":[596],"product_cat":[48,463],"product_tag":[],"class_list":{"0":"post-138848","1":"product","2":"type-product","3":"status-publish","4":"has-post-thumbnail","6":"product_brand-astrolog-elvan","7":"product_cat-kolyeler","8":"product_cat-safir-tasi","10":"first","11":"instock","12":"purchasable","13":"product-type-simple"},"yoast_head":"<!-- This site is optimized with the Yoast SEO plugin v27.3 - https:\/\/yoast.com\/product\/yoast-seo-wordpress\/ -->\n<title>2026 Y\u0131lba\u015f\u0131 \u00d6zel - Safir Kolye - Astrolog Elvan<\/title>\n<meta name=\"robots\" content=\"index, follow, max-snippet:-1, max-image-preview:large, max-video-preview:-1\" \/>\n<link rel=\"canonical\" href=\"https:\/\/astrologelvan.com\/magaza\/urun\/2026-yilbasi-ozel-safir-kolye\/\" \/>\n<meta property=\"og:locale\" content=\"tr_TR\" \/>\n<meta property=\"og:type\" content=\"article\" \/>\n<meta property=\"og:title\" content=\"2026 Y\u0131lba\u015f\u0131 \u00d6zel - Safir Kolye - Astrolog Elvan\" \/>\n<meta property=\"og:description\" content=\"Safir ta\u015f\u0131n\u0131n asil duru\u015fu, alt\u0131n kaplama 925 ayar g\u00fcm\u00fc\u015fle birle\u015ferek minimal ama etkileyici bir \u015f\u0131kl\u0131k sunar. Hafif yap\u0131s\u0131 sayesinde g\u00fcn boyu konforlu kullan\u0131m sa\u011flar.  Safir ta\u015f\u0131; bollu\u011fu ve zenginli\u011fi ifade etmekle birlikte negatif enerjilerden korunmak, sezgileri g\u00fc\u00e7lendirmek ve ruhsal a\u00e7\u0131dan sakinle\u015fmek i\u00e7in kullan\u0131l\u0131r. \u00dc\u00e7\u00fcnc\u00fc g\u00f6z \u00e7akras\u0131n\u0131 harekete ge\u00e7irerek duygu, d\u00fc\u015f\u00fcnce ve sorumluluklar\u0131n\u0131z\u0131n fark\u0131na varman\u0131zda yard\u0131mc\u0131 olur.  Zehirlenme veya doland\u0131r\u0131lmaya kar\u015f\u0131 da kullan\u0131lan Safir, gelece\u011fi tahmin etmeye y\u00f6nelik bir g\u00fcce sahip oldu\u011fu da bilinmektedir.\" \/>\n<meta property=\"og:url\" content=\"https:\/\/astrologelvan.com\/magaza\/urun\/2026-yilbasi-ozel-safir-kolye\/\" \/>\n<meta property=\"og:site_name\" content=\"Astrolog Elvan\" \/>\n<meta property=\"article:modified_time\" content=\"2026-02-03T19:38:11+00:00\" \/>\n<meta property=\"og:image\" content=\"https:\/\/astrologelvan.com\/magaza\/wp-content\/uploads\/2025\/12\/FullSizeRender-3-scaled.webp\" \/>\n\t<meta property=\"og:image:width\" content=\"1440\" \/>\n\t<meta property=\"og:image:height\" content=\"2560\" \/>\n\t<meta property=\"og:image:type\" content=\"image\/webp\" \/>\n<meta name=\"twitter:card\" content=\"summary_large_image\" \/>\n<script type=\"application\/ld+json\" class=\"yoast-schema-graph\">{\"@context\":\"https:\\\/\\\/schema.org\",\"@graph\":[{\"@type\":[\"WebPage\",\"ItemPage\"],\"@id\":\"https:\\\/\\\/astrologelvan.com\\\/magaza\\\/urun\\\/2026-yilbasi-ozel-safir-kolye\\\/\",\"url\":\"https:\\\/\\\/astrologelvan.com\\\/magaza\\\/urun\\\/2026-yilbasi-ozel-safir-kolye\\\/\",\"name\":\"2026 Y\u0131lba\u015f\u0131 \u00d6zel - Safir Kolye - Astrolog Elvan\",\"isPartOf\":{\"@id\":\"https:\\\/\\\/astrologelvan.com\\\/magaza\\\/#website\"},\"primaryImageOfPage\":{\"@id\":\"https:\\\/\\\/astrologelvan.com\\\/magaza\\\/urun\\\/2026-yilbasi-ozel-safir-kolye\\\/#primaryimage\"},\"image\":{\"@id\":\"https:\\\/\\\/astrologelvan.com\\\/magaza\\\/urun\\\/2026-yilbasi-ozel-safir-kolye\\\/#primaryimage\"},\"thumbnailUrl\":\"https:\\\/\\\/astrologelvan.com\\\/magaza\\\/wp-content\\\/uploads\\\/2025\\\/12\\\/FullSizeRender-3-scaled.webp\",\"datePublished\":\"2025-12-19T06:43:01+00:00\",\"dateModified\":\"2026-02-03T19:38:11+00:00\",\"breadcrumb\":{\"@id\":\"https:\\\/\\\/astrologelvan.com\\\/magaza\\\/urun\\\/2026-yilbasi-ozel-safir-kolye\\\/#breadcrumb\"},\"inLanguage\":\"tr\",\"potentialAction\":[{\"@type\":\"ReadAction\",\"target\":[\"https:\\\/\\\/astrologelvan.com\\\/magaza\\\/urun\\\/2026-yilbasi-ozel-safir-kolye\\\/\"]}]},{\"@type\":\"ImageObject\",\"inLanguage\":\"tr\",\"@id\":\"https:\\\/\\\/astrologelvan.com\\\/magaza\\\/urun\\\/2026-yilbasi-ozel-safir-kolye\\\/#primaryimage\",\"url\":\"https:\\\/\\\/astrologelvan.com\\\/magaza\\\/wp-content\\\/uploads\\\/2025\\\/12\\\/FullSizeRender-3-scaled.webp\",\"contentUrl\":\"https:\\\/\\\/astrologelvan.com\\\/magaza\\\/wp-content\\\/uploads\\\/2025\\\/12\\\/FullSizeRender-3-scaled.webp\",\"width\":1440,\"height\":2560},{\"@type\":\"BreadcrumbList\",\"@id\":\"https:\\\/\\\/astrologelvan.com\\\/magaza\\\/urun\\\/2026-yilbasi-ozel-safir-kolye\\\/#breadcrumb\",\"itemListElement\":[{\"@type\":\"ListItem\",\"position\":1,\"name\":\"Anasayfa\",\"item\":\"https:\\\/\\\/astrologelvan.com\\\/magaza\\\/\"},{\"@type\":\"ListItem\",\"position\":2,\"name\":\"Ma\u011faza\",\"item\":\"https:\\\/\\\/astrologelvan.com\\\/magaza\\\/magaza\\\/\"},{\"@type\":\"ListItem\",\"position\":3,\"name\":\"2026 Y\u0131lba\u015f\u0131 \u00d6zel &#8211; Safir Kolye\"}]},{\"@type\":\"WebSite\",\"@id\":\"https:\\\/\\\/astrologelvan.com\\\/magaza\\\/#website\",\"url\":\"https:\\\/\\\/astrologelvan.com\\\/magaza\\\/\",\"name\":\"Astrolog Elvan\",\"description\":\"\",\"potentialAction\":[{\"@type\":\"SearchAction\",\"target\":{\"@type\":\"EntryPoint\",\"urlTemplate\":\"https:\\\/\\\/astrologelvan.com\\\/magaza\\\/?s={search_term_string}\"},\"query-input\":{\"@type\":\"PropertyValueSpecification\",\"valueRequired\":true,\"valueName\":\"search_term_string\"}}],\"inLanguage\":\"tr\"}]}<\/script>\n<!-- \/ Yoast SEO plugin. -->","yoast_head_json":{"title":"2026 Y\u0131lba\u015f\u0131 \u00d6zel - Safir Kolye - Astrolog Elvan","robots":{"index":"index","follow":"follow","max-snippet":"max-snippet:-1","max-image-preview":"max-image-preview:large","max-video-preview":"max-video-preview:-1"},"canonical":"https:\/\/astrologelvan.com\/magaza\/urun\/2026-yilbasi-ozel-safir-kolye\/","og_locale":"tr_TR","og_type":"article","og_title":"2026 Y\u0131lba\u015f\u0131 \u00d6zel - Safir Kolye - Astrolog Elvan","og_description":"Safir ta\u015f\u0131n\u0131n asil duru\u015fu, alt\u0131n kaplama 925 ayar g\u00fcm\u00fc\u015fle birle\u015ferek minimal ama etkileyici bir \u015f\u0131kl\u0131k sunar. Hafif yap\u0131s\u0131 sayesinde g\u00fcn boyu konforlu kullan\u0131m sa\u011flar.  Safir ta\u015f\u0131; bollu\u011fu ve zenginli\u011fi ifade etmekle birlikte negatif enerjilerden korunmak, sezgileri g\u00fc\u00e7lendirmek ve ruhsal a\u00e7\u0131dan sakinle\u015fmek i\u00e7in kullan\u0131l\u0131r. \u00dc\u00e7\u00fcnc\u00fc g\u00f6z \u00e7akras\u0131n\u0131 harekete ge\u00e7irerek duygu, d\u00fc\u015f\u00fcnce ve sorumluluklar\u0131n\u0131z\u0131n fark\u0131na varman\u0131zda yard\u0131mc\u0131 olur.  Zehirlenme veya doland\u0131r\u0131lmaya kar\u015f\u0131 da kullan\u0131lan Safir, gelece\u011fi tahmin etmeye y\u00f6nelik bir g\u00fcce sahip oldu\u011fu da bilinmektedir.","og_url":"https:\/\/astrologelvan.com\/magaza\/urun\/2026-yilbasi-ozel-safir-kolye\/","og_site_name":"Astrolog Elvan","article_modified_time":"2026-02-03T19:38:11+00:00","og_image":[{"width":1440,"height":2560,"url":"https:\/\/astrologelvan.com\/magaza\/wp-content\/uploads\/2025\/12\/FullSizeRender-3-scaled.webp","type":"image\/webp"}],"twitter_card":"summary_large_image","schema":{"@context":"https:\/\/schema.org","@graph":[{"@type":["WebPage","ItemPage"],"@id":"https:\/\/astrologelvan.com\/magaza\/urun\/2026-yilbasi-ozel-safir-kolye\/","url":"https:\/\/astrologelvan.com\/magaza\/urun\/2026-yilbasi-ozel-safir-kolye\/","name":"2026 Y\u0131lba\u015f\u0131 \u00d6zel - Safir Kolye - Astrolog Elvan","isPartOf":{"@id":"https:\/\/astrologelvan.com\/magaza\/#website"},"primaryImageOfPage":{"@id":"https:\/\/astrologelvan.com\/magaza\/urun\/2026-yilbasi-ozel-safir-kolye\/#primaryimage"},"image":{"@id":"https:\/\/astrologelvan.com\/magaza\/urun\/2026-yilbasi-ozel-safir-kolye\/#primaryimage"},"thumbnailUrl":"https:\/\/astrologelvan.com\/magaza\/wp-content\/uploads\/2025\/12\/FullSizeRender-3-scaled.webp","datePublished":"2025-12-19T06:43:01+00:00","dateModified":"2026-02-03T19:38:11+00:00","breadcrumb":{"@id":"https:\/\/astrologelvan.com\/magaza\/urun\/2026-yilbasi-ozel-safir-kolye\/#breadcrumb"},"inLanguage":"tr","potentialAction":[{"@type":"ReadAction","target":["https:\/\/astrologelvan.com\/magaza\/urun\/2026-yilbasi-ozel-safir-kolye\/"]}]},{"@type":"ImageObject","inLanguage":"tr","@id":"https:\/\/astrologelvan.com\/magaza\/urun\/2026-yilbasi-ozel-safir-kolye\/#primaryimage","url":"https:\/\/astrologelvan.com\/magaza\/wp-content\/uploads\/2025\/12\/FullSizeRender-3-scaled.webp","contentUrl":"https:\/\/astrologelvan.com\/magaza\/wp-content\/uploads\/2025\/12\/FullSizeRender-3-scaled.webp","width":1440,"height":2560},{"@type":"BreadcrumbList","@id":"https:\/\/astrologelvan.com\/magaza\/urun\/2026-yilbasi-ozel-safir-kolye\/#breadcrumb","itemListElement":[{"@type":"ListItem","position":1,"name":"Anasayfa","item":"https:\/\/astrologelvan.com\/magaza\/"},{"@type":"ListItem","position":2,"name":"Ma\u011faza","item":"https:\/\/astrologelvan.com\/magaza\/magaza\/"},{"@type":"ListItem","position":3,"name":"2026 Y\u0131lba\u015f\u0131 \u00d6zel &#8211; Safir Kolye"}]},{"@type":"WebSite","@id":"https:\/\/astrologelvan.com\/magaza\/#website","url":"https:\/\/astrologelvan.com\/magaza\/","name":"Astrolog Elvan","description":"","potentialAction":[{"@type":"SearchAction","target":{"@type":"EntryPoint","urlTemplate":"https:\/\/astrologelvan.com\/magaza\/?s={search_term_string}"},"query-input":{"@type":"PropertyValueSpecification","valueRequired":true,"valueName":"search_term_string"}}],"inLanguage":"tr"}]}},"_links":{"self":[{"href":"https:\/\/astrologelvan.com\/magaza\/wp-json\/wp\/v2\/product\/138848","targetHints":{"allow":["GET"]}}],"collection":[{"href":"https:\/\/astrologelvan.com\/magaza\/wp-json\/wp\/v2\/product"}],"about":[{"href":"https:\/\/astrologelvan.com\/magaza\/wp-json\/wp\/v2\/types\/product"}],"replies":[{"embeddable":true,"href":"https:\/\/astrologelvan.com\/magaza\/wp-json\/wp\/v2\/comments?post=138848"}],"wp:featuredmedia":[{"embeddable":true,"href":"https:\/\/astrologelvan.com\/magaza\/wp-json\/wp\/v2\/media\/138849"}],"wp:attachment":[{"href":"https:\/\/astrologelvan.com\/magaza\/wp-json\/wp\/v2\/media?parent=138848"}],"wp:term":[{"taxonomy":"product_brand","embeddable":true,"href":"https:\/\/astrologelvan.com\/magaza\/wp-json\/wp\/v2\/product_brand?post=138848"},{"taxonomy":"product_cat","embeddable":true,"href":"https:\/\/astrologelvan.com\/magaza\/wp-json\/wp\/v2\/product_cat?post=138848"},{"taxonomy":"product_tag","embeddable":true,"href":"https:\/\/astrologelvan.com\/magaza\/wp-json\/wp\/v2\/product_tag?post=138848"}],"curies":[{"name":"wp","href":"https:\/\/api.w.org\/{rel}","templated":true}]}}