{"id":138841,"date":"2025-12-19T09:40:16","date_gmt":"2025-12-19T06:40:16","guid":{"rendered":"https:\/\/astrologelvan.com\/magaza\/?post_type=product&#038;p=138841"},"modified":"2026-03-01T16:42:52","modified_gmt":"2026-03-01T13:42:52","slug":"2026-yilbasi-ozel-dordu-bir-yerde-kolye","status":"publish","type":"product","link":"https:\/\/astrologelvan.com\/magaza\/urun\/2026-yilbasi-ozel-dordu-bir-yerde-kolye\/","title":{"rendered":"2026 Y\u0131lba\u015f\u0131 \u00d6zel-D\u00f6rd\u00fc Bir Yerde Kolye"},"content":{"rendered":"","protected":false},"excerpt":{"rendered":"<p><strong>2026\u2019n\u0131n en g\u00fc\u00e7l\u00fc ta\u015f enerjilerini bir araya getiren \u00f6zel bir tasar\u0131m.<\/strong><\/p>\n<p>Farkl\u0131 enerjilere sahip d\u00f6rt \u00f6zel do\u011fal ta\u015f\u0131n uyumla bir araya gelmesi, 2026 y\u0131l\u0131 boyunca bu kolye ile a\u015fk, bereket, huzur ve ilahi mesajlar hayat\u0131na e\u015flik eder.<\/p>\n<p>Her bir ta\u015f, kendi frekans\u0131yla \u00e7al\u0131\u015f\u0131rken birlikte b\u00fct\u00fcnsel bir enerji alan\u0131 olu\u015fturur.<\/p>\n<p><strong>925 ayar g\u00fcm\u00fc\u015ften \u00fcretilen bu \u00f6zel kolye, s\u0131n\u0131rl\u0131 say\u0131da haz\u0131rlanm\u0131\u015f olup hem enerjisi hem de zarif g\u00f6r\u00fcn\u00fcm\u00fcyle zamans\u0131z bir par\u00e7a olarak tasarlanm\u0131\u015ft\u0131r.<\/p>\n<p><\/strong><strong>Ametist:<\/strong> Zihni sakinle\u015ftirir, huzur ve i\u00e7 denge sa\u011flar.<br \/>\n<strong>Pembe Kuvars:<\/strong> A\u015fk\u0131, \u015fefkati ve kalp enerjisini g\u00fc\u00e7lendirir.<br \/>\n<strong>Sitrin:<\/strong> Bolluk, bereket ve pozitif enerjiyi destekler.<br \/>\n<strong>Melek Sa\u00e7\u0131 Ta\u015f\u0131:<\/strong> \u0130lahi mesajlara a\u00e7\u0131kl\u0131\u011f\u0131 ve ruhsal fark\u0131ndal\u0131\u011f\u0131 art\u0131r\u0131r.<\/p>\n","protected":false},"featured_media":138846,"comment_status":"open","ping_status":"closed","template":"","meta":[],"product_brand":[596],"product_cat":[47,48,34,65],"product_tag":[],"class_list":{"0":"post-138841","1":"product","2":"type-product","3":"status-publish","4":"has-post-thumbnail","6":"product_brand-astrolog-elvan","7":"product_cat-ametist-serisi","8":"product_cat-kolyeler","9":"product_cat-pembe-kuvars","10":"product_cat-sitrin-dogal-tas","12":"first","13":"instock","14":"purchasable","15":"product-type-simple"},"yoast_head":"<!-- This site is optimized with the Yoast SEO plugin v27.3 - https:\/\/yoast.com\/product\/yoast-seo-wordpress\/ -->\n<title>2026 Y\u0131lba\u015f\u0131 \u00d6zel-D\u00f6rd\u00fc Bir Yerde Kolye - Astrolog Elvan<\/title>\n<meta name=\"robots\" content=\"index, follow, max-snippet:-1, max-image-preview:large, max-video-preview:-1\" \/>\n<link rel=\"canonical\" href=\"https:\/\/astrologelvan.com\/magaza\/urun\/2026-yilbasi-ozel-dordu-bir-yerde-kolye\/\" \/>\n<meta property=\"og:locale\" content=\"tr_TR\" \/>\n<meta property=\"og:type\" content=\"article\" \/>\n<meta property=\"og:title\" content=\"2026 Y\u0131lba\u015f\u0131 \u00d6zel-D\u00f6rd\u00fc Bir Yerde Kolye - Astrolog Elvan\" \/>\n<meta property=\"og:description\" content=\"2026\u2019n\u0131n en g\u00fc\u00e7l\u00fc ta\u015f enerjilerini bir araya getiren \u00f6zel bir tasar\u0131m.  Farkl\u0131 enerjilere sahip d\u00f6rt \u00f6zel do\u011fal ta\u015f\u0131n uyumla bir araya gelmesi, 2026 y\u0131l\u0131 boyunca bu kolye ile a\u015fk, bereket, huzur ve ilahi mesajlar hayat\u0131na e\u015flik eder.  Her bir ta\u015f, kendi frekans\u0131yla \u00e7al\u0131\u015f\u0131rken birlikte b\u00fct\u00fcnsel bir enerji alan\u0131 olu\u015fturur.  925 ayar g\u00fcm\u00fc\u015ften \u00fcretilen bu \u00f6zel kolye, s\u0131n\u0131rl\u0131 say\u0131da haz\u0131rlanm\u0131\u015f olup hem enerjisi hem de zarif g\u00f6r\u00fcn\u00fcm\u00fcyle zamans\u0131z bir par\u00e7a olarak tasarlanm\u0131\u015ft\u0131r.  Ametist: Zihni sakinle\u015ftirir, huzur ve i\u00e7 denge sa\u011flar. Pembe Kuvars: A\u015fk\u0131, \u015fefkati ve kalp enerjisini g\u00fc\u00e7lendirir. Sitrin: Bolluk, bereket ve pozitif enerjiyi destekler. Melek Sa\u00e7\u0131 Ta\u015f\u0131: \u0130lahi mesajlara a\u00e7\u0131kl\u0131\u011f\u0131 ve ruhsal fark\u0131ndal\u0131\u011f\u0131 art\u0131r\u0131r.\" \/>\n<meta property=\"og:url\" content=\"https:\/\/astrologelvan.com\/magaza\/urun\/2026-yilbasi-ozel-dordu-bir-yerde-kolye\/\" \/>\n<meta property=\"og:site_name\" content=\"Astrolog Elvan\" \/>\n<meta property=\"article:modified_time\" content=\"2026-03-01T13:42:52+00:00\" \/>\n<meta property=\"og:image\" content=\"https:\/\/astrologelvan.com\/magaza\/wp-content\/uploads\/2025\/12\/IMG_1004-scaled.webp\" \/>\n\t<meta property=\"og:image:width\" content=\"1920\" \/>\n\t<meta property=\"og:image:height\" content=\"2560\" \/>\n\t<meta property=\"og:image:type\" content=\"image\/webp\" \/>\n<meta name=\"twitter:card\" content=\"summary_large_image\" \/>\n<script type=\"application\/ld+json\" class=\"yoast-schema-graph\">{\"@context\":\"https:\\\/\\\/schema.org\",\"@graph\":[{\"@type\":[\"WebPage\",\"ItemPage\"],\"@id\":\"https:\\\/\\\/astrologelvan.com\\\/magaza\\\/urun\\\/2026-yilbasi-ozel-dordu-bir-yerde-kolye\\\/\",\"url\":\"https:\\\/\\\/astrologelvan.com\\\/magaza\\\/urun\\\/2026-yilbasi-ozel-dordu-bir-yerde-kolye\\\/\",\"name\":\"2026 Y\u0131lba\u015f\u0131 \u00d6zel-D\u00f6rd\u00fc Bir Yerde Kolye - Astrolog Elvan\",\"isPartOf\":{\"@id\":\"https:\\\/\\\/astrologelvan.com\\\/magaza\\\/#website\"},\"primaryImageOfPage\":{\"@id\":\"https:\\\/\\\/astrologelvan.com\\\/magaza\\\/urun\\\/2026-yilbasi-ozel-dordu-bir-yerde-kolye\\\/#primaryimage\"},\"image\":{\"@id\":\"https:\\\/\\\/astrologelvan.com\\\/magaza\\\/urun\\\/2026-yilbasi-ozel-dordu-bir-yerde-kolye\\\/#primaryimage\"},\"thumbnailUrl\":\"https:\\\/\\\/astrologelvan.com\\\/magaza\\\/wp-content\\\/uploads\\\/2025\\\/12\\\/IMG_1004-scaled.webp\",\"datePublished\":\"2025-12-19T06:40:16+00:00\",\"dateModified\":\"2026-03-01T13:42:52+00:00\",\"breadcrumb\":{\"@id\":\"https:\\\/\\\/astrologelvan.com\\\/magaza\\\/urun\\\/2026-yilbasi-ozel-dordu-bir-yerde-kolye\\\/#breadcrumb\"},\"inLanguage\":\"tr\",\"potentialAction\":[{\"@type\":\"ReadAction\",\"target\":[\"https:\\\/\\\/astrologelvan.com\\\/magaza\\\/urun\\\/2026-yilbasi-ozel-dordu-bir-yerde-kolye\\\/\"]}]},{\"@type\":\"ImageObject\",\"inLanguage\":\"tr\",\"@id\":\"https:\\\/\\\/astrologelvan.com\\\/magaza\\\/urun\\\/2026-yilbasi-ozel-dordu-bir-yerde-kolye\\\/#primaryimage\",\"url\":\"https:\\\/\\\/astrologelvan.com\\\/magaza\\\/wp-content\\\/uploads\\\/2025\\\/12\\\/IMG_1004-scaled.webp\",\"contentUrl\":\"https:\\\/\\\/astrologelvan.com\\\/magaza\\\/wp-content\\\/uploads\\\/2025\\\/12\\\/IMG_1004-scaled.webp\",\"width\":1920,\"height\":2560},{\"@type\":\"BreadcrumbList\",\"@id\":\"https:\\\/\\\/astrologelvan.com\\\/magaza\\\/urun\\\/2026-yilbasi-ozel-dordu-bir-yerde-kolye\\\/#breadcrumb\",\"itemListElement\":[{\"@type\":\"ListItem\",\"position\":1,\"name\":\"Anasayfa\",\"item\":\"https:\\\/\\\/astrologelvan.com\\\/magaza\\\/\"},{\"@type\":\"ListItem\",\"position\":2,\"name\":\"Ma\u011faza\",\"item\":\"https:\\\/\\\/astrologelvan.com\\\/magaza\\\/magaza\\\/\"},{\"@type\":\"ListItem\",\"position\":3,\"name\":\"2026 Y\u0131lba\u015f\u0131 \u00d6zel-D\u00f6rd\u00fc Bir Yerde Kolye\"}]},{\"@type\":\"WebSite\",\"@id\":\"https:\\\/\\\/astrologelvan.com\\\/magaza\\\/#website\",\"url\":\"https:\\\/\\\/astrologelvan.com\\\/magaza\\\/\",\"name\":\"Astrolog Elvan\",\"description\":\"\",\"potentialAction\":[{\"@type\":\"SearchAction\",\"target\":{\"@type\":\"EntryPoint\",\"urlTemplate\":\"https:\\\/\\\/astrologelvan.com\\\/magaza\\\/?s={search_term_string}\"},\"query-input\":{\"@type\":\"PropertyValueSpecification\",\"valueRequired\":true,\"valueName\":\"search_term_string\"}}],\"inLanguage\":\"tr\"}]}<\/script>\n<!-- \/ Yoast SEO plugin. -->","yoast_head_json":{"title":"2026 Y\u0131lba\u015f\u0131 \u00d6zel-D\u00f6rd\u00fc Bir Yerde Kolye - Astrolog Elvan","robots":{"index":"index","follow":"follow","max-snippet":"max-snippet:-1","max-image-preview":"max-image-preview:large","max-video-preview":"max-video-preview:-1"},"canonical":"https:\/\/astrologelvan.com\/magaza\/urun\/2026-yilbasi-ozel-dordu-bir-yerde-kolye\/","og_locale":"tr_TR","og_type":"article","og_title":"2026 Y\u0131lba\u015f\u0131 \u00d6zel-D\u00f6rd\u00fc Bir Yerde Kolye - Astrolog Elvan","og_description":"2026\u2019n\u0131n en g\u00fc\u00e7l\u00fc ta\u015f enerjilerini bir araya getiren \u00f6zel bir tasar\u0131m.  Farkl\u0131 enerjilere sahip d\u00f6rt \u00f6zel do\u011fal ta\u015f\u0131n uyumla bir araya gelmesi, 2026 y\u0131l\u0131 boyunca bu kolye ile a\u015fk, bereket, huzur ve ilahi mesajlar hayat\u0131na e\u015flik eder.  Her bir ta\u015f, kendi frekans\u0131yla \u00e7al\u0131\u015f\u0131rken birlikte b\u00fct\u00fcnsel bir enerji alan\u0131 olu\u015fturur.  925 ayar g\u00fcm\u00fc\u015ften \u00fcretilen bu \u00f6zel kolye, s\u0131n\u0131rl\u0131 say\u0131da haz\u0131rlanm\u0131\u015f olup hem enerjisi hem de zarif g\u00f6r\u00fcn\u00fcm\u00fcyle zamans\u0131z bir par\u00e7a olarak tasarlanm\u0131\u015ft\u0131r.  Ametist: Zihni sakinle\u015ftirir, huzur ve i\u00e7 denge sa\u011flar. Pembe Kuvars: A\u015fk\u0131, \u015fefkati ve kalp enerjisini g\u00fc\u00e7lendirir. Sitrin: Bolluk, bereket ve pozitif enerjiyi destekler. Melek Sa\u00e7\u0131 Ta\u015f\u0131: \u0130lahi mesajlara a\u00e7\u0131kl\u0131\u011f\u0131 ve ruhsal fark\u0131ndal\u0131\u011f\u0131 art\u0131r\u0131r.","og_url":"https:\/\/astrologelvan.com\/magaza\/urun\/2026-yilbasi-ozel-dordu-bir-yerde-kolye\/","og_site_name":"Astrolog Elvan","article_modified_time":"2026-03-01T13:42:52+00:00","og_image":[{"width":1920,"height":2560,"url":"https:\/\/astrologelvan.com\/magaza\/wp-content\/uploads\/2025\/12\/IMG_1004-scaled.webp","type":"image\/webp"}],"twitter_card":"summary_large_image","schema":{"@context":"https:\/\/schema.org","@graph":[{"@type":["WebPage","ItemPage"],"@id":"https:\/\/astrologelvan.com\/magaza\/urun\/2026-yilbasi-ozel-dordu-bir-yerde-kolye\/","url":"https:\/\/astrologelvan.com\/magaza\/urun\/2026-yilbasi-ozel-dordu-bir-yerde-kolye\/","name":"2026 Y\u0131lba\u015f\u0131 \u00d6zel-D\u00f6rd\u00fc Bir Yerde Kolye - Astrolog Elvan","isPartOf":{"@id":"https:\/\/astrologelvan.com\/magaza\/#website"},"primaryImageOfPage":{"@id":"https:\/\/astrologelvan.com\/magaza\/urun\/2026-yilbasi-ozel-dordu-bir-yerde-kolye\/#primaryimage"},"image":{"@id":"https:\/\/astrologelvan.com\/magaza\/urun\/2026-yilbasi-ozel-dordu-bir-yerde-kolye\/#primaryimage"},"thumbnailUrl":"https:\/\/astrologelvan.com\/magaza\/wp-content\/uploads\/2025\/12\/IMG_1004-scaled.webp","datePublished":"2025-12-19T06:40:16+00:00","dateModified":"2026-03-01T13:42:52+00:00","breadcrumb":{"@id":"https:\/\/astrologelvan.com\/magaza\/urun\/2026-yilbasi-ozel-dordu-bir-yerde-kolye\/#breadcrumb"},"inLanguage":"tr","potentialAction":[{"@type":"ReadAction","target":["https:\/\/astrologelvan.com\/magaza\/urun\/2026-yilbasi-ozel-dordu-bir-yerde-kolye\/"]}]},{"@type":"ImageObject","inLanguage":"tr","@id":"https:\/\/astrologelvan.com\/magaza\/urun\/2026-yilbasi-ozel-dordu-bir-yerde-kolye\/#primaryimage","url":"https:\/\/astrologelvan.com\/magaza\/wp-content\/uploads\/2025\/12\/IMG_1004-scaled.webp","contentUrl":"https:\/\/astrologelvan.com\/magaza\/wp-content\/uploads\/2025\/12\/IMG_1004-scaled.webp","width":1920,"height":2560},{"@type":"BreadcrumbList","@id":"https:\/\/astrologelvan.com\/magaza\/urun\/2026-yilbasi-ozel-dordu-bir-yerde-kolye\/#breadcrumb","itemListElement":[{"@type":"ListItem","position":1,"name":"Anasayfa","item":"https:\/\/astrologelvan.com\/magaza\/"},{"@type":"ListItem","position":2,"name":"Ma\u011faza","item":"https:\/\/astrologelvan.com\/magaza\/magaza\/"},{"@type":"ListItem","position":3,"name":"2026 Y\u0131lba\u015f\u0131 \u00d6zel-D\u00f6rd\u00fc Bir Yerde Kolye"}]},{"@type":"WebSite","@id":"https:\/\/astrologelvan.com\/magaza\/#website","url":"https:\/\/astrologelvan.com\/magaza\/","name":"Astrolog Elvan","description":"","potentialAction":[{"@type":"SearchAction","target":{"@type":"EntryPoint","urlTemplate":"https:\/\/astrologelvan.com\/magaza\/?s={search_term_string}"},"query-input":{"@type":"PropertyValueSpecification","valueRequired":true,"valueName":"search_term_string"}}],"inLanguage":"tr"}]}},"_links":{"self":[{"href":"https:\/\/astrologelvan.com\/magaza\/wp-json\/wp\/v2\/product\/138841","targetHints":{"allow":["GET"]}}],"collection":[{"href":"https:\/\/astrologelvan.com\/magaza\/wp-json\/wp\/v2\/product"}],"about":[{"href":"https:\/\/astrologelvan.com\/magaza\/wp-json\/wp\/v2\/types\/product"}],"replies":[{"embeddable":true,"href":"https:\/\/astrologelvan.com\/magaza\/wp-json\/wp\/v2\/comments?post=138841"}],"wp:featuredmedia":[{"embeddable":true,"href":"https:\/\/astrologelvan.com\/magaza\/wp-json\/wp\/v2\/media\/138846"}],"wp:attachment":[{"href":"https:\/\/astrologelvan.com\/magaza\/wp-json\/wp\/v2\/media?parent=138841"}],"wp:term":[{"taxonomy":"product_brand","embeddable":true,"href":"https:\/\/astrologelvan.com\/magaza\/wp-json\/wp\/v2\/product_brand?post=138841"},{"taxonomy":"product_cat","embeddable":true,"href":"https:\/\/astrologelvan.com\/magaza\/wp-json\/wp\/v2\/product_cat?post=138841"},{"taxonomy":"product_tag","embeddable":true,"href":"https:\/\/astrologelvan.com\/magaza\/wp-json\/wp\/v2\/product_tag?post=138841"}],"curies":[{"name":"wp","href":"https:\/\/api.w.org\/{rel}","templated":true}]}}