{"id":138828,"date":"2025-12-19T09:36:22","date_gmt":"2025-12-19T06:36:22","guid":{"rendered":"https:\/\/astrologelvan.com\/magaza\/?post_type=product&#038;p=138828"},"modified":"2025-12-19T09:36:23","modified_gmt":"2025-12-19T06:36:23","slug":"2026-yilbasi-ozel-prehnit-faset-kesim-kolye","status":"publish","type":"product","link":"https:\/\/astrologelvan.com\/magaza\/urun\/2026-yilbasi-ozel-prehnit-faset-kesim-kolye\/","title":{"rendered":"2026 Y\u0131lba\u015f\u0131 \u00d6zel \u2013 Prehnit Faset Kesim Kolye"},"content":{"rendered":"","protected":false},"excerpt":{"rendered":"<p>Prehnit ta\u015f\u0131, Ba\u015f Melek Cebrail\u2019in enerjisiyle uyumlu \u00e7al\u0131\u015fan \u00f6zel bir do\u011fal ta\u015ft\u0131r.<br \/>\nYeni y\u0131l\u0131n ba\u015flang\u0131c\u0131nda tak\u0131ld\u0131\u011f\u0131nda, yolunuza \u0131\u015f\u0131k tutarak ruhunuza iyi gelmesine yard\u0131mc\u0131 olur.<\/p>\n<p><strong>2026\u2019ya girerken cevaplar\u0131n\u0131 arad\u0131\u011f\u0131n\u0131z sorular\u0131, bu kolyeyi takarken niyet etmeniz \u00f6nerilir.<\/strong><br \/>\n<strong>Prehnit (Melek Sa\u00e7\u0131) kolye, ta\u015f\u0131d\u0131\u011f\u0131n\u0131z s\u00fcre boyunca ilahi mesajlara daha a\u00e7\u0131k olman\u0131z\u0131 destekleyerek, arad\u0131\u011f\u0131n\u0131z cevaplara ula\u015fman\u0131zda yol g\u00f6sterici bir enerji alan\u0131 olu\u015fturur.<\/strong><\/p>\n<p>Sezgileri kuvvetlendiren ve fark\u0131ndal\u0131\u011f\u0131 art\u0131ran Prehnit, sonsuz sevgi ve saf \u0131\u015f\u0131k ta\u015f\u0131 olarak kabul edilir.<br \/>\nYeni y\u0131lda kalbinizi ve zihninizi berrakla\u015ft\u0131rarak daha net kararlar alman\u0131za yard\u0131mc\u0131 olur.<\/p>\n<p>Ye\u015fil de\u011ferli ta\u015flar aras\u0131nda yer alan Prehnit, g\u00fc\u00e7l\u00fc bir Feng Shui ta\u015f\u0131 olarak;<br \/>\neski ve a\u011f\u0131r enerjilerin temizlenmesini, ge\u00e7mi\u015fin y\u00fcklerinin b\u0131rak\u0131lmas\u0131n\u0131 ve hayat\u0131n\u0131zdaki yeni ba\u015flang\u0131\u00e7lar\u0131n kolayl\u0131kla kabul edilmesini destekler.<\/p>\n<p>\u00d6zellikle 2026\u2019da de\u011fi\u015fime diren\u00e7 g\u00f6steren, ge\u00e7mi\u015fe tutunma e\u011filimi olan ki\u015filer i\u00e7in;<br \/>\npozitif d\u00f6n\u00fc\u015f\u00fcm\u00fc, kabullenmeyi ve ruhsal yenilenmeyi te\u015fvik eden g\u00fc\u00e7l\u00fc bir yol arkada\u015f\u0131d\u0131r.<\/p>\n","protected":false},"featured_media":138840,"comment_status":"open","ping_status":"closed","template":"","meta":[],"product_brand":[596],"product_cat":[92,637,48],"product_tag":[],"class_list":{"0":"post-138828","1":"product","2":"type-product","3":"status-publish","4":"has-post-thumbnail","6":"product_brand-astrolog-elvan","7":"product_cat-bas-melek-cebrail-prehnit","8":"product_cat-cebrail-tasi-prehnit-kolye","9":"product_cat-kolyeler","11":"first","12":"instock","13":"purchasable","14":"product-type-simple"},"yoast_head":"<!-- This site is optimized with the Yoast SEO plugin v27.3 - https:\/\/yoast.com\/product\/yoast-seo-wordpress\/ -->\n<title>2026 Y\u0131lba\u015f\u0131 \u00d6zel \u2013 Prehnit Faset Kesim Kolye - Astrolog Elvan<\/title>\n<meta name=\"robots\" content=\"index, follow, max-snippet:-1, max-image-preview:large, max-video-preview:-1\" \/>\n<link rel=\"canonical\" href=\"https:\/\/astrologelvan.com\/magaza\/urun\/2026-yilbasi-ozel-prehnit-faset-kesim-kolye\/\" \/>\n<meta property=\"og:locale\" content=\"tr_TR\" \/>\n<meta property=\"og:type\" content=\"article\" \/>\n<meta property=\"og:title\" content=\"2026 Y\u0131lba\u015f\u0131 \u00d6zel \u2013 Prehnit Faset Kesim Kolye - Astrolog Elvan\" \/>\n<meta property=\"og:description\" content=\"Prehnit ta\u015f\u0131, Ba\u015f Melek Cebrail\u2019in enerjisiyle uyumlu \u00e7al\u0131\u015fan \u00f6zel bir do\u011fal ta\u015ft\u0131r. Yeni y\u0131l\u0131n ba\u015flang\u0131c\u0131nda tak\u0131ld\u0131\u011f\u0131nda, yolunuza \u0131\u015f\u0131k tutarak ruhunuza iyi gelmesine yard\u0131mc\u0131 olur.  2026\u2019ya girerken cevaplar\u0131n\u0131 arad\u0131\u011f\u0131n\u0131z sorular\u0131, bu kolyeyi takarken niyet etmeniz \u00f6nerilir. Prehnit (Melek Sa\u00e7\u0131) kolye, ta\u015f\u0131d\u0131\u011f\u0131n\u0131z s\u00fcre boyunca ilahi mesajlara daha a\u00e7\u0131k olman\u0131z\u0131 destekleyerek, arad\u0131\u011f\u0131n\u0131z cevaplara ula\u015fman\u0131zda yol g\u00f6sterici bir enerji alan\u0131 olu\u015fturur.  Sezgileri kuvvetlendiren ve fark\u0131ndal\u0131\u011f\u0131 art\u0131ran Prehnit, sonsuz sevgi ve saf \u0131\u015f\u0131k ta\u015f\u0131 olarak kabul edilir. Yeni y\u0131lda kalbinizi ve zihninizi berrakla\u015ft\u0131rarak daha net kararlar alman\u0131za yard\u0131mc\u0131 olur.  Ye\u015fil de\u011ferli ta\u015flar aras\u0131nda yer alan Prehnit, g\u00fc\u00e7l\u00fc bir Feng Shui ta\u015f\u0131 olarak; eski ve a\u011f\u0131r enerjilerin temizlenmesini, ge\u00e7mi\u015fin y\u00fcklerinin b\u0131rak\u0131lmas\u0131n\u0131 ve hayat\u0131n\u0131zdaki yeni ba\u015flang\u0131\u00e7lar\u0131n kolayl\u0131kla kabul edilmesini destekler.  \u00d6zellikle 2026\u2019da de\u011fi\u015fime diren\u00e7 g\u00f6steren, ge\u00e7mi\u015fe tutunma e\u011filimi olan ki\u015filer i\u00e7in; pozitif d\u00f6n\u00fc\u015f\u00fcm\u00fc, kabullenmeyi ve ruhsal yenilenmeyi te\u015fvik eden g\u00fc\u00e7l\u00fc bir yol arkada\u015f\u0131d\u0131r.\" \/>\n<meta property=\"og:url\" content=\"https:\/\/astrologelvan.com\/magaza\/urun\/2026-yilbasi-ozel-prehnit-faset-kesim-kolye\/\" \/>\n<meta property=\"og:site_name\" content=\"Astrolog Elvan\" \/>\n<meta property=\"article:modified_time\" content=\"2025-12-19T06:36:23+00:00\" \/>\n<meta property=\"og:image\" content=\"https:\/\/astrologelvan.com\/magaza\/wp-content\/uploads\/2025\/12\/IMG_0985-scaled.webp\" \/>\n\t<meta property=\"og:image:width\" content=\"1920\" \/>\n\t<meta property=\"og:image:height\" content=\"2560\" \/>\n\t<meta property=\"og:image:type\" content=\"image\/webp\" \/>\n<meta name=\"twitter:card\" content=\"summary_large_image\" \/>\n<script type=\"application\/ld+json\" class=\"yoast-schema-graph\">{\"@context\":\"https:\\\/\\\/schema.org\",\"@graph\":[{\"@type\":[\"WebPage\",\"ItemPage\"],\"@id\":\"https:\\\/\\\/astrologelvan.com\\\/magaza\\\/urun\\\/2026-yilbasi-ozel-prehnit-faset-kesim-kolye\\\/\",\"url\":\"https:\\\/\\\/astrologelvan.com\\\/magaza\\\/urun\\\/2026-yilbasi-ozel-prehnit-faset-kesim-kolye\\\/\",\"name\":\"2026 Y\u0131lba\u015f\u0131 \u00d6zel \u2013 Prehnit Faset Kesim Kolye - Astrolog Elvan\",\"isPartOf\":{\"@id\":\"https:\\\/\\\/astrologelvan.com\\\/magaza\\\/#website\"},\"primaryImageOfPage\":{\"@id\":\"https:\\\/\\\/astrologelvan.com\\\/magaza\\\/urun\\\/2026-yilbasi-ozel-prehnit-faset-kesim-kolye\\\/#primaryimage\"},\"image\":{\"@id\":\"https:\\\/\\\/astrologelvan.com\\\/magaza\\\/urun\\\/2026-yilbasi-ozel-prehnit-faset-kesim-kolye\\\/#primaryimage\"},\"thumbnailUrl\":\"https:\\\/\\\/astrologelvan.com\\\/magaza\\\/wp-content\\\/uploads\\\/2025\\\/12\\\/IMG_0985-scaled.webp\",\"datePublished\":\"2025-12-19T06:36:22+00:00\",\"dateModified\":\"2025-12-19T06:36:23+00:00\",\"breadcrumb\":{\"@id\":\"https:\\\/\\\/astrologelvan.com\\\/magaza\\\/urun\\\/2026-yilbasi-ozel-prehnit-faset-kesim-kolye\\\/#breadcrumb\"},\"inLanguage\":\"tr\",\"potentialAction\":[{\"@type\":\"ReadAction\",\"target\":[\"https:\\\/\\\/astrologelvan.com\\\/magaza\\\/urun\\\/2026-yilbasi-ozel-prehnit-faset-kesim-kolye\\\/\"]}]},{\"@type\":\"ImageObject\",\"inLanguage\":\"tr\",\"@id\":\"https:\\\/\\\/astrologelvan.com\\\/magaza\\\/urun\\\/2026-yilbasi-ozel-prehnit-faset-kesim-kolye\\\/#primaryimage\",\"url\":\"https:\\\/\\\/astrologelvan.com\\\/magaza\\\/wp-content\\\/uploads\\\/2025\\\/12\\\/IMG_0985-scaled.webp\",\"contentUrl\":\"https:\\\/\\\/astrologelvan.com\\\/magaza\\\/wp-content\\\/uploads\\\/2025\\\/12\\\/IMG_0985-scaled.webp\",\"width\":1920,\"height\":2560},{\"@type\":\"BreadcrumbList\",\"@id\":\"https:\\\/\\\/astrologelvan.com\\\/magaza\\\/urun\\\/2026-yilbasi-ozel-prehnit-faset-kesim-kolye\\\/#breadcrumb\",\"itemListElement\":[{\"@type\":\"ListItem\",\"position\":1,\"name\":\"Anasayfa\",\"item\":\"https:\\\/\\\/astrologelvan.com\\\/magaza\\\/\"},{\"@type\":\"ListItem\",\"position\":2,\"name\":\"Ma\u011faza\",\"item\":\"https:\\\/\\\/astrologelvan.com\\\/magaza\\\/magaza\\\/\"},{\"@type\":\"ListItem\",\"position\":3,\"name\":\"2026 Y\u0131lba\u015f\u0131 \u00d6zel \u2013 Prehnit Faset Kesim Kolye\"}]},{\"@type\":\"WebSite\",\"@id\":\"https:\\\/\\\/astrologelvan.com\\\/magaza\\\/#website\",\"url\":\"https:\\\/\\\/astrologelvan.com\\\/magaza\\\/\",\"name\":\"Astrolog Elvan\",\"description\":\"\",\"potentialAction\":[{\"@type\":\"SearchAction\",\"target\":{\"@type\":\"EntryPoint\",\"urlTemplate\":\"https:\\\/\\\/astrologelvan.com\\\/magaza\\\/?s={search_term_string}\"},\"query-input\":{\"@type\":\"PropertyValueSpecification\",\"valueRequired\":true,\"valueName\":\"search_term_string\"}}],\"inLanguage\":\"tr\"}]}<\/script>\n<!-- \/ Yoast SEO plugin. -->","yoast_head_json":{"title":"2026 Y\u0131lba\u015f\u0131 \u00d6zel \u2013 Prehnit Faset Kesim Kolye - Astrolog Elvan","robots":{"index":"index","follow":"follow","max-snippet":"max-snippet:-1","max-image-preview":"max-image-preview:large","max-video-preview":"max-video-preview:-1"},"canonical":"https:\/\/astrologelvan.com\/magaza\/urun\/2026-yilbasi-ozel-prehnit-faset-kesim-kolye\/","og_locale":"tr_TR","og_type":"article","og_title":"2026 Y\u0131lba\u015f\u0131 \u00d6zel \u2013 Prehnit Faset Kesim Kolye - Astrolog Elvan","og_description":"Prehnit ta\u015f\u0131, Ba\u015f Melek Cebrail\u2019in enerjisiyle uyumlu \u00e7al\u0131\u015fan \u00f6zel bir do\u011fal ta\u015ft\u0131r. Yeni y\u0131l\u0131n ba\u015flang\u0131c\u0131nda tak\u0131ld\u0131\u011f\u0131nda, yolunuza \u0131\u015f\u0131k tutarak ruhunuza iyi gelmesine yard\u0131mc\u0131 olur.  2026\u2019ya girerken cevaplar\u0131n\u0131 arad\u0131\u011f\u0131n\u0131z sorular\u0131, bu kolyeyi takarken niyet etmeniz \u00f6nerilir. Prehnit (Melek Sa\u00e7\u0131) kolye, ta\u015f\u0131d\u0131\u011f\u0131n\u0131z s\u00fcre boyunca ilahi mesajlara daha a\u00e7\u0131k olman\u0131z\u0131 destekleyerek, arad\u0131\u011f\u0131n\u0131z cevaplara ula\u015fman\u0131zda yol g\u00f6sterici bir enerji alan\u0131 olu\u015fturur.  Sezgileri kuvvetlendiren ve fark\u0131ndal\u0131\u011f\u0131 art\u0131ran Prehnit, sonsuz sevgi ve saf \u0131\u015f\u0131k ta\u015f\u0131 olarak kabul edilir. Yeni y\u0131lda kalbinizi ve zihninizi berrakla\u015ft\u0131rarak daha net kararlar alman\u0131za yard\u0131mc\u0131 olur.  Ye\u015fil de\u011ferli ta\u015flar aras\u0131nda yer alan Prehnit, g\u00fc\u00e7l\u00fc bir Feng Shui ta\u015f\u0131 olarak; eski ve a\u011f\u0131r enerjilerin temizlenmesini, ge\u00e7mi\u015fin y\u00fcklerinin b\u0131rak\u0131lmas\u0131n\u0131 ve hayat\u0131n\u0131zdaki yeni ba\u015flang\u0131\u00e7lar\u0131n kolayl\u0131kla kabul edilmesini destekler.  \u00d6zellikle 2026\u2019da de\u011fi\u015fime diren\u00e7 g\u00f6steren, ge\u00e7mi\u015fe tutunma e\u011filimi olan ki\u015filer i\u00e7in; pozitif d\u00f6n\u00fc\u015f\u00fcm\u00fc, kabullenmeyi ve ruhsal yenilenmeyi te\u015fvik eden g\u00fc\u00e7l\u00fc bir yol arkada\u015f\u0131d\u0131r.","og_url":"https:\/\/astrologelvan.com\/magaza\/urun\/2026-yilbasi-ozel-prehnit-faset-kesim-kolye\/","og_site_name":"Astrolog Elvan","article_modified_time":"2025-12-19T06:36:23+00:00","og_image":[{"width":1920,"height":2560,"url":"https:\/\/astrologelvan.com\/magaza\/wp-content\/uploads\/2025\/12\/IMG_0985-scaled.webp","type":"image\/webp"}],"twitter_card":"summary_large_image","schema":{"@context":"https:\/\/schema.org","@graph":[{"@type":["WebPage","ItemPage"],"@id":"https:\/\/astrologelvan.com\/magaza\/urun\/2026-yilbasi-ozel-prehnit-faset-kesim-kolye\/","url":"https:\/\/astrologelvan.com\/magaza\/urun\/2026-yilbasi-ozel-prehnit-faset-kesim-kolye\/","name":"2026 Y\u0131lba\u015f\u0131 \u00d6zel \u2013 Prehnit Faset Kesim Kolye - Astrolog Elvan","isPartOf":{"@id":"https:\/\/astrologelvan.com\/magaza\/#website"},"primaryImageOfPage":{"@id":"https:\/\/astrologelvan.com\/magaza\/urun\/2026-yilbasi-ozel-prehnit-faset-kesim-kolye\/#primaryimage"},"image":{"@id":"https:\/\/astrologelvan.com\/magaza\/urun\/2026-yilbasi-ozel-prehnit-faset-kesim-kolye\/#primaryimage"},"thumbnailUrl":"https:\/\/astrologelvan.com\/magaza\/wp-content\/uploads\/2025\/12\/IMG_0985-scaled.webp","datePublished":"2025-12-19T06:36:22+00:00","dateModified":"2025-12-19T06:36:23+00:00","breadcrumb":{"@id":"https:\/\/astrologelvan.com\/magaza\/urun\/2026-yilbasi-ozel-prehnit-faset-kesim-kolye\/#breadcrumb"},"inLanguage":"tr","potentialAction":[{"@type":"ReadAction","target":["https:\/\/astrologelvan.com\/magaza\/urun\/2026-yilbasi-ozel-prehnit-faset-kesim-kolye\/"]}]},{"@type":"ImageObject","inLanguage":"tr","@id":"https:\/\/astrologelvan.com\/magaza\/urun\/2026-yilbasi-ozel-prehnit-faset-kesim-kolye\/#primaryimage","url":"https:\/\/astrologelvan.com\/magaza\/wp-content\/uploads\/2025\/12\/IMG_0985-scaled.webp","contentUrl":"https:\/\/astrologelvan.com\/magaza\/wp-content\/uploads\/2025\/12\/IMG_0985-scaled.webp","width":1920,"height":2560},{"@type":"BreadcrumbList","@id":"https:\/\/astrologelvan.com\/magaza\/urun\/2026-yilbasi-ozel-prehnit-faset-kesim-kolye\/#breadcrumb","itemListElement":[{"@type":"ListItem","position":1,"name":"Anasayfa","item":"https:\/\/astrologelvan.com\/magaza\/"},{"@type":"ListItem","position":2,"name":"Ma\u011faza","item":"https:\/\/astrologelvan.com\/magaza\/magaza\/"},{"@type":"ListItem","position":3,"name":"2026 Y\u0131lba\u015f\u0131 \u00d6zel \u2013 Prehnit Faset Kesim Kolye"}]},{"@type":"WebSite","@id":"https:\/\/astrologelvan.com\/magaza\/#website","url":"https:\/\/astrologelvan.com\/magaza\/","name":"Astrolog Elvan","description":"","potentialAction":[{"@type":"SearchAction","target":{"@type":"EntryPoint","urlTemplate":"https:\/\/astrologelvan.com\/magaza\/?s={search_term_string}"},"query-input":{"@type":"PropertyValueSpecification","valueRequired":true,"valueName":"search_term_string"}}],"inLanguage":"tr"}]}},"_links":{"self":[{"href":"https:\/\/astrologelvan.com\/magaza\/wp-json\/wp\/v2\/product\/138828","targetHints":{"allow":["GET"]}}],"collection":[{"href":"https:\/\/astrologelvan.com\/magaza\/wp-json\/wp\/v2\/product"}],"about":[{"href":"https:\/\/astrologelvan.com\/magaza\/wp-json\/wp\/v2\/types\/product"}],"replies":[{"embeddable":true,"href":"https:\/\/astrologelvan.com\/magaza\/wp-json\/wp\/v2\/comments?post=138828"}],"wp:featuredmedia":[{"embeddable":true,"href":"https:\/\/astrologelvan.com\/magaza\/wp-json\/wp\/v2\/media\/138840"}],"wp:attachment":[{"href":"https:\/\/astrologelvan.com\/magaza\/wp-json\/wp\/v2\/media?parent=138828"}],"wp:term":[{"taxonomy":"product_brand","embeddable":true,"href":"https:\/\/astrologelvan.com\/magaza\/wp-json\/wp\/v2\/product_brand?post=138828"},{"taxonomy":"product_cat","embeddable":true,"href":"https:\/\/astrologelvan.com\/magaza\/wp-json\/wp\/v2\/product_cat?post=138828"},{"taxonomy":"product_tag","embeddable":true,"href":"https:\/\/astrologelvan.com\/magaza\/wp-json\/wp\/v2\/product_tag?post=138828"}],"curies":[{"name":"wp","href":"https:\/\/api.w.org\/{rel}","templated":true}]}}