{"id":138657,"date":"2025-12-18T18:36:25","date_gmt":"2025-12-18T15:36:25","guid":{"rendered":"https:\/\/astrologelvan.com\/magaza\/?post_type=product&#038;p=138657"},"modified":"2025-12-18T18:36:26","modified_gmt":"2025-12-18T15:36:26","slug":"2026-yilbasi-ozel-madagaskar-pembe-kuvars-faset-dizi-kolye","status":"publish","type":"product","link":"https:\/\/astrologelvan.com\/magaza\/urun\/2026-yilbasi-ozel-madagaskar-pembe-kuvars-faset-dizi-kolye\/","title":{"rendered":"2026 Y\u0131lba\u015f\u0131 \u00d6zel &#8211; Madagaskar Pembe Kuvars (Faset) Dizi Kolye"},"content":{"rendered":"<p><strong>Pembe Kuvars, A\u015fk ve sevgi ta\u015f\u0131d\u0131r.<\/strong><\/p>\n<p>\u00d6zellikle ili\u015fkilerinizi yoluna koymak i\u00e7in ve i\u00e7inizdeki di\u015fi enerjiyi a\u00e7\u0131\u011fa \u00e7\u0131karmak i\u00e7in kullanabilirsiniz.<\/p>\n<p>Do\u011fru a\u015fk ve sevgiyi hayat\u0131n\u0131za \u00e7ekmenize yard\u0131mc\u0131 olur. \u0130li\u015fkileri dengeler. Her bur\u00e7 kullanabilir. A\u015fk rit\u00fcellerinizde \u00f6zellikle kullan\u0131n\u0131z.<\/p>\n<p>Kolyenizi ada\u00e7ay\u0131 ile t\u00fcts\u00fclerken niyetinizi ederek takmaya ba\u015flamal\u0131s\u0131n\u0131z. \u0130lk seferde 21 g\u00fcn boyunca tak\u0131n\u0131z. ( Banyo yaparken ya da uyurken \u00e7\u0131kar\u0131p kutusunda saklay\u0131n\u0131z )<\/p>\n<p><strong>Do\u011fal Faset Kesim Madagaskar Pembe Kuvars Ta\u015f\u0131<\/strong><\/p>\n<p><strong>Arka Aparat:<\/strong> 925 Ayar G\u00fcm\u00fc\u015f Gold Alt\u0131n Kaplama<\/p>\n<p><strong>2026 Y\u0131lba\u015f\u0131 \u00d6zel Tasar\u0131m<\/strong><\/p>\n","protected":false},"excerpt":{"rendered":"<p>Pembe Kuvars, A\u015fk ve sevgi ta\u015f\u0131d\u0131r. \u00d6zellikle ili\u015fkilerinizi yoluna koymak i\u00e7in ve i\u00e7inizdeki di\u015fi enerjiyi a\u00e7\u0131\u011fa \u00e7\u0131karmak i\u00e7in kullanabilirsiniz. Do\u011fru a\u015fk ve sevgiyi hayat\u0131n\u0131za \u00e7ekmenize yard\u0131mc\u0131 olur. \u0130li\u015fkileri dengeler. Her bur\u00e7 kullanabilir. A\u015fk rit\u00fcellerinizde \u00f6zellikle kullan\u0131n\u0131z. Kolyenizi ada\u00e7ay\u0131 ile t\u00fcts\u00fclerken niyetinizi ederek takmaya ba\u015flamal\u0131s\u0131n\u0131z. \u0130lk seferde 21 g\u00fcn boyunca tak\u0131n\u0131z. ( Banyo yaparken ya da [&#8230;]\n","protected":false},"featured_media":138659,"comment_status":"open","ping_status":"closed","template":"","meta":[],"product_brand":[596],"product_cat":[48,34],"product_tag":[],"class_list":{"0":"post-138657","1":"product","2":"type-product","3":"status-publish","4":"has-post-thumbnail","6":"product_brand-astrolog-elvan","7":"product_cat-kolyeler","8":"product_cat-pembe-kuvars","10":"first","11":"instock","12":"purchasable","13":"product-type-simple"},"yoast_head":"<!-- This site is optimized with the Yoast SEO plugin v27.3 - https:\/\/yoast.com\/product\/yoast-seo-wordpress\/ -->\n<title>2026 Y\u0131lba\u015f\u0131 \u00d6zel - Madagaskar Pembe Kuvars (Faset) Dizi Kolye - Astrolog Elvan<\/title>\n<meta name=\"robots\" content=\"index, follow, max-snippet:-1, max-image-preview:large, max-video-preview:-1\" \/>\n<link rel=\"canonical\" href=\"https:\/\/astrologelvan.com\/magaza\/urun\/2026-yilbasi-ozel-madagaskar-pembe-kuvars-faset-dizi-kolye\/\" \/>\n<meta property=\"og:locale\" content=\"tr_TR\" \/>\n<meta property=\"og:type\" content=\"article\" \/>\n<meta property=\"og:title\" content=\"2026 Y\u0131lba\u015f\u0131 \u00d6zel - Madagaskar Pembe Kuvars (Faset) Dizi Kolye - Astrolog Elvan\" \/>\n<meta property=\"og:description\" content=\"Pembe Kuvars, A\u015fk ve sevgi ta\u015f\u0131d\u0131r. \u00d6zellikle ili\u015fkilerinizi yoluna koymak i\u00e7in ve i\u00e7inizdeki di\u015fi enerjiyi a\u00e7\u0131\u011fa \u00e7\u0131karmak i\u00e7in kullanabilirsiniz. Do\u011fru a\u015fk ve sevgiyi hayat\u0131n\u0131za \u00e7ekmenize yard\u0131mc\u0131 olur. \u0130li\u015fkileri dengeler. Her bur\u00e7 kullanabilir. A\u015fk rit\u00fcellerinizde \u00f6zellikle kullan\u0131n\u0131z. Kolyenizi ada\u00e7ay\u0131 ile t\u00fcts\u00fclerken niyetinizi ederek takmaya ba\u015flamal\u0131s\u0131n\u0131z. \u0130lk seferde 21 g\u00fcn boyunca tak\u0131n\u0131z. ( Banyo yaparken ya da [...]\" \/>\n<meta property=\"og:url\" content=\"https:\/\/astrologelvan.com\/magaza\/urun\/2026-yilbasi-ozel-madagaskar-pembe-kuvars-faset-dizi-kolye\/\" \/>\n<meta property=\"og:site_name\" content=\"Astrolog Elvan\" \/>\n<meta property=\"article:modified_time\" content=\"2025-12-18T15:36:26+00:00\" \/>\n<meta property=\"og:image\" content=\"https:\/\/astrologelvan.com\/magaza\/wp-content\/uploads\/2025\/12\/Pembe-kuvars-scaled.webp\" \/>\n\t<meta property=\"og:image:width\" content=\"1920\" \/>\n\t<meta property=\"og:image:height\" content=\"2560\" \/>\n\t<meta property=\"og:image:type\" content=\"image\/webp\" \/>\n<meta name=\"twitter:card\" content=\"summary_large_image\" \/>\n<meta name=\"twitter:label1\" content=\"Tahmini okuma s\u00fcresi\" \/>\n\t<meta name=\"twitter:data1\" content=\"1 dakika\" \/>\n<script type=\"application\/ld+json\" class=\"yoast-schema-graph\">{\"@context\":\"https:\\\/\\\/schema.org\",\"@graph\":[{\"@type\":[\"WebPage\",\"ItemPage\"],\"@id\":\"https:\\\/\\\/astrologelvan.com\\\/magaza\\\/urun\\\/2026-yilbasi-ozel-madagaskar-pembe-kuvars-faset-dizi-kolye\\\/\",\"url\":\"https:\\\/\\\/astrologelvan.com\\\/magaza\\\/urun\\\/2026-yilbasi-ozel-madagaskar-pembe-kuvars-faset-dizi-kolye\\\/\",\"name\":\"2026 Y\u0131lba\u015f\u0131 \u00d6zel - Madagaskar Pembe Kuvars (Faset) Dizi Kolye - Astrolog Elvan\",\"isPartOf\":{\"@id\":\"https:\\\/\\\/astrologelvan.com\\\/magaza\\\/#website\"},\"primaryImageOfPage\":{\"@id\":\"https:\\\/\\\/astrologelvan.com\\\/magaza\\\/urun\\\/2026-yilbasi-ozel-madagaskar-pembe-kuvars-faset-dizi-kolye\\\/#primaryimage\"},\"image\":{\"@id\":\"https:\\\/\\\/astrologelvan.com\\\/magaza\\\/urun\\\/2026-yilbasi-ozel-madagaskar-pembe-kuvars-faset-dizi-kolye\\\/#primaryimage\"},\"thumbnailUrl\":\"https:\\\/\\\/astrologelvan.com\\\/magaza\\\/wp-content\\\/uploads\\\/2025\\\/12\\\/Pembe-kuvars-scaled.webp\",\"datePublished\":\"2025-12-18T15:36:25+00:00\",\"dateModified\":\"2025-12-18T15:36:26+00:00\",\"breadcrumb\":{\"@id\":\"https:\\\/\\\/astrologelvan.com\\\/magaza\\\/urun\\\/2026-yilbasi-ozel-madagaskar-pembe-kuvars-faset-dizi-kolye\\\/#breadcrumb\"},\"inLanguage\":\"tr\",\"potentialAction\":[{\"@type\":\"ReadAction\",\"target\":[\"https:\\\/\\\/astrologelvan.com\\\/magaza\\\/urun\\\/2026-yilbasi-ozel-madagaskar-pembe-kuvars-faset-dizi-kolye\\\/\"]}]},{\"@type\":\"ImageObject\",\"inLanguage\":\"tr\",\"@id\":\"https:\\\/\\\/astrologelvan.com\\\/magaza\\\/urun\\\/2026-yilbasi-ozel-madagaskar-pembe-kuvars-faset-dizi-kolye\\\/#primaryimage\",\"url\":\"https:\\\/\\\/astrologelvan.com\\\/magaza\\\/wp-content\\\/uploads\\\/2025\\\/12\\\/Pembe-kuvars-scaled.webp\",\"contentUrl\":\"https:\\\/\\\/astrologelvan.com\\\/magaza\\\/wp-content\\\/uploads\\\/2025\\\/12\\\/Pembe-kuvars-scaled.webp\",\"width\":1920,\"height\":2560},{\"@type\":\"BreadcrumbList\",\"@id\":\"https:\\\/\\\/astrologelvan.com\\\/magaza\\\/urun\\\/2026-yilbasi-ozel-madagaskar-pembe-kuvars-faset-dizi-kolye\\\/#breadcrumb\",\"itemListElement\":[{\"@type\":\"ListItem\",\"position\":1,\"name\":\"Anasayfa\",\"item\":\"https:\\\/\\\/astrologelvan.com\\\/magaza\\\/\"},{\"@type\":\"ListItem\",\"position\":2,\"name\":\"Ma\u011faza\",\"item\":\"https:\\\/\\\/astrologelvan.com\\\/magaza\\\/magaza\\\/\"},{\"@type\":\"ListItem\",\"position\":3,\"name\":\"2026 Y\u0131lba\u015f\u0131 \u00d6zel &#8211; Madagaskar Pembe Kuvars (Faset) Dizi Kolye\"}]},{\"@type\":\"WebSite\",\"@id\":\"https:\\\/\\\/astrologelvan.com\\\/magaza\\\/#website\",\"url\":\"https:\\\/\\\/astrologelvan.com\\\/magaza\\\/\",\"name\":\"Astrolog Elvan\",\"description\":\"\",\"potentialAction\":[{\"@type\":\"SearchAction\",\"target\":{\"@type\":\"EntryPoint\",\"urlTemplate\":\"https:\\\/\\\/astrologelvan.com\\\/magaza\\\/?s={search_term_string}\"},\"query-input\":{\"@type\":\"PropertyValueSpecification\",\"valueRequired\":true,\"valueName\":\"search_term_string\"}}],\"inLanguage\":\"tr\"}]}<\/script>\n<!-- \/ Yoast SEO plugin. -->","yoast_head_json":{"title":"2026 Y\u0131lba\u015f\u0131 \u00d6zel - Madagaskar Pembe Kuvars (Faset) Dizi Kolye - Astrolog Elvan","robots":{"index":"index","follow":"follow","max-snippet":"max-snippet:-1","max-image-preview":"max-image-preview:large","max-video-preview":"max-video-preview:-1"},"canonical":"https:\/\/astrologelvan.com\/magaza\/urun\/2026-yilbasi-ozel-madagaskar-pembe-kuvars-faset-dizi-kolye\/","og_locale":"tr_TR","og_type":"article","og_title":"2026 Y\u0131lba\u015f\u0131 \u00d6zel - Madagaskar Pembe Kuvars (Faset) Dizi Kolye - Astrolog Elvan","og_description":"Pembe Kuvars, A\u015fk ve sevgi ta\u015f\u0131d\u0131r. \u00d6zellikle ili\u015fkilerinizi yoluna koymak i\u00e7in ve i\u00e7inizdeki di\u015fi enerjiyi a\u00e7\u0131\u011fa \u00e7\u0131karmak i\u00e7in kullanabilirsiniz. Do\u011fru a\u015fk ve sevgiyi hayat\u0131n\u0131za \u00e7ekmenize yard\u0131mc\u0131 olur. \u0130li\u015fkileri dengeler. Her bur\u00e7 kullanabilir. A\u015fk rit\u00fcellerinizde \u00f6zellikle kullan\u0131n\u0131z. Kolyenizi ada\u00e7ay\u0131 ile t\u00fcts\u00fclerken niyetinizi ederek takmaya ba\u015flamal\u0131s\u0131n\u0131z. \u0130lk seferde 21 g\u00fcn boyunca tak\u0131n\u0131z. ( Banyo yaparken ya da [...]","og_url":"https:\/\/astrologelvan.com\/magaza\/urun\/2026-yilbasi-ozel-madagaskar-pembe-kuvars-faset-dizi-kolye\/","og_site_name":"Astrolog Elvan","article_modified_time":"2025-12-18T15:36:26+00:00","og_image":[{"width":1920,"height":2560,"url":"https:\/\/astrologelvan.com\/magaza\/wp-content\/uploads\/2025\/12\/Pembe-kuvars-scaled.webp","type":"image\/webp"}],"twitter_card":"summary_large_image","twitter_misc":{"Tahmini okuma s\u00fcresi":"1 dakika"},"schema":{"@context":"https:\/\/schema.org","@graph":[{"@type":["WebPage","ItemPage"],"@id":"https:\/\/astrologelvan.com\/magaza\/urun\/2026-yilbasi-ozel-madagaskar-pembe-kuvars-faset-dizi-kolye\/","url":"https:\/\/astrologelvan.com\/magaza\/urun\/2026-yilbasi-ozel-madagaskar-pembe-kuvars-faset-dizi-kolye\/","name":"2026 Y\u0131lba\u015f\u0131 \u00d6zel - Madagaskar Pembe Kuvars (Faset) Dizi Kolye - Astrolog Elvan","isPartOf":{"@id":"https:\/\/astrologelvan.com\/magaza\/#website"},"primaryImageOfPage":{"@id":"https:\/\/astrologelvan.com\/magaza\/urun\/2026-yilbasi-ozel-madagaskar-pembe-kuvars-faset-dizi-kolye\/#primaryimage"},"image":{"@id":"https:\/\/astrologelvan.com\/magaza\/urun\/2026-yilbasi-ozel-madagaskar-pembe-kuvars-faset-dizi-kolye\/#primaryimage"},"thumbnailUrl":"https:\/\/astrologelvan.com\/magaza\/wp-content\/uploads\/2025\/12\/Pembe-kuvars-scaled.webp","datePublished":"2025-12-18T15:36:25+00:00","dateModified":"2025-12-18T15:36:26+00:00","breadcrumb":{"@id":"https:\/\/astrologelvan.com\/magaza\/urun\/2026-yilbasi-ozel-madagaskar-pembe-kuvars-faset-dizi-kolye\/#breadcrumb"},"inLanguage":"tr","potentialAction":[{"@type":"ReadAction","target":["https:\/\/astrologelvan.com\/magaza\/urun\/2026-yilbasi-ozel-madagaskar-pembe-kuvars-faset-dizi-kolye\/"]}]},{"@type":"ImageObject","inLanguage":"tr","@id":"https:\/\/astrologelvan.com\/magaza\/urun\/2026-yilbasi-ozel-madagaskar-pembe-kuvars-faset-dizi-kolye\/#primaryimage","url":"https:\/\/astrologelvan.com\/magaza\/wp-content\/uploads\/2025\/12\/Pembe-kuvars-scaled.webp","contentUrl":"https:\/\/astrologelvan.com\/magaza\/wp-content\/uploads\/2025\/12\/Pembe-kuvars-scaled.webp","width":1920,"height":2560},{"@type":"BreadcrumbList","@id":"https:\/\/astrologelvan.com\/magaza\/urun\/2026-yilbasi-ozel-madagaskar-pembe-kuvars-faset-dizi-kolye\/#breadcrumb","itemListElement":[{"@type":"ListItem","position":1,"name":"Anasayfa","item":"https:\/\/astrologelvan.com\/magaza\/"},{"@type":"ListItem","position":2,"name":"Ma\u011faza","item":"https:\/\/astrologelvan.com\/magaza\/magaza\/"},{"@type":"ListItem","position":3,"name":"2026 Y\u0131lba\u015f\u0131 \u00d6zel &#8211; Madagaskar Pembe Kuvars (Faset) Dizi Kolye"}]},{"@type":"WebSite","@id":"https:\/\/astrologelvan.com\/magaza\/#website","url":"https:\/\/astrologelvan.com\/magaza\/","name":"Astrolog Elvan","description":"","potentialAction":[{"@type":"SearchAction","target":{"@type":"EntryPoint","urlTemplate":"https:\/\/astrologelvan.com\/magaza\/?s={search_term_string}"},"query-input":{"@type":"PropertyValueSpecification","valueRequired":true,"valueName":"search_term_string"}}],"inLanguage":"tr"}]}},"_links":{"self":[{"href":"https:\/\/astrologelvan.com\/magaza\/wp-json\/wp\/v2\/product\/138657","targetHints":{"allow":["GET"]}}],"collection":[{"href":"https:\/\/astrologelvan.com\/magaza\/wp-json\/wp\/v2\/product"}],"about":[{"href":"https:\/\/astrologelvan.com\/magaza\/wp-json\/wp\/v2\/types\/product"}],"replies":[{"embeddable":true,"href":"https:\/\/astrologelvan.com\/magaza\/wp-json\/wp\/v2\/comments?post=138657"}],"wp:featuredmedia":[{"embeddable":true,"href":"https:\/\/astrologelvan.com\/magaza\/wp-json\/wp\/v2\/media\/138659"}],"wp:attachment":[{"href":"https:\/\/astrologelvan.com\/magaza\/wp-json\/wp\/v2\/media?parent=138657"}],"wp:term":[{"taxonomy":"product_brand","embeddable":true,"href":"https:\/\/astrologelvan.com\/magaza\/wp-json\/wp\/v2\/product_brand?post=138657"},{"taxonomy":"product_cat","embeddable":true,"href":"https:\/\/astrologelvan.com\/magaza\/wp-json\/wp\/v2\/product_cat?post=138657"},{"taxonomy":"product_tag","embeddable":true,"href":"https:\/\/astrologelvan.com\/magaza\/wp-json\/wp\/v2\/product_tag?post=138657"}],"curies":[{"name":"wp","href":"https:\/\/api.w.org\/{rel}","templated":true}]}}