{"id":13857,"date":"2024-07-18T11:26:04","date_gmt":"2024-07-18T08:26:04","guid":{"rendered":"https:\/\/astrologelvan.com\/magaza\/?post_type=product&#038;p=13857"},"modified":"2026-01-05T00:12:22","modified_gmt":"2026-01-04T21:12:22","slug":"rutil-kuvars-bileklik","status":"publish","type":"product","link":"https:\/\/astrologelvan.com\/magaza\/urun\/rutil-kuvars-bileklik\/","title":{"rendered":"RUT\u0130L KUVARS B\u0130LEKL\u0130K"},"content":{"rendered":"<p><strong>\u00dcr\u00fcn \u00d6zellikleri:<\/strong><\/p>\n<p>Bilekli\u011fin A\u011f\u0131rl\u0131\u011f\u0131: 14,5 Gram<\/p>\n<p class=\"s7\"><span class=\"s3\"><span class=\"bumpedFont15\">Ta\u015flar\u0131n yakla\u015f\u0131k \u00f6l\u00e7\u00fcs\u00fc: 8<\/span><\/span><span class=\"s3\"><span class=\"bumpedFont15\">\u00a0<\/span><\/span><span class=\"s3\"><span class=\"bumpedFont15\">mm<\/span><\/span><\/p>\n","protected":false},"excerpt":{"rendered":"<p>Spirit\u00fcel etkileri ile \u00f6ne \u00e7\u0131kan ta\u015f, d\u00fc\u015f\u00fcncelere netlik kazand\u0131r\u0131r; yarat\u0131c\u0131l\u0131\u011f\u0131 artt\u0131r\u0131r ve ruhani rehberlerle olan ba\u011flar\u0131 g\u00fc\u00e7lendirir.<br \/>\nPozitif d\u00fc\u015f\u00fcnceleri hayat\u0131n\u0131za \u00e7ekmenize yard\u0131m eder. Etkili bir tezah\u00fcr ta\u015f\u0131d\u0131r.<br \/>\nAuray\u0131 negatif enerjilerden temizler. Telepatik ve psi\u015fik yetenekleri g\u00fc\u00e7lendirir.<br \/>\nNegatif enerjiyi uzakla\u015ft\u0131rmas\u0131ndaki ustal\u0131\u011f\u0131, stres, anksiyete ve depresyonla sava\u015fmaya yard\u0131mc\u0131 olur.<br \/>\nRuh, beden ve zihnin dengelenmesine yard\u0131m eder. Ki\u015finin hayat\u0131na d\u00fczen getirir.<\/p>\n","protected":false},"featured_media":13859,"comment_status":"open","ping_status":"closed","template":"","meta":[],"product_brand":[],"product_cat":[258,259,26],"product_tag":[],"class_list":{"0":"post-13857","1":"product","2":"type-product","3":"status-publish","4":"has-post-thumbnail","6":"product_cat-bileklik","7":"product_cat-bileklikler","8":"product_cat-genel","10":"first","11":"outofstock","12":"taxable","13":"shipping-taxable","14":"purchasable","15":"product-type-simple"},"yoast_head":"<!-- This site is optimized with the Yoast SEO plugin v27.3 - https:\/\/yoast.com\/product\/yoast-seo-wordpress\/ -->\n<title>RUT\u0130L KUVARS B\u0130LEKL\u0130K - Astrolog Elvan<\/title>\n<meta name=\"robots\" content=\"index, follow, max-snippet:-1, max-image-preview:large, max-video-preview:-1\" \/>\n<link rel=\"canonical\" href=\"https:\/\/astrologelvan.com\/magaza\/urun\/rutil-kuvars-bileklik\/\" \/>\n<meta property=\"og:locale\" content=\"tr_TR\" \/>\n<meta property=\"og:type\" content=\"article\" \/>\n<meta property=\"og:title\" content=\"RUT\u0130L KUVARS B\u0130LEKL\u0130K - Astrolog Elvan\" \/>\n<meta property=\"og:description\" content=\"Spirit\u00fcel etkileri ile \u00f6ne \u00e7\u0131kan ta\u015f, d\u00fc\u015f\u00fcncelere netlik kazand\u0131r\u0131r; yarat\u0131c\u0131l\u0131\u011f\u0131 artt\u0131r\u0131r ve ruhani rehberlerle olan ba\u011flar\u0131 g\u00fc\u00e7lendirir. Pozitif d\u00fc\u015f\u00fcnceleri hayat\u0131n\u0131za \u00e7ekmenize yard\u0131m eder. Etkili bir tezah\u00fcr ta\u015f\u0131d\u0131r. Auray\u0131 negatif enerjilerden temizler. Telepatik ve psi\u015fik yetenekleri g\u00fc\u00e7lendirir. Negatif enerjiyi uzakla\u015ft\u0131rmas\u0131ndaki ustal\u0131\u011f\u0131, stres, anksiyete ve depresyonla sava\u015fmaya yard\u0131mc\u0131 olur. Ruh, beden ve zihnin dengelenmesine yard\u0131m eder. Ki\u015finin hayat\u0131na d\u00fczen getirir.\" \/>\n<meta property=\"og:url\" content=\"https:\/\/astrologelvan.com\/magaza\/urun\/rutil-kuvars-bileklik\/\" \/>\n<meta property=\"og:site_name\" content=\"Astrolog Elvan\" \/>\n<meta property=\"article:modified_time\" content=\"2026-01-04T21:12:22+00:00\" \/>\n<meta property=\"og:image\" content=\"https:\/\/astrologelvan.com\/magaza\/wp-content\/uploads\/2024\/07\/1-13.jpg\" \/>\n\t<meta property=\"og:image:width\" content=\"1600\" \/>\n\t<meta property=\"og:image:height\" content=\"1600\" \/>\n\t<meta property=\"og:image:type\" content=\"image\/jpeg\" \/>\n<meta name=\"twitter:card\" content=\"summary_large_image\" \/>\n<meta name=\"twitter:label1\" content=\"Tahmini okuma s\u00fcresi\" \/>\n\t<meta name=\"twitter:data1\" content=\"1 dakika\" \/>\n<script type=\"application\/ld+json\" class=\"yoast-schema-graph\">{\"@context\":\"https:\\\/\\\/schema.org\",\"@graph\":[{\"@type\":[\"WebPage\",\"ItemPage\"],\"@id\":\"https:\\\/\\\/astrologelvan.com\\\/magaza\\\/urun\\\/rutil-kuvars-bileklik\\\/\",\"url\":\"https:\\\/\\\/astrologelvan.com\\\/magaza\\\/urun\\\/rutil-kuvars-bileklik\\\/\",\"name\":\"RUT\u0130L KUVARS B\u0130LEKL\u0130K - Astrolog Elvan\",\"isPartOf\":{\"@id\":\"https:\\\/\\\/astrologelvan.com\\\/magaza\\\/#website\"},\"primaryImageOfPage\":{\"@id\":\"https:\\\/\\\/astrologelvan.com\\\/magaza\\\/urun\\\/rutil-kuvars-bileklik\\\/#primaryimage\"},\"image\":{\"@id\":\"https:\\\/\\\/astrologelvan.com\\\/magaza\\\/urun\\\/rutil-kuvars-bileklik\\\/#primaryimage\"},\"thumbnailUrl\":\"https:\\\/\\\/astrologelvan.com\\\/magaza\\\/wp-content\\\/uploads\\\/2024\\\/07\\\/1-13.jpg\",\"datePublished\":\"2024-07-18T08:26:04+00:00\",\"dateModified\":\"2026-01-04T21:12:22+00:00\",\"breadcrumb\":{\"@id\":\"https:\\\/\\\/astrologelvan.com\\\/magaza\\\/urun\\\/rutil-kuvars-bileklik\\\/#breadcrumb\"},\"inLanguage\":\"tr\",\"potentialAction\":[{\"@type\":\"ReadAction\",\"target\":[\"https:\\\/\\\/astrologelvan.com\\\/magaza\\\/urun\\\/rutil-kuvars-bileklik\\\/\"]}]},{\"@type\":\"ImageObject\",\"inLanguage\":\"tr\",\"@id\":\"https:\\\/\\\/astrologelvan.com\\\/magaza\\\/urun\\\/rutil-kuvars-bileklik\\\/#primaryimage\",\"url\":\"https:\\\/\\\/astrologelvan.com\\\/magaza\\\/wp-content\\\/uploads\\\/2024\\\/07\\\/1-13.jpg\",\"contentUrl\":\"https:\\\/\\\/astrologelvan.com\\\/magaza\\\/wp-content\\\/uploads\\\/2024\\\/07\\\/1-13.jpg\",\"width\":1600,\"height\":1600},{\"@type\":\"BreadcrumbList\",\"@id\":\"https:\\\/\\\/astrologelvan.com\\\/magaza\\\/urun\\\/rutil-kuvars-bileklik\\\/#breadcrumb\",\"itemListElement\":[{\"@type\":\"ListItem\",\"position\":1,\"name\":\"Anasayfa\",\"item\":\"https:\\\/\\\/astrologelvan.com\\\/magaza\\\/\"},{\"@type\":\"ListItem\",\"position\":2,\"name\":\"Ma\u011faza\",\"item\":\"https:\\\/\\\/astrologelvan.com\\\/magaza\\\/magaza\\\/\"},{\"@type\":\"ListItem\",\"position\":3,\"name\":\"RUT\u0130L KUVARS B\u0130LEKL\u0130K\"}]},{\"@type\":\"WebSite\",\"@id\":\"https:\\\/\\\/astrologelvan.com\\\/magaza\\\/#website\",\"url\":\"https:\\\/\\\/astrologelvan.com\\\/magaza\\\/\",\"name\":\"Astrolog Elvan\",\"description\":\"\",\"potentialAction\":[{\"@type\":\"SearchAction\",\"target\":{\"@type\":\"EntryPoint\",\"urlTemplate\":\"https:\\\/\\\/astrologelvan.com\\\/magaza\\\/?s={search_term_string}\"},\"query-input\":{\"@type\":\"PropertyValueSpecification\",\"valueRequired\":true,\"valueName\":\"search_term_string\"}}],\"inLanguage\":\"tr\"}]}<\/script>\n<!-- \/ Yoast SEO plugin. -->","yoast_head_json":{"title":"RUT\u0130L KUVARS B\u0130LEKL\u0130K - Astrolog Elvan","robots":{"index":"index","follow":"follow","max-snippet":"max-snippet:-1","max-image-preview":"max-image-preview:large","max-video-preview":"max-video-preview:-1"},"canonical":"https:\/\/astrologelvan.com\/magaza\/urun\/rutil-kuvars-bileklik\/","og_locale":"tr_TR","og_type":"article","og_title":"RUT\u0130L KUVARS B\u0130LEKL\u0130K - Astrolog Elvan","og_description":"Spirit\u00fcel etkileri ile \u00f6ne \u00e7\u0131kan ta\u015f, d\u00fc\u015f\u00fcncelere netlik kazand\u0131r\u0131r; yarat\u0131c\u0131l\u0131\u011f\u0131 artt\u0131r\u0131r ve ruhani rehberlerle olan ba\u011flar\u0131 g\u00fc\u00e7lendirir. Pozitif d\u00fc\u015f\u00fcnceleri hayat\u0131n\u0131za \u00e7ekmenize yard\u0131m eder. Etkili bir tezah\u00fcr ta\u015f\u0131d\u0131r. Auray\u0131 negatif enerjilerden temizler. Telepatik ve psi\u015fik yetenekleri g\u00fc\u00e7lendirir. Negatif enerjiyi uzakla\u015ft\u0131rmas\u0131ndaki ustal\u0131\u011f\u0131, stres, anksiyete ve depresyonla sava\u015fmaya yard\u0131mc\u0131 olur. Ruh, beden ve zihnin dengelenmesine yard\u0131m eder. Ki\u015finin hayat\u0131na d\u00fczen getirir.","og_url":"https:\/\/astrologelvan.com\/magaza\/urun\/rutil-kuvars-bileklik\/","og_site_name":"Astrolog Elvan","article_modified_time":"2026-01-04T21:12:22+00:00","og_image":[{"width":1600,"height":1600,"url":"https:\/\/astrologelvan.com\/magaza\/wp-content\/uploads\/2024\/07\/1-13.jpg","type":"image\/jpeg"}],"twitter_card":"summary_large_image","twitter_misc":{"Tahmini okuma s\u00fcresi":"1 dakika"},"schema":{"@context":"https:\/\/schema.org","@graph":[{"@type":["WebPage","ItemPage"],"@id":"https:\/\/astrologelvan.com\/magaza\/urun\/rutil-kuvars-bileklik\/","url":"https:\/\/astrologelvan.com\/magaza\/urun\/rutil-kuvars-bileklik\/","name":"RUT\u0130L KUVARS B\u0130LEKL\u0130K - Astrolog Elvan","isPartOf":{"@id":"https:\/\/astrologelvan.com\/magaza\/#website"},"primaryImageOfPage":{"@id":"https:\/\/astrologelvan.com\/magaza\/urun\/rutil-kuvars-bileklik\/#primaryimage"},"image":{"@id":"https:\/\/astrologelvan.com\/magaza\/urun\/rutil-kuvars-bileklik\/#primaryimage"},"thumbnailUrl":"https:\/\/astrologelvan.com\/magaza\/wp-content\/uploads\/2024\/07\/1-13.jpg","datePublished":"2024-07-18T08:26:04+00:00","dateModified":"2026-01-04T21:12:22+00:00","breadcrumb":{"@id":"https:\/\/astrologelvan.com\/magaza\/urun\/rutil-kuvars-bileklik\/#breadcrumb"},"inLanguage":"tr","potentialAction":[{"@type":"ReadAction","target":["https:\/\/astrologelvan.com\/magaza\/urun\/rutil-kuvars-bileklik\/"]}]},{"@type":"ImageObject","inLanguage":"tr","@id":"https:\/\/astrologelvan.com\/magaza\/urun\/rutil-kuvars-bileklik\/#primaryimage","url":"https:\/\/astrologelvan.com\/magaza\/wp-content\/uploads\/2024\/07\/1-13.jpg","contentUrl":"https:\/\/astrologelvan.com\/magaza\/wp-content\/uploads\/2024\/07\/1-13.jpg","width":1600,"height":1600},{"@type":"BreadcrumbList","@id":"https:\/\/astrologelvan.com\/magaza\/urun\/rutil-kuvars-bileklik\/#breadcrumb","itemListElement":[{"@type":"ListItem","position":1,"name":"Anasayfa","item":"https:\/\/astrologelvan.com\/magaza\/"},{"@type":"ListItem","position":2,"name":"Ma\u011faza","item":"https:\/\/astrologelvan.com\/magaza\/magaza\/"},{"@type":"ListItem","position":3,"name":"RUT\u0130L KUVARS B\u0130LEKL\u0130K"}]},{"@type":"WebSite","@id":"https:\/\/astrologelvan.com\/magaza\/#website","url":"https:\/\/astrologelvan.com\/magaza\/","name":"Astrolog Elvan","description":"","potentialAction":[{"@type":"SearchAction","target":{"@type":"EntryPoint","urlTemplate":"https:\/\/astrologelvan.com\/magaza\/?s={search_term_string}"},"query-input":{"@type":"PropertyValueSpecification","valueRequired":true,"valueName":"search_term_string"}}],"inLanguage":"tr"}]}},"_links":{"self":[{"href":"https:\/\/astrologelvan.com\/magaza\/wp-json\/wp\/v2\/product\/13857","targetHints":{"allow":["GET"]}}],"collection":[{"href":"https:\/\/astrologelvan.com\/magaza\/wp-json\/wp\/v2\/product"}],"about":[{"href":"https:\/\/astrologelvan.com\/magaza\/wp-json\/wp\/v2\/types\/product"}],"replies":[{"embeddable":true,"href":"https:\/\/astrologelvan.com\/magaza\/wp-json\/wp\/v2\/comments?post=13857"}],"wp:featuredmedia":[{"embeddable":true,"href":"https:\/\/astrologelvan.com\/magaza\/wp-json\/wp\/v2\/media\/13859"}],"wp:attachment":[{"href":"https:\/\/astrologelvan.com\/magaza\/wp-json\/wp\/v2\/media?parent=13857"}],"wp:term":[{"taxonomy":"product_brand","embeddable":true,"href":"https:\/\/astrologelvan.com\/magaza\/wp-json\/wp\/v2\/product_brand?post=13857"},{"taxonomy":"product_cat","embeddable":true,"href":"https:\/\/astrologelvan.com\/magaza\/wp-json\/wp\/v2\/product_cat?post=13857"},{"taxonomy":"product_tag","embeddable":true,"href":"https:\/\/astrologelvan.com\/magaza\/wp-json\/wp\/v2\/product_tag?post=13857"}],"curies":[{"name":"wp","href":"https:\/\/api.w.org\/{rel}","templated":true}]}}