{"id":13789,"date":"2024-07-17T16:37:29","date_gmt":"2024-07-17T13:37:29","guid":{"rendered":"https:\/\/astrologelvan.com\/magaza\/?post_type=product&#038;p=13789"},"modified":"2025-10-06T08:15:18","modified_gmt":"2025-10-06T05:15:18","slug":"faset-kesim-amazonit-bileklik","status":"publish","type":"product","link":"https:\/\/astrologelvan.com\/magaza\/urun\/faset-kesim-amazonit-bileklik\/","title":{"rendered":"FASET KES\u0130M AMAZON\u0130T B\u0130LEKL\u0130K"},"content":{"rendered":"<p><strong>\u00dcr\u00fcn \u00d6zellikleri:<\/strong><\/p>\n<p>Bilekli\u011fin A\u011f\u0131rl\u0131\u011f\u0131: 9,1 Gram<\/p>\n<p class=\"s7\"><span class=\"s3\"><span class=\"bumpedFont15\">Ta\u015flar\u0131n yakla\u015f\u0131k \u00f6l\u00e7\u00fcs\u00fc: 6<\/span><\/span><span class=\"s3\"><span class=\"bumpedFont15\">\u00a0<\/span><\/span><span class=\"s3\"><span class=\"bumpedFont15\">mm<\/span><\/span><\/p>\n","protected":false},"excerpt":{"rendered":"<p>Amazonit ta\u015f\u0131, eril &amp; di\u015fi enerjiyi dengelemek i\u00e7in kullan\u0131l\u0131r. Hayatta \u00e7o\u011fu zaman bu dengemiz \u015fa\u015ft\u0131\u011f\u0131 i\u00e7in ili\u015fkilerde problem ya\u015far\u0131z. \u00d6zellikle \u015fehirde ya\u015fayanlar\u0131n kullanmas\u0131n\u0131 tavsiye ederiz. \u00c7\u00fcnk\u00fc hayat ko\u015fullar\u0131 sebebiyle \u00e7o\u011fu kad\u0131n ve erkek, eril enerjisini fazlas\u0131yla kullan\u0131yor ve i\u00e7indeki di\u015fi ile ileti\u015fime ge\u00e7emiyor. Kalp ve bo\u011faz \u00e7akralar\u0131n\u0131 \u015fifaland\u0131rmak i\u00e7in bu ta\u015ftan faydalanabilirsiniz.<\/p>\n","protected":false},"featured_media":13790,"comment_status":"open","ping_status":"closed","template":"","meta":[],"product_brand":[],"product_cat":[160,258,259,508,26],"product_tag":[],"class_list":{"0":"post-13789","1":"product","2":"type-product","3":"status-publish","4":"has-post-thumbnail","6":"product_cat-amazonit-tasi","7":"product_cat-bileklik","8":"product_cat-bileklikler","9":"product_cat-erkek-bileklikler","10":"product_cat-genel","12":"first","13":"outofstock","14":"taxable","15":"shipping-taxable","16":"purchasable","17":"product-type-simple"},"yoast_head":"<!-- This site is optimized with the Yoast SEO plugin v27.3 - https:\/\/yoast.com\/product\/yoast-seo-wordpress\/ -->\n<title>FASET KES\u0130M AMAZON\u0130T B\u0130LEKL\u0130K - Astrolog Elvan<\/title>\n<meta name=\"robots\" content=\"index, follow, max-snippet:-1, max-image-preview:large, max-video-preview:-1\" \/>\n<link rel=\"canonical\" href=\"https:\/\/astrologelvan.com\/magaza\/urun\/faset-kesim-amazonit-bileklik\/\" \/>\n<meta property=\"og:locale\" content=\"tr_TR\" \/>\n<meta property=\"og:type\" content=\"article\" \/>\n<meta property=\"og:title\" content=\"FASET KES\u0130M AMAZON\u0130T B\u0130LEKL\u0130K - Astrolog Elvan\" \/>\n<meta property=\"og:description\" content=\"Amazonit ta\u015f\u0131, eril &amp; di\u015fi enerjiyi dengelemek i\u00e7in kullan\u0131l\u0131r. Hayatta \u00e7o\u011fu zaman bu dengemiz \u015fa\u015ft\u0131\u011f\u0131 i\u00e7in ili\u015fkilerde problem ya\u015far\u0131z. \u00d6zellikle \u015fehirde ya\u015fayanlar\u0131n kullanmas\u0131n\u0131 tavsiye ederiz. \u00c7\u00fcnk\u00fc hayat ko\u015fullar\u0131 sebebiyle \u00e7o\u011fu kad\u0131n ve erkek, eril enerjisini fazlas\u0131yla kullan\u0131yor ve i\u00e7indeki di\u015fi ile ileti\u015fime ge\u00e7emiyor. Kalp ve bo\u011faz \u00e7akralar\u0131n\u0131 \u015fifaland\u0131rmak i\u00e7in bu ta\u015ftan faydalanabilirsiniz.\" \/>\n<meta property=\"og:url\" content=\"https:\/\/astrologelvan.com\/magaza\/urun\/faset-kesim-amazonit-bileklik\/\" \/>\n<meta property=\"og:site_name\" content=\"Astrolog Elvan\" \/>\n<meta property=\"article:modified_time\" content=\"2025-10-06T05:15:18+00:00\" \/>\n<meta property=\"og:image\" content=\"https:\/\/astrologelvan.com\/magaza\/wp-content\/uploads\/2024\/07\/1-9.jpg\" \/>\n\t<meta property=\"og:image:width\" content=\"1600\" \/>\n\t<meta property=\"og:image:height\" content=\"1600\" \/>\n\t<meta property=\"og:image:type\" content=\"image\/jpeg\" \/>\n<meta name=\"twitter:card\" content=\"summary_large_image\" \/>\n<meta name=\"twitter:label1\" content=\"Tahmini okuma s\u00fcresi\" \/>\n\t<meta name=\"twitter:data1\" content=\"1 dakika\" \/>\n<script type=\"application\/ld+json\" class=\"yoast-schema-graph\">{\"@context\":\"https:\\\/\\\/schema.org\",\"@graph\":[{\"@type\":[\"WebPage\",\"ItemPage\"],\"@id\":\"https:\\\/\\\/astrologelvan.com\\\/magaza\\\/urun\\\/faset-kesim-amazonit-bileklik\\\/\",\"url\":\"https:\\\/\\\/astrologelvan.com\\\/magaza\\\/urun\\\/faset-kesim-amazonit-bileklik\\\/\",\"name\":\"FASET KES\u0130M AMAZON\u0130T B\u0130LEKL\u0130K - Astrolog Elvan\",\"isPartOf\":{\"@id\":\"https:\\\/\\\/astrologelvan.com\\\/magaza\\\/#website\"},\"primaryImageOfPage\":{\"@id\":\"https:\\\/\\\/astrologelvan.com\\\/magaza\\\/urun\\\/faset-kesim-amazonit-bileklik\\\/#primaryimage\"},\"image\":{\"@id\":\"https:\\\/\\\/astrologelvan.com\\\/magaza\\\/urun\\\/faset-kesim-amazonit-bileklik\\\/#primaryimage\"},\"thumbnailUrl\":\"https:\\\/\\\/astrologelvan.com\\\/magaza\\\/wp-content\\\/uploads\\\/2024\\\/07\\\/1-9.jpg\",\"datePublished\":\"2024-07-17T13:37:29+00:00\",\"dateModified\":\"2025-10-06T05:15:18+00:00\",\"breadcrumb\":{\"@id\":\"https:\\\/\\\/astrologelvan.com\\\/magaza\\\/urun\\\/faset-kesim-amazonit-bileklik\\\/#breadcrumb\"},\"inLanguage\":\"tr\",\"potentialAction\":[{\"@type\":\"ReadAction\",\"target\":[\"https:\\\/\\\/astrologelvan.com\\\/magaza\\\/urun\\\/faset-kesim-amazonit-bileklik\\\/\"]}]},{\"@type\":\"ImageObject\",\"inLanguage\":\"tr\",\"@id\":\"https:\\\/\\\/astrologelvan.com\\\/magaza\\\/urun\\\/faset-kesim-amazonit-bileklik\\\/#primaryimage\",\"url\":\"https:\\\/\\\/astrologelvan.com\\\/magaza\\\/wp-content\\\/uploads\\\/2024\\\/07\\\/1-9.jpg\",\"contentUrl\":\"https:\\\/\\\/astrologelvan.com\\\/magaza\\\/wp-content\\\/uploads\\\/2024\\\/07\\\/1-9.jpg\",\"width\":1600,\"height\":1600},{\"@type\":\"BreadcrumbList\",\"@id\":\"https:\\\/\\\/astrologelvan.com\\\/magaza\\\/urun\\\/faset-kesim-amazonit-bileklik\\\/#breadcrumb\",\"itemListElement\":[{\"@type\":\"ListItem\",\"position\":1,\"name\":\"Anasayfa\",\"item\":\"https:\\\/\\\/astrologelvan.com\\\/magaza\\\/\"},{\"@type\":\"ListItem\",\"position\":2,\"name\":\"Ma\u011faza\",\"item\":\"https:\\\/\\\/astrologelvan.com\\\/magaza\\\/magaza\\\/\"},{\"@type\":\"ListItem\",\"position\":3,\"name\":\"FASET KES\u0130M AMAZON\u0130T B\u0130LEKL\u0130K\"}]},{\"@type\":\"WebSite\",\"@id\":\"https:\\\/\\\/astrologelvan.com\\\/magaza\\\/#website\",\"url\":\"https:\\\/\\\/astrologelvan.com\\\/magaza\\\/\",\"name\":\"Astrolog Elvan\",\"description\":\"\",\"potentialAction\":[{\"@type\":\"SearchAction\",\"target\":{\"@type\":\"EntryPoint\",\"urlTemplate\":\"https:\\\/\\\/astrologelvan.com\\\/magaza\\\/?s={search_term_string}\"},\"query-input\":{\"@type\":\"PropertyValueSpecification\",\"valueRequired\":true,\"valueName\":\"search_term_string\"}}],\"inLanguage\":\"tr\"}]}<\/script>\n<!-- \/ Yoast SEO plugin. -->","yoast_head_json":{"title":"FASET KES\u0130M AMAZON\u0130T B\u0130LEKL\u0130K - Astrolog Elvan","robots":{"index":"index","follow":"follow","max-snippet":"max-snippet:-1","max-image-preview":"max-image-preview:large","max-video-preview":"max-video-preview:-1"},"canonical":"https:\/\/astrologelvan.com\/magaza\/urun\/faset-kesim-amazonit-bileklik\/","og_locale":"tr_TR","og_type":"article","og_title":"FASET KES\u0130M AMAZON\u0130T B\u0130LEKL\u0130K - Astrolog Elvan","og_description":"Amazonit ta\u015f\u0131, eril &amp; di\u015fi enerjiyi dengelemek i\u00e7in kullan\u0131l\u0131r. Hayatta \u00e7o\u011fu zaman bu dengemiz \u015fa\u015ft\u0131\u011f\u0131 i\u00e7in ili\u015fkilerde problem ya\u015far\u0131z. \u00d6zellikle \u015fehirde ya\u015fayanlar\u0131n kullanmas\u0131n\u0131 tavsiye ederiz. \u00c7\u00fcnk\u00fc hayat ko\u015fullar\u0131 sebebiyle \u00e7o\u011fu kad\u0131n ve erkek, eril enerjisini fazlas\u0131yla kullan\u0131yor ve i\u00e7indeki di\u015fi ile ileti\u015fime ge\u00e7emiyor. Kalp ve bo\u011faz \u00e7akralar\u0131n\u0131 \u015fifaland\u0131rmak i\u00e7in bu ta\u015ftan faydalanabilirsiniz.","og_url":"https:\/\/astrologelvan.com\/magaza\/urun\/faset-kesim-amazonit-bileklik\/","og_site_name":"Astrolog Elvan","article_modified_time":"2025-10-06T05:15:18+00:00","og_image":[{"width":1600,"height":1600,"url":"https:\/\/astrologelvan.com\/magaza\/wp-content\/uploads\/2024\/07\/1-9.jpg","type":"image\/jpeg"}],"twitter_card":"summary_large_image","twitter_misc":{"Tahmini okuma s\u00fcresi":"1 dakika"},"schema":{"@context":"https:\/\/schema.org","@graph":[{"@type":["WebPage","ItemPage"],"@id":"https:\/\/astrologelvan.com\/magaza\/urun\/faset-kesim-amazonit-bileklik\/","url":"https:\/\/astrologelvan.com\/magaza\/urun\/faset-kesim-amazonit-bileklik\/","name":"FASET KES\u0130M AMAZON\u0130T B\u0130LEKL\u0130K - Astrolog Elvan","isPartOf":{"@id":"https:\/\/astrologelvan.com\/magaza\/#website"},"primaryImageOfPage":{"@id":"https:\/\/astrologelvan.com\/magaza\/urun\/faset-kesim-amazonit-bileklik\/#primaryimage"},"image":{"@id":"https:\/\/astrologelvan.com\/magaza\/urun\/faset-kesim-amazonit-bileklik\/#primaryimage"},"thumbnailUrl":"https:\/\/astrologelvan.com\/magaza\/wp-content\/uploads\/2024\/07\/1-9.jpg","datePublished":"2024-07-17T13:37:29+00:00","dateModified":"2025-10-06T05:15:18+00:00","breadcrumb":{"@id":"https:\/\/astrologelvan.com\/magaza\/urun\/faset-kesim-amazonit-bileklik\/#breadcrumb"},"inLanguage":"tr","potentialAction":[{"@type":"ReadAction","target":["https:\/\/astrologelvan.com\/magaza\/urun\/faset-kesim-amazonit-bileklik\/"]}]},{"@type":"ImageObject","inLanguage":"tr","@id":"https:\/\/astrologelvan.com\/magaza\/urun\/faset-kesim-amazonit-bileklik\/#primaryimage","url":"https:\/\/astrologelvan.com\/magaza\/wp-content\/uploads\/2024\/07\/1-9.jpg","contentUrl":"https:\/\/astrologelvan.com\/magaza\/wp-content\/uploads\/2024\/07\/1-9.jpg","width":1600,"height":1600},{"@type":"BreadcrumbList","@id":"https:\/\/astrologelvan.com\/magaza\/urun\/faset-kesim-amazonit-bileklik\/#breadcrumb","itemListElement":[{"@type":"ListItem","position":1,"name":"Anasayfa","item":"https:\/\/astrologelvan.com\/magaza\/"},{"@type":"ListItem","position":2,"name":"Ma\u011faza","item":"https:\/\/astrologelvan.com\/magaza\/magaza\/"},{"@type":"ListItem","position":3,"name":"FASET KES\u0130M AMAZON\u0130T B\u0130LEKL\u0130K"}]},{"@type":"WebSite","@id":"https:\/\/astrologelvan.com\/magaza\/#website","url":"https:\/\/astrologelvan.com\/magaza\/","name":"Astrolog Elvan","description":"","potentialAction":[{"@type":"SearchAction","target":{"@type":"EntryPoint","urlTemplate":"https:\/\/astrologelvan.com\/magaza\/?s={search_term_string}"},"query-input":{"@type":"PropertyValueSpecification","valueRequired":true,"valueName":"search_term_string"}}],"inLanguage":"tr"}]}},"_links":{"self":[{"href":"https:\/\/astrologelvan.com\/magaza\/wp-json\/wp\/v2\/product\/13789","targetHints":{"allow":["GET"]}}],"collection":[{"href":"https:\/\/astrologelvan.com\/magaza\/wp-json\/wp\/v2\/product"}],"about":[{"href":"https:\/\/astrologelvan.com\/magaza\/wp-json\/wp\/v2\/types\/product"}],"replies":[{"embeddable":true,"href":"https:\/\/astrologelvan.com\/magaza\/wp-json\/wp\/v2\/comments?post=13789"}],"wp:featuredmedia":[{"embeddable":true,"href":"https:\/\/astrologelvan.com\/magaza\/wp-json\/wp\/v2\/media\/13790"}],"wp:attachment":[{"href":"https:\/\/astrologelvan.com\/magaza\/wp-json\/wp\/v2\/media?parent=13789"}],"wp:term":[{"taxonomy":"product_brand","embeddable":true,"href":"https:\/\/astrologelvan.com\/magaza\/wp-json\/wp\/v2\/product_brand?post=13789"},{"taxonomy":"product_cat","embeddable":true,"href":"https:\/\/astrologelvan.com\/magaza\/wp-json\/wp\/v2\/product_cat?post=13789"},{"taxonomy":"product_tag","embeddable":true,"href":"https:\/\/astrologelvan.com\/magaza\/wp-json\/wp\/v2\/product_tag?post=13789"}],"curies":[{"name":"wp","href":"https:\/\/api.w.org\/{rel}","templated":true}]}}