{"id":137829,"date":"2025-12-16T14:37:49","date_gmt":"2025-12-16T11:37:49","guid":{"rendered":"https:\/\/astrologelvan.com\/magaza\/?post_type=product&#038;p=137829"},"modified":"2026-03-22T18:02:21","modified_gmt":"2026-03-22T15:02:21","slug":"2026-yilini-yarat-manifest-atolyesi","status":"publish","type":"product","link":"https:\/\/astrologelvan.com\/magaza\/urun\/2026-yilini-yarat-manifest-atolyesi\/","title":{"rendered":"2026 Y\u0131l\u0131n\u0131 Yarat \u00b7 Manifest At\u00f6lyesi"},"content":{"rendered":"","protected":false},"excerpt":{"rendered":"<p>Astrolog Elvan\u2019\u0131n beklenen at\u00f6lyesi geldi! <u>Bu at\u00f6lye y\u0131lda sadece bir kez yap\u0131l\u0131r.<\/u> \u00c7\u00fcnk\u00fc baz\u0131 niyetler, \u00f6zel zamanlarda ekilir.<\/p>\n<p>Bu at\u00f6lyede <span style=\"color: #9134b0;\">ThetaHealing<\/span>, <span style=\"color: #9134b0;\">Tarot, Astroloji<\/span>, <span style=\"color: #9134b0;\">JAAS<\/span> ve <span style=\"color: #9134b0;\">ok\u00fcltizm<\/span> ilk defa birlikte kullan\u0131lacak. Ve t\u00fcm spirit\u00fcel \u00f6\u011fretiler seni 2026\u2019da en iyi versiyonuna ta\u015f\u0131yacak.<\/p>\n<p>Ama\u00e7; bir y\u0131l\u0131 dilemek de\u011fil,<br \/>\nonu ba\u015ftan sona niyet alan\u0131na yerle\u015ftirmek.<\/p>\n<p><strong>A\u015fk, para, kariyer, ruhsal yol\u2026<\/strong><br \/>\n<span style=\"color: #9134b0;\"><strong>2026\u2019da hayat\u0131nda ne olsun istiyorsan, bu at\u00f6lyede tohumlar\u0131 at\u0131lacak.<\/strong><\/span><\/p>\n<p><strong>Bu bir dilek \u00e7al\u0131\u015fmas\u0131 de\u011fil.<\/strong><br \/>\n<strong>Bu, bir y\u0131l\u0131 programlama seremonisi.<\/strong><\/p>\n<p>Y\u0131lda bir kez a\u00e7\u0131lan bu kap\u0131dan ge\u00e7enler,<br \/>\n2026\u2019y\u0131 ya\u015famaz.<br \/>\n2026\u2019y\u0131 yarat\u0131r. \u2728<br \/>\n<strong><br \/>\n<div class=\"message-box relative dark\" style=\"padding-top:15px;padding-bottom:15px;\"><div class=\"message-box-bg-image bg-fill fill\" style=\"background-image:url(#hex or http:\/\/imageurl);\"><\/div><div class=\"message-box-bg-overlay bg-fill fill\" ><\/div><div class=\"container relative\"><div class=\"inner last-reset\"> At\u00f6lye 22 Aral\u0131k ak\u015fam\u0131 T\u00fcrkiye saati ile 21:00\u2019da Zoom \u00fczerinden Astrolog Elvan Lapis e\u015fli\u011finde canl\u0131 olarak yap\u0131lacakt\u0131r.<br \/>\n<\/div><\/div><\/div><\/strong><\/p>\n<p>&nbsp;<\/p>\n<p><strong>At\u00f6lye kat\u0131l\u0131m linkleri<\/strong>\u00a0<u>belirtti\u011finiz telefon numaras\u0131na SMS olarak ve belirtti\u011finiz e-mail adresine e-mail olarak g\u00f6nderilecektir. Sipari\u015flerinizi olu\u015ftururken aktif kulland\u0131\u011f\u0131n\u0131z telefon numaran\u0131z\u0131 ve e-mail adresinizi girmelisiniz.\u00a0<\/u>E-mail adresinizi do\u011fru yazd\u0131\u011f\u0131n\u0131za ve e-mail kutunuzun dolu olmad\u0131\u011f\u0131na dikkat ediniz.<\/p>\n<p>At\u00f6lye kay\u0131tlar\u0131 sat\u0131n alan ki\u015filere canl\u0131 yay\u0131n sonras\u0131ndaki g\u00fcnlerde yine ayn\u0131 kanallardan iletilecektir.<br \/>\n<strong>Her at\u00f6lye kayd\u0131 yasal olarak yaln\u0131zca bir ki\u015fi i\u00e7in ge\u00e7erlidir, bir ba\u015fkas\u0131 ile payla\u015f\u0131lamaz.<\/strong><\/p>\n<div class=\"sales-counter\" style=\" margin: 1em 0; padding: 10px; background-color: #fff; border: 1px solid #ddd;\">\u2728 265 Ki\u015fi Yerini Ay\u0131rd\u0131!<\/div>\n","protected":false},"featured_media":137837,"comment_status":"open","ping_status":"closed","template":"","meta":[],"product_brand":[596],"product_cat":[494],"product_tag":[],"class_list":{"0":"post-137829","1":"product","2":"type-product","3":"status-publish","4":"has-post-thumbnail","6":"product_brand-astrolog-elvan","7":"product_cat-atolyeler","9":"first","10":"instock","11":"virtual","12":"taxable","13":"purchasable","14":"product-type-simple"},"yoast_head":"<!-- This site is optimized with the Yoast SEO plugin v27.3 - https:\/\/yoast.com\/product\/yoast-seo-wordpress\/ -->\n<title>2026 Y\u0131l\u0131n\u0131 Yarat \u00b7 Manifest At\u00f6lyesi - Astrolog Elvan<\/title>\n<meta name=\"robots\" content=\"index, follow, max-snippet:-1, max-image-preview:large, max-video-preview:-1\" \/>\n<link rel=\"canonical\" href=\"https:\/\/astrologelvan.com\/magaza\/urun\/2026-yilini-yarat-manifest-atolyesi\/\" \/>\n<meta property=\"og:locale\" content=\"tr_TR\" \/>\n<meta property=\"og:type\" content=\"article\" \/>\n<meta property=\"og:title\" content=\"2026 Y\u0131l\u0131n\u0131 Yarat \u00b7 Manifest At\u00f6lyesi - Astrolog Elvan\" \/>\n<meta property=\"og:description\" content=\"Astrolog Elvan\u2019\u0131n beklenen at\u00f6lyesi geldi! Bu at\u00f6lye y\u0131lda sadece bir kez yap\u0131l\u0131r. \u00c7\u00fcnk\u00fc baz\u0131 niyetler, \u00f6zel zamanlarda ekilir.  Bu at\u00f6lyede ThetaHealing, Tarot, Astroloji, JAAS ve ok\u00fcltizm ilk defa birlikte kullan\u0131lacak. Ve t\u00fcm spirit\u00fcel \u00f6\u011fretiler seni 2026\u2019da en iyi versiyonuna ta\u015f\u0131yacak.  Ama\u00e7; bir y\u0131l\u0131 dilemek de\u011fil, onu ba\u015ftan sona niyet alan\u0131na yerle\u015ftirmek.  A\u015fk, para, kariyer, ruhsal yol\u2026 2026\u2019da hayat\u0131nda ne olsun istiyorsan, bu at\u00f6lyede tohumlar\u0131 at\u0131lacak.  Bu bir dilek \u00e7al\u0131\u015fmas\u0131 de\u011fil. Bu, bir y\u0131l\u0131 programlama seremonisi.  Y\u0131lda bir kez a\u00e7\u0131lan bu kap\u0131dan ge\u00e7enler, 2026\u2019y\u0131 ya\u015famaz. 2026\u2019y\u0131 yarat\u0131r. \u2728    &nbsp;  At\u00f6lye kat\u0131l\u0131m linkleri\u00a0belirtti\u011finiz telefon numaras\u0131na SMS olarak ve belirtti\u011finiz e-mail adresine e-mail olarak g\u00f6nderilecektir. Sipari\u015flerinizi olu\u015ftururken aktif kulland\u0131\u011f\u0131n\u0131z telefon numaran\u0131z\u0131 ve e-mail adresinizi girmelisiniz.\u00a0E-mail adresinizi do\u011fru yazd\u0131\u011f\u0131n\u0131za ve e-mail kutunuzun dolu olmad\u0131\u011f\u0131na dikkat ediniz.  At\u00f6lye kay\u0131tlar\u0131 sat\u0131n alan ki\u015filere canl\u0131 yay\u0131n sonras\u0131ndaki g\u00fcnlerde yine ayn\u0131 kanallardan iletilecektir. Her at\u00f6lye kayd\u0131 yasal olarak yaln\u0131zca bir ki\u015fi i\u00e7in ge\u00e7erlidir, bir ba\u015fkas\u0131 ile payla\u015f\u0131lamaz.\" \/>\n<meta property=\"og:url\" content=\"https:\/\/astrologelvan.com\/magaza\/urun\/2026-yilini-yarat-manifest-atolyesi\/\" \/>\n<meta property=\"og:site_name\" content=\"Astrolog Elvan\" \/>\n<meta property=\"article:modified_time\" content=\"2026-03-22T15:02:21+00:00\" \/>\n<meta property=\"og:image\" content=\"https:\/\/astrologelvan.com\/magaza\/wp-content\/uploads\/2025\/12\/urun-1-1.webp\" \/>\n\t<meta property=\"og:image:width\" content=\"1000\" \/>\n\t<meta property=\"og:image:height\" content=\"1300\" \/>\n\t<meta property=\"og:image:type\" content=\"image\/webp\" \/>\n<meta name=\"twitter:card\" content=\"summary_large_image\" \/>\n<script type=\"application\/ld+json\" class=\"yoast-schema-graph\">{\"@context\":\"https:\\\/\\\/schema.org\",\"@graph\":[{\"@type\":[\"WebPage\",\"ItemPage\"],\"@id\":\"https:\\\/\\\/astrologelvan.com\\\/magaza\\\/urun\\\/2026-yilini-yarat-manifest-atolyesi\\\/\",\"url\":\"https:\\\/\\\/astrologelvan.com\\\/magaza\\\/urun\\\/2026-yilini-yarat-manifest-atolyesi\\\/\",\"name\":\"2026 Y\u0131l\u0131n\u0131 Yarat \u00b7 Manifest At\u00f6lyesi - Astrolog Elvan\",\"isPartOf\":{\"@id\":\"https:\\\/\\\/astrologelvan.com\\\/magaza\\\/#website\"},\"primaryImageOfPage\":{\"@id\":\"https:\\\/\\\/astrologelvan.com\\\/magaza\\\/urun\\\/2026-yilini-yarat-manifest-atolyesi\\\/#primaryimage\"},\"image\":{\"@id\":\"https:\\\/\\\/astrologelvan.com\\\/magaza\\\/urun\\\/2026-yilini-yarat-manifest-atolyesi\\\/#primaryimage\"},\"thumbnailUrl\":\"https:\\\/\\\/astrologelvan.com\\\/magaza\\\/wp-content\\\/uploads\\\/2025\\\/12\\\/urun-1-1.webp\",\"datePublished\":\"2025-12-16T11:37:49+00:00\",\"dateModified\":\"2026-03-22T15:02:21+00:00\",\"breadcrumb\":{\"@id\":\"https:\\\/\\\/astrologelvan.com\\\/magaza\\\/urun\\\/2026-yilini-yarat-manifest-atolyesi\\\/#breadcrumb\"},\"inLanguage\":\"tr\",\"potentialAction\":[{\"@type\":\"ReadAction\",\"target\":[\"https:\\\/\\\/astrologelvan.com\\\/magaza\\\/urun\\\/2026-yilini-yarat-manifest-atolyesi\\\/\"]}]},{\"@type\":\"ImageObject\",\"inLanguage\":\"tr\",\"@id\":\"https:\\\/\\\/astrologelvan.com\\\/magaza\\\/urun\\\/2026-yilini-yarat-manifest-atolyesi\\\/#primaryimage\",\"url\":\"https:\\\/\\\/astrologelvan.com\\\/magaza\\\/wp-content\\\/uploads\\\/2025\\\/12\\\/urun-1-1.webp\",\"contentUrl\":\"https:\\\/\\\/astrologelvan.com\\\/magaza\\\/wp-content\\\/uploads\\\/2025\\\/12\\\/urun-1-1.webp\",\"width\":1000,\"height\":1300},{\"@type\":\"BreadcrumbList\",\"@id\":\"https:\\\/\\\/astrologelvan.com\\\/magaza\\\/urun\\\/2026-yilini-yarat-manifest-atolyesi\\\/#breadcrumb\",\"itemListElement\":[{\"@type\":\"ListItem\",\"position\":1,\"name\":\"Anasayfa\",\"item\":\"https:\\\/\\\/astrologelvan.com\\\/magaza\\\/\"},{\"@type\":\"ListItem\",\"position\":2,\"name\":\"Ma\u011faza\",\"item\":\"https:\\\/\\\/astrologelvan.com\\\/magaza\\\/magaza\\\/\"},{\"@type\":\"ListItem\",\"position\":3,\"name\":\"2026 Y\u0131l\u0131n\u0131 Yarat \u00b7 Manifest At\u00f6lyesi\"}]},{\"@type\":\"WebSite\",\"@id\":\"https:\\\/\\\/astrologelvan.com\\\/magaza\\\/#website\",\"url\":\"https:\\\/\\\/astrologelvan.com\\\/magaza\\\/\",\"name\":\"Astrolog Elvan\",\"description\":\"\",\"potentialAction\":[{\"@type\":\"SearchAction\",\"target\":{\"@type\":\"EntryPoint\",\"urlTemplate\":\"https:\\\/\\\/astrologelvan.com\\\/magaza\\\/?s={search_term_string}\"},\"query-input\":{\"@type\":\"PropertyValueSpecification\",\"valueRequired\":true,\"valueName\":\"search_term_string\"}}],\"inLanguage\":\"tr\"}]}<\/script>\n<!-- \/ Yoast SEO plugin. -->","yoast_head_json":{"title":"2026 Y\u0131l\u0131n\u0131 Yarat \u00b7 Manifest At\u00f6lyesi - Astrolog Elvan","robots":{"index":"index","follow":"follow","max-snippet":"max-snippet:-1","max-image-preview":"max-image-preview:large","max-video-preview":"max-video-preview:-1"},"canonical":"https:\/\/astrologelvan.com\/magaza\/urun\/2026-yilini-yarat-manifest-atolyesi\/","og_locale":"tr_TR","og_type":"article","og_title":"2026 Y\u0131l\u0131n\u0131 Yarat \u00b7 Manifest At\u00f6lyesi - Astrolog Elvan","og_description":"Astrolog Elvan\u2019\u0131n beklenen at\u00f6lyesi geldi! Bu at\u00f6lye y\u0131lda sadece bir kez yap\u0131l\u0131r. \u00c7\u00fcnk\u00fc baz\u0131 niyetler, \u00f6zel zamanlarda ekilir.  Bu at\u00f6lyede ThetaHealing, Tarot, Astroloji, JAAS ve ok\u00fcltizm ilk defa birlikte kullan\u0131lacak. Ve t\u00fcm spirit\u00fcel \u00f6\u011fretiler seni 2026\u2019da en iyi versiyonuna ta\u015f\u0131yacak.  Ama\u00e7; bir y\u0131l\u0131 dilemek de\u011fil, onu ba\u015ftan sona niyet alan\u0131na yerle\u015ftirmek.  A\u015fk, para, kariyer, ruhsal yol\u2026 2026\u2019da hayat\u0131nda ne olsun istiyorsan, bu at\u00f6lyede tohumlar\u0131 at\u0131lacak.  Bu bir dilek \u00e7al\u0131\u015fmas\u0131 de\u011fil. Bu, bir y\u0131l\u0131 programlama seremonisi.  Y\u0131lda bir kez a\u00e7\u0131lan bu kap\u0131dan ge\u00e7enler, 2026\u2019y\u0131 ya\u015famaz. 2026\u2019y\u0131 yarat\u0131r. \u2728    &nbsp;  At\u00f6lye kat\u0131l\u0131m linkleri\u00a0belirtti\u011finiz telefon numaras\u0131na SMS olarak ve belirtti\u011finiz e-mail adresine e-mail olarak g\u00f6nderilecektir. Sipari\u015flerinizi olu\u015ftururken aktif kulland\u0131\u011f\u0131n\u0131z telefon numaran\u0131z\u0131 ve e-mail adresinizi girmelisiniz.\u00a0E-mail adresinizi do\u011fru yazd\u0131\u011f\u0131n\u0131za ve e-mail kutunuzun dolu olmad\u0131\u011f\u0131na dikkat ediniz.  At\u00f6lye kay\u0131tlar\u0131 sat\u0131n alan ki\u015filere canl\u0131 yay\u0131n sonras\u0131ndaki g\u00fcnlerde yine ayn\u0131 kanallardan iletilecektir. Her at\u00f6lye kayd\u0131 yasal olarak yaln\u0131zca bir ki\u015fi i\u00e7in ge\u00e7erlidir, bir ba\u015fkas\u0131 ile payla\u015f\u0131lamaz.","og_url":"https:\/\/astrologelvan.com\/magaza\/urun\/2026-yilini-yarat-manifest-atolyesi\/","og_site_name":"Astrolog Elvan","article_modified_time":"2026-03-22T15:02:21+00:00","og_image":[{"width":1000,"height":1300,"url":"https:\/\/astrologelvan.com\/magaza\/wp-content\/uploads\/2025\/12\/urun-1-1.webp","type":"image\/webp"}],"twitter_card":"summary_large_image","schema":{"@context":"https:\/\/schema.org","@graph":[{"@type":["WebPage","ItemPage"],"@id":"https:\/\/astrologelvan.com\/magaza\/urun\/2026-yilini-yarat-manifest-atolyesi\/","url":"https:\/\/astrologelvan.com\/magaza\/urun\/2026-yilini-yarat-manifest-atolyesi\/","name":"2026 Y\u0131l\u0131n\u0131 Yarat \u00b7 Manifest At\u00f6lyesi - Astrolog Elvan","isPartOf":{"@id":"https:\/\/astrologelvan.com\/magaza\/#website"},"primaryImageOfPage":{"@id":"https:\/\/astrologelvan.com\/magaza\/urun\/2026-yilini-yarat-manifest-atolyesi\/#primaryimage"},"image":{"@id":"https:\/\/astrologelvan.com\/magaza\/urun\/2026-yilini-yarat-manifest-atolyesi\/#primaryimage"},"thumbnailUrl":"https:\/\/astrologelvan.com\/magaza\/wp-content\/uploads\/2025\/12\/urun-1-1.webp","datePublished":"2025-12-16T11:37:49+00:00","dateModified":"2026-03-22T15:02:21+00:00","breadcrumb":{"@id":"https:\/\/astrologelvan.com\/magaza\/urun\/2026-yilini-yarat-manifest-atolyesi\/#breadcrumb"},"inLanguage":"tr","potentialAction":[{"@type":"ReadAction","target":["https:\/\/astrologelvan.com\/magaza\/urun\/2026-yilini-yarat-manifest-atolyesi\/"]}]},{"@type":"ImageObject","inLanguage":"tr","@id":"https:\/\/astrologelvan.com\/magaza\/urun\/2026-yilini-yarat-manifest-atolyesi\/#primaryimage","url":"https:\/\/astrologelvan.com\/magaza\/wp-content\/uploads\/2025\/12\/urun-1-1.webp","contentUrl":"https:\/\/astrologelvan.com\/magaza\/wp-content\/uploads\/2025\/12\/urun-1-1.webp","width":1000,"height":1300},{"@type":"BreadcrumbList","@id":"https:\/\/astrologelvan.com\/magaza\/urun\/2026-yilini-yarat-manifest-atolyesi\/#breadcrumb","itemListElement":[{"@type":"ListItem","position":1,"name":"Anasayfa","item":"https:\/\/astrologelvan.com\/magaza\/"},{"@type":"ListItem","position":2,"name":"Ma\u011faza","item":"https:\/\/astrologelvan.com\/magaza\/magaza\/"},{"@type":"ListItem","position":3,"name":"2026 Y\u0131l\u0131n\u0131 Yarat \u00b7 Manifest At\u00f6lyesi"}]},{"@type":"WebSite","@id":"https:\/\/astrologelvan.com\/magaza\/#website","url":"https:\/\/astrologelvan.com\/magaza\/","name":"Astrolog Elvan","description":"","potentialAction":[{"@type":"SearchAction","target":{"@type":"EntryPoint","urlTemplate":"https:\/\/astrologelvan.com\/magaza\/?s={search_term_string}"},"query-input":{"@type":"PropertyValueSpecification","valueRequired":true,"valueName":"search_term_string"}}],"inLanguage":"tr"}]}},"_links":{"self":[{"href":"https:\/\/astrologelvan.com\/magaza\/wp-json\/wp\/v2\/product\/137829","targetHints":{"allow":["GET"]}}],"collection":[{"href":"https:\/\/astrologelvan.com\/magaza\/wp-json\/wp\/v2\/product"}],"about":[{"href":"https:\/\/astrologelvan.com\/magaza\/wp-json\/wp\/v2\/types\/product"}],"replies":[{"embeddable":true,"href":"https:\/\/astrologelvan.com\/magaza\/wp-json\/wp\/v2\/comments?post=137829"}],"wp:featuredmedia":[{"embeddable":true,"href":"https:\/\/astrologelvan.com\/magaza\/wp-json\/wp\/v2\/media\/137837"}],"wp:attachment":[{"href":"https:\/\/astrologelvan.com\/magaza\/wp-json\/wp\/v2\/media?parent=137829"}],"wp:term":[{"taxonomy":"product_brand","embeddable":true,"href":"https:\/\/astrologelvan.com\/magaza\/wp-json\/wp\/v2\/product_brand?post=137829"},{"taxonomy":"product_cat","embeddable":true,"href":"https:\/\/astrologelvan.com\/magaza\/wp-json\/wp\/v2\/product_cat?post=137829"},{"taxonomy":"product_tag","embeddable":true,"href":"https:\/\/astrologelvan.com\/magaza\/wp-json\/wp\/v2\/product_tag?post=137829"}],"curies":[{"name":"wp","href":"https:\/\/api.w.org\/{rel}","templated":true}]}}