{"id":13777,"date":"2024-07-17T15:57:19","date_gmt":"2024-07-17T12:57:19","guid":{"rendered":"https:\/\/astrologelvan.com\/magaza\/?post_type=product&#038;p=13777"},"modified":"2026-03-01T13:07:46","modified_gmt":"2026-03-01T10:07:46","slug":"0-dogal-mercan-kolye","status":"publish","type":"product","link":"https:\/\/astrologelvan.com\/magaza\/urun\/0-dogal-mercan-kolye\/","title":{"rendered":"%100 DO\u011eAL MERCAN KOLYE"},"content":{"rendered":"<p><strong>\u00dcr\u00fcn \u00d6zellikleri:<\/strong><\/p>\n<p class=\"p1\">Kolye Uzunlu\u011fu: 45 CM<\/p>\n<p class=\"p1\">Kolye A\u011f\u0131rl\u0131\u011f\u0131: 12,9 Gram<\/p>\n<p>925 Ayar G\u00fcm\u00fc\u015f<\/p>\n<p>Do\u011fal Ta\u015f Mercan Kolye<\/p>\n","protected":false},"excerpt":{"rendered":"<p>Mercan, bir zamanlar bitki oldu\u011funa inan\u0131ld\u0131\u011f\u0131ndan \u201cdeniz bah\u00e7esi\u201d olarak adland\u0131r\u0131lm\u0131\u015ft\u0131r. Fakat, asl\u0131nda organik de\u011ferli ta\u015f grubuna aittir. Mercan \u00e7o\u011fu renkli ta\u015f gibi kristal yap\u0131ya sahip bir mineral olmaktan ziyade biyolojik bir s\u00fcre\u00e7le olu\u015fur. Ve Mercanlar binlerce canl\u0131ya ya\u015fam alan\u0131 olu\u015fturdu\u011fu i\u00e7in okyanuslar ve d\u00fcnya i\u00e7in \u00e7ok k\u0131ymetlidir.<br \/>\nMercan poliplerinin iskeletinden zamanla mercan ta\u015f\u0131 olu\u015fur. Bilgeli\u011fi, \u00f6l\u00fcms\u00fczl\u00fc\u011f\u00fc, kendi k\u0131ymetini ve de\u011ferini ke\u015ffetmeyi, \u00f6zel ve biricik oldu\u011funu hat\u0131rlamay\u0131 ve d\u00fcnya i\u00e7in \u015fifa oldu\u011funu bilmeyi sembolize eder.<br \/>\n3-4 derece sertlikte oldu\u011fu i\u00e7in olduk\u00e7a hassast\u0131r. Dikkatle kullanman\u0131z ve kullanmad\u0131\u011f\u0131n\u0131z zamanlarda kutusunda saklaman\u0131z gerekmektedir. Aksi halde d\u00fc\u015ferse, bir yere \u00e7arparsan\u0131z k\u0131r\u0131labilir, \u00e7ok ama \u00e7ok hassast\u0131r.<\/p>\n","protected":false},"featured_media":13778,"comment_status":"open","ping_status":"closed","template":"","meta":[],"product_brand":[],"product_cat":[26,48,9524],"product_tag":[],"class_list":{"0":"post-13777","1":"product","2":"type-product","3":"status-publish","4":"has-post-thumbnail","6":"product_cat-genel","7":"product_cat-kolyeler","8":"product_cat-mercan-tasi","10":"first","11":"instock","12":"taxable","13":"shipping-taxable","14":"purchasable","15":"product-type-simple"},"yoast_head":"<!-- This site is optimized with the Yoast SEO plugin v27.3 - https:\/\/yoast.com\/product\/yoast-seo-wordpress\/ -->\n<title>%100 DO\u011eAL MERCAN KOLYE - Astrolog Elvan<\/title>\n<meta name=\"robots\" content=\"index, follow, max-snippet:-1, max-image-preview:large, max-video-preview:-1\" \/>\n<link rel=\"canonical\" href=\"https:\/\/astrologelvan.com\/magaza\/urun\/0-dogal-mercan-kolye\/\" \/>\n<meta property=\"og:locale\" content=\"tr_TR\" \/>\n<meta property=\"og:type\" content=\"article\" \/>\n<meta property=\"og:title\" content=\"%100 DO\u011eAL MERCAN KOLYE - Astrolog Elvan\" \/>\n<meta property=\"og:description\" content=\"Mercan, bir zamanlar bitki oldu\u011funa inan\u0131ld\u0131\u011f\u0131ndan \u201cdeniz bah\u00e7esi\u201d olarak adland\u0131r\u0131lm\u0131\u015ft\u0131r. Fakat, asl\u0131nda organik de\u011ferli ta\u015f grubuna aittir. Mercan \u00e7o\u011fu renkli ta\u015f gibi kristal yap\u0131ya sahip bir mineral olmaktan ziyade biyolojik bir s\u00fcre\u00e7le olu\u015fur. Ve Mercanlar binlerce canl\u0131ya ya\u015fam alan\u0131 olu\u015fturdu\u011fu i\u00e7in okyanuslar ve d\u00fcnya i\u00e7in \u00e7ok k\u0131ymetlidir. Mercan poliplerinin iskeletinden zamanla mercan ta\u015f\u0131 olu\u015fur. Bilgeli\u011fi, \u00f6l\u00fcms\u00fczl\u00fc\u011f\u00fc, kendi k\u0131ymetini ve de\u011ferini ke\u015ffetmeyi, \u00f6zel ve biricik oldu\u011funu hat\u0131rlamay\u0131 ve d\u00fcnya i\u00e7in \u015fifa oldu\u011funu bilmeyi sembolize eder. 3-4 derece sertlikte oldu\u011fu i\u00e7in olduk\u00e7a hassast\u0131r. Dikkatle kullanman\u0131z ve kullanmad\u0131\u011f\u0131n\u0131z zamanlarda kutusunda saklaman\u0131z gerekmektedir. Aksi halde d\u00fc\u015ferse, bir yere \u00e7arparsan\u0131z k\u0131r\u0131labilir, \u00e7ok ama \u00e7ok hassast\u0131r.\" \/>\n<meta property=\"og:url\" content=\"https:\/\/astrologelvan.com\/magaza\/urun\/0-dogal-mercan-kolye\/\" \/>\n<meta property=\"og:site_name\" content=\"Astrolog Elvan\" \/>\n<meta property=\"article:modified_time\" content=\"2026-03-01T10:07:46+00:00\" \/>\n<meta property=\"og:image\" content=\"https:\/\/astrologelvan.com\/magaza\/wp-content\/uploads\/2024\/07\/1-8.jpg\" \/>\n\t<meta property=\"og:image:width\" content=\"1600\" \/>\n\t<meta property=\"og:image:height\" content=\"1600\" \/>\n\t<meta property=\"og:image:type\" content=\"image\/jpeg\" \/>\n<meta name=\"twitter:card\" content=\"summary_large_image\" \/>\n<meta name=\"twitter:label1\" content=\"Tahmini okuma s\u00fcresi\" \/>\n\t<meta name=\"twitter:data1\" content=\"1 dakika\" \/>\n<script type=\"application\/ld+json\" class=\"yoast-schema-graph\">{\"@context\":\"https:\\\/\\\/schema.org\",\"@graph\":[{\"@type\":[\"WebPage\",\"ItemPage\"],\"@id\":\"https:\\\/\\\/astrologelvan.com\\\/magaza\\\/urun\\\/0-dogal-mercan-kolye\\\/\",\"url\":\"https:\\\/\\\/astrologelvan.com\\\/magaza\\\/urun\\\/0-dogal-mercan-kolye\\\/\",\"name\":\"%100 DO\u011eAL MERCAN KOLYE - Astrolog Elvan\",\"isPartOf\":{\"@id\":\"https:\\\/\\\/astrologelvan.com\\\/magaza\\\/#website\"},\"primaryImageOfPage\":{\"@id\":\"https:\\\/\\\/astrologelvan.com\\\/magaza\\\/urun\\\/0-dogal-mercan-kolye\\\/#primaryimage\"},\"image\":{\"@id\":\"https:\\\/\\\/astrologelvan.com\\\/magaza\\\/urun\\\/0-dogal-mercan-kolye\\\/#primaryimage\"},\"thumbnailUrl\":\"https:\\\/\\\/astrologelvan.com\\\/magaza\\\/wp-content\\\/uploads\\\/2024\\\/07\\\/1-8.jpg\",\"datePublished\":\"2024-07-17T12:57:19+00:00\",\"dateModified\":\"2026-03-01T10:07:46+00:00\",\"breadcrumb\":{\"@id\":\"https:\\\/\\\/astrologelvan.com\\\/magaza\\\/urun\\\/0-dogal-mercan-kolye\\\/#breadcrumb\"},\"inLanguage\":\"tr\",\"potentialAction\":[{\"@type\":\"ReadAction\",\"target\":[\"https:\\\/\\\/astrologelvan.com\\\/magaza\\\/urun\\\/0-dogal-mercan-kolye\\\/\"]}]},{\"@type\":\"ImageObject\",\"inLanguage\":\"tr\",\"@id\":\"https:\\\/\\\/astrologelvan.com\\\/magaza\\\/urun\\\/0-dogal-mercan-kolye\\\/#primaryimage\",\"url\":\"https:\\\/\\\/astrologelvan.com\\\/magaza\\\/wp-content\\\/uploads\\\/2024\\\/07\\\/1-8.jpg\",\"contentUrl\":\"https:\\\/\\\/astrologelvan.com\\\/magaza\\\/wp-content\\\/uploads\\\/2024\\\/07\\\/1-8.jpg\",\"width\":1600,\"height\":1600},{\"@type\":\"BreadcrumbList\",\"@id\":\"https:\\\/\\\/astrologelvan.com\\\/magaza\\\/urun\\\/0-dogal-mercan-kolye\\\/#breadcrumb\",\"itemListElement\":[{\"@type\":\"ListItem\",\"position\":1,\"name\":\"Anasayfa\",\"item\":\"https:\\\/\\\/astrologelvan.com\\\/magaza\\\/\"},{\"@type\":\"ListItem\",\"position\":2,\"name\":\"Ma\u011faza\",\"item\":\"https:\\\/\\\/astrologelvan.com\\\/magaza\\\/magaza\\\/\"},{\"@type\":\"ListItem\",\"position\":3,\"name\":\"%100 DO\u011eAL MERCAN KOLYE\"}]},{\"@type\":\"WebSite\",\"@id\":\"https:\\\/\\\/astrologelvan.com\\\/magaza\\\/#website\",\"url\":\"https:\\\/\\\/astrologelvan.com\\\/magaza\\\/\",\"name\":\"Astrolog Elvan\",\"description\":\"\",\"potentialAction\":[{\"@type\":\"SearchAction\",\"target\":{\"@type\":\"EntryPoint\",\"urlTemplate\":\"https:\\\/\\\/astrologelvan.com\\\/magaza\\\/?s={search_term_string}\"},\"query-input\":{\"@type\":\"PropertyValueSpecification\",\"valueRequired\":true,\"valueName\":\"search_term_string\"}}],\"inLanguage\":\"tr\"}]}<\/script>\n<!-- \/ Yoast SEO plugin. -->","yoast_head_json":{"title":"%100 DO\u011eAL MERCAN KOLYE - Astrolog Elvan","robots":{"index":"index","follow":"follow","max-snippet":"max-snippet:-1","max-image-preview":"max-image-preview:large","max-video-preview":"max-video-preview:-1"},"canonical":"https:\/\/astrologelvan.com\/magaza\/urun\/0-dogal-mercan-kolye\/","og_locale":"tr_TR","og_type":"article","og_title":"%100 DO\u011eAL MERCAN KOLYE - Astrolog Elvan","og_description":"Mercan, bir zamanlar bitki oldu\u011funa inan\u0131ld\u0131\u011f\u0131ndan \u201cdeniz bah\u00e7esi\u201d olarak adland\u0131r\u0131lm\u0131\u015ft\u0131r. Fakat, asl\u0131nda organik de\u011ferli ta\u015f grubuna aittir. Mercan \u00e7o\u011fu renkli ta\u015f gibi kristal yap\u0131ya sahip bir mineral olmaktan ziyade biyolojik bir s\u00fcre\u00e7le olu\u015fur. Ve Mercanlar binlerce canl\u0131ya ya\u015fam alan\u0131 olu\u015fturdu\u011fu i\u00e7in okyanuslar ve d\u00fcnya i\u00e7in \u00e7ok k\u0131ymetlidir. Mercan poliplerinin iskeletinden zamanla mercan ta\u015f\u0131 olu\u015fur. Bilgeli\u011fi, \u00f6l\u00fcms\u00fczl\u00fc\u011f\u00fc, kendi k\u0131ymetini ve de\u011ferini ke\u015ffetmeyi, \u00f6zel ve biricik oldu\u011funu hat\u0131rlamay\u0131 ve d\u00fcnya i\u00e7in \u015fifa oldu\u011funu bilmeyi sembolize eder. 3-4 derece sertlikte oldu\u011fu i\u00e7in olduk\u00e7a hassast\u0131r. Dikkatle kullanman\u0131z ve kullanmad\u0131\u011f\u0131n\u0131z zamanlarda kutusunda saklaman\u0131z gerekmektedir. Aksi halde d\u00fc\u015ferse, bir yere \u00e7arparsan\u0131z k\u0131r\u0131labilir, \u00e7ok ama \u00e7ok hassast\u0131r.","og_url":"https:\/\/astrologelvan.com\/magaza\/urun\/0-dogal-mercan-kolye\/","og_site_name":"Astrolog Elvan","article_modified_time":"2026-03-01T10:07:46+00:00","og_image":[{"width":1600,"height":1600,"url":"https:\/\/astrologelvan.com\/magaza\/wp-content\/uploads\/2024\/07\/1-8.jpg","type":"image\/jpeg"}],"twitter_card":"summary_large_image","twitter_misc":{"Tahmini okuma s\u00fcresi":"1 dakika"},"schema":{"@context":"https:\/\/schema.org","@graph":[{"@type":["WebPage","ItemPage"],"@id":"https:\/\/astrologelvan.com\/magaza\/urun\/0-dogal-mercan-kolye\/","url":"https:\/\/astrologelvan.com\/magaza\/urun\/0-dogal-mercan-kolye\/","name":"%100 DO\u011eAL MERCAN KOLYE - Astrolog Elvan","isPartOf":{"@id":"https:\/\/astrologelvan.com\/magaza\/#website"},"primaryImageOfPage":{"@id":"https:\/\/astrologelvan.com\/magaza\/urun\/0-dogal-mercan-kolye\/#primaryimage"},"image":{"@id":"https:\/\/astrologelvan.com\/magaza\/urun\/0-dogal-mercan-kolye\/#primaryimage"},"thumbnailUrl":"https:\/\/astrologelvan.com\/magaza\/wp-content\/uploads\/2024\/07\/1-8.jpg","datePublished":"2024-07-17T12:57:19+00:00","dateModified":"2026-03-01T10:07:46+00:00","breadcrumb":{"@id":"https:\/\/astrologelvan.com\/magaza\/urun\/0-dogal-mercan-kolye\/#breadcrumb"},"inLanguage":"tr","potentialAction":[{"@type":"ReadAction","target":["https:\/\/astrologelvan.com\/magaza\/urun\/0-dogal-mercan-kolye\/"]}]},{"@type":"ImageObject","inLanguage":"tr","@id":"https:\/\/astrologelvan.com\/magaza\/urun\/0-dogal-mercan-kolye\/#primaryimage","url":"https:\/\/astrologelvan.com\/magaza\/wp-content\/uploads\/2024\/07\/1-8.jpg","contentUrl":"https:\/\/astrologelvan.com\/magaza\/wp-content\/uploads\/2024\/07\/1-8.jpg","width":1600,"height":1600},{"@type":"BreadcrumbList","@id":"https:\/\/astrologelvan.com\/magaza\/urun\/0-dogal-mercan-kolye\/#breadcrumb","itemListElement":[{"@type":"ListItem","position":1,"name":"Anasayfa","item":"https:\/\/astrologelvan.com\/magaza\/"},{"@type":"ListItem","position":2,"name":"Ma\u011faza","item":"https:\/\/astrologelvan.com\/magaza\/magaza\/"},{"@type":"ListItem","position":3,"name":"%100 DO\u011eAL MERCAN KOLYE"}]},{"@type":"WebSite","@id":"https:\/\/astrologelvan.com\/magaza\/#website","url":"https:\/\/astrologelvan.com\/magaza\/","name":"Astrolog Elvan","description":"","potentialAction":[{"@type":"SearchAction","target":{"@type":"EntryPoint","urlTemplate":"https:\/\/astrologelvan.com\/magaza\/?s={search_term_string}"},"query-input":{"@type":"PropertyValueSpecification","valueRequired":true,"valueName":"search_term_string"}}],"inLanguage":"tr"}]}},"_links":{"self":[{"href":"https:\/\/astrologelvan.com\/magaza\/wp-json\/wp\/v2\/product\/13777","targetHints":{"allow":["GET"]}}],"collection":[{"href":"https:\/\/astrologelvan.com\/magaza\/wp-json\/wp\/v2\/product"}],"about":[{"href":"https:\/\/astrologelvan.com\/magaza\/wp-json\/wp\/v2\/types\/product"}],"replies":[{"embeddable":true,"href":"https:\/\/astrologelvan.com\/magaza\/wp-json\/wp\/v2\/comments?post=13777"}],"wp:featuredmedia":[{"embeddable":true,"href":"https:\/\/astrologelvan.com\/magaza\/wp-json\/wp\/v2\/media\/13778"}],"wp:attachment":[{"href":"https:\/\/astrologelvan.com\/magaza\/wp-json\/wp\/v2\/media?parent=13777"}],"wp:term":[{"taxonomy":"product_brand","embeddable":true,"href":"https:\/\/astrologelvan.com\/magaza\/wp-json\/wp\/v2\/product_brand?post=13777"},{"taxonomy":"product_cat","embeddable":true,"href":"https:\/\/astrologelvan.com\/magaza\/wp-json\/wp\/v2\/product_cat?post=13777"},{"taxonomy":"product_tag","embeddable":true,"href":"https:\/\/astrologelvan.com\/magaza\/wp-json\/wp\/v2\/product_tag?post=13777"}],"curies":[{"name":"wp","href":"https:\/\/api.w.org\/{rel}","templated":true}]}}