{"id":13748,"date":"2024-07-17T12:57:04","date_gmt":"2024-07-17T09:57:04","guid":{"rendered":"https:\/\/astrologelvan.com\/magaza\/?post_type=product&#038;p=13748"},"modified":"2026-03-01T13:05:14","modified_gmt":"2026-03-01T10:05:14","slug":"faset-kesim-terahertz-bileklik","status":"publish","type":"product","link":"https:\/\/astrologelvan.com\/magaza\/urun\/faset-kesim-terahertz-bileklik\/","title":{"rendered":"FASET KES\u0130M TERAHERTZ B\u0130LEKL\u0130K"},"content":{"rendered":"<p><strong>\u00dcr\u00fcn \u00d6zellikleri:<\/strong><\/p>\n<p>Bilekli\u011fin A\u011f\u0131rl\u0131\u011f\u0131: 8,5 Gram<\/p>\n<p class=\"s7\"><span class=\"s3\"><span class=\"bumpedFont15\">Ta\u015flar\u0131n yakla\u015f\u0131k \u00f6l\u00e7\u00fcs\u00fc: 6<\/span><\/span><span class=\"s3\"><span class=\"bumpedFont15\">\u00a0<\/span><\/span><span class=\"s3\"><span class=\"bumpedFont15\">mm<\/span><\/span><\/p>\n","protected":false},"excerpt":{"rendered":"<p>Terahertz ta\u015f\u0131 insan yap\u0131m\u0131 bir ta\u015ft\u0131r. Japon bilim insanlar\u0131n imzas\u0131n\u0131 ta\u015f\u0131r. \u0130\u00e7erisinde kuvars ve kumdan silika minerali vard\u0131r ve bunlar bir araya gelerek elde edilir. H\u00fccre yenileyici oldu\u011fu d\u00fc\u015f\u00fcn\u00fcl\u00fcr.<\/p>\n<p>Titre\u015fimi en y\u00fcksek olan ta\u015flardan biridir. Bu y\u00fczden direk h\u00fccreye etki etti\u011fi d\u00fc\u015f\u00fcn\u00fcl\u00fcr.<\/p>\n<p>Radrasyona ve elektromanyetik alana kar\u015f\u0131 koruyucu olarak bilinir. Bu y\u00fczden kullan\u0131m\u0131 yayg\u0131nd\u0131r.<\/p>\n<p><strong>Ta\u015f\u0131n enerjisi y\u00fcksektir fakat sertli\u011fi y\u00fcksek oldu\u011fu i\u00e7in k\u0131r\u0131lma ve \u00e7atlamalara m\u00fcsaittir.<\/strong><\/p>\n<p><strong>Kullanmad\u0131\u011f\u0131n\u0131z zaman kutusunda saklay\u0131n\u0131z. \u00c7arpma ve darbelere kar\u015f\u0131 koruyunuz.<\/strong><\/p>\n","protected":false},"featured_media":98950,"comment_status":"open","ping_status":"closed","template":"","meta":[],"product_brand":[],"product_cat":[258,259,26,9525],"product_tag":[],"class_list":{"0":"post-13748","1":"product","2":"type-product","3":"status-publish","4":"has-post-thumbnail","6":"product_cat-bileklik","7":"product_cat-bileklikler","8":"product_cat-genel","9":"product_cat-terrahertz-tasi","11":"first","12":"instock","13":"taxable","14":"shipping-taxable","15":"purchasable","16":"product-type-simple"},"yoast_head":"<!-- This site is optimized with the Yoast SEO plugin v27.3 - https:\/\/yoast.com\/product\/yoast-seo-wordpress\/ -->\n<title>FASET KES\u0130M TERAHERTZ B\u0130LEKL\u0130K - Astrolog Elvan<\/title>\n<meta name=\"robots\" content=\"index, follow, max-snippet:-1, max-image-preview:large, max-video-preview:-1\" \/>\n<link rel=\"canonical\" href=\"https:\/\/astrologelvan.com\/magaza\/urun\/faset-kesim-terahertz-bileklik\/\" \/>\n<meta property=\"og:locale\" content=\"tr_TR\" \/>\n<meta property=\"og:type\" content=\"article\" \/>\n<meta property=\"og:title\" content=\"FASET KES\u0130M TERAHERTZ B\u0130LEKL\u0130K - Astrolog Elvan\" \/>\n<meta property=\"og:description\" content=\"Terahertz ta\u015f\u0131 insan yap\u0131m\u0131 bir ta\u015ft\u0131r. Japon bilim insanlar\u0131n imzas\u0131n\u0131 ta\u015f\u0131r. \u0130\u00e7erisinde kuvars ve kumdan silika minerali vard\u0131r ve bunlar bir araya gelerek elde edilir. H\u00fccre yenileyici oldu\u011fu d\u00fc\u015f\u00fcn\u00fcl\u00fcr.  Titre\u015fimi en y\u00fcksek olan ta\u015flardan biridir. Bu y\u00fczden direk h\u00fccreye etki etti\u011fi d\u00fc\u015f\u00fcn\u00fcl\u00fcr.  Radrasyona ve elektromanyetik alana kar\u015f\u0131 koruyucu olarak bilinir. Bu y\u00fczden kullan\u0131m\u0131 yayg\u0131nd\u0131r.  Ta\u015f\u0131n enerjisi y\u00fcksektir fakat sertli\u011fi y\u00fcksek oldu\u011fu i\u00e7in k\u0131r\u0131lma ve \u00e7atlamalara m\u00fcsaittir.  Kullanmad\u0131\u011f\u0131n\u0131z zaman kutusunda saklay\u0131n\u0131z. \u00c7arpma ve darbelere kar\u015f\u0131 koruyunuz.\" \/>\n<meta property=\"og:url\" content=\"https:\/\/astrologelvan.com\/magaza\/urun\/faset-kesim-terahertz-bileklik\/\" \/>\n<meta property=\"og:site_name\" content=\"Astrolog Elvan\" \/>\n<meta property=\"article:modified_time\" content=\"2026-03-01T10:05:14+00:00\" \/>\n<meta property=\"og:image\" content=\"https:\/\/astrologelvan.com\/magaza\/wp-content\/uploads\/2024\/07\/2-6-1-3000x4000.jpg\" \/>\n\t<meta property=\"og:image:width\" content=\"3000\" \/>\n\t<meta property=\"og:image:height\" content=\"4000\" \/>\n\t<meta property=\"og:image:type\" content=\"image\/jpeg\" \/>\n<meta name=\"twitter:card\" content=\"summary_large_image\" \/>\n<meta name=\"twitter:label1\" content=\"Tahmini okuma s\u00fcresi\" \/>\n\t<meta name=\"twitter:data1\" content=\"1 dakika\" \/>\n<script type=\"application\/ld+json\" class=\"yoast-schema-graph\">{\"@context\":\"https:\\\/\\\/schema.org\",\"@graph\":[{\"@type\":[\"WebPage\",\"ItemPage\"],\"@id\":\"https:\\\/\\\/astrologelvan.com\\\/magaza\\\/urun\\\/faset-kesim-terahertz-bileklik\\\/\",\"url\":\"https:\\\/\\\/astrologelvan.com\\\/magaza\\\/urun\\\/faset-kesim-terahertz-bileklik\\\/\",\"name\":\"FASET KES\u0130M TERAHERTZ B\u0130LEKL\u0130K - Astrolog Elvan\",\"isPartOf\":{\"@id\":\"https:\\\/\\\/astrologelvan.com\\\/magaza\\\/#website\"},\"primaryImageOfPage\":{\"@id\":\"https:\\\/\\\/astrologelvan.com\\\/magaza\\\/urun\\\/faset-kesim-terahertz-bileklik\\\/#primaryimage\"},\"image\":{\"@id\":\"https:\\\/\\\/astrologelvan.com\\\/magaza\\\/urun\\\/faset-kesim-terahertz-bileklik\\\/#primaryimage\"},\"thumbnailUrl\":\"https:\\\/\\\/astrologelvan.com\\\/magaza\\\/wp-content\\\/uploads\\\/2024\\\/07\\\/2-6-1.jpg\",\"datePublished\":\"2024-07-17T09:57:04+00:00\",\"dateModified\":\"2026-03-01T10:05:14+00:00\",\"breadcrumb\":{\"@id\":\"https:\\\/\\\/astrologelvan.com\\\/magaza\\\/urun\\\/faset-kesim-terahertz-bileklik\\\/#breadcrumb\"},\"inLanguage\":\"tr\",\"potentialAction\":[{\"@type\":\"ReadAction\",\"target\":[\"https:\\\/\\\/astrologelvan.com\\\/magaza\\\/urun\\\/faset-kesim-terahertz-bileklik\\\/\"]}]},{\"@type\":\"ImageObject\",\"inLanguage\":\"tr\",\"@id\":\"https:\\\/\\\/astrologelvan.com\\\/magaza\\\/urun\\\/faset-kesim-terahertz-bileklik\\\/#primaryimage\",\"url\":\"https:\\\/\\\/astrologelvan.com\\\/magaza\\\/wp-content\\\/uploads\\\/2024\\\/07\\\/2-6-1.jpg\",\"contentUrl\":\"https:\\\/\\\/astrologelvan.com\\\/magaza\\\/wp-content\\\/uploads\\\/2024\\\/07\\\/2-6-1.jpg\",\"width\":6336,\"height\":8448,\"caption\":\"Edited with Lens Distortions v6.9.2\"},{\"@type\":\"BreadcrumbList\",\"@id\":\"https:\\\/\\\/astrologelvan.com\\\/magaza\\\/urun\\\/faset-kesim-terahertz-bileklik\\\/#breadcrumb\",\"itemListElement\":[{\"@type\":\"ListItem\",\"position\":1,\"name\":\"Anasayfa\",\"item\":\"https:\\\/\\\/astrologelvan.com\\\/magaza\\\/\"},{\"@type\":\"ListItem\",\"position\":2,\"name\":\"Ma\u011faza\",\"item\":\"https:\\\/\\\/astrologelvan.com\\\/magaza\\\/magaza\\\/\"},{\"@type\":\"ListItem\",\"position\":3,\"name\":\"FASET KES\u0130M TERAHERTZ B\u0130LEKL\u0130K\"}]},{\"@type\":\"WebSite\",\"@id\":\"https:\\\/\\\/astrologelvan.com\\\/magaza\\\/#website\",\"url\":\"https:\\\/\\\/astrologelvan.com\\\/magaza\\\/\",\"name\":\"Astrolog Elvan\",\"description\":\"\",\"potentialAction\":[{\"@type\":\"SearchAction\",\"target\":{\"@type\":\"EntryPoint\",\"urlTemplate\":\"https:\\\/\\\/astrologelvan.com\\\/magaza\\\/?s={search_term_string}\"},\"query-input\":{\"@type\":\"PropertyValueSpecification\",\"valueRequired\":true,\"valueName\":\"search_term_string\"}}],\"inLanguage\":\"tr\"}]}<\/script>\n<!-- \/ Yoast SEO plugin. -->","yoast_head_json":{"title":"FASET KES\u0130M TERAHERTZ B\u0130LEKL\u0130K - Astrolog Elvan","robots":{"index":"index","follow":"follow","max-snippet":"max-snippet:-1","max-image-preview":"max-image-preview:large","max-video-preview":"max-video-preview:-1"},"canonical":"https:\/\/astrologelvan.com\/magaza\/urun\/faset-kesim-terahertz-bileklik\/","og_locale":"tr_TR","og_type":"article","og_title":"FASET KES\u0130M TERAHERTZ B\u0130LEKL\u0130K - Astrolog Elvan","og_description":"Terahertz ta\u015f\u0131 insan yap\u0131m\u0131 bir ta\u015ft\u0131r. Japon bilim insanlar\u0131n imzas\u0131n\u0131 ta\u015f\u0131r. \u0130\u00e7erisinde kuvars ve kumdan silika minerali vard\u0131r ve bunlar bir araya gelerek elde edilir. H\u00fccre yenileyici oldu\u011fu d\u00fc\u015f\u00fcn\u00fcl\u00fcr.  Titre\u015fimi en y\u00fcksek olan ta\u015flardan biridir. Bu y\u00fczden direk h\u00fccreye etki etti\u011fi d\u00fc\u015f\u00fcn\u00fcl\u00fcr.  Radrasyona ve elektromanyetik alana kar\u015f\u0131 koruyucu olarak bilinir. Bu y\u00fczden kullan\u0131m\u0131 yayg\u0131nd\u0131r.  Ta\u015f\u0131n enerjisi y\u00fcksektir fakat sertli\u011fi y\u00fcksek oldu\u011fu i\u00e7in k\u0131r\u0131lma ve \u00e7atlamalara m\u00fcsaittir.  Kullanmad\u0131\u011f\u0131n\u0131z zaman kutusunda saklay\u0131n\u0131z. \u00c7arpma ve darbelere kar\u015f\u0131 koruyunuz.","og_url":"https:\/\/astrologelvan.com\/magaza\/urun\/faset-kesim-terahertz-bileklik\/","og_site_name":"Astrolog Elvan","article_modified_time":"2026-03-01T10:05:14+00:00","og_image":[{"width":3000,"height":4000,"url":"https:\/\/astrologelvan.com\/magaza\/wp-content\/uploads\/2024\/07\/2-6-1-3000x4000.jpg","type":"image\/jpeg"}],"twitter_card":"summary_large_image","twitter_misc":{"Tahmini okuma s\u00fcresi":"1 dakika"},"schema":{"@context":"https:\/\/schema.org","@graph":[{"@type":["WebPage","ItemPage"],"@id":"https:\/\/astrologelvan.com\/magaza\/urun\/faset-kesim-terahertz-bileklik\/","url":"https:\/\/astrologelvan.com\/magaza\/urun\/faset-kesim-terahertz-bileklik\/","name":"FASET KES\u0130M TERAHERTZ B\u0130LEKL\u0130K - Astrolog Elvan","isPartOf":{"@id":"https:\/\/astrologelvan.com\/magaza\/#website"},"primaryImageOfPage":{"@id":"https:\/\/astrologelvan.com\/magaza\/urun\/faset-kesim-terahertz-bileklik\/#primaryimage"},"image":{"@id":"https:\/\/astrologelvan.com\/magaza\/urun\/faset-kesim-terahertz-bileklik\/#primaryimage"},"thumbnailUrl":"https:\/\/astrologelvan.com\/magaza\/wp-content\/uploads\/2024\/07\/2-6-1.jpg","datePublished":"2024-07-17T09:57:04+00:00","dateModified":"2026-03-01T10:05:14+00:00","breadcrumb":{"@id":"https:\/\/astrologelvan.com\/magaza\/urun\/faset-kesim-terahertz-bileklik\/#breadcrumb"},"inLanguage":"tr","potentialAction":[{"@type":"ReadAction","target":["https:\/\/astrologelvan.com\/magaza\/urun\/faset-kesim-terahertz-bileklik\/"]}]},{"@type":"ImageObject","inLanguage":"tr","@id":"https:\/\/astrologelvan.com\/magaza\/urun\/faset-kesim-terahertz-bileklik\/#primaryimage","url":"https:\/\/astrologelvan.com\/magaza\/wp-content\/uploads\/2024\/07\/2-6-1.jpg","contentUrl":"https:\/\/astrologelvan.com\/magaza\/wp-content\/uploads\/2024\/07\/2-6-1.jpg","width":6336,"height":8448,"caption":"Edited with Lens Distortions v6.9.2"},{"@type":"BreadcrumbList","@id":"https:\/\/astrologelvan.com\/magaza\/urun\/faset-kesim-terahertz-bileklik\/#breadcrumb","itemListElement":[{"@type":"ListItem","position":1,"name":"Anasayfa","item":"https:\/\/astrologelvan.com\/magaza\/"},{"@type":"ListItem","position":2,"name":"Ma\u011faza","item":"https:\/\/astrologelvan.com\/magaza\/magaza\/"},{"@type":"ListItem","position":3,"name":"FASET KES\u0130M TERAHERTZ B\u0130LEKL\u0130K"}]},{"@type":"WebSite","@id":"https:\/\/astrologelvan.com\/magaza\/#website","url":"https:\/\/astrologelvan.com\/magaza\/","name":"Astrolog Elvan","description":"","potentialAction":[{"@type":"SearchAction","target":{"@type":"EntryPoint","urlTemplate":"https:\/\/astrologelvan.com\/magaza\/?s={search_term_string}"},"query-input":{"@type":"PropertyValueSpecification","valueRequired":true,"valueName":"search_term_string"}}],"inLanguage":"tr"}]}},"_links":{"self":[{"href":"https:\/\/astrologelvan.com\/magaza\/wp-json\/wp\/v2\/product\/13748","targetHints":{"allow":["GET"]}}],"collection":[{"href":"https:\/\/astrologelvan.com\/magaza\/wp-json\/wp\/v2\/product"}],"about":[{"href":"https:\/\/astrologelvan.com\/magaza\/wp-json\/wp\/v2\/types\/product"}],"replies":[{"embeddable":true,"href":"https:\/\/astrologelvan.com\/magaza\/wp-json\/wp\/v2\/comments?post=13748"}],"wp:featuredmedia":[{"embeddable":true,"href":"https:\/\/astrologelvan.com\/magaza\/wp-json\/wp\/v2\/media\/98950"}],"wp:attachment":[{"href":"https:\/\/astrologelvan.com\/magaza\/wp-json\/wp\/v2\/media?parent=13748"}],"wp:term":[{"taxonomy":"product_brand","embeddable":true,"href":"https:\/\/astrologelvan.com\/magaza\/wp-json\/wp\/v2\/product_brand?post=13748"},{"taxonomy":"product_cat","embeddable":true,"href":"https:\/\/astrologelvan.com\/magaza\/wp-json\/wp\/v2\/product_cat?post=13748"},{"taxonomy":"product_tag","embeddable":true,"href":"https:\/\/astrologelvan.com\/magaza\/wp-json\/wp\/v2\/product_tag?post=13748"}],"curies":[{"name":"wp","href":"https:\/\/api.w.org\/{rel}","templated":true}]}}