{"id":13739,"date":"2024-07-17T11:52:59","date_gmt":"2024-07-17T08:52:59","guid":{"rendered":"https:\/\/astrologelvan.com\/magaza\/?post_type=product&#038;p=13739"},"modified":"2025-10-06T08:15:16","modified_gmt":"2025-10-06T05:15:16","slug":"ametist-dogal-tas-bileklik-2","status":"publish","type":"product","link":"https:\/\/astrologelvan.com\/magaza\/urun\/ametist-dogal-tas-bileklik-2\/","title":{"rendered":"AMET\u0130ST DO\u011eAL TA\u015e B\u0130LEKL\u0130K"},"content":{"rendered":"<p><strong>\u00dcr\u00fcn \u00d6zellikleri:<\/strong><\/p>\n<p>Bilekli\u011fin A\u011f\u0131rl\u0131\u011f\u0131: 18,9 Gram<\/p>\n<p class=\"s7\"><span class=\"s3\"><span class=\"bumpedFont15\">Ta\u015flar\u0131n yakla\u015f\u0131k \u00f6l\u00e7\u00fcs\u00fc:\u00a0<\/span><\/span><span class=\"s3\"><span class=\"bumpedFont15\">8\u00a0<\/span><\/span><span class=\"s3\"><span class=\"bumpedFont15\">mm<\/span><\/span><\/p>\n","protected":false},"excerpt":{"rendered":"<div class=\"product-short-description\">\n<p>Ametist Ta\u015f\u0131\u00a0bilinen en eski do\u011fal ta\u015flardan biridir. Brezilya, Arjantin ve di\u011fer Afrika \u00fclkelerinde Ametist ta\u015f\u0131 \u00e7\u0131kart\u0131l\u0131r. Kaliteli\u00a0ametist<i>\u00a0<\/i>kristali\u00a0Hindistan ve Uruguay\u2019da olur.<\/p>\n<p>Ametist ta\u015f\u0131, eski medeniyetlerden g\u00fcn\u00fcm\u00fcze kadar bir\u00e7ok farkl\u0131 alanda kullan\u0131lm\u0131\u015ft\u0131r. Kraliyet d\u00f6nemlerinde m\u00fccevher, k\u00fcpe, y\u00fcz\u00fck \u00f6zellikle de ametist kolye olarak kullan\u0131lmaktad\u0131r. Soylular\u0131n ve kraliyet rengi olarak bilinen mor renginin do\u011fal bir ta\u015fta olmas\u0131 kullan\u0131m alanlar\u0131n\u0131 olduk\u00e7a geni\u015fletmi\u015ftir. Eski d\u00f6nemlerde ametist ta\u015f\u0131; yakut elmas kadar de\u011ferlidir.<\/p>\n<p>Eski \u00e7a\u011flardan bug\u00fcne kadar en \u00e7ok tercih edilen Ametist ta\u015f\u0131; rengi, parlakl\u0131\u011f\u0131 ve dekoratif kullan\u0131m\u0131n\u0131n yan\u0131 s\u0131ra faydalar\u0131ndan dolay\u0131 da tercih edilmektedir.\u00a0 Ametist ta\u015f\u0131; do\u011fal ta\u015flar aras\u0131nda t\u00fcm ta\u015flarla, bur\u00e7lar aras\u0131nda ise her bur\u00e7 ile uyumludur ancak \u00f6zellikle ikizler, kova ve ba\u015fak bur\u00e7lar\u0131n\u0131n ta\u015f\u0131d\u0131r. Evrensel enerji ta\u015f\u0131 da diyebiliriz. Ametist ta\u00e7 ve al\u0131n \u00e7akras\u0131n\u0131 simgeler. Zihin arac\u0131l\u0131\u011f\u0131 ile bolluk ve bereketini \u00e7ekmenizi, evrenin sonsuz olumlu enerjisine kendinizi a\u00e7man\u0131z\u0131 temsil eder.<\/p>\n<\/div>\n<div class=\"add-to-cart-container form-minimal is-larger\"><\/div>\n","protected":false},"featured_media":71344,"comment_status":"open","ping_status":"closed","template":"","meta":[],"product_brand":[],"product_cat":[47,258,26],"product_tag":[],"class_list":{"0":"post-13739","1":"product","2":"type-product","3":"status-publish","4":"has-post-thumbnail","6":"product_cat-ametist-serisi","7":"product_cat-bileklik","8":"product_cat-genel","10":"first","11":"outofstock","12":"taxable","13":"shipping-taxable","14":"purchasable","15":"product-type-simple"},"yoast_head":"<!-- This site is optimized with the Yoast SEO plugin v27.3 - https:\/\/yoast.com\/product\/yoast-seo-wordpress\/ -->\n<title>AMET\u0130ST DO\u011eAL TA\u015e B\u0130LEKL\u0130K - Astrolog Elvan<\/title>\n<meta name=\"robots\" content=\"index, follow, max-snippet:-1, max-image-preview:large, max-video-preview:-1\" \/>\n<link rel=\"canonical\" href=\"https:\/\/astrologelvan.com\/magaza\/urun\/ametist-dogal-tas-bileklik-2\/\" \/>\n<meta property=\"og:locale\" content=\"tr_TR\" \/>\n<meta property=\"og:type\" content=\"article\" \/>\n<meta property=\"og:title\" content=\"AMET\u0130ST DO\u011eAL TA\u015e B\u0130LEKL\u0130K - Astrolog Elvan\" \/>\n<meta property=\"og:description\" content=\"Ametist Ta\u015f\u0131\u00a0bilinen en eski do\u011fal ta\u015flardan biridir. Brezilya, Arjantin ve di\u011fer Afrika \u00fclkelerinde Ametist ta\u015f\u0131 \u00e7\u0131kart\u0131l\u0131r. Kaliteli\u00a0ametist\u00a0kristali\u00a0Hindistan ve Uruguay\u2019da olur.  Ametist ta\u015f\u0131, eski medeniyetlerden g\u00fcn\u00fcm\u00fcze kadar bir\u00e7ok farkl\u0131 alanda kullan\u0131lm\u0131\u015ft\u0131r. Kraliyet d\u00f6nemlerinde m\u00fccevher, k\u00fcpe, y\u00fcz\u00fck \u00f6zellikle de ametist kolye olarak kullan\u0131lmaktad\u0131r. Soylular\u0131n ve kraliyet rengi olarak bilinen mor renginin do\u011fal bir ta\u015fta olmas\u0131 kullan\u0131m alanlar\u0131n\u0131 olduk\u00e7a geni\u015fletmi\u015ftir. Eski d\u00f6nemlerde ametist ta\u015f\u0131; yakut elmas kadar de\u011ferlidir.  Eski \u00e7a\u011flardan bug\u00fcne kadar en \u00e7ok tercih edilen Ametist ta\u015f\u0131; rengi, parlakl\u0131\u011f\u0131 ve dekoratif kullan\u0131m\u0131n\u0131n yan\u0131 s\u0131ra faydalar\u0131ndan dolay\u0131 da tercih edilmektedir.\u00a0 Ametist ta\u015f\u0131; do\u011fal ta\u015flar aras\u0131nda t\u00fcm ta\u015flarla, bur\u00e7lar aras\u0131nda ise her bur\u00e7 ile uyumludur ancak \u00f6zellikle ikizler, kova ve ba\u015fak bur\u00e7lar\u0131n\u0131n ta\u015f\u0131d\u0131r. Evrensel enerji ta\u015f\u0131 da diyebiliriz. Ametist ta\u00e7 ve al\u0131n \u00e7akras\u0131n\u0131 simgeler. Zihin arac\u0131l\u0131\u011f\u0131 ile bolluk ve bereketini \u00e7ekmenizi, evrenin sonsuz olumlu enerjisine kendinizi a\u00e7man\u0131z\u0131 temsil eder.\" \/>\n<meta property=\"og:url\" content=\"https:\/\/astrologelvan.com\/magaza\/urun\/ametist-dogal-tas-bileklik-2\/\" \/>\n<meta property=\"og:site_name\" content=\"Astrolog Elvan\" \/>\n<meta property=\"article:modified_time\" content=\"2025-10-06T05:15:16+00:00\" \/>\n<meta property=\"og:image\" content=\"https:\/\/astrologelvan.com\/magaza\/wp-content\/uploads\/2024\/07\/1-4-1-1.jpg\" \/>\n\t<meta property=\"og:image:width\" content=\"1600\" \/>\n\t<meta property=\"og:image:height\" content=\"1600\" \/>\n\t<meta property=\"og:image:type\" content=\"image\/jpeg\" \/>\n<meta name=\"twitter:card\" content=\"summary_large_image\" \/>\n<meta name=\"twitter:label1\" content=\"Tahmini okuma s\u00fcresi\" \/>\n\t<meta name=\"twitter:data1\" content=\"1 dakika\" \/>\n<script type=\"application\/ld+json\" class=\"yoast-schema-graph\">{\"@context\":\"https:\\\/\\\/schema.org\",\"@graph\":[{\"@type\":[\"WebPage\",\"ItemPage\"],\"@id\":\"https:\\\/\\\/astrologelvan.com\\\/magaza\\\/urun\\\/ametist-dogal-tas-bileklik-2\\\/\",\"url\":\"https:\\\/\\\/astrologelvan.com\\\/magaza\\\/urun\\\/ametist-dogal-tas-bileklik-2\\\/\",\"name\":\"AMET\u0130ST DO\u011eAL TA\u015e B\u0130LEKL\u0130K - Astrolog Elvan\",\"isPartOf\":{\"@id\":\"https:\\\/\\\/astrologelvan.com\\\/magaza\\\/#website\"},\"primaryImageOfPage\":{\"@id\":\"https:\\\/\\\/astrologelvan.com\\\/magaza\\\/urun\\\/ametist-dogal-tas-bileklik-2\\\/#primaryimage\"},\"image\":{\"@id\":\"https:\\\/\\\/astrologelvan.com\\\/magaza\\\/urun\\\/ametist-dogal-tas-bileklik-2\\\/#primaryimage\"},\"thumbnailUrl\":\"https:\\\/\\\/astrologelvan.com\\\/magaza\\\/wp-content\\\/uploads\\\/2024\\\/07\\\/1-4-1-1.jpg\",\"datePublished\":\"2024-07-17T08:52:59+00:00\",\"dateModified\":\"2025-10-06T05:15:16+00:00\",\"breadcrumb\":{\"@id\":\"https:\\\/\\\/astrologelvan.com\\\/magaza\\\/urun\\\/ametist-dogal-tas-bileklik-2\\\/#breadcrumb\"},\"inLanguage\":\"tr\",\"potentialAction\":[{\"@type\":\"ReadAction\",\"target\":[\"https:\\\/\\\/astrologelvan.com\\\/magaza\\\/urun\\\/ametist-dogal-tas-bileklik-2\\\/\"]}]},{\"@type\":\"ImageObject\",\"inLanguage\":\"tr\",\"@id\":\"https:\\\/\\\/astrologelvan.com\\\/magaza\\\/urun\\\/ametist-dogal-tas-bileklik-2\\\/#primaryimage\",\"url\":\"https:\\\/\\\/astrologelvan.com\\\/magaza\\\/wp-content\\\/uploads\\\/2024\\\/07\\\/1-4-1-1.jpg\",\"contentUrl\":\"https:\\\/\\\/astrologelvan.com\\\/magaza\\\/wp-content\\\/uploads\\\/2024\\\/07\\\/1-4-1-1.jpg\",\"width\":1600,\"height\":1600},{\"@type\":\"BreadcrumbList\",\"@id\":\"https:\\\/\\\/astrologelvan.com\\\/magaza\\\/urun\\\/ametist-dogal-tas-bileklik-2\\\/#breadcrumb\",\"itemListElement\":[{\"@type\":\"ListItem\",\"position\":1,\"name\":\"Anasayfa\",\"item\":\"https:\\\/\\\/astrologelvan.com\\\/magaza\\\/\"},{\"@type\":\"ListItem\",\"position\":2,\"name\":\"Ma\u011faza\",\"item\":\"https:\\\/\\\/astrologelvan.com\\\/magaza\\\/magaza\\\/\"},{\"@type\":\"ListItem\",\"position\":3,\"name\":\"AMET\u0130ST DO\u011eAL TA\u015e B\u0130LEKL\u0130K\"}]},{\"@type\":\"WebSite\",\"@id\":\"https:\\\/\\\/astrologelvan.com\\\/magaza\\\/#website\",\"url\":\"https:\\\/\\\/astrologelvan.com\\\/magaza\\\/\",\"name\":\"Astrolog Elvan\",\"description\":\"\",\"potentialAction\":[{\"@type\":\"SearchAction\",\"target\":{\"@type\":\"EntryPoint\",\"urlTemplate\":\"https:\\\/\\\/astrologelvan.com\\\/magaza\\\/?s={search_term_string}\"},\"query-input\":{\"@type\":\"PropertyValueSpecification\",\"valueRequired\":true,\"valueName\":\"search_term_string\"}}],\"inLanguage\":\"tr\"}]}<\/script>\n<!-- \/ Yoast SEO plugin. -->","yoast_head_json":{"title":"AMET\u0130ST DO\u011eAL TA\u015e B\u0130LEKL\u0130K - Astrolog Elvan","robots":{"index":"index","follow":"follow","max-snippet":"max-snippet:-1","max-image-preview":"max-image-preview:large","max-video-preview":"max-video-preview:-1"},"canonical":"https:\/\/astrologelvan.com\/magaza\/urun\/ametist-dogal-tas-bileklik-2\/","og_locale":"tr_TR","og_type":"article","og_title":"AMET\u0130ST DO\u011eAL TA\u015e B\u0130LEKL\u0130K - Astrolog Elvan","og_description":"Ametist Ta\u015f\u0131\u00a0bilinen en eski do\u011fal ta\u015flardan biridir. Brezilya, Arjantin ve di\u011fer Afrika \u00fclkelerinde Ametist ta\u015f\u0131 \u00e7\u0131kart\u0131l\u0131r. Kaliteli\u00a0ametist\u00a0kristali\u00a0Hindistan ve Uruguay\u2019da olur.  Ametist ta\u015f\u0131, eski medeniyetlerden g\u00fcn\u00fcm\u00fcze kadar bir\u00e7ok farkl\u0131 alanda kullan\u0131lm\u0131\u015ft\u0131r. Kraliyet d\u00f6nemlerinde m\u00fccevher, k\u00fcpe, y\u00fcz\u00fck \u00f6zellikle de ametist kolye olarak kullan\u0131lmaktad\u0131r. Soylular\u0131n ve kraliyet rengi olarak bilinen mor renginin do\u011fal bir ta\u015fta olmas\u0131 kullan\u0131m alanlar\u0131n\u0131 olduk\u00e7a geni\u015fletmi\u015ftir. Eski d\u00f6nemlerde ametist ta\u015f\u0131; yakut elmas kadar de\u011ferlidir.  Eski \u00e7a\u011flardan bug\u00fcne kadar en \u00e7ok tercih edilen Ametist ta\u015f\u0131; rengi, parlakl\u0131\u011f\u0131 ve dekoratif kullan\u0131m\u0131n\u0131n yan\u0131 s\u0131ra faydalar\u0131ndan dolay\u0131 da tercih edilmektedir.\u00a0 Ametist ta\u015f\u0131; do\u011fal ta\u015flar aras\u0131nda t\u00fcm ta\u015flarla, bur\u00e7lar aras\u0131nda ise her bur\u00e7 ile uyumludur ancak \u00f6zellikle ikizler, kova ve ba\u015fak bur\u00e7lar\u0131n\u0131n ta\u015f\u0131d\u0131r. Evrensel enerji ta\u015f\u0131 da diyebiliriz. Ametist ta\u00e7 ve al\u0131n \u00e7akras\u0131n\u0131 simgeler. Zihin arac\u0131l\u0131\u011f\u0131 ile bolluk ve bereketini \u00e7ekmenizi, evrenin sonsuz olumlu enerjisine kendinizi a\u00e7man\u0131z\u0131 temsil eder.","og_url":"https:\/\/astrologelvan.com\/magaza\/urun\/ametist-dogal-tas-bileklik-2\/","og_site_name":"Astrolog Elvan","article_modified_time":"2025-10-06T05:15:16+00:00","og_image":[{"width":1600,"height":1600,"url":"https:\/\/astrologelvan.com\/magaza\/wp-content\/uploads\/2024\/07\/1-4-1-1.jpg","type":"image\/jpeg"}],"twitter_card":"summary_large_image","twitter_misc":{"Tahmini okuma s\u00fcresi":"1 dakika"},"schema":{"@context":"https:\/\/schema.org","@graph":[{"@type":["WebPage","ItemPage"],"@id":"https:\/\/astrologelvan.com\/magaza\/urun\/ametist-dogal-tas-bileklik-2\/","url":"https:\/\/astrologelvan.com\/magaza\/urun\/ametist-dogal-tas-bileklik-2\/","name":"AMET\u0130ST DO\u011eAL TA\u015e B\u0130LEKL\u0130K - Astrolog Elvan","isPartOf":{"@id":"https:\/\/astrologelvan.com\/magaza\/#website"},"primaryImageOfPage":{"@id":"https:\/\/astrologelvan.com\/magaza\/urun\/ametist-dogal-tas-bileklik-2\/#primaryimage"},"image":{"@id":"https:\/\/astrologelvan.com\/magaza\/urun\/ametist-dogal-tas-bileklik-2\/#primaryimage"},"thumbnailUrl":"https:\/\/astrologelvan.com\/magaza\/wp-content\/uploads\/2024\/07\/1-4-1-1.jpg","datePublished":"2024-07-17T08:52:59+00:00","dateModified":"2025-10-06T05:15:16+00:00","breadcrumb":{"@id":"https:\/\/astrologelvan.com\/magaza\/urun\/ametist-dogal-tas-bileklik-2\/#breadcrumb"},"inLanguage":"tr","potentialAction":[{"@type":"ReadAction","target":["https:\/\/astrologelvan.com\/magaza\/urun\/ametist-dogal-tas-bileklik-2\/"]}]},{"@type":"ImageObject","inLanguage":"tr","@id":"https:\/\/astrologelvan.com\/magaza\/urun\/ametist-dogal-tas-bileklik-2\/#primaryimage","url":"https:\/\/astrologelvan.com\/magaza\/wp-content\/uploads\/2024\/07\/1-4-1-1.jpg","contentUrl":"https:\/\/astrologelvan.com\/magaza\/wp-content\/uploads\/2024\/07\/1-4-1-1.jpg","width":1600,"height":1600},{"@type":"BreadcrumbList","@id":"https:\/\/astrologelvan.com\/magaza\/urun\/ametist-dogal-tas-bileklik-2\/#breadcrumb","itemListElement":[{"@type":"ListItem","position":1,"name":"Anasayfa","item":"https:\/\/astrologelvan.com\/magaza\/"},{"@type":"ListItem","position":2,"name":"Ma\u011faza","item":"https:\/\/astrologelvan.com\/magaza\/magaza\/"},{"@type":"ListItem","position":3,"name":"AMET\u0130ST DO\u011eAL TA\u015e B\u0130LEKL\u0130K"}]},{"@type":"WebSite","@id":"https:\/\/astrologelvan.com\/magaza\/#website","url":"https:\/\/astrologelvan.com\/magaza\/","name":"Astrolog Elvan","description":"","potentialAction":[{"@type":"SearchAction","target":{"@type":"EntryPoint","urlTemplate":"https:\/\/astrologelvan.com\/magaza\/?s={search_term_string}"},"query-input":{"@type":"PropertyValueSpecification","valueRequired":true,"valueName":"search_term_string"}}],"inLanguage":"tr"}]}},"_links":{"self":[{"href":"https:\/\/astrologelvan.com\/magaza\/wp-json\/wp\/v2\/product\/13739","targetHints":{"allow":["GET"]}}],"collection":[{"href":"https:\/\/astrologelvan.com\/magaza\/wp-json\/wp\/v2\/product"}],"about":[{"href":"https:\/\/astrologelvan.com\/magaza\/wp-json\/wp\/v2\/types\/product"}],"replies":[{"embeddable":true,"href":"https:\/\/astrologelvan.com\/magaza\/wp-json\/wp\/v2\/comments?post=13739"}],"wp:featuredmedia":[{"embeddable":true,"href":"https:\/\/astrologelvan.com\/magaza\/wp-json\/wp\/v2\/media\/71344"}],"wp:attachment":[{"href":"https:\/\/astrologelvan.com\/magaza\/wp-json\/wp\/v2\/media?parent=13739"}],"wp:term":[{"taxonomy":"product_brand","embeddable":true,"href":"https:\/\/astrologelvan.com\/magaza\/wp-json\/wp\/v2\/product_brand?post=13739"},{"taxonomy":"product_cat","embeddable":true,"href":"https:\/\/astrologelvan.com\/magaza\/wp-json\/wp\/v2\/product_cat?post=13739"},{"taxonomy":"product_tag","embeddable":true,"href":"https:\/\/astrologelvan.com\/magaza\/wp-json\/wp\/v2\/product_tag?post=13739"}],"curies":[{"name":"wp","href":"https:\/\/api.w.org\/{rel}","templated":true}]}}