{"id":13726,"date":"2024-07-17T11:14:44","date_gmt":"2024-07-17T08:14:44","guid":{"rendered":"https:\/\/astrologelvan.com\/magaza\/?post_type=product&#038;p=13726"},"modified":"2025-10-06T08:15:16","modified_gmt":"2025-10-06T05:15:16","slug":"morganit-bileklik","status":"publish","type":"product","link":"https:\/\/astrologelvan.com\/magaza\/urun\/morganit-bileklik\/","title":{"rendered":"MORGAN\u0130T B\u0130LEKL\u0130K"},"content":{"rendered":"<p><strong>\u00dcr\u00fcn \u00d6zellikleri:<\/strong><\/p>\n<p>Bilekli\u011fin A\u011f\u0131rl\u0131\u011f\u0131: 18 Gram<\/p>\n<p class=\"s7\"><span class=\"s3\"><span class=\"bumpedFont15\">Ta\u015flar\u0131n yakla\u015f\u0131k \u00f6l\u00e7\u00fcs\u00fc:\u00a0<\/span><\/span><span class=\"s3\"><span class=\"bumpedFont15\">8\u00a0<\/span><\/span><span class=\"s3\"><span class=\"bumpedFont15\">mm<\/span><\/span><\/p>\n","protected":false},"excerpt":{"rendered":"<p>Ki\u015finin duygu durumunu dengelemekle beraber i\u00e7 huzur, g\u00fc\u00e7 ve ne\u015fe duygular\u0131yla da ba\u011flant\u0131lar\u0131n\u0131z\u0131 g\u00fc\u00e7lendirir. Uzun s\u00fcre tak\u0131ld\u0131\u011f\u0131nda ise \u00f6zg\u00fcven tazelemesi ya\u015fayabilirsiniz. \u00d6zellikle g\u00fcven ve sadakat dolu ili\u015fki ya\u015famak isteyen ve ili\u015fkisini evlili\u011fe ta\u015f\u0131mak isteyen ki\u015filer Morganit ta\u015f\u0131 kullanmal\u0131d\u0131r.<\/p>\n","protected":false},"featured_media":13728,"comment_status":"open","ping_status":"closed","template":"","meta":[],"product_brand":[],"product_cat":[258,26,439],"product_tag":[],"class_list":{"0":"post-13726","1":"product","2":"type-product","3":"status-publish","4":"has-post-thumbnail","6":"product_cat-bileklik","7":"product_cat-genel","8":"product_cat-morganit-tasi","10":"first","11":"outofstock","12":"taxable","13":"shipping-taxable","14":"purchasable","15":"product-type-simple"},"yoast_head":"<!-- This site is optimized with the Yoast SEO plugin v27.3 - https:\/\/yoast.com\/product\/yoast-seo-wordpress\/ -->\n<title>MORGAN\u0130T B\u0130LEKL\u0130K - Astrolog Elvan<\/title>\n<meta name=\"robots\" content=\"index, follow, max-snippet:-1, max-image-preview:large, max-video-preview:-1\" \/>\n<link rel=\"canonical\" href=\"https:\/\/astrologelvan.com\/magaza\/urun\/morganit-bileklik\/\" \/>\n<meta property=\"og:locale\" content=\"tr_TR\" \/>\n<meta property=\"og:type\" content=\"article\" \/>\n<meta property=\"og:title\" content=\"MORGAN\u0130T B\u0130LEKL\u0130K - Astrolog Elvan\" \/>\n<meta property=\"og:description\" content=\"Ki\u015finin duygu durumunu dengelemekle beraber i\u00e7 huzur, g\u00fc\u00e7 ve ne\u015fe duygular\u0131yla da ba\u011flant\u0131lar\u0131n\u0131z\u0131 g\u00fc\u00e7lendirir. Uzun s\u00fcre tak\u0131ld\u0131\u011f\u0131nda ise \u00f6zg\u00fcven tazelemesi ya\u015fayabilirsiniz. \u00d6zellikle g\u00fcven ve sadakat dolu ili\u015fki ya\u015famak isteyen ve ili\u015fkisini evlili\u011fe ta\u015f\u0131mak isteyen ki\u015filer Morganit ta\u015f\u0131 kullanmal\u0131d\u0131r.\" \/>\n<meta property=\"og:url\" content=\"https:\/\/astrologelvan.com\/magaza\/urun\/morganit-bileklik\/\" \/>\n<meta property=\"og:site_name\" content=\"Astrolog Elvan\" \/>\n<meta property=\"article:modified_time\" content=\"2025-10-06T05:15:16+00:00\" \/>\n<meta property=\"og:image\" content=\"https:\/\/astrologelvan.com\/magaza\/wp-content\/uploads\/2024\/07\/4.jpg\" \/>\n\t<meta property=\"og:image:width\" content=\"1600\" \/>\n\t<meta property=\"og:image:height\" content=\"1600\" \/>\n\t<meta property=\"og:image:type\" content=\"image\/jpeg\" \/>\n<meta name=\"twitter:card\" content=\"summary_large_image\" \/>\n<meta name=\"twitter:label1\" content=\"Tahmini okuma s\u00fcresi\" \/>\n\t<meta name=\"twitter:data1\" content=\"1 dakika\" \/>\n<script type=\"application\/ld+json\" class=\"yoast-schema-graph\">{\"@context\":\"https:\\\/\\\/schema.org\",\"@graph\":[{\"@type\":[\"WebPage\",\"ItemPage\"],\"@id\":\"https:\\\/\\\/astrologelvan.com\\\/magaza\\\/urun\\\/morganit-bileklik\\\/\",\"url\":\"https:\\\/\\\/astrologelvan.com\\\/magaza\\\/urun\\\/morganit-bileklik\\\/\",\"name\":\"MORGAN\u0130T B\u0130LEKL\u0130K - Astrolog Elvan\",\"isPartOf\":{\"@id\":\"https:\\\/\\\/astrologelvan.com\\\/magaza\\\/#website\"},\"primaryImageOfPage\":{\"@id\":\"https:\\\/\\\/astrologelvan.com\\\/magaza\\\/urun\\\/morganit-bileklik\\\/#primaryimage\"},\"image\":{\"@id\":\"https:\\\/\\\/astrologelvan.com\\\/magaza\\\/urun\\\/morganit-bileklik\\\/#primaryimage\"},\"thumbnailUrl\":\"https:\\\/\\\/astrologelvan.com\\\/magaza\\\/wp-content\\\/uploads\\\/2024\\\/07\\\/4.jpg\",\"datePublished\":\"2024-07-17T08:14:44+00:00\",\"dateModified\":\"2025-10-06T05:15:16+00:00\",\"breadcrumb\":{\"@id\":\"https:\\\/\\\/astrologelvan.com\\\/magaza\\\/urun\\\/morganit-bileklik\\\/#breadcrumb\"},\"inLanguage\":\"tr\",\"potentialAction\":[{\"@type\":\"ReadAction\",\"target\":[\"https:\\\/\\\/astrologelvan.com\\\/magaza\\\/urun\\\/morganit-bileklik\\\/\"]}]},{\"@type\":\"ImageObject\",\"inLanguage\":\"tr\",\"@id\":\"https:\\\/\\\/astrologelvan.com\\\/magaza\\\/urun\\\/morganit-bileklik\\\/#primaryimage\",\"url\":\"https:\\\/\\\/astrologelvan.com\\\/magaza\\\/wp-content\\\/uploads\\\/2024\\\/07\\\/4.jpg\",\"contentUrl\":\"https:\\\/\\\/astrologelvan.com\\\/magaza\\\/wp-content\\\/uploads\\\/2024\\\/07\\\/4.jpg\",\"width\":1600,\"height\":1600},{\"@type\":\"BreadcrumbList\",\"@id\":\"https:\\\/\\\/astrologelvan.com\\\/magaza\\\/urun\\\/morganit-bileklik\\\/#breadcrumb\",\"itemListElement\":[{\"@type\":\"ListItem\",\"position\":1,\"name\":\"Anasayfa\",\"item\":\"https:\\\/\\\/astrologelvan.com\\\/magaza\\\/\"},{\"@type\":\"ListItem\",\"position\":2,\"name\":\"Ma\u011faza\",\"item\":\"https:\\\/\\\/astrologelvan.com\\\/magaza\\\/magaza\\\/\"},{\"@type\":\"ListItem\",\"position\":3,\"name\":\"MORGAN\u0130T B\u0130LEKL\u0130K\"}]},{\"@type\":\"WebSite\",\"@id\":\"https:\\\/\\\/astrologelvan.com\\\/magaza\\\/#website\",\"url\":\"https:\\\/\\\/astrologelvan.com\\\/magaza\\\/\",\"name\":\"Astrolog Elvan\",\"description\":\"\",\"potentialAction\":[{\"@type\":\"SearchAction\",\"target\":{\"@type\":\"EntryPoint\",\"urlTemplate\":\"https:\\\/\\\/astrologelvan.com\\\/magaza\\\/?s={search_term_string}\"},\"query-input\":{\"@type\":\"PropertyValueSpecification\",\"valueRequired\":true,\"valueName\":\"search_term_string\"}}],\"inLanguage\":\"tr\"}]}<\/script>\n<!-- \/ Yoast SEO plugin. -->","yoast_head_json":{"title":"MORGAN\u0130T B\u0130LEKL\u0130K - Astrolog Elvan","robots":{"index":"index","follow":"follow","max-snippet":"max-snippet:-1","max-image-preview":"max-image-preview:large","max-video-preview":"max-video-preview:-1"},"canonical":"https:\/\/astrologelvan.com\/magaza\/urun\/morganit-bileklik\/","og_locale":"tr_TR","og_type":"article","og_title":"MORGAN\u0130T B\u0130LEKL\u0130K - Astrolog Elvan","og_description":"Ki\u015finin duygu durumunu dengelemekle beraber i\u00e7 huzur, g\u00fc\u00e7 ve ne\u015fe duygular\u0131yla da ba\u011flant\u0131lar\u0131n\u0131z\u0131 g\u00fc\u00e7lendirir. Uzun s\u00fcre tak\u0131ld\u0131\u011f\u0131nda ise \u00f6zg\u00fcven tazelemesi ya\u015fayabilirsiniz. \u00d6zellikle g\u00fcven ve sadakat dolu ili\u015fki ya\u015famak isteyen ve ili\u015fkisini evlili\u011fe ta\u015f\u0131mak isteyen ki\u015filer Morganit ta\u015f\u0131 kullanmal\u0131d\u0131r.","og_url":"https:\/\/astrologelvan.com\/magaza\/urun\/morganit-bileklik\/","og_site_name":"Astrolog Elvan","article_modified_time":"2025-10-06T05:15:16+00:00","og_image":[{"width":1600,"height":1600,"url":"https:\/\/astrologelvan.com\/magaza\/wp-content\/uploads\/2024\/07\/4.jpg","type":"image\/jpeg"}],"twitter_card":"summary_large_image","twitter_misc":{"Tahmini okuma s\u00fcresi":"1 dakika"},"schema":{"@context":"https:\/\/schema.org","@graph":[{"@type":["WebPage","ItemPage"],"@id":"https:\/\/astrologelvan.com\/magaza\/urun\/morganit-bileklik\/","url":"https:\/\/astrologelvan.com\/magaza\/urun\/morganit-bileklik\/","name":"MORGAN\u0130T B\u0130LEKL\u0130K - Astrolog Elvan","isPartOf":{"@id":"https:\/\/astrologelvan.com\/magaza\/#website"},"primaryImageOfPage":{"@id":"https:\/\/astrologelvan.com\/magaza\/urun\/morganit-bileklik\/#primaryimage"},"image":{"@id":"https:\/\/astrologelvan.com\/magaza\/urun\/morganit-bileklik\/#primaryimage"},"thumbnailUrl":"https:\/\/astrologelvan.com\/magaza\/wp-content\/uploads\/2024\/07\/4.jpg","datePublished":"2024-07-17T08:14:44+00:00","dateModified":"2025-10-06T05:15:16+00:00","breadcrumb":{"@id":"https:\/\/astrologelvan.com\/magaza\/urun\/morganit-bileklik\/#breadcrumb"},"inLanguage":"tr","potentialAction":[{"@type":"ReadAction","target":["https:\/\/astrologelvan.com\/magaza\/urun\/morganit-bileklik\/"]}]},{"@type":"ImageObject","inLanguage":"tr","@id":"https:\/\/astrologelvan.com\/magaza\/urun\/morganit-bileklik\/#primaryimage","url":"https:\/\/astrologelvan.com\/magaza\/wp-content\/uploads\/2024\/07\/4.jpg","contentUrl":"https:\/\/astrologelvan.com\/magaza\/wp-content\/uploads\/2024\/07\/4.jpg","width":1600,"height":1600},{"@type":"BreadcrumbList","@id":"https:\/\/astrologelvan.com\/magaza\/urun\/morganit-bileklik\/#breadcrumb","itemListElement":[{"@type":"ListItem","position":1,"name":"Anasayfa","item":"https:\/\/astrologelvan.com\/magaza\/"},{"@type":"ListItem","position":2,"name":"Ma\u011faza","item":"https:\/\/astrologelvan.com\/magaza\/magaza\/"},{"@type":"ListItem","position":3,"name":"MORGAN\u0130T B\u0130LEKL\u0130K"}]},{"@type":"WebSite","@id":"https:\/\/astrologelvan.com\/magaza\/#website","url":"https:\/\/astrologelvan.com\/magaza\/","name":"Astrolog Elvan","description":"","potentialAction":[{"@type":"SearchAction","target":{"@type":"EntryPoint","urlTemplate":"https:\/\/astrologelvan.com\/magaza\/?s={search_term_string}"},"query-input":{"@type":"PropertyValueSpecification","valueRequired":true,"valueName":"search_term_string"}}],"inLanguage":"tr"}]}},"_links":{"self":[{"href":"https:\/\/astrologelvan.com\/magaza\/wp-json\/wp\/v2\/product\/13726","targetHints":{"allow":["GET"]}}],"collection":[{"href":"https:\/\/astrologelvan.com\/magaza\/wp-json\/wp\/v2\/product"}],"about":[{"href":"https:\/\/astrologelvan.com\/magaza\/wp-json\/wp\/v2\/types\/product"}],"replies":[{"embeddable":true,"href":"https:\/\/astrologelvan.com\/magaza\/wp-json\/wp\/v2\/comments?post=13726"}],"wp:featuredmedia":[{"embeddable":true,"href":"https:\/\/astrologelvan.com\/magaza\/wp-json\/wp\/v2\/media\/13728"}],"wp:attachment":[{"href":"https:\/\/astrologelvan.com\/magaza\/wp-json\/wp\/v2\/media?parent=13726"}],"wp:term":[{"taxonomy":"product_brand","embeddable":true,"href":"https:\/\/astrologelvan.com\/magaza\/wp-json\/wp\/v2\/product_brand?post=13726"},{"taxonomy":"product_cat","embeddable":true,"href":"https:\/\/astrologelvan.com\/magaza\/wp-json\/wp\/v2\/product_cat?post=13726"},{"taxonomy":"product_tag","embeddable":true,"href":"https:\/\/astrologelvan.com\/magaza\/wp-json\/wp\/v2\/product_tag?post=13726"}],"curies":[{"name":"wp","href":"https:\/\/api.w.org\/{rel}","templated":true}]}}