{"id":134587,"date":"2025-12-09T17:42:04","date_gmt":"2025-12-09T14:42:04","guid":{"rendered":"https:\/\/astrologelvan.com\/magaza\/?post_type=product&#038;p=134587"},"modified":"2026-03-23T02:14:46","modified_gmt":"2026-03-22T23:14:46","slug":"lapis-lazuli-koruma-bilgelik-agaci","status":"publish","type":"product","link":"https:\/\/astrologelvan.com\/magaza\/urun\/lapis-lazuli-koruma-bilgelik-agaci\/","title":{"rendered":"LAP\u0130S LAZUL\u0130 KORUMA &amp; B\u0130LGEL\u0130K A\u011eACI"},"content":{"rendered":"","protected":false},"excerpt":{"rendered":"<p>Lapis Lazuli\u2019nin ruhsal koruma sa\u011flayan derin bilgeli\u011fi, bu kaya\u00e7 formundaki enerji a\u011fac\u0131nda hayat buluyor.<br \/>\n\u00d6zellikle dolunay zamanlar\u0131nda ve negatif gezegen etkilerinin yo\u011fun hissedildi\u011fi g\u00fcnlerde, auran\u0131z\u0131 korudu\u011funa ve \u00e7evresel enerjileri dengeledi\u011fine inan\u0131l\u0131r. Antik M\u0131s\u0131r\u2019da Firavunlar\u0131n ta\u015f\u0131 olarak bilinen Lapis Lazuli\u2019nin, piramitlerin duvarlar\u0131nda dahi kullan\u0131ld\u0131\u011f\u0131na dair bilgiler bulunur.<\/p>\n<p>G\u00f6z\u00fc a\u00e7t\u0131\u011f\u0131, sezgileri g\u00fc\u00e7lendirdi\u011fi ve zihinsel berrakl\u0131\u011f\u0131 art\u0131rd\u0131\u011f\u0131 s\u00f6ylenir.<br \/>\nHer bir dal\u0131, bilgelik ak\u0131\u015f\u0131n\u0131n \u00e7o\u011falmas\u0131n\u0131; her bir kristal yapra\u011f\u0131 ise ruhsal fark\u0131ndal\u0131\u011f\u0131n yeniden a\u00e7\u0131l\u0131\u015f\u0131n\u0131 temsil eder.<\/p>\n<p><strong>Ruhsal koruma, sezgi g\u00fcc\u00fc ve i\u00e7sel dengelenme arayan herkes i\u00e7in ideal.<\/strong><\/p>\n<p>Hemen sahip olun; Lapis Lazuli\u2019nin g\u00fc\u00e7l\u00fc enerjisini evinize davet edin.<\/p>\n","protected":false},"featured_media":134593,"comment_status":"open","ping_status":"closed","template":"","meta":[],"product_brand":[596],"product_cat":[165],"product_tag":[],"class_list":{"0":"post-134587","1":"product","2":"type-product","3":"status-publish","4":"has-post-thumbnail","6":"product_brand-astrolog-elvan","7":"product_cat-lapis-lazuli","9":"first","10":"instock","11":"taxable","12":"shipping-taxable","13":"purchasable","14":"product-type-simple"},"yoast_head":"<!-- This site is optimized with the Yoast SEO plugin v27.3 - https:\/\/yoast.com\/product\/yoast-seo-wordpress\/ -->\n<title>LAP\u0130S LAZUL\u0130 KORUMA &amp; B\u0130LGEL\u0130K A\u011eACI - Astrolog Elvan<\/title>\n<meta name=\"robots\" content=\"index, follow, max-snippet:-1, max-image-preview:large, max-video-preview:-1\" \/>\n<link rel=\"canonical\" href=\"https:\/\/astrologelvan.com\/magaza\/urun\/lapis-lazuli-koruma-bilgelik-agaci\/\" \/>\n<meta property=\"og:locale\" content=\"tr_TR\" \/>\n<meta property=\"og:type\" content=\"article\" \/>\n<meta property=\"og:title\" content=\"LAP\u0130S LAZUL\u0130 KORUMA &amp; B\u0130LGEL\u0130K A\u011eACI - Astrolog Elvan\" \/>\n<meta property=\"og:description\" content=\"Lapis Lazuli\u2019nin ruhsal koruma sa\u011flayan derin bilgeli\u011fi, bu kaya\u00e7 formundaki enerji a\u011fac\u0131nda hayat buluyor. \u00d6zellikle dolunay zamanlar\u0131nda ve negatif gezegen etkilerinin yo\u011fun hissedildi\u011fi g\u00fcnlerde, auran\u0131z\u0131 korudu\u011funa ve \u00e7evresel enerjileri dengeledi\u011fine inan\u0131l\u0131r. Antik M\u0131s\u0131r\u2019da Firavunlar\u0131n ta\u015f\u0131 olarak bilinen Lapis Lazuli\u2019nin, piramitlerin duvarlar\u0131nda dahi kullan\u0131ld\u0131\u011f\u0131na dair bilgiler bulunur.  G\u00f6z\u00fc a\u00e7t\u0131\u011f\u0131, sezgileri g\u00fc\u00e7lendirdi\u011fi ve zihinsel berrakl\u0131\u011f\u0131 art\u0131rd\u0131\u011f\u0131 s\u00f6ylenir. Her bir dal\u0131, bilgelik ak\u0131\u015f\u0131n\u0131n \u00e7o\u011falmas\u0131n\u0131; her bir kristal yapra\u011f\u0131 ise ruhsal fark\u0131ndal\u0131\u011f\u0131n yeniden a\u00e7\u0131l\u0131\u015f\u0131n\u0131 temsil eder.  Ruhsal koruma, sezgi g\u00fcc\u00fc ve i\u00e7sel dengelenme arayan herkes i\u00e7in ideal.  Hemen sahip olun; Lapis Lazuli\u2019nin g\u00fc\u00e7l\u00fc enerjisini evinize davet edin.\" \/>\n<meta property=\"og:url\" content=\"https:\/\/astrologelvan.com\/magaza\/urun\/lapis-lazuli-koruma-bilgelik-agaci\/\" \/>\n<meta property=\"og:site_name\" content=\"Astrolog Elvan\" \/>\n<meta property=\"article:modified_time\" content=\"2026-03-22T23:14:46+00:00\" \/>\n<meta property=\"og:image\" content=\"https:\/\/astrologelvan.com\/magaza\/wp-content\/uploads\/2025\/12\/IMG_6167-scaled.webp\" \/>\n\t<meta property=\"og:image:width\" content=\"1440\" \/>\n\t<meta property=\"og:image:height\" content=\"2560\" \/>\n\t<meta property=\"og:image:type\" content=\"image\/webp\" \/>\n<meta name=\"twitter:card\" content=\"summary_large_image\" \/>\n<script type=\"application\/ld+json\" class=\"yoast-schema-graph\">{\"@context\":\"https:\\\/\\\/schema.org\",\"@graph\":[{\"@type\":[\"WebPage\",\"ItemPage\"],\"@id\":\"https:\\\/\\\/astrologelvan.com\\\/magaza\\\/urun\\\/lapis-lazuli-koruma-bilgelik-agaci\\\/\",\"url\":\"https:\\\/\\\/astrologelvan.com\\\/magaza\\\/urun\\\/lapis-lazuli-koruma-bilgelik-agaci\\\/\",\"name\":\"LAP\u0130S LAZUL\u0130 KORUMA &amp; B\u0130LGEL\u0130K A\u011eACI - Astrolog Elvan\",\"isPartOf\":{\"@id\":\"https:\\\/\\\/astrologelvan.com\\\/magaza\\\/#website\"},\"primaryImageOfPage\":{\"@id\":\"https:\\\/\\\/astrologelvan.com\\\/magaza\\\/urun\\\/lapis-lazuli-koruma-bilgelik-agaci\\\/#primaryimage\"},\"image\":{\"@id\":\"https:\\\/\\\/astrologelvan.com\\\/magaza\\\/urun\\\/lapis-lazuli-koruma-bilgelik-agaci\\\/#primaryimage\"},\"thumbnailUrl\":\"https:\\\/\\\/astrologelvan.com\\\/magaza\\\/wp-content\\\/uploads\\\/2025\\\/12\\\/IMG_6167-scaled.webp\",\"datePublished\":\"2025-12-09T14:42:04+00:00\",\"dateModified\":\"2026-03-22T23:14:46+00:00\",\"breadcrumb\":{\"@id\":\"https:\\\/\\\/astrologelvan.com\\\/magaza\\\/urun\\\/lapis-lazuli-koruma-bilgelik-agaci\\\/#breadcrumb\"},\"inLanguage\":\"tr\",\"potentialAction\":[{\"@type\":\"ReadAction\",\"target\":[\"https:\\\/\\\/astrologelvan.com\\\/magaza\\\/urun\\\/lapis-lazuli-koruma-bilgelik-agaci\\\/\"]}]},{\"@type\":\"ImageObject\",\"inLanguage\":\"tr\",\"@id\":\"https:\\\/\\\/astrologelvan.com\\\/magaza\\\/urun\\\/lapis-lazuli-koruma-bilgelik-agaci\\\/#primaryimage\",\"url\":\"https:\\\/\\\/astrologelvan.com\\\/magaza\\\/wp-content\\\/uploads\\\/2025\\\/12\\\/IMG_6167-scaled.webp\",\"contentUrl\":\"https:\\\/\\\/astrologelvan.com\\\/magaza\\\/wp-content\\\/uploads\\\/2025\\\/12\\\/IMG_6167-scaled.webp\",\"width\":1440,\"height\":2560},{\"@type\":\"BreadcrumbList\",\"@id\":\"https:\\\/\\\/astrologelvan.com\\\/magaza\\\/urun\\\/lapis-lazuli-koruma-bilgelik-agaci\\\/#breadcrumb\",\"itemListElement\":[{\"@type\":\"ListItem\",\"position\":1,\"name\":\"Anasayfa\",\"item\":\"https:\\\/\\\/astrologelvan.com\\\/magaza\\\/\"},{\"@type\":\"ListItem\",\"position\":2,\"name\":\"Ma\u011faza\",\"item\":\"https:\\\/\\\/astrologelvan.com\\\/magaza\\\/magaza\\\/\"},{\"@type\":\"ListItem\",\"position\":3,\"name\":\"LAP\u0130S LAZUL\u0130 KORUMA &amp; B\u0130LGEL\u0130K A\u011eACI\"}]},{\"@type\":\"WebSite\",\"@id\":\"https:\\\/\\\/astrologelvan.com\\\/magaza\\\/#website\",\"url\":\"https:\\\/\\\/astrologelvan.com\\\/magaza\\\/\",\"name\":\"Astrolog Elvan\",\"description\":\"\",\"potentialAction\":[{\"@type\":\"SearchAction\",\"target\":{\"@type\":\"EntryPoint\",\"urlTemplate\":\"https:\\\/\\\/astrologelvan.com\\\/magaza\\\/?s={search_term_string}\"},\"query-input\":{\"@type\":\"PropertyValueSpecification\",\"valueRequired\":true,\"valueName\":\"search_term_string\"}}],\"inLanguage\":\"tr\"}]}<\/script>\n<!-- \/ Yoast SEO plugin. -->","yoast_head_json":{"title":"LAP\u0130S LAZUL\u0130 KORUMA &amp; B\u0130LGEL\u0130K A\u011eACI - Astrolog Elvan","robots":{"index":"index","follow":"follow","max-snippet":"max-snippet:-1","max-image-preview":"max-image-preview:large","max-video-preview":"max-video-preview:-1"},"canonical":"https:\/\/astrologelvan.com\/magaza\/urun\/lapis-lazuli-koruma-bilgelik-agaci\/","og_locale":"tr_TR","og_type":"article","og_title":"LAP\u0130S LAZUL\u0130 KORUMA &amp; B\u0130LGEL\u0130K A\u011eACI - Astrolog Elvan","og_description":"Lapis Lazuli\u2019nin ruhsal koruma sa\u011flayan derin bilgeli\u011fi, bu kaya\u00e7 formundaki enerji a\u011fac\u0131nda hayat buluyor. \u00d6zellikle dolunay zamanlar\u0131nda ve negatif gezegen etkilerinin yo\u011fun hissedildi\u011fi g\u00fcnlerde, auran\u0131z\u0131 korudu\u011funa ve \u00e7evresel enerjileri dengeledi\u011fine inan\u0131l\u0131r. Antik M\u0131s\u0131r\u2019da Firavunlar\u0131n ta\u015f\u0131 olarak bilinen Lapis Lazuli\u2019nin, piramitlerin duvarlar\u0131nda dahi kullan\u0131ld\u0131\u011f\u0131na dair bilgiler bulunur.  G\u00f6z\u00fc a\u00e7t\u0131\u011f\u0131, sezgileri g\u00fc\u00e7lendirdi\u011fi ve zihinsel berrakl\u0131\u011f\u0131 art\u0131rd\u0131\u011f\u0131 s\u00f6ylenir. Her bir dal\u0131, bilgelik ak\u0131\u015f\u0131n\u0131n \u00e7o\u011falmas\u0131n\u0131; her bir kristal yapra\u011f\u0131 ise ruhsal fark\u0131ndal\u0131\u011f\u0131n yeniden a\u00e7\u0131l\u0131\u015f\u0131n\u0131 temsil eder.  Ruhsal koruma, sezgi g\u00fcc\u00fc ve i\u00e7sel dengelenme arayan herkes i\u00e7in ideal.  Hemen sahip olun; Lapis Lazuli\u2019nin g\u00fc\u00e7l\u00fc enerjisini evinize davet edin.","og_url":"https:\/\/astrologelvan.com\/magaza\/urun\/lapis-lazuli-koruma-bilgelik-agaci\/","og_site_name":"Astrolog Elvan","article_modified_time":"2026-03-22T23:14:46+00:00","og_image":[{"width":1440,"height":2560,"url":"https:\/\/astrologelvan.com\/magaza\/wp-content\/uploads\/2025\/12\/IMG_6167-scaled.webp","type":"image\/webp"}],"twitter_card":"summary_large_image","schema":{"@context":"https:\/\/schema.org","@graph":[{"@type":["WebPage","ItemPage"],"@id":"https:\/\/astrologelvan.com\/magaza\/urun\/lapis-lazuli-koruma-bilgelik-agaci\/","url":"https:\/\/astrologelvan.com\/magaza\/urun\/lapis-lazuli-koruma-bilgelik-agaci\/","name":"LAP\u0130S LAZUL\u0130 KORUMA &amp; B\u0130LGEL\u0130K A\u011eACI - Astrolog Elvan","isPartOf":{"@id":"https:\/\/astrologelvan.com\/magaza\/#website"},"primaryImageOfPage":{"@id":"https:\/\/astrologelvan.com\/magaza\/urun\/lapis-lazuli-koruma-bilgelik-agaci\/#primaryimage"},"image":{"@id":"https:\/\/astrologelvan.com\/magaza\/urun\/lapis-lazuli-koruma-bilgelik-agaci\/#primaryimage"},"thumbnailUrl":"https:\/\/astrologelvan.com\/magaza\/wp-content\/uploads\/2025\/12\/IMG_6167-scaled.webp","datePublished":"2025-12-09T14:42:04+00:00","dateModified":"2026-03-22T23:14:46+00:00","breadcrumb":{"@id":"https:\/\/astrologelvan.com\/magaza\/urun\/lapis-lazuli-koruma-bilgelik-agaci\/#breadcrumb"},"inLanguage":"tr","potentialAction":[{"@type":"ReadAction","target":["https:\/\/astrologelvan.com\/magaza\/urun\/lapis-lazuli-koruma-bilgelik-agaci\/"]}]},{"@type":"ImageObject","inLanguage":"tr","@id":"https:\/\/astrologelvan.com\/magaza\/urun\/lapis-lazuli-koruma-bilgelik-agaci\/#primaryimage","url":"https:\/\/astrologelvan.com\/magaza\/wp-content\/uploads\/2025\/12\/IMG_6167-scaled.webp","contentUrl":"https:\/\/astrologelvan.com\/magaza\/wp-content\/uploads\/2025\/12\/IMG_6167-scaled.webp","width":1440,"height":2560},{"@type":"BreadcrumbList","@id":"https:\/\/astrologelvan.com\/magaza\/urun\/lapis-lazuli-koruma-bilgelik-agaci\/#breadcrumb","itemListElement":[{"@type":"ListItem","position":1,"name":"Anasayfa","item":"https:\/\/astrologelvan.com\/magaza\/"},{"@type":"ListItem","position":2,"name":"Ma\u011faza","item":"https:\/\/astrologelvan.com\/magaza\/magaza\/"},{"@type":"ListItem","position":3,"name":"LAP\u0130S LAZUL\u0130 KORUMA &amp; B\u0130LGEL\u0130K A\u011eACI"}]},{"@type":"WebSite","@id":"https:\/\/astrologelvan.com\/magaza\/#website","url":"https:\/\/astrologelvan.com\/magaza\/","name":"Astrolog Elvan","description":"","potentialAction":[{"@type":"SearchAction","target":{"@type":"EntryPoint","urlTemplate":"https:\/\/astrologelvan.com\/magaza\/?s={search_term_string}"},"query-input":{"@type":"PropertyValueSpecification","valueRequired":true,"valueName":"search_term_string"}}],"inLanguage":"tr"}]}},"_links":{"self":[{"href":"https:\/\/astrologelvan.com\/magaza\/wp-json\/wp\/v2\/product\/134587","targetHints":{"allow":["GET"]}}],"collection":[{"href":"https:\/\/astrologelvan.com\/magaza\/wp-json\/wp\/v2\/product"}],"about":[{"href":"https:\/\/astrologelvan.com\/magaza\/wp-json\/wp\/v2\/types\/product"}],"replies":[{"embeddable":true,"href":"https:\/\/astrologelvan.com\/magaza\/wp-json\/wp\/v2\/comments?post=134587"}],"wp:featuredmedia":[{"embeddable":true,"href":"https:\/\/astrologelvan.com\/magaza\/wp-json\/wp\/v2\/media\/134593"}],"wp:attachment":[{"href":"https:\/\/astrologelvan.com\/magaza\/wp-json\/wp\/v2\/media?parent=134587"}],"wp:term":[{"taxonomy":"product_brand","embeddable":true,"href":"https:\/\/astrologelvan.com\/magaza\/wp-json\/wp\/v2\/product_brand?post=134587"},{"taxonomy":"product_cat","embeddable":true,"href":"https:\/\/astrologelvan.com\/magaza\/wp-json\/wp\/v2\/product_cat?post=134587"},{"taxonomy":"product_tag","embeddable":true,"href":"https:\/\/astrologelvan.com\/magaza\/wp-json\/wp\/v2\/product_tag?post=134587"}],"curies":[{"name":"wp","href":"https:\/\/api.w.org\/{rel}","templated":true}]}}