{"id":134507,"date":"2025-12-09T15:50:59","date_gmt":"2025-12-09T12:50:59","guid":{"rendered":"https:\/\/astrologelvan.com\/magaza\/?post_type=product&#038;p=134507"},"modified":"2026-03-23T02:14:46","modified_gmt":"2026-03-22T23:14:46","slug":"yesim-tasi-denge-huzur-agaci","status":"publish","type":"product","link":"https:\/\/astrologelvan.com\/magaza\/urun\/yesim-tasi-denge-huzur-agaci\/","title":{"rendered":"YE\u015e\u0130M TA\u015eI DENGE &amp; HUZUR A\u011eACI"},"content":{"rendered":"","protected":false},"excerpt":{"rendered":"<p>Ye\u015fim ta\u015f\u0131n\u0131n e\u015fsiz g\u00f6r\u00fcn\u00fcm\u00fc ve iyile\u015ftirici titre\u015fimi, bu do\u011fal ta\u015f a\u011fac\u0131nda hayat buluyor. Do\u011fada ye\u015filin bir\u00e7ok tonunda bulunan ye\u015fim; hem beden hem cilt i\u00e7in do\u011fal bir \u015fifa kayna\u011f\u0131 olarak g\u00f6r\u00fcl\u00fcr. Evin i\u00e7erisinde, \u00f6zellikle sakinlik aranan alanlarda konumland\u0131r\u0131ld\u0131\u011f\u0131nda huzur, mutluluk ve dinginlik enerjisini ortama yayd\u0131\u011f\u0131na inan\u0131l\u0131r.<\/p>\n<p>Zihni dinginle\u015ftirerek hem fiziksel hem de manevi anlamda yenilenmeyi destekler.<br \/>\nHer bir dal\u0131, denge ve uyumun \u00e7o\u011falmas\u0131n\u0131; her bir kristal yapra\u011f\u0131 ise ye\u015fimin sonsuzluk enerjisini temsil eder.<\/p>\n<p><strong>Ya\u015fam alan\u0131na huzur, sakinlik ve denge \u00e7ekmek isteyen herkes i\u00e7in ideal.<\/strong><br \/>\n<strong>Hemen sahip olun; ye\u015fim ta\u015f\u0131n\u0131n \u015fifaland\u0131r\u0131c\u0131 enerjisini evinize davet edin.<\/strong><\/p>\n","protected":false},"featured_media":134512,"comment_status":"open","ping_status":"closed","template":"","meta":[],"product_brand":[596],"product_cat":[384,8336],"product_tag":[],"class_list":{"0":"post-134507","1":"product","2":"type-product","3":"status-publish","4":"has-post-thumbnail","6":"product_brand-astrolog-elvan","7":"product_cat-yesim-tasi","8":"product_cat--dekoratif-objeler","10":"first","11":"instock","12":"taxable","13":"shipping-taxable","14":"purchasable","15":"product-type-simple"},"yoast_head":"<!-- This site is optimized with the Yoast SEO plugin v27.3 - https:\/\/yoast.com\/product\/yoast-seo-wordpress\/ -->\n<title>YE\u015e\u0130M TA\u015eI DENGE &amp; HUZUR A\u011eACI - Astrolog Elvan<\/title>\n<meta name=\"robots\" content=\"index, follow, max-snippet:-1, max-image-preview:large, max-video-preview:-1\" \/>\n<link rel=\"canonical\" href=\"https:\/\/astrologelvan.com\/magaza\/urun\/yesim-tasi-denge-huzur-agaci\/\" \/>\n<meta property=\"og:locale\" content=\"tr_TR\" \/>\n<meta property=\"og:type\" content=\"article\" \/>\n<meta property=\"og:title\" content=\"YE\u015e\u0130M TA\u015eI DENGE &amp; HUZUR A\u011eACI - Astrolog Elvan\" \/>\n<meta property=\"og:description\" content=\"Ye\u015fim ta\u015f\u0131n\u0131n e\u015fsiz g\u00f6r\u00fcn\u00fcm\u00fc ve iyile\u015ftirici titre\u015fimi, bu do\u011fal ta\u015f a\u011fac\u0131nda hayat buluyor. Do\u011fada ye\u015filin bir\u00e7ok tonunda bulunan ye\u015fim; hem beden hem cilt i\u00e7in do\u011fal bir \u015fifa kayna\u011f\u0131 olarak g\u00f6r\u00fcl\u00fcr. Evin i\u00e7erisinde, \u00f6zellikle sakinlik aranan alanlarda konumland\u0131r\u0131ld\u0131\u011f\u0131nda huzur, mutluluk ve dinginlik enerjisini ortama yayd\u0131\u011f\u0131na inan\u0131l\u0131r.  Zihni dinginle\u015ftirerek hem fiziksel hem de manevi anlamda yenilenmeyi destekler. Her bir dal\u0131, denge ve uyumun \u00e7o\u011falmas\u0131n\u0131; her bir kristal yapra\u011f\u0131 ise ye\u015fimin sonsuzluk enerjisini temsil eder.  Ya\u015fam alan\u0131na huzur, sakinlik ve denge \u00e7ekmek isteyen herkes i\u00e7in ideal. Hemen sahip olun; ye\u015fim ta\u015f\u0131n\u0131n \u015fifaland\u0131r\u0131c\u0131 enerjisini evinize davet edin.\" \/>\n<meta property=\"og:url\" content=\"https:\/\/astrologelvan.com\/magaza\/urun\/yesim-tasi-denge-huzur-agaci\/\" \/>\n<meta property=\"og:site_name\" content=\"Astrolog Elvan\" \/>\n<meta property=\"article:modified_time\" content=\"2026-03-22T23:14:46+00:00\" \/>\n<meta property=\"og:image\" content=\"https:\/\/astrologelvan.com\/magaza\/wp-content\/uploads\/2025\/12\/IMG_6174-scaled.webp\" \/>\n\t<meta property=\"og:image:width\" content=\"1440\" \/>\n\t<meta property=\"og:image:height\" content=\"2560\" \/>\n\t<meta property=\"og:image:type\" content=\"image\/webp\" \/>\n<meta name=\"twitter:card\" content=\"summary_large_image\" \/>\n<meta name=\"twitter:label1\" content=\"Tahmini okuma s\u00fcresi\" \/>\n\t<meta name=\"twitter:data1\" content=\"1 dakika\" \/>\n<script type=\"application\/ld+json\" class=\"yoast-schema-graph\">{\"@context\":\"https:\\\/\\\/schema.org\",\"@graph\":[{\"@type\":[\"WebPage\",\"ItemPage\"],\"@id\":\"https:\\\/\\\/astrologelvan.com\\\/magaza\\\/urun\\\/yesim-tasi-denge-huzur-agaci\\\/\",\"url\":\"https:\\\/\\\/astrologelvan.com\\\/magaza\\\/urun\\\/yesim-tasi-denge-huzur-agaci\\\/\",\"name\":\"YE\u015e\u0130M TA\u015eI DENGE &amp; HUZUR A\u011eACI - Astrolog Elvan\",\"isPartOf\":{\"@id\":\"https:\\\/\\\/astrologelvan.com\\\/magaza\\\/#website\"},\"primaryImageOfPage\":{\"@id\":\"https:\\\/\\\/astrologelvan.com\\\/magaza\\\/urun\\\/yesim-tasi-denge-huzur-agaci\\\/#primaryimage\"},\"image\":{\"@id\":\"https:\\\/\\\/astrologelvan.com\\\/magaza\\\/urun\\\/yesim-tasi-denge-huzur-agaci\\\/#primaryimage\"},\"thumbnailUrl\":\"https:\\\/\\\/astrologelvan.com\\\/magaza\\\/wp-content\\\/uploads\\\/2025\\\/12\\\/IMG_6174-scaled.webp\",\"datePublished\":\"2025-12-09T12:50:59+00:00\",\"dateModified\":\"2026-03-22T23:14:46+00:00\",\"breadcrumb\":{\"@id\":\"https:\\\/\\\/astrologelvan.com\\\/magaza\\\/urun\\\/yesim-tasi-denge-huzur-agaci\\\/#breadcrumb\"},\"inLanguage\":\"tr\",\"potentialAction\":[{\"@type\":\"ReadAction\",\"target\":[\"https:\\\/\\\/astrologelvan.com\\\/magaza\\\/urun\\\/yesim-tasi-denge-huzur-agaci\\\/\"]}]},{\"@type\":\"ImageObject\",\"inLanguage\":\"tr\",\"@id\":\"https:\\\/\\\/astrologelvan.com\\\/magaza\\\/urun\\\/yesim-tasi-denge-huzur-agaci\\\/#primaryimage\",\"url\":\"https:\\\/\\\/astrologelvan.com\\\/magaza\\\/wp-content\\\/uploads\\\/2025\\\/12\\\/IMG_6174-scaled.webp\",\"contentUrl\":\"https:\\\/\\\/astrologelvan.com\\\/magaza\\\/wp-content\\\/uploads\\\/2025\\\/12\\\/IMG_6174-scaled.webp\",\"width\":1440,\"height\":2560},{\"@type\":\"BreadcrumbList\",\"@id\":\"https:\\\/\\\/astrologelvan.com\\\/magaza\\\/urun\\\/yesim-tasi-denge-huzur-agaci\\\/#breadcrumb\",\"itemListElement\":[{\"@type\":\"ListItem\",\"position\":1,\"name\":\"Anasayfa\",\"item\":\"https:\\\/\\\/astrologelvan.com\\\/magaza\\\/\"},{\"@type\":\"ListItem\",\"position\":2,\"name\":\"Ma\u011faza\",\"item\":\"https:\\\/\\\/astrologelvan.com\\\/magaza\\\/magaza\\\/\"},{\"@type\":\"ListItem\",\"position\":3,\"name\":\"YE\u015e\u0130M TA\u015eI DENGE &amp; HUZUR A\u011eACI\"}]},{\"@type\":\"WebSite\",\"@id\":\"https:\\\/\\\/astrologelvan.com\\\/magaza\\\/#website\",\"url\":\"https:\\\/\\\/astrologelvan.com\\\/magaza\\\/\",\"name\":\"Astrolog Elvan\",\"description\":\"\",\"potentialAction\":[{\"@type\":\"SearchAction\",\"target\":{\"@type\":\"EntryPoint\",\"urlTemplate\":\"https:\\\/\\\/astrologelvan.com\\\/magaza\\\/?s={search_term_string}\"},\"query-input\":{\"@type\":\"PropertyValueSpecification\",\"valueRequired\":true,\"valueName\":\"search_term_string\"}}],\"inLanguage\":\"tr\"}]}<\/script>\n<!-- \/ Yoast SEO plugin. -->","yoast_head_json":{"title":"YE\u015e\u0130M TA\u015eI DENGE &amp; HUZUR A\u011eACI - Astrolog Elvan","robots":{"index":"index","follow":"follow","max-snippet":"max-snippet:-1","max-image-preview":"max-image-preview:large","max-video-preview":"max-video-preview:-1"},"canonical":"https:\/\/astrologelvan.com\/magaza\/urun\/yesim-tasi-denge-huzur-agaci\/","og_locale":"tr_TR","og_type":"article","og_title":"YE\u015e\u0130M TA\u015eI DENGE &amp; HUZUR A\u011eACI - Astrolog Elvan","og_description":"Ye\u015fim ta\u015f\u0131n\u0131n e\u015fsiz g\u00f6r\u00fcn\u00fcm\u00fc ve iyile\u015ftirici titre\u015fimi, bu do\u011fal ta\u015f a\u011fac\u0131nda hayat buluyor. Do\u011fada ye\u015filin bir\u00e7ok tonunda bulunan ye\u015fim; hem beden hem cilt i\u00e7in do\u011fal bir \u015fifa kayna\u011f\u0131 olarak g\u00f6r\u00fcl\u00fcr. Evin i\u00e7erisinde, \u00f6zellikle sakinlik aranan alanlarda konumland\u0131r\u0131ld\u0131\u011f\u0131nda huzur, mutluluk ve dinginlik enerjisini ortama yayd\u0131\u011f\u0131na inan\u0131l\u0131r.  Zihni dinginle\u015ftirerek hem fiziksel hem de manevi anlamda yenilenmeyi destekler. Her bir dal\u0131, denge ve uyumun \u00e7o\u011falmas\u0131n\u0131; her bir kristal yapra\u011f\u0131 ise ye\u015fimin sonsuzluk enerjisini temsil eder.  Ya\u015fam alan\u0131na huzur, sakinlik ve denge \u00e7ekmek isteyen herkes i\u00e7in ideal. Hemen sahip olun; ye\u015fim ta\u015f\u0131n\u0131n \u015fifaland\u0131r\u0131c\u0131 enerjisini evinize davet edin.","og_url":"https:\/\/astrologelvan.com\/magaza\/urun\/yesim-tasi-denge-huzur-agaci\/","og_site_name":"Astrolog Elvan","article_modified_time":"2026-03-22T23:14:46+00:00","og_image":[{"width":1440,"height":2560,"url":"https:\/\/astrologelvan.com\/magaza\/wp-content\/uploads\/2025\/12\/IMG_6174-scaled.webp","type":"image\/webp"}],"twitter_card":"summary_large_image","twitter_misc":{"Tahmini okuma s\u00fcresi":"1 dakika"},"schema":{"@context":"https:\/\/schema.org","@graph":[{"@type":["WebPage","ItemPage"],"@id":"https:\/\/astrologelvan.com\/magaza\/urun\/yesim-tasi-denge-huzur-agaci\/","url":"https:\/\/astrologelvan.com\/magaza\/urun\/yesim-tasi-denge-huzur-agaci\/","name":"YE\u015e\u0130M TA\u015eI DENGE &amp; HUZUR A\u011eACI - Astrolog Elvan","isPartOf":{"@id":"https:\/\/astrologelvan.com\/magaza\/#website"},"primaryImageOfPage":{"@id":"https:\/\/astrologelvan.com\/magaza\/urun\/yesim-tasi-denge-huzur-agaci\/#primaryimage"},"image":{"@id":"https:\/\/astrologelvan.com\/magaza\/urun\/yesim-tasi-denge-huzur-agaci\/#primaryimage"},"thumbnailUrl":"https:\/\/astrologelvan.com\/magaza\/wp-content\/uploads\/2025\/12\/IMG_6174-scaled.webp","datePublished":"2025-12-09T12:50:59+00:00","dateModified":"2026-03-22T23:14:46+00:00","breadcrumb":{"@id":"https:\/\/astrologelvan.com\/magaza\/urun\/yesim-tasi-denge-huzur-agaci\/#breadcrumb"},"inLanguage":"tr","potentialAction":[{"@type":"ReadAction","target":["https:\/\/astrologelvan.com\/magaza\/urun\/yesim-tasi-denge-huzur-agaci\/"]}]},{"@type":"ImageObject","inLanguage":"tr","@id":"https:\/\/astrologelvan.com\/magaza\/urun\/yesim-tasi-denge-huzur-agaci\/#primaryimage","url":"https:\/\/astrologelvan.com\/magaza\/wp-content\/uploads\/2025\/12\/IMG_6174-scaled.webp","contentUrl":"https:\/\/astrologelvan.com\/magaza\/wp-content\/uploads\/2025\/12\/IMG_6174-scaled.webp","width":1440,"height":2560},{"@type":"BreadcrumbList","@id":"https:\/\/astrologelvan.com\/magaza\/urun\/yesim-tasi-denge-huzur-agaci\/#breadcrumb","itemListElement":[{"@type":"ListItem","position":1,"name":"Anasayfa","item":"https:\/\/astrologelvan.com\/magaza\/"},{"@type":"ListItem","position":2,"name":"Ma\u011faza","item":"https:\/\/astrologelvan.com\/magaza\/magaza\/"},{"@type":"ListItem","position":3,"name":"YE\u015e\u0130M TA\u015eI DENGE &amp; HUZUR A\u011eACI"}]},{"@type":"WebSite","@id":"https:\/\/astrologelvan.com\/magaza\/#website","url":"https:\/\/astrologelvan.com\/magaza\/","name":"Astrolog Elvan","description":"","potentialAction":[{"@type":"SearchAction","target":{"@type":"EntryPoint","urlTemplate":"https:\/\/astrologelvan.com\/magaza\/?s={search_term_string}"},"query-input":{"@type":"PropertyValueSpecification","valueRequired":true,"valueName":"search_term_string"}}],"inLanguage":"tr"}]}},"_links":{"self":[{"href":"https:\/\/astrologelvan.com\/magaza\/wp-json\/wp\/v2\/product\/134507","targetHints":{"allow":["GET"]}}],"collection":[{"href":"https:\/\/astrologelvan.com\/magaza\/wp-json\/wp\/v2\/product"}],"about":[{"href":"https:\/\/astrologelvan.com\/magaza\/wp-json\/wp\/v2\/types\/product"}],"replies":[{"embeddable":true,"href":"https:\/\/astrologelvan.com\/magaza\/wp-json\/wp\/v2\/comments?post=134507"}],"wp:featuredmedia":[{"embeddable":true,"href":"https:\/\/astrologelvan.com\/magaza\/wp-json\/wp\/v2\/media\/134512"}],"wp:attachment":[{"href":"https:\/\/astrologelvan.com\/magaza\/wp-json\/wp\/v2\/media?parent=134507"}],"wp:term":[{"taxonomy":"product_brand","embeddable":true,"href":"https:\/\/astrologelvan.com\/magaza\/wp-json\/wp\/v2\/product_brand?post=134507"},{"taxonomy":"product_cat","embeddable":true,"href":"https:\/\/astrologelvan.com\/magaza\/wp-json\/wp\/v2\/product_cat?post=134507"},{"taxonomy":"product_tag","embeddable":true,"href":"https:\/\/astrologelvan.com\/magaza\/wp-json\/wp\/v2\/product_tag?post=134507"}],"curies":[{"name":"wp","href":"https:\/\/api.w.org\/{rel}","templated":true}]}}