{"id":134,"date":"2024-02-28T02:05:03","date_gmt":"2024-02-27T23:05:03","guid":{"rendered":"https:\/\/astrologelvan.shop\/?post_type=product&#038;p=134"},"modified":"2025-10-06T08:14:46","modified_gmt":"2025-10-06T05:14:46","slug":"su-grubu-dogal-taslar","status":"publish","type":"product","link":"https:\/\/astrologelvan.com\/magaza\/urun\/su-grubu-dogal-taslar\/","title":{"rendered":"SU GRUBU DO\u011eAL TA\u015eLAR"},"content":{"rendered":"<p>Do\u011fal ta\u015f kolyelerimizin tasar\u0131mlar\u0131nda do\u011frudan cilde temas etmesini sa\u011fl\u0131yoruz. B\u00f6ylece do\u011fal ta\u015f kolyenizi takt\u0131k\u00e7a v\u00fccudunuzun titre\u015fimlerine ba\u011flan\u0131r ve size denge ve uyum getirir.<\/p>\n<p>&nbsp;<\/p>\n<p>&nbsp;<\/p>\n<p><strong>Tak\u0131lar\u0131n\u0131z\u0131n uzun s\u00fcre kullanabilmesi i\u00e7in; Parf\u00fcm, su, s\u0131v\u0131, dezenfektan, krem v.b. gibi maddelerle temas etmemesi, du\u015f-banyo s\u0131ras\u0131nda \u00e7\u0131kart\u0131lmas\u0131 gerekmektedir. Ki\u015finin ter-ten yap\u0131s\u0131na g\u00f6re de etkilenmektedir. Tak\u0131lar\u0131n\u0131z\u0131 kullanmad\u0131\u011f\u0131n\u0131z zamanlarda kesesinde saklaman\u0131z\u0131 \u00f6neririz.<\/strong><\/p>\n<p><strong>Do\u011fal ta\u015flar\u0131n belirli titre\u015fimlere ve frekanslara sahip oldu\u011fu bilinmektedir. Bu nedenle v\u00fccudumuzda ve auram\u0131zda birtak\u0131m iyi etkileri oldu\u011fu s\u00f6ylenmektedir. Ta\u015flar\u0131n \u00f6zelliklerinin bilimsel kesinli\u011fi yoktur. Astrologelvan ma\u011fazas\u0131ndaki t\u00fcm ta\u015flar orijinal, ger\u00e7ek do\u011fal ta\u015flard\u0131r. T\u0131bbi konularda doktora dan\u0131\u015fman\u0131z\u0131 tavsiye ederiz. Ta\u015flar\u0131n tedavi edici \u00f6zelli\u011fi yoktur, sadece ki\u015fisel enerjimizi y\u00fckseltmekte ve astrolojik olarak da temsil etti\u011fi gezegenlerin etkilerini artt\u0131rmakta oldu\u011fu kabul edilir. \u00d6rne\u011fin; pembe kuvars ta\u015f\u0131 a\u015fk ve sevgi gezegeni Ven\u00fcs&#8217;\u00fcn ta\u015f\u0131d\u0131r ve bu sebeple \u00fczerinde ta\u015f\u0131yan ki\u015finin a\u015fk ve sevgi frekans\u0131n\u0131 y\u00fckseltti\u011fi bilinir.<\/strong><\/p>\n<p>&nbsp;<\/p>\n<h3>Su Grubu Bur\u00e7lar\u0131 ve Do\u011fal Ta\u015flar\u0131<\/h3>\n<h4>Bal\u0131k, Akrep, Yenge\u00e7<\/h4>\n<p><span style=\"font-weight: 400;\">Bu ta\u015flar\u0131 ada\u00e7ay\u0131 ile t\u00fcts\u00fcledikten sonra yan\u0131n\u0131zda ta\u015f\u0131yabilirsiniz. \u00d6nerim; <\/span><i><span style=\"font-weight: 400;\">her g\u00fcn 5-10 dakika\u00a0 ta\u015flar\u0131 avu\u00e7 i\u00e7inizde tutman\u0131z.\u00a0\u00a0<\/span><\/i><\/p>\n<p><span style=\"font-weight: 400;\">Su grubu bur\u00e7lar\u0131n\u0131n \u015fansl\u0131 ta\u015flar\u0131 <\/span><b>Necef<\/b><span style=\"font-weight: 400;\">, <\/span><b>Siyah Turmalin\u00a0 <\/b><span style=\"font-weight: 400;\">ve <\/span><b>Rutil Kuvars <\/b><span style=\"font-weight: 400;\">ile hem i\u00e7 enerjini dengele hem g\u00fcc\u00fcn\u00fc\u00a0 ke\u015ffet!\u00a0\u00a0<\/span><\/p>\n<p><b>Necef (Da\u011f Kristali) <\/b><span style=\"font-weight: 400;\">: Negatif enerjiyi i\u00e7ine \u00e7eken Necef,\u00a0 ki\u015fiye pozitif enerji veren, sevgi ve \u015fefkat duygusunu\u00a0 artt\u0131ran bir kristaldir. Zor ko\u015fullarda metanetli olma g\u00fcc\u00fc\u00a0 verir. 15 g\u00fcnde bir ta\u015f\u0131n\u0131z\u0131 temizleyin.\u00a0<\/span><\/p>\n<p><b>Siyah Turmalin<\/b><span style=\"font-weight: 400;\">: Spirit\u00fcel g\u00fcc\u00fc \u00e7ok y\u00fcksek bir ta\u015ft\u0131r. \u00dczeri nizde ta\u015f\u0131d\u0131\u011f\u0131n\u0131zda \u00e7ok b\u00fcy\u00fck ruhsal koruma verir. 6. hissi\u00a0 g\u00fc\u00e7lendirir. K\u00f6t\u00fc r\u00fcyalardan korur ve evrenle kozmik\u00a0 ba\u011f\u0131n\u0131z\u0131 g\u00fc\u00e7lendirir. R\u00fcyalar\u0131n\u0131zdan mesajlar alabilirsiniz.\u00a0<\/span><\/p>\n<p><b>Rutil Kuvars<\/b><span style=\"font-weight: 400;\">: Ruhsal g\u00fcc\u00fc artt\u0131r\u0131r, ge\u00e7mi\u015fe dair tak\u0131nt\u0131 ve\u00a0 ac\u0131lar\u0131 hafifletir. Fiziksel anlamda yorgun hissediyorsan\u0131z\u00a0 \u00fczerinizde ta\u015f\u0131mak enerji verecektir. Auray\u0131 temizler,\u00a0 meditasyonlar s\u0131ras\u0131nda mutlaka kullan\u0131n.\u00a0<\/span><\/p>\n","protected":false},"excerpt":{"rendered":"<p>G\u00f6rsel \u00f6rnektir. Her do\u011fal ta\u015f kesim sebebiyle birbirinden farkl\u0131 olabilir. Do\u011fal ta\u015flar\u0131n \u00fczerindeki dalgalanmalar, ta\u015f\u0131n i\u00e7erisinde yer alan renk de\u011fi\u015fimleri ve damarlar\u0131ndaki renklenmeler ta\u015f\u0131n do\u011fas\u0131ndan kaynaklanmaktad\u0131r. Do\u011fadan \u00e7\u0131kan her ta\u015f; birbirinden e\u015fsiz ve farkl\u0131d\u0131r.<\/p>\n<p>Ada\u00e7ay\u0131 t\u00fcts\u00fcs\u00fc, t\u00fcts\u00fcl\u00fc\u011f\u00fc ve \u00f6zel kutusu ile kutusunda g\u00f6nderilir.<\/p>\n<p>&nbsp;<\/p>\n<p>A\u015fa\u011f\u0131da a\u00e7\u0131klama k\u0131sm\u0131n\u0131 okuyunuz.<\/p>\n<p>&nbsp;<\/p>\n<p>&nbsp;<\/p>\n","protected":false},"featured_media":209,"comment_status":"closed","ping_status":"closed","template":"","meta":[],"product_brand":[],"product_cat":[52],"product_tag":[39,40,54],"class_list":{"0":"post-134","1":"product","2":"type-product","3":"status-publish","4":"has-post-thumbnail","6":"product_cat-dogal-taslar","7":"product_tag-astrolog-elvan","8":"product_tag-dogal-tas","9":"product_tag-su-grubu-dogal-taslar","11":"first","12":"outofstock","13":"taxable","14":"shipping-taxable","15":"purchasable","16":"product-type-simple"},"yoast_head":"<!-- This site is optimized with the Yoast SEO plugin v27.3 - https:\/\/yoast.com\/product\/yoast-seo-wordpress\/ -->\n<title>SU GRUBU DO\u011eAL TA\u015eLAR - Astrolog Elvan<\/title>\n<meta name=\"robots\" content=\"index, follow, max-snippet:-1, max-image-preview:large, max-video-preview:-1\" \/>\n<link rel=\"canonical\" href=\"https:\/\/astrologelvan.com\/magaza\/urun\/su-grubu-dogal-taslar\/\" \/>\n<meta property=\"og:locale\" content=\"tr_TR\" \/>\n<meta property=\"og:type\" content=\"article\" \/>\n<meta property=\"og:title\" content=\"SU GRUBU DO\u011eAL TA\u015eLAR - Astrolog Elvan\" \/>\n<meta property=\"og:description\" content=\"G\u00f6rsel \u00f6rnektir. Her do\u011fal ta\u015f kesim sebebiyle birbirinden farkl\u0131 olabilir. Do\u011fal ta\u015flar\u0131n \u00fczerindeki dalgalanmalar, ta\u015f\u0131n i\u00e7erisinde yer alan renk de\u011fi\u015fimleri ve damarlar\u0131ndaki renklenmeler ta\u015f\u0131n do\u011fas\u0131ndan kaynaklanmaktad\u0131r. Do\u011fadan \u00e7\u0131kan her ta\u015f; birbirinden e\u015fsiz ve farkl\u0131d\u0131r.  Ada\u00e7ay\u0131 t\u00fcts\u00fcs\u00fc, t\u00fcts\u00fcl\u00fc\u011f\u00fc ve \u00f6zel kutusu ile kutusunda g\u00f6nderilir.  &nbsp;  A\u015fa\u011f\u0131da a\u00e7\u0131klama k\u0131sm\u0131n\u0131 okuyunuz.  &nbsp;  &nbsp;\" \/>\n<meta property=\"og:url\" content=\"https:\/\/astrologelvan.com\/magaza\/urun\/su-grubu-dogal-taslar\/\" \/>\n<meta property=\"og:site_name\" content=\"Astrolog Elvan\" \/>\n<meta property=\"article:modified_time\" content=\"2025-10-06T05:14:46+00:00\" \/>\n<meta property=\"og:image\" content=\"https:\/\/astrologelvan.com\/magaza\/wp-content\/uploads\/2024\/02\/Su-burcu-astroloji-kiti-scaled-1.jpg\" \/>\n\t<meta property=\"og:image:width\" content=\"1920\" \/>\n\t<meta property=\"og:image:height\" content=\"2560\" \/>\n\t<meta property=\"og:image:type\" content=\"image\/jpeg\" \/>\n<meta name=\"twitter:card\" content=\"summary_large_image\" \/>\n<meta name=\"twitter:label1\" content=\"Tahmini okuma s\u00fcresi\" \/>\n\t<meta name=\"twitter:data1\" content=\"2 dakika\" \/>\n<script type=\"application\/ld+json\" class=\"yoast-schema-graph\">{\"@context\":\"https:\\\/\\\/schema.org\",\"@graph\":[{\"@type\":[\"WebPage\",\"ItemPage\"],\"@id\":\"https:\\\/\\\/astrologelvan.com\\\/magaza\\\/urun\\\/su-grubu-dogal-taslar\\\/\",\"url\":\"https:\\\/\\\/astrologelvan.com\\\/magaza\\\/urun\\\/su-grubu-dogal-taslar\\\/\",\"name\":\"SU GRUBU DO\u011eAL TA\u015eLAR - Astrolog Elvan\",\"isPartOf\":{\"@id\":\"https:\\\/\\\/astrologelvan.com\\\/magaza\\\/#website\"},\"primaryImageOfPage\":{\"@id\":\"https:\\\/\\\/astrologelvan.com\\\/magaza\\\/urun\\\/su-grubu-dogal-taslar\\\/#primaryimage\"},\"image\":{\"@id\":\"https:\\\/\\\/astrologelvan.com\\\/magaza\\\/urun\\\/su-grubu-dogal-taslar\\\/#primaryimage\"},\"thumbnailUrl\":\"https:\\\/\\\/astrologelvan.com\\\/magaza\\\/wp-content\\\/uploads\\\/2024\\\/02\\\/Su-burcu-astroloji-kiti-scaled-1.jpg\",\"datePublished\":\"2024-02-27T23:05:03+00:00\",\"dateModified\":\"2025-10-06T05:14:46+00:00\",\"breadcrumb\":{\"@id\":\"https:\\\/\\\/astrologelvan.com\\\/magaza\\\/urun\\\/su-grubu-dogal-taslar\\\/#breadcrumb\"},\"inLanguage\":\"tr\",\"potentialAction\":[{\"@type\":\"ReadAction\",\"target\":[\"https:\\\/\\\/astrologelvan.com\\\/magaza\\\/urun\\\/su-grubu-dogal-taslar\\\/\"]}]},{\"@type\":\"ImageObject\",\"inLanguage\":\"tr\",\"@id\":\"https:\\\/\\\/astrologelvan.com\\\/magaza\\\/urun\\\/su-grubu-dogal-taslar\\\/#primaryimage\",\"url\":\"https:\\\/\\\/astrologelvan.com\\\/magaza\\\/wp-content\\\/uploads\\\/2024\\\/02\\\/Su-burcu-astroloji-kiti-scaled-1.jpg\",\"contentUrl\":\"https:\\\/\\\/astrologelvan.com\\\/magaza\\\/wp-content\\\/uploads\\\/2024\\\/02\\\/Su-burcu-astroloji-kiti-scaled-1.jpg\",\"width\":1920,\"height\":2560},{\"@type\":\"BreadcrumbList\",\"@id\":\"https:\\\/\\\/astrologelvan.com\\\/magaza\\\/urun\\\/su-grubu-dogal-taslar\\\/#breadcrumb\",\"itemListElement\":[{\"@type\":\"ListItem\",\"position\":1,\"name\":\"Anasayfa\",\"item\":\"https:\\\/\\\/astrologelvan.com\\\/magaza\\\/\"},{\"@type\":\"ListItem\",\"position\":2,\"name\":\"Ma\u011faza\",\"item\":\"https:\\\/\\\/astrologelvan.com\\\/magaza\\\/magaza\\\/\"},{\"@type\":\"ListItem\",\"position\":3,\"name\":\"SU GRUBU DO\u011eAL TA\u015eLAR\"}]},{\"@type\":\"WebSite\",\"@id\":\"https:\\\/\\\/astrologelvan.com\\\/magaza\\\/#website\",\"url\":\"https:\\\/\\\/astrologelvan.com\\\/magaza\\\/\",\"name\":\"Astrolog Elvan\",\"description\":\"\",\"potentialAction\":[{\"@type\":\"SearchAction\",\"target\":{\"@type\":\"EntryPoint\",\"urlTemplate\":\"https:\\\/\\\/astrologelvan.com\\\/magaza\\\/?s={search_term_string}\"},\"query-input\":{\"@type\":\"PropertyValueSpecification\",\"valueRequired\":true,\"valueName\":\"search_term_string\"}}],\"inLanguage\":\"tr\"}]}<\/script>\n<!-- \/ Yoast SEO plugin. -->","yoast_head_json":{"title":"SU GRUBU DO\u011eAL TA\u015eLAR - Astrolog Elvan","robots":{"index":"index","follow":"follow","max-snippet":"max-snippet:-1","max-image-preview":"max-image-preview:large","max-video-preview":"max-video-preview:-1"},"canonical":"https:\/\/astrologelvan.com\/magaza\/urun\/su-grubu-dogal-taslar\/","og_locale":"tr_TR","og_type":"article","og_title":"SU GRUBU DO\u011eAL TA\u015eLAR - Astrolog Elvan","og_description":"G\u00f6rsel \u00f6rnektir. Her do\u011fal ta\u015f kesim sebebiyle birbirinden farkl\u0131 olabilir. Do\u011fal ta\u015flar\u0131n \u00fczerindeki dalgalanmalar, ta\u015f\u0131n i\u00e7erisinde yer alan renk de\u011fi\u015fimleri ve damarlar\u0131ndaki renklenmeler ta\u015f\u0131n do\u011fas\u0131ndan kaynaklanmaktad\u0131r. Do\u011fadan \u00e7\u0131kan her ta\u015f; birbirinden e\u015fsiz ve farkl\u0131d\u0131r.  Ada\u00e7ay\u0131 t\u00fcts\u00fcs\u00fc, t\u00fcts\u00fcl\u00fc\u011f\u00fc ve \u00f6zel kutusu ile kutusunda g\u00f6nderilir.  &nbsp;  A\u015fa\u011f\u0131da a\u00e7\u0131klama k\u0131sm\u0131n\u0131 okuyunuz.  &nbsp;  &nbsp;","og_url":"https:\/\/astrologelvan.com\/magaza\/urun\/su-grubu-dogal-taslar\/","og_site_name":"Astrolog Elvan","article_modified_time":"2025-10-06T05:14:46+00:00","og_image":[{"width":1920,"height":2560,"url":"https:\/\/astrologelvan.com\/magaza\/wp-content\/uploads\/2024\/02\/Su-burcu-astroloji-kiti-scaled-1.jpg","type":"image\/jpeg"}],"twitter_card":"summary_large_image","twitter_misc":{"Tahmini okuma s\u00fcresi":"2 dakika"},"schema":{"@context":"https:\/\/schema.org","@graph":[{"@type":["WebPage","ItemPage"],"@id":"https:\/\/astrologelvan.com\/magaza\/urun\/su-grubu-dogal-taslar\/","url":"https:\/\/astrologelvan.com\/magaza\/urun\/su-grubu-dogal-taslar\/","name":"SU GRUBU DO\u011eAL TA\u015eLAR - Astrolog Elvan","isPartOf":{"@id":"https:\/\/astrologelvan.com\/magaza\/#website"},"primaryImageOfPage":{"@id":"https:\/\/astrologelvan.com\/magaza\/urun\/su-grubu-dogal-taslar\/#primaryimage"},"image":{"@id":"https:\/\/astrologelvan.com\/magaza\/urun\/su-grubu-dogal-taslar\/#primaryimage"},"thumbnailUrl":"https:\/\/astrologelvan.com\/magaza\/wp-content\/uploads\/2024\/02\/Su-burcu-astroloji-kiti-scaled-1.jpg","datePublished":"2024-02-27T23:05:03+00:00","dateModified":"2025-10-06T05:14:46+00:00","breadcrumb":{"@id":"https:\/\/astrologelvan.com\/magaza\/urun\/su-grubu-dogal-taslar\/#breadcrumb"},"inLanguage":"tr","potentialAction":[{"@type":"ReadAction","target":["https:\/\/astrologelvan.com\/magaza\/urun\/su-grubu-dogal-taslar\/"]}]},{"@type":"ImageObject","inLanguage":"tr","@id":"https:\/\/astrologelvan.com\/magaza\/urun\/su-grubu-dogal-taslar\/#primaryimage","url":"https:\/\/astrologelvan.com\/magaza\/wp-content\/uploads\/2024\/02\/Su-burcu-astroloji-kiti-scaled-1.jpg","contentUrl":"https:\/\/astrologelvan.com\/magaza\/wp-content\/uploads\/2024\/02\/Su-burcu-astroloji-kiti-scaled-1.jpg","width":1920,"height":2560},{"@type":"BreadcrumbList","@id":"https:\/\/astrologelvan.com\/magaza\/urun\/su-grubu-dogal-taslar\/#breadcrumb","itemListElement":[{"@type":"ListItem","position":1,"name":"Anasayfa","item":"https:\/\/astrologelvan.com\/magaza\/"},{"@type":"ListItem","position":2,"name":"Ma\u011faza","item":"https:\/\/astrologelvan.com\/magaza\/magaza\/"},{"@type":"ListItem","position":3,"name":"SU GRUBU DO\u011eAL TA\u015eLAR"}]},{"@type":"WebSite","@id":"https:\/\/astrologelvan.com\/magaza\/#website","url":"https:\/\/astrologelvan.com\/magaza\/","name":"Astrolog Elvan","description":"","potentialAction":[{"@type":"SearchAction","target":{"@type":"EntryPoint","urlTemplate":"https:\/\/astrologelvan.com\/magaza\/?s={search_term_string}"},"query-input":{"@type":"PropertyValueSpecification","valueRequired":true,"valueName":"search_term_string"}}],"inLanguage":"tr"}]}},"_links":{"self":[{"href":"https:\/\/astrologelvan.com\/magaza\/wp-json\/wp\/v2\/product\/134","targetHints":{"allow":["GET"]}}],"collection":[{"href":"https:\/\/astrologelvan.com\/magaza\/wp-json\/wp\/v2\/product"}],"about":[{"href":"https:\/\/astrologelvan.com\/magaza\/wp-json\/wp\/v2\/types\/product"}],"replies":[{"embeddable":true,"href":"https:\/\/astrologelvan.com\/magaza\/wp-json\/wp\/v2\/comments?post=134"}],"wp:featuredmedia":[{"embeddable":true,"href":"https:\/\/astrologelvan.com\/magaza\/wp-json\/wp\/v2\/media\/209"}],"wp:attachment":[{"href":"https:\/\/astrologelvan.com\/magaza\/wp-json\/wp\/v2\/media?parent=134"}],"wp:term":[{"taxonomy":"product_brand","embeddable":true,"href":"https:\/\/astrologelvan.com\/magaza\/wp-json\/wp\/v2\/product_brand?post=134"},{"taxonomy":"product_cat","embeddable":true,"href":"https:\/\/astrologelvan.com\/magaza\/wp-json\/wp\/v2\/product_cat?post=134"},{"taxonomy":"product_tag","embeddable":true,"href":"https:\/\/astrologelvan.com\/magaza\/wp-json\/wp\/v2\/product_tag?post=134"}],"curies":[{"name":"wp","href":"https:\/\/api.w.org\/{rel}","templated":true}]}}