{"id":133742,"date":"2025-12-08T18:32:08","date_gmt":"2025-12-08T15:32:08","guid":{"rendered":"https:\/\/astrologelvan.com\/magaza\/?post_type=product&#038;p=133742"},"modified":"2026-04-03T14:03:11","modified_gmt":"2026-04-03T11:03:11","slug":"2026-dilek-anahtarligi","status":"publish","type":"product","link":"https:\/\/astrologelvan.com\/magaza\/urun\/2026-dilek-anahtarligi\/","title":{"rendered":"\ud83c\udf1f 2026 Dilek Anahtarl\u0131\u011f\u0131"},"content":{"rendered":"<p>Yeni y\u0131l\u0131n taze enerjisini, g\u00fc\u00e7l\u00fc sembolleri ve y\u00fcksek frekansl\u0131 Kristal Kuvars ta\u015f\u0131n\u0131 bir araya getirdik.<\/p>\n<p>Bu \u00f6zel anahtarl\u0131k; \u015fans\u0131 \u00e7o\u011faltmak, negatif enerjiden korunmak ve yeni y\u0131lda niyetlerinizi g\u00fc\u00e7lendirmek i\u00e7in tasarland\u0131.<\/p>\n<p>\ud83d\udd2e Kristal Kuvars Ucu \u2013 Ar\u0131nma, Berrakl\u0131k &amp; Niyet G\u00fcc\u00fc<\/p>\n<p>\u201cUsta \u015eifac\u0131\u201d olarak bilinen Kristal Kuvars; enerjiyi y\u00fckseltir, niyetleri b\u00fcy\u00fct\u00fcr ve negatif titre\u015fimleri temizler.<\/p>\n<p>2026\u2019dan dile\u011finizi dilerken kristal kuvars\u0131 avucunuzun i\u00e7ine al\u0131n ve dileklerinizi g\u00f6z\u00fcn\u00fcz\u00fcn \u00f6n\u00fcne getirin.<\/p>\n<p>At Nal\u0131: 2026 boyunca \u015fans ve bereket ak\u0131\u015f\u0131 sa\u011flar.<\/p>\n<p>Kalp Formunda Nazarl\u0131k: Hem nazara hem k\u00f6t\u00fc niyete kar\u015f\u0131 sevgi frekansl\u0131 koruma.<\/p>\n<p>Cornicello (k\u0131rm\u0131z\u0131 biber sembol\u00fc): \u0130talya\u2019da k\u00f6t\u00fc enerji ve nazardan korudu\u011funa inan\u0131l\u0131r ve bu sembol\u00fc ta\u015f\u0131yan\u0131n hayat\u0131nda g\u00fczel \u015feyler olaca\u011f\u0131 d\u00fc\u015f\u00fcn\u00fcl\u00fcr.<\/p>\n<p>Fil: Bolluk, g\u00fc\u00e7 ve sa\u011flaml\u0131k.<\/p>\n<p>D\u00f6rt Yaprakl\u0131 Yonca: \u015eans\u0131 hayat\u0131n\u0131za \u00e7ekmeye yarar.<\/p>\n<p>\u2728 Alt\u0131n renk detaylar\u0131 ile hem zarif hem de enerjisel olarak g\u00fc\u00e7l\u00fc bir aksesuar.<\/p>\n<p>\ud83c\udf81 Yeni y\u0131l i\u00e7in hem anlaml\u0131 hem de \u015f\u0131k bir hediye arayanlar i\u00e7in m\u00fckemmel bir anahtarl\u0131k. \u0130ster kendinize, ister dileklerinin ger\u00e7ek olmas\u0131n\u0131 istediklerinize\u00a0hediye\u00a0edin.<\/p>\n","protected":false},"excerpt":{"rendered":"<p>Yeni y\u0131l\u0131n taze enerjisini, g\u00fc\u00e7l\u00fc sembolleri ve y\u00fcksek frekansl\u0131 Kristal Kuvars ta\u015f\u0131n\u0131 bir araya getirdik.<\/p>\n<p>Bu \u00f6zel anahtarl\u0131k; \u015fans\u0131 \u00e7o\u011faltmak, negatif enerjiden korunmak ve yeni y\u0131lda niyetlerinizi g\u00fc\u00e7lendirmek i\u00e7in tasarland\u0131.<\/p>\n<p>\ud83d\udd2e Kristal Kuvars Ucu \u2013 Ar\u0131nma, Berrakl\u0131k &amp; Niyet G\u00fcc\u00fc<\/p>\n<p>\u201cUsta \u015eifac\u0131\u201d olarak bilinen Kristal Kuvars; enerjiyi y\u00fckseltir, niyetleri b\u00fcy\u00fct\u00fcr ve negatif titre\u015fimleri temizler.<\/p>\n<p>2026\u2019dan dile\u011finizi dilerken kristal kuvars\u0131 avucunuzun i\u00e7ine al\u0131n ve dileklerinizi g\u00f6z\u00fcn\u00fcz\u00fcn \u00f6n\u00fcne getirin.<\/p>\n<p>At Nal\u0131: 2026 boyunca \u015fans ve bereket ak\u0131\u015f\u0131 sa\u011flar.<\/p>\n<p>Kalp Formunda Nazarl\u0131k: Hem nazara hem k\u00f6t\u00fc niyete kar\u015f\u0131 sevgi frekansl\u0131 koruma.<\/p>\n<p>Cornicello (k\u0131rm\u0131z\u0131 biber sembol\u00fc): \u0130talya\u2019da k\u00f6t\u00fc enerji ve nazardan korudu\u011funa inan\u0131l\u0131r ve bu sembol\u00fc ta\u015f\u0131yan\u0131n hayat\u0131nda g\u00fczel \u015feyler olaca\u011f\u0131 d\u00fc\u015f\u00fcn\u00fcl\u00fcr.<\/p>\n<p>Fil: Bolluk, g\u00fc\u00e7 ve sa\u011flaml\u0131k.<\/p>\n<p>D\u00f6rt Yaprakl\u0131 Yonca: \u015eans\u0131 hayat\u0131n\u0131za \u00e7ekmeye yarar.<\/p>\n<p>\u2728 Alt\u0131n renk detaylar\u0131 ile hem zarif hem de enerjisel olarak g\u00fc\u00e7l\u00fc bir aksesuar.<\/p>\n<p>\ud83c\udf81 Yeni y\u0131l i\u00e7in hem anlaml\u0131 hem de \u015f\u0131k bir hediye arayanlar i\u00e7in m\u00fckemmel bir anahtarl\u0131k. \u0130ster kendinize, ister dileklerinin ger\u00e7ek olmas\u0131n\u0131 istediklerinize\u00a0hediye\u00a0edin.<\/p>\n","protected":false},"featured_media":142616,"comment_status":"open","ping_status":"closed","template":"","meta":[],"product_brand":[596],"product_cat":[568,9528],"product_tag":[],"class_list":{"0":"post-133742","1":"product","2":"type-product","3":"status-publish","4":"has-post-thumbnail","6":"product_brand-astrolog-elvan","7":"product_cat-anahtarliklar","8":"product_cat--anahtarliklar","10":"first","11":"instock","12":"taxable","13":"shipping-taxable","14":"purchasable","15":"product-type-simple"},"yoast_head":"<!-- This site is optimized with the Yoast SEO plugin v27.3 - https:\/\/yoast.com\/product\/yoast-seo-wordpress\/ -->\n<title>\ud83c\udf1f 2026 Dilek Anahtarl\u0131\u011f\u0131 - Astrolog Elvan<\/title>\n<meta name=\"robots\" content=\"index, follow, max-snippet:-1, max-image-preview:large, max-video-preview:-1\" \/>\n<link rel=\"canonical\" href=\"https:\/\/astrologelvan.com\/magaza\/urun\/2026-dilek-anahtarligi\/\" \/>\n<meta property=\"og:locale\" content=\"tr_TR\" \/>\n<meta property=\"og:type\" content=\"article\" \/>\n<meta property=\"og:title\" content=\"\ud83c\udf1f 2026 Dilek Anahtarl\u0131\u011f\u0131 - Astrolog Elvan\" \/>\n<meta property=\"og:description\" content=\"Yeni y\u0131l\u0131n taze enerjisini, g\u00fc\u00e7l\u00fc sembolleri ve y\u00fcksek frekansl\u0131 Kristal Kuvars ta\u015f\u0131n\u0131 bir araya getirdik.  Bu \u00f6zel anahtarl\u0131k; \u015fans\u0131 \u00e7o\u011faltmak, negatif enerjiden korunmak ve yeni y\u0131lda niyetlerinizi g\u00fc\u00e7lendirmek i\u00e7in tasarland\u0131.  \ud83d\udd2e Kristal Kuvars Ucu \u2013 Ar\u0131nma, Berrakl\u0131k &amp; Niyet G\u00fcc\u00fc  \u201cUsta \u015eifac\u0131\u201d olarak bilinen Kristal Kuvars; enerjiyi y\u00fckseltir, niyetleri b\u00fcy\u00fct\u00fcr ve negatif titre\u015fimleri temizler.  2026\u2019dan dile\u011finizi dilerken kristal kuvars\u0131 avucunuzun i\u00e7ine al\u0131n ve dileklerinizi g\u00f6z\u00fcn\u00fcz\u00fcn \u00f6n\u00fcne getirin.  At Nal\u0131: 2026 boyunca \u015fans ve bereket ak\u0131\u015f\u0131 sa\u011flar.  Kalp Formunda Nazarl\u0131k: Hem nazara hem k\u00f6t\u00fc niyete kar\u015f\u0131 sevgi frekansl\u0131 koruma.  Cornicello (k\u0131rm\u0131z\u0131 biber sembol\u00fc): \u0130talya\u2019da k\u00f6t\u00fc enerji ve nazardan korudu\u011funa inan\u0131l\u0131r ve bu sembol\u00fc ta\u015f\u0131yan\u0131n hayat\u0131nda g\u00fczel \u015feyler olaca\u011f\u0131 d\u00fc\u015f\u00fcn\u00fcl\u00fcr.  Fil: Bolluk, g\u00fc\u00e7 ve sa\u011flaml\u0131k.  D\u00f6rt Yaprakl\u0131 Yonca: \u015eans\u0131 hayat\u0131n\u0131za \u00e7ekmeye yarar.  \u2728 Alt\u0131n renk detaylar\u0131 ile hem zarif hem de enerjisel olarak g\u00fc\u00e7l\u00fc bir aksesuar.  \ud83c\udf81 Yeni y\u0131l i\u00e7in hem anlaml\u0131 hem de \u015f\u0131k bir hediye arayanlar i\u00e7in m\u00fckemmel bir anahtarl\u0131k. \u0130ster kendinize, ister dileklerinin ger\u00e7ek olmas\u0131n\u0131 istediklerinize\u00a0hediye\u00a0edin.\" \/>\n<meta property=\"og:url\" content=\"https:\/\/astrologelvan.com\/magaza\/urun\/2026-dilek-anahtarligi\/\" \/>\n<meta property=\"og:site_name\" content=\"Astrolog Elvan\" \/>\n<meta property=\"article:modified_time\" content=\"2026-04-03T11:03:11+00:00\" \/>\n<meta property=\"og:image\" content=\"https:\/\/astrologelvan.com\/magaza\/wp-content\/uploads\/2025\/12\/F5DD6112-DFBE-4E0B-9128-29A49475D38B.webp\" \/>\n\t<meta property=\"og:image:width\" content=\"1024\" \/>\n\t<meta property=\"og:image:height\" content=\"1536\" \/>\n\t<meta property=\"og:image:type\" content=\"image\/webp\" \/>\n<meta name=\"twitter:card\" content=\"summary_large_image\" \/>\n<meta name=\"twitter:label1\" content=\"Tahmini okuma s\u00fcresi\" \/>\n\t<meta name=\"twitter:data1\" content=\"2 dakika\" \/>\n<script type=\"application\/ld+json\" class=\"yoast-schema-graph\">{\"@context\":\"https:\\\/\\\/schema.org\",\"@graph\":[{\"@type\":[\"WebPage\",\"ItemPage\"],\"@id\":\"https:\\\/\\\/astrologelvan.com\\\/magaza\\\/urun\\\/2026-dilek-anahtarligi\\\/\",\"url\":\"https:\\\/\\\/astrologelvan.com\\\/magaza\\\/urun\\\/2026-dilek-anahtarligi\\\/\",\"name\":\"\ud83c\udf1f 2026 Dilek Anahtarl\u0131\u011f\u0131 - Astrolog Elvan\",\"isPartOf\":{\"@id\":\"https:\\\/\\\/astrologelvan.com\\\/magaza\\\/#website\"},\"primaryImageOfPage\":{\"@id\":\"https:\\\/\\\/astrologelvan.com\\\/magaza\\\/urun\\\/2026-dilek-anahtarligi\\\/#primaryimage\"},\"image\":{\"@id\":\"https:\\\/\\\/astrologelvan.com\\\/magaza\\\/urun\\\/2026-dilek-anahtarligi\\\/#primaryimage\"},\"thumbnailUrl\":\"https:\\\/\\\/astrologelvan.com\\\/magaza\\\/wp-content\\\/uploads\\\/2025\\\/12\\\/F5DD6112-DFBE-4E0B-9128-29A49475D38B.webp\",\"datePublished\":\"2025-12-08T15:32:08+00:00\",\"dateModified\":\"2026-04-03T11:03:11+00:00\",\"breadcrumb\":{\"@id\":\"https:\\\/\\\/astrologelvan.com\\\/magaza\\\/urun\\\/2026-dilek-anahtarligi\\\/#breadcrumb\"},\"inLanguage\":\"tr\",\"potentialAction\":[{\"@type\":\"ReadAction\",\"target\":[\"https:\\\/\\\/astrologelvan.com\\\/magaza\\\/urun\\\/2026-dilek-anahtarligi\\\/\"]}]},{\"@type\":\"ImageObject\",\"inLanguage\":\"tr\",\"@id\":\"https:\\\/\\\/astrologelvan.com\\\/magaza\\\/urun\\\/2026-dilek-anahtarligi\\\/#primaryimage\",\"url\":\"https:\\\/\\\/astrologelvan.com\\\/magaza\\\/wp-content\\\/uploads\\\/2025\\\/12\\\/F5DD6112-DFBE-4E0B-9128-29A49475D38B.webp\",\"contentUrl\":\"https:\\\/\\\/astrologelvan.com\\\/magaza\\\/wp-content\\\/uploads\\\/2025\\\/12\\\/F5DD6112-DFBE-4E0B-9128-29A49475D38B.webp\",\"width\":1024,\"height\":1536},{\"@type\":\"BreadcrumbList\",\"@id\":\"https:\\\/\\\/astrologelvan.com\\\/magaza\\\/urun\\\/2026-dilek-anahtarligi\\\/#breadcrumb\",\"itemListElement\":[{\"@type\":\"ListItem\",\"position\":1,\"name\":\"Anasayfa\",\"item\":\"https:\\\/\\\/astrologelvan.com\\\/magaza\\\/\"},{\"@type\":\"ListItem\",\"position\":2,\"name\":\"Ma\u011faza\",\"item\":\"https:\\\/\\\/astrologelvan.com\\\/magaza\\\/magaza\\\/\"},{\"@type\":\"ListItem\",\"position\":3,\"name\":\"\ud83c\udf1f 2026 Dilek Anahtarl\u0131\u011f\u0131\"}]},{\"@type\":\"WebSite\",\"@id\":\"https:\\\/\\\/astrologelvan.com\\\/magaza\\\/#website\",\"url\":\"https:\\\/\\\/astrologelvan.com\\\/magaza\\\/\",\"name\":\"Astrolog Elvan\",\"description\":\"\",\"potentialAction\":[{\"@type\":\"SearchAction\",\"target\":{\"@type\":\"EntryPoint\",\"urlTemplate\":\"https:\\\/\\\/astrologelvan.com\\\/magaza\\\/?s={search_term_string}\"},\"query-input\":{\"@type\":\"PropertyValueSpecification\",\"valueRequired\":true,\"valueName\":\"search_term_string\"}}],\"inLanguage\":\"tr\"}]}<\/script>\n<!-- \/ Yoast SEO plugin. -->","yoast_head_json":{"title":"\ud83c\udf1f 2026 Dilek Anahtarl\u0131\u011f\u0131 - Astrolog Elvan","robots":{"index":"index","follow":"follow","max-snippet":"max-snippet:-1","max-image-preview":"max-image-preview:large","max-video-preview":"max-video-preview:-1"},"canonical":"https:\/\/astrologelvan.com\/magaza\/urun\/2026-dilek-anahtarligi\/","og_locale":"tr_TR","og_type":"article","og_title":"\ud83c\udf1f 2026 Dilek Anahtarl\u0131\u011f\u0131 - Astrolog Elvan","og_description":"Yeni y\u0131l\u0131n taze enerjisini, g\u00fc\u00e7l\u00fc sembolleri ve y\u00fcksek frekansl\u0131 Kristal Kuvars ta\u015f\u0131n\u0131 bir araya getirdik.  Bu \u00f6zel anahtarl\u0131k; \u015fans\u0131 \u00e7o\u011faltmak, negatif enerjiden korunmak ve yeni y\u0131lda niyetlerinizi g\u00fc\u00e7lendirmek i\u00e7in tasarland\u0131.  \ud83d\udd2e Kristal Kuvars Ucu \u2013 Ar\u0131nma, Berrakl\u0131k &amp; Niyet G\u00fcc\u00fc  \u201cUsta \u015eifac\u0131\u201d olarak bilinen Kristal Kuvars; enerjiyi y\u00fckseltir, niyetleri b\u00fcy\u00fct\u00fcr ve negatif titre\u015fimleri temizler.  2026\u2019dan dile\u011finizi dilerken kristal kuvars\u0131 avucunuzun i\u00e7ine al\u0131n ve dileklerinizi g\u00f6z\u00fcn\u00fcz\u00fcn \u00f6n\u00fcne getirin.  At Nal\u0131: 2026 boyunca \u015fans ve bereket ak\u0131\u015f\u0131 sa\u011flar.  Kalp Formunda Nazarl\u0131k: Hem nazara hem k\u00f6t\u00fc niyete kar\u015f\u0131 sevgi frekansl\u0131 koruma.  Cornicello (k\u0131rm\u0131z\u0131 biber sembol\u00fc): \u0130talya\u2019da k\u00f6t\u00fc enerji ve nazardan korudu\u011funa inan\u0131l\u0131r ve bu sembol\u00fc ta\u015f\u0131yan\u0131n hayat\u0131nda g\u00fczel \u015feyler olaca\u011f\u0131 d\u00fc\u015f\u00fcn\u00fcl\u00fcr.  Fil: Bolluk, g\u00fc\u00e7 ve sa\u011flaml\u0131k.  D\u00f6rt Yaprakl\u0131 Yonca: \u015eans\u0131 hayat\u0131n\u0131za \u00e7ekmeye yarar.  \u2728 Alt\u0131n renk detaylar\u0131 ile hem zarif hem de enerjisel olarak g\u00fc\u00e7l\u00fc bir aksesuar.  \ud83c\udf81 Yeni y\u0131l i\u00e7in hem anlaml\u0131 hem de \u015f\u0131k bir hediye arayanlar i\u00e7in m\u00fckemmel bir anahtarl\u0131k. \u0130ster kendinize, ister dileklerinin ger\u00e7ek olmas\u0131n\u0131 istediklerinize\u00a0hediye\u00a0edin.","og_url":"https:\/\/astrologelvan.com\/magaza\/urun\/2026-dilek-anahtarligi\/","og_site_name":"Astrolog Elvan","article_modified_time":"2026-04-03T11:03:11+00:00","og_image":[{"width":1024,"height":1536,"url":"https:\/\/astrologelvan.com\/magaza\/wp-content\/uploads\/2025\/12\/F5DD6112-DFBE-4E0B-9128-29A49475D38B.webp","type":"image\/webp"}],"twitter_card":"summary_large_image","twitter_misc":{"Tahmini okuma s\u00fcresi":"2 dakika"},"schema":{"@context":"https:\/\/schema.org","@graph":[{"@type":["WebPage","ItemPage"],"@id":"https:\/\/astrologelvan.com\/magaza\/urun\/2026-dilek-anahtarligi\/","url":"https:\/\/astrologelvan.com\/magaza\/urun\/2026-dilek-anahtarligi\/","name":"\ud83c\udf1f 2026 Dilek Anahtarl\u0131\u011f\u0131 - Astrolog Elvan","isPartOf":{"@id":"https:\/\/astrologelvan.com\/magaza\/#website"},"primaryImageOfPage":{"@id":"https:\/\/astrologelvan.com\/magaza\/urun\/2026-dilek-anahtarligi\/#primaryimage"},"image":{"@id":"https:\/\/astrologelvan.com\/magaza\/urun\/2026-dilek-anahtarligi\/#primaryimage"},"thumbnailUrl":"https:\/\/astrologelvan.com\/magaza\/wp-content\/uploads\/2025\/12\/F5DD6112-DFBE-4E0B-9128-29A49475D38B.webp","datePublished":"2025-12-08T15:32:08+00:00","dateModified":"2026-04-03T11:03:11+00:00","breadcrumb":{"@id":"https:\/\/astrologelvan.com\/magaza\/urun\/2026-dilek-anahtarligi\/#breadcrumb"},"inLanguage":"tr","potentialAction":[{"@type":"ReadAction","target":["https:\/\/astrologelvan.com\/magaza\/urun\/2026-dilek-anahtarligi\/"]}]},{"@type":"ImageObject","inLanguage":"tr","@id":"https:\/\/astrologelvan.com\/magaza\/urun\/2026-dilek-anahtarligi\/#primaryimage","url":"https:\/\/astrologelvan.com\/magaza\/wp-content\/uploads\/2025\/12\/F5DD6112-DFBE-4E0B-9128-29A49475D38B.webp","contentUrl":"https:\/\/astrologelvan.com\/magaza\/wp-content\/uploads\/2025\/12\/F5DD6112-DFBE-4E0B-9128-29A49475D38B.webp","width":1024,"height":1536},{"@type":"BreadcrumbList","@id":"https:\/\/astrologelvan.com\/magaza\/urun\/2026-dilek-anahtarligi\/#breadcrumb","itemListElement":[{"@type":"ListItem","position":1,"name":"Anasayfa","item":"https:\/\/astrologelvan.com\/magaza\/"},{"@type":"ListItem","position":2,"name":"Ma\u011faza","item":"https:\/\/astrologelvan.com\/magaza\/magaza\/"},{"@type":"ListItem","position":3,"name":"\ud83c\udf1f 2026 Dilek Anahtarl\u0131\u011f\u0131"}]},{"@type":"WebSite","@id":"https:\/\/astrologelvan.com\/magaza\/#website","url":"https:\/\/astrologelvan.com\/magaza\/","name":"Astrolog Elvan","description":"","potentialAction":[{"@type":"SearchAction","target":{"@type":"EntryPoint","urlTemplate":"https:\/\/astrologelvan.com\/magaza\/?s={search_term_string}"},"query-input":{"@type":"PropertyValueSpecification","valueRequired":true,"valueName":"search_term_string"}}],"inLanguage":"tr"}]}},"_links":{"self":[{"href":"https:\/\/astrologelvan.com\/magaza\/wp-json\/wp\/v2\/product\/133742","targetHints":{"allow":["GET"]}}],"collection":[{"href":"https:\/\/astrologelvan.com\/magaza\/wp-json\/wp\/v2\/product"}],"about":[{"href":"https:\/\/astrologelvan.com\/magaza\/wp-json\/wp\/v2\/types\/product"}],"replies":[{"embeddable":true,"href":"https:\/\/astrologelvan.com\/magaza\/wp-json\/wp\/v2\/comments?post=133742"}],"wp:featuredmedia":[{"embeddable":true,"href":"https:\/\/astrologelvan.com\/magaza\/wp-json\/wp\/v2\/media\/142616"}],"wp:attachment":[{"href":"https:\/\/astrologelvan.com\/magaza\/wp-json\/wp\/v2\/media?parent=133742"}],"wp:term":[{"taxonomy":"product_brand","embeddable":true,"href":"https:\/\/astrologelvan.com\/magaza\/wp-json\/wp\/v2\/product_brand?post=133742"},{"taxonomy":"product_cat","embeddable":true,"href":"https:\/\/astrologelvan.com\/magaza\/wp-json\/wp\/v2\/product_cat?post=133742"},{"taxonomy":"product_tag","embeddable":true,"href":"https:\/\/astrologelvan.com\/magaza\/wp-json\/wp\/v2\/product_tag?post=133742"}],"curies":[{"name":"wp","href":"https:\/\/api.w.org\/{rel}","templated":true}]}}