{"id":133,"date":"2024-02-28T02:05:03","date_gmt":"2024-02-27T23:05:03","guid":{"rendered":"https:\/\/astrologelvan.shop\/?post_type=product&#038;p=133"},"modified":"2025-10-06T08:14:46","modified_gmt":"2025-10-06T05:14:46","slug":"ates-grubu-dogal-taslar","status":"publish","type":"product","link":"https:\/\/astrologelvan.com\/magaza\/urun\/ates-grubu-dogal-taslar\/","title":{"rendered":"ATE\u015e GRUBU DO\u011eAL TA\u015eLAR"},"content":{"rendered":"<p>Do\u011fal ta\u015f kolyelerimizin tasar\u0131mlar\u0131nda do\u011frudan cilde temas etmesini sa\u011fl\u0131yoruz. B\u00f6ylece do\u011fal ta\u015f kolyenizi takt\u0131k\u00e7a v\u00fccudunuzun titre\u015fimlerine ba\u011flan\u0131r ve size denge ve uyum getirir.<\/p>\n<p>&nbsp;<\/p>\n<p>&nbsp;<\/p>\n<p><strong>Tak\u0131lar\u0131n\u0131z\u0131n uzun s\u00fcre kullanabilmesi i\u00e7in; Parf\u00fcm, su, s\u0131v\u0131, dezenfektan, krem v.b. gibi maddelerle temas etmemesi, du\u015f-banyo s\u0131ras\u0131nda \u00e7\u0131kart\u0131lmas\u0131 gerekmektedir. Ki\u015finin ter-ten yap\u0131s\u0131na g\u00f6re de etkilenmektedir. Tak\u0131lar\u0131n\u0131z\u0131 kullanmad\u0131\u011f\u0131n\u0131z zamanlarda kesesinde saklaman\u0131z\u0131 \u00f6neririz.<\/strong><\/p>\n<p><strong>Do\u011fal ta\u015flar\u0131n belirli titre\u015fimlere ve frekanslara sahip oldu\u011fu bilinmektedir. Bu nedenle v\u00fccudumuzda ve auram\u0131zda birtak\u0131m iyi etkileri oldu\u011fu s\u00f6ylenmektedir. Ta\u015flar\u0131n \u00f6zelliklerinin bilimsel kesinli\u011fi yoktur. Astrologelvan ma\u011fazas\u0131ndaki t\u00fcm ta\u015flar orijinal, ger\u00e7ek do\u011fal ta\u015flard\u0131r. T\u0131bbi konularda doktora dan\u0131\u015fman\u0131z\u0131 tavsiye ederiz. Ta\u015flar\u0131n tedavi edici \u00f6zelli\u011fi yoktur, sadece ki\u015fisel enerjimizi y\u00fckseltmekte ve astrolojik olarak da temsil etti\u011fi gezegenlerin etkilerini artt\u0131rmakta oldu\u011fu kabul edilir. \u00d6rne\u011fin; pembe kuvars ta\u015f\u0131 a\u015fk ve sevgi gezegeni Ven\u00fcs&#8217;\u00fcn ta\u015f\u0131d\u0131r ve bu sebeple \u00fczerinde ta\u015f\u0131yan ki\u015finin a\u015fk ve sevgi frekans\u0131n\u0131 y\u00fckseltti\u011fi bilinir.<\/strong><\/p>\n<h3 class=\"p1\">Ate\u015f Grubu Bur\u00e7lar\u0131 ve Do\u011fal Ta\u015flar\u0131<\/h3>\n<h5>Aslan, Yay, Ko\u00e7<\/h5>\n<p><span style=\"font-weight: 400;\">Bu ta\u015flar\u0131 ada\u00e7ay\u0131 ile t\u00fcts\u00fcledikten sonra<\/span><span style=\"font-weight: 400;\">\u00a0yan\u0131n\u0131zda ta\u015f\u0131yabilirsiniz. \u00d6nerim; <\/span><i><span style=\"font-weight: 400;\">her g\u00fcn 5-10 dakika\u00a0 ta\u015flar\u0131 avu\u00e7 i\u00e7inizde tutman\u0131z.\u00a0\u00a0<\/span><\/i><\/p>\n<p><span style=\"font-weight: 400;\">Ate\u015f grubu bur\u00e7lar\u0131n\u0131n \u015fansl\u0131 ta\u015flar\u0131 <\/span><b>Jasper<\/b><span style=\"font-weight: 400;\">, <\/span><b>Kaplang\u00f6z\u00fc <\/b><span style=\"font-weight: 400;\">ve\u00a0 <\/span><b>Lapis Lazuli <\/b><span style=\"font-weight: 400;\">ile hem enerjini dengele hem de g\u00fcc\u00fcn\u00fc ke\u015ffet.\u00a0<\/span><\/p>\n<p><b>Kaplang\u00f6z\u00fc; <\/b><span style=\"font-weight: 400;\">g\u00fc\u00e7, cesaret ta\u015f\u0131d\u0131r. Ad\u0131m atmay\u0131 ve harekete\u00a0 ge\u00e7meyi sa\u011flar. Enerjinizi ve \u00f6fkenizi dengeler.\u00a0\u00a0<\/span><\/p>\n<p><b>Jasper; <\/b><span style=\"font-weight: 400;\">ate\u015f grubu burcu ta\u015flar\u0131ndan biridir. A\u011fr\u0131\u00a0 kesici \u00f6zelli\u011fi vard\u0131r, fiziksel durumlar\u0131n\u0131z i\u00e7in kullanabilirsiniz.\u00a0 Ba\u011f\u0131\u015f\u0131kl\u0131\u011f\u0131 g\u00fc\u00e7l\u00fc tutmaya yard\u0131mc\u0131 olur. \u00d6fke ve kayg\u0131\u00a0 bozukluklar\u0131 i\u00e7in kullanabilirsiniz.\u00a0<\/span><\/p>\n<p><b>Lapis Lazuli; <\/b><span style=\"font-weight: 400;\">ruhsal koruma ve g\u00fc\u00e7 i\u00e7in kullan\u0131l\u0131r. \u00d6zellikle\u00a0 dolunaylarda ve negatif gezegen etkilerinin oldu\u011fu gergin\u00a0 g\u00fcnlerde auran\u0131z\u0131 koruyacakt\u0131r. Antik M\u0131s\u0131r\u2019da Firavunlar\u0131n\u00a0 ta\u015f\u0131d\u0131r ve M\u0131s\u0131r piramitlerinin i\u00e7inde duvarlar\u0131n Lapis Lazuli\u00a0\u00a0<\/span><\/p>\n<p><span style=\"font-weight: 400;\">ta\u015f\u0131 ile kapland\u0131\u011f\u0131 belirtilir. 3. g\u00f6z\u00fc a\u00e7mak, sezgileri\u00a0 kuvvetlendirmek i\u00e7in de kullan\u0131l\u0131r.\u00a0\u00a0<\/span><\/p>\n<p>&nbsp;<\/p>\n<h3>Kaplang\u00f6z\u00fc Ta\u015f\u0131<\/h3>\n<p>Hayat\u0131n\u0131zda enerjinizin, \u00f6zg\u00fcveninizin, cesaretinizin azald\u0131\u011f\u0131 veya yeterince ortaya \u00e7\u0131kt\u0131\u011f\u0131n\u0131 d\u00fc\u015f\u00fcnmedi\u011finiz d\u00f6nemlerde elinizin gidece\u011fi ilk ta\u015f kaplang\u00f6z\u00fc ta\u015f\u0131d\u0131r. Ba\u011f\u0131ms\u0131zl\u0131k ta\u015f\u0131 olarak bilinen kaplang\u00f6z\u00fc ta\u015f\u0131, kendisini \u00fczerinde ta\u015f\u0131yan ki\u015finin c\u00fcretkarl\u0131k, cesurluk, korkusuzluk gibi y\u00f6nlerini geli\u015ftirir. Kullan\u0131m\u0131 antik \u00e7a\u011flardan bu yana s\u00fcregelen kaplang\u00f6z\u00fc ta\u015f\u0131 hem ba\u011f\u0131ms\u0131zl\u0131\u011f\u0131 hem de koruyuculu\u011fu simgeledi\u011finden devlet erkanlar\u0131n\u0131n sava\u015f aletlerinde ve k\u0131yafetlerinde de kullan\u0131lm\u0131\u015ft\u0131r. Antik M\u0131s\u0131r \u00e7a\u011flar\u0131nda ise galibiyetin ve y\u0131k\u0131m\u0131n tanr\u0131\u00e7as\u0131 olan Sekhmet ile ili\u015fkilendirilmi\u015ftir.<\/p>\n<p>Kaplang\u00f6z\u00fc ta\u015f\u0131 iyile\u015ftirici g\u00fcc\u00fcn\u00fc ate\u015f ve toprak elementlerinden al\u0131r. Bir kaplan\u0131n \u00e7izgilerine benzer olarak bu elementler hem dayana\u011f\u0131 olan hem de ilham verici titre\u015fimler yarat\u0131r. Kaplang\u00f6z\u00fc ta\u015f\u0131 cesaret enerjisini ve iyile\u015ftirme \u00f6zelli\u011fini bir araya getirir. Toksik d\u00fc\u015f\u00fcnceleri dengeler ve pozitif mental d\u00fc\u015f\u00fcnceler geli\u015ftirir.<\/p>\n<p>Kaplang\u00f6z\u00fc ta\u015f\u0131n\u0131n solar pleksus \u00e7akra ile ba\u011flant\u0131s\u0131 da bulunmaktad\u0131r. Yedi ana \u00e7akran\u0131n \u00fc\u00e7\u00fcnc\u00fc \u00e7akras\u0131 olan ki\u015fisel g\u00fc\u00e7 ve \u00f6zg\u00fcvenin bulundu\u011fu \u00e7akray\u0131 etkilemektedir. Bu ta\u015f \u00fc\u00e7\u00fcnc\u00fc \u00e7akradaki dengesizlikleri d\u00fczenler ve ki\u015fiye en g\u00fc\u00e7l\u00fc, en \u00f6zg\u00fcvenli versiyonunu b\u0131rak\u0131r. Ki\u015fiye kendine g\u00fcvenme ve hayat\u0131nda kendi yoluna gidebilme kabiliyetini kazanmada yard\u0131mc\u0131 olur. Solar pleksus \u00e7akray\u0131 dengeleyerek sizi motive etmektedir. Korku, k\u0131skan\u00e7l\u0131k, kin gibi duygular\u0131 yenmenizi sa\u011flar. Ast\u0131m hastalar\u0131na, kalp hastal\u0131klar\u0131na ve uykusuzluk problemi olanlara iyi gelir.<\/p>\n<p>Kaplang\u00f6z\u00fc ta\u015f\u0131 ada\u00e7ay\u0131 t\u00fcts\u00fcs\u00fc yap\u0131larak temizlenebilir. Ayr\u0131ca akan suyun alt\u0131nda 10 dakika kadar da bekletmek ta\u015f\u0131n\u0131z\u0131n enerjisini n\u00f6trleyecektir. Ta\u015f\u0131n\u0131z\u0131 temizlemenin bir di\u011fer yolu da 1 gece toprakta bekletmek ya da dolunay gecesinde dolunay \u0131\u015f\u0131\u011f\u0131nda bekletmektir. Ayda bir ta\u015f\u0131n\u0131z\u0131 tekrar temizleyip, kullanmal\u0131s\u0131n\u0131z. Kaplang\u00f6z\u00fc ta\u015f\u0131 ihtiya\u00e7 duyan herkese \u015fifa olsun!<\/p>\n","protected":false},"excerpt":{"rendered":"<p>G\u00f6rsel \u00f6rnektir. Her do\u011fal ta\u015f kesim sebebiyle birbirinden farkl\u0131 olabilir. Do\u011fal ta\u015flar\u0131n \u00fczerindeki dalgalanmalar, ta\u015f\u0131n i\u00e7erisinde yer alan renk de\u011fi\u015fimleri ve damarlar\u0131ndaki renklenmeler ta\u015f\u0131n do\u011fas\u0131ndan kaynaklanmaktad\u0131r. Do\u011fadan \u00e7\u0131kan her ta\u015f; birbirinden e\u015fsiz ve farkl\u0131d\u0131r.<\/p>\n<p>Ada\u00e7ay\u0131 t\u00fcts\u00fcs\u00fc, t\u00fcts\u00fcl\u00fc\u011f\u00fc ve kutusu ile kutusunda g\u00f6nderilir.<\/p>\n<p>&nbsp;<\/p>\n<p>A\u015fa\u011f\u0131da a\u00e7\u0131klama k\u0131sm\u0131n\u0131 okuyunuz.<\/p>\n<p>&nbsp;<\/p>\n","protected":false},"featured_media":198,"comment_status":"closed","ping_status":"closed","template":"","meta":[],"product_brand":[],"product_cat":[52],"product_tag":[39,53,40],"class_list":{"0":"post-133","1":"product","2":"type-product","3":"status-publish","4":"has-post-thumbnail","6":"product_cat-dogal-taslar","7":"product_tag-astrolog-elvan","8":"product_tag-ates-grubu-dogal-taslar","9":"product_tag-dogal-tas","11":"first","12":"outofstock","13":"taxable","14":"shipping-taxable","15":"purchasable","16":"product-type-simple"},"yoast_head":"<!-- This site is optimized with the Yoast SEO plugin v27.3 - https:\/\/yoast.com\/product\/yoast-seo-wordpress\/ -->\n<title>ATE\u015e GRUBU DO\u011eAL TA\u015eLAR - Astrolog Elvan<\/title>\n<meta name=\"robots\" content=\"index, follow, max-snippet:-1, max-image-preview:large, max-video-preview:-1\" \/>\n<link rel=\"canonical\" href=\"https:\/\/astrologelvan.com\/magaza\/urun\/ates-grubu-dogal-taslar\/\" \/>\n<meta property=\"og:locale\" content=\"tr_TR\" \/>\n<meta property=\"og:type\" content=\"article\" \/>\n<meta property=\"og:title\" content=\"ATE\u015e GRUBU DO\u011eAL TA\u015eLAR - Astrolog Elvan\" \/>\n<meta property=\"og:description\" content=\"G\u00f6rsel \u00f6rnektir. Her do\u011fal ta\u015f kesim sebebiyle birbirinden farkl\u0131 olabilir. Do\u011fal ta\u015flar\u0131n \u00fczerindeki dalgalanmalar, ta\u015f\u0131n i\u00e7erisinde yer alan renk de\u011fi\u015fimleri ve damarlar\u0131ndaki renklenmeler ta\u015f\u0131n do\u011fas\u0131ndan kaynaklanmaktad\u0131r. Do\u011fadan \u00e7\u0131kan her ta\u015f; birbirinden e\u015fsiz ve farkl\u0131d\u0131r.  Ada\u00e7ay\u0131 t\u00fcts\u00fcs\u00fc, t\u00fcts\u00fcl\u00fc\u011f\u00fc ve kutusu ile kutusunda g\u00f6nderilir.  &nbsp;  A\u015fa\u011f\u0131da a\u00e7\u0131klama k\u0131sm\u0131n\u0131 okuyunuz.  &nbsp;\" \/>\n<meta property=\"og:url\" content=\"https:\/\/astrologelvan.com\/magaza\/urun\/ates-grubu-dogal-taslar\/\" \/>\n<meta property=\"og:site_name\" content=\"Astrolog Elvan\" \/>\n<meta property=\"article:modified_time\" content=\"2025-10-06T05:14:46+00:00\" \/>\n<meta property=\"og:image\" content=\"https:\/\/astrologelvan.com\/magaza\/wp-content\/uploads\/2024\/02\/Ates-burcu-astroloji-kiti-scaled-1.jpg\" \/>\n\t<meta property=\"og:image:width\" content=\"1920\" \/>\n\t<meta property=\"og:image:height\" content=\"2560\" \/>\n\t<meta property=\"og:image:type\" content=\"image\/jpeg\" \/>\n<meta name=\"twitter:card\" content=\"summary_large_image\" \/>\n<meta name=\"twitter:label1\" content=\"Tahmini okuma s\u00fcresi\" \/>\n\t<meta name=\"twitter:data1\" content=\"3 dakika\" \/>\n<script type=\"application\/ld+json\" class=\"yoast-schema-graph\">{\"@context\":\"https:\\\/\\\/schema.org\",\"@graph\":[{\"@type\":[\"WebPage\",\"ItemPage\"],\"@id\":\"https:\\\/\\\/astrologelvan.com\\\/magaza\\\/urun\\\/ates-grubu-dogal-taslar\\\/\",\"url\":\"https:\\\/\\\/astrologelvan.com\\\/magaza\\\/urun\\\/ates-grubu-dogal-taslar\\\/\",\"name\":\"ATE\u015e GRUBU DO\u011eAL TA\u015eLAR - Astrolog Elvan\",\"isPartOf\":{\"@id\":\"https:\\\/\\\/astrologelvan.com\\\/magaza\\\/#website\"},\"primaryImageOfPage\":{\"@id\":\"https:\\\/\\\/astrologelvan.com\\\/magaza\\\/urun\\\/ates-grubu-dogal-taslar\\\/#primaryimage\"},\"image\":{\"@id\":\"https:\\\/\\\/astrologelvan.com\\\/magaza\\\/urun\\\/ates-grubu-dogal-taslar\\\/#primaryimage\"},\"thumbnailUrl\":\"https:\\\/\\\/astrologelvan.com\\\/magaza\\\/wp-content\\\/uploads\\\/2024\\\/02\\\/Ates-burcu-astroloji-kiti-scaled-1.jpg\",\"datePublished\":\"2024-02-27T23:05:03+00:00\",\"dateModified\":\"2025-10-06T05:14:46+00:00\",\"breadcrumb\":{\"@id\":\"https:\\\/\\\/astrologelvan.com\\\/magaza\\\/urun\\\/ates-grubu-dogal-taslar\\\/#breadcrumb\"},\"inLanguage\":\"tr\",\"potentialAction\":[{\"@type\":\"ReadAction\",\"target\":[\"https:\\\/\\\/astrologelvan.com\\\/magaza\\\/urun\\\/ates-grubu-dogal-taslar\\\/\"]}]},{\"@type\":\"ImageObject\",\"inLanguage\":\"tr\",\"@id\":\"https:\\\/\\\/astrologelvan.com\\\/magaza\\\/urun\\\/ates-grubu-dogal-taslar\\\/#primaryimage\",\"url\":\"https:\\\/\\\/astrologelvan.com\\\/magaza\\\/wp-content\\\/uploads\\\/2024\\\/02\\\/Ates-burcu-astroloji-kiti-scaled-1.jpg\",\"contentUrl\":\"https:\\\/\\\/astrologelvan.com\\\/magaza\\\/wp-content\\\/uploads\\\/2024\\\/02\\\/Ates-burcu-astroloji-kiti-scaled-1.jpg\",\"width\":1920,\"height\":2560},{\"@type\":\"BreadcrumbList\",\"@id\":\"https:\\\/\\\/astrologelvan.com\\\/magaza\\\/urun\\\/ates-grubu-dogal-taslar\\\/#breadcrumb\",\"itemListElement\":[{\"@type\":\"ListItem\",\"position\":1,\"name\":\"Anasayfa\",\"item\":\"https:\\\/\\\/astrologelvan.com\\\/magaza\\\/\"},{\"@type\":\"ListItem\",\"position\":2,\"name\":\"Ma\u011faza\",\"item\":\"https:\\\/\\\/astrologelvan.com\\\/magaza\\\/magaza\\\/\"},{\"@type\":\"ListItem\",\"position\":3,\"name\":\"ATE\u015e GRUBU DO\u011eAL TA\u015eLAR\"}]},{\"@type\":\"WebSite\",\"@id\":\"https:\\\/\\\/astrologelvan.com\\\/magaza\\\/#website\",\"url\":\"https:\\\/\\\/astrologelvan.com\\\/magaza\\\/\",\"name\":\"Astrolog Elvan\",\"description\":\"\",\"potentialAction\":[{\"@type\":\"SearchAction\",\"target\":{\"@type\":\"EntryPoint\",\"urlTemplate\":\"https:\\\/\\\/astrologelvan.com\\\/magaza\\\/?s={search_term_string}\"},\"query-input\":{\"@type\":\"PropertyValueSpecification\",\"valueRequired\":true,\"valueName\":\"search_term_string\"}}],\"inLanguage\":\"tr\"}]}<\/script>\n<!-- \/ Yoast SEO plugin. -->","yoast_head_json":{"title":"ATE\u015e GRUBU DO\u011eAL TA\u015eLAR - Astrolog Elvan","robots":{"index":"index","follow":"follow","max-snippet":"max-snippet:-1","max-image-preview":"max-image-preview:large","max-video-preview":"max-video-preview:-1"},"canonical":"https:\/\/astrologelvan.com\/magaza\/urun\/ates-grubu-dogal-taslar\/","og_locale":"tr_TR","og_type":"article","og_title":"ATE\u015e GRUBU DO\u011eAL TA\u015eLAR - Astrolog Elvan","og_description":"G\u00f6rsel \u00f6rnektir. Her do\u011fal ta\u015f kesim sebebiyle birbirinden farkl\u0131 olabilir. Do\u011fal ta\u015flar\u0131n \u00fczerindeki dalgalanmalar, ta\u015f\u0131n i\u00e7erisinde yer alan renk de\u011fi\u015fimleri ve damarlar\u0131ndaki renklenmeler ta\u015f\u0131n do\u011fas\u0131ndan kaynaklanmaktad\u0131r. Do\u011fadan \u00e7\u0131kan her ta\u015f; birbirinden e\u015fsiz ve farkl\u0131d\u0131r.  Ada\u00e7ay\u0131 t\u00fcts\u00fcs\u00fc, t\u00fcts\u00fcl\u00fc\u011f\u00fc ve kutusu ile kutusunda g\u00f6nderilir.  &nbsp;  A\u015fa\u011f\u0131da a\u00e7\u0131klama k\u0131sm\u0131n\u0131 okuyunuz.  &nbsp;","og_url":"https:\/\/astrologelvan.com\/magaza\/urun\/ates-grubu-dogal-taslar\/","og_site_name":"Astrolog Elvan","article_modified_time":"2025-10-06T05:14:46+00:00","og_image":[{"width":1920,"height":2560,"url":"https:\/\/astrologelvan.com\/magaza\/wp-content\/uploads\/2024\/02\/Ates-burcu-astroloji-kiti-scaled-1.jpg","type":"image\/jpeg"}],"twitter_card":"summary_large_image","twitter_misc":{"Tahmini okuma s\u00fcresi":"3 dakika"},"schema":{"@context":"https:\/\/schema.org","@graph":[{"@type":["WebPage","ItemPage"],"@id":"https:\/\/astrologelvan.com\/magaza\/urun\/ates-grubu-dogal-taslar\/","url":"https:\/\/astrologelvan.com\/magaza\/urun\/ates-grubu-dogal-taslar\/","name":"ATE\u015e GRUBU DO\u011eAL TA\u015eLAR - Astrolog Elvan","isPartOf":{"@id":"https:\/\/astrologelvan.com\/magaza\/#website"},"primaryImageOfPage":{"@id":"https:\/\/astrologelvan.com\/magaza\/urun\/ates-grubu-dogal-taslar\/#primaryimage"},"image":{"@id":"https:\/\/astrologelvan.com\/magaza\/urun\/ates-grubu-dogal-taslar\/#primaryimage"},"thumbnailUrl":"https:\/\/astrologelvan.com\/magaza\/wp-content\/uploads\/2024\/02\/Ates-burcu-astroloji-kiti-scaled-1.jpg","datePublished":"2024-02-27T23:05:03+00:00","dateModified":"2025-10-06T05:14:46+00:00","breadcrumb":{"@id":"https:\/\/astrologelvan.com\/magaza\/urun\/ates-grubu-dogal-taslar\/#breadcrumb"},"inLanguage":"tr","potentialAction":[{"@type":"ReadAction","target":["https:\/\/astrologelvan.com\/magaza\/urun\/ates-grubu-dogal-taslar\/"]}]},{"@type":"ImageObject","inLanguage":"tr","@id":"https:\/\/astrologelvan.com\/magaza\/urun\/ates-grubu-dogal-taslar\/#primaryimage","url":"https:\/\/astrologelvan.com\/magaza\/wp-content\/uploads\/2024\/02\/Ates-burcu-astroloji-kiti-scaled-1.jpg","contentUrl":"https:\/\/astrologelvan.com\/magaza\/wp-content\/uploads\/2024\/02\/Ates-burcu-astroloji-kiti-scaled-1.jpg","width":1920,"height":2560},{"@type":"BreadcrumbList","@id":"https:\/\/astrologelvan.com\/magaza\/urun\/ates-grubu-dogal-taslar\/#breadcrumb","itemListElement":[{"@type":"ListItem","position":1,"name":"Anasayfa","item":"https:\/\/astrologelvan.com\/magaza\/"},{"@type":"ListItem","position":2,"name":"Ma\u011faza","item":"https:\/\/astrologelvan.com\/magaza\/magaza\/"},{"@type":"ListItem","position":3,"name":"ATE\u015e GRUBU DO\u011eAL TA\u015eLAR"}]},{"@type":"WebSite","@id":"https:\/\/astrologelvan.com\/magaza\/#website","url":"https:\/\/astrologelvan.com\/magaza\/","name":"Astrolog Elvan","description":"","potentialAction":[{"@type":"SearchAction","target":{"@type":"EntryPoint","urlTemplate":"https:\/\/astrologelvan.com\/magaza\/?s={search_term_string}"},"query-input":{"@type":"PropertyValueSpecification","valueRequired":true,"valueName":"search_term_string"}}],"inLanguage":"tr"}]}},"_links":{"self":[{"href":"https:\/\/astrologelvan.com\/magaza\/wp-json\/wp\/v2\/product\/133","targetHints":{"allow":["GET"]}}],"collection":[{"href":"https:\/\/astrologelvan.com\/magaza\/wp-json\/wp\/v2\/product"}],"about":[{"href":"https:\/\/astrologelvan.com\/magaza\/wp-json\/wp\/v2\/types\/product"}],"replies":[{"embeddable":true,"href":"https:\/\/astrologelvan.com\/magaza\/wp-json\/wp\/v2\/comments?post=133"}],"wp:featuredmedia":[{"embeddable":true,"href":"https:\/\/astrologelvan.com\/magaza\/wp-json\/wp\/v2\/media\/198"}],"wp:attachment":[{"href":"https:\/\/astrologelvan.com\/magaza\/wp-json\/wp\/v2\/media?parent=133"}],"wp:term":[{"taxonomy":"product_brand","embeddable":true,"href":"https:\/\/astrologelvan.com\/magaza\/wp-json\/wp\/v2\/product_brand?post=133"},{"taxonomy":"product_cat","embeddable":true,"href":"https:\/\/astrologelvan.com\/magaza\/wp-json\/wp\/v2\/product_cat?post=133"},{"taxonomy":"product_tag","embeddable":true,"href":"https:\/\/astrologelvan.com\/magaza\/wp-json\/wp\/v2\/product_tag?post=133"}],"curies":[{"name":"wp","href":"https:\/\/api.w.org\/{rel}","templated":true}]}}