{"id":132864,"date":"2025-12-07T16:20:01","date_gmt":"2025-12-07T13:20:01","guid":{"rendered":"https:\/\/astrologelvan.com\/magaza\/?post_type=product&#038;p=132864"},"modified":"2025-12-15T01:07:04","modified_gmt":"2025-12-14T22:07:04","slug":"kaderini-yeniden-yaz-atolyesi","status":"publish","type":"product","link":"https:\/\/astrologelvan.com\/magaza\/urun\/kaderini-yeniden-yaz-atolyesi\/","title":{"rendered":"Kaderini Yeniden Yaz At\u00f6lyesi"},"content":{"rendered":"<p>Kaderini Yeniden Yaz At\u00f6lyesi<\/p>\n<p>10 Aral\u0131k 2025<br \/>\nSaat:21:00<br \/>\n\u00dccret:555 TL<br \/>\nZoom \u00fczerinden yap\u0131lacakt\u0131r<\/p>\n<p>Bilin\u00e7alt\u0131n\u0131n Gizli G\u00fcc\u00fcn\u00fc Ke\u015ffetmeye Haz\u0131rlan!<\/p>\n<p>Hayatta bazen g\u00f6r\u00fcnmez bir el bizi ayn\u0131 d\u00f6ng\u00fclere s\u00fcr\u00fckl\u00fcyor gibi hissederiz. Oysa t\u00fcm tekrarlar\u0131n, se\u00e7imlerin ve ili\u015fkilerin k\u00f6keni \u00e7o\u011fu zaman bilin\u00e7alt\u0131 programlar\u0131m\u0131zdad\u0131r.<\/p>\n<p>Bu at\u00f6lyede, bilin\u00e7alt\u0131n\u0131n kap\u0131lar\u0131n\u0131 aralay\u0131p kendi kaderinin mimar\u0131 olma g\u00fcc\u00fcn\u00fc ke\u015ffedeceksin.<\/p>\n<p>\ud83e\udd8b Eski kay\u0131tlar\u0131n\u0131 nas\u0131l fark edersin?<br \/>\n\ud83e\udd8b Korku ve sabotaj inan\u00e7lar\u0131 hayat\u0131n\u0131 nas\u0131l \u015fekillendirir?<br \/>\n\ud83e\udd8b Neden baz\u0131lar\u0131 ilerlerken sen ayn\u0131 yerde s\u0131k\u0131\u015f\u0131rs\u0131n?<br \/>\n\ud83e\udd8b Ve bu d\u00f6ng\u00fcy\u00fc ger\u00e7ekten nas\u0131l k\u0131rabilirsin?<\/p>\n<p>Bu \u00e7al\u0131\u015fma bir \u201cmucize\u201d vaat etmiyor;<br \/>\nama fark\u0131ndal\u0131k + do\u011fru teknikler + d\u00f6n\u00fc\u015f\u00fcm birle\u015fti\u011finde de\u011fi\u015fime sen bile \u015fa\u015f\u0131racaks\u0131n.<\/p>\n<p>\u2728 At\u00f6lye Sonras\u0131:<br \/>\n\u2022 Kendinle ilgili g\u00fc\u00e7l\u00fc i\u00e7g\u00f6r\u00fcler<br \/>\n\u2022 Bilin\u00e7alt\u0131n\u0131n y\u00f6nlendirmelerini fark etme<br \/>\n\u2022 Yeni kader ihtimallerini yaratma<br \/>\n\u2022 Daha net kararlar<br \/>\n\u2022 \u201cTesad\u00fcf\u201d dedi\u011fin \u015feylerin arkas\u0131ndaki mekanizmay\u0131 g\u00f6rme<\/p>\n<p>Kader, sadece ba\u015f\u0131na gelen de\u011fil;<br \/>\nnas\u0131l d\u00fc\u015f\u00fcnd\u00fc\u011f\u00fcn, hissetti\u011fin ve se\u00e7ti\u011findir.<\/p>\n<p>\u201cArt\u0131k ayn\u0131 d\u00f6ng\u00fcy\u00fc ya\u015famak istemiyorum\u201d diyorsan, bu at\u00f6lye tam senin i\u00e7in! Sen de kendi kaderinin y\u00f6n\u00fcn\u00fc de\u011fi\u015ftirmeye haz\u0131r m\u0131s\u0131n?<br \/>\nKap\u0131 a\u00e7\u0131k\u2026 \u0130\u00e7eri ad\u0131m atmak ise sadece senin se\u00e7imin.<\/p>\n","protected":false},"excerpt":{"rendered":"<p><strong>Bilin\u00e7alt\u0131n\u0131n Gizli G\u00fcc\u00fcn\u00fc Ke\u015ffetmeye Haz\u0131rlan!<\/strong><\/p>\n<p>Hayatta bazen g\u00f6r\u00fcnmez bir el bizi ayn\u0131 d\u00f6ng\u00fclere s\u00fcr\u00fckl\u00fcyor gibi hissederiz. Oysa t\u00fcm tekrarlar\u0131n, se\u00e7imlerin ve ili\u015fkilerin k\u00f6keni \u00e7o\u011fu zaman bilin\u00e7alt\u0131 programlar\u0131m\u0131zdad\u0131r.<\/p>\n<p><strong>Bu at\u00f6lyede, bilin\u00e7alt\u0131n\u0131n kap\u0131lar\u0131n\u0131 aralay\u0131p kendi kaderinin mimar\u0131 olma g\u00fcc\u00fcn\u00fc ke\u015ffedeceksin.<\/strong><\/p>\n<p>\ud83e\udd8b Eski kay\u0131tlar\u0131n\u0131 nas\u0131l fark edersin?<br \/>\n\ud83e\udd8b Korku ve sabotaj inan\u00e7lar\u0131 hayat\u0131n\u0131 nas\u0131l \u015fekillendirir?<br \/>\n\ud83e\udd8b Neden baz\u0131lar\u0131 ilerlerken sen ayn\u0131 yerde s\u0131k\u0131\u015f\u0131rs\u0131n?<br \/>\n\ud83e\udd8b Ve bu d\u00f6ng\u00fcy\u00fc ger\u00e7ekten nas\u0131l k\u0131rabilirsin?<\/p>\n<p>Bu \u00e7al\u0131\u015fma bir \u201cmucize\u201d vaat etmiyor;<br \/>\nama fark\u0131ndal\u0131k + do\u011fru teknikler + d\u00f6n\u00fc\u015f\u00fcm birle\u015fti\u011finde de\u011fi\u015fime sen bile \u015fa\u015f\u0131racaks\u0131n.<\/p>\n<p><strong>\u2728 At\u00f6lye Sonras\u0131:<\/strong><br \/>\n\u2022 Kendinle ilgili g\u00fc\u00e7l\u00fc i\u00e7g\u00f6r\u00fcler<br \/>\n\u2022 Bilin\u00e7alt\u0131n\u0131n y\u00f6nlendirmelerini fark etme<br \/>\n\u2022 Yeni kader ihtimallerini yaratma<br \/>\n\u2022 Daha net kararlar<br \/>\n\u2022 \u201cTesad\u00fcf\u201d dedi\u011fin \u015feylerin arkas\u0131ndaki mekanizmay\u0131 g\u00f6rme<\/p>\n<p>Kader, sadece ba\u015f\u0131na gelen de\u011fil;<br \/>\nnas\u0131l d\u00fc\u015f\u00fcnd\u00fc\u011f\u00fcn, hissetti\u011fin ve se\u00e7ti\u011findir.<\/p>\n<p>\u201cArt\u0131k ayn\u0131 d\u00f6ng\u00fcy\u00fc ya\u015famak istemiyorum\u201d diyorsan, bu at\u00f6lye tam senin i\u00e7in! Sen de kendi kaderinin y\u00f6n\u00fcn\u00fc de\u011fi\u015ftirmeye haz\u0131r m\u0131s\u0131n?<br \/>\nKap\u0131 a\u00e7\u0131k\u2026 \u0130\u00e7eri ad\u0131m atmak ise sadece senin se\u00e7imin.<\/p>\n<p><strong><div class=\"message-box relative dark\" style=\"padding-top:15px;padding-bottom:15px;\"><div class=\"message-box-bg-image bg-fill fill\" style=\"background-image:url(#hex or http:\/\/imageurl);\"><\/div><div class=\"message-box-bg-overlay bg-fill fill\" ><\/div><div class=\"container relative\"><div class=\"inner last-reset\"> At\u00f6lye 10 Aral\u0131k ak\u015fam\u0131 T\u00fcrkiye saati ile 21:00\u2019da Zoom \u00fczerinden Spirit\u00fcel Dan\u0131\u015fman Sema Tav\u015fanl\u0131 e\u015fli\u011finde canl\u0131 olarak yap\u0131lacak.<br \/>\n<\/div><\/div><\/div><\/strong><\/p>\n<p>&nbsp;<\/p>\n<p><strong>At\u00f6lye kat\u0131l\u0131m linkleri<\/strong>\u00a0<u>belirtti\u011finiz telefon numaras\u0131na SMS olarak ve belirtti\u011finiz e-mail adresine e-mail olarak g\u00f6nderilecektir. Sipari\u015flerinizi olu\u015ftururken aktif kulland\u0131\u011f\u0131n\u0131z telefon numaran\u0131z\u0131 ve e-mail adresinizi girmelisiniz.\u00a0<\/u>E-mail adresinizi do\u011fru yazd\u0131\u011f\u0131n\u0131za ve e-mail kutunuzun dolu olmad\u0131\u011f\u0131na dikkat ediniz.<\/p>\n<p>At\u00f6lye kay\u0131tlar\u0131 sat\u0131n alan ki\u015filere canl\u0131 yay\u0131n sonras\u0131ndaki g\u00fcnlerde yine ayn\u0131 kanallardan iletilecektir.<br \/>\n<strong>Her at\u00f6lye kayd\u0131 yasal olarak yaln\u0131zca bir ki\u015fi i\u00e7in ge\u00e7erlidir, bir ba\u015fkas\u0131 ile payla\u015f\u0131lamaz.<\/strong><\/p>\n<p><strong>\u00a0<\/strong><\/p>\n<div class=\"sales-counter\" style=\" margin: 1em 0; padding: 10px; background-color: #fff; border: 1px solid #ddd;\">\u2728 27 Ki\u015fi Yerini Ay\u0131rd\u0131!<\/div>\n","protected":false},"featured_media":133208,"comment_status":"open","ping_status":"closed","template":"","meta":[],"product_brand":[596],"product_cat":[494],"product_tag":[],"class_list":{"0":"post-132864","1":"product","2":"type-product","3":"status-publish","4":"has-post-thumbnail","6":"product_brand-astrolog-elvan","7":"product_cat-atolyeler","9":"first","10":"outofstock","11":"virtual","12":"taxable","13":"purchasable","14":"product-type-simple"},"yoast_head":"<!-- This site is optimized with the Yoast SEO plugin v27.3 - https:\/\/yoast.com\/product\/yoast-seo-wordpress\/ -->\n<title>Kaderini Yeniden Yaz At\u00f6lyesi - Astrolog Elvan<\/title>\n<meta name=\"robots\" content=\"index, follow, max-snippet:-1, max-image-preview:large, max-video-preview:-1\" \/>\n<link rel=\"canonical\" href=\"https:\/\/astrologelvan.com\/magaza\/urun\/kaderini-yeniden-yaz-atolyesi\/\" \/>\n<meta property=\"og:locale\" content=\"tr_TR\" \/>\n<meta property=\"og:type\" content=\"article\" \/>\n<meta property=\"og:title\" content=\"Kaderini Yeniden Yaz At\u00f6lyesi - Astrolog Elvan\" \/>\n<meta property=\"og:description\" content=\"Bilin\u00e7alt\u0131n\u0131n Gizli G\u00fcc\u00fcn\u00fc Ke\u015ffetmeye Haz\u0131rlan!  Hayatta bazen g\u00f6r\u00fcnmez bir el bizi ayn\u0131 d\u00f6ng\u00fclere s\u00fcr\u00fckl\u00fcyor gibi hissederiz. Oysa t\u00fcm tekrarlar\u0131n, se\u00e7imlerin ve ili\u015fkilerin k\u00f6keni \u00e7o\u011fu zaman bilin\u00e7alt\u0131 programlar\u0131m\u0131zdad\u0131r.  Bu at\u00f6lyede, bilin\u00e7alt\u0131n\u0131n kap\u0131lar\u0131n\u0131 aralay\u0131p kendi kaderinin mimar\u0131 olma g\u00fcc\u00fcn\u00fc ke\u015ffedeceksin.  \ud83e\udd8b Eski kay\u0131tlar\u0131n\u0131 nas\u0131l fark edersin? \ud83e\udd8b Korku ve sabotaj inan\u00e7lar\u0131 hayat\u0131n\u0131 nas\u0131l \u015fekillendirir? \ud83e\udd8b Neden baz\u0131lar\u0131 ilerlerken sen ayn\u0131 yerde s\u0131k\u0131\u015f\u0131rs\u0131n? \ud83e\udd8b Ve bu d\u00f6ng\u00fcy\u00fc ger\u00e7ekten nas\u0131l k\u0131rabilirsin?  Bu \u00e7al\u0131\u015fma bir \u201cmucize\u201d vaat etmiyor; ama fark\u0131ndal\u0131k + do\u011fru teknikler + d\u00f6n\u00fc\u015f\u00fcm birle\u015fti\u011finde de\u011fi\u015fime sen bile \u015fa\u015f\u0131racaks\u0131n.  \u2728 At\u00f6lye Sonras\u0131: \u2022 Kendinle ilgili g\u00fc\u00e7l\u00fc i\u00e7g\u00f6r\u00fcler \u2022 Bilin\u00e7alt\u0131n\u0131n y\u00f6nlendirmelerini fark etme \u2022 Yeni kader ihtimallerini yaratma \u2022 Daha net kararlar \u2022 \u201cTesad\u00fcf\u201d dedi\u011fin \u015feylerin arkas\u0131ndaki mekanizmay\u0131 g\u00f6rme  Kader, sadece ba\u015f\u0131na gelen de\u011fil; nas\u0131l d\u00fc\u015f\u00fcnd\u00fc\u011f\u00fcn, hissetti\u011fin ve se\u00e7ti\u011findir.  \u201cArt\u0131k ayn\u0131 d\u00f6ng\u00fcy\u00fc ya\u015famak istemiyorum\u201d diyorsan, bu at\u00f6lye tam senin i\u00e7in! Sen de kendi kaderinin y\u00f6n\u00fcn\u00fc de\u011fi\u015ftirmeye haz\u0131r m\u0131s\u0131n? Kap\u0131 a\u00e7\u0131k\u2026 \u0130\u00e7eri ad\u0131m atmak ise sadece senin se\u00e7imin.    &nbsp;  At\u00f6lye kat\u0131l\u0131m linkleri\u00a0belirtti\u011finiz telefon numaras\u0131na SMS olarak ve belirtti\u011finiz e-mail adresine e-mail olarak g\u00f6nderilecektir. Sipari\u015flerinizi olu\u015ftururken aktif kulland\u0131\u011f\u0131n\u0131z telefon numaran\u0131z\u0131 ve e-mail adresinizi girmelisiniz.\u00a0E-mail adresinizi do\u011fru yazd\u0131\u011f\u0131n\u0131za ve e-mail kutunuzun dolu olmad\u0131\u011f\u0131na dikkat ediniz.  At\u00f6lye kay\u0131tlar\u0131 sat\u0131n alan ki\u015filere canl\u0131 yay\u0131n sonras\u0131ndaki g\u00fcnlerde yine ayn\u0131 kanallardan iletilecektir. Her at\u00f6lye kayd\u0131 yasal olarak yaln\u0131zca bir ki\u015fi i\u00e7in ge\u00e7erlidir, bir ba\u015fkas\u0131 ile payla\u015f\u0131lamaz.  \u00a0\" \/>\n<meta property=\"og:url\" content=\"https:\/\/astrologelvan.com\/magaza\/urun\/kaderini-yeniden-yaz-atolyesi\/\" \/>\n<meta property=\"og:site_name\" content=\"Astrolog Elvan\" \/>\n<meta property=\"article:modified_time\" content=\"2025-12-14T22:07:04+00:00\" \/>\n<meta property=\"og:image\" content=\"https:\/\/astrologelvan.com\/magaza\/wp-content\/uploads\/2025\/12\/sema_tavsanli_banner.webp\" \/>\n\t<meta property=\"og:image:width\" content=\"1000\" \/>\n\t<meta property=\"og:image:height\" content=\"1300\" \/>\n\t<meta property=\"og:image:type\" content=\"image\/webp\" \/>\n<meta name=\"twitter:card\" content=\"summary_large_image\" \/>\n<meta name=\"twitter:label1\" content=\"Tahmini okuma s\u00fcresi\" \/>\n\t<meta name=\"twitter:data1\" content=\"2 dakika\" \/>\n<script type=\"application\/ld+json\" class=\"yoast-schema-graph\">{\"@context\":\"https:\\\/\\\/schema.org\",\"@graph\":[{\"@type\":[\"WebPage\",\"ItemPage\"],\"@id\":\"https:\\\/\\\/astrologelvan.com\\\/magaza\\\/urun\\\/kaderini-yeniden-yaz-atolyesi\\\/\",\"url\":\"https:\\\/\\\/astrologelvan.com\\\/magaza\\\/urun\\\/kaderini-yeniden-yaz-atolyesi\\\/\",\"name\":\"Kaderini Yeniden Yaz At\u00f6lyesi - Astrolog Elvan\",\"isPartOf\":{\"@id\":\"https:\\\/\\\/astrologelvan.com\\\/magaza\\\/#website\"},\"primaryImageOfPage\":{\"@id\":\"https:\\\/\\\/astrologelvan.com\\\/magaza\\\/urun\\\/kaderini-yeniden-yaz-atolyesi\\\/#primaryimage\"},\"image\":{\"@id\":\"https:\\\/\\\/astrologelvan.com\\\/magaza\\\/urun\\\/kaderini-yeniden-yaz-atolyesi\\\/#primaryimage\"},\"thumbnailUrl\":\"https:\\\/\\\/astrologelvan.com\\\/magaza\\\/wp-content\\\/uploads\\\/2025\\\/12\\\/sema_tavsanli_banner.webp\",\"datePublished\":\"2025-12-07T13:20:01+00:00\",\"dateModified\":\"2025-12-14T22:07:04+00:00\",\"breadcrumb\":{\"@id\":\"https:\\\/\\\/astrologelvan.com\\\/magaza\\\/urun\\\/kaderini-yeniden-yaz-atolyesi\\\/#breadcrumb\"},\"inLanguage\":\"tr\",\"potentialAction\":[{\"@type\":\"ReadAction\",\"target\":[\"https:\\\/\\\/astrologelvan.com\\\/magaza\\\/urun\\\/kaderini-yeniden-yaz-atolyesi\\\/\"]}]},{\"@type\":\"ImageObject\",\"inLanguage\":\"tr\",\"@id\":\"https:\\\/\\\/astrologelvan.com\\\/magaza\\\/urun\\\/kaderini-yeniden-yaz-atolyesi\\\/#primaryimage\",\"url\":\"https:\\\/\\\/astrologelvan.com\\\/magaza\\\/wp-content\\\/uploads\\\/2025\\\/12\\\/sema_tavsanli_banner.webp\",\"contentUrl\":\"https:\\\/\\\/astrologelvan.com\\\/magaza\\\/wp-content\\\/uploads\\\/2025\\\/12\\\/sema_tavsanli_banner.webp\",\"width\":1000,\"height\":1300},{\"@type\":\"BreadcrumbList\",\"@id\":\"https:\\\/\\\/astrologelvan.com\\\/magaza\\\/urun\\\/kaderini-yeniden-yaz-atolyesi\\\/#breadcrumb\",\"itemListElement\":[{\"@type\":\"ListItem\",\"position\":1,\"name\":\"Anasayfa\",\"item\":\"https:\\\/\\\/astrologelvan.com\\\/magaza\\\/\"},{\"@type\":\"ListItem\",\"position\":2,\"name\":\"Ma\u011faza\",\"item\":\"https:\\\/\\\/astrologelvan.com\\\/magaza\\\/magaza\\\/\"},{\"@type\":\"ListItem\",\"position\":3,\"name\":\"Kaderini Yeniden Yaz At\u00f6lyesi\"}]},{\"@type\":\"WebSite\",\"@id\":\"https:\\\/\\\/astrologelvan.com\\\/magaza\\\/#website\",\"url\":\"https:\\\/\\\/astrologelvan.com\\\/magaza\\\/\",\"name\":\"Astrolog Elvan\",\"description\":\"\",\"potentialAction\":[{\"@type\":\"SearchAction\",\"target\":{\"@type\":\"EntryPoint\",\"urlTemplate\":\"https:\\\/\\\/astrologelvan.com\\\/magaza\\\/?s={search_term_string}\"},\"query-input\":{\"@type\":\"PropertyValueSpecification\",\"valueRequired\":true,\"valueName\":\"search_term_string\"}}],\"inLanguage\":\"tr\"}]}<\/script>\n<!-- \/ Yoast SEO plugin. -->","yoast_head_json":{"title":"Kaderini Yeniden Yaz At\u00f6lyesi - Astrolog Elvan","robots":{"index":"index","follow":"follow","max-snippet":"max-snippet:-1","max-image-preview":"max-image-preview:large","max-video-preview":"max-video-preview:-1"},"canonical":"https:\/\/astrologelvan.com\/magaza\/urun\/kaderini-yeniden-yaz-atolyesi\/","og_locale":"tr_TR","og_type":"article","og_title":"Kaderini Yeniden Yaz At\u00f6lyesi - Astrolog Elvan","og_description":"Bilin\u00e7alt\u0131n\u0131n Gizli G\u00fcc\u00fcn\u00fc Ke\u015ffetmeye Haz\u0131rlan!  Hayatta bazen g\u00f6r\u00fcnmez bir el bizi ayn\u0131 d\u00f6ng\u00fclere s\u00fcr\u00fckl\u00fcyor gibi hissederiz. Oysa t\u00fcm tekrarlar\u0131n, se\u00e7imlerin ve ili\u015fkilerin k\u00f6keni \u00e7o\u011fu zaman bilin\u00e7alt\u0131 programlar\u0131m\u0131zdad\u0131r.  Bu at\u00f6lyede, bilin\u00e7alt\u0131n\u0131n kap\u0131lar\u0131n\u0131 aralay\u0131p kendi kaderinin mimar\u0131 olma g\u00fcc\u00fcn\u00fc ke\u015ffedeceksin.  \ud83e\udd8b Eski kay\u0131tlar\u0131n\u0131 nas\u0131l fark edersin? \ud83e\udd8b Korku ve sabotaj inan\u00e7lar\u0131 hayat\u0131n\u0131 nas\u0131l \u015fekillendirir? \ud83e\udd8b Neden baz\u0131lar\u0131 ilerlerken sen ayn\u0131 yerde s\u0131k\u0131\u015f\u0131rs\u0131n? \ud83e\udd8b Ve bu d\u00f6ng\u00fcy\u00fc ger\u00e7ekten nas\u0131l k\u0131rabilirsin?  Bu \u00e7al\u0131\u015fma bir \u201cmucize\u201d vaat etmiyor; ama fark\u0131ndal\u0131k + do\u011fru teknikler + d\u00f6n\u00fc\u015f\u00fcm birle\u015fti\u011finde de\u011fi\u015fime sen bile \u015fa\u015f\u0131racaks\u0131n.  \u2728 At\u00f6lye Sonras\u0131: \u2022 Kendinle ilgili g\u00fc\u00e7l\u00fc i\u00e7g\u00f6r\u00fcler \u2022 Bilin\u00e7alt\u0131n\u0131n y\u00f6nlendirmelerini fark etme \u2022 Yeni kader ihtimallerini yaratma \u2022 Daha net kararlar \u2022 \u201cTesad\u00fcf\u201d dedi\u011fin \u015feylerin arkas\u0131ndaki mekanizmay\u0131 g\u00f6rme  Kader, sadece ba\u015f\u0131na gelen de\u011fil; nas\u0131l d\u00fc\u015f\u00fcnd\u00fc\u011f\u00fcn, hissetti\u011fin ve se\u00e7ti\u011findir.  \u201cArt\u0131k ayn\u0131 d\u00f6ng\u00fcy\u00fc ya\u015famak istemiyorum\u201d diyorsan, bu at\u00f6lye tam senin i\u00e7in! Sen de kendi kaderinin y\u00f6n\u00fcn\u00fc de\u011fi\u015ftirmeye haz\u0131r m\u0131s\u0131n? Kap\u0131 a\u00e7\u0131k\u2026 \u0130\u00e7eri ad\u0131m atmak ise sadece senin se\u00e7imin.    &nbsp;  At\u00f6lye kat\u0131l\u0131m linkleri\u00a0belirtti\u011finiz telefon numaras\u0131na SMS olarak ve belirtti\u011finiz e-mail adresine e-mail olarak g\u00f6nderilecektir. Sipari\u015flerinizi olu\u015ftururken aktif kulland\u0131\u011f\u0131n\u0131z telefon numaran\u0131z\u0131 ve e-mail adresinizi girmelisiniz.\u00a0E-mail adresinizi do\u011fru yazd\u0131\u011f\u0131n\u0131za ve e-mail kutunuzun dolu olmad\u0131\u011f\u0131na dikkat ediniz.  At\u00f6lye kay\u0131tlar\u0131 sat\u0131n alan ki\u015filere canl\u0131 yay\u0131n sonras\u0131ndaki g\u00fcnlerde yine ayn\u0131 kanallardan iletilecektir. Her at\u00f6lye kayd\u0131 yasal olarak yaln\u0131zca bir ki\u015fi i\u00e7in ge\u00e7erlidir, bir ba\u015fkas\u0131 ile payla\u015f\u0131lamaz.  \u00a0","og_url":"https:\/\/astrologelvan.com\/magaza\/urun\/kaderini-yeniden-yaz-atolyesi\/","og_site_name":"Astrolog Elvan","article_modified_time":"2025-12-14T22:07:04+00:00","og_image":[{"width":1000,"height":1300,"url":"https:\/\/astrologelvan.com\/magaza\/wp-content\/uploads\/2025\/12\/sema_tavsanli_banner.webp","type":"image\/webp"}],"twitter_card":"summary_large_image","twitter_misc":{"Tahmini okuma s\u00fcresi":"2 dakika"},"schema":{"@context":"https:\/\/schema.org","@graph":[{"@type":["WebPage","ItemPage"],"@id":"https:\/\/astrologelvan.com\/magaza\/urun\/kaderini-yeniden-yaz-atolyesi\/","url":"https:\/\/astrologelvan.com\/magaza\/urun\/kaderini-yeniden-yaz-atolyesi\/","name":"Kaderini Yeniden Yaz At\u00f6lyesi - Astrolog Elvan","isPartOf":{"@id":"https:\/\/astrologelvan.com\/magaza\/#website"},"primaryImageOfPage":{"@id":"https:\/\/astrologelvan.com\/magaza\/urun\/kaderini-yeniden-yaz-atolyesi\/#primaryimage"},"image":{"@id":"https:\/\/astrologelvan.com\/magaza\/urun\/kaderini-yeniden-yaz-atolyesi\/#primaryimage"},"thumbnailUrl":"https:\/\/astrologelvan.com\/magaza\/wp-content\/uploads\/2025\/12\/sema_tavsanli_banner.webp","datePublished":"2025-12-07T13:20:01+00:00","dateModified":"2025-12-14T22:07:04+00:00","breadcrumb":{"@id":"https:\/\/astrologelvan.com\/magaza\/urun\/kaderini-yeniden-yaz-atolyesi\/#breadcrumb"},"inLanguage":"tr","potentialAction":[{"@type":"ReadAction","target":["https:\/\/astrologelvan.com\/magaza\/urun\/kaderini-yeniden-yaz-atolyesi\/"]}]},{"@type":"ImageObject","inLanguage":"tr","@id":"https:\/\/astrologelvan.com\/magaza\/urun\/kaderini-yeniden-yaz-atolyesi\/#primaryimage","url":"https:\/\/astrologelvan.com\/magaza\/wp-content\/uploads\/2025\/12\/sema_tavsanli_banner.webp","contentUrl":"https:\/\/astrologelvan.com\/magaza\/wp-content\/uploads\/2025\/12\/sema_tavsanli_banner.webp","width":1000,"height":1300},{"@type":"BreadcrumbList","@id":"https:\/\/astrologelvan.com\/magaza\/urun\/kaderini-yeniden-yaz-atolyesi\/#breadcrumb","itemListElement":[{"@type":"ListItem","position":1,"name":"Anasayfa","item":"https:\/\/astrologelvan.com\/magaza\/"},{"@type":"ListItem","position":2,"name":"Ma\u011faza","item":"https:\/\/astrologelvan.com\/magaza\/magaza\/"},{"@type":"ListItem","position":3,"name":"Kaderini Yeniden Yaz At\u00f6lyesi"}]},{"@type":"WebSite","@id":"https:\/\/astrologelvan.com\/magaza\/#website","url":"https:\/\/astrologelvan.com\/magaza\/","name":"Astrolog Elvan","description":"","potentialAction":[{"@type":"SearchAction","target":{"@type":"EntryPoint","urlTemplate":"https:\/\/astrologelvan.com\/magaza\/?s={search_term_string}"},"query-input":{"@type":"PropertyValueSpecification","valueRequired":true,"valueName":"search_term_string"}}],"inLanguage":"tr"}]}},"_links":{"self":[{"href":"https:\/\/astrologelvan.com\/magaza\/wp-json\/wp\/v2\/product\/132864","targetHints":{"allow":["GET"]}}],"collection":[{"href":"https:\/\/astrologelvan.com\/magaza\/wp-json\/wp\/v2\/product"}],"about":[{"href":"https:\/\/astrologelvan.com\/magaza\/wp-json\/wp\/v2\/types\/product"}],"replies":[{"embeddable":true,"href":"https:\/\/astrologelvan.com\/magaza\/wp-json\/wp\/v2\/comments?post=132864"}],"wp:featuredmedia":[{"embeddable":true,"href":"https:\/\/astrologelvan.com\/magaza\/wp-json\/wp\/v2\/media\/133208"}],"wp:attachment":[{"href":"https:\/\/astrologelvan.com\/magaza\/wp-json\/wp\/v2\/media?parent=132864"}],"wp:term":[{"taxonomy":"product_brand","embeddable":true,"href":"https:\/\/astrologelvan.com\/magaza\/wp-json\/wp\/v2\/product_brand?post=132864"},{"taxonomy":"product_cat","embeddable":true,"href":"https:\/\/astrologelvan.com\/magaza\/wp-json\/wp\/v2\/product_cat?post=132864"},{"taxonomy":"product_tag","embeddable":true,"href":"https:\/\/astrologelvan.com\/magaza\/wp-json\/wp\/v2\/product_tag?post=132864"}],"curies":[{"name":"wp","href":"https:\/\/api.w.org\/{rel}","templated":true}]}}