{"id":132,"date":"2024-02-28T02:05:03","date_gmt":"2024-02-27T23:05:03","guid":{"rendered":"https:\/\/astrologelvan.shop\/?post_type=product&#038;p=132"},"modified":"2026-03-07T21:53:06","modified_gmt":"2026-03-07T18:53:06","slug":"altigen-form-beyaz-kuvars-kolye","status":"publish","type":"product","link":"https:\/\/astrologelvan.com\/magaza\/urun\/altigen-form-beyaz-kuvars-kolye\/","title":{"rendered":"BEYAZ KUVARS KOLYE ALTIGEN FORM"},"content":{"rendered":"<p>Do\u011fal ta\u015f kolyelerimizin tasar\u0131mlar\u0131nda do\u011frudan cilde temas etmesini sa\u011fl\u0131yoruz. B\u00f6ylece do\u011fal ta\u015f kolyenizi takt\u0131k\u00e7a v\u00fccudunuzun titre\u015fimlerine ba\u011flan\u0131r ve size denge ve uyum getirir.<\/p>\n<p>&nbsp;<\/p>\n<p>&nbsp;<\/p>\n<p><strong>Tak\u0131lar\u0131n\u0131z\u0131n uzun s\u00fcre kullanabilmesi i\u00e7in; Parf\u00fcm, su, s\u0131v\u0131, dezenfektan, krem v.b. gibi maddelerle temas etmemesi, du\u015f-banyo s\u0131ras\u0131nda \u00e7\u0131kart\u0131lmas\u0131 gerekmektedir. Ki\u015finin ter-ten yap\u0131s\u0131na g\u00f6re de etkilenmektedir. Tak\u0131lar\u0131n\u0131z\u0131 kullanmad\u0131\u011f\u0131n\u0131z zamanlarda kesesinde saklaman\u0131z\u0131 \u00f6neririz.<\/strong><\/p>\n<p><strong>Do\u011fal ta\u015flar\u0131n belirli titre\u015fimlere ve frekanslara sahip oldu\u011fu bilinmektedir. Bu nedenle v\u00fccudumuzda ve auram\u0131zda birtak\u0131m iyi etkileri oldu\u011fu s\u00f6ylenmektedir. Ta\u015flar\u0131n \u00f6zelliklerinin bilimsel kesinli\u011fi yoktur. Astrologelvan ma\u011fazas\u0131ndaki t\u00fcm ta\u015flar orijinal, ger\u00e7ek do\u011fal ta\u015flard\u0131r. T\u0131bbi konularda doktora dan\u0131\u015fman\u0131z\u0131 tavsiye ederiz. Ta\u015flar\u0131n tedavi edici \u00f6zelli\u011fi yoktur, sadece ki\u015fisel enerjimizi y\u00fckseltmekte ve astrolojik olarak da temsil etti\u011fi gezegenlerin etkilerini artt\u0131rmakta oldu\u011fu kabul edilir. \u00d6rne\u011fin; pembe kuvars ta\u015f\u0131 a\u015fk ve sevgi gezegeni Ven\u00fcs&#8217;\u00fcn ta\u015f\u0131d\u0131r ve bu sebeple \u00fczerinde ta\u015f\u0131yan ki\u015finin a\u015fk ve sevgi frekans\u0131n\u0131 y\u00fckseltti\u011fi bilinir.<\/strong><\/p>\n<p>&nbsp;<\/p>\n<div class=\"product-description\">\n<div class=\"bt_bb_tabs bt_bb_style_simple bt_bb_shape_square\">\n<div class=\"bt_bb_tabs_tabs\">\n<div id=\"tab-description\" class=\"bt_bb_tab_item on\">\n<div class=\"bt_bb_tab_content\">\n<div class=\"bt_bb_wrapper\">\n<p>&nbsp;<\/p>\n<\/div>\n<\/div>\n<\/div>\n<\/div>\n<\/div>\n<\/div>\n","protected":false},"excerpt":{"rendered":"<p>V\u00fccudunuzdaki enerji dengesini sa\u011flayan en temel kristaldir. Orta\u00a0 \u00c7a\u011f\u2019da krallar ve soylular gizli g\u00fcc\u00fcne inand\u0131klar\u0131 kuvars kristallerini k\u0131l\u0131\u00e7 kabzalar\u0131n\u0131n ya da k\u0131yafetlerinin \u00fczerinde ta\u015f\u0131rd\u0131. T\u00fcm \u00e7akralar i\u00e7in kullan\u0131l\u0131r. Enerji d\u00fc\u015f\u00fckl\u00fc\u011f\u00fcn\u00fc dengeler. Negatif enerjiyi temizler. T\u00fcm meditasyon ve rit\u00fcellerinizde kullanabilirsiniz<\/p>\n<p>&nbsp;<\/p>\n<p><strong>\u00c7elik \u00fczeri g\u00fcm\u00fc\u015f kaplama zincir<\/strong><\/p>\n<p><strong>Zincir uzunlu\u011fu 45 cm&#8217;dir.<\/strong><\/p>\n","protected":false},"featured_media":197,"comment_status":"closed","ping_status":"closed","template":"","meta":[],"product_brand":[596],"product_cat":[9554,48,7455],"product_tag":[39,50,51],"class_list":{"0":"post-132","1":"product","2":"type-product","3":"status-publish","4":"has-post-thumbnail","6":"product_brand-astrolog-elvan","7":"product_cat-beyaz-kuvars","8":"product_cat-kolyeler","9":"product_cat--kolyeler","10":"product_tag-astrolog-elvan","11":"product_tag-beyaz-kuvars-kolye","12":"product_tag-kuvars-kolye","14":"first","15":"instock","16":"taxable","17":"shipping-taxable","18":"purchasable","19":"product-type-simple"},"yoast_head":"<!-- This site is optimized with the Yoast SEO plugin v27.3 - https:\/\/yoast.com\/product\/yoast-seo-wordpress\/ -->\n<title>BEYAZ KUVARS KOLYE ALTIGEN FORM - Astrolog Elvan<\/title>\n<meta name=\"robots\" content=\"index, follow, max-snippet:-1, max-image-preview:large, max-video-preview:-1\" \/>\n<link rel=\"canonical\" href=\"https:\/\/astrologelvan.com\/magaza\/urun\/altigen-form-beyaz-kuvars-kolye\/\" \/>\n<meta property=\"og:locale\" content=\"tr_TR\" \/>\n<meta property=\"og:type\" content=\"article\" \/>\n<meta property=\"og:title\" content=\"BEYAZ KUVARS KOLYE ALTIGEN FORM - Astrolog Elvan\" \/>\n<meta property=\"og:description\" content=\"V\u00fccudunuzdaki enerji dengesini sa\u011flayan en temel kristaldir. Orta\u00a0 \u00c7a\u011f\u2019da krallar ve soylular gizli g\u00fcc\u00fcne inand\u0131klar\u0131 kuvars kristallerini k\u0131l\u0131\u00e7 kabzalar\u0131n\u0131n ya da k\u0131yafetlerinin \u00fczerinde ta\u015f\u0131rd\u0131. T\u00fcm \u00e7akralar i\u00e7in kullan\u0131l\u0131r. Enerji d\u00fc\u015f\u00fckl\u00fc\u011f\u00fcn\u00fc dengeler. Negatif enerjiyi temizler. T\u00fcm meditasyon ve rit\u00fcellerinizde kullanabilirsiniz  &nbsp;  \u00c7elik \u00fczeri g\u00fcm\u00fc\u015f kaplama zincir  Zincir uzunlu\u011fu 45 cm&#039;dir.\" \/>\n<meta property=\"og:url\" content=\"https:\/\/astrologelvan.com\/magaza\/urun\/altigen-form-beyaz-kuvars-kolye\/\" \/>\n<meta property=\"og:site_name\" content=\"Astrolog Elvan\" \/>\n<meta property=\"article:modified_time\" content=\"2026-03-07T18:53:06+00:00\" \/>\n<meta property=\"og:image\" content=\"https:\/\/astrologelvan.com\/magaza\/wp-content\/uploads\/2024\/02\/Beyaz-Kuvars-Kolye-min.jpg\" \/>\n\t<meta property=\"og:image:width\" content=\"1080\" \/>\n\t<meta property=\"og:image:height\" content=\"1080\" \/>\n\t<meta property=\"og:image:type\" content=\"image\/jpeg\" \/>\n<meta name=\"twitter:card\" content=\"summary_large_image\" \/>\n<meta name=\"twitter:label1\" content=\"Tahmini okuma s\u00fcresi\" \/>\n\t<meta name=\"twitter:data1\" content=\"2 dakika\" \/>\n<script type=\"application\/ld+json\" class=\"yoast-schema-graph\">{\"@context\":\"https:\\\/\\\/schema.org\",\"@graph\":[{\"@type\":[\"WebPage\",\"ItemPage\"],\"@id\":\"https:\\\/\\\/astrologelvan.com\\\/magaza\\\/urun\\\/altigen-form-beyaz-kuvars-kolye\\\/\",\"url\":\"https:\\\/\\\/astrologelvan.com\\\/magaza\\\/urun\\\/altigen-form-beyaz-kuvars-kolye\\\/\",\"name\":\"BEYAZ KUVARS KOLYE ALTIGEN FORM - Astrolog Elvan\",\"isPartOf\":{\"@id\":\"https:\\\/\\\/astrologelvan.com\\\/magaza\\\/#website\"},\"primaryImageOfPage\":{\"@id\":\"https:\\\/\\\/astrologelvan.com\\\/magaza\\\/urun\\\/altigen-form-beyaz-kuvars-kolye\\\/#primaryimage\"},\"image\":{\"@id\":\"https:\\\/\\\/astrologelvan.com\\\/magaza\\\/urun\\\/altigen-form-beyaz-kuvars-kolye\\\/#primaryimage\"},\"thumbnailUrl\":\"https:\\\/\\\/astrologelvan.com\\\/magaza\\\/wp-content\\\/uploads\\\/2024\\\/02\\\/Beyaz-Kuvars-Kolye-min.jpg\",\"datePublished\":\"2024-02-27T23:05:03+00:00\",\"dateModified\":\"2026-03-07T18:53:06+00:00\",\"breadcrumb\":{\"@id\":\"https:\\\/\\\/astrologelvan.com\\\/magaza\\\/urun\\\/altigen-form-beyaz-kuvars-kolye\\\/#breadcrumb\"},\"inLanguage\":\"tr\",\"potentialAction\":[{\"@type\":\"ReadAction\",\"target\":[\"https:\\\/\\\/astrologelvan.com\\\/magaza\\\/urun\\\/altigen-form-beyaz-kuvars-kolye\\\/\"]}]},{\"@type\":\"ImageObject\",\"inLanguage\":\"tr\",\"@id\":\"https:\\\/\\\/astrologelvan.com\\\/magaza\\\/urun\\\/altigen-form-beyaz-kuvars-kolye\\\/#primaryimage\",\"url\":\"https:\\\/\\\/astrologelvan.com\\\/magaza\\\/wp-content\\\/uploads\\\/2024\\\/02\\\/Beyaz-Kuvars-Kolye-min.jpg\",\"contentUrl\":\"https:\\\/\\\/astrologelvan.com\\\/magaza\\\/wp-content\\\/uploads\\\/2024\\\/02\\\/Beyaz-Kuvars-Kolye-min.jpg\",\"width\":1080,\"height\":1080},{\"@type\":\"BreadcrumbList\",\"@id\":\"https:\\\/\\\/astrologelvan.com\\\/magaza\\\/urun\\\/altigen-form-beyaz-kuvars-kolye\\\/#breadcrumb\",\"itemListElement\":[{\"@type\":\"ListItem\",\"position\":1,\"name\":\"Anasayfa\",\"item\":\"https:\\\/\\\/astrologelvan.com\\\/magaza\\\/\"},{\"@type\":\"ListItem\",\"position\":2,\"name\":\"Ma\u011faza\",\"item\":\"https:\\\/\\\/astrologelvan.com\\\/magaza\\\/magaza\\\/\"},{\"@type\":\"ListItem\",\"position\":3,\"name\":\"BEYAZ KUVARS KOLYE ALTIGEN FORM\"}]},{\"@type\":\"WebSite\",\"@id\":\"https:\\\/\\\/astrologelvan.com\\\/magaza\\\/#website\",\"url\":\"https:\\\/\\\/astrologelvan.com\\\/magaza\\\/\",\"name\":\"Astrolog Elvan\",\"description\":\"\",\"potentialAction\":[{\"@type\":\"SearchAction\",\"target\":{\"@type\":\"EntryPoint\",\"urlTemplate\":\"https:\\\/\\\/astrologelvan.com\\\/magaza\\\/?s={search_term_string}\"},\"query-input\":{\"@type\":\"PropertyValueSpecification\",\"valueRequired\":true,\"valueName\":\"search_term_string\"}}],\"inLanguage\":\"tr\"}]}<\/script>\n<!-- \/ Yoast SEO plugin. -->","yoast_head_json":{"title":"BEYAZ KUVARS KOLYE ALTIGEN FORM - Astrolog Elvan","robots":{"index":"index","follow":"follow","max-snippet":"max-snippet:-1","max-image-preview":"max-image-preview:large","max-video-preview":"max-video-preview:-1"},"canonical":"https:\/\/astrologelvan.com\/magaza\/urun\/altigen-form-beyaz-kuvars-kolye\/","og_locale":"tr_TR","og_type":"article","og_title":"BEYAZ KUVARS KOLYE ALTIGEN FORM - Astrolog Elvan","og_description":"V\u00fccudunuzdaki enerji dengesini sa\u011flayan en temel kristaldir. Orta\u00a0 \u00c7a\u011f\u2019da krallar ve soylular gizli g\u00fcc\u00fcne inand\u0131klar\u0131 kuvars kristallerini k\u0131l\u0131\u00e7 kabzalar\u0131n\u0131n ya da k\u0131yafetlerinin \u00fczerinde ta\u015f\u0131rd\u0131. T\u00fcm \u00e7akralar i\u00e7in kullan\u0131l\u0131r. Enerji d\u00fc\u015f\u00fckl\u00fc\u011f\u00fcn\u00fc dengeler. Negatif enerjiyi temizler. T\u00fcm meditasyon ve rit\u00fcellerinizde kullanabilirsiniz  &nbsp;  \u00c7elik \u00fczeri g\u00fcm\u00fc\u015f kaplama zincir  Zincir uzunlu\u011fu 45 cm'dir.","og_url":"https:\/\/astrologelvan.com\/magaza\/urun\/altigen-form-beyaz-kuvars-kolye\/","og_site_name":"Astrolog Elvan","article_modified_time":"2026-03-07T18:53:06+00:00","og_image":[{"width":1080,"height":1080,"url":"https:\/\/astrologelvan.com\/magaza\/wp-content\/uploads\/2024\/02\/Beyaz-Kuvars-Kolye-min.jpg","type":"image\/jpeg"}],"twitter_card":"summary_large_image","twitter_misc":{"Tahmini okuma s\u00fcresi":"2 dakika"},"schema":{"@context":"https:\/\/schema.org","@graph":[{"@type":["WebPage","ItemPage"],"@id":"https:\/\/astrologelvan.com\/magaza\/urun\/altigen-form-beyaz-kuvars-kolye\/","url":"https:\/\/astrologelvan.com\/magaza\/urun\/altigen-form-beyaz-kuvars-kolye\/","name":"BEYAZ KUVARS KOLYE ALTIGEN FORM - Astrolog Elvan","isPartOf":{"@id":"https:\/\/astrologelvan.com\/magaza\/#website"},"primaryImageOfPage":{"@id":"https:\/\/astrologelvan.com\/magaza\/urun\/altigen-form-beyaz-kuvars-kolye\/#primaryimage"},"image":{"@id":"https:\/\/astrologelvan.com\/magaza\/urun\/altigen-form-beyaz-kuvars-kolye\/#primaryimage"},"thumbnailUrl":"https:\/\/astrologelvan.com\/magaza\/wp-content\/uploads\/2024\/02\/Beyaz-Kuvars-Kolye-min.jpg","datePublished":"2024-02-27T23:05:03+00:00","dateModified":"2026-03-07T18:53:06+00:00","breadcrumb":{"@id":"https:\/\/astrologelvan.com\/magaza\/urun\/altigen-form-beyaz-kuvars-kolye\/#breadcrumb"},"inLanguage":"tr","potentialAction":[{"@type":"ReadAction","target":["https:\/\/astrologelvan.com\/magaza\/urun\/altigen-form-beyaz-kuvars-kolye\/"]}]},{"@type":"ImageObject","inLanguage":"tr","@id":"https:\/\/astrologelvan.com\/magaza\/urun\/altigen-form-beyaz-kuvars-kolye\/#primaryimage","url":"https:\/\/astrologelvan.com\/magaza\/wp-content\/uploads\/2024\/02\/Beyaz-Kuvars-Kolye-min.jpg","contentUrl":"https:\/\/astrologelvan.com\/magaza\/wp-content\/uploads\/2024\/02\/Beyaz-Kuvars-Kolye-min.jpg","width":1080,"height":1080},{"@type":"BreadcrumbList","@id":"https:\/\/astrologelvan.com\/magaza\/urun\/altigen-form-beyaz-kuvars-kolye\/#breadcrumb","itemListElement":[{"@type":"ListItem","position":1,"name":"Anasayfa","item":"https:\/\/astrologelvan.com\/magaza\/"},{"@type":"ListItem","position":2,"name":"Ma\u011faza","item":"https:\/\/astrologelvan.com\/magaza\/magaza\/"},{"@type":"ListItem","position":3,"name":"BEYAZ KUVARS KOLYE ALTIGEN FORM"}]},{"@type":"WebSite","@id":"https:\/\/astrologelvan.com\/magaza\/#website","url":"https:\/\/astrologelvan.com\/magaza\/","name":"Astrolog Elvan","description":"","potentialAction":[{"@type":"SearchAction","target":{"@type":"EntryPoint","urlTemplate":"https:\/\/astrologelvan.com\/magaza\/?s={search_term_string}"},"query-input":{"@type":"PropertyValueSpecification","valueRequired":true,"valueName":"search_term_string"}}],"inLanguage":"tr"}]}},"_links":{"self":[{"href":"https:\/\/astrologelvan.com\/magaza\/wp-json\/wp\/v2\/product\/132","targetHints":{"allow":["GET"]}}],"collection":[{"href":"https:\/\/astrologelvan.com\/magaza\/wp-json\/wp\/v2\/product"}],"about":[{"href":"https:\/\/astrologelvan.com\/magaza\/wp-json\/wp\/v2\/types\/product"}],"replies":[{"embeddable":true,"href":"https:\/\/astrologelvan.com\/magaza\/wp-json\/wp\/v2\/comments?post=132"}],"wp:featuredmedia":[{"embeddable":true,"href":"https:\/\/astrologelvan.com\/magaza\/wp-json\/wp\/v2\/media\/197"}],"wp:attachment":[{"href":"https:\/\/astrologelvan.com\/magaza\/wp-json\/wp\/v2\/media?parent=132"}],"wp:term":[{"taxonomy":"product_brand","embeddable":true,"href":"https:\/\/astrologelvan.com\/magaza\/wp-json\/wp\/v2\/product_brand?post=132"},{"taxonomy":"product_cat","embeddable":true,"href":"https:\/\/astrologelvan.com\/magaza\/wp-json\/wp\/v2\/product_cat?post=132"},{"taxonomy":"product_tag","embeddable":true,"href":"https:\/\/astrologelvan.com\/magaza\/wp-json\/wp\/v2\/product_tag?post=132"}],"curies":[{"name":"wp","href":"https:\/\/api.w.org\/{rel}","templated":true}]}}