{"id":131014,"date":"2025-12-01T21:44:46","date_gmt":"2025-12-01T18:44:46","guid":{"rendered":"https:\/\/astrologelvan.com\/magaza\/?post_type=product&#038;p=131014"},"modified":"2026-01-05T17:52:15","modified_gmt":"2026-01-05T14:52:15","slug":"pati-charm","status":"publish","type":"product","link":"https:\/\/astrologelvan.com\/magaza\/urun\/pati-charm\/","title":{"rendered":"Pati Charm"},"content":{"rendered":"","protected":false},"excerpt":{"rendered":"<p>Minik bir aksesuar de\u011fil\u2026 Ko\u015fulsuz sevginin parlayan sembol\u00fc.<\/p>\n<p>Dostunuzun patisi art\u0131k her ad\u0131m\u0131n\u0131zda sizinle.<br \/>\nI\u015f\u0131lt\u0131l\u0131 zirkon ta\u015flarla detayland\u0131r\u0131lm\u0131\u015f \u00f6zel Pati Charm\u2019\u0131m\u0131z, yaln\u0131zca \u015f\u0131k bir tak\u0131 de\u011fil; sadakati, sevgiyi ve birlikte ge\u00e7irdi\u011finiz anlar\u0131 temsil eden zarif bir hat\u0131ra.<\/p>\n<p>Bu charm\u2019\u0131 ister kendi bilekli\u011finize, ister \u00e7antan\u0131za, ister can dostunuzun tasmas\u0131na tak\u0131n\u2026<br \/>\nHer kullan\u0131mda aran\u0131zdaki ba\u011f\u0131 g\u00fc\u00e7lendiren ve hat\u0131rlatan k\u00fc\u00e7\u00fck ama anlam\u0131 b\u00fcy\u00fck bir par\u00e7a. \ud83d\udc3e\u2661<\/p>\n<p>Ayr\u0131ca diler seniz charm\u2019\u0131n arka y\u00fcz\u00fcne dostunuzun ismini \u00f6zenle i\u015fliyoruz.<br \/>\nB\u00f6ylece tamamen size \u00f6zel, sevgi dolu ve anlam ta\u015f\u0131yan bir hat\u0131raya d\u00f6n\u00fc\u015f\u00fcyor.<\/p>\n<p>\u2e3b<\/p>\n<p>\u00d6zellikler<\/p>\n<p>\u2022\u2060 \u2060Zirkon ta\u015flarla bezenmi\u015f \u00f6zel pati tasar\u0131m\u0131<br \/>\n\u2022\u2060 \u2060925 ayar g\u00fcm\u00fc\u015f alt\u0131n kaplama \u015f\u0131k ve modern g\u00f6r\u00fcn\u00fcm<br \/>\n\u2022\u2060 \u2060\u0130sim yazd\u0131rma \u2013 ki\u015fiye \u00f6zel se\u00e7enek<br \/>\n\u2022\u2060 \u2060Minimal, zamans\u0131z ve her stile uyumlu<br \/>\n\u2022\u2060 \u2060Hem sizin hem de pati dostunuz i\u00e7in sevgi dolu bir aksesuar<br \/>\n\u2022\u2060 \u2060Sevdiklerine anlaml\u0131 hediye arayanlar i\u00e7in \u00f6zel bir se\u00e7enek<\/p>\n<p><strong>Neden Bu Charm?<\/strong><\/p>\n<p>\u00c7\u00fcnk\u00fc dostlu\u011funuz sadece \u201cbir evcil hayvan\u201d ba\u011f\u0131 de\u011fil\u2026<br \/>\nO, ailenizin kalbi. \u2661<\/p>\n","protected":false},"featured_media":131021,"comment_status":"open","ping_status":"closed","template":"","meta":[],"product_brand":[596],"product_cat":[26],"product_tag":[],"class_list":{"0":"post-131014","1":"product","2":"type-product","3":"status-publish","4":"has-post-thumbnail","6":"product_brand-astrolog-elvan","7":"product_cat-genel","9":"first","10":"instock","11":"purchasable","12":"product-type-simple"},"yoast_head":"<!-- This site is optimized with the Yoast SEO plugin v27.3 - https:\/\/yoast.com\/product\/yoast-seo-wordpress\/ -->\n<title>Pati Charm - Astrolog Elvan<\/title>\n<meta name=\"robots\" content=\"index, follow, max-snippet:-1, max-image-preview:large, max-video-preview:-1\" \/>\n<link rel=\"canonical\" href=\"https:\/\/astrologelvan.com\/magaza\/urun\/pati-charm\/\" \/>\n<meta property=\"og:locale\" content=\"tr_TR\" \/>\n<meta property=\"og:type\" content=\"article\" \/>\n<meta property=\"og:title\" content=\"Pati Charm - Astrolog Elvan\" \/>\n<meta property=\"og:description\" content=\"Minik bir aksesuar de\u011fil\u2026 Ko\u015fulsuz sevginin parlayan sembol\u00fc.  Dostunuzun patisi art\u0131k her ad\u0131m\u0131n\u0131zda sizinle. I\u015f\u0131lt\u0131l\u0131 zirkon ta\u015flarla detayland\u0131r\u0131lm\u0131\u015f \u00f6zel Pati Charm\u2019\u0131m\u0131z, yaln\u0131zca \u015f\u0131k bir tak\u0131 de\u011fil; sadakati, sevgiyi ve birlikte ge\u00e7irdi\u011finiz anlar\u0131 temsil eden zarif bir hat\u0131ra.  Bu charm\u2019\u0131 ister kendi bilekli\u011finize, ister \u00e7antan\u0131za, ister can dostunuzun tasmas\u0131na tak\u0131n\u2026 Her kullan\u0131mda aran\u0131zdaki ba\u011f\u0131 g\u00fc\u00e7lendiren ve hat\u0131rlatan k\u00fc\u00e7\u00fck ama anlam\u0131 b\u00fcy\u00fck bir par\u00e7a. \ud83d\udc3e\u2661  Ayr\u0131ca diler seniz charm\u2019\u0131n arka y\u00fcz\u00fcne dostunuzun ismini \u00f6zenle i\u015fliyoruz. B\u00f6ylece tamamen size \u00f6zel, sevgi dolu ve anlam ta\u015f\u0131yan bir hat\u0131raya d\u00f6n\u00fc\u015f\u00fcyor.  \u2e3b  \u00d6zellikler  \u2022\u2060 \u2060Zirkon ta\u015flarla bezenmi\u015f \u00f6zel pati tasar\u0131m\u0131 \u2022\u2060 \u2060925 ayar g\u00fcm\u00fc\u015f alt\u0131n kaplama \u015f\u0131k ve modern g\u00f6r\u00fcn\u00fcm \u2022\u2060 \u2060\u0130sim yazd\u0131rma \u2013 ki\u015fiye \u00f6zel se\u00e7enek \u2022\u2060 \u2060Minimal, zamans\u0131z ve her stile uyumlu \u2022\u2060 \u2060Hem sizin hem de pati dostunuz i\u00e7in sevgi dolu bir aksesuar \u2022\u2060 \u2060Sevdiklerine anlaml\u0131 hediye arayanlar i\u00e7in \u00f6zel bir se\u00e7enek  Neden Bu Charm?  \u00c7\u00fcnk\u00fc dostlu\u011funuz sadece \u201cbir evcil hayvan\u201d ba\u011f\u0131 de\u011fil\u2026 O, ailenizin kalbi. \u2661\" \/>\n<meta property=\"og:url\" content=\"https:\/\/astrologelvan.com\/magaza\/urun\/pati-charm\/\" \/>\n<meta property=\"og:site_name\" content=\"Astrolog Elvan\" \/>\n<meta property=\"article:modified_time\" content=\"2026-01-05T14:52:15+00:00\" \/>\n<meta property=\"og:image\" content=\"https:\/\/astrologelvan.com\/magaza\/wp-content\/uploads\/2025\/12\/WhatsApp-Image-2025-11-27-at-16.14.08-1.webp\" \/>\n\t<meta property=\"og:image:width\" content=\"1526\" \/>\n\t<meta property=\"og:image:height\" content=\"2032\" \/>\n\t<meta property=\"og:image:type\" content=\"image\/webp\" \/>\n<meta name=\"twitter:card\" content=\"summary_large_image\" \/>\n<meta name=\"twitter:label1\" content=\"Tahmini okuma s\u00fcresi\" \/>\n\t<meta name=\"twitter:data1\" content=\"1 dakika\" \/>\n<script type=\"application\/ld+json\" class=\"yoast-schema-graph\">{\"@context\":\"https:\\\/\\\/schema.org\",\"@graph\":[{\"@type\":[\"WebPage\",\"ItemPage\"],\"@id\":\"https:\\\/\\\/astrologelvan.com\\\/magaza\\\/urun\\\/pati-charm\\\/\",\"url\":\"https:\\\/\\\/astrologelvan.com\\\/magaza\\\/urun\\\/pati-charm\\\/\",\"name\":\"Pati Charm - Astrolog Elvan\",\"isPartOf\":{\"@id\":\"https:\\\/\\\/astrologelvan.com\\\/magaza\\\/#website\"},\"primaryImageOfPage\":{\"@id\":\"https:\\\/\\\/astrologelvan.com\\\/magaza\\\/urun\\\/pati-charm\\\/#primaryimage\"},\"image\":{\"@id\":\"https:\\\/\\\/astrologelvan.com\\\/magaza\\\/urun\\\/pati-charm\\\/#primaryimage\"},\"thumbnailUrl\":\"https:\\\/\\\/astrologelvan.com\\\/magaza\\\/wp-content\\\/uploads\\\/2025\\\/12\\\/WhatsApp-Image-2025-11-27-at-16.14.08-1.webp\",\"datePublished\":\"2025-12-01T18:44:46+00:00\",\"dateModified\":\"2026-01-05T14:52:15+00:00\",\"breadcrumb\":{\"@id\":\"https:\\\/\\\/astrologelvan.com\\\/magaza\\\/urun\\\/pati-charm\\\/#breadcrumb\"},\"inLanguage\":\"tr\",\"potentialAction\":[{\"@type\":\"ReadAction\",\"target\":[\"https:\\\/\\\/astrologelvan.com\\\/magaza\\\/urun\\\/pati-charm\\\/\"]}]},{\"@type\":\"ImageObject\",\"inLanguage\":\"tr\",\"@id\":\"https:\\\/\\\/astrologelvan.com\\\/magaza\\\/urun\\\/pati-charm\\\/#primaryimage\",\"url\":\"https:\\\/\\\/astrologelvan.com\\\/magaza\\\/wp-content\\\/uploads\\\/2025\\\/12\\\/WhatsApp-Image-2025-11-27-at-16.14.08-1.webp\",\"contentUrl\":\"https:\\\/\\\/astrologelvan.com\\\/magaza\\\/wp-content\\\/uploads\\\/2025\\\/12\\\/WhatsApp-Image-2025-11-27-at-16.14.08-1.webp\",\"width\":1526,\"height\":2032},{\"@type\":\"BreadcrumbList\",\"@id\":\"https:\\\/\\\/astrologelvan.com\\\/magaza\\\/urun\\\/pati-charm\\\/#breadcrumb\",\"itemListElement\":[{\"@type\":\"ListItem\",\"position\":1,\"name\":\"Anasayfa\",\"item\":\"https:\\\/\\\/astrologelvan.com\\\/magaza\\\/\"},{\"@type\":\"ListItem\",\"position\":2,\"name\":\"Ma\u011faza\",\"item\":\"https:\\\/\\\/astrologelvan.com\\\/magaza\\\/magaza\\\/\"},{\"@type\":\"ListItem\",\"position\":3,\"name\":\"Pati Charm\"}]},{\"@type\":\"WebSite\",\"@id\":\"https:\\\/\\\/astrologelvan.com\\\/magaza\\\/#website\",\"url\":\"https:\\\/\\\/astrologelvan.com\\\/magaza\\\/\",\"name\":\"Astrolog Elvan\",\"description\":\"\",\"potentialAction\":[{\"@type\":\"SearchAction\",\"target\":{\"@type\":\"EntryPoint\",\"urlTemplate\":\"https:\\\/\\\/astrologelvan.com\\\/magaza\\\/?s={search_term_string}\"},\"query-input\":{\"@type\":\"PropertyValueSpecification\",\"valueRequired\":true,\"valueName\":\"search_term_string\"}}],\"inLanguage\":\"tr\"}]}<\/script>\n<!-- \/ Yoast SEO plugin. -->","yoast_head_json":{"title":"Pati Charm - Astrolog Elvan","robots":{"index":"index","follow":"follow","max-snippet":"max-snippet:-1","max-image-preview":"max-image-preview:large","max-video-preview":"max-video-preview:-1"},"canonical":"https:\/\/astrologelvan.com\/magaza\/urun\/pati-charm\/","og_locale":"tr_TR","og_type":"article","og_title":"Pati Charm - Astrolog Elvan","og_description":"Minik bir aksesuar de\u011fil\u2026 Ko\u015fulsuz sevginin parlayan sembol\u00fc.  Dostunuzun patisi art\u0131k her ad\u0131m\u0131n\u0131zda sizinle. I\u015f\u0131lt\u0131l\u0131 zirkon ta\u015flarla detayland\u0131r\u0131lm\u0131\u015f \u00f6zel Pati Charm\u2019\u0131m\u0131z, yaln\u0131zca \u015f\u0131k bir tak\u0131 de\u011fil; sadakati, sevgiyi ve birlikte ge\u00e7irdi\u011finiz anlar\u0131 temsil eden zarif bir hat\u0131ra.  Bu charm\u2019\u0131 ister kendi bilekli\u011finize, ister \u00e7antan\u0131za, ister can dostunuzun tasmas\u0131na tak\u0131n\u2026 Her kullan\u0131mda aran\u0131zdaki ba\u011f\u0131 g\u00fc\u00e7lendiren ve hat\u0131rlatan k\u00fc\u00e7\u00fck ama anlam\u0131 b\u00fcy\u00fck bir par\u00e7a. \ud83d\udc3e\u2661  Ayr\u0131ca diler seniz charm\u2019\u0131n arka y\u00fcz\u00fcne dostunuzun ismini \u00f6zenle i\u015fliyoruz. B\u00f6ylece tamamen size \u00f6zel, sevgi dolu ve anlam ta\u015f\u0131yan bir hat\u0131raya d\u00f6n\u00fc\u015f\u00fcyor.  \u2e3b  \u00d6zellikler  \u2022\u2060 \u2060Zirkon ta\u015flarla bezenmi\u015f \u00f6zel pati tasar\u0131m\u0131 \u2022\u2060 \u2060925 ayar g\u00fcm\u00fc\u015f alt\u0131n kaplama \u015f\u0131k ve modern g\u00f6r\u00fcn\u00fcm \u2022\u2060 \u2060\u0130sim yazd\u0131rma \u2013 ki\u015fiye \u00f6zel se\u00e7enek \u2022\u2060 \u2060Minimal, zamans\u0131z ve her stile uyumlu \u2022\u2060 \u2060Hem sizin hem de pati dostunuz i\u00e7in sevgi dolu bir aksesuar \u2022\u2060 \u2060Sevdiklerine anlaml\u0131 hediye arayanlar i\u00e7in \u00f6zel bir se\u00e7enek  Neden Bu Charm?  \u00c7\u00fcnk\u00fc dostlu\u011funuz sadece \u201cbir evcil hayvan\u201d ba\u011f\u0131 de\u011fil\u2026 O, ailenizin kalbi. \u2661","og_url":"https:\/\/astrologelvan.com\/magaza\/urun\/pati-charm\/","og_site_name":"Astrolog Elvan","article_modified_time":"2026-01-05T14:52:15+00:00","og_image":[{"width":1526,"height":2032,"url":"https:\/\/astrologelvan.com\/magaza\/wp-content\/uploads\/2025\/12\/WhatsApp-Image-2025-11-27-at-16.14.08-1.webp","type":"image\/webp"}],"twitter_card":"summary_large_image","twitter_misc":{"Tahmini okuma s\u00fcresi":"1 dakika"},"schema":{"@context":"https:\/\/schema.org","@graph":[{"@type":["WebPage","ItemPage"],"@id":"https:\/\/astrologelvan.com\/magaza\/urun\/pati-charm\/","url":"https:\/\/astrologelvan.com\/magaza\/urun\/pati-charm\/","name":"Pati Charm - Astrolog Elvan","isPartOf":{"@id":"https:\/\/astrologelvan.com\/magaza\/#website"},"primaryImageOfPage":{"@id":"https:\/\/astrologelvan.com\/magaza\/urun\/pati-charm\/#primaryimage"},"image":{"@id":"https:\/\/astrologelvan.com\/magaza\/urun\/pati-charm\/#primaryimage"},"thumbnailUrl":"https:\/\/astrologelvan.com\/magaza\/wp-content\/uploads\/2025\/12\/WhatsApp-Image-2025-11-27-at-16.14.08-1.webp","datePublished":"2025-12-01T18:44:46+00:00","dateModified":"2026-01-05T14:52:15+00:00","breadcrumb":{"@id":"https:\/\/astrologelvan.com\/magaza\/urun\/pati-charm\/#breadcrumb"},"inLanguage":"tr","potentialAction":[{"@type":"ReadAction","target":["https:\/\/astrologelvan.com\/magaza\/urun\/pati-charm\/"]}]},{"@type":"ImageObject","inLanguage":"tr","@id":"https:\/\/astrologelvan.com\/magaza\/urun\/pati-charm\/#primaryimage","url":"https:\/\/astrologelvan.com\/magaza\/wp-content\/uploads\/2025\/12\/WhatsApp-Image-2025-11-27-at-16.14.08-1.webp","contentUrl":"https:\/\/astrologelvan.com\/magaza\/wp-content\/uploads\/2025\/12\/WhatsApp-Image-2025-11-27-at-16.14.08-1.webp","width":1526,"height":2032},{"@type":"BreadcrumbList","@id":"https:\/\/astrologelvan.com\/magaza\/urun\/pati-charm\/#breadcrumb","itemListElement":[{"@type":"ListItem","position":1,"name":"Anasayfa","item":"https:\/\/astrologelvan.com\/magaza\/"},{"@type":"ListItem","position":2,"name":"Ma\u011faza","item":"https:\/\/astrologelvan.com\/magaza\/magaza\/"},{"@type":"ListItem","position":3,"name":"Pati Charm"}]},{"@type":"WebSite","@id":"https:\/\/astrologelvan.com\/magaza\/#website","url":"https:\/\/astrologelvan.com\/magaza\/","name":"Astrolog Elvan","description":"","potentialAction":[{"@type":"SearchAction","target":{"@type":"EntryPoint","urlTemplate":"https:\/\/astrologelvan.com\/magaza\/?s={search_term_string}"},"query-input":{"@type":"PropertyValueSpecification","valueRequired":true,"valueName":"search_term_string"}}],"inLanguage":"tr"}]}},"_links":{"self":[{"href":"https:\/\/astrologelvan.com\/magaza\/wp-json\/wp\/v2\/product\/131014","targetHints":{"allow":["GET"]}}],"collection":[{"href":"https:\/\/astrologelvan.com\/magaza\/wp-json\/wp\/v2\/product"}],"about":[{"href":"https:\/\/astrologelvan.com\/magaza\/wp-json\/wp\/v2\/types\/product"}],"replies":[{"embeddable":true,"href":"https:\/\/astrologelvan.com\/magaza\/wp-json\/wp\/v2\/comments?post=131014"}],"wp:featuredmedia":[{"embeddable":true,"href":"https:\/\/astrologelvan.com\/magaza\/wp-json\/wp\/v2\/media\/131021"}],"wp:attachment":[{"href":"https:\/\/astrologelvan.com\/magaza\/wp-json\/wp\/v2\/media?parent=131014"}],"wp:term":[{"taxonomy":"product_brand","embeddable":true,"href":"https:\/\/astrologelvan.com\/magaza\/wp-json\/wp\/v2\/product_brand?post=131014"},{"taxonomy":"product_cat","embeddable":true,"href":"https:\/\/astrologelvan.com\/magaza\/wp-json\/wp\/v2\/product_cat?post=131014"},{"taxonomy":"product_tag","embeddable":true,"href":"https:\/\/astrologelvan.com\/magaza\/wp-json\/wp\/v2\/product_tag?post=131014"}],"curies":[{"name":"wp","href":"https:\/\/api.w.org\/{rel}","templated":true}]}}