{"id":1310,"date":"2024-02-28T03:35:19","date_gmt":"2024-02-28T00:35:19","guid":{"rendered":"https:\/\/astrologelvan.shop\/?post_type=product&#038;p=1310"},"modified":"2025-10-06T08:15:13","modified_gmt":"2025-10-06T05:15:13","slug":"unicorn-amazonit-kolye-2","status":"publish","type":"product","link":"https:\/\/astrologelvan.com\/magaza\/urun\/unicorn-amazonit-kolye-2\/","title":{"rendered":"UN\u0130CORN AMAZON\u0130T KOLYE"},"content":{"rendered":"<p><strong>\u00dcr\u00fcn \u00d6zellikleri:<\/strong><\/p>\n<p>Kolye A\u011f\u0131rl\u0131\u011f\u0131: 55 Gram<\/p>\n<p>Kolye Uzunlu\u011fu: 40 CM<\/p>\n<p>925 Ayar G\u00fcm\u00fc\u015f \u00dczeri Alt\u0131n Kaplama Do\u011fal Ta\u015f Kolye<\/p>\n","protected":false},"excerpt":{"rendered":"<p>Amazonit ta\u015f\u0131, eril &amp; di\u015fi enerjiyi dengelemek i\u00e7in kullan\u0131l\u0131r. Hayatta \u00e7o\u011fu zaman bu dengemiz \u015fa\u015ft\u0131\u011f\u0131 i\u00e7in ili\u015fkilerde problem ya\u015far\u0131z. \u00d6zellikle \u015fehirde ya\u015fayanlar\u0131n kullanmas\u0131n\u0131 tavsiye ederiz. \u00c7\u00fcnk\u00fc hayat ko\u015fullar\u0131 sebebiyle \u00e7o\u011fu kad\u0131n ve erkek, eril enerjisini fazlas\u0131yla kullan\u0131yor ve i\u00e7indeki di\u015fi ile ileti\u015fime ge\u00e7emiyor. Kalp ve bo\u011faz \u00e7akralar\u0131n\u0131 \u015fifaland\u0131rmak i\u00e7in bu ta\u015ftan faydalanabilirsiniz.<\/p>\n","protected":false},"featured_media":1349,"comment_status":"open","ping_status":"closed","template":"","meta":[],"product_brand":[],"product_cat":[26,432],"product_tag":[],"class_list":{"0":"post-1310","1":"product","2":"type-product","3":"status-publish","4":"has-post-thumbnail","6":"product_cat-genel","7":"product_cat-unicorn-serisi","9":"first","10":"outofstock","11":"taxable","12":"shipping-taxable","13":"purchasable","14":"product-type-simple"},"yoast_head":"<!-- This site is optimized with the Yoast SEO plugin v27.3 - https:\/\/yoast.com\/product\/yoast-seo-wordpress\/ -->\n<title>UN\u0130CORN AMAZON\u0130T KOLYE - Astrolog Elvan<\/title>\n<meta name=\"robots\" content=\"index, follow, max-snippet:-1, max-image-preview:large, max-video-preview:-1\" \/>\n<link rel=\"canonical\" href=\"https:\/\/astrologelvan.com\/magaza\/urun\/unicorn-amazonit-kolye-2\/\" \/>\n<meta property=\"og:locale\" content=\"tr_TR\" \/>\n<meta property=\"og:type\" content=\"article\" \/>\n<meta property=\"og:title\" content=\"UN\u0130CORN AMAZON\u0130T KOLYE - Astrolog Elvan\" \/>\n<meta property=\"og:description\" content=\"Amazonit ta\u015f\u0131, eril &amp; di\u015fi enerjiyi dengelemek i\u00e7in kullan\u0131l\u0131r. Hayatta \u00e7o\u011fu zaman bu dengemiz \u015fa\u015ft\u0131\u011f\u0131 i\u00e7in ili\u015fkilerde problem ya\u015far\u0131z. \u00d6zellikle \u015fehirde ya\u015fayanlar\u0131n kullanmas\u0131n\u0131 tavsiye ederiz. \u00c7\u00fcnk\u00fc hayat ko\u015fullar\u0131 sebebiyle \u00e7o\u011fu kad\u0131n ve erkek, eril enerjisini fazlas\u0131yla kullan\u0131yor ve i\u00e7indeki di\u015fi ile ileti\u015fime ge\u00e7emiyor. Kalp ve bo\u011faz \u00e7akralar\u0131n\u0131 \u015fifaland\u0131rmak i\u00e7in bu ta\u015ftan faydalanabilirsiniz.\" \/>\n<meta property=\"og:url\" content=\"https:\/\/astrologelvan.com\/magaza\/urun\/unicorn-amazonit-kolye-2\/\" \/>\n<meta property=\"og:site_name\" content=\"Astrolog Elvan\" \/>\n<meta property=\"article:modified_time\" content=\"2025-10-06T05:15:13+00:00\" \/>\n<meta property=\"og:image\" content=\"https:\/\/astrologelvan.com\/magaza\/wp-content\/uploads\/2024\/02\/1-11.jpg\" \/>\n\t<meta property=\"og:image:width\" content=\"1200\" \/>\n\t<meta property=\"og:image:height\" content=\"1600\" \/>\n\t<meta property=\"og:image:type\" content=\"image\/jpeg\" \/>\n<meta name=\"twitter:card\" content=\"summary_large_image\" \/>\n<meta name=\"twitter:label1\" content=\"Tahmini okuma s\u00fcresi\" \/>\n\t<meta name=\"twitter:data1\" content=\"1 dakika\" \/>\n<script type=\"application\/ld+json\" class=\"yoast-schema-graph\">{\"@context\":\"https:\\\/\\\/schema.org\",\"@graph\":[{\"@type\":[\"WebPage\",\"ItemPage\"],\"@id\":\"https:\\\/\\\/astrologelvan.com\\\/magaza\\\/urun\\\/unicorn-amazonit-kolye-2\\\/\",\"url\":\"https:\\\/\\\/astrologelvan.com\\\/magaza\\\/urun\\\/unicorn-amazonit-kolye-2\\\/\",\"name\":\"UN\u0130CORN AMAZON\u0130T KOLYE - Astrolog Elvan\",\"isPartOf\":{\"@id\":\"https:\\\/\\\/astrologelvan.com\\\/magaza\\\/#website\"},\"primaryImageOfPage\":{\"@id\":\"https:\\\/\\\/astrologelvan.com\\\/magaza\\\/urun\\\/unicorn-amazonit-kolye-2\\\/#primaryimage\"},\"image\":{\"@id\":\"https:\\\/\\\/astrologelvan.com\\\/magaza\\\/urun\\\/unicorn-amazonit-kolye-2\\\/#primaryimage\"},\"thumbnailUrl\":\"https:\\\/\\\/astrologelvan.com\\\/magaza\\\/wp-content\\\/uploads\\\/2024\\\/02\\\/1-11.jpg\",\"datePublished\":\"2024-02-28T00:35:19+00:00\",\"dateModified\":\"2025-10-06T05:15:13+00:00\",\"breadcrumb\":{\"@id\":\"https:\\\/\\\/astrologelvan.com\\\/magaza\\\/urun\\\/unicorn-amazonit-kolye-2\\\/#breadcrumb\"},\"inLanguage\":\"tr\",\"potentialAction\":[{\"@type\":\"ReadAction\",\"target\":[\"https:\\\/\\\/astrologelvan.com\\\/magaza\\\/urun\\\/unicorn-amazonit-kolye-2\\\/\"]}]},{\"@type\":\"ImageObject\",\"inLanguage\":\"tr\",\"@id\":\"https:\\\/\\\/astrologelvan.com\\\/magaza\\\/urun\\\/unicorn-amazonit-kolye-2\\\/#primaryimage\",\"url\":\"https:\\\/\\\/astrologelvan.com\\\/magaza\\\/wp-content\\\/uploads\\\/2024\\\/02\\\/1-11.jpg\",\"contentUrl\":\"https:\\\/\\\/astrologelvan.com\\\/magaza\\\/wp-content\\\/uploads\\\/2024\\\/02\\\/1-11.jpg\",\"width\":1200,\"height\":1600},{\"@type\":\"BreadcrumbList\",\"@id\":\"https:\\\/\\\/astrologelvan.com\\\/magaza\\\/urun\\\/unicorn-amazonit-kolye-2\\\/#breadcrumb\",\"itemListElement\":[{\"@type\":\"ListItem\",\"position\":1,\"name\":\"Anasayfa\",\"item\":\"https:\\\/\\\/astrologelvan.com\\\/magaza\\\/\"},{\"@type\":\"ListItem\",\"position\":2,\"name\":\"Ma\u011faza\",\"item\":\"https:\\\/\\\/astrologelvan.com\\\/magaza\\\/magaza\\\/\"},{\"@type\":\"ListItem\",\"position\":3,\"name\":\"UN\u0130CORN AMAZON\u0130T KOLYE\"}]},{\"@type\":\"WebSite\",\"@id\":\"https:\\\/\\\/astrologelvan.com\\\/magaza\\\/#website\",\"url\":\"https:\\\/\\\/astrologelvan.com\\\/magaza\\\/\",\"name\":\"Astrolog Elvan\",\"description\":\"\",\"potentialAction\":[{\"@type\":\"SearchAction\",\"target\":{\"@type\":\"EntryPoint\",\"urlTemplate\":\"https:\\\/\\\/astrologelvan.com\\\/magaza\\\/?s={search_term_string}\"},\"query-input\":{\"@type\":\"PropertyValueSpecification\",\"valueRequired\":true,\"valueName\":\"search_term_string\"}}],\"inLanguage\":\"tr\"}]}<\/script>\n<!-- \/ Yoast SEO plugin. -->","yoast_head_json":{"title":"UN\u0130CORN AMAZON\u0130T KOLYE - Astrolog Elvan","robots":{"index":"index","follow":"follow","max-snippet":"max-snippet:-1","max-image-preview":"max-image-preview:large","max-video-preview":"max-video-preview:-1"},"canonical":"https:\/\/astrologelvan.com\/magaza\/urun\/unicorn-amazonit-kolye-2\/","og_locale":"tr_TR","og_type":"article","og_title":"UN\u0130CORN AMAZON\u0130T KOLYE - Astrolog Elvan","og_description":"Amazonit ta\u015f\u0131, eril &amp; di\u015fi enerjiyi dengelemek i\u00e7in kullan\u0131l\u0131r. Hayatta \u00e7o\u011fu zaman bu dengemiz \u015fa\u015ft\u0131\u011f\u0131 i\u00e7in ili\u015fkilerde problem ya\u015far\u0131z. \u00d6zellikle \u015fehirde ya\u015fayanlar\u0131n kullanmas\u0131n\u0131 tavsiye ederiz. \u00c7\u00fcnk\u00fc hayat ko\u015fullar\u0131 sebebiyle \u00e7o\u011fu kad\u0131n ve erkek, eril enerjisini fazlas\u0131yla kullan\u0131yor ve i\u00e7indeki di\u015fi ile ileti\u015fime ge\u00e7emiyor. Kalp ve bo\u011faz \u00e7akralar\u0131n\u0131 \u015fifaland\u0131rmak i\u00e7in bu ta\u015ftan faydalanabilirsiniz.","og_url":"https:\/\/astrologelvan.com\/magaza\/urun\/unicorn-amazonit-kolye-2\/","og_site_name":"Astrolog Elvan","article_modified_time":"2025-10-06T05:15:13+00:00","og_image":[{"width":1200,"height":1600,"url":"https:\/\/astrologelvan.com\/magaza\/wp-content\/uploads\/2024\/02\/1-11.jpg","type":"image\/jpeg"}],"twitter_card":"summary_large_image","twitter_misc":{"Tahmini okuma s\u00fcresi":"1 dakika"},"schema":{"@context":"https:\/\/schema.org","@graph":[{"@type":["WebPage","ItemPage"],"@id":"https:\/\/astrologelvan.com\/magaza\/urun\/unicorn-amazonit-kolye-2\/","url":"https:\/\/astrologelvan.com\/magaza\/urun\/unicorn-amazonit-kolye-2\/","name":"UN\u0130CORN AMAZON\u0130T KOLYE - Astrolog Elvan","isPartOf":{"@id":"https:\/\/astrologelvan.com\/magaza\/#website"},"primaryImageOfPage":{"@id":"https:\/\/astrologelvan.com\/magaza\/urun\/unicorn-amazonit-kolye-2\/#primaryimage"},"image":{"@id":"https:\/\/astrologelvan.com\/magaza\/urun\/unicorn-amazonit-kolye-2\/#primaryimage"},"thumbnailUrl":"https:\/\/astrologelvan.com\/magaza\/wp-content\/uploads\/2024\/02\/1-11.jpg","datePublished":"2024-02-28T00:35:19+00:00","dateModified":"2025-10-06T05:15:13+00:00","breadcrumb":{"@id":"https:\/\/astrologelvan.com\/magaza\/urun\/unicorn-amazonit-kolye-2\/#breadcrumb"},"inLanguage":"tr","potentialAction":[{"@type":"ReadAction","target":["https:\/\/astrologelvan.com\/magaza\/urun\/unicorn-amazonit-kolye-2\/"]}]},{"@type":"ImageObject","inLanguage":"tr","@id":"https:\/\/astrologelvan.com\/magaza\/urun\/unicorn-amazonit-kolye-2\/#primaryimage","url":"https:\/\/astrologelvan.com\/magaza\/wp-content\/uploads\/2024\/02\/1-11.jpg","contentUrl":"https:\/\/astrologelvan.com\/magaza\/wp-content\/uploads\/2024\/02\/1-11.jpg","width":1200,"height":1600},{"@type":"BreadcrumbList","@id":"https:\/\/astrologelvan.com\/magaza\/urun\/unicorn-amazonit-kolye-2\/#breadcrumb","itemListElement":[{"@type":"ListItem","position":1,"name":"Anasayfa","item":"https:\/\/astrologelvan.com\/magaza\/"},{"@type":"ListItem","position":2,"name":"Ma\u011faza","item":"https:\/\/astrologelvan.com\/magaza\/magaza\/"},{"@type":"ListItem","position":3,"name":"UN\u0130CORN AMAZON\u0130T KOLYE"}]},{"@type":"WebSite","@id":"https:\/\/astrologelvan.com\/magaza\/#website","url":"https:\/\/astrologelvan.com\/magaza\/","name":"Astrolog Elvan","description":"","potentialAction":[{"@type":"SearchAction","target":{"@type":"EntryPoint","urlTemplate":"https:\/\/astrologelvan.com\/magaza\/?s={search_term_string}"},"query-input":{"@type":"PropertyValueSpecification","valueRequired":true,"valueName":"search_term_string"}}],"inLanguage":"tr"}]}},"_links":{"self":[{"href":"https:\/\/astrologelvan.com\/magaza\/wp-json\/wp\/v2\/product\/1310","targetHints":{"allow":["GET"]}}],"collection":[{"href":"https:\/\/astrologelvan.com\/magaza\/wp-json\/wp\/v2\/product"}],"about":[{"href":"https:\/\/astrologelvan.com\/magaza\/wp-json\/wp\/v2\/types\/product"}],"replies":[{"embeddable":true,"href":"https:\/\/astrologelvan.com\/magaza\/wp-json\/wp\/v2\/comments?post=1310"}],"wp:featuredmedia":[{"embeddable":true,"href":"https:\/\/astrologelvan.com\/magaza\/wp-json\/wp\/v2\/media\/1349"}],"wp:attachment":[{"href":"https:\/\/astrologelvan.com\/magaza\/wp-json\/wp\/v2\/media?parent=1310"}],"wp:term":[{"taxonomy":"product_brand","embeddable":true,"href":"https:\/\/astrologelvan.com\/magaza\/wp-json\/wp\/v2\/product_brand?post=1310"},{"taxonomy":"product_cat","embeddable":true,"href":"https:\/\/astrologelvan.com\/magaza\/wp-json\/wp\/v2\/product_cat?post=1310"},{"taxonomy":"product_tag","embeddable":true,"href":"https:\/\/astrologelvan.com\/magaza\/wp-json\/wp\/v2\/product_tag?post=1310"}],"curies":[{"name":"wp","href":"https:\/\/api.w.org\/{rel}","templated":true}]}}