{"id":130995,"date":"2025-12-01T21:28:07","date_gmt":"2025-12-01T18:28:07","guid":{"rendered":"https:\/\/astrologelvan.com\/magaza\/?post_type=product&#038;p=130995"},"modified":"2026-03-13T11:30:18","modified_gmt":"2026-03-13T08:30:18","slug":"queen-kolye","status":"publish","type":"product","link":"https:\/\/astrologelvan.com\/magaza\/urun\/queen-kolye\/","title":{"rendered":"Queen Kolye"},"content":{"rendered":"","protected":false},"excerpt":{"rendered":"<p>Queen Kolye, sadece bir tak\u0131 de\u011fil; kad\u0131nlar\u0131n i\u00e7indeki g\u00fcc\u00fc, \u00f6zg\u00fcveni ve zarafeti yans\u0131tan sembolik bir par\u00e7ad\u0131r. I\u015f\u0131lt\u0131l\u0131 zirkon ta\u015flarla s\u00fcslenmi\u015f ta\u00e7 formu, her ad\u0131mda kendinizi de\u011ferli, \u00f6zel ve g\u00fc\u00e7l\u00fc hissetmeniz i\u00e7in tasarland\u0131.<\/p>\n<p>925 ayar g\u00fcm\u00fc\u015f ve alt\u0131n kaplaman\u0131n birle\u015fimi, kolyeye hem dayan\u0131kl\u0131l\u0131k hem de l\u00fcks bir parlakl\u0131k kazand\u0131r\u0131yor. \u0130ster g\u00fcnl\u00fck kombinlerinize zarif bir dokunu\u015f kat\u0131n, ister \u00f6zel g\u00fcnlerde g\u00f6z al\u0131c\u0131 bir etki yarat\u0131n\u2026 Queen Kolye, tarz\u0131n\u0131z\u0131 bir \u00fcst seviyeye ta\u015f\u0131r.<br \/>\n<strong>Kendini krali\u00e7e gibi hisseden, kendine yat\u0131r\u0131m yapan ve parlad\u0131\u011f\u0131 her an\u0131n de\u011ferini bilen kad\u0131nlar i\u00e7in m\u00fckemmel bir se\u00e7imdir.<\/strong><\/p>\n","protected":false},"featured_media":130999,"comment_status":"open","ping_status":"closed","template":"","meta":[],"product_brand":[596],"product_cat":[370,48],"product_tag":[],"class_list":{"0":"post-130995","1":"product","2":"type-product","3":"status-publish","4":"has-post-thumbnail","6":"product_brand-astrolog-elvan","7":"product_cat-charmlar","8":"product_cat-kolyeler","10":"first","11":"instock","12":"purchasable","13":"product-type-simple"},"yoast_head":"<!-- This site is optimized with the Yoast SEO plugin v27.3 - https:\/\/yoast.com\/product\/yoast-seo-wordpress\/ -->\n<title>Queen Kolye - Astrolog Elvan<\/title>\n<meta name=\"robots\" content=\"index, follow, max-snippet:-1, max-image-preview:large, max-video-preview:-1\" \/>\n<link rel=\"canonical\" href=\"https:\/\/astrologelvan.com\/magaza\/urun\/queen-kolye\/\" \/>\n<meta property=\"og:locale\" content=\"tr_TR\" \/>\n<meta property=\"og:type\" content=\"article\" \/>\n<meta property=\"og:title\" content=\"Queen Kolye - Astrolog Elvan\" \/>\n<meta property=\"og:description\" content=\"Queen Kolye, sadece bir tak\u0131 de\u011fil; kad\u0131nlar\u0131n i\u00e7indeki g\u00fcc\u00fc, \u00f6zg\u00fcveni ve zarafeti yans\u0131tan sembolik bir par\u00e7ad\u0131r. I\u015f\u0131lt\u0131l\u0131 zirkon ta\u015flarla s\u00fcslenmi\u015f ta\u00e7 formu, her ad\u0131mda kendinizi de\u011ferli, \u00f6zel ve g\u00fc\u00e7l\u00fc hissetmeniz i\u00e7in tasarland\u0131.  925 ayar g\u00fcm\u00fc\u015f ve alt\u0131n kaplaman\u0131n birle\u015fimi, kolyeye hem dayan\u0131kl\u0131l\u0131k hem de l\u00fcks bir parlakl\u0131k kazand\u0131r\u0131yor. \u0130ster g\u00fcnl\u00fck kombinlerinize zarif bir dokunu\u015f kat\u0131n, ister \u00f6zel g\u00fcnlerde g\u00f6z al\u0131c\u0131 bir etki yarat\u0131n\u2026 Queen Kolye, tarz\u0131n\u0131z\u0131 bir \u00fcst seviyeye ta\u015f\u0131r. Kendini krali\u00e7e gibi hisseden, kendine yat\u0131r\u0131m yapan ve parlad\u0131\u011f\u0131 her an\u0131n de\u011ferini bilen kad\u0131nlar i\u00e7in m\u00fckemmel bir se\u00e7imdir.\" \/>\n<meta property=\"og:url\" content=\"https:\/\/astrologelvan.com\/magaza\/urun\/queen-kolye\/\" \/>\n<meta property=\"og:site_name\" content=\"Astrolog Elvan\" \/>\n<meta property=\"article:modified_time\" content=\"2026-03-13T08:30:18+00:00\" \/>\n<meta property=\"og:image\" content=\"https:\/\/astrologelvan.com\/magaza\/wp-content\/uploads\/2025\/12\/WhatsApp-Image-2025-11-27-at-16.10.26.jpeg\" \/>\n\t<meta property=\"og:image:width\" content=\"900\" \/>\n\t<meta property=\"og:image:height\" content=\"1600\" \/>\n\t<meta property=\"og:image:type\" content=\"image\/jpeg\" \/>\n<meta name=\"twitter:card\" content=\"summary_large_image\" \/>\n<meta name=\"twitter:label1\" content=\"Tahmini okuma s\u00fcresi\" \/>\n\t<meta name=\"twitter:data1\" content=\"1 dakika\" \/>\n<script type=\"application\/ld+json\" class=\"yoast-schema-graph\">{\"@context\":\"https:\\\/\\\/schema.org\",\"@graph\":[{\"@type\":[\"WebPage\",\"ItemPage\"],\"@id\":\"https:\\\/\\\/astrologelvan.com\\\/magaza\\\/urun\\\/queen-kolye\\\/\",\"url\":\"https:\\\/\\\/astrologelvan.com\\\/magaza\\\/urun\\\/queen-kolye\\\/\",\"name\":\"Queen Kolye - Astrolog Elvan\",\"isPartOf\":{\"@id\":\"https:\\\/\\\/astrologelvan.com\\\/magaza\\\/#website\"},\"primaryImageOfPage\":{\"@id\":\"https:\\\/\\\/astrologelvan.com\\\/magaza\\\/urun\\\/queen-kolye\\\/#primaryimage\"},\"image\":{\"@id\":\"https:\\\/\\\/astrologelvan.com\\\/magaza\\\/urun\\\/queen-kolye\\\/#primaryimage\"},\"thumbnailUrl\":\"https:\\\/\\\/astrologelvan.com\\\/magaza\\\/wp-content\\\/uploads\\\/2025\\\/12\\\/WhatsApp-Image-2025-11-27-at-16.10.26.jpeg\",\"datePublished\":\"2025-12-01T18:28:07+00:00\",\"dateModified\":\"2026-03-13T08:30:18+00:00\",\"breadcrumb\":{\"@id\":\"https:\\\/\\\/astrologelvan.com\\\/magaza\\\/urun\\\/queen-kolye\\\/#breadcrumb\"},\"inLanguage\":\"tr\",\"potentialAction\":[{\"@type\":\"ReadAction\",\"target\":[\"https:\\\/\\\/astrologelvan.com\\\/magaza\\\/urun\\\/queen-kolye\\\/\"]}]},{\"@type\":\"ImageObject\",\"inLanguage\":\"tr\",\"@id\":\"https:\\\/\\\/astrologelvan.com\\\/magaza\\\/urun\\\/queen-kolye\\\/#primaryimage\",\"url\":\"https:\\\/\\\/astrologelvan.com\\\/magaza\\\/wp-content\\\/uploads\\\/2025\\\/12\\\/WhatsApp-Image-2025-11-27-at-16.10.26.jpeg\",\"contentUrl\":\"https:\\\/\\\/astrologelvan.com\\\/magaza\\\/wp-content\\\/uploads\\\/2025\\\/12\\\/WhatsApp-Image-2025-11-27-at-16.10.26.jpeg\",\"width\":900,\"height\":1600},{\"@type\":\"BreadcrumbList\",\"@id\":\"https:\\\/\\\/astrologelvan.com\\\/magaza\\\/urun\\\/queen-kolye\\\/#breadcrumb\",\"itemListElement\":[{\"@type\":\"ListItem\",\"position\":1,\"name\":\"Anasayfa\",\"item\":\"https:\\\/\\\/astrologelvan.com\\\/magaza\\\/\"},{\"@type\":\"ListItem\",\"position\":2,\"name\":\"Ma\u011faza\",\"item\":\"https:\\\/\\\/astrologelvan.com\\\/magaza\\\/magaza\\\/\"},{\"@type\":\"ListItem\",\"position\":3,\"name\":\"Queen Kolye\"}]},{\"@type\":\"WebSite\",\"@id\":\"https:\\\/\\\/astrologelvan.com\\\/magaza\\\/#website\",\"url\":\"https:\\\/\\\/astrologelvan.com\\\/magaza\\\/\",\"name\":\"Astrolog Elvan\",\"description\":\"\",\"potentialAction\":[{\"@type\":\"SearchAction\",\"target\":{\"@type\":\"EntryPoint\",\"urlTemplate\":\"https:\\\/\\\/astrologelvan.com\\\/magaza\\\/?s={search_term_string}\"},\"query-input\":{\"@type\":\"PropertyValueSpecification\",\"valueRequired\":true,\"valueName\":\"search_term_string\"}}],\"inLanguage\":\"tr\"}]}<\/script>\n<!-- \/ Yoast SEO plugin. -->","yoast_head_json":{"title":"Queen Kolye - Astrolog Elvan","robots":{"index":"index","follow":"follow","max-snippet":"max-snippet:-1","max-image-preview":"max-image-preview:large","max-video-preview":"max-video-preview:-1"},"canonical":"https:\/\/astrologelvan.com\/magaza\/urun\/queen-kolye\/","og_locale":"tr_TR","og_type":"article","og_title":"Queen Kolye - Astrolog Elvan","og_description":"Queen Kolye, sadece bir tak\u0131 de\u011fil; kad\u0131nlar\u0131n i\u00e7indeki g\u00fcc\u00fc, \u00f6zg\u00fcveni ve zarafeti yans\u0131tan sembolik bir par\u00e7ad\u0131r. I\u015f\u0131lt\u0131l\u0131 zirkon ta\u015flarla s\u00fcslenmi\u015f ta\u00e7 formu, her ad\u0131mda kendinizi de\u011ferli, \u00f6zel ve g\u00fc\u00e7l\u00fc hissetmeniz i\u00e7in tasarland\u0131.  925 ayar g\u00fcm\u00fc\u015f ve alt\u0131n kaplaman\u0131n birle\u015fimi, kolyeye hem dayan\u0131kl\u0131l\u0131k hem de l\u00fcks bir parlakl\u0131k kazand\u0131r\u0131yor. \u0130ster g\u00fcnl\u00fck kombinlerinize zarif bir dokunu\u015f kat\u0131n, ister \u00f6zel g\u00fcnlerde g\u00f6z al\u0131c\u0131 bir etki yarat\u0131n\u2026 Queen Kolye, tarz\u0131n\u0131z\u0131 bir \u00fcst seviyeye ta\u015f\u0131r. Kendini krali\u00e7e gibi hisseden, kendine yat\u0131r\u0131m yapan ve parlad\u0131\u011f\u0131 her an\u0131n de\u011ferini bilen kad\u0131nlar i\u00e7in m\u00fckemmel bir se\u00e7imdir.","og_url":"https:\/\/astrologelvan.com\/magaza\/urun\/queen-kolye\/","og_site_name":"Astrolog Elvan","article_modified_time":"2026-03-13T08:30:18+00:00","og_image":[{"width":900,"height":1600,"url":"https:\/\/astrologelvan.com\/magaza\/wp-content\/uploads\/2025\/12\/WhatsApp-Image-2025-11-27-at-16.10.26.jpeg","type":"image\/jpeg"}],"twitter_card":"summary_large_image","twitter_misc":{"Tahmini okuma s\u00fcresi":"1 dakika"},"schema":{"@context":"https:\/\/schema.org","@graph":[{"@type":["WebPage","ItemPage"],"@id":"https:\/\/astrologelvan.com\/magaza\/urun\/queen-kolye\/","url":"https:\/\/astrologelvan.com\/magaza\/urun\/queen-kolye\/","name":"Queen Kolye - Astrolog Elvan","isPartOf":{"@id":"https:\/\/astrologelvan.com\/magaza\/#website"},"primaryImageOfPage":{"@id":"https:\/\/astrologelvan.com\/magaza\/urun\/queen-kolye\/#primaryimage"},"image":{"@id":"https:\/\/astrologelvan.com\/magaza\/urun\/queen-kolye\/#primaryimage"},"thumbnailUrl":"https:\/\/astrologelvan.com\/magaza\/wp-content\/uploads\/2025\/12\/WhatsApp-Image-2025-11-27-at-16.10.26.jpeg","datePublished":"2025-12-01T18:28:07+00:00","dateModified":"2026-03-13T08:30:18+00:00","breadcrumb":{"@id":"https:\/\/astrologelvan.com\/magaza\/urun\/queen-kolye\/#breadcrumb"},"inLanguage":"tr","potentialAction":[{"@type":"ReadAction","target":["https:\/\/astrologelvan.com\/magaza\/urun\/queen-kolye\/"]}]},{"@type":"ImageObject","inLanguage":"tr","@id":"https:\/\/astrologelvan.com\/magaza\/urun\/queen-kolye\/#primaryimage","url":"https:\/\/astrologelvan.com\/magaza\/wp-content\/uploads\/2025\/12\/WhatsApp-Image-2025-11-27-at-16.10.26.jpeg","contentUrl":"https:\/\/astrologelvan.com\/magaza\/wp-content\/uploads\/2025\/12\/WhatsApp-Image-2025-11-27-at-16.10.26.jpeg","width":900,"height":1600},{"@type":"BreadcrumbList","@id":"https:\/\/astrologelvan.com\/magaza\/urun\/queen-kolye\/#breadcrumb","itemListElement":[{"@type":"ListItem","position":1,"name":"Anasayfa","item":"https:\/\/astrologelvan.com\/magaza\/"},{"@type":"ListItem","position":2,"name":"Ma\u011faza","item":"https:\/\/astrologelvan.com\/magaza\/magaza\/"},{"@type":"ListItem","position":3,"name":"Queen Kolye"}]},{"@type":"WebSite","@id":"https:\/\/astrologelvan.com\/magaza\/#website","url":"https:\/\/astrologelvan.com\/magaza\/","name":"Astrolog Elvan","description":"","potentialAction":[{"@type":"SearchAction","target":{"@type":"EntryPoint","urlTemplate":"https:\/\/astrologelvan.com\/magaza\/?s={search_term_string}"},"query-input":{"@type":"PropertyValueSpecification","valueRequired":true,"valueName":"search_term_string"}}],"inLanguage":"tr"}]}},"_links":{"self":[{"href":"https:\/\/astrologelvan.com\/magaza\/wp-json\/wp\/v2\/product\/130995","targetHints":{"allow":["GET"]}}],"collection":[{"href":"https:\/\/astrologelvan.com\/magaza\/wp-json\/wp\/v2\/product"}],"about":[{"href":"https:\/\/astrologelvan.com\/magaza\/wp-json\/wp\/v2\/types\/product"}],"replies":[{"embeddable":true,"href":"https:\/\/astrologelvan.com\/magaza\/wp-json\/wp\/v2\/comments?post=130995"}],"wp:featuredmedia":[{"embeddable":true,"href":"https:\/\/astrologelvan.com\/magaza\/wp-json\/wp\/v2\/media\/130999"}],"wp:attachment":[{"href":"https:\/\/astrologelvan.com\/magaza\/wp-json\/wp\/v2\/media?parent=130995"}],"wp:term":[{"taxonomy":"product_brand","embeddable":true,"href":"https:\/\/astrologelvan.com\/magaza\/wp-json\/wp\/v2\/product_brand?post=130995"},{"taxonomy":"product_cat","embeddable":true,"href":"https:\/\/astrologelvan.com\/magaza\/wp-json\/wp\/v2\/product_cat?post=130995"},{"taxonomy":"product_tag","embeddable":true,"href":"https:\/\/astrologelvan.com\/magaza\/wp-json\/wp\/v2\/product_tag?post=130995"}],"curies":[{"name":"wp","href":"https:\/\/api.w.org\/{rel}","templated":true}]}}