{"id":1308,"date":"2024-02-28T03:34:54","date_gmt":"2024-02-28T00:34:54","guid":{"rendered":"https:\/\/astrologelvan.shop\/?post_type=product&#038;p=1308"},"modified":"2026-03-12T10:50:06","modified_gmt":"2026-03-12T07:50:06","slug":"aytasi-kolye","status":"publish","type":"product","link":"https:\/\/astrologelvan.com\/magaza\/urun\/aytasi-kolye\/","title":{"rendered":"AYTA\u015eI KOLYE"},"content":{"rendered":"<div class=\"woocommerce-tabs wc-tabs-wrapper\">\n<div id=\"tab-description\" class=\"woocommerce-Tabs-panel woocommerce-Tabs-panel--description panel entry-content wc-tab\" role=\"tabpanel\" aria-labelledby=\"tab-title-description\">\n<p><strong>\u00dcr\u00fcn \u00d6zellikleri:<\/strong><\/p>\n<p>Kolye A\u011f\u0131l\u0131\u011f\u0131: 8,8 Gram<\/p>\n<p>Zincir Uzunlu\u011fu: 45+15 CM<\/p>\n<p>925 Ayar G\u00fcm\u00fc\u015f<\/p>\n<\/div>\n<\/div>\n","protected":false},"excerpt":{"rendered":"<p>Ruhunun \u0131\u015f\u0131\u011f\u0131n\u0131 g\u00f6r:<\/p>\n<p>Ay ta\u015f\u0131; duygular\u0131m\u0131z\u0131 ifade etmeyi kolayla\u015ft\u0131ran ana ta\u015ft\u0131r. Duygular\u0131m\u0131z\u0131 kontrol edip, dengelemeye yarar. \u00d6zellikle a\u011flayamayanlar i\u00e7in tetikleyici bir ta\u015ft\u0131r. Takt\u0131ktan bir g\u00fcn sonra a\u011flamaya ba\u015flayabilirsiniz. Asl\u0131nda bu birikmi\u015f ve bast\u0131r\u0131lm\u0131\u015f duygular\u0131n\u0131z\u0131n d\u0131\u015fa vurulmas\u0131d\u0131r. Ayta\u015f\u0131n\u0131 takt\u0131k\u00e7a sezgileriniz g\u00fc\u00e7lenir. Size g\u00f6sterilenlerin ard\u0131ndaki ger\u00e7e\u011fi g\u00f6r\u00fcrs\u00fcn\u00fcz. Strese ve gerginli\u011fe \u00e7ok iyi gelir. \u00d6zellikle dolunay zamanlar\u0131nda takabilirsiniz.<\/p>\n","protected":false},"featured_media":8309,"comment_status":"open","ping_status":"closed","template":"","meta":[],"product_brand":[596],"product_cat":[153,7455],"product_tag":[],"class_list":{"0":"post-1308","1":"product","2":"type-product","3":"status-publish","4":"has-post-thumbnail","6":"product_brand-astrolog-elvan","7":"product_cat-aytasi","8":"product_cat--kolyeler","10":"first","11":"instock","12":"purchasable","13":"product-type-simple"},"yoast_head":"<!-- This site is optimized with the Yoast SEO plugin v27.3 - https:\/\/yoast.com\/product\/yoast-seo-wordpress\/ -->\n<title>AYTA\u015eI KOLYE - Astrolog Elvan<\/title>\n<meta name=\"robots\" content=\"index, follow, max-snippet:-1, max-image-preview:large, max-video-preview:-1\" \/>\n<link rel=\"canonical\" href=\"https:\/\/astrologelvan.com\/magaza\/urun\/aytasi-kolye\/\" \/>\n<meta property=\"og:locale\" content=\"tr_TR\" \/>\n<meta property=\"og:type\" content=\"article\" \/>\n<meta property=\"og:title\" content=\"AYTA\u015eI KOLYE - Astrolog Elvan\" \/>\n<meta property=\"og:description\" content=\"Ruhunun \u0131\u015f\u0131\u011f\u0131n\u0131 g\u00f6r:  Ay ta\u015f\u0131; duygular\u0131m\u0131z\u0131 ifade etmeyi kolayla\u015ft\u0131ran ana ta\u015ft\u0131r. Duygular\u0131m\u0131z\u0131 kontrol edip, dengelemeye yarar. \u00d6zellikle a\u011flayamayanlar i\u00e7in tetikleyici bir ta\u015ft\u0131r. Takt\u0131ktan bir g\u00fcn sonra a\u011flamaya ba\u015flayabilirsiniz. Asl\u0131nda bu birikmi\u015f ve bast\u0131r\u0131lm\u0131\u015f duygular\u0131n\u0131z\u0131n d\u0131\u015fa vurulmas\u0131d\u0131r. Ayta\u015f\u0131n\u0131 takt\u0131k\u00e7a sezgileriniz g\u00fc\u00e7lenir. Size g\u00f6sterilenlerin ard\u0131ndaki ger\u00e7e\u011fi g\u00f6r\u00fcrs\u00fcn\u00fcz. Strese ve gerginli\u011fe \u00e7ok iyi gelir. \u00d6zellikle dolunay zamanlar\u0131nda takabilirsiniz.\" \/>\n<meta property=\"og:url\" content=\"https:\/\/astrologelvan.com\/magaza\/urun\/aytasi-kolye\/\" \/>\n<meta property=\"og:site_name\" content=\"Astrolog Elvan\" \/>\n<meta property=\"article:modified_time\" content=\"2026-03-12T07:50:06+00:00\" \/>\n<meta property=\"og:image\" content=\"https:\/\/astrologelvan.com\/magaza\/wp-content\/uploads\/2024\/02\/1-96-scaled.jpg\" \/>\n\t<meta property=\"og:image:width\" content=\"2560\" \/>\n\t<meta property=\"og:image:height\" content=\"2560\" \/>\n\t<meta property=\"og:image:type\" content=\"image\/jpeg\" \/>\n<meta name=\"twitter:card\" content=\"summary_large_image\" \/>\n<meta name=\"twitter:label1\" content=\"Tahmini okuma s\u00fcresi\" \/>\n\t<meta name=\"twitter:data1\" content=\"1 dakika\" \/>\n<script type=\"application\/ld+json\" class=\"yoast-schema-graph\">{\"@context\":\"https:\\\/\\\/schema.org\",\"@graph\":[{\"@type\":[\"WebPage\",\"ItemPage\"],\"@id\":\"https:\\\/\\\/astrologelvan.com\\\/magaza\\\/urun\\\/aytasi-kolye\\\/\",\"url\":\"https:\\\/\\\/astrologelvan.com\\\/magaza\\\/urun\\\/aytasi-kolye\\\/\",\"name\":\"AYTA\u015eI KOLYE - Astrolog Elvan\",\"isPartOf\":{\"@id\":\"https:\\\/\\\/astrologelvan.com\\\/magaza\\\/#website\"},\"primaryImageOfPage\":{\"@id\":\"https:\\\/\\\/astrologelvan.com\\\/magaza\\\/urun\\\/aytasi-kolye\\\/#primaryimage\"},\"image\":{\"@id\":\"https:\\\/\\\/astrologelvan.com\\\/magaza\\\/urun\\\/aytasi-kolye\\\/#primaryimage\"},\"thumbnailUrl\":\"https:\\\/\\\/astrologelvan.com\\\/magaza\\\/wp-content\\\/uploads\\\/2024\\\/02\\\/1-96-scaled.jpg\",\"datePublished\":\"2024-02-28T00:34:54+00:00\",\"dateModified\":\"2026-03-12T07:50:06+00:00\",\"breadcrumb\":{\"@id\":\"https:\\\/\\\/astrologelvan.com\\\/magaza\\\/urun\\\/aytasi-kolye\\\/#breadcrumb\"},\"inLanguage\":\"tr\",\"potentialAction\":[{\"@type\":\"ReadAction\",\"target\":[\"https:\\\/\\\/astrologelvan.com\\\/magaza\\\/urun\\\/aytasi-kolye\\\/\"]}]},{\"@type\":\"ImageObject\",\"inLanguage\":\"tr\",\"@id\":\"https:\\\/\\\/astrologelvan.com\\\/magaza\\\/urun\\\/aytasi-kolye\\\/#primaryimage\",\"url\":\"https:\\\/\\\/astrologelvan.com\\\/magaza\\\/wp-content\\\/uploads\\\/2024\\\/02\\\/1-96-scaled.jpg\",\"contentUrl\":\"https:\\\/\\\/astrologelvan.com\\\/magaza\\\/wp-content\\\/uploads\\\/2024\\\/02\\\/1-96-scaled.jpg\",\"width\":2560,\"height\":2560},{\"@type\":\"BreadcrumbList\",\"@id\":\"https:\\\/\\\/astrologelvan.com\\\/magaza\\\/urun\\\/aytasi-kolye\\\/#breadcrumb\",\"itemListElement\":[{\"@type\":\"ListItem\",\"position\":1,\"name\":\"Anasayfa\",\"item\":\"https:\\\/\\\/astrologelvan.com\\\/magaza\\\/\"},{\"@type\":\"ListItem\",\"position\":2,\"name\":\"Ma\u011faza\",\"item\":\"https:\\\/\\\/astrologelvan.com\\\/magaza\\\/magaza\\\/\"},{\"@type\":\"ListItem\",\"position\":3,\"name\":\"AYTA\u015eI KOLYE\"}]},{\"@type\":\"WebSite\",\"@id\":\"https:\\\/\\\/astrologelvan.com\\\/magaza\\\/#website\",\"url\":\"https:\\\/\\\/astrologelvan.com\\\/magaza\\\/\",\"name\":\"Astrolog Elvan\",\"description\":\"\",\"potentialAction\":[{\"@type\":\"SearchAction\",\"target\":{\"@type\":\"EntryPoint\",\"urlTemplate\":\"https:\\\/\\\/astrologelvan.com\\\/magaza\\\/?s={search_term_string}\"},\"query-input\":{\"@type\":\"PropertyValueSpecification\",\"valueRequired\":true,\"valueName\":\"search_term_string\"}}],\"inLanguage\":\"tr\"}]}<\/script>\n<!-- \/ Yoast SEO plugin. -->","yoast_head_json":{"title":"AYTA\u015eI KOLYE - Astrolog Elvan","robots":{"index":"index","follow":"follow","max-snippet":"max-snippet:-1","max-image-preview":"max-image-preview:large","max-video-preview":"max-video-preview:-1"},"canonical":"https:\/\/astrologelvan.com\/magaza\/urun\/aytasi-kolye\/","og_locale":"tr_TR","og_type":"article","og_title":"AYTA\u015eI KOLYE - Astrolog Elvan","og_description":"Ruhunun \u0131\u015f\u0131\u011f\u0131n\u0131 g\u00f6r:  Ay ta\u015f\u0131; duygular\u0131m\u0131z\u0131 ifade etmeyi kolayla\u015ft\u0131ran ana ta\u015ft\u0131r. Duygular\u0131m\u0131z\u0131 kontrol edip, dengelemeye yarar. \u00d6zellikle a\u011flayamayanlar i\u00e7in tetikleyici bir ta\u015ft\u0131r. Takt\u0131ktan bir g\u00fcn sonra a\u011flamaya ba\u015flayabilirsiniz. Asl\u0131nda bu birikmi\u015f ve bast\u0131r\u0131lm\u0131\u015f duygular\u0131n\u0131z\u0131n d\u0131\u015fa vurulmas\u0131d\u0131r. Ayta\u015f\u0131n\u0131 takt\u0131k\u00e7a sezgileriniz g\u00fc\u00e7lenir. Size g\u00f6sterilenlerin ard\u0131ndaki ger\u00e7e\u011fi g\u00f6r\u00fcrs\u00fcn\u00fcz. Strese ve gerginli\u011fe \u00e7ok iyi gelir. \u00d6zellikle dolunay zamanlar\u0131nda takabilirsiniz.","og_url":"https:\/\/astrologelvan.com\/magaza\/urun\/aytasi-kolye\/","og_site_name":"Astrolog Elvan","article_modified_time":"2026-03-12T07:50:06+00:00","og_image":[{"width":2560,"height":2560,"url":"https:\/\/astrologelvan.com\/magaza\/wp-content\/uploads\/2024\/02\/1-96-scaled.jpg","type":"image\/jpeg"}],"twitter_card":"summary_large_image","twitter_misc":{"Tahmini okuma s\u00fcresi":"1 dakika"},"schema":{"@context":"https:\/\/schema.org","@graph":[{"@type":["WebPage","ItemPage"],"@id":"https:\/\/astrologelvan.com\/magaza\/urun\/aytasi-kolye\/","url":"https:\/\/astrologelvan.com\/magaza\/urun\/aytasi-kolye\/","name":"AYTA\u015eI KOLYE - Astrolog Elvan","isPartOf":{"@id":"https:\/\/astrologelvan.com\/magaza\/#website"},"primaryImageOfPage":{"@id":"https:\/\/astrologelvan.com\/magaza\/urun\/aytasi-kolye\/#primaryimage"},"image":{"@id":"https:\/\/astrologelvan.com\/magaza\/urun\/aytasi-kolye\/#primaryimage"},"thumbnailUrl":"https:\/\/astrologelvan.com\/magaza\/wp-content\/uploads\/2024\/02\/1-96-scaled.jpg","datePublished":"2024-02-28T00:34:54+00:00","dateModified":"2026-03-12T07:50:06+00:00","breadcrumb":{"@id":"https:\/\/astrologelvan.com\/magaza\/urun\/aytasi-kolye\/#breadcrumb"},"inLanguage":"tr","potentialAction":[{"@type":"ReadAction","target":["https:\/\/astrologelvan.com\/magaza\/urun\/aytasi-kolye\/"]}]},{"@type":"ImageObject","inLanguage":"tr","@id":"https:\/\/astrologelvan.com\/magaza\/urun\/aytasi-kolye\/#primaryimage","url":"https:\/\/astrologelvan.com\/magaza\/wp-content\/uploads\/2024\/02\/1-96-scaled.jpg","contentUrl":"https:\/\/astrologelvan.com\/magaza\/wp-content\/uploads\/2024\/02\/1-96-scaled.jpg","width":2560,"height":2560},{"@type":"BreadcrumbList","@id":"https:\/\/astrologelvan.com\/magaza\/urun\/aytasi-kolye\/#breadcrumb","itemListElement":[{"@type":"ListItem","position":1,"name":"Anasayfa","item":"https:\/\/astrologelvan.com\/magaza\/"},{"@type":"ListItem","position":2,"name":"Ma\u011faza","item":"https:\/\/astrologelvan.com\/magaza\/magaza\/"},{"@type":"ListItem","position":3,"name":"AYTA\u015eI KOLYE"}]},{"@type":"WebSite","@id":"https:\/\/astrologelvan.com\/magaza\/#website","url":"https:\/\/astrologelvan.com\/magaza\/","name":"Astrolog Elvan","description":"","potentialAction":[{"@type":"SearchAction","target":{"@type":"EntryPoint","urlTemplate":"https:\/\/astrologelvan.com\/magaza\/?s={search_term_string}"},"query-input":{"@type":"PropertyValueSpecification","valueRequired":true,"valueName":"search_term_string"}}],"inLanguage":"tr"}]}},"_links":{"self":[{"href":"https:\/\/astrologelvan.com\/magaza\/wp-json\/wp\/v2\/product\/1308","targetHints":{"allow":["GET"]}}],"collection":[{"href":"https:\/\/astrologelvan.com\/magaza\/wp-json\/wp\/v2\/product"}],"about":[{"href":"https:\/\/astrologelvan.com\/magaza\/wp-json\/wp\/v2\/types\/product"}],"replies":[{"embeddable":true,"href":"https:\/\/astrologelvan.com\/magaza\/wp-json\/wp\/v2\/comments?post=1308"}],"wp:featuredmedia":[{"embeddable":true,"href":"https:\/\/astrologelvan.com\/magaza\/wp-json\/wp\/v2\/media\/8309"}],"wp:attachment":[{"href":"https:\/\/astrologelvan.com\/magaza\/wp-json\/wp\/v2\/media?parent=1308"}],"wp:term":[{"taxonomy":"product_brand","embeddable":true,"href":"https:\/\/astrologelvan.com\/magaza\/wp-json\/wp\/v2\/product_brand?post=1308"},{"taxonomy":"product_cat","embeddable":true,"href":"https:\/\/astrologelvan.com\/magaza\/wp-json\/wp\/v2\/product_cat?post=1308"},{"taxonomy":"product_tag","embeddable":true,"href":"https:\/\/astrologelvan.com\/magaza\/wp-json\/wp\/v2\/product_tag?post=1308"}],"curies":[{"name":"wp","href":"https:\/\/api.w.org\/{rel}","templated":true}]}}