{"id":130,"date":"2024-02-28T02:05:03","date_gmt":"2024-02-27T23:05:03","guid":{"rendered":"https:\/\/astrologelvan.shop\/?post_type=product&#038;p=130"},"modified":"2025-10-06T08:14:46","modified_gmt":"2025-10-06T05:14:46","slug":"merkur-retro-kiti","status":"publish","type":"product","link":"https:\/\/astrologelvan.com\/magaza\/urun\/merkur-retro-kiti\/","title":{"rendered":"MERK\u00dcR RETRO K\u0130T\u0130"},"content":{"rendered":"<p><strong>Do\u011fal form Ametist kolye:<\/strong> Merk\u00fcr\u2019\u00fcn ta\u015f\u0131 Ametist\u2019tir. Bu do\u011fal ta\u015f kayg\u0131 ve endi\u015feleri dengeler, tak\u0131nt\u0131lar\u0131n\u0131zdan uzakla\u015fman\u0131za yard\u0131mc\u0131 olur ve odaklanman\u0131z\u0131 sa\u011flar. Konsantrasyon bozuklu\u011fu \u00e7ekenler de s\u00fcrekli kullanabilir. Ametist kolyeyi Merk\u00fcr retrosu boyunca \u00e7\u0131karmay\u0131n. Enerjinizi dengelemeye yard\u0131mc\u0131 olacakt\u0131r.<\/p>\n<p><strong>Dumanl\u0131 kuvarz:<\/strong> Enerji ve \u015fifa \u00e7al\u0131\u015fmalar\u0131nda kullan\u0131lan mistik bir ta\u015f. Kristallerin en derinlerindendir. Negatif duyu ve d\u00fc\u015f\u00fcnceleri dengelemeye birebir. Bu minik cep kristalini c\u00fczdan\u0131n\u0131zda, \u00e7antan\u0131zda ta\u015f\u0131yabilirsiniz. G\u00fcn i\u00e7erisinde 10 dakika avcunuzun i\u00e7inde tutmak sizi harika hissettirecek. \u0130leti\u015fim kopuklu\u011fu ve sinir krizlerine birebir!<\/p>\n<p><strong>Mor mumu<\/strong> ise yak\u0131p, dileklerimizi bir ka\u011f\u0131da yazal\u0131m. G\u00fcne\u015f Merk\u00fcr kavu\u015fumu, akl\u0131m\u0131zdan ge\u00e7irdiklerimizi hayata d\u00f6kecek.<\/p>\n<p>Anadolu insan\u0131n\u0131n y\u00fczy\u0131llard\u0131r kulland\u0131\u011f\u0131 ada\u00e7ay\u0131 ise hem ruhsal enerjiyi hem de bedensel enerjiyi dengeleyen \u00e7ok bir \u015fifal\u0131 bitkidir. T\u00fcts\u00fclemeyi, istiridye t\u00fcts\u00fcl\u00fck i\u00e7inde yapman\u0131z gerekir. Bir t\u00fcts\u00fcleme i\u015fleminin tam olarak ger\u00e7ekle\u015fmesi i\u00e7in 4 elementi de kullanmal\u0131s\u0131n\u0131z. Toprak (ada\u00e7ay\u0131) Su (istiridye kabu\u011fu) Ate\u015f (t\u00fcts\u00fcy\u00fc yak\u0131n) ve Hava (do\u011fada buldu\u011funuz bir ku\u015f t\u00fcy\u00fc ile t\u00fcts\u00fcn\u00fcn duman\u0131n\u0131 savurun)<\/p>\n","protected":false},"excerpt":{"rendered":"<p><strong>Merk\u00fcr retrosu geldi \u00e7att\u0131!<\/strong> Tabi ki de bu d\u00f6nemde sizi yaln\u0131z b\u0131rakacak de\u011filim! Retroda gelen retroda gidecek, belki a\u011flayacak bir omuz, belki de rahat uyumak i\u00e7in biraz huzur isteyeceksiniz. Merk\u00fcr retrosunda ihtiyac\u0131n\u0131z olan her \u015fey bu kitin i\u00e7inde\u2026<\/p>\n<p>Merk\u00fcr retrosunun negatif etkilerini hafifletin ve enerjinizi y\u00fckseltin!<\/p>\n<p>&nbsp;<\/p>\n<p>A\u015fa\u011f\u0131da a\u00e7\u0131klama k\u0131sm\u0131n\u0131 okuyunuz.<\/p>\n<p>&nbsp;<\/p>\n<p>&nbsp;<\/p>\n","protected":false},"featured_media":182,"comment_status":"closed","ping_status":"closed","template":"","meta":[],"product_brand":[],"product_cat":[47,35],"product_tag":[],"class_list":{"0":"post-130","1":"product","2":"type-product","3":"status-publish","4":"has-post-thumbnail","6":"product_cat-ametist-serisi","7":"product_cat-rituel-kitleri","9":"first","10":"instock","11":"taxable","12":"shipping-taxable","13":"purchasable","14":"product-type-simple"},"yoast_head":"<!-- This site is optimized with the Yoast SEO plugin v27.5 - https:\/\/yoast.com\/product\/yoast-seo-wordpress\/ -->\n<title>MERK\u00dcR RETRO K\u0130T\u0130 - Astrolog Elvan<\/title>\n<meta name=\"robots\" content=\"index, follow, max-snippet:-1, max-image-preview:large, max-video-preview:-1\" \/>\n<link rel=\"canonical\" href=\"https:\/\/astrologelvan.com\/magaza\/urun\/merkur-retro-kiti\/\" \/>\n<meta property=\"og:locale\" content=\"tr_TR\" \/>\n<meta property=\"og:type\" content=\"article\" \/>\n<meta property=\"og:title\" content=\"MERK\u00dcR RETRO K\u0130T\u0130 - Astrolog Elvan\" \/>\n<meta property=\"og:description\" content=\"Merk\u00fcr retrosu geldi \u00e7att\u0131! Tabi ki de bu d\u00f6nemde sizi yaln\u0131z b\u0131rakacak de\u011filim! Retroda gelen retroda gidecek, belki a\u011flayacak bir omuz, belki de rahat uyumak i\u00e7in biraz huzur isteyeceksiniz. Merk\u00fcr retrosunda ihtiyac\u0131n\u0131z olan her \u015fey bu kitin i\u00e7inde\u2026  Merk\u00fcr retrosunun negatif etkilerini hafifletin ve enerjinizi y\u00fckseltin!  &nbsp;  A\u015fa\u011f\u0131da a\u00e7\u0131klama k\u0131sm\u0131n\u0131 okuyunuz.  &nbsp;  &nbsp;\" \/>\n<meta property=\"og:url\" content=\"https:\/\/astrologelvan.com\/magaza\/urun\/merkur-retro-kiti\/\" \/>\n<meta property=\"og:site_name\" content=\"Astrolog Elvan\" \/>\n<meta property=\"article:modified_time\" content=\"2025-10-06T05:14:46+00:00\" \/>\n<meta property=\"og:image\" content=\"https:\/\/astrologelvan.com\/magaza\/wp-content\/uploads\/2024\/02\/Merkur-Retrosu-Kiti-Astrolog-Elvan.jpg\" \/>\n\t<meta property=\"og:image:width\" content=\"1080\" \/>\n\t<meta property=\"og:image:height\" content=\"1080\" \/>\n\t<meta property=\"og:image:type\" content=\"image\/jpeg\" \/>\n<meta name=\"twitter:card\" content=\"summary_large_image\" \/>\n<meta name=\"twitter:label1\" content=\"Tahmini okuma s\u00fcresi\" \/>\n\t<meta name=\"twitter:data1\" content=\"2 dakika\" \/>\n<script type=\"application\/ld+json\" class=\"yoast-schema-graph\">{\"@context\":\"https:\\\/\\\/schema.org\",\"@graph\":[{\"@type\":[\"WebPage\",\"ItemPage\"],\"@id\":\"https:\\\/\\\/astrologelvan.com\\\/magaza\\\/urun\\\/merkur-retro-kiti\\\/\",\"url\":\"https:\\\/\\\/astrologelvan.com\\\/magaza\\\/urun\\\/merkur-retro-kiti\\\/\",\"name\":\"MERK\u00dcR RETRO K\u0130T\u0130 - Astrolog Elvan\",\"isPartOf\":{\"@id\":\"https:\\\/\\\/astrologelvan.com\\\/magaza\\\/#website\"},\"primaryImageOfPage\":{\"@id\":\"https:\\\/\\\/astrologelvan.com\\\/magaza\\\/urun\\\/merkur-retro-kiti\\\/#primaryimage\"},\"image\":{\"@id\":\"https:\\\/\\\/astrologelvan.com\\\/magaza\\\/urun\\\/merkur-retro-kiti\\\/#primaryimage\"},\"thumbnailUrl\":\"https:\\\/\\\/astrologelvan.com\\\/magaza\\\/wp-content\\\/uploads\\\/2024\\\/02\\\/Merkur-Retrosu-Kiti-Astrolog-Elvan.jpg\",\"datePublished\":\"2024-02-27T23:05:03+00:00\",\"dateModified\":\"2025-10-06T05:14:46+00:00\",\"breadcrumb\":{\"@id\":\"https:\\\/\\\/astrologelvan.com\\\/magaza\\\/urun\\\/merkur-retro-kiti\\\/#breadcrumb\"},\"inLanguage\":\"tr\",\"potentialAction\":[{\"@type\":\"ReadAction\",\"target\":[\"https:\\\/\\\/astrologelvan.com\\\/magaza\\\/urun\\\/merkur-retro-kiti\\\/\"]}]},{\"@type\":\"ImageObject\",\"inLanguage\":\"tr\",\"@id\":\"https:\\\/\\\/astrologelvan.com\\\/magaza\\\/urun\\\/merkur-retro-kiti\\\/#primaryimage\",\"url\":\"https:\\\/\\\/astrologelvan.com\\\/magaza\\\/wp-content\\\/uploads\\\/2024\\\/02\\\/Merkur-Retrosu-Kiti-Astrolog-Elvan.jpg\",\"contentUrl\":\"https:\\\/\\\/astrologelvan.com\\\/magaza\\\/wp-content\\\/uploads\\\/2024\\\/02\\\/Merkur-Retrosu-Kiti-Astrolog-Elvan.jpg\",\"width\":1080,\"height\":1080},{\"@type\":\"BreadcrumbList\",\"@id\":\"https:\\\/\\\/astrologelvan.com\\\/magaza\\\/urun\\\/merkur-retro-kiti\\\/#breadcrumb\",\"itemListElement\":[{\"@type\":\"ListItem\",\"position\":1,\"name\":\"Anasayfa\",\"item\":\"https:\\\/\\\/astrologelvan.com\\\/magaza\\\/\"},{\"@type\":\"ListItem\",\"position\":2,\"name\":\"Ma\u011faza\",\"item\":\"https:\\\/\\\/astrologelvan.com\\\/magaza\\\/magaza\\\/\"},{\"@type\":\"ListItem\",\"position\":3,\"name\":\"MERK\u00dcR RETRO K\u0130T\u0130\"}]},{\"@type\":\"WebSite\",\"@id\":\"https:\\\/\\\/astrologelvan.com\\\/magaza\\\/#website\",\"url\":\"https:\\\/\\\/astrologelvan.com\\\/magaza\\\/\",\"name\":\"Astrolog Elvan\",\"description\":\"\",\"potentialAction\":[{\"@type\":\"SearchAction\",\"target\":{\"@type\":\"EntryPoint\",\"urlTemplate\":\"https:\\\/\\\/astrologelvan.com\\\/magaza\\\/?s={search_term_string}\"},\"query-input\":{\"@type\":\"PropertyValueSpecification\",\"valueRequired\":true,\"valueName\":\"search_term_string\"}}],\"inLanguage\":\"tr\"}]}<\/script>\n<!-- \/ Yoast SEO plugin. -->","yoast_head_json":{"title":"MERK\u00dcR RETRO K\u0130T\u0130 - Astrolog Elvan","robots":{"index":"index","follow":"follow","max-snippet":"max-snippet:-1","max-image-preview":"max-image-preview:large","max-video-preview":"max-video-preview:-1"},"canonical":"https:\/\/astrologelvan.com\/magaza\/urun\/merkur-retro-kiti\/","og_locale":"tr_TR","og_type":"article","og_title":"MERK\u00dcR RETRO K\u0130T\u0130 - Astrolog Elvan","og_description":"Merk\u00fcr retrosu geldi \u00e7att\u0131! Tabi ki de bu d\u00f6nemde sizi yaln\u0131z b\u0131rakacak de\u011filim! Retroda gelen retroda gidecek, belki a\u011flayacak bir omuz, belki de rahat uyumak i\u00e7in biraz huzur isteyeceksiniz. Merk\u00fcr retrosunda ihtiyac\u0131n\u0131z olan her \u015fey bu kitin i\u00e7inde\u2026  Merk\u00fcr retrosunun negatif etkilerini hafifletin ve enerjinizi y\u00fckseltin!  &nbsp;  A\u015fa\u011f\u0131da a\u00e7\u0131klama k\u0131sm\u0131n\u0131 okuyunuz.  &nbsp;  &nbsp;","og_url":"https:\/\/astrologelvan.com\/magaza\/urun\/merkur-retro-kiti\/","og_site_name":"Astrolog Elvan","article_modified_time":"2025-10-06T05:14:46+00:00","og_image":[{"width":1080,"height":1080,"url":"https:\/\/astrologelvan.com\/magaza\/wp-content\/uploads\/2024\/02\/Merkur-Retrosu-Kiti-Astrolog-Elvan.jpg","type":"image\/jpeg"}],"twitter_card":"summary_large_image","twitter_misc":{"Tahmini okuma s\u00fcresi":"2 dakika"},"schema":{"@context":"https:\/\/schema.org","@graph":[{"@type":["WebPage","ItemPage"],"@id":"https:\/\/astrologelvan.com\/magaza\/urun\/merkur-retro-kiti\/","url":"https:\/\/astrologelvan.com\/magaza\/urun\/merkur-retro-kiti\/","name":"MERK\u00dcR RETRO K\u0130T\u0130 - Astrolog Elvan","isPartOf":{"@id":"https:\/\/astrologelvan.com\/magaza\/#website"},"primaryImageOfPage":{"@id":"https:\/\/astrologelvan.com\/magaza\/urun\/merkur-retro-kiti\/#primaryimage"},"image":{"@id":"https:\/\/astrologelvan.com\/magaza\/urun\/merkur-retro-kiti\/#primaryimage"},"thumbnailUrl":"https:\/\/astrologelvan.com\/magaza\/wp-content\/uploads\/2024\/02\/Merkur-Retrosu-Kiti-Astrolog-Elvan.jpg","datePublished":"2024-02-27T23:05:03+00:00","dateModified":"2025-10-06T05:14:46+00:00","breadcrumb":{"@id":"https:\/\/astrologelvan.com\/magaza\/urun\/merkur-retro-kiti\/#breadcrumb"},"inLanguage":"tr","potentialAction":[{"@type":"ReadAction","target":["https:\/\/astrologelvan.com\/magaza\/urun\/merkur-retro-kiti\/"]}]},{"@type":"ImageObject","inLanguage":"tr","@id":"https:\/\/astrologelvan.com\/magaza\/urun\/merkur-retro-kiti\/#primaryimage","url":"https:\/\/astrologelvan.com\/magaza\/wp-content\/uploads\/2024\/02\/Merkur-Retrosu-Kiti-Astrolog-Elvan.jpg","contentUrl":"https:\/\/astrologelvan.com\/magaza\/wp-content\/uploads\/2024\/02\/Merkur-Retrosu-Kiti-Astrolog-Elvan.jpg","width":1080,"height":1080},{"@type":"BreadcrumbList","@id":"https:\/\/astrologelvan.com\/magaza\/urun\/merkur-retro-kiti\/#breadcrumb","itemListElement":[{"@type":"ListItem","position":1,"name":"Anasayfa","item":"https:\/\/astrologelvan.com\/magaza\/"},{"@type":"ListItem","position":2,"name":"Ma\u011faza","item":"https:\/\/astrologelvan.com\/magaza\/magaza\/"},{"@type":"ListItem","position":3,"name":"MERK\u00dcR RETRO K\u0130T\u0130"}]},{"@type":"WebSite","@id":"https:\/\/astrologelvan.com\/magaza\/#website","url":"https:\/\/astrologelvan.com\/magaza\/","name":"Astrolog Elvan","description":"","potentialAction":[{"@type":"SearchAction","target":{"@type":"EntryPoint","urlTemplate":"https:\/\/astrologelvan.com\/magaza\/?s={search_term_string}"},"query-input":{"@type":"PropertyValueSpecification","valueRequired":true,"valueName":"search_term_string"}}],"inLanguage":"tr"}]}},"_links":{"self":[{"href":"https:\/\/astrologelvan.com\/magaza\/wp-json\/wp\/v2\/product\/130","targetHints":{"allow":["GET"]}}],"collection":[{"href":"https:\/\/astrologelvan.com\/magaza\/wp-json\/wp\/v2\/product"}],"about":[{"href":"https:\/\/astrologelvan.com\/magaza\/wp-json\/wp\/v2\/types\/product"}],"replies":[{"embeddable":true,"href":"https:\/\/astrologelvan.com\/magaza\/wp-json\/wp\/v2\/comments?post=130"}],"wp:featuredmedia":[{"embeddable":true,"href":"https:\/\/astrologelvan.com\/magaza\/wp-json\/wp\/v2\/media\/182"}],"wp:attachment":[{"href":"https:\/\/astrologelvan.com\/magaza\/wp-json\/wp\/v2\/media?parent=130"}],"wp:term":[{"taxonomy":"product_brand","embeddable":true,"href":"https:\/\/astrologelvan.com\/magaza\/wp-json\/wp\/v2\/product_brand?post=130"},{"taxonomy":"product_cat","embeddable":true,"href":"https:\/\/astrologelvan.com\/magaza\/wp-json\/wp\/v2\/product_cat?post=130"},{"taxonomy":"product_tag","embeddable":true,"href":"https:\/\/astrologelvan.com\/magaza\/wp-json\/wp\/v2\/product_tag?post=130"}],"curies":[{"name":"wp","href":"https:\/\/api.w.org\/{rel}","templated":true}]}}