{"id":128843,"date":"2025-11-28T12:04:35","date_gmt":"2025-11-28T09:04:35","guid":{"rendered":"https:\/\/astrologelvan.com\/magaza\/?post_type=product&#038;p=128843"},"modified":"2026-03-22T17:55:07","modified_gmt":"2026-03-22T14:55:07","slug":"2026-sans-kolye-ucu","status":"publish","type":"product","link":"https:\/\/astrologelvan.com\/magaza\/urun\/2026-sans-kolye-ucu\/","title":{"rendered":"2026 \u015eans Kolye Ucu"},"content":{"rendered":"","protected":false},"excerpt":{"rendered":"<p>2026\u2019da hangi do\u011fal ta\u015f\u0131n sana iyi gelece\u011fi sorusuna bu kolye u\u00e7lar\u0131 cevap veriyor.<\/p>\n<p>Verdi\u011fin her sipari\u015fte Astrolog Elvan, Theta frekans\u0131nda senin i\u00e7in \u015fansl\u0131 kolye ucunu ve do\u011fal ta\u015f\u0131n\u0131 se\u00e7ecek. Belki bir labradorit, belki bir pembe kuvars, belki bir akik ya da belki bir rutil kuvars\u2026<\/p>\n<p>Bu sipari\u015fle senin olabilir.<br \/>\nHemen \u015fans\u0131n\u0131 dene ve kolye u\u00e7lar\u0131m\u0131za sahip ol!<\/p>\n<p><strong>\u00dcr\u00fcnler 925 ayar g\u00fcm\u00fc\u015f olup, yaln\u0131zca kolye ucu olarak g\u00f6nderilmektedir.<\/strong><\/p>\n","protected":false},"featured_media":128844,"comment_status":"open","ping_status":"closed","template":"","meta":[],"product_brand":[],"product_cat":[522],"product_tag":[],"class_list":{"0":"post-128843","1":"product","2":"type-product","3":"status-publish","4":"has-post-thumbnail","6":"product_cat-kolye-ucu","8":"first","9":"outofstock","10":"sale","11":"purchasable","12":"product-type-simple"},"yoast_head":"<!-- This site is optimized with the Yoast SEO plugin v27.3 - https:\/\/yoast.com\/product\/yoast-seo-wordpress\/ -->\n<title>2026 \u015eans Kolye Ucu - Astrolog Elvan<\/title>\n<meta name=\"robots\" content=\"index, follow, max-snippet:-1, max-image-preview:large, max-video-preview:-1\" \/>\n<link rel=\"canonical\" href=\"https:\/\/astrologelvan.com\/magaza\/urun\/2026-sans-kolye-ucu\/\" \/>\n<meta property=\"og:locale\" content=\"tr_TR\" \/>\n<meta property=\"og:type\" content=\"article\" \/>\n<meta property=\"og:title\" content=\"2026 \u015eans Kolye Ucu - Astrolog Elvan\" \/>\n<meta property=\"og:description\" content=\"2026\u2019da hangi do\u011fal ta\u015f\u0131n sana iyi gelece\u011fi sorusuna bu kolye u\u00e7lar\u0131 cevap veriyor.  Verdi\u011fin her sipari\u015fte Astrolog Elvan, Theta frekans\u0131nda senin i\u00e7in \u015fansl\u0131 kolye ucunu ve do\u011fal ta\u015f\u0131n\u0131 se\u00e7ecek. Belki bir labradorit, belki bir pembe kuvars, belki bir akik ya da belki bir rutil kuvars\u2026  Bu sipari\u015fle senin olabilir. Hemen \u015fans\u0131n\u0131 dene ve kolye u\u00e7lar\u0131m\u0131za sahip ol!  \u00dcr\u00fcnler 925 ayar g\u00fcm\u00fc\u015f olup, yaln\u0131zca kolye ucu olarak g\u00f6nderilmektedir.\" \/>\n<meta property=\"og:url\" content=\"https:\/\/astrologelvan.com\/magaza\/urun\/2026-sans-kolye-ucu\/\" \/>\n<meta property=\"og:site_name\" content=\"Astrolog Elvan\" \/>\n<meta property=\"article:modified_time\" content=\"2026-03-22T14:55:07+00:00\" \/>\n<meta property=\"og:image\" content=\"https:\/\/astrologelvan.com\/magaza\/wp-content\/uploads\/2025\/11\/2026Sansucukolye.webp\" \/>\n\t<meta property=\"og:image:width\" content=\"1200\" \/>\n\t<meta property=\"og:image:height\" content=\"1600\" \/>\n\t<meta property=\"og:image:type\" content=\"image\/webp\" \/>\n<meta name=\"twitter:card\" content=\"summary_large_image\" \/>\n<meta name=\"twitter:label1\" content=\"Tahmini okuma s\u00fcresi\" \/>\n\t<meta name=\"twitter:data1\" content=\"1 dakika\" \/>\n<script type=\"application\/ld+json\" class=\"yoast-schema-graph\">{\"@context\":\"https:\\\/\\\/schema.org\",\"@graph\":[{\"@type\":[\"WebPage\",\"ItemPage\"],\"@id\":\"https:\\\/\\\/astrologelvan.com\\\/magaza\\\/urun\\\/2026-sans-kolye-ucu\\\/\",\"url\":\"https:\\\/\\\/astrologelvan.com\\\/magaza\\\/urun\\\/2026-sans-kolye-ucu\\\/\",\"name\":\"2026 \u015eans Kolye Ucu - Astrolog Elvan\",\"isPartOf\":{\"@id\":\"https:\\\/\\\/astrologelvan.com\\\/magaza\\\/#website\"},\"primaryImageOfPage\":{\"@id\":\"https:\\\/\\\/astrologelvan.com\\\/magaza\\\/urun\\\/2026-sans-kolye-ucu\\\/#primaryimage\"},\"image\":{\"@id\":\"https:\\\/\\\/astrologelvan.com\\\/magaza\\\/urun\\\/2026-sans-kolye-ucu\\\/#primaryimage\"},\"thumbnailUrl\":\"https:\\\/\\\/astrologelvan.com\\\/magaza\\\/wp-content\\\/uploads\\\/2025\\\/11\\\/2026Sansucukolye.webp\",\"datePublished\":\"2025-11-28T09:04:35+00:00\",\"dateModified\":\"2026-03-22T14:55:07+00:00\",\"breadcrumb\":{\"@id\":\"https:\\\/\\\/astrologelvan.com\\\/magaza\\\/urun\\\/2026-sans-kolye-ucu\\\/#breadcrumb\"},\"inLanguage\":\"tr\",\"potentialAction\":[{\"@type\":\"ReadAction\",\"target\":[\"https:\\\/\\\/astrologelvan.com\\\/magaza\\\/urun\\\/2026-sans-kolye-ucu\\\/\"]}]},{\"@type\":\"ImageObject\",\"inLanguage\":\"tr\",\"@id\":\"https:\\\/\\\/astrologelvan.com\\\/magaza\\\/urun\\\/2026-sans-kolye-ucu\\\/#primaryimage\",\"url\":\"https:\\\/\\\/astrologelvan.com\\\/magaza\\\/wp-content\\\/uploads\\\/2025\\\/11\\\/2026Sansucukolye.webp\",\"contentUrl\":\"https:\\\/\\\/astrologelvan.com\\\/magaza\\\/wp-content\\\/uploads\\\/2025\\\/11\\\/2026Sansucukolye.webp\",\"width\":1200,\"height\":1600},{\"@type\":\"BreadcrumbList\",\"@id\":\"https:\\\/\\\/astrologelvan.com\\\/magaza\\\/urun\\\/2026-sans-kolye-ucu\\\/#breadcrumb\",\"itemListElement\":[{\"@type\":\"ListItem\",\"position\":1,\"name\":\"Anasayfa\",\"item\":\"https:\\\/\\\/astrologelvan.com\\\/magaza\\\/\"},{\"@type\":\"ListItem\",\"position\":2,\"name\":\"Ma\u011faza\",\"item\":\"https:\\\/\\\/astrologelvan.com\\\/magaza\\\/magaza\\\/\"},{\"@type\":\"ListItem\",\"position\":3,\"name\":\"2026 \u015eans Kolye Ucu\"}]},{\"@type\":\"WebSite\",\"@id\":\"https:\\\/\\\/astrologelvan.com\\\/magaza\\\/#website\",\"url\":\"https:\\\/\\\/astrologelvan.com\\\/magaza\\\/\",\"name\":\"Astrolog Elvan\",\"description\":\"\",\"potentialAction\":[{\"@type\":\"SearchAction\",\"target\":{\"@type\":\"EntryPoint\",\"urlTemplate\":\"https:\\\/\\\/astrologelvan.com\\\/magaza\\\/?s={search_term_string}\"},\"query-input\":{\"@type\":\"PropertyValueSpecification\",\"valueRequired\":true,\"valueName\":\"search_term_string\"}}],\"inLanguage\":\"tr\"}]}<\/script>\n<!-- \/ Yoast SEO plugin. -->","yoast_head_json":{"title":"2026 \u015eans Kolye Ucu - Astrolog Elvan","robots":{"index":"index","follow":"follow","max-snippet":"max-snippet:-1","max-image-preview":"max-image-preview:large","max-video-preview":"max-video-preview:-1"},"canonical":"https:\/\/astrologelvan.com\/magaza\/urun\/2026-sans-kolye-ucu\/","og_locale":"tr_TR","og_type":"article","og_title":"2026 \u015eans Kolye Ucu - Astrolog Elvan","og_description":"2026\u2019da hangi do\u011fal ta\u015f\u0131n sana iyi gelece\u011fi sorusuna bu kolye u\u00e7lar\u0131 cevap veriyor.  Verdi\u011fin her sipari\u015fte Astrolog Elvan, Theta frekans\u0131nda senin i\u00e7in \u015fansl\u0131 kolye ucunu ve do\u011fal ta\u015f\u0131n\u0131 se\u00e7ecek. Belki bir labradorit, belki bir pembe kuvars, belki bir akik ya da belki bir rutil kuvars\u2026  Bu sipari\u015fle senin olabilir. Hemen \u015fans\u0131n\u0131 dene ve kolye u\u00e7lar\u0131m\u0131za sahip ol!  \u00dcr\u00fcnler 925 ayar g\u00fcm\u00fc\u015f olup, yaln\u0131zca kolye ucu olarak g\u00f6nderilmektedir.","og_url":"https:\/\/astrologelvan.com\/magaza\/urun\/2026-sans-kolye-ucu\/","og_site_name":"Astrolog Elvan","article_modified_time":"2026-03-22T14:55:07+00:00","og_image":[{"width":1200,"height":1600,"url":"https:\/\/astrologelvan.com\/magaza\/wp-content\/uploads\/2025\/11\/2026Sansucukolye.webp","type":"image\/webp"}],"twitter_card":"summary_large_image","twitter_misc":{"Tahmini okuma s\u00fcresi":"1 dakika"},"schema":{"@context":"https:\/\/schema.org","@graph":[{"@type":["WebPage","ItemPage"],"@id":"https:\/\/astrologelvan.com\/magaza\/urun\/2026-sans-kolye-ucu\/","url":"https:\/\/astrologelvan.com\/magaza\/urun\/2026-sans-kolye-ucu\/","name":"2026 \u015eans Kolye Ucu - Astrolog Elvan","isPartOf":{"@id":"https:\/\/astrologelvan.com\/magaza\/#website"},"primaryImageOfPage":{"@id":"https:\/\/astrologelvan.com\/magaza\/urun\/2026-sans-kolye-ucu\/#primaryimage"},"image":{"@id":"https:\/\/astrologelvan.com\/magaza\/urun\/2026-sans-kolye-ucu\/#primaryimage"},"thumbnailUrl":"https:\/\/astrologelvan.com\/magaza\/wp-content\/uploads\/2025\/11\/2026Sansucukolye.webp","datePublished":"2025-11-28T09:04:35+00:00","dateModified":"2026-03-22T14:55:07+00:00","breadcrumb":{"@id":"https:\/\/astrologelvan.com\/magaza\/urun\/2026-sans-kolye-ucu\/#breadcrumb"},"inLanguage":"tr","potentialAction":[{"@type":"ReadAction","target":["https:\/\/astrologelvan.com\/magaza\/urun\/2026-sans-kolye-ucu\/"]}]},{"@type":"ImageObject","inLanguage":"tr","@id":"https:\/\/astrologelvan.com\/magaza\/urun\/2026-sans-kolye-ucu\/#primaryimage","url":"https:\/\/astrologelvan.com\/magaza\/wp-content\/uploads\/2025\/11\/2026Sansucukolye.webp","contentUrl":"https:\/\/astrologelvan.com\/magaza\/wp-content\/uploads\/2025\/11\/2026Sansucukolye.webp","width":1200,"height":1600},{"@type":"BreadcrumbList","@id":"https:\/\/astrologelvan.com\/magaza\/urun\/2026-sans-kolye-ucu\/#breadcrumb","itemListElement":[{"@type":"ListItem","position":1,"name":"Anasayfa","item":"https:\/\/astrologelvan.com\/magaza\/"},{"@type":"ListItem","position":2,"name":"Ma\u011faza","item":"https:\/\/astrologelvan.com\/magaza\/magaza\/"},{"@type":"ListItem","position":3,"name":"2026 \u015eans Kolye Ucu"}]},{"@type":"WebSite","@id":"https:\/\/astrologelvan.com\/magaza\/#website","url":"https:\/\/astrologelvan.com\/magaza\/","name":"Astrolog Elvan","description":"","potentialAction":[{"@type":"SearchAction","target":{"@type":"EntryPoint","urlTemplate":"https:\/\/astrologelvan.com\/magaza\/?s={search_term_string}"},"query-input":{"@type":"PropertyValueSpecification","valueRequired":true,"valueName":"search_term_string"}}],"inLanguage":"tr"}]}},"_links":{"self":[{"href":"https:\/\/astrologelvan.com\/magaza\/wp-json\/wp\/v2\/product\/128843","targetHints":{"allow":["GET"]}}],"collection":[{"href":"https:\/\/astrologelvan.com\/magaza\/wp-json\/wp\/v2\/product"}],"about":[{"href":"https:\/\/astrologelvan.com\/magaza\/wp-json\/wp\/v2\/types\/product"}],"replies":[{"embeddable":true,"href":"https:\/\/astrologelvan.com\/magaza\/wp-json\/wp\/v2\/comments?post=128843"}],"wp:featuredmedia":[{"embeddable":true,"href":"https:\/\/astrologelvan.com\/magaza\/wp-json\/wp\/v2\/media\/128844"}],"wp:attachment":[{"href":"https:\/\/astrologelvan.com\/magaza\/wp-json\/wp\/v2\/media?parent=128843"}],"wp:term":[{"taxonomy":"product_brand","embeddable":true,"href":"https:\/\/astrologelvan.com\/magaza\/wp-json\/wp\/v2\/product_brand?post=128843"},{"taxonomy":"product_cat","embeddable":true,"href":"https:\/\/astrologelvan.com\/magaza\/wp-json\/wp\/v2\/product_cat?post=128843"},{"taxonomy":"product_tag","embeddable":true,"href":"https:\/\/astrologelvan.com\/magaza\/wp-json\/wp\/v2\/product_tag?post=128843"}],"curies":[{"name":"wp","href":"https:\/\/api.w.org\/{rel}","templated":true}]}}