{"id":1288,"date":"2024-02-28T03:31:54","date_gmt":"2024-02-28T00:31:54","guid":{"rendered":"https:\/\/astrologelvan.shop\/?post_type=product&#038;p=1288"},"modified":"2025-10-06T08:15:12","modified_gmt":"2025-10-06T05:15:12","slug":"labradorit-damla-form-altin-kaplama","status":"publish","type":"product","link":"https:\/\/astrologelvan.com\/magaza\/urun\/labradorit-damla-form-altin-kaplama\/","title":{"rendered":"LABRADOR\u0130T DAMLA FORM ALTIN KAPLAMA"},"content":{"rendered":"<p><strong>\u00dcr\u00fcn \u00d6zellikleri:<\/strong><\/p>\n<p>Kolye A\u011f\u0131l\u0131\u011f\u0131: 10,7 Gram<\/p>\n<p>Zincir Uzunlu\u011fu: 45+15 cm<\/p>\n<p>925 Ayar G\u00fcm\u00fc\u015f \u00dczeri Alt\u0131n Kaplama<\/p>\n","protected":false},"excerpt":{"rendered":"<p><b>D\u00d6N\u00dc\u015e\u00dcM TA\u015eI<\/b><\/p>\n<p>Labradorit ta\u015f\u0131, ismini Kuzey I\u015f\u0131klar\u0131n\u0131n F\u0131rt\u0131nalar\u0131ndan alm\u0131\u015ft\u0131r. \u015eifa sa\u011flad\u0131\u011f\u0131 i\u00e7in rahats\u0131zl\u0131klar\u0131 iyile\u015ftirmeye yard\u0131mc\u0131 olmas\u0131 amac\u0131yla kullan\u0131lmaktad\u0131r. Labradorit de\u011fi\u015fen renkleriyle de\u011ferli bir ta\u015f\u0131n irade g\u00fcc\u00fcn\u00fc, i\u00e7sel de\u011feri artt\u0131rmas\u0131 ve bo\u011faz \u00e7akras\u0131n\u0131 uyard\u0131\u011f\u0131 bilinmektedir. Bu ta\u015f\u0131n y\u00fczeyinde parlayan mavi, ye\u015fil ve sar\u0131 ge\u00e7i\u015fli renkler g\u00f6r\u00fcnmektedir bu renkler size bast\u0131\u011f\u0131n\u0131z zemini, g\u00f6ky\u00fcz\u00fcn\u00fc ve g\u00f6ky\u00fcz\u00fcndeki esintiyi \u00e7a\u011fr\u0131\u015ft\u0131rabilir.<\/p>\n","protected":false},"featured_media":1342,"comment_status":"open","ping_status":"closed","template":"","meta":[],"product_brand":[],"product_cat":[26],"product_tag":[],"class_list":{"0":"post-1288","1":"product","2":"type-product","3":"status-publish","4":"has-post-thumbnail","6":"product_cat-genel","8":"first","9":"outofstock","10":"taxable","11":"shipping-taxable","12":"purchasable","13":"product-type-simple"},"yoast_head":"<!-- This site is optimized with the Yoast SEO plugin v27.3 - https:\/\/yoast.com\/product\/yoast-seo-wordpress\/ -->\n<title>LABRADOR\u0130T DAMLA FORM ALTIN KAPLAMA - Astrolog Elvan<\/title>\n<meta name=\"robots\" content=\"index, follow, max-snippet:-1, max-image-preview:large, max-video-preview:-1\" \/>\n<link rel=\"canonical\" href=\"https:\/\/astrologelvan.com\/magaza\/urun\/labradorit-damla-form-altin-kaplama\/\" \/>\n<meta property=\"og:locale\" content=\"tr_TR\" \/>\n<meta property=\"og:type\" content=\"article\" \/>\n<meta property=\"og:title\" content=\"LABRADOR\u0130T DAMLA FORM ALTIN KAPLAMA - Astrolog Elvan\" \/>\n<meta property=\"og:description\" content=\"D\u00d6N\u00dc\u015e\u00dcM TA\u015eI  Labradorit ta\u015f\u0131, ismini Kuzey I\u015f\u0131klar\u0131n\u0131n F\u0131rt\u0131nalar\u0131ndan alm\u0131\u015ft\u0131r. \u015eifa sa\u011flad\u0131\u011f\u0131 i\u00e7in rahats\u0131zl\u0131klar\u0131 iyile\u015ftirmeye yard\u0131mc\u0131 olmas\u0131 amac\u0131yla kullan\u0131lmaktad\u0131r. Labradorit de\u011fi\u015fen renkleriyle de\u011ferli bir ta\u015f\u0131n irade g\u00fcc\u00fcn\u00fc, i\u00e7sel de\u011feri artt\u0131rmas\u0131 ve bo\u011faz \u00e7akras\u0131n\u0131 uyard\u0131\u011f\u0131 bilinmektedir. Bu ta\u015f\u0131n y\u00fczeyinde parlayan mavi, ye\u015fil ve sar\u0131 ge\u00e7i\u015fli renkler g\u00f6r\u00fcnmektedir bu renkler size bast\u0131\u011f\u0131n\u0131z zemini, g\u00f6ky\u00fcz\u00fcn\u00fc ve g\u00f6ky\u00fcz\u00fcndeki esintiyi \u00e7a\u011fr\u0131\u015ft\u0131rabilir.\" \/>\n<meta property=\"og:url\" content=\"https:\/\/astrologelvan.com\/magaza\/urun\/labradorit-damla-form-altin-kaplama\/\" \/>\n<meta property=\"og:site_name\" content=\"Astrolog Elvan\" \/>\n<meta property=\"article:modified_time\" content=\"2025-10-06T05:15:12+00:00\" \/>\n<meta property=\"og:image\" content=\"https:\/\/astrologelvan.com\/magaza\/wp-content\/uploads\/2024\/02\/1-4-scaled-1.jpg\" \/>\n\t<meta property=\"og:image:width\" content=\"2560\" \/>\n\t<meta property=\"og:image:height\" content=\"2560\" \/>\n\t<meta property=\"og:image:type\" content=\"image\/jpeg\" \/>\n<meta name=\"twitter:card\" content=\"summary_large_image\" \/>\n<meta name=\"twitter:label1\" content=\"Tahmini okuma s\u00fcresi\" \/>\n\t<meta name=\"twitter:data1\" content=\"1 dakika\" \/>\n<script type=\"application\/ld+json\" class=\"yoast-schema-graph\">{\"@context\":\"https:\\\/\\\/schema.org\",\"@graph\":[{\"@type\":[\"WebPage\",\"ItemPage\"],\"@id\":\"https:\\\/\\\/astrologelvan.com\\\/magaza\\\/urun\\\/labradorit-damla-form-altin-kaplama\\\/\",\"url\":\"https:\\\/\\\/astrologelvan.com\\\/magaza\\\/urun\\\/labradorit-damla-form-altin-kaplama\\\/\",\"name\":\"LABRADOR\u0130T DAMLA FORM ALTIN KAPLAMA - Astrolog Elvan\",\"isPartOf\":{\"@id\":\"https:\\\/\\\/astrologelvan.com\\\/magaza\\\/#website\"},\"primaryImageOfPage\":{\"@id\":\"https:\\\/\\\/astrologelvan.com\\\/magaza\\\/urun\\\/labradorit-damla-form-altin-kaplama\\\/#primaryimage\"},\"image\":{\"@id\":\"https:\\\/\\\/astrologelvan.com\\\/magaza\\\/urun\\\/labradorit-damla-form-altin-kaplama\\\/#primaryimage\"},\"thumbnailUrl\":\"https:\\\/\\\/astrologelvan.com\\\/magaza\\\/wp-content\\\/uploads\\\/2024\\\/02\\\/1-4-scaled-1.jpg\",\"datePublished\":\"2024-02-28T00:31:54+00:00\",\"dateModified\":\"2025-10-06T05:15:12+00:00\",\"breadcrumb\":{\"@id\":\"https:\\\/\\\/astrologelvan.com\\\/magaza\\\/urun\\\/labradorit-damla-form-altin-kaplama\\\/#breadcrumb\"},\"inLanguage\":\"tr\",\"potentialAction\":[{\"@type\":\"ReadAction\",\"target\":[\"https:\\\/\\\/astrologelvan.com\\\/magaza\\\/urun\\\/labradorit-damla-form-altin-kaplama\\\/\"]}]},{\"@type\":\"ImageObject\",\"inLanguage\":\"tr\",\"@id\":\"https:\\\/\\\/astrologelvan.com\\\/magaza\\\/urun\\\/labradorit-damla-form-altin-kaplama\\\/#primaryimage\",\"url\":\"https:\\\/\\\/astrologelvan.com\\\/magaza\\\/wp-content\\\/uploads\\\/2024\\\/02\\\/1-4-scaled-1.jpg\",\"contentUrl\":\"https:\\\/\\\/astrologelvan.com\\\/magaza\\\/wp-content\\\/uploads\\\/2024\\\/02\\\/1-4-scaled-1.jpg\",\"width\":2560,\"height\":2560},{\"@type\":\"BreadcrumbList\",\"@id\":\"https:\\\/\\\/astrologelvan.com\\\/magaza\\\/urun\\\/labradorit-damla-form-altin-kaplama\\\/#breadcrumb\",\"itemListElement\":[{\"@type\":\"ListItem\",\"position\":1,\"name\":\"Anasayfa\",\"item\":\"https:\\\/\\\/astrologelvan.com\\\/magaza\\\/\"},{\"@type\":\"ListItem\",\"position\":2,\"name\":\"Ma\u011faza\",\"item\":\"https:\\\/\\\/astrologelvan.com\\\/magaza\\\/magaza\\\/\"},{\"@type\":\"ListItem\",\"position\":3,\"name\":\"LABRADOR\u0130T DAMLA FORM ALTIN KAPLAMA\"}]},{\"@type\":\"WebSite\",\"@id\":\"https:\\\/\\\/astrologelvan.com\\\/magaza\\\/#website\",\"url\":\"https:\\\/\\\/astrologelvan.com\\\/magaza\\\/\",\"name\":\"Astrolog Elvan\",\"description\":\"\",\"potentialAction\":[{\"@type\":\"SearchAction\",\"target\":{\"@type\":\"EntryPoint\",\"urlTemplate\":\"https:\\\/\\\/astrologelvan.com\\\/magaza\\\/?s={search_term_string}\"},\"query-input\":{\"@type\":\"PropertyValueSpecification\",\"valueRequired\":true,\"valueName\":\"search_term_string\"}}],\"inLanguage\":\"tr\"}]}<\/script>\n<!-- \/ Yoast SEO plugin. -->","yoast_head_json":{"title":"LABRADOR\u0130T DAMLA FORM ALTIN KAPLAMA - Astrolog Elvan","robots":{"index":"index","follow":"follow","max-snippet":"max-snippet:-1","max-image-preview":"max-image-preview:large","max-video-preview":"max-video-preview:-1"},"canonical":"https:\/\/astrologelvan.com\/magaza\/urun\/labradorit-damla-form-altin-kaplama\/","og_locale":"tr_TR","og_type":"article","og_title":"LABRADOR\u0130T DAMLA FORM ALTIN KAPLAMA - Astrolog Elvan","og_description":"D\u00d6N\u00dc\u015e\u00dcM TA\u015eI  Labradorit ta\u015f\u0131, ismini Kuzey I\u015f\u0131klar\u0131n\u0131n F\u0131rt\u0131nalar\u0131ndan alm\u0131\u015ft\u0131r. \u015eifa sa\u011flad\u0131\u011f\u0131 i\u00e7in rahats\u0131zl\u0131klar\u0131 iyile\u015ftirmeye yard\u0131mc\u0131 olmas\u0131 amac\u0131yla kullan\u0131lmaktad\u0131r. Labradorit de\u011fi\u015fen renkleriyle de\u011ferli bir ta\u015f\u0131n irade g\u00fcc\u00fcn\u00fc, i\u00e7sel de\u011feri artt\u0131rmas\u0131 ve bo\u011faz \u00e7akras\u0131n\u0131 uyard\u0131\u011f\u0131 bilinmektedir. Bu ta\u015f\u0131n y\u00fczeyinde parlayan mavi, ye\u015fil ve sar\u0131 ge\u00e7i\u015fli renkler g\u00f6r\u00fcnmektedir bu renkler size bast\u0131\u011f\u0131n\u0131z zemini, g\u00f6ky\u00fcz\u00fcn\u00fc ve g\u00f6ky\u00fcz\u00fcndeki esintiyi \u00e7a\u011fr\u0131\u015ft\u0131rabilir.","og_url":"https:\/\/astrologelvan.com\/magaza\/urun\/labradorit-damla-form-altin-kaplama\/","og_site_name":"Astrolog Elvan","article_modified_time":"2025-10-06T05:15:12+00:00","og_image":[{"width":2560,"height":2560,"url":"https:\/\/astrologelvan.com\/magaza\/wp-content\/uploads\/2024\/02\/1-4-scaled-1.jpg","type":"image\/jpeg"}],"twitter_card":"summary_large_image","twitter_misc":{"Tahmini okuma s\u00fcresi":"1 dakika"},"schema":{"@context":"https:\/\/schema.org","@graph":[{"@type":["WebPage","ItemPage"],"@id":"https:\/\/astrologelvan.com\/magaza\/urun\/labradorit-damla-form-altin-kaplama\/","url":"https:\/\/astrologelvan.com\/magaza\/urun\/labradorit-damla-form-altin-kaplama\/","name":"LABRADOR\u0130T DAMLA FORM ALTIN KAPLAMA - Astrolog Elvan","isPartOf":{"@id":"https:\/\/astrologelvan.com\/magaza\/#website"},"primaryImageOfPage":{"@id":"https:\/\/astrologelvan.com\/magaza\/urun\/labradorit-damla-form-altin-kaplama\/#primaryimage"},"image":{"@id":"https:\/\/astrologelvan.com\/magaza\/urun\/labradorit-damla-form-altin-kaplama\/#primaryimage"},"thumbnailUrl":"https:\/\/astrologelvan.com\/magaza\/wp-content\/uploads\/2024\/02\/1-4-scaled-1.jpg","datePublished":"2024-02-28T00:31:54+00:00","dateModified":"2025-10-06T05:15:12+00:00","breadcrumb":{"@id":"https:\/\/astrologelvan.com\/magaza\/urun\/labradorit-damla-form-altin-kaplama\/#breadcrumb"},"inLanguage":"tr","potentialAction":[{"@type":"ReadAction","target":["https:\/\/astrologelvan.com\/magaza\/urun\/labradorit-damla-form-altin-kaplama\/"]}]},{"@type":"ImageObject","inLanguage":"tr","@id":"https:\/\/astrologelvan.com\/magaza\/urun\/labradorit-damla-form-altin-kaplama\/#primaryimage","url":"https:\/\/astrologelvan.com\/magaza\/wp-content\/uploads\/2024\/02\/1-4-scaled-1.jpg","contentUrl":"https:\/\/astrologelvan.com\/magaza\/wp-content\/uploads\/2024\/02\/1-4-scaled-1.jpg","width":2560,"height":2560},{"@type":"BreadcrumbList","@id":"https:\/\/astrologelvan.com\/magaza\/urun\/labradorit-damla-form-altin-kaplama\/#breadcrumb","itemListElement":[{"@type":"ListItem","position":1,"name":"Anasayfa","item":"https:\/\/astrologelvan.com\/magaza\/"},{"@type":"ListItem","position":2,"name":"Ma\u011faza","item":"https:\/\/astrologelvan.com\/magaza\/magaza\/"},{"@type":"ListItem","position":3,"name":"LABRADOR\u0130T DAMLA FORM ALTIN KAPLAMA"}]},{"@type":"WebSite","@id":"https:\/\/astrologelvan.com\/magaza\/#website","url":"https:\/\/astrologelvan.com\/magaza\/","name":"Astrolog Elvan","description":"","potentialAction":[{"@type":"SearchAction","target":{"@type":"EntryPoint","urlTemplate":"https:\/\/astrologelvan.com\/magaza\/?s={search_term_string}"},"query-input":{"@type":"PropertyValueSpecification","valueRequired":true,"valueName":"search_term_string"}}],"inLanguage":"tr"}]}},"_links":{"self":[{"href":"https:\/\/astrologelvan.com\/magaza\/wp-json\/wp\/v2\/product\/1288","targetHints":{"allow":["GET"]}}],"collection":[{"href":"https:\/\/astrologelvan.com\/magaza\/wp-json\/wp\/v2\/product"}],"about":[{"href":"https:\/\/astrologelvan.com\/magaza\/wp-json\/wp\/v2\/types\/product"}],"replies":[{"embeddable":true,"href":"https:\/\/astrologelvan.com\/magaza\/wp-json\/wp\/v2\/comments?post=1288"}],"wp:featuredmedia":[{"embeddable":true,"href":"https:\/\/astrologelvan.com\/magaza\/wp-json\/wp\/v2\/media\/1342"}],"wp:attachment":[{"href":"https:\/\/astrologelvan.com\/magaza\/wp-json\/wp\/v2\/media?parent=1288"}],"wp:term":[{"taxonomy":"product_brand","embeddable":true,"href":"https:\/\/astrologelvan.com\/magaza\/wp-json\/wp\/v2\/product_brand?post=1288"},{"taxonomy":"product_cat","embeddable":true,"href":"https:\/\/astrologelvan.com\/magaza\/wp-json\/wp\/v2\/product_cat?post=1288"},{"taxonomy":"product_tag","embeddable":true,"href":"https:\/\/astrologelvan.com\/magaza\/wp-json\/wp\/v2\/product_tag?post=1288"}],"curies":[{"name":"wp","href":"https:\/\/api.w.org\/{rel}","templated":true}]}}