{"id":1286,"date":"2024-02-28T03:31:24","date_gmt":"2024-02-28T00:31:24","guid":{"rendered":"https:\/\/astrologelvan.shop\/?post_type=product&#038;p=1286"},"modified":"2026-03-11T14:00:31","modified_gmt":"2026-03-11T11:00:31","slug":"925-ayar-gumus-baby-lapis-lazuli-kolye","status":"publish","type":"product","link":"https:\/\/astrologelvan.com\/magaza\/urun\/925-ayar-gumus-baby-lapis-lazuli-kolye\/","title":{"rendered":"BABY LAP\u0130S LAZUL\u0130 KOLYE | 925 AYAR G\u00dcM\u00dc\u015e"},"content":{"rendered":"<p><strong>\u00dcr\u00fcn \u00d6zellikleri:<\/strong><\/p>\n<p>Kolye A\u011f\u0131l\u0131\u011f\u0131: 5,4 Gram<\/p>\n<p>Zincir Uzunlu\u011fu: 45+15 cm<\/p>\n<p>925 Ayar G\u00fcm\u00fc\u015f \u00dczeri Alt\u0131n Kaplama<\/p>\n","protected":false},"excerpt":{"rendered":"<p>Lapis Lazuli ta\u015f\u0131, ruhsal koruma ve g\u00fc\u00e7 i\u00e7in kullan\u0131l\u0131r. \u00d6zellikle dolunaylarda ve negatif gezegen etkilerinin oldu\u011fu gergin g\u00fcnlerde auran\u0131z\u0131 koruyacakt\u0131r. Antik M\u0131s\u0131r\u2019da Firavunlar\u0131n ta\u015f\u0131d\u0131r ve M\u0131s\u0131r piramitlerinin i\u00e7inde duvarlar\u0131n Lapis Lazuli ta\u015f\u0131 ile kapland\u0131\u011f\u0131 belirtilir. 3. g\u00f6z\u00fc a\u00e7mak, sezgileri kuvvetlendirmek i\u00e7in de kullan\u0131l\u0131r.<\/p>\n","protected":false},"featured_media":10236,"comment_status":"open","ping_status":"closed","template":"","meta":[],"product_brand":[596],"product_cat":[165,8106],"product_tag":[],"class_list":{"0":"post-1286","1":"product","2":"type-product","3":"status-publish","4":"has-post-thumbnail","6":"product_brand-astrolog-elvan","7":"product_cat-lapis-lazuli","8":"product_cat--gumus-kolyeler","10":"first","11":"instock","12":"purchasable","13":"product-type-simple"},"yoast_head":"<!-- This site is optimized with the Yoast SEO plugin v27.3 - https:\/\/yoast.com\/product\/yoast-seo-wordpress\/ -->\n<title>BABY LAP\u0130S LAZUL\u0130 KOLYE | 925 AYAR G\u00dcM\u00dc\u015e - Astrolog Elvan<\/title>\n<meta name=\"robots\" content=\"index, follow, max-snippet:-1, max-image-preview:large, max-video-preview:-1\" \/>\n<link rel=\"canonical\" href=\"https:\/\/astrologelvan.com\/magaza\/urun\/925-ayar-gumus-baby-lapis-lazuli-kolye\/\" \/>\n<meta property=\"og:locale\" content=\"tr_TR\" \/>\n<meta property=\"og:type\" content=\"article\" \/>\n<meta property=\"og:title\" content=\"BABY LAP\u0130S LAZUL\u0130 KOLYE | 925 AYAR G\u00dcM\u00dc\u015e - Astrolog Elvan\" \/>\n<meta property=\"og:description\" content=\"Lapis Lazuli ta\u015f\u0131, ruhsal koruma ve g\u00fc\u00e7 i\u00e7in kullan\u0131l\u0131r. \u00d6zellikle dolunaylarda ve negatif gezegen etkilerinin oldu\u011fu gergin g\u00fcnlerde auran\u0131z\u0131 koruyacakt\u0131r. Antik M\u0131s\u0131r\u2019da Firavunlar\u0131n ta\u015f\u0131d\u0131r ve M\u0131s\u0131r piramitlerinin i\u00e7inde duvarlar\u0131n Lapis Lazuli ta\u015f\u0131 ile kapland\u0131\u011f\u0131 belirtilir. 3. g\u00f6z\u00fc a\u00e7mak, sezgileri kuvvetlendirmek i\u00e7in de kullan\u0131l\u0131r.\" \/>\n<meta property=\"og:url\" content=\"https:\/\/astrologelvan.com\/magaza\/urun\/925-ayar-gumus-baby-lapis-lazuli-kolye\/\" \/>\n<meta property=\"og:site_name\" content=\"Astrolog Elvan\" \/>\n<meta property=\"article:modified_time\" content=\"2026-03-11T11:00:31+00:00\" \/>\n<meta property=\"og:image\" content=\"https:\/\/astrologelvan.com\/magaza\/wp-content\/uploads\/2024\/02\/1-143-scaled.jpg\" \/>\n\t<meta property=\"og:image:width\" content=\"2560\" \/>\n\t<meta property=\"og:image:height\" content=\"2560\" \/>\n\t<meta property=\"og:image:type\" content=\"image\/jpeg\" \/>\n<meta name=\"twitter:card\" content=\"summary_large_image\" \/>\n<meta name=\"twitter:label1\" content=\"Tahmini okuma s\u00fcresi\" \/>\n\t<meta name=\"twitter:data1\" content=\"1 dakika\" \/>\n<script type=\"application\/ld+json\" class=\"yoast-schema-graph\">{\"@context\":\"https:\\\/\\\/schema.org\",\"@graph\":[{\"@type\":[\"WebPage\",\"ItemPage\"],\"@id\":\"https:\\\/\\\/astrologelvan.com\\\/magaza\\\/urun\\\/925-ayar-gumus-baby-lapis-lazuli-kolye\\\/\",\"url\":\"https:\\\/\\\/astrologelvan.com\\\/magaza\\\/urun\\\/925-ayar-gumus-baby-lapis-lazuli-kolye\\\/\",\"name\":\"BABY LAP\u0130S LAZUL\u0130 KOLYE | 925 AYAR G\u00dcM\u00dc\u015e - Astrolog Elvan\",\"isPartOf\":{\"@id\":\"https:\\\/\\\/astrologelvan.com\\\/magaza\\\/#website\"},\"primaryImageOfPage\":{\"@id\":\"https:\\\/\\\/astrologelvan.com\\\/magaza\\\/urun\\\/925-ayar-gumus-baby-lapis-lazuli-kolye\\\/#primaryimage\"},\"image\":{\"@id\":\"https:\\\/\\\/astrologelvan.com\\\/magaza\\\/urun\\\/925-ayar-gumus-baby-lapis-lazuli-kolye\\\/#primaryimage\"},\"thumbnailUrl\":\"https:\\\/\\\/astrologelvan.com\\\/magaza\\\/wp-content\\\/uploads\\\/2024\\\/02\\\/1-143-scaled.jpg\",\"datePublished\":\"2024-02-28T00:31:24+00:00\",\"dateModified\":\"2026-03-11T11:00:31+00:00\",\"breadcrumb\":{\"@id\":\"https:\\\/\\\/astrologelvan.com\\\/magaza\\\/urun\\\/925-ayar-gumus-baby-lapis-lazuli-kolye\\\/#breadcrumb\"},\"inLanguage\":\"tr\",\"potentialAction\":[{\"@type\":\"ReadAction\",\"target\":[\"https:\\\/\\\/astrologelvan.com\\\/magaza\\\/urun\\\/925-ayar-gumus-baby-lapis-lazuli-kolye\\\/\"]}]},{\"@type\":\"ImageObject\",\"inLanguage\":\"tr\",\"@id\":\"https:\\\/\\\/astrologelvan.com\\\/magaza\\\/urun\\\/925-ayar-gumus-baby-lapis-lazuli-kolye\\\/#primaryimage\",\"url\":\"https:\\\/\\\/astrologelvan.com\\\/magaza\\\/wp-content\\\/uploads\\\/2024\\\/02\\\/1-143-scaled.jpg\",\"contentUrl\":\"https:\\\/\\\/astrologelvan.com\\\/magaza\\\/wp-content\\\/uploads\\\/2024\\\/02\\\/1-143-scaled.jpg\",\"width\":2560,\"height\":2560},{\"@type\":\"BreadcrumbList\",\"@id\":\"https:\\\/\\\/astrologelvan.com\\\/magaza\\\/urun\\\/925-ayar-gumus-baby-lapis-lazuli-kolye\\\/#breadcrumb\",\"itemListElement\":[{\"@type\":\"ListItem\",\"position\":1,\"name\":\"Anasayfa\",\"item\":\"https:\\\/\\\/astrologelvan.com\\\/magaza\\\/\"},{\"@type\":\"ListItem\",\"position\":2,\"name\":\"Ma\u011faza\",\"item\":\"https:\\\/\\\/astrologelvan.com\\\/magaza\\\/magaza\\\/\"},{\"@type\":\"ListItem\",\"position\":3,\"name\":\"BABY LAP\u0130S LAZUL\u0130 KOLYE | 925 AYAR G\u00dcM\u00dc\u015e\"}]},{\"@type\":\"WebSite\",\"@id\":\"https:\\\/\\\/astrologelvan.com\\\/magaza\\\/#website\",\"url\":\"https:\\\/\\\/astrologelvan.com\\\/magaza\\\/\",\"name\":\"Astrolog Elvan\",\"description\":\"\",\"potentialAction\":[{\"@type\":\"SearchAction\",\"target\":{\"@type\":\"EntryPoint\",\"urlTemplate\":\"https:\\\/\\\/astrologelvan.com\\\/magaza\\\/?s={search_term_string}\"},\"query-input\":{\"@type\":\"PropertyValueSpecification\",\"valueRequired\":true,\"valueName\":\"search_term_string\"}}],\"inLanguage\":\"tr\"}]}<\/script>\n<!-- \/ Yoast SEO plugin. -->","yoast_head_json":{"title":"BABY LAP\u0130S LAZUL\u0130 KOLYE | 925 AYAR G\u00dcM\u00dc\u015e - Astrolog Elvan","robots":{"index":"index","follow":"follow","max-snippet":"max-snippet:-1","max-image-preview":"max-image-preview:large","max-video-preview":"max-video-preview:-1"},"canonical":"https:\/\/astrologelvan.com\/magaza\/urun\/925-ayar-gumus-baby-lapis-lazuli-kolye\/","og_locale":"tr_TR","og_type":"article","og_title":"BABY LAP\u0130S LAZUL\u0130 KOLYE | 925 AYAR G\u00dcM\u00dc\u015e - Astrolog Elvan","og_description":"Lapis Lazuli ta\u015f\u0131, ruhsal koruma ve g\u00fc\u00e7 i\u00e7in kullan\u0131l\u0131r. \u00d6zellikle dolunaylarda ve negatif gezegen etkilerinin oldu\u011fu gergin g\u00fcnlerde auran\u0131z\u0131 koruyacakt\u0131r. Antik M\u0131s\u0131r\u2019da Firavunlar\u0131n ta\u015f\u0131d\u0131r ve M\u0131s\u0131r piramitlerinin i\u00e7inde duvarlar\u0131n Lapis Lazuli ta\u015f\u0131 ile kapland\u0131\u011f\u0131 belirtilir. 3. g\u00f6z\u00fc a\u00e7mak, sezgileri kuvvetlendirmek i\u00e7in de kullan\u0131l\u0131r.","og_url":"https:\/\/astrologelvan.com\/magaza\/urun\/925-ayar-gumus-baby-lapis-lazuli-kolye\/","og_site_name":"Astrolog Elvan","article_modified_time":"2026-03-11T11:00:31+00:00","og_image":[{"width":2560,"height":2560,"url":"https:\/\/astrologelvan.com\/magaza\/wp-content\/uploads\/2024\/02\/1-143-scaled.jpg","type":"image\/jpeg"}],"twitter_card":"summary_large_image","twitter_misc":{"Tahmini okuma s\u00fcresi":"1 dakika"},"schema":{"@context":"https:\/\/schema.org","@graph":[{"@type":["WebPage","ItemPage"],"@id":"https:\/\/astrologelvan.com\/magaza\/urun\/925-ayar-gumus-baby-lapis-lazuli-kolye\/","url":"https:\/\/astrologelvan.com\/magaza\/urun\/925-ayar-gumus-baby-lapis-lazuli-kolye\/","name":"BABY LAP\u0130S LAZUL\u0130 KOLYE | 925 AYAR G\u00dcM\u00dc\u015e - Astrolog Elvan","isPartOf":{"@id":"https:\/\/astrologelvan.com\/magaza\/#website"},"primaryImageOfPage":{"@id":"https:\/\/astrologelvan.com\/magaza\/urun\/925-ayar-gumus-baby-lapis-lazuli-kolye\/#primaryimage"},"image":{"@id":"https:\/\/astrologelvan.com\/magaza\/urun\/925-ayar-gumus-baby-lapis-lazuli-kolye\/#primaryimage"},"thumbnailUrl":"https:\/\/astrologelvan.com\/magaza\/wp-content\/uploads\/2024\/02\/1-143-scaled.jpg","datePublished":"2024-02-28T00:31:24+00:00","dateModified":"2026-03-11T11:00:31+00:00","breadcrumb":{"@id":"https:\/\/astrologelvan.com\/magaza\/urun\/925-ayar-gumus-baby-lapis-lazuli-kolye\/#breadcrumb"},"inLanguage":"tr","potentialAction":[{"@type":"ReadAction","target":["https:\/\/astrologelvan.com\/magaza\/urun\/925-ayar-gumus-baby-lapis-lazuli-kolye\/"]}]},{"@type":"ImageObject","inLanguage":"tr","@id":"https:\/\/astrologelvan.com\/magaza\/urun\/925-ayar-gumus-baby-lapis-lazuli-kolye\/#primaryimage","url":"https:\/\/astrologelvan.com\/magaza\/wp-content\/uploads\/2024\/02\/1-143-scaled.jpg","contentUrl":"https:\/\/astrologelvan.com\/magaza\/wp-content\/uploads\/2024\/02\/1-143-scaled.jpg","width":2560,"height":2560},{"@type":"BreadcrumbList","@id":"https:\/\/astrologelvan.com\/magaza\/urun\/925-ayar-gumus-baby-lapis-lazuli-kolye\/#breadcrumb","itemListElement":[{"@type":"ListItem","position":1,"name":"Anasayfa","item":"https:\/\/astrologelvan.com\/magaza\/"},{"@type":"ListItem","position":2,"name":"Ma\u011faza","item":"https:\/\/astrologelvan.com\/magaza\/magaza\/"},{"@type":"ListItem","position":3,"name":"BABY LAP\u0130S LAZUL\u0130 KOLYE | 925 AYAR G\u00dcM\u00dc\u015e"}]},{"@type":"WebSite","@id":"https:\/\/astrologelvan.com\/magaza\/#website","url":"https:\/\/astrologelvan.com\/magaza\/","name":"Astrolog Elvan","description":"","potentialAction":[{"@type":"SearchAction","target":{"@type":"EntryPoint","urlTemplate":"https:\/\/astrologelvan.com\/magaza\/?s={search_term_string}"},"query-input":{"@type":"PropertyValueSpecification","valueRequired":true,"valueName":"search_term_string"}}],"inLanguage":"tr"}]}},"_links":{"self":[{"href":"https:\/\/astrologelvan.com\/magaza\/wp-json\/wp\/v2\/product\/1286","targetHints":{"allow":["GET"]}}],"collection":[{"href":"https:\/\/astrologelvan.com\/magaza\/wp-json\/wp\/v2\/product"}],"about":[{"href":"https:\/\/astrologelvan.com\/magaza\/wp-json\/wp\/v2\/types\/product"}],"replies":[{"embeddable":true,"href":"https:\/\/astrologelvan.com\/magaza\/wp-json\/wp\/v2\/comments?post=1286"}],"wp:featuredmedia":[{"embeddable":true,"href":"https:\/\/astrologelvan.com\/magaza\/wp-json\/wp\/v2\/media\/10236"}],"wp:attachment":[{"href":"https:\/\/astrologelvan.com\/magaza\/wp-json\/wp\/v2\/media?parent=1286"}],"wp:term":[{"taxonomy":"product_brand","embeddable":true,"href":"https:\/\/astrologelvan.com\/magaza\/wp-json\/wp\/v2\/product_brand?post=1286"},{"taxonomy":"product_cat","embeddable":true,"href":"https:\/\/astrologelvan.com\/magaza\/wp-json\/wp\/v2\/product_cat?post=1286"},{"taxonomy":"product_tag","embeddable":true,"href":"https:\/\/astrologelvan.com\/magaza\/wp-json\/wp\/v2\/product_tag?post=1286"}],"curies":[{"name":"wp","href":"https:\/\/api.w.org\/{rel}","templated":true}]}}